{"id":27155,"date":"2026-03-25T08:41:24","date_gmt":"2026-03-25T08:41:24","guid":{"rendered":"https:\/\/espanola.lt\/?post_type=product&#038;p=27155"},"modified":"2026-04-17T12:07:38","modified_gmt":"2026-04-17T12:07:38","slug":"claramar-skulkintas-tunas-saulegrazu-aliejuje-380g","status":"publish","type":"product","link":"https:\/\/espanola.lt\/en\/produktas\/claramar-skulkintas-tunas-saulegrazu-aliejuje-380g\/","title":{"rendered":"&#8220;Claramar&#8221; skulkintas tunas saul\u0117gr\u0105\u017e\u0173 aliejuje 3*80g."},"content":{"rendered":"<div class=\"flex flex-col text-sm pb-25\">\n<section class=\"text-token-text-primary w-full focus:outline-none [--shadow-height:45px] has-data-writing-block:pointer-events-none has-data-writing-block:-mt-(--shadow-height) has-data-writing-block:pt-(--shadow-height) [&amp;:has([data-writing-block])&gt;*]:pointer-events-auto scroll-mt-[calc(var(--header-height)+min(200px,max(70px,20svh)))]\" dir=\"auto\" data-turn-id=\"request-WEB:f378d992-837e-400b-8d91-26fc6b41b9c5-0\" data-testid=\"conversation-turn-2\" data-scroll-anchor=\"true\" data-turn=\"assistant\">\n<div class=\"text-base my-auto mx-auto pb-10 [--thread-content-margin:var(--thread-content-margin-xs,calc(var(--spacing)*4))] @w-sm\/main:[--thread-content-margin:var(--thread-content-margin-sm,calc(var(--spacing)*6))] @w-lg\/main:[--thread-content-margin:var(--thread-content-margin-lg,calc(var(--spacing)*16))] px-(--thread-content-margin)\">\n<div class=\"[--thread-content-max-width:40rem] @w-lg\/main:[--thread-content-max-width:48rem] mx-auto max-w-(--thread-content-max-width) flex-1 group\/turn-messages focus-visible:outline-hidden relative flex w-full min-w-0 flex-col agent-turn\">\n<div class=\"flex max-w-full flex-col gap-4 grow\">\n<div class=\"min-h-8 text-message relative flex w-full flex-col items-end gap-2 text-start break-words whitespace-normal outline-none keyboard-focused:focus-ring [.text-message+&amp;]:mt-1\" dir=\"auto\" tabindex=\"0\" data-message-author-role=\"assistant\" data-message-id=\"d72192d4-6b9a-4f09-b322-6f2692e022ce\" data-turn-start-message=\"true\" data-message-model-slug=\"gpt-5-3\">\n<div class=\"flex w-full flex-col gap-1 empty:hidden\">\n<div class=\"markdown prose dark:prose-invert w-full wrap-break-word light markdown-new-styling\">\n<p data-start=\"0\" data-end=\"134\"><strong data-start=\"0\" data-end=\"28\">Claramar tuno gabal\u0117liai<\/strong> \u2013 tai susmulkintos arba trupintos tuno nugarin\u0117s dalys, konservuotos <strong data-start=\"110\" data-end=\"133\" data-is-only-node=\"\">saul\u0117gr\u0105\u017e\u0173 aliejuje<\/strong>.<\/p>\n<p data-start=\"136\" data-end=\"331\" data-is-last-node=\"\" data-is-only-node=\"\"><strong data-start=\"136\" data-end=\"164\">Claramar tuno gabal\u0117liai<\/strong> yra labai universal\u016bs ir puikiai tinka \u012fvairiems patiekalams ruo\u0161ti. \ud83c\udf7d\ufe0f<br data-start=\"237\" data-end=\"240\" data-is-only-node=\"\" \/>Juos galima naudoti salotoms, sumu\u0161tiniams, makaronams, u\u017ekand\u017eiams ar kitiems patiekalams.<\/p>\n<\/div>\n<p data-start=\"136\" data-end=\"331\" data-is-last-node=\"\" data-is-only-node=\"\">\n<\/div>\n<\/div>\n<\/div>\n<div class=\"z-0 flex min-h-[46px] justify-start\"><\/div>\n<div class=\"mt-3 w-full empty:hidden\">\n<div class=\"text-center\">Sudedamosios dalys:\u00a0<strong>Tunas (\u017euvis) (65 %)<\/strong>, saul\u0117gr\u0105\u017e\u0173 aliejus ir druska. Maistin\u0117 vert\u0117: Vert\u0117s 100 g produkto Energin\u0117 vert\u0117 1268 kj (303 kcal) Riebalai 25g (i\u0161 kuri\u0173 so\u010di\u0173j\u0173 riebal\u0173 r\u016bg\u0161\u010di\u0173 2.5g), Angliavandeniai 0 g, Cukr\u016bs 0 g, Baltymai 19.2g, Druska 0,9g. Laikyti v\u0117sioje vietoje. Atidarius pakuot\u0119 laikyti \u0161aldytuve ir suvartoti per 48h. Partijos Nr.\/Geriausia suvartoti iki: \u017er. pakuot\u0119. Grynasis svoris 950g. Gamintojas CONSERVAS HERSAL S.L. Kilm\u0117s \u0161alis: Ispanija<\/div>\n<\/div>\n<\/div>\n<\/div>\n<\/section>\n<\/div>\n<div class=\"pointer-events-none h-px w-px absolute bottom-0\" aria-hidden=\"true\" data-edge=\"true\"><\/div>\n","protected":false},"excerpt":{"rendered":"<p>Claramar tuno gabal\u0117liai \u2013 tai susmulkintos arba trupintos tuno nugarin\u0117s dalys, konservuotos saul\u0117gr\u0105\u017e\u0173 aliejuje. Claramar tuno gabal\u0117liai yra labai universal\u016bs ir puikiai tinka \u012fvairiems patiekalams ruo\u0161ti. \ud83c\udf7d\ufe0fJuos galima naudoti salotoms, sumu\u0161tiniams, makaronams, u\u017ekand\u017eiams ar kitiems patiekalams. Sudedamosios dalys:\u00a0Tunas (\u017euvis) (65 %), saul\u0117gr\u0105\u017e\u0173 aliejus ir druska. Maistin\u0117 vert\u0117: Vert\u0117s 100 g produkto Energin\u0117 vert\u0117 1268 kj (303 kcal) Riebalai 25g (i\u0161 kuri\u0173 so\u010di\u0173j\u0173 riebal\u0173 r\u016bg\u0161\u010di\u0173 2.5g), Angliavandeniai 0 g, Cukr\u016bs 0 g, Baltymai 19.2g, Druska 0,9g. Laikyti v\u0117sioje vietoje. Atidarius pakuot\u0119 laikyti \u0161aldytuve ir suvartoti per 48h. Partijos Nr.\/Geriausia suvartoti iki: \u017er. pakuot\u0119. Grynasis svoris 950g. Gamintojas CONSERVAS HERSAL S.L. Kilm\u0117s \u0161alis: Ispanija<\/p>\n","protected":false},"featured_media":27156,"template":"","meta":[],"product_brand":[],"product_cat":[110,116,119,122,126],"product_tag":[],"class_list":{"0":"post-27155","1":"product","2":"type-product","3":"status-publish","4":"has-post-thumbnail","6":"product_cat-horeca-2","7":"product_cat-mazmenine-2","8":"product_cat-zuvis-horeca-2","9":"product_cat-zuvis-mazmenine-2","10":"product_cat-zuvis-2","12":"first","13":"instock","14":"shipping-taxable","15":"purchasable","16":"product-type-simple"},"yoast_head":"<!-- This site is optimized with the Yoast SEO plugin v23.7 - https:\/\/yoast.com\/wordpress\/plugins\/seo\/ -->\n<title>&quot;Claramar&quot; skulkintas tunas saul\u0117gr\u0105\u017e\u0173 aliejuje 3*80g. | Espanola.lt<\/title>\n<meta name=\"description\" content=\"Atraskite auk\u0161tos kokyb\u0117s ispani\u0161kus delikatesus \u2013 s\u016brius, kumpius, alyvuoges ir \u017euv\u012f. Tikras Ispanijos skonis tiesiai \u012f j\u016bs\u0173 namus.\" \/>\n<meta name=\"robots\" content=\"index, follow, max-snippet:-1, max-image-preview:large, max-video-preview:-1\" \/>\n<link rel=\"canonical\" href=\"https:\/\/espanola.lt\/produktas\/claramar-skulkintas-tunas-saulegrazu-aliejuje-380g\/\" \/>\n<meta property=\"og:locale\" content=\"en_US\" \/>\n<meta property=\"og:type\" content=\"article\" \/>\n<meta property=\"og:title\" content=\"&quot;Claramar&quot; skulkintas tunas saul\u0117gr\u0105\u017e\u0173 aliejuje 3*80g. | Espanola.lt\" \/>\n<meta property=\"og:description\" content=\"Atraskite auk\u0161tos kokyb\u0117s ispani\u0161kus delikatesus \u2013 s\u016brius, kumpius, alyvuoges ir \u017euv\u012f. Tikras Ispanijos skonis tiesiai \u012f j\u016bs\u0173 namus.\" \/>\n<meta property=\"og:url\" content=\"https:\/\/espanola.lt\/produktas\/claramar-skulkintas-tunas-saulegrazu-aliejuje-380g\/\" \/>\n<meta property=\"og:site_name\" content=\"Espanola\" \/>\n<meta property=\"article:publisher\" content=\"https:\/\/www.facebook.com\/espanola.lt\" \/>\n<meta property=\"article:modified_time\" content=\"2026-04-17T12:07:38+00:00\" \/>\n<meta property=\"og:image\" content=\"https:\/\/espanola.lt\/wp-content\/uploads\/2026\/03\/CLARAMAR-MIGAS-ATUN-AC-GIR-LATA-RO-80-PACK-3-1536x888-1.jpg\" \/>\n\t<meta property=\"og:image:width\" content=\"1536\" \/>\n\t<meta property=\"og:image:height\" content=\"888\" \/>\n\t<meta property=\"og:image:type\" content=\"image\/jpeg\" \/>\n<meta name=\"twitter:card\" content=\"summary_large_image\" \/>\n<meta name=\"twitter:label1\" content=\"Est. reading time\" \/>\n\t<meta name=\"twitter:data1\" content=\"1 minute\" \/>\n<script type=\"application\/ld+json\" class=\"yoast-schema-graph\">{\"@context\":\"https:\/\/schema.org\",\"@graph\":[{\"@type\":\"WebPage\",\"@id\":\"https:\/\/espanola.lt\/produktas\/claramar-skulkintas-tunas-saulegrazu-aliejuje-380g\/\",\"url\":\"https:\/\/espanola.lt\/produktas\/claramar-skulkintas-tunas-saulegrazu-aliejuje-380g\/\",\"name\":\"\\\"Claramar\\\" skulkintas tunas saul\u0117gr\u0105\u017e\u0173 aliejuje 3*80g. | Espanola.lt\",\"isPartOf\":{\"@id\":\"https:\/\/espanola.lt\/#website\"},\"primaryImageOfPage\":{\"@id\":\"https:\/\/espanola.lt\/produktas\/claramar-skulkintas-tunas-saulegrazu-aliejuje-380g\/#primaryimage\"},\"image\":{\"@id\":\"https:\/\/espanola.lt\/produktas\/claramar-skulkintas-tunas-saulegrazu-aliejuje-380g\/#primaryimage\"},\"thumbnailUrl\":\"https:\/\/espanola.lt\/wp-content\/uploads\/2026\/03\/CLARAMAR-MIGAS-ATUN-AC-GIR-LATA-RO-80-PACK-3-1536x888-1.jpg\",\"datePublished\":\"2026-03-25T08:41:24+00:00\",\"dateModified\":\"2026-04-17T12:07:38+00:00\",\"description\":\"Atraskite auk\u0161tos kokyb\u0117s ispani\u0161kus delikatesus \u2013 s\u016brius, kumpius, alyvuoges ir \u017euv\u012f. Tikras Ispanijos skonis tiesiai \u012f j\u016bs\u0173 namus.\",\"breadcrumb\":{\"@id\":\"https:\/\/espanola.lt\/produktas\/claramar-skulkintas-tunas-saulegrazu-aliejuje-380g\/#breadcrumb\"},\"inLanguage\":\"en-US\",\"potentialAction\":[{\"@type\":\"ReadAction\",\"target\":[\"https:\/\/espanola.lt\/produktas\/claramar-skulkintas-tunas-saulegrazu-aliejuje-380g\/\"]}]},{\"@type\":\"ImageObject\",\"inLanguage\":\"en-US\",\"@id\":\"https:\/\/espanola.lt\/produktas\/claramar-skulkintas-tunas-saulegrazu-aliejuje-380g\/#primaryimage\",\"url\":\"https:\/\/espanola.lt\/wp-content\/uploads\/2026\/03\/CLARAMAR-MIGAS-ATUN-AC-GIR-LATA-RO-80-PACK-3-1536x888-1.jpg\",\"contentUrl\":\"https:\/\/espanola.lt\/wp-content\/uploads\/2026\/03\/CLARAMAR-MIGAS-ATUN-AC-GIR-LATA-RO-80-PACK-3-1536x888-1.jpg\",\"width\":1536,\"height\":888},{\"@type\":\"BreadcrumbList\",\"@id\":\"https:\/\/espanola.lt\/produktas\/claramar-skulkintas-tunas-saulegrazu-aliejuje-380g\/#breadcrumb\",\"itemListElement\":[{\"@type\":\"ListItem\",\"position\":1,\"name\":\"Home\",\"item\":\"https:\/\/espanola.lt\/en\/homepage\/\"},{\"@type\":\"ListItem\",\"position\":2,\"name\":\"Shop\",\"item\":\"https:\/\/espanola.lt\/en\/shop\/\"},{\"@type\":\"ListItem\",\"position\":3,\"name\":\"&#8222;Claramar&#8221; skulkintas tunas saul\u0117gr\u0105\u017e\u0173 aliejuje 3*80g.\"}]},{\"@type\":\"WebSite\",\"@id\":\"https:\/\/espanola.lt\/#website\",\"url\":\"https:\/\/espanola.lt\/\",\"name\":\"Espanola.lt | Tikras Ispanijos skonis \u2013 J\u016bs\u0173 namuose!\",\"description\":\"\",\"publisher\":{\"@id\":\"https:\/\/espanola.lt\/#organization\"},\"potentialAction\":[{\"@type\":\"SearchAction\",\"target\":{\"@type\":\"EntryPoint\",\"urlTemplate\":\"https:\/\/espanola.lt\/?s={search_term_string}\"},\"query-input\":{\"@type\":\"PropertyValueSpecification\",\"valueRequired\":true,\"valueName\":\"search_term_string\"}}],\"inLanguage\":\"en-US\"},{\"@type\":\"Organization\",\"@id\":\"https:\/\/espanola.lt\/#organization\",\"name\":\"Espanola.lt\",\"url\":\"https:\/\/espanola.lt\/\",\"logo\":{\"@type\":\"ImageObject\",\"inLanguage\":\"en-US\",\"@id\":\"https:\/\/espanola.lt\/#\/schema\/logo\/image\/\",\"url\":\"https:\/\/espanola.lt\/wp-content\/uploads\/2023\/03\/notext_color.png\",\"contentUrl\":\"https:\/\/espanola.lt\/wp-content\/uploads\/2023\/03\/notext_color.png\",\"width\":916,\"height\":204,\"caption\":\"Espanola.lt\"},\"image\":{\"@id\":\"https:\/\/espanola.lt\/#\/schema\/logo\/image\/\"},\"sameAs\":[\"https:\/\/www.facebook.com\/espanola.lt\",\"https:\/\/www.instagram.com\/espanola.lt\/\"]}]}<\/script>\n<!-- \/ Yoast SEO plugin. -->","yoast_head_json":{"title":"\"Claramar\" skulkintas tunas saul\u0117gr\u0105\u017e\u0173 aliejuje 3*80g. | Espanola.lt","description":"Atraskite auk\u0161tos kokyb\u0117s ispani\u0161kus delikatesus \u2013 s\u016brius, kumpius, alyvuoges ir \u017euv\u012f. Tikras Ispanijos skonis tiesiai \u012f j\u016bs\u0173 namus.","robots":{"index":"index","follow":"follow","max-snippet":"max-snippet:-1","max-image-preview":"max-image-preview:large","max-video-preview":"max-video-preview:-1"},"canonical":"https:\/\/espanola.lt\/produktas\/claramar-skulkintas-tunas-saulegrazu-aliejuje-380g\/","og_locale":"en_US","og_type":"article","og_title":"\"Claramar\" skulkintas tunas saul\u0117gr\u0105\u017e\u0173 aliejuje 3*80g. | Espanola.lt","og_description":"Atraskite auk\u0161tos kokyb\u0117s ispani\u0161kus delikatesus \u2013 s\u016brius, kumpius, alyvuoges ir \u017euv\u012f. Tikras Ispanijos skonis tiesiai \u012f j\u016bs\u0173 namus.","og_url":"https:\/\/espanola.lt\/produktas\/claramar-skulkintas-tunas-saulegrazu-aliejuje-380g\/","og_site_name":"Espanola","article_publisher":"https:\/\/www.facebook.com\/espanola.lt","article_modified_time":"2026-04-17T12:07:38+00:00","og_image":[{"width":1536,"height":888,"url":"https:\/\/espanola.lt\/wp-content\/uploads\/2026\/03\/CLARAMAR-MIGAS-ATUN-AC-GIR-LATA-RO-80-PACK-3-1536x888-1.jpg","type":"image\/jpeg"}],"twitter_card":"summary_large_image","twitter_misc":{"Est. reading time":"1 minute"},"schema":{"@context":"https:\/\/schema.org","@graph":[{"@type":"WebPage","@id":"https:\/\/espanola.lt\/produktas\/claramar-skulkintas-tunas-saulegrazu-aliejuje-380g\/","url":"https:\/\/espanola.lt\/produktas\/claramar-skulkintas-tunas-saulegrazu-aliejuje-380g\/","name":"\"Claramar\" skulkintas tunas saul\u0117gr\u0105\u017e\u0173 aliejuje 3*80g. | Espanola.lt","isPartOf":{"@id":"https:\/\/espanola.lt\/#website"},"primaryImageOfPage":{"@id":"https:\/\/espanola.lt\/produktas\/claramar-skulkintas-tunas-saulegrazu-aliejuje-380g\/#primaryimage"},"image":{"@id":"https:\/\/espanola.lt\/produktas\/claramar-skulkintas-tunas-saulegrazu-aliejuje-380g\/#primaryimage"},"thumbnailUrl":"https:\/\/espanola.lt\/wp-content\/uploads\/2026\/03\/CLARAMAR-MIGAS-ATUN-AC-GIR-LATA-RO-80-PACK-3-1536x888-1.jpg","datePublished":"2026-03-25T08:41:24+00:00","dateModified":"2026-04-17T12:07:38+00:00","description":"Atraskite auk\u0161tos kokyb\u0117s ispani\u0161kus delikatesus \u2013 s\u016brius, kumpius, alyvuoges ir \u017euv\u012f. Tikras Ispanijos skonis tiesiai \u012f j\u016bs\u0173 namus.","breadcrumb":{"@id":"https:\/\/espanola.lt\/produktas\/claramar-skulkintas-tunas-saulegrazu-aliejuje-380g\/#breadcrumb"},"inLanguage":"en-US","potentialAction":[{"@type":"ReadAction","target":["https:\/\/espanola.lt\/produktas\/claramar-skulkintas-tunas-saulegrazu-aliejuje-380g\/"]}]},{"@type":"ImageObject","inLanguage":"en-US","@id":"https:\/\/espanola.lt\/produktas\/claramar-skulkintas-tunas-saulegrazu-aliejuje-380g\/#primaryimage","url":"https:\/\/espanola.lt\/wp-content\/uploads\/2026\/03\/CLARAMAR-MIGAS-ATUN-AC-GIR-LATA-RO-80-PACK-3-1536x888-1.jpg","contentUrl":"https:\/\/espanola.lt\/wp-content\/uploads\/2026\/03\/CLARAMAR-MIGAS-ATUN-AC-GIR-LATA-RO-80-PACK-3-1536x888-1.jpg","width":1536,"height":888},{"@type":"BreadcrumbList","@id":"https:\/\/espanola.lt\/produktas\/claramar-skulkintas-tunas-saulegrazu-aliejuje-380g\/#breadcrumb","itemListElement":[{"@type":"ListItem","position":1,"name":"Home","item":"https:\/\/espanola.lt\/en\/homepage\/"},{"@type":"ListItem","position":2,"name":"Shop","item":"https:\/\/espanola.lt\/en\/shop\/"},{"@type":"ListItem","position":3,"name":"&#8222;Claramar&#8221; skulkintas tunas saul\u0117gr\u0105\u017e\u0173 aliejuje 3*80g."}]},{"@type":"WebSite","@id":"https:\/\/espanola.lt\/#website","url":"https:\/\/espanola.lt\/","name":"Espanola.lt | Tikras Ispanijos skonis \u2013 J\u016bs\u0173 namuose!","description":"","publisher":{"@id":"https:\/\/espanola.lt\/#organization"},"potentialAction":[{"@type":"SearchAction","target":{"@type":"EntryPoint","urlTemplate":"https:\/\/espanola.lt\/?s={search_term_string}"},"query-input":{"@type":"PropertyValueSpecification","valueRequired":true,"valueName":"search_term_string"}}],"inLanguage":"en-US"},{"@type":"Organization","@id":"https:\/\/espanola.lt\/#organization","name":"Espanola.lt","url":"https:\/\/espanola.lt\/","logo":{"@type":"ImageObject","inLanguage":"en-US","@id":"https:\/\/espanola.lt\/#\/schema\/logo\/image\/","url":"https:\/\/espanola.lt\/wp-content\/uploads\/2023\/03\/notext_color.png","contentUrl":"https:\/\/espanola.lt\/wp-content\/uploads\/2023\/03\/notext_color.png","width":916,"height":204,"caption":"Espanola.lt"},"image":{"@id":"https:\/\/espanola.lt\/#\/schema\/logo\/image\/"},"sameAs":["https:\/\/www.facebook.com\/espanola.lt","https:\/\/www.instagram.com\/espanola.lt\/"]}]}},"_links":{"self":[{"href":"https:\/\/espanola.lt\/en\/wp-json\/wp\/v2\/product\/27155"}],"collection":[{"href":"https:\/\/espanola.lt\/en\/wp-json\/wp\/v2\/product"}],"about":[{"href":"https:\/\/espanola.lt\/en\/wp-json\/wp\/v2\/types\/product"}],"version-history":[{"count":1,"href":"https:\/\/espanola.lt\/en\/wp-json\/wp\/v2\/product\/27155\/revisions"}],"predecessor-version":[{"id":27158,"href":"https:\/\/espanola.lt\/en\/wp-json\/wp\/v2\/product\/27155\/revisions\/27158"}],"wp:featuredmedia":[{"embeddable":true,"href":"https:\/\/espanola.lt\/en\/wp-json\/wp\/v2\/media\/27156"}],"wp:attachment":[{"href":"https:\/\/espanola.lt\/en\/wp-json\/wp\/v2\/media?parent=27155"}],"wp:term":[{"taxonomy":"product_brand","embeddable":true,"href":"https:\/\/espanola.lt\/en\/wp-json\/wp\/v2\/product_brand?post=27155"},{"taxonomy":"product_cat","embeddable":true,"href":"https:\/\/espanola.lt\/en\/wp-json\/wp\/v2\/product_cat?post=27155"},{"taxonomy":"product_tag","embeddable":true,"href":"https:\/\/espanola.lt\/en\/wp-json\/wp\/v2\/product_tag?post=27155"}],"curies":[{"name":"wp","href":"https:\/\/api.w.org\/{rel}","templated":true}]}}