{"id":27125,"date":"2026-03-02T09:05:54","date_gmt":"2026-03-02T09:05:54","guid":{"rendered":"https:\/\/espanola.lt\/?post_type=product&#038;p=27125"},"modified":"2026-04-16T08:31:39","modified_gmt":"2026-04-16T08:31:39","slug":"kalamata-alyvuoges-auksciausios-kategorijos-436g","status":"publish","type":"product","link":"https:\/\/espanola.lt\/en\/produktas\/kalamata-alyvuoges-auksciausios-kategorijos-436g\/","title":{"rendered":"Kalamata alyvuog\u0117s, auk\u0161\u010diausios kategorijos, 436g."},"content":{"rendered":"<p data-start=\"0\" data-end=\"32\"><strong data-start=\"0\" data-end=\"32\">\u201eGourmet\u201c Kalamata alyvuog\u0117s<\/strong><\/p>\n<p data-start=\"34\" data-end=\"247\">Kalamata \u2013 tai alyvuogi\u0173 veisl\u0117, kilusi i\u0161 Graikijos (<span class=\"hover:entity-accent entity-underline inline cursor-pointer align-baseline\"><span class=\"whitespace-normal\">Greece<\/span><\/span>). \u012emon\u0117 \u201eBERNAL\u201c atrenka jas d\u0117l j\u0173 i\u0161skirtin\u0117s kilm\u0117s ir autenti\u0161ko skonio, perteikian\u010dio Vidur\u017eemio j\u016bros regiono esm\u0119.<\/p>\n<p data-start=\"249\" data-end=\"359\" data-is-last-node=\"\" data-is-only-node=\"\">Puikiai tinka kaip u\u017ekandis arba kaip ingredientas \u012fvairiems patiekalams \u2013 salotoms, makaronams, picoms ir kt.<\/p>\n<p data-start=\"249\" data-end=\"359\" data-is-last-node=\"\" data-is-only-node=\"\">Alyvuog\u0117s juodos su kauliukais.<\/p>\n<p data-start=\"249\" data-end=\"359\" data-is-last-node=\"\" data-is-only-node=\"\">Sudedamos<span style=\"letter-spacing: 0px;\">ios dalys: <\/span><span style=\"letter-spacing: 0px;\">\u00a0Nat\u016bralios juodos alyvuog\u0117s, vanduo, druska,r\u016bg\u0161tiklis: citrinos r\u016bg\u0161tis ir antioksidantas: askorbo r\u016bg\u0161tis. (PASTERIZUOTA) Maistin\u0117 vert\u0117: Vert\u0117s 100 g produkto Energin\u0117 vert\u0117 683 kj (163 kcal) Riebalai 13,1 g (i\u0161 kuri\u0173 so\u010di\u0173j\u0173 riebal\u0173 r\u016bg\u0161\u010di\u0173 5,7 g.), Angliavandeniai 7,8g., i\u0161 kuri\u0173 Cukr\u016bs 0 g, Skaidulin\u0117s med\u017eiagos 3,9, Baltymai 1,4 g, Druska 2,5 g. Laikyti v\u0117sioje vietoje. Atidarius pakuot\u0119 laikyti \u0161aldytuve ir suvartoti per 7 dienas. Partijos Nr.\/Geriausia suvartoti iki: \u017er. pakuot\u0119. Grynasis svoris 250g. Gamintojas Aceitunas Callosa, S.L. Kilm\u0117s \u0161alis: Ispanija<\/span><\/p>\n<p data-start=\"249\" data-end=\"359\" data-is-last-node=\"\" data-is-only-node=\"\">\n<p data-start=\"249\" data-end=\"359\" data-is-last-node=\"\" data-is-only-node=\"\">\n","protected":false},"excerpt":{"rendered":"<p>\u201eGourmet\u201c Kalamata alyvuog\u0117s Kalamata \u2013 tai alyvuogi\u0173 veisl\u0117, kilusi i\u0161 Graikijos (Greece). \u012emon\u0117 \u201eBERNAL\u201c atrenka jas d\u0117l j\u0173 i\u0161skirtin\u0117s kilm\u0117s ir autenti\u0161ko skonio, perteikian\u010dio Vidur\u017eemio j\u016bros regiono esm\u0119. Puikiai tinka kaip u\u017ekandis arba kaip ingredientas \u012fvairiems patiekalams \u2013 salotoms, makaronams, picoms ir kt. Alyvuog\u0117s juodos su kauliukais. Sudedamosios dalys: \u00a0Nat\u016bralios juodos alyvuog\u0117s, vanduo, druska,r\u016bg\u0161tiklis: citrinos r\u016bg\u0161tis ir antioksidantas: askorbo r\u016bg\u0161tis. (PASTERIZUOTA) Maistin\u0117 vert\u0117: Vert\u0117s 100 g produkto Energin\u0117 vert\u0117 683 kj (163 kcal) Riebalai 13,1 g (i\u0161 kuri\u0173 so\u010di\u0173j\u0173 riebal\u0173 r\u016bg\u0161\u010di\u0173 5,7 g.), Angliavandeniai 7,8g., i\u0161 kuri\u0173 Cukr\u016bs 0 g, Skaidulin\u0117s med\u017eiagos 3,9, Baltymai 1,4 g, Druska 2,5 g. Laikyti v\u0117sioje vietoje. Atidarius pakuot\u0119 laikyti \u0161aldytuve ir suvartoti per 7 dienas. Partijos Nr.\/Geriausia suvartoti iki: \u017er. pakuot\u0119. Grynasis svoris 250g. Gamintojas Aceitunas Callosa, S.L. Kilm\u0117s \u0161alis: Ispanija<\/p>\n","protected":false},"featured_media":27126,"template":"","meta":[],"product_brand":[],"product_cat":[112,113,132],"product_tag":[],"class_list":{"0":"post-27125","1":"product","2":"type-product","3":"status-publish","4":"has-post-thumbnail","6":"product_cat-alyvuoges","7":"product_cat-alyvuoges-3","8":"product_cat-akcijoos","10":"first","11":"instock","12":"sale","13":"shipping-taxable","14":"purchasable","15":"product-type-simple"},"yoast_head":"<!-- This site is optimized with the Yoast SEO plugin v23.7 - https:\/\/yoast.com\/wordpress\/plugins\/seo\/ -->\n<title>Kalamata alyvuog\u0117s, auk\u0161\u010diausios kategorijos, 436g. | Espanola.lt<\/title>\n<meta name=\"description\" content=\"Atraskite auk\u0161tos kokyb\u0117s ispani\u0161kus delikatesus \u2013 s\u016brius, kumpius, alyvuoges ir \u017euv\u012f. Tikras Ispanijos skonis tiesiai \u012f j\u016bs\u0173 namus.\" \/>\n<meta name=\"robots\" content=\"index, follow, max-snippet:-1, max-image-preview:large, max-video-preview:-1\" \/>\n<link rel=\"canonical\" href=\"https:\/\/espanola.lt\/produktas\/kalamata-alyvuoges-auksciausios-kategorijos-436g\/\" \/>\n<meta property=\"og:locale\" content=\"en_US\" \/>\n<meta property=\"og:type\" content=\"article\" \/>\n<meta property=\"og:title\" content=\"Kalamata alyvuog\u0117s, auk\u0161\u010diausios kategorijos, 436g. | Espanola.lt\" \/>\n<meta property=\"og:description\" content=\"Atraskite auk\u0161tos kokyb\u0117s ispani\u0161kus delikatesus \u2013 s\u016brius, kumpius, alyvuoges ir \u017euv\u012f. Tikras Ispanijos skonis tiesiai \u012f j\u016bs\u0173 namus.\" \/>\n<meta property=\"og:url\" content=\"https:\/\/espanola.lt\/produktas\/kalamata-alyvuoges-auksciausios-kategorijos-436g\/\" \/>\n<meta property=\"og:site_name\" content=\"Espanola\" \/>\n<meta property=\"article:publisher\" content=\"https:\/\/www.facebook.com\/espanola.lt\" \/>\n<meta property=\"article:modified_time\" content=\"2026-04-16T08:31:39+00:00\" \/>\n<meta property=\"og:image\" content=\"https:\/\/espanola.lt\/wp-content\/uploads\/2026\/03\/Aceitunas-Kalamata-Gourmet.jpg\" \/>\n\t<meta property=\"og:image:width\" content=\"800\" \/>\n\t<meta property=\"og:image:height\" content=\"800\" \/>\n\t<meta property=\"og:image:type\" content=\"image\/jpeg\" \/>\n<meta name=\"twitter:card\" content=\"summary_large_image\" \/>\n<meta name=\"twitter:label1\" content=\"Est. reading time\" \/>\n\t<meta name=\"twitter:data1\" content=\"1 minute\" \/>\n<script type=\"application\/ld+json\" class=\"yoast-schema-graph\">{\"@context\":\"https:\/\/schema.org\",\"@graph\":[{\"@type\":\"WebPage\",\"@id\":\"https:\/\/espanola.lt\/produktas\/kalamata-alyvuoges-auksciausios-kategorijos-436g\/\",\"url\":\"https:\/\/espanola.lt\/produktas\/kalamata-alyvuoges-auksciausios-kategorijos-436g\/\",\"name\":\"Kalamata alyvuog\u0117s, auk\u0161\u010diausios kategorijos, 436g. | Espanola.lt\",\"isPartOf\":{\"@id\":\"https:\/\/espanola.lt\/#website\"},\"primaryImageOfPage\":{\"@id\":\"https:\/\/espanola.lt\/produktas\/kalamata-alyvuoges-auksciausios-kategorijos-436g\/#primaryimage\"},\"image\":{\"@id\":\"https:\/\/espanola.lt\/produktas\/kalamata-alyvuoges-auksciausios-kategorijos-436g\/#primaryimage\"},\"thumbnailUrl\":\"https:\/\/espanola.lt\/wp-content\/uploads\/2026\/03\/Aceitunas-Kalamata-Gourmet.jpg\",\"datePublished\":\"2026-03-02T09:05:54+00:00\",\"dateModified\":\"2026-04-16T08:31:39+00:00\",\"description\":\"Atraskite auk\u0161tos kokyb\u0117s ispani\u0161kus delikatesus \u2013 s\u016brius, kumpius, alyvuoges ir \u017euv\u012f. Tikras Ispanijos skonis tiesiai \u012f j\u016bs\u0173 namus.\",\"breadcrumb\":{\"@id\":\"https:\/\/espanola.lt\/produktas\/kalamata-alyvuoges-auksciausios-kategorijos-436g\/#breadcrumb\"},\"inLanguage\":\"en-US\",\"potentialAction\":[{\"@type\":\"ReadAction\",\"target\":[\"https:\/\/espanola.lt\/produktas\/kalamata-alyvuoges-auksciausios-kategorijos-436g\/\"]}]},{\"@type\":\"ImageObject\",\"inLanguage\":\"en-US\",\"@id\":\"https:\/\/espanola.lt\/produktas\/kalamata-alyvuoges-auksciausios-kategorijos-436g\/#primaryimage\",\"url\":\"https:\/\/espanola.lt\/wp-content\/uploads\/2026\/03\/Aceitunas-Kalamata-Gourmet.jpg\",\"contentUrl\":\"https:\/\/espanola.lt\/wp-content\/uploads\/2026\/03\/Aceitunas-Kalamata-Gourmet.jpg\",\"width\":800,\"height\":800},{\"@type\":\"BreadcrumbList\",\"@id\":\"https:\/\/espanola.lt\/produktas\/kalamata-alyvuoges-auksciausios-kategorijos-436g\/#breadcrumb\",\"itemListElement\":[{\"@type\":\"ListItem\",\"position\":1,\"name\":\"Home\",\"item\":\"https:\/\/espanola.lt\/en\/homepage\/\"},{\"@type\":\"ListItem\",\"position\":2,\"name\":\"Shop\",\"item\":\"https:\/\/espanola.lt\/en\/shop\/\"},{\"@type\":\"ListItem\",\"position\":3,\"name\":\"Kalamata alyvuog\u0117s, auk\u0161\u010diausios kategorijos, 436g.\"}]},{\"@type\":\"WebSite\",\"@id\":\"https:\/\/espanola.lt\/#website\",\"url\":\"https:\/\/espanola.lt\/\",\"name\":\"Espanola.lt | Tikras Ispanijos skonis \u2013 J\u016bs\u0173 namuose!\",\"description\":\"\",\"publisher\":{\"@id\":\"https:\/\/espanola.lt\/#organization\"},\"potentialAction\":[{\"@type\":\"SearchAction\",\"target\":{\"@type\":\"EntryPoint\",\"urlTemplate\":\"https:\/\/espanola.lt\/?s={search_term_string}\"},\"query-input\":{\"@type\":\"PropertyValueSpecification\",\"valueRequired\":true,\"valueName\":\"search_term_string\"}}],\"inLanguage\":\"en-US\"},{\"@type\":\"Organization\",\"@id\":\"https:\/\/espanola.lt\/#organization\",\"name\":\"Espanola.lt\",\"url\":\"https:\/\/espanola.lt\/\",\"logo\":{\"@type\":\"ImageObject\",\"inLanguage\":\"en-US\",\"@id\":\"https:\/\/espanola.lt\/#\/schema\/logo\/image\/\",\"url\":\"https:\/\/espanola.lt\/wp-content\/uploads\/2023\/03\/notext_color.png\",\"contentUrl\":\"https:\/\/espanola.lt\/wp-content\/uploads\/2023\/03\/notext_color.png\",\"width\":916,\"height\":204,\"caption\":\"Espanola.lt\"},\"image\":{\"@id\":\"https:\/\/espanola.lt\/#\/schema\/logo\/image\/\"},\"sameAs\":[\"https:\/\/www.facebook.com\/espanola.lt\",\"https:\/\/www.instagram.com\/espanola.lt\/\"]}]}<\/script>\n<!-- \/ Yoast SEO plugin. -->","yoast_head_json":{"title":"Kalamata alyvuog\u0117s, auk\u0161\u010diausios kategorijos, 436g. | Espanola.lt","description":"Atraskite auk\u0161tos kokyb\u0117s ispani\u0161kus delikatesus \u2013 s\u016brius, kumpius, alyvuoges ir \u017euv\u012f. Tikras Ispanijos skonis tiesiai \u012f j\u016bs\u0173 namus.","robots":{"index":"index","follow":"follow","max-snippet":"max-snippet:-1","max-image-preview":"max-image-preview:large","max-video-preview":"max-video-preview:-1"},"canonical":"https:\/\/espanola.lt\/produktas\/kalamata-alyvuoges-auksciausios-kategorijos-436g\/","og_locale":"en_US","og_type":"article","og_title":"Kalamata alyvuog\u0117s, auk\u0161\u010diausios kategorijos, 436g. | Espanola.lt","og_description":"Atraskite auk\u0161tos kokyb\u0117s ispani\u0161kus delikatesus \u2013 s\u016brius, kumpius, alyvuoges ir \u017euv\u012f. Tikras Ispanijos skonis tiesiai \u012f j\u016bs\u0173 namus.","og_url":"https:\/\/espanola.lt\/produktas\/kalamata-alyvuoges-auksciausios-kategorijos-436g\/","og_site_name":"Espanola","article_publisher":"https:\/\/www.facebook.com\/espanola.lt","article_modified_time":"2026-04-16T08:31:39+00:00","og_image":[{"width":800,"height":800,"url":"https:\/\/espanola.lt\/wp-content\/uploads\/2026\/03\/Aceitunas-Kalamata-Gourmet.jpg","type":"image\/jpeg"}],"twitter_card":"summary_large_image","twitter_misc":{"Est. reading time":"1 minute"},"schema":{"@context":"https:\/\/schema.org","@graph":[{"@type":"WebPage","@id":"https:\/\/espanola.lt\/produktas\/kalamata-alyvuoges-auksciausios-kategorijos-436g\/","url":"https:\/\/espanola.lt\/produktas\/kalamata-alyvuoges-auksciausios-kategorijos-436g\/","name":"Kalamata alyvuog\u0117s, auk\u0161\u010diausios kategorijos, 436g. | Espanola.lt","isPartOf":{"@id":"https:\/\/espanola.lt\/#website"},"primaryImageOfPage":{"@id":"https:\/\/espanola.lt\/produktas\/kalamata-alyvuoges-auksciausios-kategorijos-436g\/#primaryimage"},"image":{"@id":"https:\/\/espanola.lt\/produktas\/kalamata-alyvuoges-auksciausios-kategorijos-436g\/#primaryimage"},"thumbnailUrl":"https:\/\/espanola.lt\/wp-content\/uploads\/2026\/03\/Aceitunas-Kalamata-Gourmet.jpg","datePublished":"2026-03-02T09:05:54+00:00","dateModified":"2026-04-16T08:31:39+00:00","description":"Atraskite auk\u0161tos kokyb\u0117s ispani\u0161kus delikatesus \u2013 s\u016brius, kumpius, alyvuoges ir \u017euv\u012f. Tikras Ispanijos skonis tiesiai \u012f j\u016bs\u0173 namus.","breadcrumb":{"@id":"https:\/\/espanola.lt\/produktas\/kalamata-alyvuoges-auksciausios-kategorijos-436g\/#breadcrumb"},"inLanguage":"en-US","potentialAction":[{"@type":"ReadAction","target":["https:\/\/espanola.lt\/produktas\/kalamata-alyvuoges-auksciausios-kategorijos-436g\/"]}]},{"@type":"ImageObject","inLanguage":"en-US","@id":"https:\/\/espanola.lt\/produktas\/kalamata-alyvuoges-auksciausios-kategorijos-436g\/#primaryimage","url":"https:\/\/espanola.lt\/wp-content\/uploads\/2026\/03\/Aceitunas-Kalamata-Gourmet.jpg","contentUrl":"https:\/\/espanola.lt\/wp-content\/uploads\/2026\/03\/Aceitunas-Kalamata-Gourmet.jpg","width":800,"height":800},{"@type":"BreadcrumbList","@id":"https:\/\/espanola.lt\/produktas\/kalamata-alyvuoges-auksciausios-kategorijos-436g\/#breadcrumb","itemListElement":[{"@type":"ListItem","position":1,"name":"Home","item":"https:\/\/espanola.lt\/en\/homepage\/"},{"@type":"ListItem","position":2,"name":"Shop","item":"https:\/\/espanola.lt\/en\/shop\/"},{"@type":"ListItem","position":3,"name":"Kalamata alyvuog\u0117s, auk\u0161\u010diausios kategorijos, 436g."}]},{"@type":"WebSite","@id":"https:\/\/espanola.lt\/#website","url":"https:\/\/espanola.lt\/","name":"Espanola.lt | Tikras Ispanijos skonis \u2013 J\u016bs\u0173 namuose!","description":"","publisher":{"@id":"https:\/\/espanola.lt\/#organization"},"potentialAction":[{"@type":"SearchAction","target":{"@type":"EntryPoint","urlTemplate":"https:\/\/espanola.lt\/?s={search_term_string}"},"query-input":{"@type":"PropertyValueSpecification","valueRequired":true,"valueName":"search_term_string"}}],"inLanguage":"en-US"},{"@type":"Organization","@id":"https:\/\/espanola.lt\/#organization","name":"Espanola.lt","url":"https:\/\/espanola.lt\/","logo":{"@type":"ImageObject","inLanguage":"en-US","@id":"https:\/\/espanola.lt\/#\/schema\/logo\/image\/","url":"https:\/\/espanola.lt\/wp-content\/uploads\/2023\/03\/notext_color.png","contentUrl":"https:\/\/espanola.lt\/wp-content\/uploads\/2023\/03\/notext_color.png","width":916,"height":204,"caption":"Espanola.lt"},"image":{"@id":"https:\/\/espanola.lt\/#\/schema\/logo\/image\/"},"sameAs":["https:\/\/www.facebook.com\/espanola.lt","https:\/\/www.instagram.com\/espanola.lt\/"]}]}},"_links":{"self":[{"href":"https:\/\/espanola.lt\/en\/wp-json\/wp\/v2\/product\/27125"}],"collection":[{"href":"https:\/\/espanola.lt\/en\/wp-json\/wp\/v2\/product"}],"about":[{"href":"https:\/\/espanola.lt\/en\/wp-json\/wp\/v2\/types\/product"}],"version-history":[{"count":1,"href":"https:\/\/espanola.lt\/en\/wp-json\/wp\/v2\/product\/27125\/revisions"}],"predecessor-version":[{"id":27128,"href":"https:\/\/espanola.lt\/en\/wp-json\/wp\/v2\/product\/27125\/revisions\/27128"}],"wp:featuredmedia":[{"embeddable":true,"href":"https:\/\/espanola.lt\/en\/wp-json\/wp\/v2\/media\/27126"}],"wp:attachment":[{"href":"https:\/\/espanola.lt\/en\/wp-json\/wp\/v2\/media?parent=27125"}],"wp:term":[{"taxonomy":"product_brand","embeddable":true,"href":"https:\/\/espanola.lt\/en\/wp-json\/wp\/v2\/product_brand?post=27125"},{"taxonomy":"product_cat","embeddable":true,"href":"https:\/\/espanola.lt\/en\/wp-json\/wp\/v2\/product_cat?post=27125"},{"taxonomy":"product_tag","embeddable":true,"href":"https:\/\/espanola.lt\/en\/wp-json\/wp\/v2\/product_tag?post=27125"}],"curies":[{"name":"wp","href":"https:\/\/api.w.org\/{rel}","templated":true}]}}