{"id":27120,"date":"2026-03-02T08:53:26","date_gmt":"2026-03-02T08:53:26","guid":{"rendered":"https:\/\/espanola.lt\/?post_type=product&#038;p=27120"},"modified":"2026-03-19T19:19:34","modified_gmt":"2026-03-19T19:19:34","slug":"tunafit-tunas-saulegrazu-aliejuje-1-kg-maiselis","status":"publish","type":"product","link":"https:\/\/espanola.lt\/en\/produktas\/tunafit-tunas-saulegrazu-aliejuje-1-kg-maiselis\/","title":{"rendered":"TUNAFIT tunas saul\u0117gr\u0105\u017e\u0173 aliejuje, gabaliukai, 1 kg mai\u0161elis"},"content":{"rendered":"<p data-start=\"54\" data-end=\"194\">\u201eTunafit\u201c tunas saul\u0117gr\u0105\u017e\u0173 aliejuje (<span class=\"hover:entity-accent entity-underline inline cursor-pointer align-baseline\"><span class=\"whitespace-normal\">Thunnus<\/span><\/span>) 1 kg pakuot\u0117je yra ypa\u010d vertinamas vie\u0161ojo maitinimo sektoriuje.<\/p>\n<p data-start=\"196\" data-end=\"420\" data-is-last-node=\"\" data-is-only-node=\"\">Be to, \u201eTunafit\u201c tuno mai\u0161eliai yra labai universal\u016bs \u2013 puikios kokyb\u0117s tunas gali visi\u0161kai pakeisti ir praturtinti salotas, empanadas, \u012fdarytus kiau\u0161inius, mi\u0161raines, pa\u0161tetus, makaron\u0173 patiekalus ir daugel\u012f kit\u0173 patiekal\u0173.<\/p>\n<p data-start=\"196\" data-end=\"420\" data-is-last-node=\"\" data-is-only-node=\"\">Sudedamosios dalys:\u00a0<strong>Tunas (\u017euvis) 95%<\/strong>, saul\u0117gr\u0105\u017e\u0173 aliejus ir druska. Maistin\u0117 vert\u0117: Vert\u0117s 100 g produkto Energin\u0117 vert\u0117 1097 kj (262 kcal) Riebalai 20g (i\u0161 kuri\u0173 so\u010di\u0173j\u0173 riebal\u0173 r\u016bg\u0161\u010di\u0173 2.9g), Angliavandeniai 0 g, Cukr\u016bs 0 g, Baltymai 20g, Druska 1.5g. Laikyti v\u0117sioje vietoje. Atidarius pakuot\u0119 laikyti \u0161aldytuve ir suvartoti per 48h. Partijos Nr.\/Geriausia suvartoti iki: \u017er. pakuot\u0119. Grynasis svoris 950g. Gamintojas CONSERVAS HERSAL S.L. Kilm\u0117s \u0161alis: Ispanija<\/p>\n","protected":false},"excerpt":{"rendered":"<p>\u201eTunafit\u201c tunas saul\u0117gr\u0105\u017e\u0173 aliejuje (Thunnus) 1 kg pakuot\u0117je yra ypa\u010d vertinamas vie\u0161ojo maitinimo sektoriuje. Be to, \u201eTunafit\u201c tuno mai\u0161eliai yra labai universal\u016bs \u2013 puikios kokyb\u0117s tunas gali visi\u0161kai pakeisti ir praturtinti salotas, empanadas, \u012fdarytus kiau\u0161inius, mi\u0161raines, pa\u0161tetus, makaron\u0173 patiekalus ir daugel\u012f kit\u0173 patiekal\u0173. Sudedamosios dalys:\u00a0Tunas (\u017euvis) 95%, saul\u0117gr\u0105\u017e\u0173 aliejus ir druska. Maistin\u0117 vert\u0117: Vert\u0117s 100 g produkto Energin\u0117 vert\u0117 1097 kj (262 kcal) Riebalai 20g (i\u0161 kuri\u0173 so\u010di\u0173j\u0173 riebal\u0173 r\u016bg\u0161\u010di\u0173 2.9g), Angliavandeniai 0 g, Cukr\u016bs 0 g, Baltymai 20g, Druska 1.5g. Laikyti v\u0117sioje vietoje. Atidarius pakuot\u0119 laikyti \u0161aldytuve ir suvartoti per 48h. Partijos Nr.\/Geriausia suvartoti iki: \u017er. pakuot\u0119. Grynasis svoris 950g. Gamintojas CONSERVAS HERSAL S.L. Kilm\u0117s \u0161alis: Ispanija<\/p>\n","protected":false},"featured_media":27121,"template":"","meta":[],"product_brand":[],"product_cat":[119,122,126],"product_tag":[],"class_list":{"0":"post-27120","1":"product","2":"type-product","3":"status-publish","4":"has-post-thumbnail","6":"product_cat-zuvis-horeca-2","7":"product_cat-zuvis-mazmenine-2","8":"product_cat-zuvis-2","10":"first","11":"outofstock","12":"shipping-taxable","13":"purchasable","14":"product-type-simple"},"yoast_head":"<!-- This site is optimized with the Yoast SEO plugin v23.7 - https:\/\/yoast.com\/wordpress\/plugins\/seo\/ -->\n<title>TUNAFIT tunas saul\u0117gr\u0105\u017e\u0173 aliejuje, gabaliukai, 1 kg mai\u0161elis | Espanola.lt<\/title>\n<meta name=\"description\" content=\"Atraskite auk\u0161tos kokyb\u0117s ispani\u0161kus delikatesus \u2013 s\u016brius, kumpius, alyvuoges ir \u017euv\u012f. Tikras Ispanijos skonis tiesiai \u012f j\u016bs\u0173 namus.\" \/>\n<meta name=\"robots\" content=\"index, follow, max-snippet:-1, max-image-preview:large, max-video-preview:-1\" \/>\n<link rel=\"canonical\" href=\"https:\/\/espanola.lt\/produktas\/tunafit-tunas-saulegrazu-aliejuje-1-kg-maiselis\/\" \/>\n<meta property=\"og:locale\" content=\"en_US\" \/>\n<meta property=\"og:type\" content=\"article\" \/>\n<meta property=\"og:title\" content=\"TUNAFIT tunas saul\u0117gr\u0105\u017e\u0173 aliejuje, gabaliukai, 1 kg mai\u0161elis | Espanola.lt\" \/>\n<meta property=\"og:description\" content=\"Atraskite auk\u0161tos kokyb\u0117s ispani\u0161kus delikatesus \u2013 s\u016brius, kumpius, alyvuoges ir \u017euv\u012f. Tikras Ispanijos skonis tiesiai \u012f j\u016bs\u0173 namus.\" \/>\n<meta property=\"og:url\" content=\"https:\/\/espanola.lt\/produktas\/tunafit-tunas-saulegrazu-aliejuje-1-kg-maiselis\/\" \/>\n<meta property=\"og:site_name\" content=\"Espanola\" \/>\n<meta property=\"article:publisher\" content=\"https:\/\/www.facebook.com\/espanola.lt\" \/>\n<meta property=\"article:modified_time\" content=\"2026-03-19T19:19:34+00:00\" \/>\n<meta property=\"og:image\" content=\"https:\/\/espanola.lt\/wp-content\/uploads\/2026\/03\/tunafit-1kg-atun-gir-lito-baja-1566x2048-1.jpg\" \/>\n\t<meta property=\"og:image:width\" content=\"1566\" \/>\n\t<meta property=\"og:image:height\" content=\"2048\" \/>\n\t<meta property=\"og:image:type\" content=\"image\/jpeg\" \/>\n<meta name=\"twitter:card\" content=\"summary_large_image\" \/>\n<meta name=\"twitter:label1\" content=\"Est. reading time\" \/>\n\t<meta name=\"twitter:data1\" content=\"1 minute\" \/>\n<script type=\"application\/ld+json\" class=\"yoast-schema-graph\">{\"@context\":\"https:\/\/schema.org\",\"@graph\":[{\"@type\":\"WebPage\",\"@id\":\"https:\/\/espanola.lt\/produktas\/tunafit-tunas-saulegrazu-aliejuje-1-kg-maiselis\/\",\"url\":\"https:\/\/espanola.lt\/produktas\/tunafit-tunas-saulegrazu-aliejuje-1-kg-maiselis\/\",\"name\":\"TUNAFIT tunas saul\u0117gr\u0105\u017e\u0173 aliejuje, gabaliukai, 1 kg mai\u0161elis | Espanola.lt\",\"isPartOf\":{\"@id\":\"https:\/\/espanola.lt\/#website\"},\"primaryImageOfPage\":{\"@id\":\"https:\/\/espanola.lt\/produktas\/tunafit-tunas-saulegrazu-aliejuje-1-kg-maiselis\/#primaryimage\"},\"image\":{\"@id\":\"https:\/\/espanola.lt\/produktas\/tunafit-tunas-saulegrazu-aliejuje-1-kg-maiselis\/#primaryimage\"},\"thumbnailUrl\":\"https:\/\/espanola.lt\/wp-content\/uploads\/2026\/03\/tunafit-1kg-atun-gir-lito-baja-1566x2048-1.jpg\",\"datePublished\":\"2026-03-02T08:53:26+00:00\",\"dateModified\":\"2026-03-19T19:19:34+00:00\",\"description\":\"Atraskite auk\u0161tos kokyb\u0117s ispani\u0161kus delikatesus \u2013 s\u016brius, kumpius, alyvuoges ir \u017euv\u012f. Tikras Ispanijos skonis tiesiai \u012f j\u016bs\u0173 namus.\",\"breadcrumb\":{\"@id\":\"https:\/\/espanola.lt\/produktas\/tunafit-tunas-saulegrazu-aliejuje-1-kg-maiselis\/#breadcrumb\"},\"inLanguage\":\"en-US\",\"potentialAction\":[{\"@type\":\"ReadAction\",\"target\":[\"https:\/\/espanola.lt\/produktas\/tunafit-tunas-saulegrazu-aliejuje-1-kg-maiselis\/\"]}]},{\"@type\":\"ImageObject\",\"inLanguage\":\"en-US\",\"@id\":\"https:\/\/espanola.lt\/produktas\/tunafit-tunas-saulegrazu-aliejuje-1-kg-maiselis\/#primaryimage\",\"url\":\"https:\/\/espanola.lt\/wp-content\/uploads\/2026\/03\/tunafit-1kg-atun-gir-lito-baja-1566x2048-1.jpg\",\"contentUrl\":\"https:\/\/espanola.lt\/wp-content\/uploads\/2026\/03\/tunafit-1kg-atun-gir-lito-baja-1566x2048-1.jpg\",\"width\":1566,\"height\":2048},{\"@type\":\"BreadcrumbList\",\"@id\":\"https:\/\/espanola.lt\/produktas\/tunafit-tunas-saulegrazu-aliejuje-1-kg-maiselis\/#breadcrumb\",\"itemListElement\":[{\"@type\":\"ListItem\",\"position\":1,\"name\":\"Home\",\"item\":\"https:\/\/espanola.lt\/en\/homepage\/\"},{\"@type\":\"ListItem\",\"position\":2,\"name\":\"Shop\",\"item\":\"https:\/\/espanola.lt\/en\/shop\/\"},{\"@type\":\"ListItem\",\"position\":3,\"name\":\"TUNAFIT tunas saul\u0117gr\u0105\u017e\u0173 aliejuje, gabaliukai, 1 kg mai\u0161elis\"}]},{\"@type\":\"WebSite\",\"@id\":\"https:\/\/espanola.lt\/#website\",\"url\":\"https:\/\/espanola.lt\/\",\"name\":\"Espanola.lt | Tikras Ispanijos skonis \u2013 J\u016bs\u0173 namuose!\",\"description\":\"\",\"publisher\":{\"@id\":\"https:\/\/espanola.lt\/#organization\"},\"potentialAction\":[{\"@type\":\"SearchAction\",\"target\":{\"@type\":\"EntryPoint\",\"urlTemplate\":\"https:\/\/espanola.lt\/?s={search_term_string}\"},\"query-input\":{\"@type\":\"PropertyValueSpecification\",\"valueRequired\":true,\"valueName\":\"search_term_string\"}}],\"inLanguage\":\"en-US\"},{\"@type\":\"Organization\",\"@id\":\"https:\/\/espanola.lt\/#organization\",\"name\":\"Espanola.lt\",\"url\":\"https:\/\/espanola.lt\/\",\"logo\":{\"@type\":\"ImageObject\",\"inLanguage\":\"en-US\",\"@id\":\"https:\/\/espanola.lt\/#\/schema\/logo\/image\/\",\"url\":\"https:\/\/espanola.lt\/wp-content\/uploads\/2023\/03\/notext_color.png\",\"contentUrl\":\"https:\/\/espanola.lt\/wp-content\/uploads\/2023\/03\/notext_color.png\",\"width\":916,\"height\":204,\"caption\":\"Espanola.lt\"},\"image\":{\"@id\":\"https:\/\/espanola.lt\/#\/schema\/logo\/image\/\"},\"sameAs\":[\"https:\/\/www.facebook.com\/espanola.lt\",\"https:\/\/www.instagram.com\/espanola.lt\/\"]}]}<\/script>\n<!-- \/ Yoast SEO plugin. -->","yoast_head_json":{"title":"TUNAFIT tunas saul\u0117gr\u0105\u017e\u0173 aliejuje, gabaliukai, 1 kg mai\u0161elis | Espanola.lt","description":"Atraskite auk\u0161tos kokyb\u0117s ispani\u0161kus delikatesus \u2013 s\u016brius, kumpius, alyvuoges ir \u017euv\u012f. Tikras Ispanijos skonis tiesiai \u012f j\u016bs\u0173 namus.","robots":{"index":"index","follow":"follow","max-snippet":"max-snippet:-1","max-image-preview":"max-image-preview:large","max-video-preview":"max-video-preview:-1"},"canonical":"https:\/\/espanola.lt\/produktas\/tunafit-tunas-saulegrazu-aliejuje-1-kg-maiselis\/","og_locale":"en_US","og_type":"article","og_title":"TUNAFIT tunas saul\u0117gr\u0105\u017e\u0173 aliejuje, gabaliukai, 1 kg mai\u0161elis | Espanola.lt","og_description":"Atraskite auk\u0161tos kokyb\u0117s ispani\u0161kus delikatesus \u2013 s\u016brius, kumpius, alyvuoges ir \u017euv\u012f. Tikras Ispanijos skonis tiesiai \u012f j\u016bs\u0173 namus.","og_url":"https:\/\/espanola.lt\/produktas\/tunafit-tunas-saulegrazu-aliejuje-1-kg-maiselis\/","og_site_name":"Espanola","article_publisher":"https:\/\/www.facebook.com\/espanola.lt","article_modified_time":"2026-03-19T19:19:34+00:00","og_image":[{"width":1566,"height":2048,"url":"https:\/\/espanola.lt\/wp-content\/uploads\/2026\/03\/tunafit-1kg-atun-gir-lito-baja-1566x2048-1.jpg","type":"image\/jpeg"}],"twitter_card":"summary_large_image","twitter_misc":{"Est. reading time":"1 minute"},"schema":{"@context":"https:\/\/schema.org","@graph":[{"@type":"WebPage","@id":"https:\/\/espanola.lt\/produktas\/tunafit-tunas-saulegrazu-aliejuje-1-kg-maiselis\/","url":"https:\/\/espanola.lt\/produktas\/tunafit-tunas-saulegrazu-aliejuje-1-kg-maiselis\/","name":"TUNAFIT tunas saul\u0117gr\u0105\u017e\u0173 aliejuje, gabaliukai, 1 kg mai\u0161elis | Espanola.lt","isPartOf":{"@id":"https:\/\/espanola.lt\/#website"},"primaryImageOfPage":{"@id":"https:\/\/espanola.lt\/produktas\/tunafit-tunas-saulegrazu-aliejuje-1-kg-maiselis\/#primaryimage"},"image":{"@id":"https:\/\/espanola.lt\/produktas\/tunafit-tunas-saulegrazu-aliejuje-1-kg-maiselis\/#primaryimage"},"thumbnailUrl":"https:\/\/espanola.lt\/wp-content\/uploads\/2026\/03\/tunafit-1kg-atun-gir-lito-baja-1566x2048-1.jpg","datePublished":"2026-03-02T08:53:26+00:00","dateModified":"2026-03-19T19:19:34+00:00","description":"Atraskite auk\u0161tos kokyb\u0117s ispani\u0161kus delikatesus \u2013 s\u016brius, kumpius, alyvuoges ir \u017euv\u012f. Tikras Ispanijos skonis tiesiai \u012f j\u016bs\u0173 namus.","breadcrumb":{"@id":"https:\/\/espanola.lt\/produktas\/tunafit-tunas-saulegrazu-aliejuje-1-kg-maiselis\/#breadcrumb"},"inLanguage":"en-US","potentialAction":[{"@type":"ReadAction","target":["https:\/\/espanola.lt\/produktas\/tunafit-tunas-saulegrazu-aliejuje-1-kg-maiselis\/"]}]},{"@type":"ImageObject","inLanguage":"en-US","@id":"https:\/\/espanola.lt\/produktas\/tunafit-tunas-saulegrazu-aliejuje-1-kg-maiselis\/#primaryimage","url":"https:\/\/espanola.lt\/wp-content\/uploads\/2026\/03\/tunafit-1kg-atun-gir-lito-baja-1566x2048-1.jpg","contentUrl":"https:\/\/espanola.lt\/wp-content\/uploads\/2026\/03\/tunafit-1kg-atun-gir-lito-baja-1566x2048-1.jpg","width":1566,"height":2048},{"@type":"BreadcrumbList","@id":"https:\/\/espanola.lt\/produktas\/tunafit-tunas-saulegrazu-aliejuje-1-kg-maiselis\/#breadcrumb","itemListElement":[{"@type":"ListItem","position":1,"name":"Home","item":"https:\/\/espanola.lt\/en\/homepage\/"},{"@type":"ListItem","position":2,"name":"Shop","item":"https:\/\/espanola.lt\/en\/shop\/"},{"@type":"ListItem","position":3,"name":"TUNAFIT tunas saul\u0117gr\u0105\u017e\u0173 aliejuje, gabaliukai, 1 kg mai\u0161elis"}]},{"@type":"WebSite","@id":"https:\/\/espanola.lt\/#website","url":"https:\/\/espanola.lt\/","name":"Espanola.lt | Tikras Ispanijos skonis \u2013 J\u016bs\u0173 namuose!","description":"","publisher":{"@id":"https:\/\/espanola.lt\/#organization"},"potentialAction":[{"@type":"SearchAction","target":{"@type":"EntryPoint","urlTemplate":"https:\/\/espanola.lt\/?s={search_term_string}"},"query-input":{"@type":"PropertyValueSpecification","valueRequired":true,"valueName":"search_term_string"}}],"inLanguage":"en-US"},{"@type":"Organization","@id":"https:\/\/espanola.lt\/#organization","name":"Espanola.lt","url":"https:\/\/espanola.lt\/","logo":{"@type":"ImageObject","inLanguage":"en-US","@id":"https:\/\/espanola.lt\/#\/schema\/logo\/image\/","url":"https:\/\/espanola.lt\/wp-content\/uploads\/2023\/03\/notext_color.png","contentUrl":"https:\/\/espanola.lt\/wp-content\/uploads\/2023\/03\/notext_color.png","width":916,"height":204,"caption":"Espanola.lt"},"image":{"@id":"https:\/\/espanola.lt\/#\/schema\/logo\/image\/"},"sameAs":["https:\/\/www.facebook.com\/espanola.lt","https:\/\/www.instagram.com\/espanola.lt\/"]}]}},"_links":{"self":[{"href":"https:\/\/espanola.lt\/en\/wp-json\/wp\/v2\/product\/27120"}],"collection":[{"href":"https:\/\/espanola.lt\/en\/wp-json\/wp\/v2\/product"}],"about":[{"href":"https:\/\/espanola.lt\/en\/wp-json\/wp\/v2\/types\/product"}],"version-history":[{"count":2,"href":"https:\/\/espanola.lt\/en\/wp-json\/wp\/v2\/product\/27120\/revisions"}],"predecessor-version":[{"id":27124,"href":"https:\/\/espanola.lt\/en\/wp-json\/wp\/v2\/product\/27120\/revisions\/27124"}],"wp:featuredmedia":[{"embeddable":true,"href":"https:\/\/espanola.lt\/en\/wp-json\/wp\/v2\/media\/27121"}],"wp:attachment":[{"href":"https:\/\/espanola.lt\/en\/wp-json\/wp\/v2\/media?parent=27120"}],"wp:term":[{"taxonomy":"product_brand","embeddable":true,"href":"https:\/\/espanola.lt\/en\/wp-json\/wp\/v2\/product_brand?post=27120"},{"taxonomy":"product_cat","embeddable":true,"href":"https:\/\/espanola.lt\/en\/wp-json\/wp\/v2\/product_cat?post=27120"},{"taxonomy":"product_tag","embeddable":true,"href":"https:\/\/espanola.lt\/en\/wp-json\/wp\/v2\/product_tag?post=27120"}],"curies":[{"name":"wp","href":"https:\/\/api.w.org\/{rel}","templated":true}]}}