{"id":27110,"date":"2026-03-02T08:16:49","date_gmt":"2026-03-02T08:16:49","guid":{"rendered":"https:\/\/espanola.lt\/?post_type=product&#038;p=27110"},"modified":"2026-03-02T08:17:06","modified_gmt":"2026-03-02T08:17:06","slug":"dunia-ananasai-savo-sultyse-3-x-227-g-pakuote","status":"publish","type":"product","link":"https:\/\/espanola.lt\/en\/product\/dunia-ananasai-savo-sultyse-3-x-227-g-pakuote\/","title":{"rendered":"DUNIA ananasai savo sultyse, 3 \u00d7 227 g (pakuot\u0117)"},"content":{"rendered":"<p data-start=\"56\" data-end=\"374\">\u201eDUNIA\u201c ananas\u0173 grie\u017ein\u0117liai savo sultyse (3 vnt. po 227 g) gaminami i\u0161 kokybi\u0161k\u0173 vaisi\u0173 (<span class=\"hover:entity-accent entity-underline inline cursor-pointer align-baseline\"><span class=\"whitespace-normal\">Ananas comosus<\/span><\/span>), kurie supakuojami savo nat\u016braliose sultyse. \u0160iame formate ananasai i\u0161laiko savo maistines ir juslines (organoleptines) savybes bei u\u017etikrina puik\u0173 skon\u012f, nuskint\u0105 optimalaus sunokimo metu.<\/p>\n<p data-start=\"376\" data-end=\"561\" data-is-last-node=\"\" data-is-only-node=\"\">Be to, ananasai savo sultyse yra lengvas, diuretinis, antioksidacinis ir prie\u0161u\u017edegiminis produktas d\u0117l ma\u017eo riebal\u0173 kiekio. Jie pasi\u017eymi dideliu vandens, skaidul\u0173 ir vitamino C kiekiu.<\/p>\n","protected":false},"excerpt":{"rendered":"<p>\u201eDUNIA\u201c ananas\u0173 grie\u017ein\u0117liai savo sultyse (3 vnt. po 227 g) gaminami i\u0161 kokybi\u0161k\u0173 vaisi\u0173 (Ananas comosus), kurie supakuojami savo nat\u016braliose sultyse. \u0160iame formate ananasai i\u0161laiko savo maistines ir juslines (organoleptines) savybes bei u\u017etikrina puik\u0173 skon\u012f, nuskint\u0105 optimalaus sunokimo metu. Be to, ananasai savo sultyse yra lengvas, diuretinis, antioksidacinis ir prie\u0161u\u017edegiminis produktas d\u0117l ma\u017eo riebal\u0173 kiekio. Jie pasi\u017eymi dideliu vandens, skaidul\u0173 ir vitamino C kiekiu.<\/p>\n","protected":false},"featured_media":27111,"template":"","meta":[],"product_brand":[],"product_cat":[92,93,94],"product_tag":[],"class_list":{"0":"post-27110","1":"product","2":"type-product","3":"status-publish","4":"has-post-thumbnail","6":"product_cat-vaisiai","7":"product_cat-vaisiai-mazmenine","8":"product_cat-vaisiai-horeca","10":"first","11":"instock","12":"shipping-taxable","13":"purchasable","14":"product-type-simple"},"yoast_head":"<!-- This site is optimized with the Yoast SEO plugin v23.7 - https:\/\/yoast.com\/wordpress\/plugins\/seo\/ -->\n<title>DUNIA ananasai savo sultyse, 3 \u00d7 227 g (pakuot\u0117) | Espanola.lt<\/title>\n<meta name=\"description\" content=\"Atraskite auk\u0161tos kokyb\u0117s ispani\u0161kus delikatesus \u2013 s\u016brius, kumpius, alyvuoges ir \u017euv\u012f. Tikras Ispanijos skonis tiesiai \u012f j\u016bs\u0173 namus.\" \/>\n<meta name=\"robots\" content=\"index, follow, max-snippet:-1, max-image-preview:large, max-video-preview:-1\" \/>\n<link rel=\"canonical\" href=\"https:\/\/espanola.lt\/en\/product\/dunia-ananasai-savo-sultyse-3-x-227-g-pakuote\/\" \/>\n<meta property=\"og:locale\" content=\"en_US\" \/>\n<meta property=\"og:type\" content=\"article\" \/>\n<meta property=\"og:title\" content=\"DUNIA ananasai savo sultyse, 3 \u00d7 227 g (pakuot\u0117) | Espanola.lt\" \/>\n<meta property=\"og:description\" content=\"Atraskite auk\u0161tos kokyb\u0117s ispani\u0161kus delikatesus \u2013 s\u016brius, kumpius, alyvuoges ir \u017euv\u012f. Tikras Ispanijos skonis tiesiai \u012f j\u016bs\u0173 namus.\" \/>\n<meta property=\"og:url\" content=\"https:\/\/espanola.lt\/en\/product\/dunia-ananasai-savo-sultyse-3-x-227-g-pakuote\/\" \/>\n<meta property=\"og:site_name\" content=\"Espanola\" \/>\n<meta property=\"article:publisher\" content=\"https:\/\/www.facebook.com\/espanola.lt\" \/>\n<meta property=\"article:modified_time\" content=\"2026-03-02T08:17:06+00:00\" \/>\n<meta property=\"og:image\" content=\"https:\/\/espanola.lt\/wp-content\/uploads\/2026\/03\/DUNIA-PINA-EN-SU-JUGO-LATA-220gr-PACK-3-2-copia-1536x797-1.jpg\" \/>\n\t<meta property=\"og:image:width\" content=\"1536\" \/>\n\t<meta property=\"og:image:height\" content=\"797\" \/>\n\t<meta property=\"og:image:type\" content=\"image\/jpeg\" \/>\n<meta name=\"twitter:card\" content=\"summary_large_image\" \/>\n<meta name=\"twitter:label1\" content=\"Est. reading time\" \/>\n\t<meta name=\"twitter:data1\" content=\"1 minute\" \/>\n<script type=\"application\/ld+json\" class=\"yoast-schema-graph\">{\"@context\":\"https:\/\/schema.org\",\"@graph\":[{\"@type\":\"WebPage\",\"@id\":\"https:\/\/espanola.lt\/en\/product\/dunia-ananasai-savo-sultyse-3-x-227-g-pakuote\/\",\"url\":\"https:\/\/espanola.lt\/en\/product\/dunia-ananasai-savo-sultyse-3-x-227-g-pakuote\/\",\"name\":\"DUNIA ananasai savo sultyse, 3 \u00d7 227 g (pakuot\u0117) | Espanola.lt\",\"isPartOf\":{\"@id\":\"https:\/\/espanola.lt\/#website\"},\"primaryImageOfPage\":{\"@id\":\"https:\/\/espanola.lt\/en\/product\/dunia-ananasai-savo-sultyse-3-x-227-g-pakuote\/#primaryimage\"},\"image\":{\"@id\":\"https:\/\/espanola.lt\/en\/product\/dunia-ananasai-savo-sultyse-3-x-227-g-pakuote\/#primaryimage\"},\"thumbnailUrl\":\"https:\/\/espanola.lt\/wp-content\/uploads\/2026\/03\/DUNIA-PINA-EN-SU-JUGO-LATA-220gr-PACK-3-2-copia-1536x797-1.jpg\",\"datePublished\":\"2026-03-02T08:16:49+00:00\",\"dateModified\":\"2026-03-02T08:17:06+00:00\",\"description\":\"Atraskite auk\u0161tos kokyb\u0117s ispani\u0161kus delikatesus \u2013 s\u016brius, kumpius, alyvuoges ir \u017euv\u012f. Tikras Ispanijos skonis tiesiai \u012f j\u016bs\u0173 namus.\",\"breadcrumb\":{\"@id\":\"https:\/\/espanola.lt\/en\/product\/dunia-ananasai-savo-sultyse-3-x-227-g-pakuote\/#breadcrumb\"},\"inLanguage\":\"en-US\",\"potentialAction\":[{\"@type\":\"ReadAction\",\"target\":[\"https:\/\/espanola.lt\/en\/product\/dunia-ananasai-savo-sultyse-3-x-227-g-pakuote\/\"]}]},{\"@type\":\"ImageObject\",\"inLanguage\":\"en-US\",\"@id\":\"https:\/\/espanola.lt\/en\/product\/dunia-ananasai-savo-sultyse-3-x-227-g-pakuote\/#primaryimage\",\"url\":\"https:\/\/espanola.lt\/wp-content\/uploads\/2026\/03\/DUNIA-PINA-EN-SU-JUGO-LATA-220gr-PACK-3-2-copia-1536x797-1.jpg\",\"contentUrl\":\"https:\/\/espanola.lt\/wp-content\/uploads\/2026\/03\/DUNIA-PINA-EN-SU-JUGO-LATA-220gr-PACK-3-2-copia-1536x797-1.jpg\",\"width\":1536,\"height\":797},{\"@type\":\"BreadcrumbList\",\"@id\":\"https:\/\/espanola.lt\/en\/product\/dunia-ananasai-savo-sultyse-3-x-227-g-pakuote\/#breadcrumb\",\"itemListElement\":[{\"@type\":\"ListItem\",\"position\":1,\"name\":\"Home\",\"item\":\"https:\/\/espanola.lt\/en\/homepage\/\"},{\"@type\":\"ListItem\",\"position\":2,\"name\":\"Shop\",\"item\":\"https:\/\/espanola.lt\/en\/shop\/\"},{\"@type\":\"ListItem\",\"position\":3,\"name\":\"DUNIA ananasai savo sultyse, 3 \u00d7 227 g (pakuot\u0117)\"}]},{\"@type\":\"WebSite\",\"@id\":\"https:\/\/espanola.lt\/#website\",\"url\":\"https:\/\/espanola.lt\/\",\"name\":\"Espanola.lt | Tikras Ispanijos skonis \u2013 J\u016bs\u0173 namuose!\",\"description\":\"\",\"publisher\":{\"@id\":\"https:\/\/espanola.lt\/#organization\"},\"potentialAction\":[{\"@type\":\"SearchAction\",\"target\":{\"@type\":\"EntryPoint\",\"urlTemplate\":\"https:\/\/espanola.lt\/?s={search_term_string}\"},\"query-input\":{\"@type\":\"PropertyValueSpecification\",\"valueRequired\":true,\"valueName\":\"search_term_string\"}}],\"inLanguage\":\"en-US\"},{\"@type\":\"Organization\",\"@id\":\"https:\/\/espanola.lt\/#organization\",\"name\":\"Espanola.lt\",\"url\":\"https:\/\/espanola.lt\/\",\"logo\":{\"@type\":\"ImageObject\",\"inLanguage\":\"en-US\",\"@id\":\"https:\/\/espanola.lt\/#\/schema\/logo\/image\/\",\"url\":\"https:\/\/espanola.lt\/wp-content\/uploads\/2023\/03\/notext_color.png\",\"contentUrl\":\"https:\/\/espanola.lt\/wp-content\/uploads\/2023\/03\/notext_color.png\",\"width\":916,\"height\":204,\"caption\":\"Espanola.lt\"},\"image\":{\"@id\":\"https:\/\/espanola.lt\/#\/schema\/logo\/image\/\"},\"sameAs\":[\"https:\/\/www.facebook.com\/espanola.lt\",\"https:\/\/www.instagram.com\/espanola.lt\/\"]}]}<\/script>\n<!-- \/ Yoast SEO plugin. -->","yoast_head_json":{"title":"DUNIA ananasai savo sultyse, 3 \u00d7 227 g (pakuot\u0117) | Espanola.lt","description":"Atraskite auk\u0161tos kokyb\u0117s ispani\u0161kus delikatesus \u2013 s\u016brius, kumpius, alyvuoges ir \u017euv\u012f. Tikras Ispanijos skonis tiesiai \u012f j\u016bs\u0173 namus.","robots":{"index":"index","follow":"follow","max-snippet":"max-snippet:-1","max-image-preview":"max-image-preview:large","max-video-preview":"max-video-preview:-1"},"canonical":"https:\/\/espanola.lt\/en\/product\/dunia-ananasai-savo-sultyse-3-x-227-g-pakuote\/","og_locale":"en_US","og_type":"article","og_title":"DUNIA ananasai savo sultyse, 3 \u00d7 227 g (pakuot\u0117) | Espanola.lt","og_description":"Atraskite auk\u0161tos kokyb\u0117s ispani\u0161kus delikatesus \u2013 s\u016brius, kumpius, alyvuoges ir \u017euv\u012f. Tikras Ispanijos skonis tiesiai \u012f j\u016bs\u0173 namus.","og_url":"https:\/\/espanola.lt\/en\/product\/dunia-ananasai-savo-sultyse-3-x-227-g-pakuote\/","og_site_name":"Espanola","article_publisher":"https:\/\/www.facebook.com\/espanola.lt","article_modified_time":"2026-03-02T08:17:06+00:00","og_image":[{"width":1536,"height":797,"url":"https:\/\/espanola.lt\/wp-content\/uploads\/2026\/03\/DUNIA-PINA-EN-SU-JUGO-LATA-220gr-PACK-3-2-copia-1536x797-1.jpg","type":"image\/jpeg"}],"twitter_card":"summary_large_image","twitter_misc":{"Est. reading time":"1 minute"},"schema":{"@context":"https:\/\/schema.org","@graph":[{"@type":"WebPage","@id":"https:\/\/espanola.lt\/en\/product\/dunia-ananasai-savo-sultyse-3-x-227-g-pakuote\/","url":"https:\/\/espanola.lt\/en\/product\/dunia-ananasai-savo-sultyse-3-x-227-g-pakuote\/","name":"DUNIA ananasai savo sultyse, 3 \u00d7 227 g (pakuot\u0117) | Espanola.lt","isPartOf":{"@id":"https:\/\/espanola.lt\/#website"},"primaryImageOfPage":{"@id":"https:\/\/espanola.lt\/en\/product\/dunia-ananasai-savo-sultyse-3-x-227-g-pakuote\/#primaryimage"},"image":{"@id":"https:\/\/espanola.lt\/en\/product\/dunia-ananasai-savo-sultyse-3-x-227-g-pakuote\/#primaryimage"},"thumbnailUrl":"https:\/\/espanola.lt\/wp-content\/uploads\/2026\/03\/DUNIA-PINA-EN-SU-JUGO-LATA-220gr-PACK-3-2-copia-1536x797-1.jpg","datePublished":"2026-03-02T08:16:49+00:00","dateModified":"2026-03-02T08:17:06+00:00","description":"Atraskite auk\u0161tos kokyb\u0117s ispani\u0161kus delikatesus \u2013 s\u016brius, kumpius, alyvuoges ir \u017euv\u012f. Tikras Ispanijos skonis tiesiai \u012f j\u016bs\u0173 namus.","breadcrumb":{"@id":"https:\/\/espanola.lt\/en\/product\/dunia-ananasai-savo-sultyse-3-x-227-g-pakuote\/#breadcrumb"},"inLanguage":"en-US","potentialAction":[{"@type":"ReadAction","target":["https:\/\/espanola.lt\/en\/product\/dunia-ananasai-savo-sultyse-3-x-227-g-pakuote\/"]}]},{"@type":"ImageObject","inLanguage":"en-US","@id":"https:\/\/espanola.lt\/en\/product\/dunia-ananasai-savo-sultyse-3-x-227-g-pakuote\/#primaryimage","url":"https:\/\/espanola.lt\/wp-content\/uploads\/2026\/03\/DUNIA-PINA-EN-SU-JUGO-LATA-220gr-PACK-3-2-copia-1536x797-1.jpg","contentUrl":"https:\/\/espanola.lt\/wp-content\/uploads\/2026\/03\/DUNIA-PINA-EN-SU-JUGO-LATA-220gr-PACK-3-2-copia-1536x797-1.jpg","width":1536,"height":797},{"@type":"BreadcrumbList","@id":"https:\/\/espanola.lt\/en\/product\/dunia-ananasai-savo-sultyse-3-x-227-g-pakuote\/#breadcrumb","itemListElement":[{"@type":"ListItem","position":1,"name":"Home","item":"https:\/\/espanola.lt\/en\/homepage\/"},{"@type":"ListItem","position":2,"name":"Shop","item":"https:\/\/espanola.lt\/en\/shop\/"},{"@type":"ListItem","position":3,"name":"DUNIA ananasai savo sultyse, 3 \u00d7 227 g (pakuot\u0117)"}]},{"@type":"WebSite","@id":"https:\/\/espanola.lt\/#website","url":"https:\/\/espanola.lt\/","name":"Espanola.lt | Tikras Ispanijos skonis \u2013 J\u016bs\u0173 namuose!","description":"","publisher":{"@id":"https:\/\/espanola.lt\/#organization"},"potentialAction":[{"@type":"SearchAction","target":{"@type":"EntryPoint","urlTemplate":"https:\/\/espanola.lt\/?s={search_term_string}"},"query-input":{"@type":"PropertyValueSpecification","valueRequired":true,"valueName":"search_term_string"}}],"inLanguage":"en-US"},{"@type":"Organization","@id":"https:\/\/espanola.lt\/#organization","name":"Espanola.lt","url":"https:\/\/espanola.lt\/","logo":{"@type":"ImageObject","inLanguage":"en-US","@id":"https:\/\/espanola.lt\/#\/schema\/logo\/image\/","url":"https:\/\/espanola.lt\/wp-content\/uploads\/2023\/03\/notext_color.png","contentUrl":"https:\/\/espanola.lt\/wp-content\/uploads\/2023\/03\/notext_color.png","width":916,"height":204,"caption":"Espanola.lt"},"image":{"@id":"https:\/\/espanola.lt\/#\/schema\/logo\/image\/"},"sameAs":["https:\/\/www.facebook.com\/espanola.lt","https:\/\/www.instagram.com\/espanola.lt\/"]}]}},"_links":{"self":[{"href":"https:\/\/espanola.lt\/en\/wp-json\/wp\/v2\/product\/27110"}],"collection":[{"href":"https:\/\/espanola.lt\/en\/wp-json\/wp\/v2\/product"}],"about":[{"href":"https:\/\/espanola.lt\/en\/wp-json\/wp\/v2\/types\/product"}],"version-history":[{"count":1,"href":"https:\/\/espanola.lt\/en\/wp-json\/wp\/v2\/product\/27110\/revisions"}],"predecessor-version":[{"id":27113,"href":"https:\/\/espanola.lt\/en\/wp-json\/wp\/v2\/product\/27110\/revisions\/27113"}],"wp:featuredmedia":[{"embeddable":true,"href":"https:\/\/espanola.lt\/en\/wp-json\/wp\/v2\/media\/27111"}],"wp:attachment":[{"href":"https:\/\/espanola.lt\/en\/wp-json\/wp\/v2\/media?parent=27110"}],"wp:term":[{"taxonomy":"product_brand","embeddable":true,"href":"https:\/\/espanola.lt\/en\/wp-json\/wp\/v2\/product_brand?post=27110"},{"taxonomy":"product_cat","embeddable":true,"href":"https:\/\/espanola.lt\/en\/wp-json\/wp\/v2\/product_cat?post=27110"},{"taxonomy":"product_tag","embeddable":true,"href":"https:\/\/espanola.lt\/en\/wp-json\/wp\/v2\/product_tag?post=27110"}],"curies":[{"name":"wp","href":"https:\/\/api.w.org\/{rel}","templated":true}]}}