{"id":27073,"date":"2026-02-27T12:01:20","date_gmt":"2026-02-27T12:01:20","guid":{"rendered":"https:\/\/espanola.lt\/?post_type=product&#038;p=27073"},"modified":"2026-02-27T12:17:51","modified_gmt":"2026-02-27T12:17:51","slug":"romeniskai-marinuoti-artisokai-hersan-3-kg","status":"publish","type":"product","link":"https:\/\/espanola.lt\/en\/produktas\/romeniskai-marinuoti-artisokai-hersan-3-kg\/","title":{"rendered":"Rom\u0117ni\u0161kai marinuoti arti\u0161okai, Hersan 3 kg"},"content":{"rendered":"<p>\u201eHersan\u201c rom\u0117ni\u0161kai marinuoti arti\u0161okai 3 kg pakuot\u0117je gaminami i\u0161 \u0161vie\u017ei\u0173 <strong data-start=\"191\" data-end=\"213\">Cynara scolymus L.<\/strong> veisl\u0117s arti\u0161ok\u0173. Jie kruop\u0161\u010diai atrenkami ir apdorojami, marinuojami bei mirkomi aliejuje, acte ir prieskoniuose. Taip gaunamas auk\u0161tos kokyb\u0117s produktas, pasi\u017eymintis ypatingu skoniu.<\/p>\n<p>&nbsp;<\/p>\n<div>Sudedamosios dalys:<\/div>\n<div>Arti\u0161okai, saul\u0117gr\u0105\u017e\u0173 aliejus, vyno actas (10\u00b0), druska, cukrus, prieskoni\u0173 mi\u0161inys (petra\u017eol\u0117s, bazilikai, \u010desnakai), skonio stipriklis \u2013 mononatrio glutamatas, citrin\u0173 r\u016bg\u0161tis (E330), askorbo r\u016bg\u0161tis (E300).<\/div>\n<div><\/div>\n<div>Energin\u0117 vert\u0117 (100 g produkto):<\/div>\n<div>\u2022778 kJ \/ 186 kcal<\/div>\n<div><\/div>\n<div>Maistin\u0117 vert\u0117 (100 g):<\/div>\n<div>\u2022Riebalai: 17,8 g<\/div>\n<div>\u2022i\u0161 kuri\u0173 so\u010di\u0173j\u0173 riebal\u0173 r\u016bg\u0161\u010di\u0173: 1,8 g<\/div>\n<div>\u2022Angliavandeniai: 5,0 g<\/div>\n<div>\u2022i\u0161 kuri\u0173 cukr\u0173: 0,8 g<\/div>\n<div>\u2022Skaidulos: 3,1 g<\/div>\n<div>\u2022Baltymai: 1,5 g<\/div>\n<div>\u2022Druska: 1,5 g<\/div>\n<p>&nbsp;<\/p>\n<p>&nbsp;<\/p>\n","protected":false},"excerpt":{"rendered":"<p>\u201eHersan\u201c rom\u0117ni\u0161kai marinuoti arti\u0161okai 3 kg pakuot\u0117je gaminami i\u0161 \u0161vie\u017ei\u0173 Cynara scolymus L. veisl\u0117s arti\u0161ok\u0173. Jie kruop\u0161\u010diai atrenkami ir apdorojami, marinuojami bei mirkomi aliejuje, acte ir prieskoniuose. Taip gaunamas auk\u0161tos kokyb\u0117s produktas, pasi\u017eymintis ypatingu skoniu. &nbsp; Sudedamosios dalys: Arti\u0161okai, saul\u0117gr\u0105\u017e\u0173 aliejus, vyno actas (10\u00b0), druska, cukrus, prieskoni\u0173 mi\u0161inys (petra\u017eol\u0117s, bazilikai, \u010desnakai), skonio stipriklis \u2013 mononatrio glutamatas, citrin\u0173 r\u016bg\u0161tis (E330), askorbo r\u016bg\u0161tis (E300). Energin\u0117 vert\u0117 (100 g produkto): \u2022778 kJ \/ 186 kcal Maistin\u0117 vert\u0117 (100 g): \u2022Riebalai: 17,8 g \u2022i\u0161 kuri\u0173 so\u010di\u0173j\u0173 riebal\u0173 r\u016bg\u0161\u010di\u0173: 1,8 g \u2022Angliavandeniai: 5,0 g \u2022i\u0161 kuri\u0173 cukr\u0173: 0,8 g \u2022Skaidulos: 3,1 g \u2022Baltymai: 1,5 g \u2022Druska: 1,5 g &nbsp; &nbsp;<\/p>\n","protected":false},"featured_media":27074,"template":"","meta":[],"product_brand":[],"product_cat":[109,111,117,110,132],"product_tag":[],"class_list":{"0":"post-27073","1":"product","2":"type-product","3":"status-publish","4":"has-post-thumbnail","6":"product_cat-darzoves-2","7":"product_cat-darzoves-3","8":"product_cat-darzoves-4","9":"product_cat-horeca-2","10":"product_cat-akcijoos","12":"first","13":"instock","14":"sale","15":"shipping-taxable","16":"purchasable","17":"product-type-simple"},"yoast_head":"<!-- This site is optimized with the Yoast SEO plugin v23.7 - https:\/\/yoast.com\/wordpress\/plugins\/seo\/ -->\n<title>Rom\u0117ni\u0161kai marinuoti arti\u0161okai, Hersan 3 kg | Espanola.lt<\/title>\n<meta name=\"description\" content=\"Atraskite auk\u0161tos kokyb\u0117s ispani\u0161kus delikatesus \u2013 s\u016brius, kumpius, alyvuoges ir \u017euv\u012f. Tikras Ispanijos skonis tiesiai \u012f j\u016bs\u0173 namus.\" \/>\n<meta name=\"robots\" content=\"index, follow, max-snippet:-1, max-image-preview:large, max-video-preview:-1\" \/>\n<link rel=\"canonical\" href=\"https:\/\/espanola.lt\/produktas\/romeniskai-marinuoti-artisokai-hersan-3-kg\/\" \/>\n<meta property=\"og:locale\" content=\"en_US\" \/>\n<meta property=\"og:type\" content=\"article\" \/>\n<meta property=\"og:title\" content=\"Rom\u0117ni\u0161kai marinuoti arti\u0161okai, Hersan 3 kg | Espanola.lt\" \/>\n<meta property=\"og:description\" content=\"Atraskite auk\u0161tos kokyb\u0117s ispani\u0161kus delikatesus \u2013 s\u016brius, kumpius, alyvuoges ir \u017euv\u012f. Tikras Ispanijos skonis tiesiai \u012f j\u016bs\u0173 namus.\" \/>\n<meta property=\"og:url\" content=\"https:\/\/espanola.lt\/produktas\/romeniskai-marinuoti-artisokai-hersan-3-kg\/\" \/>\n<meta property=\"og:site_name\" content=\"Espanola\" \/>\n<meta property=\"article:publisher\" content=\"https:\/\/www.facebook.com\/espanola.lt\" \/>\n<meta property=\"article:modified_time\" content=\"2026-02-27T12:17:51+00:00\" \/>\n<meta property=\"og:image\" content=\"https:\/\/espanola.lt\/wp-content\/uploads\/2026\/02\/CATEGORIA_3D-ALCACHOFA-ROMANA-HERSAN_1558005672-1536x1536-1.jpg\" \/>\n\t<meta property=\"og:image:width\" content=\"1536\" \/>\n\t<meta property=\"og:image:height\" content=\"1536\" \/>\n\t<meta property=\"og:image:type\" content=\"image\/jpeg\" \/>\n<meta name=\"twitter:card\" content=\"summary_large_image\" \/>\n<meta name=\"twitter:label1\" content=\"Est. reading time\" \/>\n\t<meta name=\"twitter:data1\" content=\"1 minute\" \/>\n<script type=\"application\/ld+json\" class=\"yoast-schema-graph\">{\"@context\":\"https:\/\/schema.org\",\"@graph\":[{\"@type\":\"WebPage\",\"@id\":\"https:\/\/espanola.lt\/produktas\/romeniskai-marinuoti-artisokai-hersan-3-kg\/\",\"url\":\"https:\/\/espanola.lt\/produktas\/romeniskai-marinuoti-artisokai-hersan-3-kg\/\",\"name\":\"Rom\u0117ni\u0161kai marinuoti arti\u0161okai, Hersan 3 kg | Espanola.lt\",\"isPartOf\":{\"@id\":\"https:\/\/espanola.lt\/#website\"},\"primaryImageOfPage\":{\"@id\":\"https:\/\/espanola.lt\/produktas\/romeniskai-marinuoti-artisokai-hersan-3-kg\/#primaryimage\"},\"image\":{\"@id\":\"https:\/\/espanola.lt\/produktas\/romeniskai-marinuoti-artisokai-hersan-3-kg\/#primaryimage\"},\"thumbnailUrl\":\"https:\/\/espanola.lt\/wp-content\/uploads\/2026\/02\/CATEGORIA_3D-ALCACHOFA-ROMANA-HERSAN_1558005672-1536x1536-1.jpg\",\"datePublished\":\"2026-02-27T12:01:20+00:00\",\"dateModified\":\"2026-02-27T12:17:51+00:00\",\"description\":\"Atraskite auk\u0161tos kokyb\u0117s ispani\u0161kus delikatesus \u2013 s\u016brius, kumpius, alyvuoges ir \u017euv\u012f. Tikras Ispanijos skonis tiesiai \u012f j\u016bs\u0173 namus.\",\"breadcrumb\":{\"@id\":\"https:\/\/espanola.lt\/produktas\/romeniskai-marinuoti-artisokai-hersan-3-kg\/#breadcrumb\"},\"inLanguage\":\"en-US\",\"potentialAction\":[{\"@type\":\"ReadAction\",\"target\":[\"https:\/\/espanola.lt\/produktas\/romeniskai-marinuoti-artisokai-hersan-3-kg\/\"]}]},{\"@type\":\"ImageObject\",\"inLanguage\":\"en-US\",\"@id\":\"https:\/\/espanola.lt\/produktas\/romeniskai-marinuoti-artisokai-hersan-3-kg\/#primaryimage\",\"url\":\"https:\/\/espanola.lt\/wp-content\/uploads\/2026\/02\/CATEGORIA_3D-ALCACHOFA-ROMANA-HERSAN_1558005672-1536x1536-1.jpg\",\"contentUrl\":\"https:\/\/espanola.lt\/wp-content\/uploads\/2026\/02\/CATEGORIA_3D-ALCACHOFA-ROMANA-HERSAN_1558005672-1536x1536-1.jpg\",\"width\":1536,\"height\":1536},{\"@type\":\"BreadcrumbList\",\"@id\":\"https:\/\/espanola.lt\/produktas\/romeniskai-marinuoti-artisokai-hersan-3-kg\/#breadcrumb\",\"itemListElement\":[{\"@type\":\"ListItem\",\"position\":1,\"name\":\"Home\",\"item\":\"https:\/\/espanola.lt\/en\/homepage\/\"},{\"@type\":\"ListItem\",\"position\":2,\"name\":\"Shop\",\"item\":\"https:\/\/espanola.lt\/en\/shop\/\"},{\"@type\":\"ListItem\",\"position\":3,\"name\":\"Rom\u0117ni\u0161kai marinuoti arti\u0161okai, Hersan 3 kg\"}]},{\"@type\":\"WebSite\",\"@id\":\"https:\/\/espanola.lt\/#website\",\"url\":\"https:\/\/espanola.lt\/\",\"name\":\"Espanola.lt | Tikras Ispanijos skonis \u2013 J\u016bs\u0173 namuose!\",\"description\":\"\",\"publisher\":{\"@id\":\"https:\/\/espanola.lt\/#organization\"},\"potentialAction\":[{\"@type\":\"SearchAction\",\"target\":{\"@type\":\"EntryPoint\",\"urlTemplate\":\"https:\/\/espanola.lt\/?s={search_term_string}\"},\"query-input\":{\"@type\":\"PropertyValueSpecification\",\"valueRequired\":true,\"valueName\":\"search_term_string\"}}],\"inLanguage\":\"en-US\"},{\"@type\":\"Organization\",\"@id\":\"https:\/\/espanola.lt\/#organization\",\"name\":\"Espanola.lt\",\"url\":\"https:\/\/espanola.lt\/\",\"logo\":{\"@type\":\"ImageObject\",\"inLanguage\":\"en-US\",\"@id\":\"https:\/\/espanola.lt\/#\/schema\/logo\/image\/\",\"url\":\"https:\/\/espanola.lt\/wp-content\/uploads\/2023\/03\/notext_color.png\",\"contentUrl\":\"https:\/\/espanola.lt\/wp-content\/uploads\/2023\/03\/notext_color.png\",\"width\":916,\"height\":204,\"caption\":\"Espanola.lt\"},\"image\":{\"@id\":\"https:\/\/espanola.lt\/#\/schema\/logo\/image\/\"},\"sameAs\":[\"https:\/\/www.facebook.com\/espanola.lt\",\"https:\/\/www.instagram.com\/espanola.lt\/\"]}]}<\/script>\n<!-- \/ Yoast SEO plugin. -->","yoast_head_json":{"title":"Rom\u0117ni\u0161kai marinuoti arti\u0161okai, Hersan 3 kg | Espanola.lt","description":"Atraskite auk\u0161tos kokyb\u0117s ispani\u0161kus delikatesus \u2013 s\u016brius, kumpius, alyvuoges ir \u017euv\u012f. Tikras Ispanijos skonis tiesiai \u012f j\u016bs\u0173 namus.","robots":{"index":"index","follow":"follow","max-snippet":"max-snippet:-1","max-image-preview":"max-image-preview:large","max-video-preview":"max-video-preview:-1"},"canonical":"https:\/\/espanola.lt\/produktas\/romeniskai-marinuoti-artisokai-hersan-3-kg\/","og_locale":"en_US","og_type":"article","og_title":"Rom\u0117ni\u0161kai marinuoti arti\u0161okai, Hersan 3 kg | Espanola.lt","og_description":"Atraskite auk\u0161tos kokyb\u0117s ispani\u0161kus delikatesus \u2013 s\u016brius, kumpius, alyvuoges ir \u017euv\u012f. Tikras Ispanijos skonis tiesiai \u012f j\u016bs\u0173 namus.","og_url":"https:\/\/espanola.lt\/produktas\/romeniskai-marinuoti-artisokai-hersan-3-kg\/","og_site_name":"Espanola","article_publisher":"https:\/\/www.facebook.com\/espanola.lt","article_modified_time":"2026-02-27T12:17:51+00:00","og_image":[{"width":1536,"height":1536,"url":"https:\/\/espanola.lt\/wp-content\/uploads\/2026\/02\/CATEGORIA_3D-ALCACHOFA-ROMANA-HERSAN_1558005672-1536x1536-1.jpg","type":"image\/jpeg"}],"twitter_card":"summary_large_image","twitter_misc":{"Est. reading time":"1 minute"},"schema":{"@context":"https:\/\/schema.org","@graph":[{"@type":"WebPage","@id":"https:\/\/espanola.lt\/produktas\/romeniskai-marinuoti-artisokai-hersan-3-kg\/","url":"https:\/\/espanola.lt\/produktas\/romeniskai-marinuoti-artisokai-hersan-3-kg\/","name":"Rom\u0117ni\u0161kai marinuoti arti\u0161okai, Hersan 3 kg | Espanola.lt","isPartOf":{"@id":"https:\/\/espanola.lt\/#website"},"primaryImageOfPage":{"@id":"https:\/\/espanola.lt\/produktas\/romeniskai-marinuoti-artisokai-hersan-3-kg\/#primaryimage"},"image":{"@id":"https:\/\/espanola.lt\/produktas\/romeniskai-marinuoti-artisokai-hersan-3-kg\/#primaryimage"},"thumbnailUrl":"https:\/\/espanola.lt\/wp-content\/uploads\/2026\/02\/CATEGORIA_3D-ALCACHOFA-ROMANA-HERSAN_1558005672-1536x1536-1.jpg","datePublished":"2026-02-27T12:01:20+00:00","dateModified":"2026-02-27T12:17:51+00:00","description":"Atraskite auk\u0161tos kokyb\u0117s ispani\u0161kus delikatesus \u2013 s\u016brius, kumpius, alyvuoges ir \u017euv\u012f. Tikras Ispanijos skonis tiesiai \u012f j\u016bs\u0173 namus.","breadcrumb":{"@id":"https:\/\/espanola.lt\/produktas\/romeniskai-marinuoti-artisokai-hersan-3-kg\/#breadcrumb"},"inLanguage":"en-US","potentialAction":[{"@type":"ReadAction","target":["https:\/\/espanola.lt\/produktas\/romeniskai-marinuoti-artisokai-hersan-3-kg\/"]}]},{"@type":"ImageObject","inLanguage":"en-US","@id":"https:\/\/espanola.lt\/produktas\/romeniskai-marinuoti-artisokai-hersan-3-kg\/#primaryimage","url":"https:\/\/espanola.lt\/wp-content\/uploads\/2026\/02\/CATEGORIA_3D-ALCACHOFA-ROMANA-HERSAN_1558005672-1536x1536-1.jpg","contentUrl":"https:\/\/espanola.lt\/wp-content\/uploads\/2026\/02\/CATEGORIA_3D-ALCACHOFA-ROMANA-HERSAN_1558005672-1536x1536-1.jpg","width":1536,"height":1536},{"@type":"BreadcrumbList","@id":"https:\/\/espanola.lt\/produktas\/romeniskai-marinuoti-artisokai-hersan-3-kg\/#breadcrumb","itemListElement":[{"@type":"ListItem","position":1,"name":"Home","item":"https:\/\/espanola.lt\/en\/homepage\/"},{"@type":"ListItem","position":2,"name":"Shop","item":"https:\/\/espanola.lt\/en\/shop\/"},{"@type":"ListItem","position":3,"name":"Rom\u0117ni\u0161kai marinuoti arti\u0161okai, Hersan 3 kg"}]},{"@type":"WebSite","@id":"https:\/\/espanola.lt\/#website","url":"https:\/\/espanola.lt\/","name":"Espanola.lt | Tikras Ispanijos skonis \u2013 J\u016bs\u0173 namuose!","description":"","publisher":{"@id":"https:\/\/espanola.lt\/#organization"},"potentialAction":[{"@type":"SearchAction","target":{"@type":"EntryPoint","urlTemplate":"https:\/\/espanola.lt\/?s={search_term_string}"},"query-input":{"@type":"PropertyValueSpecification","valueRequired":true,"valueName":"search_term_string"}}],"inLanguage":"en-US"},{"@type":"Organization","@id":"https:\/\/espanola.lt\/#organization","name":"Espanola.lt","url":"https:\/\/espanola.lt\/","logo":{"@type":"ImageObject","inLanguage":"en-US","@id":"https:\/\/espanola.lt\/#\/schema\/logo\/image\/","url":"https:\/\/espanola.lt\/wp-content\/uploads\/2023\/03\/notext_color.png","contentUrl":"https:\/\/espanola.lt\/wp-content\/uploads\/2023\/03\/notext_color.png","width":916,"height":204,"caption":"Espanola.lt"},"image":{"@id":"https:\/\/espanola.lt\/#\/schema\/logo\/image\/"},"sameAs":["https:\/\/www.facebook.com\/espanola.lt","https:\/\/www.instagram.com\/espanola.lt\/"]}]}},"_links":{"self":[{"href":"https:\/\/espanola.lt\/en\/wp-json\/wp\/v2\/product\/27073"}],"collection":[{"href":"https:\/\/espanola.lt\/en\/wp-json\/wp\/v2\/product"}],"about":[{"href":"https:\/\/espanola.lt\/en\/wp-json\/wp\/v2\/types\/product"}],"version-history":[{"count":3,"href":"https:\/\/espanola.lt\/en\/wp-json\/wp\/v2\/product\/27073\/revisions"}],"predecessor-version":[{"id":27080,"href":"https:\/\/espanola.lt\/en\/wp-json\/wp\/v2\/product\/27073\/revisions\/27080"}],"wp:featuredmedia":[{"embeddable":true,"href":"https:\/\/espanola.lt\/en\/wp-json\/wp\/v2\/media\/27074"}],"wp:attachment":[{"href":"https:\/\/espanola.lt\/en\/wp-json\/wp\/v2\/media?parent=27073"}],"wp:term":[{"taxonomy":"product_brand","embeddable":true,"href":"https:\/\/espanola.lt\/en\/wp-json\/wp\/v2\/product_brand?post=27073"},{"taxonomy":"product_cat","embeddable":true,"href":"https:\/\/espanola.lt\/en\/wp-json\/wp\/v2\/product_cat?post=27073"},{"taxonomy":"product_tag","embeddable":true,"href":"https:\/\/espanola.lt\/en\/wp-json\/wp\/v2\/product_tag?post=27073"}],"curies":[{"name":"wp","href":"https:\/\/api.w.org\/{rel}","templated":true}]}}