{"id":27008,"date":"2026-02-09T09:33:24","date_gmt":"2026-02-09T09:33:24","guid":{"rendered":"https:\/\/espanola.lt\/?post_type=product&#038;p=27008"},"modified":"2026-03-23T09:34:36","modified_gmt":"2026-03-23T09:34:36","slug":"tunafit-tunas-saulegrazu-aliejuje-380g","status":"publish","type":"product","link":"https:\/\/espanola.lt\/en\/produktas\/tunafit-tunas-saulegrazu-aliejuje-380g\/","title":{"rendered":"\u201eTunafit\u201c tunas saul\u0117gr\u0105\u017e\u0173 aliejuje 3*80g."},"content":{"rendered":"<p data-start=\"88\" data-end=\"168\"><strong data-start=\"88\" data-end=\"166\">Tunafit\u201c tunas saul\u0117gr\u0105\u017e\u0173 aliejuje \u2013 auk\u0161tos kokyb\u0117s, patogiai supakuotas<\/strong><\/p>\n<p data-start=\"170\" data-end=\"457\">Atraskite \u201eTunafit\u201c tun\u0105 \u2013 auk\u0161tos kokyb\u0117s tun\u0105 saul\u0117gr\u0105\u017e\u0173 aliejuje, puikiai tinkant\u012f tiek tiesioginiam vartojimui, tiek j\u016bs\u0173 m\u0117gstamiems patiekalams. Skardin\u0117je yra <strong data-start=\"336\" data-end=\"361\">auk\u0161tos kokyb\u0117s tunas<\/strong>, o patogi <strong data-start=\"372\" data-end=\"401\">3 vienet\u0173 pakuot\u0117 po 80 g<\/strong> u\u017etikrina, kad visada tur\u0117site skanaus tuno po ranka.<\/p>\n<ul data-start=\"459\" data-end=\"628\">\n<li data-start=\"459\" data-end=\"512\">\n<p data-start=\"461\" data-end=\"512\"><strong data-start=\"461\" data-end=\"478\">Auk\u0161ta kokyb\u0117<\/strong> \u2013 tik geriausi tuno gabal\u0117liai.<\/p>\n<\/li>\n<li data-start=\"513\" data-end=\"574\">\n<p data-start=\"515\" data-end=\"574\"><strong data-start=\"515\" data-end=\"533\">Patogu naudoti<\/strong> \u2013 idealu tiek namuose, tiek kelion\u0117je.<\/p>\n<\/li>\n<li data-start=\"575\" data-end=\"628\">\n<p data-start=\"577\" data-end=\"628\"><strong data-start=\"577\" data-end=\"594\">Puikus skonis<\/strong> \u2013 tiesiogiai arba patiekaluose.<\/p>\n<\/li>\n<\/ul>\n<div class=\"woocommerce-tabs woocommerce-main-tabs\">\n<div class=\"container\">\n<div class=\"minimog-tabs minimog-tabs--horizontal minimog-tabs--title-graphic-align-center initialized\">\n<div class=\"minimog-tabs__content\">\n<div id=\"tab-content-description\" class=\"tab-content tab-content-description active\" tabindex=\"0\" role=\"tabpanel\" data-tab=\"1\" aria-labelledby=\"tab-title-description\" aria-expanded=\"true\">\n<div class=\"tab-content-wrapper\">\n<p>Sudedamosios dalys:\u00a0<strong>Tunas (\u017euvis) (65 %)<\/strong> (Katsuvonus Pelamis), saul\u0117gr\u0105\u017e\u0173 aliejus ir druska. Maistin\u0117 vert\u0117: Vert\u0117s 100 g produkto Energin\u0117 vert\u0117 1268 kj (303 kcal) Riebalai 25g (i\u0161 kuri\u0173 so\u010di\u0173j\u0173 riebal\u0173 r\u016bg\u0161\u010di\u0173 2.5g), Angliavandeniai 0 g, Cukr\u016bs 0 g, Baltymai 19.2g, Druska 0,9g. Laikyti v\u0117sioje vietoje. Atidarius pakuot\u0119 laikyti \u0161aldytuve ir suvartoti per 48h. Partijos Nr.\/Geriausia suvartoti iki: \u017er. pakuot\u0119. Grynasis svoris 950g. Gamintojas CONSERVAS HERSAL S.L. Kilm\u0117s \u0161alis: Ispanija<\/p>\n<\/div>\n<\/div>\n<\/div>\n<\/div>\n<\/div>\n<\/div>\n<div class=\"related products entry-product-section\">\n<div class=\"container\">\n<div class=\"entry-product-block\"><\/div>\n<\/div>\n<\/div>\n","protected":false},"excerpt":{"rendered":"<p>Tunafit\u201c tunas saul\u0117gr\u0105\u017e\u0173 aliejuje \u2013 auk\u0161tos kokyb\u0117s, patogiai supakuotas Atraskite \u201eTunafit\u201c tun\u0105 \u2013 auk\u0161tos kokyb\u0117s tun\u0105 saul\u0117gr\u0105\u017e\u0173 aliejuje, puikiai tinkant\u012f tiek tiesioginiam vartojimui, tiek j\u016bs\u0173 m\u0117gstamiems patiekalams. Skardin\u0117je yra auk\u0161tos kokyb\u0117s tunas, o patogi 3 vienet\u0173 pakuot\u0117 po 80 g u\u017etikrina, kad visada tur\u0117site skanaus tuno po ranka. Auk\u0161ta kokyb\u0117 \u2013 tik geriausi tuno gabal\u0117liai. Patogu naudoti \u2013 idealu tiek namuose, tiek kelion\u0117je. Puikus skonis \u2013 tiesiogiai arba patiekaluose. Sudedamosios dalys:\u00a0Tunas (\u017euvis) (65 %) (Katsuvonus Pelamis), saul\u0117gr\u0105\u017e\u0173 aliejus ir druska. Maistin\u0117 vert\u0117: Vert\u0117s 100 g produkto Energin\u0117 vert\u0117 1268 kj (303 kcal) Riebalai 25g (i\u0161 kuri\u0173 so\u010di\u0173j\u0173 riebal\u0173 r\u016bg\u0161\u010di\u0173 2.5g), Angliavandeniai 0 g, Cukr\u016bs 0 g, Baltymai 19.2g, Druska 0,9g. Laikyti v\u0117sioje vietoje. Atidarius pakuot\u0119 laikyti \u0161aldytuve ir suvartoti per 48h. Partijos Nr.\/Geriausia suvartoti iki: \u017er. pakuot\u0119. Grynasis svoris 950g. Gamintojas CONSERVAS HERSAL S.L. Kilm\u0117s \u0161alis: Ispanija<\/p>\n","protected":false},"featured_media":27024,"template":"","meta":[],"product_brand":[],"product_cat":[110,116,119,122,126],"product_tag":[],"class_list":{"0":"post-27008","1":"product","2":"type-product","3":"status-publish","4":"has-post-thumbnail","6":"product_cat-horeca-2","7":"product_cat-mazmenine-2","8":"product_cat-zuvis-horeca-2","9":"product_cat-zuvis-mazmenine-2","10":"product_cat-zuvis-2","12":"first","13":"instock","14":"shipping-taxable","15":"purchasable","16":"product-type-simple"},"yoast_head":"<!-- This site is optimized with the Yoast SEO plugin v23.7 - https:\/\/yoast.com\/wordpress\/plugins\/seo\/ -->\n<title>\u201eTunafit\u201c tunas saul\u0117gr\u0105\u017e\u0173 aliejuje 3*80g. | Espanola.lt<\/title>\n<meta name=\"description\" content=\"Atraskite auk\u0161tos kokyb\u0117s ispani\u0161kus delikatesus \u2013 s\u016brius, kumpius, alyvuoges ir \u017euv\u012f. Tikras Ispanijos skonis tiesiai \u012f j\u016bs\u0173 namus.\" \/>\n<meta name=\"robots\" content=\"index, follow, max-snippet:-1, max-image-preview:large, max-video-preview:-1\" \/>\n<link rel=\"canonical\" href=\"https:\/\/espanola.lt\/produktas\/tunafit-tunas-saulegrazu-aliejuje-380g\/\" \/>\n<meta property=\"og:locale\" content=\"en_US\" \/>\n<meta property=\"og:type\" content=\"article\" \/>\n<meta property=\"og:title\" content=\"\u201eTunafit\u201c tunas saul\u0117gr\u0105\u017e\u0173 aliejuje 3*80g. | Espanola.lt\" \/>\n<meta property=\"og:description\" content=\"Atraskite auk\u0161tos kokyb\u0117s ispani\u0161kus delikatesus \u2013 s\u016brius, kumpius, alyvuoges ir \u017euv\u012f. Tikras Ispanijos skonis tiesiai \u012f j\u016bs\u0173 namus.\" \/>\n<meta property=\"og:url\" content=\"https:\/\/espanola.lt\/produktas\/tunafit-tunas-saulegrazu-aliejuje-380g\/\" \/>\n<meta property=\"og:site_name\" content=\"Espanola\" \/>\n<meta property=\"article:publisher\" content=\"https:\/\/www.facebook.com\/espanola.lt\" \/>\n<meta property=\"article:modified_time\" content=\"2026-03-23T09:34:36+00:00\" \/>\n<meta property=\"og:image\" content=\"https:\/\/espanola.lt\/wp-content\/uploads\/2026\/02\/111111444544444UNAFIT-TRIPACK-TROZOS-ATUN-TUNAFIT-fondo-bla11nco-1536x888-1.png\" \/>\n\t<meta property=\"og:image:width\" content=\"1178\" \/>\n\t<meta property=\"og:image:height\" content=\"731\" \/>\n\t<meta property=\"og:image:type\" content=\"image\/png\" \/>\n<meta name=\"twitter:card\" content=\"summary_large_image\" \/>\n<meta name=\"twitter:label1\" content=\"Est. reading time\" \/>\n\t<meta name=\"twitter:data1\" content=\"1 minute\" \/>\n<script type=\"application\/ld+json\" class=\"yoast-schema-graph\">{\"@context\":\"https:\/\/schema.org\",\"@graph\":[{\"@type\":\"WebPage\",\"@id\":\"https:\/\/espanola.lt\/produktas\/tunafit-tunas-saulegrazu-aliejuje-380g\/\",\"url\":\"https:\/\/espanola.lt\/produktas\/tunafit-tunas-saulegrazu-aliejuje-380g\/\",\"name\":\"\u201eTunafit\u201c tunas saul\u0117gr\u0105\u017e\u0173 aliejuje 3*80g. | Espanola.lt\",\"isPartOf\":{\"@id\":\"https:\/\/espanola.lt\/#website\"},\"primaryImageOfPage\":{\"@id\":\"https:\/\/espanola.lt\/produktas\/tunafit-tunas-saulegrazu-aliejuje-380g\/#primaryimage\"},\"image\":{\"@id\":\"https:\/\/espanola.lt\/produktas\/tunafit-tunas-saulegrazu-aliejuje-380g\/#primaryimage\"},\"thumbnailUrl\":\"https:\/\/espanola.lt\/wp-content\/uploads\/2026\/02\/111111444544444UNAFIT-TRIPACK-TROZOS-ATUN-TUNAFIT-fondo-bla11nco-1536x888-1.png\",\"datePublished\":\"2026-02-09T09:33:24+00:00\",\"dateModified\":\"2026-03-23T09:34:36+00:00\",\"description\":\"Atraskite auk\u0161tos kokyb\u0117s ispani\u0161kus delikatesus \u2013 s\u016brius, kumpius, alyvuoges ir \u017euv\u012f. Tikras Ispanijos skonis tiesiai \u012f j\u016bs\u0173 namus.\",\"breadcrumb\":{\"@id\":\"https:\/\/espanola.lt\/produktas\/tunafit-tunas-saulegrazu-aliejuje-380g\/#breadcrumb\"},\"inLanguage\":\"en-US\",\"potentialAction\":[{\"@type\":\"ReadAction\",\"target\":[\"https:\/\/espanola.lt\/produktas\/tunafit-tunas-saulegrazu-aliejuje-380g\/\"]}]},{\"@type\":\"ImageObject\",\"inLanguage\":\"en-US\",\"@id\":\"https:\/\/espanola.lt\/produktas\/tunafit-tunas-saulegrazu-aliejuje-380g\/#primaryimage\",\"url\":\"https:\/\/espanola.lt\/wp-content\/uploads\/2026\/02\/111111444544444UNAFIT-TRIPACK-TROZOS-ATUN-TUNAFIT-fondo-bla11nco-1536x888-1.png\",\"contentUrl\":\"https:\/\/espanola.lt\/wp-content\/uploads\/2026\/02\/111111444544444UNAFIT-TRIPACK-TROZOS-ATUN-TUNAFIT-fondo-bla11nco-1536x888-1.png\",\"width\":1178,\"height\":731},{\"@type\":\"BreadcrumbList\",\"@id\":\"https:\/\/espanola.lt\/produktas\/tunafit-tunas-saulegrazu-aliejuje-380g\/#breadcrumb\",\"itemListElement\":[{\"@type\":\"ListItem\",\"position\":1,\"name\":\"Home\",\"item\":\"https:\/\/espanola.lt\/en\/homepage\/\"},{\"@type\":\"ListItem\",\"position\":2,\"name\":\"Shop\",\"item\":\"https:\/\/espanola.lt\/en\/shop\/\"},{\"@type\":\"ListItem\",\"position\":3,\"name\":\"\u201eTunafit\u201c tunas saul\u0117gr\u0105\u017e\u0173 aliejuje 3*80g.\"}]},{\"@type\":\"WebSite\",\"@id\":\"https:\/\/espanola.lt\/#website\",\"url\":\"https:\/\/espanola.lt\/\",\"name\":\"Espanola.lt | Tikras Ispanijos skonis \u2013 J\u016bs\u0173 namuose!\",\"description\":\"\",\"publisher\":{\"@id\":\"https:\/\/espanola.lt\/#organization\"},\"potentialAction\":[{\"@type\":\"SearchAction\",\"target\":{\"@type\":\"EntryPoint\",\"urlTemplate\":\"https:\/\/espanola.lt\/?s={search_term_string}\"},\"query-input\":{\"@type\":\"PropertyValueSpecification\",\"valueRequired\":true,\"valueName\":\"search_term_string\"}}],\"inLanguage\":\"en-US\"},{\"@type\":\"Organization\",\"@id\":\"https:\/\/espanola.lt\/#organization\",\"name\":\"Espanola.lt\",\"url\":\"https:\/\/espanola.lt\/\",\"logo\":{\"@type\":\"ImageObject\",\"inLanguage\":\"en-US\",\"@id\":\"https:\/\/espanola.lt\/#\/schema\/logo\/image\/\",\"url\":\"https:\/\/espanola.lt\/wp-content\/uploads\/2023\/03\/notext_color.png\",\"contentUrl\":\"https:\/\/espanola.lt\/wp-content\/uploads\/2023\/03\/notext_color.png\",\"width\":916,\"height\":204,\"caption\":\"Espanola.lt\"},\"image\":{\"@id\":\"https:\/\/espanola.lt\/#\/schema\/logo\/image\/\"},\"sameAs\":[\"https:\/\/www.facebook.com\/espanola.lt\",\"https:\/\/www.instagram.com\/espanola.lt\/\"]}]}<\/script>\n<!-- \/ Yoast SEO plugin. -->","yoast_head_json":{"title":"\u201eTunafit\u201c tunas saul\u0117gr\u0105\u017e\u0173 aliejuje 3*80g. | Espanola.lt","description":"Atraskite auk\u0161tos kokyb\u0117s ispani\u0161kus delikatesus \u2013 s\u016brius, kumpius, alyvuoges ir \u017euv\u012f. Tikras Ispanijos skonis tiesiai \u012f j\u016bs\u0173 namus.","robots":{"index":"index","follow":"follow","max-snippet":"max-snippet:-1","max-image-preview":"max-image-preview:large","max-video-preview":"max-video-preview:-1"},"canonical":"https:\/\/espanola.lt\/produktas\/tunafit-tunas-saulegrazu-aliejuje-380g\/","og_locale":"en_US","og_type":"article","og_title":"\u201eTunafit\u201c tunas saul\u0117gr\u0105\u017e\u0173 aliejuje 3*80g. | Espanola.lt","og_description":"Atraskite auk\u0161tos kokyb\u0117s ispani\u0161kus delikatesus \u2013 s\u016brius, kumpius, alyvuoges ir \u017euv\u012f. Tikras Ispanijos skonis tiesiai \u012f j\u016bs\u0173 namus.","og_url":"https:\/\/espanola.lt\/produktas\/tunafit-tunas-saulegrazu-aliejuje-380g\/","og_site_name":"Espanola","article_publisher":"https:\/\/www.facebook.com\/espanola.lt","article_modified_time":"2026-03-23T09:34:36+00:00","og_image":[{"width":1178,"height":731,"url":"https:\/\/espanola.lt\/wp-content\/uploads\/2026\/02\/111111444544444UNAFIT-TRIPACK-TROZOS-ATUN-TUNAFIT-fondo-bla11nco-1536x888-1.png","type":"image\/png"}],"twitter_card":"summary_large_image","twitter_misc":{"Est. reading time":"1 minute"},"schema":{"@context":"https:\/\/schema.org","@graph":[{"@type":"WebPage","@id":"https:\/\/espanola.lt\/produktas\/tunafit-tunas-saulegrazu-aliejuje-380g\/","url":"https:\/\/espanola.lt\/produktas\/tunafit-tunas-saulegrazu-aliejuje-380g\/","name":"\u201eTunafit\u201c tunas saul\u0117gr\u0105\u017e\u0173 aliejuje 3*80g. | Espanola.lt","isPartOf":{"@id":"https:\/\/espanola.lt\/#website"},"primaryImageOfPage":{"@id":"https:\/\/espanola.lt\/produktas\/tunafit-tunas-saulegrazu-aliejuje-380g\/#primaryimage"},"image":{"@id":"https:\/\/espanola.lt\/produktas\/tunafit-tunas-saulegrazu-aliejuje-380g\/#primaryimage"},"thumbnailUrl":"https:\/\/espanola.lt\/wp-content\/uploads\/2026\/02\/111111444544444UNAFIT-TRIPACK-TROZOS-ATUN-TUNAFIT-fondo-bla11nco-1536x888-1.png","datePublished":"2026-02-09T09:33:24+00:00","dateModified":"2026-03-23T09:34:36+00:00","description":"Atraskite auk\u0161tos kokyb\u0117s ispani\u0161kus delikatesus \u2013 s\u016brius, kumpius, alyvuoges ir \u017euv\u012f. Tikras Ispanijos skonis tiesiai \u012f j\u016bs\u0173 namus.","breadcrumb":{"@id":"https:\/\/espanola.lt\/produktas\/tunafit-tunas-saulegrazu-aliejuje-380g\/#breadcrumb"},"inLanguage":"en-US","potentialAction":[{"@type":"ReadAction","target":["https:\/\/espanola.lt\/produktas\/tunafit-tunas-saulegrazu-aliejuje-380g\/"]}]},{"@type":"ImageObject","inLanguage":"en-US","@id":"https:\/\/espanola.lt\/produktas\/tunafit-tunas-saulegrazu-aliejuje-380g\/#primaryimage","url":"https:\/\/espanola.lt\/wp-content\/uploads\/2026\/02\/111111444544444UNAFIT-TRIPACK-TROZOS-ATUN-TUNAFIT-fondo-bla11nco-1536x888-1.png","contentUrl":"https:\/\/espanola.lt\/wp-content\/uploads\/2026\/02\/111111444544444UNAFIT-TRIPACK-TROZOS-ATUN-TUNAFIT-fondo-bla11nco-1536x888-1.png","width":1178,"height":731},{"@type":"BreadcrumbList","@id":"https:\/\/espanola.lt\/produktas\/tunafit-tunas-saulegrazu-aliejuje-380g\/#breadcrumb","itemListElement":[{"@type":"ListItem","position":1,"name":"Home","item":"https:\/\/espanola.lt\/en\/homepage\/"},{"@type":"ListItem","position":2,"name":"Shop","item":"https:\/\/espanola.lt\/en\/shop\/"},{"@type":"ListItem","position":3,"name":"\u201eTunafit\u201c tunas saul\u0117gr\u0105\u017e\u0173 aliejuje 3*80g."}]},{"@type":"WebSite","@id":"https:\/\/espanola.lt\/#website","url":"https:\/\/espanola.lt\/","name":"Espanola.lt | Tikras Ispanijos skonis \u2013 J\u016bs\u0173 namuose!","description":"","publisher":{"@id":"https:\/\/espanola.lt\/#organization"},"potentialAction":[{"@type":"SearchAction","target":{"@type":"EntryPoint","urlTemplate":"https:\/\/espanola.lt\/?s={search_term_string}"},"query-input":{"@type":"PropertyValueSpecification","valueRequired":true,"valueName":"search_term_string"}}],"inLanguage":"en-US"},{"@type":"Organization","@id":"https:\/\/espanola.lt\/#organization","name":"Espanola.lt","url":"https:\/\/espanola.lt\/","logo":{"@type":"ImageObject","inLanguage":"en-US","@id":"https:\/\/espanola.lt\/#\/schema\/logo\/image\/","url":"https:\/\/espanola.lt\/wp-content\/uploads\/2023\/03\/notext_color.png","contentUrl":"https:\/\/espanola.lt\/wp-content\/uploads\/2023\/03\/notext_color.png","width":916,"height":204,"caption":"Espanola.lt"},"image":{"@id":"https:\/\/espanola.lt\/#\/schema\/logo\/image\/"},"sameAs":["https:\/\/www.facebook.com\/espanola.lt","https:\/\/www.instagram.com\/espanola.lt\/"]}]}},"_links":{"self":[{"href":"https:\/\/espanola.lt\/en\/wp-json\/wp\/v2\/product\/27008"}],"collection":[{"href":"https:\/\/espanola.lt\/en\/wp-json\/wp\/v2\/product"}],"about":[{"href":"https:\/\/espanola.lt\/en\/wp-json\/wp\/v2\/types\/product"}],"version-history":[{"count":1,"href":"https:\/\/espanola.lt\/en\/wp-json\/wp\/v2\/product\/27008\/revisions"}],"predecessor-version":[{"id":27011,"href":"https:\/\/espanola.lt\/en\/wp-json\/wp\/v2\/product\/27008\/revisions\/27011"}],"wp:featuredmedia":[{"embeddable":true,"href":"https:\/\/espanola.lt\/en\/wp-json\/wp\/v2\/media\/27024"}],"wp:attachment":[{"href":"https:\/\/espanola.lt\/en\/wp-json\/wp\/v2\/media?parent=27008"}],"wp:term":[{"taxonomy":"product_brand","embeddable":true,"href":"https:\/\/espanola.lt\/en\/wp-json\/wp\/v2\/product_brand?post=27008"},{"taxonomy":"product_cat","embeddable":true,"href":"https:\/\/espanola.lt\/en\/wp-json\/wp\/v2\/product_cat?post=27008"},{"taxonomy":"product_tag","embeddable":true,"href":"https:\/\/espanola.lt\/en\/wp-json\/wp\/v2\/product_tag?post=27008"}],"curies":[{"name":"wp","href":"https:\/\/api.w.org\/{rel}","templated":true}]}}