{"id":26990,"date":"2026-02-09T08:52:52","date_gmt":"2026-02-09T08:52:52","guid":{"rendered":"https:\/\/espanola.lt\/?post_type=product&#038;p=26990"},"modified":"2026-02-09T08:52:52","modified_gmt":"2026-02-09T08:52:52","slug":"tunas-pomirodu-padaze-vakumuota-82g","status":"publish","type":"product","link":"https:\/\/espanola.lt\/en\/produktas\/tunas-pomirodu-padaze-vakumuota-82g\/","title":{"rendered":"Tunas pomirod\u0173 pada\u017ee (vakumuota) 82g."},"content":{"rendered":"<p data-start=\"0\" data-end=\"367\">\u201eEl At\u00fan Dunia\u201c su pomidor\u0173 pada\u017eu mai\u0161elyje (pouch tipo pakuot\u0117je) \u2013 tai inovatyvus pasi\u016blymas, turintis daugyb\u0119 privalum\u0173. D\u0117l prakti\u0161ko formato pakuot\u0117je yra net 95 % produkto, palyginti su 65 %, kurie da\u017eniausiai b\u016bna tradicin\u0117se skardin\u0117se. Tai rei\u0161kia didesn\u012f produkto panaudojim\u0105 ir taupym\u0105 vartotojui \u2013 u\u017e konkurencingesn\u0119 kain\u0105 gaunamas didesnis tuno kiekis.<\/p>\n<p data-start=\"369\" data-end=\"740\" data-is-last-node=\"\" data-is-only-node=\"\">\u0160is produktas neturi joki\u0173 pried\u0173 ar konservant\u0173, o pakuot\u0117 mai\u0161elyje yra patogesn\u0117, prakti\u0161kesn\u0117 ir saugesn\u0117. Skirtingai nei skardin\u0117s, ji padeda i\u0161vengti \u012fsipjovimo rizikos atidarant ir leid\u017eia patogiai naudoti bet kuriuo metu. Be to, gardus pomidor\u0173 pada\u017eas i\u0161ry\u0161kina tuno skon\u012f, tod\u0117l tai puikus pasirinkimas m\u0117gautis tiesiogiai arba naudoti m\u0117gstamuose patiekaluose.<\/p>\n<p>Sud\u0117tis: TUNAS (45 %), pomidor\u0173 pada\u017eas 55 % (saul\u0117gr\u0105\u017e\u0173 aliejus, pomidor\u0173 pasta, vanduo, cukrus, skonio stipriklis: mononatrio glutamatas, da\u017eiklis: paprik\u0173 oleorezinas, prieskonini\u0173 \u017eoleli\u0173 aromatas, baziliko aromatas, druska).<\/p>\n<p>Alergenai: \u017er. pary\u0161kintus ingredientus.<\/p>\n<p>\u2e3b<\/p>\n<p>Maistin\u0117 vert\u0117 100 g produkto<\/p>\n<p>Energin\u0117 vert\u0117 \u2013 1404 kJ \/ 336 kcal<br \/>\nRiebalai \u2013 29 g<br \/>\n\u2013 i\u0161 kuri\u0173 so\u010di\u0173j\u0173 riebal\u0173 r\u016bg\u0161\u010di\u0173 \u2013 3,6 g<br \/>\nAngliavandeniai \u2013 5,7 g<br \/>\n\u2013 i\u0161 kuri\u0173 cukr\u0173 \u2013 5,0 g<br \/>\nBaltymai \u2013 14 g<br \/>\nDruska \u2013 0,90 g<\/p>\n<p>\u2e3b<\/p>\n<p>Grynasis kiekis: 82 g<\/p>\n<p>Kilm\u0117s \u0161alis: Ekvadoras<\/p>\n<p>Laikymo s\u0105lygos: laikyti v\u0117sioje ir sausoje vietoje. Atidarius laikyti \u0161aldytuve (iki +8 \u00b0C) ir suvartoti per 2 dienas.<\/p>\n","protected":false},"excerpt":{"rendered":"<p>\u201eEl At\u00fan Dunia\u201c su pomidor\u0173 pada\u017eu mai\u0161elyje (pouch tipo pakuot\u0117je) \u2013 tai inovatyvus pasi\u016blymas, turintis daugyb\u0119 privalum\u0173. D\u0117l prakti\u0161ko formato pakuot\u0117je yra net 95 % produkto, palyginti su 65 %, kurie da\u017eniausiai b\u016bna tradicin\u0117se skardin\u0117se. Tai rei\u0161kia didesn\u012f produkto panaudojim\u0105 ir taupym\u0105 vartotojui \u2013 u\u017e konkurencingesn\u0119 kain\u0105 gaunamas didesnis tuno kiekis. \u0160is produktas neturi joki\u0173 pried\u0173 ar konservant\u0173, o pakuot\u0117 mai\u0161elyje yra patogesn\u0117, prakti\u0161kesn\u0117 ir saugesn\u0117. Skirtingai nei skardin\u0117s, ji padeda i\u0161vengti \u012fsipjovimo rizikos atidarant ir leid\u017eia patogiai naudoti bet kuriuo metu. Be to, gardus pomidor\u0173 pada\u017eas i\u0161ry\u0161kina tuno skon\u012f, tod\u0117l tai puikus pasirinkimas m\u0117gautis tiesiogiai arba naudoti m\u0117gstamuose patiekaluose. Sud\u0117tis: TUNAS (45 %), pomidor\u0173 pada\u017eas 55 % (saul\u0117gr\u0105\u017e\u0173 aliejus, pomidor\u0173 pasta, vanduo, cukrus, skonio stipriklis: mononatrio glutamatas, da\u017eiklis: paprik\u0173 oleorezinas, prieskonini\u0173 \u017eoleli\u0173 aromatas, baziliko aromatas, druska). Alergenai: \u017er. pary\u0161kintus ingredientus. \u2e3b Maistin\u0117 vert\u0117 100 g produkto Energin\u0117 vert\u0117 \u2013 1404 kJ \/ 336 kcal Riebalai \u2013 29 g \u2013 i\u0161 kuri\u0173 so\u010di\u0173j\u0173 riebal\u0173 r\u016bg\u0161\u010di\u0173 \u2013 3,6 g Angliavandeniai \u2013 5,7 g \u2013 i\u0161 kuri\u0173 cukr\u0173 \u2013 5,0 g Baltymai \u2013 14 g Druska \u2013 0,90 g \u2e3b Grynasis kiekis: 82 g Kilm\u0117s \u0161alis: Ekvadoras Laikymo s\u0105lygos: laikyti v\u0117sioje ir sausoje vietoje. Atidarius laikyti \u0161aldytuve (iki +8 \u00b0C) ir suvartoti per 2 dienas.<\/p>\n","protected":false},"featured_media":26991,"template":"","meta":[],"product_brand":[],"product_cat":[110,116,119,122,126],"product_tag":[],"class_list":{"0":"post-26990","1":"product","2":"type-product","3":"status-publish","4":"has-post-thumbnail","6":"product_cat-horeca-2","7":"product_cat-mazmenine-2","8":"product_cat-zuvis-horeca-2","9":"product_cat-zuvis-mazmenine-2","10":"product_cat-zuvis-2","12":"first","13":"instock","14":"shipping-taxable","15":"purchasable","16":"product-type-simple"},"yoast_head":"<!-- This site is optimized with the Yoast SEO plugin v23.7 - https:\/\/yoast.com\/wordpress\/plugins\/seo\/ -->\n<title>Tunas pomirod\u0173 pada\u017ee (vakumuota) 82g. | Espanola.lt<\/title>\n<meta name=\"description\" content=\"Atraskite auk\u0161tos kokyb\u0117s ispani\u0161kus delikatesus \u2013 s\u016brius, kumpius, alyvuoges ir \u017euv\u012f. Tikras Ispanijos skonis tiesiai \u012f j\u016bs\u0173 namus.\" \/>\n<meta name=\"robots\" content=\"index, follow, max-snippet:-1, max-image-preview:large, max-video-preview:-1\" \/>\n<link rel=\"canonical\" href=\"https:\/\/espanola.lt\/produktas\/tunas-pomirodu-padaze-vakumuota-82g\/\" \/>\n<meta property=\"og:locale\" content=\"en_US\" \/>\n<meta property=\"og:type\" content=\"article\" \/>\n<meta property=\"og:title\" content=\"Tunas pomirod\u0173 pada\u017ee (vakumuota) 82g. | Espanola.lt\" \/>\n<meta property=\"og:description\" content=\"Atraskite auk\u0161tos kokyb\u0117s ispani\u0161kus delikatesus \u2013 s\u016brius, kumpius, alyvuoges ir \u017euv\u012f. Tikras Ispanijos skonis tiesiai \u012f j\u016bs\u0173 namus.\" \/>\n<meta property=\"og:url\" content=\"https:\/\/espanola.lt\/produktas\/tunas-pomirodu-padaze-vakumuota-82g\/\" \/>\n<meta property=\"og:site_name\" content=\"Espanola\" \/>\n<meta property=\"article:publisher\" content=\"https:\/\/www.facebook.com\/espanola.lt\" \/>\n<meta property=\"og:image\" content=\"https:\/\/espanola.lt\/wp-content\/uploads\/2026\/02\/DUNIA-BOLSA-ATUN-TOM-82GR-copia-1451x1536-1.jpg\" \/>\n\t<meta property=\"og:image:width\" content=\"1451\" \/>\n\t<meta property=\"og:image:height\" content=\"1536\" \/>\n\t<meta property=\"og:image:type\" content=\"image\/jpeg\" \/>\n<meta name=\"twitter:card\" content=\"summary_large_image\" \/>\n<meta name=\"twitter:label1\" content=\"Est. reading time\" \/>\n\t<meta name=\"twitter:data1\" content=\"2 minutes\" \/>\n<script type=\"application\/ld+json\" class=\"yoast-schema-graph\">{\"@context\":\"https:\/\/schema.org\",\"@graph\":[{\"@type\":\"WebPage\",\"@id\":\"https:\/\/espanola.lt\/produktas\/tunas-pomirodu-padaze-vakumuota-82g\/\",\"url\":\"https:\/\/espanola.lt\/produktas\/tunas-pomirodu-padaze-vakumuota-82g\/\",\"name\":\"Tunas pomirod\u0173 pada\u017ee (vakumuota) 82g. | Espanola.lt\",\"isPartOf\":{\"@id\":\"https:\/\/espanola.lt\/#website\"},\"primaryImageOfPage\":{\"@id\":\"https:\/\/espanola.lt\/produktas\/tunas-pomirodu-padaze-vakumuota-82g\/#primaryimage\"},\"image\":{\"@id\":\"https:\/\/espanola.lt\/produktas\/tunas-pomirodu-padaze-vakumuota-82g\/#primaryimage\"},\"thumbnailUrl\":\"https:\/\/espanola.lt\/wp-content\/uploads\/2026\/02\/DUNIA-BOLSA-ATUN-TOM-82GR-copia-1451x1536-1.jpg\",\"datePublished\":\"2026-02-09T08:52:52+00:00\",\"dateModified\":\"2026-02-09T08:52:52+00:00\",\"description\":\"Atraskite auk\u0161tos kokyb\u0117s ispani\u0161kus delikatesus \u2013 s\u016brius, kumpius, alyvuoges ir \u017euv\u012f. Tikras Ispanijos skonis tiesiai \u012f j\u016bs\u0173 namus.\",\"breadcrumb\":{\"@id\":\"https:\/\/espanola.lt\/produktas\/tunas-pomirodu-padaze-vakumuota-82g\/#breadcrumb\"},\"inLanguage\":\"en-US\",\"potentialAction\":[{\"@type\":\"ReadAction\",\"target\":[\"https:\/\/espanola.lt\/produktas\/tunas-pomirodu-padaze-vakumuota-82g\/\"]}]},{\"@type\":\"ImageObject\",\"inLanguage\":\"en-US\",\"@id\":\"https:\/\/espanola.lt\/produktas\/tunas-pomirodu-padaze-vakumuota-82g\/#primaryimage\",\"url\":\"https:\/\/espanola.lt\/wp-content\/uploads\/2026\/02\/DUNIA-BOLSA-ATUN-TOM-82GR-copia-1451x1536-1.jpg\",\"contentUrl\":\"https:\/\/espanola.lt\/wp-content\/uploads\/2026\/02\/DUNIA-BOLSA-ATUN-TOM-82GR-copia-1451x1536-1.jpg\",\"width\":1451,\"height\":1536},{\"@type\":\"BreadcrumbList\",\"@id\":\"https:\/\/espanola.lt\/produktas\/tunas-pomirodu-padaze-vakumuota-82g\/#breadcrumb\",\"itemListElement\":[{\"@type\":\"ListItem\",\"position\":1,\"name\":\"Home\",\"item\":\"https:\/\/espanola.lt\/en\/homepage\/\"},{\"@type\":\"ListItem\",\"position\":2,\"name\":\"Shop\",\"item\":\"https:\/\/espanola.lt\/en\/shop\/\"},{\"@type\":\"ListItem\",\"position\":3,\"name\":\"Tunas pomirod\u0173 pada\u017ee (vakumuota) 82g.\"}]},{\"@type\":\"WebSite\",\"@id\":\"https:\/\/espanola.lt\/#website\",\"url\":\"https:\/\/espanola.lt\/\",\"name\":\"Espanola.lt | Tikras Ispanijos skonis \u2013 J\u016bs\u0173 namuose!\",\"description\":\"\",\"publisher\":{\"@id\":\"https:\/\/espanola.lt\/#organization\"},\"potentialAction\":[{\"@type\":\"SearchAction\",\"target\":{\"@type\":\"EntryPoint\",\"urlTemplate\":\"https:\/\/espanola.lt\/?s={search_term_string}\"},\"query-input\":{\"@type\":\"PropertyValueSpecification\",\"valueRequired\":true,\"valueName\":\"search_term_string\"}}],\"inLanguage\":\"en-US\"},{\"@type\":\"Organization\",\"@id\":\"https:\/\/espanola.lt\/#organization\",\"name\":\"Espanola.lt\",\"url\":\"https:\/\/espanola.lt\/\",\"logo\":{\"@type\":\"ImageObject\",\"inLanguage\":\"en-US\",\"@id\":\"https:\/\/espanola.lt\/#\/schema\/logo\/image\/\",\"url\":\"https:\/\/espanola.lt\/wp-content\/uploads\/2023\/03\/notext_color.png\",\"contentUrl\":\"https:\/\/espanola.lt\/wp-content\/uploads\/2023\/03\/notext_color.png\",\"width\":916,\"height\":204,\"caption\":\"Espanola.lt\"},\"image\":{\"@id\":\"https:\/\/espanola.lt\/#\/schema\/logo\/image\/\"},\"sameAs\":[\"https:\/\/www.facebook.com\/espanola.lt\",\"https:\/\/www.instagram.com\/espanola.lt\/\"]}]}<\/script>\n<!-- \/ Yoast SEO plugin. -->","yoast_head_json":{"title":"Tunas pomirod\u0173 pada\u017ee (vakumuota) 82g. | Espanola.lt","description":"Atraskite auk\u0161tos kokyb\u0117s ispani\u0161kus delikatesus \u2013 s\u016brius, kumpius, alyvuoges ir \u017euv\u012f. Tikras Ispanijos skonis tiesiai \u012f j\u016bs\u0173 namus.","robots":{"index":"index","follow":"follow","max-snippet":"max-snippet:-1","max-image-preview":"max-image-preview:large","max-video-preview":"max-video-preview:-1"},"canonical":"https:\/\/espanola.lt\/produktas\/tunas-pomirodu-padaze-vakumuota-82g\/","og_locale":"en_US","og_type":"article","og_title":"Tunas pomirod\u0173 pada\u017ee (vakumuota) 82g. | Espanola.lt","og_description":"Atraskite auk\u0161tos kokyb\u0117s ispani\u0161kus delikatesus \u2013 s\u016brius, kumpius, alyvuoges ir \u017euv\u012f. Tikras Ispanijos skonis tiesiai \u012f j\u016bs\u0173 namus.","og_url":"https:\/\/espanola.lt\/produktas\/tunas-pomirodu-padaze-vakumuota-82g\/","og_site_name":"Espanola","article_publisher":"https:\/\/www.facebook.com\/espanola.lt","og_image":[{"width":1451,"height":1536,"url":"https:\/\/espanola.lt\/wp-content\/uploads\/2026\/02\/DUNIA-BOLSA-ATUN-TOM-82GR-copia-1451x1536-1.jpg","type":"image\/jpeg"}],"twitter_card":"summary_large_image","twitter_misc":{"Est. reading time":"2 minutes"},"schema":{"@context":"https:\/\/schema.org","@graph":[{"@type":"WebPage","@id":"https:\/\/espanola.lt\/produktas\/tunas-pomirodu-padaze-vakumuota-82g\/","url":"https:\/\/espanola.lt\/produktas\/tunas-pomirodu-padaze-vakumuota-82g\/","name":"Tunas pomirod\u0173 pada\u017ee (vakumuota) 82g. | Espanola.lt","isPartOf":{"@id":"https:\/\/espanola.lt\/#website"},"primaryImageOfPage":{"@id":"https:\/\/espanola.lt\/produktas\/tunas-pomirodu-padaze-vakumuota-82g\/#primaryimage"},"image":{"@id":"https:\/\/espanola.lt\/produktas\/tunas-pomirodu-padaze-vakumuota-82g\/#primaryimage"},"thumbnailUrl":"https:\/\/espanola.lt\/wp-content\/uploads\/2026\/02\/DUNIA-BOLSA-ATUN-TOM-82GR-copia-1451x1536-1.jpg","datePublished":"2026-02-09T08:52:52+00:00","dateModified":"2026-02-09T08:52:52+00:00","description":"Atraskite auk\u0161tos kokyb\u0117s ispani\u0161kus delikatesus \u2013 s\u016brius, kumpius, alyvuoges ir \u017euv\u012f. Tikras Ispanijos skonis tiesiai \u012f j\u016bs\u0173 namus.","breadcrumb":{"@id":"https:\/\/espanola.lt\/produktas\/tunas-pomirodu-padaze-vakumuota-82g\/#breadcrumb"},"inLanguage":"en-US","potentialAction":[{"@type":"ReadAction","target":["https:\/\/espanola.lt\/produktas\/tunas-pomirodu-padaze-vakumuota-82g\/"]}]},{"@type":"ImageObject","inLanguage":"en-US","@id":"https:\/\/espanola.lt\/produktas\/tunas-pomirodu-padaze-vakumuota-82g\/#primaryimage","url":"https:\/\/espanola.lt\/wp-content\/uploads\/2026\/02\/DUNIA-BOLSA-ATUN-TOM-82GR-copia-1451x1536-1.jpg","contentUrl":"https:\/\/espanola.lt\/wp-content\/uploads\/2026\/02\/DUNIA-BOLSA-ATUN-TOM-82GR-copia-1451x1536-1.jpg","width":1451,"height":1536},{"@type":"BreadcrumbList","@id":"https:\/\/espanola.lt\/produktas\/tunas-pomirodu-padaze-vakumuota-82g\/#breadcrumb","itemListElement":[{"@type":"ListItem","position":1,"name":"Home","item":"https:\/\/espanola.lt\/en\/homepage\/"},{"@type":"ListItem","position":2,"name":"Shop","item":"https:\/\/espanola.lt\/en\/shop\/"},{"@type":"ListItem","position":3,"name":"Tunas pomirod\u0173 pada\u017ee (vakumuota) 82g."}]},{"@type":"WebSite","@id":"https:\/\/espanola.lt\/#website","url":"https:\/\/espanola.lt\/","name":"Espanola.lt | Tikras Ispanijos skonis \u2013 J\u016bs\u0173 namuose!","description":"","publisher":{"@id":"https:\/\/espanola.lt\/#organization"},"potentialAction":[{"@type":"SearchAction","target":{"@type":"EntryPoint","urlTemplate":"https:\/\/espanola.lt\/?s={search_term_string}"},"query-input":{"@type":"PropertyValueSpecification","valueRequired":true,"valueName":"search_term_string"}}],"inLanguage":"en-US"},{"@type":"Organization","@id":"https:\/\/espanola.lt\/#organization","name":"Espanola.lt","url":"https:\/\/espanola.lt\/","logo":{"@type":"ImageObject","inLanguage":"en-US","@id":"https:\/\/espanola.lt\/#\/schema\/logo\/image\/","url":"https:\/\/espanola.lt\/wp-content\/uploads\/2023\/03\/notext_color.png","contentUrl":"https:\/\/espanola.lt\/wp-content\/uploads\/2023\/03\/notext_color.png","width":916,"height":204,"caption":"Espanola.lt"},"image":{"@id":"https:\/\/espanola.lt\/#\/schema\/logo\/image\/"},"sameAs":["https:\/\/www.facebook.com\/espanola.lt","https:\/\/www.instagram.com\/espanola.lt\/"]}]}},"_links":{"self":[{"href":"https:\/\/espanola.lt\/en\/wp-json\/wp\/v2\/product\/26990"}],"collection":[{"href":"https:\/\/espanola.lt\/en\/wp-json\/wp\/v2\/product"}],"about":[{"href":"https:\/\/espanola.lt\/en\/wp-json\/wp\/v2\/types\/product"}],"version-history":[{"count":2,"href":"https:\/\/espanola.lt\/en\/wp-json\/wp\/v2\/product\/26990\/revisions"}],"predecessor-version":[{"id":26994,"href":"https:\/\/espanola.lt\/en\/wp-json\/wp\/v2\/product\/26990\/revisions\/26994"}],"wp:featuredmedia":[{"embeddable":true,"href":"https:\/\/espanola.lt\/en\/wp-json\/wp\/v2\/media\/26991"}],"wp:attachment":[{"href":"https:\/\/espanola.lt\/en\/wp-json\/wp\/v2\/media?parent=26990"}],"wp:term":[{"taxonomy":"product_brand","embeddable":true,"href":"https:\/\/espanola.lt\/en\/wp-json\/wp\/v2\/product_brand?post=26990"},{"taxonomy":"product_cat","embeddable":true,"href":"https:\/\/espanola.lt\/en\/wp-json\/wp\/v2\/product_cat?post=26990"},{"taxonomy":"product_tag","embeddable":true,"href":"https:\/\/espanola.lt\/en\/wp-json\/wp\/v2\/product_tag?post=26990"}],"curies":[{"name":"wp","href":"https:\/\/api.w.org\/{rel}","templated":true}]}}