{"id":26602,"date":"2025-12-01T13:54:57","date_gmt":"2025-12-01T13:54:57","guid":{"rendered":"https:\/\/espanola.lt\/?post_type=product&#038;p=26602"},"modified":"2025-12-01T13:54:57","modified_gmt":"2025-12-01T13:54:57","slug":"gurmaniskas-dovanu-rinkinys-nr-1","status":"publish","type":"product","link":"https:\/\/espanola.lt\/en\/product\/gurmaniskas-dovanu-rinkinys-nr-1\/","title":{"rendered":"Gurmani\u0161kas dovan\u0173 rinkinys Nr. 1"},"content":{"rendered":"<p><strong>Rinkin<\/strong><strong>\u012f sudaro:<\/strong><\/p>\n<ol>\n<li><em>Baltas vynas Marques de Rocas; <\/em><\/li>\n<li><em>Pjaustyta CHORIZO de\u0161ra 90g.; <\/em><\/li>\n<li><em>Ma\u017eos vytintos FUET T de\u0161rel\u0117s su triufeliais, 55g.; <\/em><\/li>\n<li><em>Vytintas avies pieno s\u016bris baravykais, brandintas 5-6 m\u0117n., 200g.; <\/em><\/li>\n<li><em>J\u016bros druska pagardintas migdol\u0173 turronas 75g. <\/em><\/li>\n<li><em>Kreminis avies pieno s\u016bris su a\u0161triu raudon\u0173j\u0173 pipir\u0173 pada\u017eu, 125g. <\/em><\/li>\n<\/ol>\n<p><em>Supakuota juodoje <\/em>Dovan\u0173 d\u0117\u017eut\u0117je su kaspin\u0117liu.<\/p>\n","protected":false},"excerpt":{"rendered":"<p>Rinkin\u012f sudaro: Baltas vynas Marques de Rocas; Pjaustyta CHORIZO de\u0161ra 90g.; Ma\u017eos vytintos FUET T de\u0161rel\u0117s su triufeliais, 55g.; Vytintas avies pieno s\u016bris baravykais, brandintas 5-6 m\u0117n., 200g.; J\u016bros druska pagardintas migdol\u0173 turronas 75g. Kreminis avies pieno s\u016bris su a\u0161triu raudon\u0173j\u0173 pipir\u0173 pada\u017eu, 125g. Supakuota juodoje Dovan\u0173 d\u0117\u017eut\u0117je su kaspin\u0117liu.<\/p>\n","protected":false},"featured_media":26603,"template":"","meta":[],"product_brand":[],"product_cat":[101],"product_tag":[],"class_list":{"0":"post-26602","1":"product","2":"type-product","3":"status-publish","4":"has-post-thumbnail","6":"product_cat-dovanu-rinkiniai","8":"first","9":"instock","10":"shipping-taxable","11":"purchasable","12":"product-type-simple"},"yoast_head":"<!-- This site is optimized with the Yoast SEO plugin v23.7 - https:\/\/yoast.com\/wordpress\/plugins\/seo\/ -->\n<title>Gurmani\u0161kas dovan\u0173 rinkinys Nr. 1 | Espanola.lt<\/title>\n<meta name=\"description\" content=\"Atraskite auk\u0161tos kokyb\u0117s ispani\u0161kus delikatesus \u2013 s\u016brius, kumpius, alyvuoges ir \u017euv\u012f. Tikras Ispanijos skonis tiesiai \u012f j\u016bs\u0173 namus.\" \/>\n<meta name=\"robots\" content=\"index, follow, max-snippet:-1, max-image-preview:large, max-video-preview:-1\" \/>\n<link rel=\"canonical\" href=\"https:\/\/espanola.lt\/en\/product\/gurmaniskas-dovanu-rinkinys-nr-1\/\" \/>\n<meta property=\"og:locale\" content=\"en_US\" \/>\n<meta property=\"og:type\" content=\"article\" \/>\n<meta property=\"og:title\" content=\"Gurmani\u0161kas dovan\u0173 rinkinys Nr. 1 | Espanola.lt\" \/>\n<meta property=\"og:description\" content=\"Atraskite auk\u0161tos kokyb\u0117s ispani\u0161kus delikatesus \u2013 s\u016brius, kumpius, alyvuoges ir \u017euv\u012f. Tikras Ispanijos skonis tiesiai \u012f j\u016bs\u0173 namus.\" \/>\n<meta property=\"og:url\" content=\"https:\/\/espanola.lt\/en\/product\/gurmaniskas-dovanu-rinkinys-nr-1\/\" \/>\n<meta property=\"og:site_name\" content=\"Espanola\" \/>\n<meta property=\"article:publisher\" content=\"https:\/\/www.facebook.com\/espanola.lt\" \/>\n<meta property=\"og:image\" content=\"https:\/\/espanola.lt\/wp-content\/uploads\/2025\/12\/1.jpg\" \/>\n\t<meta property=\"og:image:width\" content=\"1200\" \/>\n\t<meta property=\"og:image:height\" content=\"1600\" \/>\n\t<meta property=\"og:image:type\" content=\"image\/jpeg\" \/>\n<meta name=\"twitter:card\" content=\"summary_large_image\" \/>\n<meta name=\"twitter:label1\" content=\"Est. reading time\" \/>\n\t<meta name=\"twitter:data1\" content=\"1 minute\" \/>\n<script type=\"application\/ld+json\" class=\"yoast-schema-graph\">{\"@context\":\"https:\/\/schema.org\",\"@graph\":[{\"@type\":\"WebPage\",\"@id\":\"https:\/\/espanola.lt\/en\/product\/gurmaniskas-dovanu-rinkinys-nr-1\/\",\"url\":\"https:\/\/espanola.lt\/en\/product\/gurmaniskas-dovanu-rinkinys-nr-1\/\",\"name\":\"Gurmani\u0161kas dovan\u0173 rinkinys Nr. 1 | Espanola.lt\",\"isPartOf\":{\"@id\":\"https:\/\/espanola.lt\/#website\"},\"primaryImageOfPage\":{\"@id\":\"https:\/\/espanola.lt\/en\/product\/gurmaniskas-dovanu-rinkinys-nr-1\/#primaryimage\"},\"image\":{\"@id\":\"https:\/\/espanola.lt\/en\/product\/gurmaniskas-dovanu-rinkinys-nr-1\/#primaryimage\"},\"thumbnailUrl\":\"https:\/\/espanola.lt\/wp-content\/uploads\/2025\/12\/1.jpg\",\"datePublished\":\"2025-12-01T13:54:57+00:00\",\"dateModified\":\"2025-12-01T13:54:57+00:00\",\"description\":\"Atraskite auk\u0161tos kokyb\u0117s ispani\u0161kus delikatesus \u2013 s\u016brius, kumpius, alyvuoges ir \u017euv\u012f. Tikras Ispanijos skonis tiesiai \u012f j\u016bs\u0173 namus.\",\"breadcrumb\":{\"@id\":\"https:\/\/espanola.lt\/en\/product\/gurmaniskas-dovanu-rinkinys-nr-1\/#breadcrumb\"},\"inLanguage\":\"en-US\",\"potentialAction\":[{\"@type\":\"ReadAction\",\"target\":[\"https:\/\/espanola.lt\/en\/product\/gurmaniskas-dovanu-rinkinys-nr-1\/\"]}]},{\"@type\":\"ImageObject\",\"inLanguage\":\"en-US\",\"@id\":\"https:\/\/espanola.lt\/en\/product\/gurmaniskas-dovanu-rinkinys-nr-1\/#primaryimage\",\"url\":\"https:\/\/espanola.lt\/wp-content\/uploads\/2025\/12\/1.jpg\",\"contentUrl\":\"https:\/\/espanola.lt\/wp-content\/uploads\/2025\/12\/1.jpg\",\"width\":1200,\"height\":1600},{\"@type\":\"BreadcrumbList\",\"@id\":\"https:\/\/espanola.lt\/en\/product\/gurmaniskas-dovanu-rinkinys-nr-1\/#breadcrumb\",\"itemListElement\":[{\"@type\":\"ListItem\",\"position\":1,\"name\":\"Home\",\"item\":\"https:\/\/espanola.lt\/en\/homepage\/\"},{\"@type\":\"ListItem\",\"position\":2,\"name\":\"Shop\",\"item\":\"https:\/\/espanola.lt\/en\/shop\/\"},{\"@type\":\"ListItem\",\"position\":3,\"name\":\"Gurmani\u0161kas dovan\u0173 rinkinys Nr. 1\"}]},{\"@type\":\"WebSite\",\"@id\":\"https:\/\/espanola.lt\/#website\",\"url\":\"https:\/\/espanola.lt\/\",\"name\":\"Espanola.lt | Tikras Ispanijos skonis \u2013 J\u016bs\u0173 namuose!\",\"description\":\"\",\"publisher\":{\"@id\":\"https:\/\/espanola.lt\/#organization\"},\"potentialAction\":[{\"@type\":\"SearchAction\",\"target\":{\"@type\":\"EntryPoint\",\"urlTemplate\":\"https:\/\/espanola.lt\/?s={search_term_string}\"},\"query-input\":{\"@type\":\"PropertyValueSpecification\",\"valueRequired\":true,\"valueName\":\"search_term_string\"}}],\"inLanguage\":\"en-US\"},{\"@type\":\"Organization\",\"@id\":\"https:\/\/espanola.lt\/#organization\",\"name\":\"Espanola.lt\",\"url\":\"https:\/\/espanola.lt\/\",\"logo\":{\"@type\":\"ImageObject\",\"inLanguage\":\"en-US\",\"@id\":\"https:\/\/espanola.lt\/#\/schema\/logo\/image\/\",\"url\":\"https:\/\/espanola.lt\/wp-content\/uploads\/2023\/03\/notext_color.png\",\"contentUrl\":\"https:\/\/espanola.lt\/wp-content\/uploads\/2023\/03\/notext_color.png\",\"width\":916,\"height\":204,\"caption\":\"Espanola.lt\"},\"image\":{\"@id\":\"https:\/\/espanola.lt\/#\/schema\/logo\/image\/\"},\"sameAs\":[\"https:\/\/www.facebook.com\/espanola.lt\",\"https:\/\/www.instagram.com\/espanola.lt\/\"]}]}<\/script>\n<!-- \/ Yoast SEO plugin. -->","yoast_head_json":{"title":"Gurmani\u0161kas dovan\u0173 rinkinys Nr. 1 | Espanola.lt","description":"Atraskite auk\u0161tos kokyb\u0117s ispani\u0161kus delikatesus \u2013 s\u016brius, kumpius, alyvuoges ir \u017euv\u012f. Tikras Ispanijos skonis tiesiai \u012f j\u016bs\u0173 namus.","robots":{"index":"index","follow":"follow","max-snippet":"max-snippet:-1","max-image-preview":"max-image-preview:large","max-video-preview":"max-video-preview:-1"},"canonical":"https:\/\/espanola.lt\/en\/product\/gurmaniskas-dovanu-rinkinys-nr-1\/","og_locale":"en_US","og_type":"article","og_title":"Gurmani\u0161kas dovan\u0173 rinkinys Nr. 1 | Espanola.lt","og_description":"Atraskite auk\u0161tos kokyb\u0117s ispani\u0161kus delikatesus \u2013 s\u016brius, kumpius, alyvuoges ir \u017euv\u012f. Tikras Ispanijos skonis tiesiai \u012f j\u016bs\u0173 namus.","og_url":"https:\/\/espanola.lt\/en\/product\/gurmaniskas-dovanu-rinkinys-nr-1\/","og_site_name":"Espanola","article_publisher":"https:\/\/www.facebook.com\/espanola.lt","og_image":[{"width":1200,"height":1600,"url":"https:\/\/espanola.lt\/wp-content\/uploads\/2025\/12\/1.jpg","type":"image\/jpeg"}],"twitter_card":"summary_large_image","twitter_misc":{"Est. reading time":"1 minute"},"schema":{"@context":"https:\/\/schema.org","@graph":[{"@type":"WebPage","@id":"https:\/\/espanola.lt\/en\/product\/gurmaniskas-dovanu-rinkinys-nr-1\/","url":"https:\/\/espanola.lt\/en\/product\/gurmaniskas-dovanu-rinkinys-nr-1\/","name":"Gurmani\u0161kas dovan\u0173 rinkinys Nr. 1 | Espanola.lt","isPartOf":{"@id":"https:\/\/espanola.lt\/#website"},"primaryImageOfPage":{"@id":"https:\/\/espanola.lt\/en\/product\/gurmaniskas-dovanu-rinkinys-nr-1\/#primaryimage"},"image":{"@id":"https:\/\/espanola.lt\/en\/product\/gurmaniskas-dovanu-rinkinys-nr-1\/#primaryimage"},"thumbnailUrl":"https:\/\/espanola.lt\/wp-content\/uploads\/2025\/12\/1.jpg","datePublished":"2025-12-01T13:54:57+00:00","dateModified":"2025-12-01T13:54:57+00:00","description":"Atraskite auk\u0161tos kokyb\u0117s ispani\u0161kus delikatesus \u2013 s\u016brius, kumpius, alyvuoges ir \u017euv\u012f. Tikras Ispanijos skonis tiesiai \u012f j\u016bs\u0173 namus.","breadcrumb":{"@id":"https:\/\/espanola.lt\/en\/product\/gurmaniskas-dovanu-rinkinys-nr-1\/#breadcrumb"},"inLanguage":"en-US","potentialAction":[{"@type":"ReadAction","target":["https:\/\/espanola.lt\/en\/product\/gurmaniskas-dovanu-rinkinys-nr-1\/"]}]},{"@type":"ImageObject","inLanguage":"en-US","@id":"https:\/\/espanola.lt\/en\/product\/gurmaniskas-dovanu-rinkinys-nr-1\/#primaryimage","url":"https:\/\/espanola.lt\/wp-content\/uploads\/2025\/12\/1.jpg","contentUrl":"https:\/\/espanola.lt\/wp-content\/uploads\/2025\/12\/1.jpg","width":1200,"height":1600},{"@type":"BreadcrumbList","@id":"https:\/\/espanola.lt\/en\/product\/gurmaniskas-dovanu-rinkinys-nr-1\/#breadcrumb","itemListElement":[{"@type":"ListItem","position":1,"name":"Home","item":"https:\/\/espanola.lt\/en\/homepage\/"},{"@type":"ListItem","position":2,"name":"Shop","item":"https:\/\/espanola.lt\/en\/shop\/"},{"@type":"ListItem","position":3,"name":"Gurmani\u0161kas dovan\u0173 rinkinys Nr. 1"}]},{"@type":"WebSite","@id":"https:\/\/espanola.lt\/#website","url":"https:\/\/espanola.lt\/","name":"Espanola.lt | Tikras Ispanijos skonis \u2013 J\u016bs\u0173 namuose!","description":"","publisher":{"@id":"https:\/\/espanola.lt\/#organization"},"potentialAction":[{"@type":"SearchAction","target":{"@type":"EntryPoint","urlTemplate":"https:\/\/espanola.lt\/?s={search_term_string}"},"query-input":{"@type":"PropertyValueSpecification","valueRequired":true,"valueName":"search_term_string"}}],"inLanguage":"en-US"},{"@type":"Organization","@id":"https:\/\/espanola.lt\/#organization","name":"Espanola.lt","url":"https:\/\/espanola.lt\/","logo":{"@type":"ImageObject","inLanguage":"en-US","@id":"https:\/\/espanola.lt\/#\/schema\/logo\/image\/","url":"https:\/\/espanola.lt\/wp-content\/uploads\/2023\/03\/notext_color.png","contentUrl":"https:\/\/espanola.lt\/wp-content\/uploads\/2023\/03\/notext_color.png","width":916,"height":204,"caption":"Espanola.lt"},"image":{"@id":"https:\/\/espanola.lt\/#\/schema\/logo\/image\/"},"sameAs":["https:\/\/www.facebook.com\/espanola.lt","https:\/\/www.instagram.com\/espanola.lt\/"]}]}},"_links":{"self":[{"href":"https:\/\/espanola.lt\/en\/wp-json\/wp\/v2\/product\/26602"}],"collection":[{"href":"https:\/\/espanola.lt\/en\/wp-json\/wp\/v2\/product"}],"about":[{"href":"https:\/\/espanola.lt\/en\/wp-json\/wp\/v2\/types\/product"}],"version-history":[{"count":1,"href":"https:\/\/espanola.lt\/en\/wp-json\/wp\/v2\/product\/26602\/revisions"}],"predecessor-version":[{"id":26607,"href":"https:\/\/espanola.lt\/en\/wp-json\/wp\/v2\/product\/26602\/revisions\/26607"}],"wp:featuredmedia":[{"embeddable":true,"href":"https:\/\/espanola.lt\/en\/wp-json\/wp\/v2\/media\/26603"}],"wp:attachment":[{"href":"https:\/\/espanola.lt\/en\/wp-json\/wp\/v2\/media?parent=26602"}],"wp:term":[{"taxonomy":"product_brand","embeddable":true,"href":"https:\/\/espanola.lt\/en\/wp-json\/wp\/v2\/product_brand?post=26602"},{"taxonomy":"product_cat","embeddable":true,"href":"https:\/\/espanola.lt\/en\/wp-json\/wp\/v2\/product_cat?post=26602"},{"taxonomy":"product_tag","embeddable":true,"href":"https:\/\/espanola.lt\/en\/wp-json\/wp\/v2\/product_tag?post=26602"}],"curies":[{"name":"wp","href":"https:\/\/api.w.org\/{rel}","templated":true}]}}