{"id":26557,"date":"2025-11-25T09:32:01","date_gmt":"2025-11-25T09:32:01","guid":{"rendered":"https:\/\/espanola.lt\/?post_type=product&#038;p=26557"},"modified":"2026-02-09T11:46:47","modified_gmt":"2026-02-09T11:46:47","slug":"alyvuoges-zalios-manzanilla-be-kauliuku-be-konservantu-436g","status":"publish","type":"product","link":"https:\/\/espanola.lt\/en\/product\/alyvuoges-zalios-manzanilla-be-kauliuku-be-konservantu-436g\/","title":{"rendered":"Alyvuog\u0117s \u017ealios MANZANILLA be kauliuk\u0173, be konservant\u0173, 436g."},"content":{"rendered":"<p>\u017dalioji <strong data-start=\"8\" data-end=\"22\">Manzanilla<\/strong> alyvuog\u0117 be kauliuko pasi\u017eymi \u0161velniu ir subtiliu skoniu. <strong data-start=\"81\" data-end=\"91\">BERNAL<\/strong> atrenka geriausias Manzanilla alyvuoges, kurios reprezentuoja geriausias j\u0173 i\u0161skirtin\u0117s kilm\u0117s savybes.<\/p>\n<p>Tai gurmani\u0161kas akcentas u\u017ekand\u017eiams, salotoms ar net kai kuriems g\u0117rimams.<\/p>\n<p>Sudedamosios dalys: Manzanilla alyvuog\u0117s, vanduo, druska, vitaminas C. (PASTERIZUOTA) Maistin\u0117 vert\u0117: Vert\u0117s 100 g produkto Energin\u0117 vert\u0117 799 kj (194 kcal) Riebalai 20,4 g (i\u0161 kuri\u0173 so\u010di\u0173j\u0173 riebal\u0173 r\u016bg\u0161\u010di\u0173 4,1 g.), Angliavandeniai 0,2 g., i\u0161 kuri\u0173 Cukr\u016bs 0 g, Skaidulin\u0117s med\u017eiagos 2,5, Baltymai 1,2 g, Druska 1,57 g. Laikyti v\u0117sioje vietoje. Atidarius pakuot\u0119 laikyti \u0161aldytuve. Partijos Nr.\/Geriausia suvartoti iki: \u017er. pakuot\u0119. Grynasis svoris 220gg. Gamintojas Aceitunas Callosa, S.L. . Kilm\u0117s \u0161alis: Ispanija<\/p>\n","protected":false},"excerpt":{"rendered":"<p>\u017dalioji Manzanilla alyvuog\u0117 be kauliuko pasi\u017eymi \u0161velniu ir subtiliu skoniu. BERNAL atrenka geriausias Manzanilla alyvuoges, kurios reprezentuoja geriausias j\u0173 i\u0161skirtin\u0117s kilm\u0117s savybes. Tai gurmani\u0161kas akcentas u\u017ekand\u017eiams, salotoms ar net kai kuriems g\u0117rimams. Sudedamosios dalys: Manzanilla alyvuog\u0117s, vanduo, druska, vitaminas C. (PASTERIZUOTA) Maistin\u0117 vert\u0117: Vert\u0117s 100 g produkto Energin\u0117 vert\u0117 799 kj (194 kcal) Riebalai 20,4 g (i\u0161 kuri\u0173 so\u010di\u0173j\u0173 riebal\u0173 r\u016bg\u0161\u010di\u0173 4,1 g.), Angliavandeniai 0,2 g., i\u0161 kuri\u0173 Cukr\u016bs 0 g, Skaidulin\u0117s med\u017eiagos 2,5, Baltymai 1,2 g, Druska 1,57 g. Laikyti v\u0117sioje vietoje. Atidarius pakuot\u0119 laikyti \u0161aldytuve. Partijos Nr.\/Geriausia suvartoti iki: \u017er. pakuot\u0119. Grynasis svoris 220gg. Gamintojas Aceitunas Callosa, S.L. . Kilm\u0117s \u0161alis: Ispanija<\/p>\n","protected":false},"featured_media":26560,"template":"","meta":[],"product_brand":[],"product_cat":[97,98,88],"product_tag":[],"class_list":{"0":"post-26557","1":"product","2":"type-product","3":"status-publish","4":"has-post-thumbnail","6":"product_cat-alyvuoges","7":"product_cat-alyvuoges-horeca","8":"product_cat-horeca","10":"first","11":"instock","12":"shipping-taxable","13":"purchasable","14":"product-type-simple"},"yoast_head":"<!-- This site is optimized with the Yoast SEO plugin v23.7 - https:\/\/yoast.com\/wordpress\/plugins\/seo\/ -->\n<title>Alyvuog\u0117s \u017ealios MANZANILLA be kauliuk\u0173, be konservant\u0173, 436g. | Espanola.lt<\/title>\n<meta name=\"description\" content=\"Atraskite auk\u0161tos kokyb\u0117s ispani\u0161kus delikatesus \u2013 s\u016brius, kumpius, alyvuoges ir \u017euv\u012f. Tikras Ispanijos skonis tiesiai \u012f j\u016bs\u0173 namus.\" \/>\n<meta name=\"robots\" content=\"index, follow, max-snippet:-1, max-image-preview:large, max-video-preview:-1\" \/>\n<link rel=\"canonical\" href=\"https:\/\/espanola.lt\/en\/product\/alyvuoges-zalios-manzanilla-be-kauliuku-be-konservantu-436g\/\" \/>\n<meta property=\"og:locale\" content=\"en_US\" \/>\n<meta property=\"og:type\" content=\"article\" \/>\n<meta property=\"og:title\" content=\"Alyvuog\u0117s \u017ealios MANZANILLA be kauliuk\u0173, be konservant\u0173, 436g. | Espanola.lt\" \/>\n<meta property=\"og:description\" content=\"Atraskite auk\u0161tos kokyb\u0117s ispani\u0161kus delikatesus \u2013 s\u016brius, kumpius, alyvuoges ir \u017euv\u012f. Tikras Ispanijos skonis tiesiai \u012f j\u016bs\u0173 namus.\" \/>\n<meta property=\"og:url\" content=\"https:\/\/espanola.lt\/en\/product\/alyvuoges-zalios-manzanilla-be-kauliuku-be-konservantu-436g\/\" \/>\n<meta property=\"og:site_name\" content=\"Espanola\" \/>\n<meta property=\"article:publisher\" content=\"https:\/\/www.facebook.com\/espanola.lt\" \/>\n<meta property=\"article:modified_time\" content=\"2026-02-09T11:46:47+00:00\" \/>\n<meta property=\"og:image\" content=\"https:\/\/espanola.lt\/wp-content\/uploads\/2025\/11\/free-manzanilla-ch-1.jpg\" \/>\n\t<meta property=\"og:image:width\" content=\"1812\" \/>\n\t<meta property=\"og:image:height\" content=\"1811\" \/>\n\t<meta property=\"og:image:type\" content=\"image\/jpeg\" \/>\n<meta name=\"twitter:card\" content=\"summary_large_image\" \/>\n<meta name=\"twitter:label1\" content=\"Est. reading time\" \/>\n\t<meta name=\"twitter:data1\" content=\"1 minute\" \/>\n<script type=\"application\/ld+json\" class=\"yoast-schema-graph\">{\"@context\":\"https:\/\/schema.org\",\"@graph\":[{\"@type\":\"WebPage\",\"@id\":\"https:\/\/espanola.lt\/en\/product\/alyvuoges-zalios-manzanilla-be-kauliuku-be-konservantu-436g\/\",\"url\":\"https:\/\/espanola.lt\/en\/product\/alyvuoges-zalios-manzanilla-be-kauliuku-be-konservantu-436g\/\",\"name\":\"Alyvuog\u0117s \u017ealios MANZANILLA be kauliuk\u0173, be konservant\u0173, 436g. | Espanola.lt\",\"isPartOf\":{\"@id\":\"https:\/\/espanola.lt\/#website\"},\"primaryImageOfPage\":{\"@id\":\"https:\/\/espanola.lt\/en\/product\/alyvuoges-zalios-manzanilla-be-kauliuku-be-konservantu-436g\/#primaryimage\"},\"image\":{\"@id\":\"https:\/\/espanola.lt\/en\/product\/alyvuoges-zalios-manzanilla-be-kauliuku-be-konservantu-436g\/#primaryimage\"},\"thumbnailUrl\":\"https:\/\/espanola.lt\/wp-content\/uploads\/2025\/11\/free-manzanilla-ch-1.jpg\",\"datePublished\":\"2025-11-25T09:32:01+00:00\",\"dateModified\":\"2026-02-09T11:46:47+00:00\",\"description\":\"Atraskite auk\u0161tos kokyb\u0117s ispani\u0161kus delikatesus \u2013 s\u016brius, kumpius, alyvuoges ir \u017euv\u012f. Tikras Ispanijos skonis tiesiai \u012f j\u016bs\u0173 namus.\",\"breadcrumb\":{\"@id\":\"https:\/\/espanola.lt\/en\/product\/alyvuoges-zalios-manzanilla-be-kauliuku-be-konservantu-436g\/#breadcrumb\"},\"inLanguage\":\"en-US\",\"potentialAction\":[{\"@type\":\"ReadAction\",\"target\":[\"https:\/\/espanola.lt\/en\/product\/alyvuoges-zalios-manzanilla-be-kauliuku-be-konservantu-436g\/\"]}]},{\"@type\":\"ImageObject\",\"inLanguage\":\"en-US\",\"@id\":\"https:\/\/espanola.lt\/en\/product\/alyvuoges-zalios-manzanilla-be-kauliuku-be-konservantu-436g\/#primaryimage\",\"url\":\"https:\/\/espanola.lt\/wp-content\/uploads\/2025\/11\/free-manzanilla-ch-1.jpg\",\"contentUrl\":\"https:\/\/espanola.lt\/wp-content\/uploads\/2025\/11\/free-manzanilla-ch-1.jpg\",\"width\":1812,\"height\":1811},{\"@type\":\"BreadcrumbList\",\"@id\":\"https:\/\/espanola.lt\/en\/product\/alyvuoges-zalios-manzanilla-be-kauliuku-be-konservantu-436g\/#breadcrumb\",\"itemListElement\":[{\"@type\":\"ListItem\",\"position\":1,\"name\":\"Home\",\"item\":\"https:\/\/espanola.lt\/en\/homepage\/\"},{\"@type\":\"ListItem\",\"position\":2,\"name\":\"Shop\",\"item\":\"https:\/\/espanola.lt\/en\/shop\/\"},{\"@type\":\"ListItem\",\"position\":3,\"name\":\"Alyvuog\u0117s \u017ealios MANZANILLA be kauliuk\u0173, be konservant\u0173, 436g.\"}]},{\"@type\":\"WebSite\",\"@id\":\"https:\/\/espanola.lt\/#website\",\"url\":\"https:\/\/espanola.lt\/\",\"name\":\"Espanola.lt | Tikras Ispanijos skonis \u2013 J\u016bs\u0173 namuose!\",\"description\":\"\",\"publisher\":{\"@id\":\"https:\/\/espanola.lt\/#organization\"},\"potentialAction\":[{\"@type\":\"SearchAction\",\"target\":{\"@type\":\"EntryPoint\",\"urlTemplate\":\"https:\/\/espanola.lt\/?s={search_term_string}\"},\"query-input\":{\"@type\":\"PropertyValueSpecification\",\"valueRequired\":true,\"valueName\":\"search_term_string\"}}],\"inLanguage\":\"en-US\"},{\"@type\":\"Organization\",\"@id\":\"https:\/\/espanola.lt\/#organization\",\"name\":\"Espanola.lt\",\"url\":\"https:\/\/espanola.lt\/\",\"logo\":{\"@type\":\"ImageObject\",\"inLanguage\":\"en-US\",\"@id\":\"https:\/\/espanola.lt\/#\/schema\/logo\/image\/\",\"url\":\"https:\/\/espanola.lt\/wp-content\/uploads\/2023\/03\/notext_color.png\",\"contentUrl\":\"https:\/\/espanola.lt\/wp-content\/uploads\/2023\/03\/notext_color.png\",\"width\":916,\"height\":204,\"caption\":\"Espanola.lt\"},\"image\":{\"@id\":\"https:\/\/espanola.lt\/#\/schema\/logo\/image\/\"},\"sameAs\":[\"https:\/\/www.facebook.com\/espanola.lt\",\"https:\/\/www.instagram.com\/espanola.lt\/\"]}]}<\/script>\n<!-- \/ Yoast SEO plugin. -->","yoast_head_json":{"title":"Alyvuog\u0117s \u017ealios MANZANILLA be kauliuk\u0173, be konservant\u0173, 436g. | Espanola.lt","description":"Atraskite auk\u0161tos kokyb\u0117s ispani\u0161kus delikatesus \u2013 s\u016brius, kumpius, alyvuoges ir \u017euv\u012f. Tikras Ispanijos skonis tiesiai \u012f j\u016bs\u0173 namus.","robots":{"index":"index","follow":"follow","max-snippet":"max-snippet:-1","max-image-preview":"max-image-preview:large","max-video-preview":"max-video-preview:-1"},"canonical":"https:\/\/espanola.lt\/en\/product\/alyvuoges-zalios-manzanilla-be-kauliuku-be-konservantu-436g\/","og_locale":"en_US","og_type":"article","og_title":"Alyvuog\u0117s \u017ealios MANZANILLA be kauliuk\u0173, be konservant\u0173, 436g. | Espanola.lt","og_description":"Atraskite auk\u0161tos kokyb\u0117s ispani\u0161kus delikatesus \u2013 s\u016brius, kumpius, alyvuoges ir \u017euv\u012f. Tikras Ispanijos skonis tiesiai \u012f j\u016bs\u0173 namus.","og_url":"https:\/\/espanola.lt\/en\/product\/alyvuoges-zalios-manzanilla-be-kauliuku-be-konservantu-436g\/","og_site_name":"Espanola","article_publisher":"https:\/\/www.facebook.com\/espanola.lt","article_modified_time":"2026-02-09T11:46:47+00:00","og_image":[{"width":1812,"height":1811,"url":"https:\/\/espanola.lt\/wp-content\/uploads\/2025\/11\/free-manzanilla-ch-1.jpg","type":"image\/jpeg"}],"twitter_card":"summary_large_image","twitter_misc":{"Est. reading time":"1 minute"},"schema":{"@context":"https:\/\/schema.org","@graph":[{"@type":"WebPage","@id":"https:\/\/espanola.lt\/en\/product\/alyvuoges-zalios-manzanilla-be-kauliuku-be-konservantu-436g\/","url":"https:\/\/espanola.lt\/en\/product\/alyvuoges-zalios-manzanilla-be-kauliuku-be-konservantu-436g\/","name":"Alyvuog\u0117s \u017ealios MANZANILLA be kauliuk\u0173, be konservant\u0173, 436g. | Espanola.lt","isPartOf":{"@id":"https:\/\/espanola.lt\/#website"},"primaryImageOfPage":{"@id":"https:\/\/espanola.lt\/en\/product\/alyvuoges-zalios-manzanilla-be-kauliuku-be-konservantu-436g\/#primaryimage"},"image":{"@id":"https:\/\/espanola.lt\/en\/product\/alyvuoges-zalios-manzanilla-be-kauliuku-be-konservantu-436g\/#primaryimage"},"thumbnailUrl":"https:\/\/espanola.lt\/wp-content\/uploads\/2025\/11\/free-manzanilla-ch-1.jpg","datePublished":"2025-11-25T09:32:01+00:00","dateModified":"2026-02-09T11:46:47+00:00","description":"Atraskite auk\u0161tos kokyb\u0117s ispani\u0161kus delikatesus \u2013 s\u016brius, kumpius, alyvuoges ir \u017euv\u012f. Tikras Ispanijos skonis tiesiai \u012f j\u016bs\u0173 namus.","breadcrumb":{"@id":"https:\/\/espanola.lt\/en\/product\/alyvuoges-zalios-manzanilla-be-kauliuku-be-konservantu-436g\/#breadcrumb"},"inLanguage":"en-US","potentialAction":[{"@type":"ReadAction","target":["https:\/\/espanola.lt\/en\/product\/alyvuoges-zalios-manzanilla-be-kauliuku-be-konservantu-436g\/"]}]},{"@type":"ImageObject","inLanguage":"en-US","@id":"https:\/\/espanola.lt\/en\/product\/alyvuoges-zalios-manzanilla-be-kauliuku-be-konservantu-436g\/#primaryimage","url":"https:\/\/espanola.lt\/wp-content\/uploads\/2025\/11\/free-manzanilla-ch-1.jpg","contentUrl":"https:\/\/espanola.lt\/wp-content\/uploads\/2025\/11\/free-manzanilla-ch-1.jpg","width":1812,"height":1811},{"@type":"BreadcrumbList","@id":"https:\/\/espanola.lt\/en\/product\/alyvuoges-zalios-manzanilla-be-kauliuku-be-konservantu-436g\/#breadcrumb","itemListElement":[{"@type":"ListItem","position":1,"name":"Home","item":"https:\/\/espanola.lt\/en\/homepage\/"},{"@type":"ListItem","position":2,"name":"Shop","item":"https:\/\/espanola.lt\/en\/shop\/"},{"@type":"ListItem","position":3,"name":"Alyvuog\u0117s \u017ealios MANZANILLA be kauliuk\u0173, be konservant\u0173, 436g."}]},{"@type":"WebSite","@id":"https:\/\/espanola.lt\/#website","url":"https:\/\/espanola.lt\/","name":"Espanola.lt | Tikras Ispanijos skonis \u2013 J\u016bs\u0173 namuose!","description":"","publisher":{"@id":"https:\/\/espanola.lt\/#organization"},"potentialAction":[{"@type":"SearchAction","target":{"@type":"EntryPoint","urlTemplate":"https:\/\/espanola.lt\/?s={search_term_string}"},"query-input":{"@type":"PropertyValueSpecification","valueRequired":true,"valueName":"search_term_string"}}],"inLanguage":"en-US"},{"@type":"Organization","@id":"https:\/\/espanola.lt\/#organization","name":"Espanola.lt","url":"https:\/\/espanola.lt\/","logo":{"@type":"ImageObject","inLanguage":"en-US","@id":"https:\/\/espanola.lt\/#\/schema\/logo\/image\/","url":"https:\/\/espanola.lt\/wp-content\/uploads\/2023\/03\/notext_color.png","contentUrl":"https:\/\/espanola.lt\/wp-content\/uploads\/2023\/03\/notext_color.png","width":916,"height":204,"caption":"Espanola.lt"},"image":{"@id":"https:\/\/espanola.lt\/#\/schema\/logo\/image\/"},"sameAs":["https:\/\/www.facebook.com\/espanola.lt","https:\/\/www.instagram.com\/espanola.lt\/"]}]}},"_links":{"self":[{"href":"https:\/\/espanola.lt\/en\/wp-json\/wp\/v2\/product\/26557"}],"collection":[{"href":"https:\/\/espanola.lt\/en\/wp-json\/wp\/v2\/product"}],"about":[{"href":"https:\/\/espanola.lt\/en\/wp-json\/wp\/v2\/types\/product"}],"version-history":[{"count":1,"href":"https:\/\/espanola.lt\/en\/wp-json\/wp\/v2\/product\/26557\/revisions"}],"predecessor-version":[{"id":26562,"href":"https:\/\/espanola.lt\/en\/wp-json\/wp\/v2\/product\/26557\/revisions\/26562"}],"wp:featuredmedia":[{"embeddable":true,"href":"https:\/\/espanola.lt\/en\/wp-json\/wp\/v2\/media\/26560"}],"wp:attachment":[{"href":"https:\/\/espanola.lt\/en\/wp-json\/wp\/v2\/media?parent=26557"}],"wp:term":[{"taxonomy":"product_brand","embeddable":true,"href":"https:\/\/espanola.lt\/en\/wp-json\/wp\/v2\/product_brand?post=26557"},{"taxonomy":"product_cat","embeddable":true,"href":"https:\/\/espanola.lt\/en\/wp-json\/wp\/v2\/product_cat?post=26557"},{"taxonomy":"product_tag","embeddable":true,"href":"https:\/\/espanola.lt\/en\/wp-json\/wp\/v2\/product_tag?post=26557"}],"curies":[{"name":"wp","href":"https:\/\/api.w.org\/{rel}","templated":true}]}}