{"id":26538,"date":"2025-11-20T18:45:48","date_gmt":"2025-11-20T18:45:48","guid":{"rendered":"https:\/\/espanola.lt\/?post_type=product&#038;p=26538"},"modified":"2025-12-18T08:26:26","modified_gmt":"2025-12-18T08:26:26","slug":"migdolu-ir-apelsinu-turonas-75g","status":"publish","type":"product","link":"https:\/\/espanola.lt\/en\/produktas\/migdolu-ir-apelsinu-turonas-75g\/","title":{"rendered":"Migdol\u0173 ir apelsin\u0173 turonas 75g."},"content":{"rendered":"<p data-start=\"76\" data-end=\"531\"><strong data-start=\"76\" data-end=\"99\">Sudedamosios dalys:<\/strong> Skrudinti migdolai (ES ir ne ES) 55,2 %, cukrus, medus, cukruoti apelsinai (ES) 8 % (apelsin\u0173 \u017eievel\u0117, gliukoz\u0117s-fruktoz\u0117s sirupas, cukrus, dekstroz\u0117, r\u016bg\u0161tingum\u0105 reguliuojanti med\u017eiaga: citrin\u0173 r\u016bg\u0161tis, konservantai: kalio sorbatas ir natrio metabisulfitas), vaflis (bulvi\u0173 krakmolas ir saul\u0117gr\u0105\u017e\u0173 aliejus) ir kiau\u0161ini\u0173 baltymas. Gali b\u016bti soj\u0173, \u017eem\u0117s rie\u0161ut\u0173, sezamo, pieno ir kit\u0173 rie\u0161ut\u0173 (lazdyn\u0173 ir graikini\u0173 rie\u0161ut\u0173) p\u0117dsak\u0173.<\/p>\n<p data-start=\"533\" data-end=\"636\">Laikyti v\u0117sioje ir sausoje vietoje. Maksimali temperat\u016bra 20 \u00baC. Maksimalus dr\u0117gnumas 65 %. Be glitimo.<\/p>\n<p data-start=\"638\" data-end=\"865\">Pagaminta Ispanijoje.<\/p>\n<p data-start=\"867\" data-end=\"900\"><strong data-start=\"867\" data-end=\"885\">Grynas kiekis:<\/strong> 75 g (2.64 oz)<\/p>\n<h3 data-start=\"902\" data-end=\"951\"><strong data-start=\"906\" data-end=\"951\">MAISTIN\u0116 VERT\u0116 (VIDUTIN\u0116S REIK\u0160M\u0116S) 100 g<\/strong><\/h3>\n<p data-start=\"952\" data-end=\"1122\">Energin\u0117 vert\u0117: 2175 kJ \/ 521 kcal<br data-start=\"986\" data-end=\"989\" \/>Riebalai: 29 g, i\u0161 kuri\u0173 so\u010di\u0173j\u0173 \u2013 2 g<br data-start=\"1027\" data-end=\"1030\" \/>Angliavandeniai: 50 g, i\u0161 kuri\u0173 cukr\u0173 \u2013 41 g<br data-start=\"1074\" data-end=\"1077\" \/>Skaidulos: 6 g<br data-start=\"1091\" data-end=\"1094\" \/>Baltymai: 12 g<br data-start=\"1108\" data-end=\"1111\" \/>Druska: 0 g<\/p>\n","protected":false},"excerpt":{"rendered":"<p>Sudedamosios dalys: Skrudinti migdolai (ES ir ne ES) 55,2 %, cukrus, medus, cukruoti apelsinai (ES) 8 % (apelsin\u0173 \u017eievel\u0117, gliukoz\u0117s-fruktoz\u0117s sirupas, cukrus, dekstroz\u0117, r\u016bg\u0161tingum\u0105 reguliuojanti med\u017eiaga: citrin\u0173 r\u016bg\u0161tis, konservantai: kalio sorbatas ir natrio metabisulfitas), vaflis (bulvi\u0173 krakmolas ir saul\u0117gr\u0105\u017e\u0173 aliejus) ir kiau\u0161ini\u0173 baltymas. Gali b\u016bti soj\u0173, \u017eem\u0117s rie\u0161ut\u0173, sezamo, pieno ir kit\u0173 rie\u0161ut\u0173 (lazdyn\u0173 ir graikini\u0173 rie\u0161ut\u0173) p\u0117dsak\u0173. Laikyti v\u0117sioje ir sausoje vietoje. Maksimali temperat\u016bra 20 \u00baC. Maksimalus dr\u0117gnumas 65 %. Be glitimo. Pagaminta Ispanijoje. Grynas kiekis: 75 g (2.64 oz) MAISTIN\u0116 VERT\u0116 (VIDUTIN\u0116S REIK\u0160M\u0116S) 100 g Energin\u0117 vert\u0117: 2175 kJ \/ 521 kcalRiebalai: 29 g, i\u0161 kuri\u0173 so\u010di\u0173j\u0173 \u2013 2 gAngliavandeniai: 50 g, i\u0161 kuri\u0173 cukr\u0173 \u2013 41 gSkaidulos: 6 gBaltymai: 12 gDruska: 0 g<\/p>\n","protected":false},"featured_media":26539,"template":"","meta":[],"product_brand":[],"product_cat":[131],"product_tag":[],"class_list":{"0":"post-26538","1":"product","2":"type-product","3":"status-publish","4":"has-post-thumbnail","6":"product_cat-saldumynai","8":"first","9":"outofstock","10":"shipping-taxable","11":"purchasable","12":"product-type-simple"},"yoast_head":"<!-- This site is optimized with the Yoast SEO plugin v23.7 - https:\/\/yoast.com\/wordpress\/plugins\/seo\/ -->\n<title>Migdol\u0173 ir apelsin\u0173 turonas 75g. | Espanola.lt<\/title>\n<meta name=\"description\" content=\"Atraskite auk\u0161tos kokyb\u0117s ispani\u0161kus delikatesus \u2013 s\u016brius, kumpius, alyvuoges ir \u017euv\u012f. Tikras Ispanijos skonis tiesiai \u012f j\u016bs\u0173 namus.\" \/>\n<meta name=\"robots\" content=\"index, follow, max-snippet:-1, max-image-preview:large, max-video-preview:-1\" \/>\n<link rel=\"canonical\" href=\"https:\/\/espanola.lt\/produktas\/migdolu-ir-apelsinu-turonas-75g\/\" \/>\n<meta property=\"og:locale\" content=\"en_US\" \/>\n<meta property=\"og:type\" content=\"article\" \/>\n<meta property=\"og:title\" content=\"Migdol\u0173 ir apelsin\u0173 turonas 75g. | Espanola.lt\" \/>\n<meta property=\"og:description\" content=\"Atraskite auk\u0161tos kokyb\u0117s ispani\u0161kus delikatesus \u2013 s\u016brius, kumpius, alyvuoges ir \u017euv\u012f. Tikras Ispanijos skonis tiesiai \u012f j\u016bs\u0173 namus.\" \/>\n<meta property=\"og:url\" content=\"https:\/\/espanola.lt\/produktas\/migdolu-ir-apelsinu-turonas-75g\/\" \/>\n<meta property=\"og:site_name\" content=\"Espanola\" \/>\n<meta property=\"article:publisher\" content=\"https:\/\/www.facebook.com\/espanola.lt\" \/>\n<meta property=\"article:modified_time\" content=\"2025-12-18T08:26:26+00:00\" \/>\n<meta property=\"og:image\" content=\"https:\/\/espanola.lt\/wp-content\/uploads\/2025\/11\/87469-877005-3D-CRUNCHY-ALMOND-TURRON-WITH-ORANGE-75G-1-1024x1024.png\" \/>\n\t<meta property=\"og:image:width\" content=\"1024\" \/>\n\t<meta property=\"og:image:height\" content=\"1024\" \/>\n\t<meta property=\"og:image:type\" content=\"image\/png\" \/>\n<meta name=\"twitter:card\" content=\"summary_large_image\" \/>\n<meta name=\"twitter:label1\" content=\"Est. reading time\" \/>\n\t<meta name=\"twitter:data1\" content=\"1 minute\" \/>\n<script type=\"application\/ld+json\" class=\"yoast-schema-graph\">{\"@context\":\"https:\/\/schema.org\",\"@graph\":[{\"@type\":\"WebPage\",\"@id\":\"https:\/\/espanola.lt\/produktas\/migdolu-ir-apelsinu-turonas-75g\/\",\"url\":\"https:\/\/espanola.lt\/produktas\/migdolu-ir-apelsinu-turonas-75g\/\",\"name\":\"Migdol\u0173 ir apelsin\u0173 turonas 75g. | Espanola.lt\",\"isPartOf\":{\"@id\":\"https:\/\/espanola.lt\/#website\"},\"primaryImageOfPage\":{\"@id\":\"https:\/\/espanola.lt\/produktas\/migdolu-ir-apelsinu-turonas-75g\/#primaryimage\"},\"image\":{\"@id\":\"https:\/\/espanola.lt\/produktas\/migdolu-ir-apelsinu-turonas-75g\/#primaryimage\"},\"thumbnailUrl\":\"https:\/\/espanola.lt\/wp-content\/uploads\/2025\/11\/87469-877005-3D-CRUNCHY-ALMOND-TURRON-WITH-ORANGE-75G-1.png\",\"datePublished\":\"2025-11-20T18:45:48+00:00\",\"dateModified\":\"2025-12-18T08:26:26+00:00\",\"description\":\"Atraskite auk\u0161tos kokyb\u0117s ispani\u0161kus delikatesus \u2013 s\u016brius, kumpius, alyvuoges ir \u017euv\u012f. Tikras Ispanijos skonis tiesiai \u012f j\u016bs\u0173 namus.\",\"breadcrumb\":{\"@id\":\"https:\/\/espanola.lt\/produktas\/migdolu-ir-apelsinu-turonas-75g\/#breadcrumb\"},\"inLanguage\":\"en-US\",\"potentialAction\":[{\"@type\":\"ReadAction\",\"target\":[\"https:\/\/espanola.lt\/produktas\/migdolu-ir-apelsinu-turonas-75g\/\"]}]},{\"@type\":\"ImageObject\",\"inLanguage\":\"en-US\",\"@id\":\"https:\/\/espanola.lt\/produktas\/migdolu-ir-apelsinu-turonas-75g\/#primaryimage\",\"url\":\"https:\/\/espanola.lt\/wp-content\/uploads\/2025\/11\/87469-877005-3D-CRUNCHY-ALMOND-TURRON-WITH-ORANGE-75G-1.png\",\"contentUrl\":\"https:\/\/espanola.lt\/wp-content\/uploads\/2025\/11\/87469-877005-3D-CRUNCHY-ALMOND-TURRON-WITH-ORANGE-75G-1.png\",\"width\":4800,\"height\":4800},{\"@type\":\"BreadcrumbList\",\"@id\":\"https:\/\/espanola.lt\/produktas\/migdolu-ir-apelsinu-turonas-75g\/#breadcrumb\",\"itemListElement\":[{\"@type\":\"ListItem\",\"position\":1,\"name\":\"Home\",\"item\":\"https:\/\/espanola.lt\/en\/homepage\/\"},{\"@type\":\"ListItem\",\"position\":2,\"name\":\"Shop\",\"item\":\"https:\/\/espanola.lt\/en\/shop\/\"},{\"@type\":\"ListItem\",\"position\":3,\"name\":\"Migdol\u0173 ir apelsin\u0173 turonas 75g.\"}]},{\"@type\":\"WebSite\",\"@id\":\"https:\/\/espanola.lt\/#website\",\"url\":\"https:\/\/espanola.lt\/\",\"name\":\"Espanola.lt | Tikras Ispanijos skonis \u2013 J\u016bs\u0173 namuose!\",\"description\":\"\",\"publisher\":{\"@id\":\"https:\/\/espanola.lt\/#organization\"},\"potentialAction\":[{\"@type\":\"SearchAction\",\"target\":{\"@type\":\"EntryPoint\",\"urlTemplate\":\"https:\/\/espanola.lt\/?s={search_term_string}\"},\"query-input\":{\"@type\":\"PropertyValueSpecification\",\"valueRequired\":true,\"valueName\":\"search_term_string\"}}],\"inLanguage\":\"en-US\"},{\"@type\":\"Organization\",\"@id\":\"https:\/\/espanola.lt\/#organization\",\"name\":\"Espanola.lt\",\"url\":\"https:\/\/espanola.lt\/\",\"logo\":{\"@type\":\"ImageObject\",\"inLanguage\":\"en-US\",\"@id\":\"https:\/\/espanola.lt\/#\/schema\/logo\/image\/\",\"url\":\"https:\/\/espanola.lt\/wp-content\/uploads\/2023\/03\/notext_color.png\",\"contentUrl\":\"https:\/\/espanola.lt\/wp-content\/uploads\/2023\/03\/notext_color.png\",\"width\":916,\"height\":204,\"caption\":\"Espanola.lt\"},\"image\":{\"@id\":\"https:\/\/espanola.lt\/#\/schema\/logo\/image\/\"},\"sameAs\":[\"https:\/\/www.facebook.com\/espanola.lt\",\"https:\/\/www.instagram.com\/espanola.lt\/\"]}]}<\/script>\n<!-- \/ Yoast SEO plugin. -->","yoast_head_json":{"title":"Migdol\u0173 ir apelsin\u0173 turonas 75g. | Espanola.lt","description":"Atraskite auk\u0161tos kokyb\u0117s ispani\u0161kus delikatesus \u2013 s\u016brius, kumpius, alyvuoges ir \u017euv\u012f. Tikras Ispanijos skonis tiesiai \u012f j\u016bs\u0173 namus.","robots":{"index":"index","follow":"follow","max-snippet":"max-snippet:-1","max-image-preview":"max-image-preview:large","max-video-preview":"max-video-preview:-1"},"canonical":"https:\/\/espanola.lt\/produktas\/migdolu-ir-apelsinu-turonas-75g\/","og_locale":"en_US","og_type":"article","og_title":"Migdol\u0173 ir apelsin\u0173 turonas 75g. | Espanola.lt","og_description":"Atraskite auk\u0161tos kokyb\u0117s ispani\u0161kus delikatesus \u2013 s\u016brius, kumpius, alyvuoges ir \u017euv\u012f. Tikras Ispanijos skonis tiesiai \u012f j\u016bs\u0173 namus.","og_url":"https:\/\/espanola.lt\/produktas\/migdolu-ir-apelsinu-turonas-75g\/","og_site_name":"Espanola","article_publisher":"https:\/\/www.facebook.com\/espanola.lt","article_modified_time":"2025-12-18T08:26:26+00:00","og_image":[{"width":1024,"height":1024,"url":"https:\/\/espanola.lt\/wp-content\/uploads\/2025\/11\/87469-877005-3D-CRUNCHY-ALMOND-TURRON-WITH-ORANGE-75G-1-1024x1024.png","type":"image\/png"}],"twitter_card":"summary_large_image","twitter_misc":{"Est. reading time":"1 minute"},"schema":{"@context":"https:\/\/schema.org","@graph":[{"@type":"WebPage","@id":"https:\/\/espanola.lt\/produktas\/migdolu-ir-apelsinu-turonas-75g\/","url":"https:\/\/espanola.lt\/produktas\/migdolu-ir-apelsinu-turonas-75g\/","name":"Migdol\u0173 ir apelsin\u0173 turonas 75g. | Espanola.lt","isPartOf":{"@id":"https:\/\/espanola.lt\/#website"},"primaryImageOfPage":{"@id":"https:\/\/espanola.lt\/produktas\/migdolu-ir-apelsinu-turonas-75g\/#primaryimage"},"image":{"@id":"https:\/\/espanola.lt\/produktas\/migdolu-ir-apelsinu-turonas-75g\/#primaryimage"},"thumbnailUrl":"https:\/\/espanola.lt\/wp-content\/uploads\/2025\/11\/87469-877005-3D-CRUNCHY-ALMOND-TURRON-WITH-ORANGE-75G-1.png","datePublished":"2025-11-20T18:45:48+00:00","dateModified":"2025-12-18T08:26:26+00:00","description":"Atraskite auk\u0161tos kokyb\u0117s ispani\u0161kus delikatesus \u2013 s\u016brius, kumpius, alyvuoges ir \u017euv\u012f. Tikras Ispanijos skonis tiesiai \u012f j\u016bs\u0173 namus.","breadcrumb":{"@id":"https:\/\/espanola.lt\/produktas\/migdolu-ir-apelsinu-turonas-75g\/#breadcrumb"},"inLanguage":"en-US","potentialAction":[{"@type":"ReadAction","target":["https:\/\/espanola.lt\/produktas\/migdolu-ir-apelsinu-turonas-75g\/"]}]},{"@type":"ImageObject","inLanguage":"en-US","@id":"https:\/\/espanola.lt\/produktas\/migdolu-ir-apelsinu-turonas-75g\/#primaryimage","url":"https:\/\/espanola.lt\/wp-content\/uploads\/2025\/11\/87469-877005-3D-CRUNCHY-ALMOND-TURRON-WITH-ORANGE-75G-1.png","contentUrl":"https:\/\/espanola.lt\/wp-content\/uploads\/2025\/11\/87469-877005-3D-CRUNCHY-ALMOND-TURRON-WITH-ORANGE-75G-1.png","width":4800,"height":4800},{"@type":"BreadcrumbList","@id":"https:\/\/espanola.lt\/produktas\/migdolu-ir-apelsinu-turonas-75g\/#breadcrumb","itemListElement":[{"@type":"ListItem","position":1,"name":"Home","item":"https:\/\/espanola.lt\/en\/homepage\/"},{"@type":"ListItem","position":2,"name":"Shop","item":"https:\/\/espanola.lt\/en\/shop\/"},{"@type":"ListItem","position":3,"name":"Migdol\u0173 ir apelsin\u0173 turonas 75g."}]},{"@type":"WebSite","@id":"https:\/\/espanola.lt\/#website","url":"https:\/\/espanola.lt\/","name":"Espanola.lt | Tikras Ispanijos skonis \u2013 J\u016bs\u0173 namuose!","description":"","publisher":{"@id":"https:\/\/espanola.lt\/#organization"},"potentialAction":[{"@type":"SearchAction","target":{"@type":"EntryPoint","urlTemplate":"https:\/\/espanola.lt\/?s={search_term_string}"},"query-input":{"@type":"PropertyValueSpecification","valueRequired":true,"valueName":"search_term_string"}}],"inLanguage":"en-US"},{"@type":"Organization","@id":"https:\/\/espanola.lt\/#organization","name":"Espanola.lt","url":"https:\/\/espanola.lt\/","logo":{"@type":"ImageObject","inLanguage":"en-US","@id":"https:\/\/espanola.lt\/#\/schema\/logo\/image\/","url":"https:\/\/espanola.lt\/wp-content\/uploads\/2023\/03\/notext_color.png","contentUrl":"https:\/\/espanola.lt\/wp-content\/uploads\/2023\/03\/notext_color.png","width":916,"height":204,"caption":"Espanola.lt"},"image":{"@id":"https:\/\/espanola.lt\/#\/schema\/logo\/image\/"},"sameAs":["https:\/\/www.facebook.com\/espanola.lt","https:\/\/www.instagram.com\/espanola.lt\/"]}]}},"_links":{"self":[{"href":"https:\/\/espanola.lt\/en\/wp-json\/wp\/v2\/product\/26538"}],"collection":[{"href":"https:\/\/espanola.lt\/en\/wp-json\/wp\/v2\/product"}],"about":[{"href":"https:\/\/espanola.lt\/en\/wp-json\/wp\/v2\/types\/product"}],"version-history":[{"count":1,"href":"https:\/\/espanola.lt\/en\/wp-json\/wp\/v2\/product\/26538\/revisions"}],"predecessor-version":[{"id":26541,"href":"https:\/\/espanola.lt\/en\/wp-json\/wp\/v2\/product\/26538\/revisions\/26541"}],"wp:featuredmedia":[{"embeddable":true,"href":"https:\/\/espanola.lt\/en\/wp-json\/wp\/v2\/media\/26539"}],"wp:attachment":[{"href":"https:\/\/espanola.lt\/en\/wp-json\/wp\/v2\/media?parent=26538"}],"wp:term":[{"taxonomy":"product_brand","embeddable":true,"href":"https:\/\/espanola.lt\/en\/wp-json\/wp\/v2\/product_brand?post=26538"},{"taxonomy":"product_cat","embeddable":true,"href":"https:\/\/espanola.lt\/en\/wp-json\/wp\/v2\/product_cat?post=26538"},{"taxonomy":"product_tag","embeddable":true,"href":"https:\/\/espanola.lt\/en\/wp-json\/wp\/v2\/product_tag?post=26538"}],"curies":[{"name":"wp","href":"https:\/\/api.w.org\/{rel}","templated":true}]}}