{"id":26486,"date":"2025-11-18T11:15:22","date_gmt":"2025-11-18T11:15:22","guid":{"rendered":"https:\/\/espanola.lt\/?post_type=product&#038;p=26486"},"modified":"2026-02-19T07:48:20","modified_gmt":"2026-02-19T07:48:20","slug":"zemes-riesutu-migdolu-sokolado-ir-raudonuju-uogu-batonelis-be-pridetinio-cukraus-430g","status":"publish","type":"product","link":"https:\/\/espanola.lt\/en\/produktas\/zemes-riesutu-migdolu-sokolado-ir-raudonuju-uogu-batonelis-be-pridetinio-cukraus-430g\/","title":{"rendered":"\u017dem\u0117s rie\u0161ut\u0173, migdol\u0173, \u0161okolado ir raudon\u0173j\u0173 uog\u0173 baton\u0117lis, be prid\u0117tinio cukraus, 4*30g."},"content":{"rendered":"<h3 data-start=\"234\" data-end=\"250\">Produkto nauda:<\/h3>\n<p data-start=\"1924\" data-end=\"2351\">\u2714 <strong data-start=\"1926\" data-end=\"1949\">Daug baltym\u0173 (15 g)<\/strong> \u2013 padeda palaikyti sotumo jausm\u0105.<br data-start=\"1983\" data-end=\"1986\" \/>\u2714 <strong data-start=\"1988\" data-end=\"2012\">Daug skaidul\u0173 (10 g)<\/strong> \u2013 teigiamai veikia vir\u0161kinim\u0105.<br data-start=\"2043\" data-end=\"2046\" \/>\u2714 <strong data-start=\"2048\" data-end=\"2073\">Be prid\u0117tinio cukraus<\/strong> \u2013 saldinta maltitoliais, ma\u017eiau cukraus \u0161uoli\u0173.<br data-start=\"2121\" data-end=\"2124\" \/>\u2714 <strong data-start=\"2126\" data-end=\"2162\">Be glitimo ir be palmi\u0173 aliejaus<\/strong> \u2013 \u0161varesn\u0117s sud\u0117ties u\u017ekandis.<br data-start=\"2193\" data-end=\"2196\" \/>\u2714 <strong data-start=\"2198\" data-end=\"2225\">Su rie\u0161utais ir uogomis<\/strong> \u2013 nat\u016bral\u016bs antioksidantai ir sveikieji riebalai.<br data-start=\"2275\" data-end=\"2278\" \/>\u2714 <strong data-start=\"2280\" data-end=\"2313\">Tinka kaip energijos \u0161altinis<\/strong> kelion\u0117je, darbe ar po treniruot\u0117s.<\/p>\n<h3 data-start=\"234\" data-end=\"250\"><strong data-start=\"238\" data-end=\"250\">Sud\u0117tis:<\/strong><\/h3>\n<p data-start=\"251\" data-end=\"983\">\u017dem\u0117s rie\u0161utai 30 % (ne ES), migdolai 22 % (ES ir ne ES), saldintas juodasis \u0161okoladas 16 % (saldiklis: maltitoliai, kakavos mas\u0117 (ne ES), kakavos sviestas (ne ES), bevandenis pieno riebalas, emulsikliai: soj\u0173 ir saul\u0117gr\u0105\u017e\u0173 lecitinas, nat\u016bralus vanil\u0117s kvapiklis), saldiklis maltitoliai, avi\u017e\u0173 dribsniai (be glitimo), ry\u017ei\u0173 miltai, liofilizuotos raudonosios uogos 2,6 % (ES ir ne ES) (m\u0117lyn\u0117s 1,3 %, aviet\u0117s 1,3 %), lazdyn\u0173 rie\u0161ut\u0173 pasta, stabilizatorius sorbitolis, fruktooligosacharidai, nat\u016bralus avie\u010di\u0173 aromatas, emulsikliai: soj\u0173 ir saul\u0117gr\u0105\u017e\u0173 lecitinas, antioksidantas: tokoferoli\u0173 ekstraktas.<br data-start=\"851\" data-end=\"854\" \/>Vir\u0161us dengtas \u0161okoladu su saldikliais (ma\u017eiausias kakavos saus\u0173j\u0173 med\u017eiag\u0173 kiekis: 51 %).<br data-start=\"944\" data-end=\"947\" \/>Gali b\u016bti kit\u0173 rie\u0161ut\u0173 (anakard\u017ei\u0173).<\/p>\n<p data-start=\"985\" data-end=\"1124\"><strong data-start=\"985\" data-end=\"1011\">Be prid\u0117tinio cukraus.<\/strong> Sud\u0117tyje yra nat\u016braliai susidaran\u010di\u0173 cukr\u0173.<br data-start=\"1055\" data-end=\"1058\" \/><strong data-start=\"1058\" data-end=\"1070\">D\u0117mesio:<\/strong> per didelis kiekis gali sukelti laisvinam\u0105j\u012f poveik\u012f.<\/p>\n<hr data-start=\"1126\" data-end=\"1129\" \/>\n<h2 data-start=\"1131\" data-end=\"1171\"><strong data-start=\"1134\" data-end=\"1171\">Maistin\u0117 vert\u0117 (vidutin\u0117), 100 g:<\/strong><\/h2>\n<ul data-start=\"1172\" data-end=\"1416\">\n<li data-start=\"1172\" data-end=\"1214\">\n<p data-start=\"1174\" data-end=\"1214\"><strong data-start=\"1174\" data-end=\"1193\">Energin\u0117 vert\u0117:<\/strong> 2005 kJ \/ 483 kcal<\/p>\n<\/li>\n<li data-start=\"1215\" data-end=\"1264\">\n<p data-start=\"1217\" data-end=\"1237\"><strong data-start=\"1217\" data-end=\"1230\">Riebalai:<\/strong> 33 g<\/p>\n<ul data-start=\"1240\" data-end=\"1264\">\n<li data-start=\"1240\" data-end=\"1264\">\n<p data-start=\"1242\" data-end=\"1264\">i\u0161 j\u0173 so\u010di\u0173j\u0173: 5,9 g<\/p>\n<\/li>\n<\/ul>\n<\/li>\n<li data-start=\"1265\" data-end=\"1346\">\n<p data-start=\"1267\" data-end=\"1294\"><strong data-start=\"1267\" data-end=\"1287\">Angliavandeniai:<\/strong> 33 g<\/p>\n<ul data-start=\"1297\" data-end=\"1346\">\n<li data-start=\"1297\" data-end=\"1319\">\n<p data-start=\"1299\" data-end=\"1319\">i\u0161 j\u0173 cukr\u0173: 4,2 g<\/p>\n<\/li>\n<li data-start=\"1322\" data-end=\"1346\">\n<p data-start=\"1324\" data-end=\"1346\">polialkoholiai: 16 g<\/p>\n<\/li>\n<\/ul>\n<\/li>\n<li data-start=\"1347\" data-end=\"1370\">\n<p data-start=\"1349\" data-end=\"1370\"><strong data-start=\"1349\" data-end=\"1363\">Skaidulos:<\/strong> 10 g<\/p>\n<\/li>\n<li data-start=\"1371\" data-end=\"1393\">\n<p data-start=\"1373\" data-end=\"1393\"><strong data-start=\"1373\" data-end=\"1386\">Baltymai:<\/strong> 15 g<\/p>\n<\/li>\n<li data-start=\"1394\" data-end=\"1416\">\n<p data-start=\"1396\" data-end=\"1416\"><strong data-start=\"1396\" data-end=\"1407\">Druska:<\/strong> 0,01 g<\/p>\n<\/li>\n<\/ul>\n<p data-start=\"1418\" data-end=\"1468\"><strong data-start=\"1418\" data-end=\"1468\">Be glitimo. Be palmi\u0173 aliejaus. Daug skaidul\u0173.<\/strong><\/p>\n<hr data-start=\"1470\" data-end=\"1473\" \/>\n<h2 data-start=\"1475\" data-end=\"1498\"><strong data-start=\"1478\" data-end=\"1498\">Laikymo s\u0105lygos:<\/strong><\/h2>\n<p data-start=\"1499\" data-end=\"1607\">Laikyti v\u0117sioje ir sausoje vietoje.<br data-start=\"1534\" data-end=\"1537\" \/>Rekomenduojama temperat\u016bra: <strong data-start=\"1565\" data-end=\"1577\">15\u201322 \u00b0C<\/strong>, did\u017eiausia dr\u0117gm\u0117: <strong data-start=\"1598\" data-end=\"1606\">65 %<\/strong>.<\/p>\n<hr data-start=\"1609\" data-end=\"1612\" \/>\n<h2 data-start=\"1614\" data-end=\"1632\"><strong data-start=\"1617\" data-end=\"1632\">Gamintojas:<\/strong><\/h2>\n<p data-start=\"1633\" data-end=\"1834\"><strong data-start=\"1633\" data-end=\"1660\">DLV Alimentaci\u00f3n S.A.U.<\/strong><br data-start=\"1660\" data-end=\"1663\" \/>Ctra. Madrid\u2013Ciudad Real Km 95.200,<br data-start=\"1698\" data-end=\"1701\" \/>45450 Orgaz (Toledas), Ispanija.<br data-start=\"1733\" data-end=\"1736\" \/>\n<\/p>\n<p data-start=\"1836\" data-end=\"1874\"><strong data-start=\"1836\" data-end=\"1856\">Grynasis kiekis:<\/strong> 120 g (4 \u00d7 30 g).<\/p>\n","protected":false},"excerpt":{"rendered":"<p>Produkto nauda: \u2714 Daug baltym\u0173 (15 g) \u2013 padeda palaikyti sotumo jausm\u0105.\u2714 Daug skaidul\u0173 (10 g) \u2013 teigiamai veikia vir\u0161kinim\u0105.\u2714 Be prid\u0117tinio cukraus \u2013 saldinta maltitoliais, ma\u017eiau cukraus \u0161uoli\u0173.\u2714 Be glitimo ir be palmi\u0173 aliejaus \u2013 \u0161varesn\u0117s sud\u0117ties u\u017ekandis.\u2714 Su rie\u0161utais ir uogomis \u2013 nat\u016bral\u016bs antioksidantai ir sveikieji riebalai.\u2714 Tinka kaip energijos \u0161altinis kelion\u0117je, darbe ar po treniruot\u0117s. Sud\u0117tis: \u017dem\u0117s rie\u0161utai 30 % (ne ES), migdolai 22 % (ES ir ne ES), saldintas juodasis \u0161okoladas 16 % (saldiklis: maltitoliai, kakavos mas\u0117 (ne ES), kakavos sviestas (ne ES), bevandenis pieno riebalas, emulsikliai: soj\u0173 ir saul\u0117gr\u0105\u017e\u0173 lecitinas, nat\u016bralus vanil\u0117s kvapiklis), saldiklis maltitoliai, avi\u017e\u0173 dribsniai (be glitimo), ry\u017ei\u0173 miltai, liofilizuotos raudonosios uogos 2,6 % (ES ir ne ES) (m\u0117lyn\u0117s 1,3 %, aviet\u0117s 1,3 %), lazdyn\u0173 rie\u0161ut\u0173 pasta, stabilizatorius sorbitolis, fruktooligosacharidai, nat\u016bralus avie\u010di\u0173 aromatas, emulsikliai: soj\u0173 ir saul\u0117gr\u0105\u017e\u0173 lecitinas, antioksidantas: tokoferoli\u0173 ekstraktas.Vir\u0161us dengtas \u0161okoladu su saldikliais (ma\u017eiausias kakavos saus\u0173j\u0173 med\u017eiag\u0173 kiekis: 51 %).Gali b\u016bti kit\u0173 rie\u0161ut\u0173 (anakard\u017ei\u0173). Be prid\u0117tinio cukraus. Sud\u0117tyje yra nat\u016braliai susidaran\u010di\u0173 cukr\u0173.D\u0117mesio: per didelis kiekis gali sukelti laisvinam\u0105j\u012f poveik\u012f. Maistin\u0117 vert\u0117 (vidutin\u0117), 100 g: Energin\u0117 vert\u0117: 2005 kJ \/ 483 kcal Riebalai: 33 g i\u0161 j\u0173 so\u010di\u0173j\u0173: 5,9 g Angliavandeniai: 33 g i\u0161 j\u0173 cukr\u0173: 4,2 g polialkoholiai: 16 g Skaidulos: 10 g Baltymai: 15 g Druska: 0,01 g Be glitimo. Be palmi\u0173 aliejaus. Daug skaidul\u0173. Laikymo s\u0105lygos: Laikyti v\u0117sioje ir sausoje vietoje.Rekomenduojama temperat\u016bra: 15\u201322 \u00b0C, did\u017eiausia dr\u0117gm\u0117: 65 %. Gamintojas: DLV Alimentaci\u00f3n S.A.U.Ctra. Madrid\u2013Ciudad Real Km 95.200,45450 Orgaz (Toledas), Ispanija. Grynasis kiekis: 120 g (4 \u00d7 30 g).<\/p>\n","protected":false},"featured_media":26487,"template":"","meta":[],"product_brand":[],"product_cat":[116,131],"product_tag":[],"class_list":{"0":"post-26486","1":"product","2":"type-product","3":"status-publish","4":"has-post-thumbnail","6":"product_cat-mazmenine-2","7":"product_cat-saldumynai","9":"first","10":"instock","11":"shipping-taxable","12":"purchasable","13":"product-type-simple"},"yoast_head":"<!-- This site is optimized with the Yoast SEO plugin v23.7 - https:\/\/yoast.com\/wordpress\/plugins\/seo\/ -->\n<title>\u017dem\u0117s rie\u0161ut\u0173, migdol\u0173, \u0161okolado ir raudon\u0173j\u0173 uog\u0173 baton\u0117lis, be prid\u0117tinio cukraus, 4*30g. | Espanola.lt<\/title>\n<meta name=\"description\" content=\"Atraskite auk\u0161tos kokyb\u0117s ispani\u0161kus delikatesus \u2013 s\u016brius, kumpius, alyvuoges ir \u017euv\u012f. Tikras Ispanijos skonis tiesiai \u012f j\u016bs\u0173 namus.\" \/>\n<meta name=\"robots\" content=\"index, follow, max-snippet:-1, max-image-preview:large, max-video-preview:-1\" \/>\n<link rel=\"canonical\" href=\"https:\/\/espanola.lt\/produktas\/zemes-riesutu-migdolu-sokolado-ir-raudonuju-uogu-batonelis-be-pridetinio-cukraus-430g\/\" \/>\n<meta property=\"og:locale\" content=\"en_US\" \/>\n<meta property=\"og:type\" content=\"article\" \/>\n<meta property=\"og:title\" content=\"\u017dem\u0117s rie\u0161ut\u0173, migdol\u0173, \u0161okolado ir raudon\u0173j\u0173 uog\u0173 baton\u0117lis, be prid\u0117tinio cukraus, 4*30g. | Espanola.lt\" \/>\n<meta property=\"og:description\" content=\"Atraskite auk\u0161tos kokyb\u0117s ispani\u0161kus delikatesus \u2013 s\u016brius, kumpius, alyvuoges ir \u017euv\u012f. Tikras Ispanijos skonis tiesiai \u012f j\u016bs\u0173 namus.\" \/>\n<meta property=\"og:url\" content=\"https:\/\/espanola.lt\/produktas\/zemes-riesutu-migdolu-sokolado-ir-raudonuju-uogu-batonelis-be-pridetinio-cukraus-430g\/\" \/>\n<meta property=\"og:site_name\" content=\"Espanola\" \/>\n<meta property=\"article:publisher\" content=\"https:\/\/www.facebook.com\/espanola.lt\" \/>\n<meta property=\"article:modified_time\" content=\"2026-02-19T07:48:20+00:00\" \/>\n<meta property=\"og:image\" content=\"https:\/\/espanola.lt\/wp-content\/uploads\/2025\/11\/87679-3D-DARK-CHOCOLATE-AND-REDBERRIES-ZERO-BARS-120G-1024x1024.png\" \/>\n\t<meta property=\"og:image:width\" content=\"1024\" \/>\n\t<meta property=\"og:image:height\" content=\"1024\" \/>\n\t<meta property=\"og:image:type\" content=\"image\/png\" \/>\n<meta name=\"twitter:card\" content=\"summary_large_image\" \/>\n<meta name=\"twitter:label1\" content=\"Est. reading time\" \/>\n\t<meta name=\"twitter:data1\" content=\"2 minutes\" \/>\n<script type=\"application\/ld+json\" class=\"yoast-schema-graph\">{\"@context\":\"https:\/\/schema.org\",\"@graph\":[{\"@type\":\"WebPage\",\"@id\":\"https:\/\/espanola.lt\/produktas\/zemes-riesutu-migdolu-sokolado-ir-raudonuju-uogu-batonelis-be-pridetinio-cukraus-430g\/\",\"url\":\"https:\/\/espanola.lt\/produktas\/zemes-riesutu-migdolu-sokolado-ir-raudonuju-uogu-batonelis-be-pridetinio-cukraus-430g\/\",\"name\":\"\u017dem\u0117s rie\u0161ut\u0173, migdol\u0173, \u0161okolado ir raudon\u0173j\u0173 uog\u0173 baton\u0117lis, be prid\u0117tinio cukraus, 4*30g. | Espanola.lt\",\"isPartOf\":{\"@id\":\"https:\/\/espanola.lt\/#website\"},\"primaryImageOfPage\":{\"@id\":\"https:\/\/espanola.lt\/produktas\/zemes-riesutu-migdolu-sokolado-ir-raudonuju-uogu-batonelis-be-pridetinio-cukraus-430g\/#primaryimage\"},\"image\":{\"@id\":\"https:\/\/espanola.lt\/produktas\/zemes-riesutu-migdolu-sokolado-ir-raudonuju-uogu-batonelis-be-pridetinio-cukraus-430g\/#primaryimage\"},\"thumbnailUrl\":\"https:\/\/espanola.lt\/wp-content\/uploads\/2025\/11\/87679-3D-DARK-CHOCOLATE-AND-REDBERRIES-ZERO-BARS-120G.png\",\"datePublished\":\"2025-11-18T11:15:22+00:00\",\"dateModified\":\"2026-02-19T07:48:20+00:00\",\"description\":\"Atraskite auk\u0161tos kokyb\u0117s ispani\u0161kus delikatesus \u2013 s\u016brius, kumpius, alyvuoges ir \u017euv\u012f. Tikras Ispanijos skonis tiesiai \u012f j\u016bs\u0173 namus.\",\"breadcrumb\":{\"@id\":\"https:\/\/espanola.lt\/produktas\/zemes-riesutu-migdolu-sokolado-ir-raudonuju-uogu-batonelis-be-pridetinio-cukraus-430g\/#breadcrumb\"},\"inLanguage\":\"en-US\",\"potentialAction\":[{\"@type\":\"ReadAction\",\"target\":[\"https:\/\/espanola.lt\/produktas\/zemes-riesutu-migdolu-sokolado-ir-raudonuju-uogu-batonelis-be-pridetinio-cukraus-430g\/\"]}]},{\"@type\":\"ImageObject\",\"inLanguage\":\"en-US\",\"@id\":\"https:\/\/espanola.lt\/produktas\/zemes-riesutu-migdolu-sokolado-ir-raudonuju-uogu-batonelis-be-pridetinio-cukraus-430g\/#primaryimage\",\"url\":\"https:\/\/espanola.lt\/wp-content\/uploads\/2025\/11\/87679-3D-DARK-CHOCOLATE-AND-REDBERRIES-ZERO-BARS-120G.png\",\"contentUrl\":\"https:\/\/espanola.lt\/wp-content\/uploads\/2025\/11\/87679-3D-DARK-CHOCOLATE-AND-REDBERRIES-ZERO-BARS-120G.png\",\"width\":4800,\"height\":4800},{\"@type\":\"BreadcrumbList\",\"@id\":\"https:\/\/espanola.lt\/produktas\/zemes-riesutu-migdolu-sokolado-ir-raudonuju-uogu-batonelis-be-pridetinio-cukraus-430g\/#breadcrumb\",\"itemListElement\":[{\"@type\":\"ListItem\",\"position\":1,\"name\":\"Home\",\"item\":\"https:\/\/espanola.lt\/en\/homepage\/\"},{\"@type\":\"ListItem\",\"position\":2,\"name\":\"Shop\",\"item\":\"https:\/\/espanola.lt\/en\/shop\/\"},{\"@type\":\"ListItem\",\"position\":3,\"name\":\"\u017dem\u0117s rie\u0161ut\u0173, migdol\u0173, \u0161okolado ir raudon\u0173j\u0173 uog\u0173 baton\u0117lis, be prid\u0117tinio cukraus, 4*30g.\"}]},{\"@type\":\"WebSite\",\"@id\":\"https:\/\/espanola.lt\/#website\",\"url\":\"https:\/\/espanola.lt\/\",\"name\":\"Espanola.lt | Tikras Ispanijos skonis \u2013 J\u016bs\u0173 namuose!\",\"description\":\"\",\"publisher\":{\"@id\":\"https:\/\/espanola.lt\/#organization\"},\"potentialAction\":[{\"@type\":\"SearchAction\",\"target\":{\"@type\":\"EntryPoint\",\"urlTemplate\":\"https:\/\/espanola.lt\/?s={search_term_string}\"},\"query-input\":{\"@type\":\"PropertyValueSpecification\",\"valueRequired\":true,\"valueName\":\"search_term_string\"}}],\"inLanguage\":\"en-US\"},{\"@type\":\"Organization\",\"@id\":\"https:\/\/espanola.lt\/#organization\",\"name\":\"Espanola.lt\",\"url\":\"https:\/\/espanola.lt\/\",\"logo\":{\"@type\":\"ImageObject\",\"inLanguage\":\"en-US\",\"@id\":\"https:\/\/espanola.lt\/#\/schema\/logo\/image\/\",\"url\":\"https:\/\/espanola.lt\/wp-content\/uploads\/2023\/03\/notext_color.png\",\"contentUrl\":\"https:\/\/espanola.lt\/wp-content\/uploads\/2023\/03\/notext_color.png\",\"width\":916,\"height\":204,\"caption\":\"Espanola.lt\"},\"image\":{\"@id\":\"https:\/\/espanola.lt\/#\/schema\/logo\/image\/\"},\"sameAs\":[\"https:\/\/www.facebook.com\/espanola.lt\",\"https:\/\/www.instagram.com\/espanola.lt\/\"]}]}<\/script>\n<!-- \/ Yoast SEO plugin. -->","yoast_head_json":{"title":"\u017dem\u0117s rie\u0161ut\u0173, migdol\u0173, \u0161okolado ir raudon\u0173j\u0173 uog\u0173 baton\u0117lis, be prid\u0117tinio cukraus, 4*30g. | Espanola.lt","description":"Atraskite auk\u0161tos kokyb\u0117s ispani\u0161kus delikatesus \u2013 s\u016brius, kumpius, alyvuoges ir \u017euv\u012f. Tikras Ispanijos skonis tiesiai \u012f j\u016bs\u0173 namus.","robots":{"index":"index","follow":"follow","max-snippet":"max-snippet:-1","max-image-preview":"max-image-preview:large","max-video-preview":"max-video-preview:-1"},"canonical":"https:\/\/espanola.lt\/produktas\/zemes-riesutu-migdolu-sokolado-ir-raudonuju-uogu-batonelis-be-pridetinio-cukraus-430g\/","og_locale":"en_US","og_type":"article","og_title":"\u017dem\u0117s rie\u0161ut\u0173, migdol\u0173, \u0161okolado ir raudon\u0173j\u0173 uog\u0173 baton\u0117lis, be prid\u0117tinio cukraus, 4*30g. | Espanola.lt","og_description":"Atraskite auk\u0161tos kokyb\u0117s ispani\u0161kus delikatesus \u2013 s\u016brius, kumpius, alyvuoges ir \u017euv\u012f. Tikras Ispanijos skonis tiesiai \u012f j\u016bs\u0173 namus.","og_url":"https:\/\/espanola.lt\/produktas\/zemes-riesutu-migdolu-sokolado-ir-raudonuju-uogu-batonelis-be-pridetinio-cukraus-430g\/","og_site_name":"Espanola","article_publisher":"https:\/\/www.facebook.com\/espanola.lt","article_modified_time":"2026-02-19T07:48:20+00:00","og_image":[{"width":1024,"height":1024,"url":"https:\/\/espanola.lt\/wp-content\/uploads\/2025\/11\/87679-3D-DARK-CHOCOLATE-AND-REDBERRIES-ZERO-BARS-120G-1024x1024.png","type":"image\/png"}],"twitter_card":"summary_large_image","twitter_misc":{"Est. reading time":"2 minutes"},"schema":{"@context":"https:\/\/schema.org","@graph":[{"@type":"WebPage","@id":"https:\/\/espanola.lt\/produktas\/zemes-riesutu-migdolu-sokolado-ir-raudonuju-uogu-batonelis-be-pridetinio-cukraus-430g\/","url":"https:\/\/espanola.lt\/produktas\/zemes-riesutu-migdolu-sokolado-ir-raudonuju-uogu-batonelis-be-pridetinio-cukraus-430g\/","name":"\u017dem\u0117s rie\u0161ut\u0173, migdol\u0173, \u0161okolado ir raudon\u0173j\u0173 uog\u0173 baton\u0117lis, be prid\u0117tinio cukraus, 4*30g. | Espanola.lt","isPartOf":{"@id":"https:\/\/espanola.lt\/#website"},"primaryImageOfPage":{"@id":"https:\/\/espanola.lt\/produktas\/zemes-riesutu-migdolu-sokolado-ir-raudonuju-uogu-batonelis-be-pridetinio-cukraus-430g\/#primaryimage"},"image":{"@id":"https:\/\/espanola.lt\/produktas\/zemes-riesutu-migdolu-sokolado-ir-raudonuju-uogu-batonelis-be-pridetinio-cukraus-430g\/#primaryimage"},"thumbnailUrl":"https:\/\/espanola.lt\/wp-content\/uploads\/2025\/11\/87679-3D-DARK-CHOCOLATE-AND-REDBERRIES-ZERO-BARS-120G.png","datePublished":"2025-11-18T11:15:22+00:00","dateModified":"2026-02-19T07:48:20+00:00","description":"Atraskite auk\u0161tos kokyb\u0117s ispani\u0161kus delikatesus \u2013 s\u016brius, kumpius, alyvuoges ir \u017euv\u012f. Tikras Ispanijos skonis tiesiai \u012f j\u016bs\u0173 namus.","breadcrumb":{"@id":"https:\/\/espanola.lt\/produktas\/zemes-riesutu-migdolu-sokolado-ir-raudonuju-uogu-batonelis-be-pridetinio-cukraus-430g\/#breadcrumb"},"inLanguage":"en-US","potentialAction":[{"@type":"ReadAction","target":["https:\/\/espanola.lt\/produktas\/zemes-riesutu-migdolu-sokolado-ir-raudonuju-uogu-batonelis-be-pridetinio-cukraus-430g\/"]}]},{"@type":"ImageObject","inLanguage":"en-US","@id":"https:\/\/espanola.lt\/produktas\/zemes-riesutu-migdolu-sokolado-ir-raudonuju-uogu-batonelis-be-pridetinio-cukraus-430g\/#primaryimage","url":"https:\/\/espanola.lt\/wp-content\/uploads\/2025\/11\/87679-3D-DARK-CHOCOLATE-AND-REDBERRIES-ZERO-BARS-120G.png","contentUrl":"https:\/\/espanola.lt\/wp-content\/uploads\/2025\/11\/87679-3D-DARK-CHOCOLATE-AND-REDBERRIES-ZERO-BARS-120G.png","width":4800,"height":4800},{"@type":"BreadcrumbList","@id":"https:\/\/espanola.lt\/produktas\/zemes-riesutu-migdolu-sokolado-ir-raudonuju-uogu-batonelis-be-pridetinio-cukraus-430g\/#breadcrumb","itemListElement":[{"@type":"ListItem","position":1,"name":"Home","item":"https:\/\/espanola.lt\/en\/homepage\/"},{"@type":"ListItem","position":2,"name":"Shop","item":"https:\/\/espanola.lt\/en\/shop\/"},{"@type":"ListItem","position":3,"name":"\u017dem\u0117s rie\u0161ut\u0173, migdol\u0173, \u0161okolado ir raudon\u0173j\u0173 uog\u0173 baton\u0117lis, be prid\u0117tinio cukraus, 4*30g."}]},{"@type":"WebSite","@id":"https:\/\/espanola.lt\/#website","url":"https:\/\/espanola.lt\/","name":"Espanola.lt | Tikras Ispanijos skonis \u2013 J\u016bs\u0173 namuose!","description":"","publisher":{"@id":"https:\/\/espanola.lt\/#organization"},"potentialAction":[{"@type":"SearchAction","target":{"@type":"EntryPoint","urlTemplate":"https:\/\/espanola.lt\/?s={search_term_string}"},"query-input":{"@type":"PropertyValueSpecification","valueRequired":true,"valueName":"search_term_string"}}],"inLanguage":"en-US"},{"@type":"Organization","@id":"https:\/\/espanola.lt\/#organization","name":"Espanola.lt","url":"https:\/\/espanola.lt\/","logo":{"@type":"ImageObject","inLanguage":"en-US","@id":"https:\/\/espanola.lt\/#\/schema\/logo\/image\/","url":"https:\/\/espanola.lt\/wp-content\/uploads\/2023\/03\/notext_color.png","contentUrl":"https:\/\/espanola.lt\/wp-content\/uploads\/2023\/03\/notext_color.png","width":916,"height":204,"caption":"Espanola.lt"},"image":{"@id":"https:\/\/espanola.lt\/#\/schema\/logo\/image\/"},"sameAs":["https:\/\/www.facebook.com\/espanola.lt","https:\/\/www.instagram.com\/espanola.lt\/"]}]}},"_links":{"self":[{"href":"https:\/\/espanola.lt\/en\/wp-json\/wp\/v2\/product\/26486"}],"collection":[{"href":"https:\/\/espanola.lt\/en\/wp-json\/wp\/v2\/product"}],"about":[{"href":"https:\/\/espanola.lt\/en\/wp-json\/wp\/v2\/types\/product"}],"version-history":[{"count":1,"href":"https:\/\/espanola.lt\/en\/wp-json\/wp\/v2\/product\/26486\/revisions"}],"predecessor-version":[{"id":26489,"href":"https:\/\/espanola.lt\/en\/wp-json\/wp\/v2\/product\/26486\/revisions\/26489"}],"wp:featuredmedia":[{"embeddable":true,"href":"https:\/\/espanola.lt\/en\/wp-json\/wp\/v2\/media\/26487"}],"wp:attachment":[{"href":"https:\/\/espanola.lt\/en\/wp-json\/wp\/v2\/media?parent=26486"}],"wp:term":[{"taxonomy":"product_brand","embeddable":true,"href":"https:\/\/espanola.lt\/en\/wp-json\/wp\/v2\/product_brand?post=26486"},{"taxonomy":"product_cat","embeddable":true,"href":"https:\/\/espanola.lt\/en\/wp-json\/wp\/v2\/product_cat?post=26486"},{"taxonomy":"product_tag","embeddable":true,"href":"https:\/\/espanola.lt\/en\/wp-json\/wp\/v2\/product_tag?post=26486"}],"curies":[{"name":"wp","href":"https:\/\/api.w.org\/{rel}","templated":true}]}}