{"id":26477,"date":"2025-11-17T14:24:41","date_gmt":"2025-11-17T14:24:41","guid":{"rendered":"https:\/\/espanola.lt\/?post_type=product&#038;p=26477"},"modified":"2026-02-17T11:27:15","modified_gmt":"2026-02-17T11:27:15","slug":"riesutu-batoneliai-su-zirniu-baltymais-padengti-70-juoduoju-sokoladu-435g","status":"publish","type":"product","link":"https:\/\/espanola.lt\/en\/produktas\/riesutu-batoneliai-su-zirniu-baltymais-padengti-70-juoduoju-sokoladu-435g\/","title":{"rendered":"Rie\u0161ut\u0173 baton\u0117liai su \u017eirni\u0173 baltymais, padengti 70 %juoduoju \u0161okoladu, 4*35g."},"content":{"rendered":"<article class=\"text-token-text-primary w-full focus:outline-none [--shadow-height:45px] has-data-writing-block:pointer-events-none has-data-writing-block:-mt-(--shadow-height) has-data-writing-block:pt-(--shadow-height) [&amp;:has([data-writing-block])&gt;*]:pointer-events-auto [content-visibility:auto] supports-[content-visibility:auto]:[contain-intrinsic-size:auto_100lvh] scroll-mt-[calc(var(--header-height)+min(200px,max(70px,20svh)))]\" dir=\"auto\" tabindex=\"-1\" data-turn-id=\"request-691adf0e-afdc-832c-a812-da07cc0a5c48-20\" data-testid=\"conversation-turn-88\" data-scroll-anchor=\"true\" data-turn=\"assistant\">\n<div class=\"text-base my-auto mx-auto pb-10 [--thread-content-margin:--spacing(4)] thread-sm:[--thread-content-margin:--spacing(6)] thread-lg:[--thread-content-margin:--spacing(16)] px-(--thread-content-margin)\">\n<div class=\"[--thread-content-max-width:40rem] thread-lg:[--thread-content-max-width:48rem] mx-auto max-w-(--thread-content-max-width) flex-1 group\/turn-messages focus-visible:outline-hidden relative flex w-full min-w-0 flex-col agent-turn\" tabindex=\"-1\">\n<div class=\"flex max-w-full flex-col grow\">\n<div class=\"min-h-8 text-message relative flex w-full flex-col items-end gap-2 text-start break-words whitespace-normal [.text-message+&amp;]:mt-1\" dir=\"auto\" data-message-author-role=\"assistant\" data-message-id=\"23952f63-cbc3-4da6-a8c1-31dab493bab4\" data-message-model-slug=\"gpt-5-1\">\n<div class=\"flex w-full flex-col gap-1 empty:hidden first:pt-[1px]\">\n<div class=\"markdown prose dark:prose-invert w-full break-words light markdown-new-styling\">\n<h2 data-start=\"134\" data-end=\"159\"><strong data-start=\"137\" data-end=\"159\">\u0160io produkto nauda<\/strong><\/h2>\n<h3 data-start=\"161\" data-end=\"195\"><strong data-start=\"165\" data-end=\"195\">1. Daug baltym\u0173 \u2013 net 24 %<\/strong><\/h3>\n<p data-start=\"196\" data-end=\"301\">Baton\u0117liai turi \u017eirni\u0173 baltym\u0173 ir rie\u0161ut\u0173, tod\u0117l yra <strong data-start=\"249\" data-end=\"286\">puikus augalini\u0173 baltym\u0173 \u0161altinis<\/strong>, padedantis:<\/p>\n<ul data-start=\"302\" data-end=\"446\">\n<li data-start=\"302\" data-end=\"340\">\n<p data-start=\"304\" data-end=\"340\">palaikyti ir auginti raumen\u0173 mas\u0119,<\/p>\n<\/li>\n<li data-start=\"341\" data-end=\"378\">\n<p data-start=\"343\" data-end=\"378\">suteikia ilgalaik\u012f sotumo jausm\u0105,<\/p>\n<\/li>\n<li data-start=\"379\" data-end=\"446\">\n<p data-start=\"381\" data-end=\"446\">tinka sportuojantiems ir aktyv\u0173 gyvenimo b\u016bd\u0105 turintiems \u017emon\u0117ms.<\/p>\n<\/li>\n<\/ul>\n<h3 data-start=\"448\" data-end=\"505\"><strong data-start=\"452\" data-end=\"505\">2. Sveikieji riebalai i\u0161 migdol\u0173 ir moli\u016bg\u0173 s\u0117kl\u0173<\/strong><\/h3>\n<p data-start=\"506\" data-end=\"560\">Produktas suteikia <strong data-start=\"525\" data-end=\"543\">ger\u0173j\u0173 riebal\u0173<\/strong>, kurie padeda:<\/p>\n<ul data-start=\"561\" data-end=\"677\">\n<li data-start=\"561\" data-end=\"602\">\n<p data-start=\"563\" data-end=\"602\">palaikyti normal\u0173 cholesterolio lyg\u012f,<\/p>\n<\/li>\n<li data-start=\"603\" data-end=\"636\">\n<p data-start=\"605\" data-end=\"636\">apr\u016bpinti organizm\u0105 energija,<\/p>\n<\/li>\n<li data-start=\"637\" data-end=\"677\">\n<p data-start=\"639\" data-end=\"677\">palaikyti smegen\u0173 ir \u0161irdies sveikat\u0105.<\/p>\n<\/li>\n<\/ul>\n<h3 data-start=\"679\" data-end=\"738\"><strong data-start=\"683\" data-end=\"738\">3. 70 % juodasis \u0161okoladas \u2013 antioksidant\u0173 \u0161altinis<\/strong><\/h3>\n<p data-start=\"739\" data-end=\"758\">Tamsus \u0161okoladas:<\/p>\n<ul data-start=\"759\" data-end=\"911\">\n<li data-start=\"759\" data-end=\"815\">\n<p data-start=\"761\" data-end=\"815\">pasi\u017eymi <strong data-start=\"770\" data-end=\"812\">stipriomis antioksidacin\u0117mis savyb\u0117mis<\/strong>,<\/p>\n<\/li>\n<li data-start=\"816\" data-end=\"860\">\n<p data-start=\"818\" data-end=\"860\">gali gerinti nuotaik\u0105 ir ma\u017einti stres\u0105,<\/p>\n<\/li>\n<li data-start=\"861\" data-end=\"911\">\n<p data-start=\"863\" data-end=\"911\">suteikia intensyv\u0173 skon\u012f be perteklinio saldumo.<\/p>\n<\/li>\n<\/ul>\n<h3 data-start=\"913\" data-end=\"948\"><strong data-start=\"917\" data-end=\"948\">4. Daug skaidul\u0173 \u2013 net 11 g<\/strong><\/h3>\n<p data-start=\"949\" data-end=\"968\">Skaidulos padeda:<\/p>\n<ul data-start=\"969\" data-end=\"1061\">\n<li data-start=\"969\" data-end=\"992\">\n<p data-start=\"971\" data-end=\"992\">gerinti vir\u0161kinim\u0105,<\/p>\n<\/li>\n<li data-start=\"993\" data-end=\"1020\">\n<p data-start=\"995\" data-end=\"1020\">ilgiau i\u0161likti sotiems,<\/p>\n<\/li>\n<li data-start=\"1021\" data-end=\"1061\">\n<p data-start=\"1023\" data-end=\"1061\">palaikyti \u017earnyno mikrobiotos balans\u0105.<\/p>\n<\/li>\n<\/ul>\n<h3 data-start=\"1063\" data-end=\"1097\"><strong data-start=\"1067\" data-end=\"1097\">5. Ma\u017eesnis cukraus kiekis<\/strong><\/h3>\n<p data-start=\"1098\" data-end=\"1203\">Produktas turi tik <strong data-start=\"1117\" data-end=\"1133\">17 g cukraus<\/strong>, kas yra ma\u017eiau nei daugelyje \u012fprast\u0173 \u0161okoladini\u0173 baton\u0117li\u0173, tod\u0117l:<\/p>\n<ul data-start=\"1204\" data-end=\"1281\">\n<li data-start=\"1204\" data-end=\"1253\">\n<p data-start=\"1206\" data-end=\"1253\">suteikia energijos be staigi\u0173 cukraus \u0161uoli\u0173,<\/p>\n<\/li>\n<li data-start=\"1254\" data-end=\"1281\">\n<p data-start=\"1256\" data-end=\"1281\">tinka s\u0105moningai mitybai.<\/p>\n<\/li>\n<\/ul>\n<h3 data-start=\"1283\" data-end=\"1329\"><strong data-start=\"1287\" data-end=\"1329\">6. Be glitimo ir tinka daugeliui diet\u0173<\/strong><\/h3>\n<p data-start=\"1330\" data-end=\"1349\">Baton\u0117liai tinka:<\/p>\n<ul data-start=\"1350\" data-end=\"1513\">\n<li data-start=\"1350\" data-end=\"1384\">\n<p data-start=\"1352\" data-end=\"1384\">\u017emon\u0117ms, vengiantiems glitimo,<\/p>\n<\/li>\n<li data-start=\"1385\" data-end=\"1437\">\n<p data-start=\"1387\" data-end=\"1437\">augalin\u0117s mitybos \u0161alininkams (nors yra medaus),<\/p>\n<\/li>\n<li data-start=\"1438\" data-end=\"1513\">\n<p data-start=\"1440\" data-end=\"1513\">sportininkams ir aktyviems \u017emon\u0117ms kaip <strong data-start=\"1480\" data-end=\"1512\">sot\u016bs, baltymingi u\u017ekand\u017eiai<\/strong>.<\/p>\n<\/li>\n<\/ul>\n<p data-start=\"77\" data-end=\"712\"><strong data-start=\"77\" data-end=\"100\">Sudedamosios dalys:<\/strong><br data-start=\"100\" data-end=\"103\" \/>Migdolai 34 % (ES ir ne ES), juodasis \u0161okoladas 25 % (kakavos mas\u0117 (ne ES), cukrus, kakavos sviestas (ne ES), emulsikliai: soj\u0173 ir saul\u0117gr\u0105\u017e\u0173 lecitinas, nat\u016bralus vanil\u0117s aromatas), \u017eirni\u0173 baltym\u0173 ekstr\u016bdas 12 % (\u017eirni\u0173 baltym\u0173 izoliatas, \u017eirni\u0173 baltym\u0173 koncentratas, tapiokos krakmolas), moli\u016bg\u0173 s\u0117klos 10 %, gliukoz\u0117s sirupas, fruktooligosacharidai, medus, saul\u0117gr\u0105\u017e\u0173 aliejus, druska, stabilizatorius: sorbitolis, emulsikliai: soj\u0173 ir saul\u0117gr\u0105\u017e\u0173 lecitinas. Glajus: \u0161okoladas (ma\u017eiausias kakavos saus\u0173j\u0173 med\u017eiag\u0173 kiekis \u2013 70 %). Gali b\u016bti \u017eem\u0117s rie\u0161ut\u0173, pieno ir kit\u0173 rie\u0161ut\u0173 (lazdyn\u0173 ir anakard\u017ei\u0173) p\u0117dsak\u0173.<\/p>\n<p data-start=\"714\" data-end=\"864\">Laikyti v\u0117sioje ir sausoje vietoje. Did\u017eiausia leistina temperat\u016bra 20 \u00b0C\u201368 \u00b0F. Did\u017eiausia dr\u0117gm\u0117 65 %.<br data-start=\"818\" data-end=\"821\" \/>Geriausias iki, partija: \u017er. pakuot\u0117s \u0161on\u0105.<\/p>\n<p data-start=\"866\" data-end=\"1084\">Pagaminta Ispanijoje: <strong data-start=\"888\" data-end=\"915\">DLV Alimentaci\u00f3n S.A.U.<\/strong>, Ctra. Madrid-Ciudad Real km 95.200, 45450 Orgaz (Toledo), Espa\u00f1a \u2013 Ispani\u0161kas produktas.<\/p>\n<hr data-start=\"1114\" data-end=\"1117\" \/>\n<h3 data-start=\"1119\" data-end=\"1171\"><strong data-start=\"1123\" data-end=\"1169\">Maistin\u0117 vert\u0117 (vidutin\u0117s reik\u0161m\u0117s 100 g):<\/strong><\/h3>\n<ul data-start=\"1172\" data-end=\"1388\" data-is-last-node=\"\" data-is-only-node=\"\">\n<li data-start=\"1172\" data-end=\"1208\">\n<p data-start=\"1174\" data-end=\"1208\"><strong data-start=\"1174\" data-end=\"1187\">Energija:<\/strong> 2102 kJ \/ 505 kcal<\/p>\n<\/li>\n<li data-start=\"1209\" data-end=\"1266\">\n<p data-start=\"1211\" data-end=\"1231\"><strong data-start=\"1211\" data-end=\"1224\">Riebalai:<\/strong> 31 g<\/p>\n<ul data-start=\"1234\" data-end=\"1266\">\n<li data-start=\"1234\" data-end=\"1266\">\n<p data-start=\"1236\" data-end=\"1266\">i\u0161 j\u0173 so\u010di\u0173j\u0173 riebal\u0173: 8,8 g<\/p>\n<\/li>\n<\/ul>\n<\/li>\n<li data-start=\"1267\" data-end=\"1320\">\n<p data-start=\"1269\" data-end=\"1296\"><strong data-start=\"1269\" data-end=\"1289\">Angliavandeniai:<\/strong> 27 g<\/p>\n<ul data-start=\"1299\" data-end=\"1320\">\n<li data-start=\"1299\" data-end=\"1320\">\n<p data-start=\"1301\" data-end=\"1320\">i\u0161 j\u0173 cukr\u0173: 17 g<\/p>\n<\/li>\n<\/ul>\n<\/li>\n<li data-start=\"1321\" data-end=\"1344\">\n<p data-start=\"1323\" data-end=\"1344\"><strong data-start=\"1323\" data-end=\"1337\">Skaidulos:<\/strong> 11 g<\/p>\n<\/li>\n<li data-start=\"1345\" data-end=\"1367\">\n<p data-start=\"1347\" data-end=\"1367\"><strong data-start=\"1347\" data-end=\"1360\">Baltymai:<\/strong> 24 g<\/p>\n<\/li>\n<li data-start=\"1368\" data-end=\"1388\" data-is-last-node=\"\">\n<p data-start=\"1370\" data-end=\"1388\" data-is-last-node=\"\"><strong data-start=\"1370\" data-end=\"1381\">Druska:<\/strong> 0,77 g<\/p>\n<\/li>\n<\/ul>\n<\/div>\n<\/div>\n<\/div>\n<\/div>\n<div class=\"z-0 flex min-h-[46px] justify-start\"><\/div>\n<div class=\"mt-3 w-full empty:hidden\">\n<div class=\"text-center\"><\/div>\n<\/div>\n<\/div>\n<\/div>\n<\/article>\n<div class=\"pointer-events-none h-px w-px\" aria-hidden=\"true\" data-edge=\"true\"><\/div>\n","protected":false},"excerpt":{"rendered":"<p>\u0160io produkto nauda 1. Daug baltym\u0173 \u2013 net 24 % Baton\u0117liai turi \u017eirni\u0173 baltym\u0173 ir rie\u0161ut\u0173, tod\u0117l yra puikus augalini\u0173 baltym\u0173 \u0161altinis, padedantis: palaikyti ir auginti raumen\u0173 mas\u0119, suteikia ilgalaik\u012f sotumo jausm\u0105, tinka sportuojantiems ir aktyv\u0173 gyvenimo b\u016bd\u0105 turintiems \u017emon\u0117ms. 2. Sveikieji riebalai i\u0161 migdol\u0173 ir moli\u016bg\u0173 s\u0117kl\u0173 Produktas suteikia ger\u0173j\u0173 riebal\u0173, kurie padeda: palaikyti normal\u0173 cholesterolio lyg\u012f, apr\u016bpinti organizm\u0105 energija, palaikyti smegen\u0173 ir \u0161irdies sveikat\u0105. 3. 70 % juodasis \u0161okoladas \u2013 antioksidant\u0173 \u0161altinis Tamsus \u0161okoladas: pasi\u017eymi stipriomis antioksidacin\u0117mis savyb\u0117mis, gali gerinti nuotaik\u0105 ir ma\u017einti stres\u0105, suteikia intensyv\u0173 skon\u012f be perteklinio saldumo. 4. Daug skaidul\u0173 \u2013 net 11 g Skaidulos padeda: gerinti vir\u0161kinim\u0105, ilgiau i\u0161likti sotiems, palaikyti \u017earnyno mikrobiotos balans\u0105. 5. Ma\u017eesnis cukraus kiekis Produktas turi tik 17 g cukraus, kas yra ma\u017eiau nei daugelyje \u012fprast\u0173 \u0161okoladini\u0173 baton\u0117li\u0173, tod\u0117l: suteikia energijos be staigi\u0173 cukraus \u0161uoli\u0173, tinka s\u0105moningai mitybai. 6. Be glitimo ir tinka daugeliui diet\u0173 Baton\u0117liai tinka: \u017emon\u0117ms, vengiantiems glitimo, augalin\u0117s mitybos \u0161alininkams (nors yra medaus), sportininkams ir aktyviems \u017emon\u0117ms kaip sot\u016bs, baltymingi u\u017ekand\u017eiai. Sudedamosios dalys:Migdolai 34 % (ES ir ne ES), juodasis \u0161okoladas 25 % (kakavos mas\u0117 (ne ES), cukrus, kakavos sviestas (ne ES), emulsikliai: soj\u0173 ir saul\u0117gr\u0105\u017e\u0173 lecitinas, nat\u016bralus vanil\u0117s aromatas), \u017eirni\u0173 baltym\u0173 ekstr\u016bdas 12 % (\u017eirni\u0173 baltym\u0173 izoliatas, \u017eirni\u0173 baltym\u0173 koncentratas, tapiokos krakmolas), moli\u016bg\u0173 s\u0117klos 10 %, gliukoz\u0117s sirupas, fruktooligosacharidai, medus, saul\u0117gr\u0105\u017e\u0173 aliejus, druska, stabilizatorius: sorbitolis, emulsikliai: soj\u0173 ir saul\u0117gr\u0105\u017e\u0173 lecitinas. Glajus: \u0161okoladas (ma\u017eiausias kakavos saus\u0173j\u0173 med\u017eiag\u0173 kiekis \u2013 70 %). Gali b\u016bti \u017eem\u0117s rie\u0161ut\u0173, pieno ir kit\u0173 rie\u0161ut\u0173 (lazdyn\u0173 ir anakard\u017ei\u0173) p\u0117dsak\u0173. Laikyti v\u0117sioje ir sausoje vietoje. Did\u017eiausia leistina temperat\u016bra 20 \u00b0C\u201368 \u00b0F. Did\u017eiausia dr\u0117gm\u0117 65 %.Geriausias iki, partija: \u017er. pakuot\u0117s \u0161on\u0105. Pagaminta Ispanijoje: DLV Alimentaci\u00f3n S.A.U., Ctra. Madrid-Ciudad Real km 95.200, 45450 Orgaz (Toledo), Espa\u00f1a \u2013 Ispani\u0161kas produktas. Maistin\u0117 vert\u0117 (vidutin\u0117s reik\u0161m\u0117s 100 g): Energija: 2102 kJ \/ 505 kcal Riebalai: 31 g i\u0161 j\u0173 so\u010di\u0173j\u0173 riebal\u0173: 8,8 g Angliavandeniai: 27 g i\u0161 j\u0173 cukr\u0173: 17 g Skaidulos: 11 g Baltymai: 24 g Druska: 0,77 g<\/p>\n","protected":false},"featured_media":26478,"template":"","meta":[],"product_brand":[],"product_cat":[116,131,136],"product_tag":[],"class_list":{"0":"post-26477","1":"product","2":"type-product","3":"status-publish","4":"has-post-thumbnail","6":"product_cat-mazmenine-2","7":"product_cat-saldumynai","8":"product_cat-snacks","10":"first","11":"instock","12":"shipping-taxable","13":"purchasable","14":"product-type-simple"},"yoast_head":"<!-- This site is optimized with the Yoast SEO plugin v23.7 - https:\/\/yoast.com\/wordpress\/plugins\/seo\/ -->\n<title>Rie\u0161ut\u0173 baton\u0117liai su \u017eirni\u0173 baltymais, padengti 70 %juoduoju \u0161okoladu, 4*35g. | Espanola.lt<\/title>\n<meta name=\"description\" content=\"Atraskite auk\u0161tos kokyb\u0117s ispani\u0161kus delikatesus \u2013 s\u016brius, kumpius, alyvuoges ir \u017euv\u012f. Tikras Ispanijos skonis tiesiai \u012f j\u016bs\u0173 namus.\" \/>\n<meta name=\"robots\" content=\"index, follow, max-snippet:-1, max-image-preview:large, max-video-preview:-1\" \/>\n<link rel=\"canonical\" href=\"https:\/\/espanola.lt\/produktas\/riesutu-batoneliai-su-zirniu-baltymais-padengti-70-juoduoju-sokoladu-435g\/\" \/>\n<meta property=\"og:locale\" content=\"en_US\" \/>\n<meta property=\"og:type\" content=\"article\" \/>\n<meta property=\"og:title\" content=\"Rie\u0161ut\u0173 baton\u0117liai su \u017eirni\u0173 baltymais, padengti 70 %juoduoju \u0161okoladu, 4*35g. | Espanola.lt\" \/>\n<meta property=\"og:description\" content=\"Atraskite auk\u0161tos kokyb\u0117s ispani\u0161kus delikatesus \u2013 s\u016brius, kumpius, alyvuoges ir \u017euv\u012f. Tikras Ispanijos skonis tiesiai \u012f j\u016bs\u0173 namus.\" \/>\n<meta property=\"og:url\" content=\"https:\/\/espanola.lt\/produktas\/riesutu-batoneliai-su-zirniu-baltymais-padengti-70-juoduoju-sokoladu-435g\/\" \/>\n<meta property=\"og:site_name\" content=\"Espanola\" \/>\n<meta property=\"article:publisher\" content=\"https:\/\/www.facebook.com\/espanola.lt\" \/>\n<meta property=\"article:modified_time\" content=\"2026-02-17T11:27:15+00:00\" \/>\n<meta property=\"og:image\" content=\"https:\/\/espanola.lt\/wp-content\/uploads\/2025\/11\/90959-3D-ALMOND-AND-DARK-CHOCOLATE-PROTEIN-BARS-140G-1024x1024.png\" \/>\n\t<meta property=\"og:image:width\" content=\"1024\" \/>\n\t<meta property=\"og:image:height\" content=\"1024\" \/>\n\t<meta property=\"og:image:type\" content=\"image\/png\" \/>\n<meta name=\"twitter:card\" content=\"summary_large_image\" \/>\n<meta name=\"twitter:label1\" content=\"Est. reading time\" \/>\n\t<meta name=\"twitter:data1\" content=\"2 minutes\" \/>\n<script type=\"application\/ld+json\" class=\"yoast-schema-graph\">{\"@context\":\"https:\/\/schema.org\",\"@graph\":[{\"@type\":\"WebPage\",\"@id\":\"https:\/\/espanola.lt\/produktas\/riesutu-batoneliai-su-zirniu-baltymais-padengti-70-juoduoju-sokoladu-435g\/\",\"url\":\"https:\/\/espanola.lt\/produktas\/riesutu-batoneliai-su-zirniu-baltymais-padengti-70-juoduoju-sokoladu-435g\/\",\"name\":\"Rie\u0161ut\u0173 baton\u0117liai su \u017eirni\u0173 baltymais, padengti 70 %juoduoju \u0161okoladu, 4*35g. | Espanola.lt\",\"isPartOf\":{\"@id\":\"https:\/\/espanola.lt\/#website\"},\"primaryImageOfPage\":{\"@id\":\"https:\/\/espanola.lt\/produktas\/riesutu-batoneliai-su-zirniu-baltymais-padengti-70-juoduoju-sokoladu-435g\/#primaryimage\"},\"image\":{\"@id\":\"https:\/\/espanola.lt\/produktas\/riesutu-batoneliai-su-zirniu-baltymais-padengti-70-juoduoju-sokoladu-435g\/#primaryimage\"},\"thumbnailUrl\":\"https:\/\/espanola.lt\/wp-content\/uploads\/2025\/11\/90959-3D-ALMOND-AND-DARK-CHOCOLATE-PROTEIN-BARS-140G.png\",\"datePublished\":\"2025-11-17T14:24:41+00:00\",\"dateModified\":\"2026-02-17T11:27:15+00:00\",\"description\":\"Atraskite auk\u0161tos kokyb\u0117s ispani\u0161kus delikatesus \u2013 s\u016brius, kumpius, alyvuoges ir \u017euv\u012f. Tikras Ispanijos skonis tiesiai \u012f j\u016bs\u0173 namus.\",\"breadcrumb\":{\"@id\":\"https:\/\/espanola.lt\/produktas\/riesutu-batoneliai-su-zirniu-baltymais-padengti-70-juoduoju-sokoladu-435g\/#breadcrumb\"},\"inLanguage\":\"en-US\",\"potentialAction\":[{\"@type\":\"ReadAction\",\"target\":[\"https:\/\/espanola.lt\/produktas\/riesutu-batoneliai-su-zirniu-baltymais-padengti-70-juoduoju-sokoladu-435g\/\"]}]},{\"@type\":\"ImageObject\",\"inLanguage\":\"en-US\",\"@id\":\"https:\/\/espanola.lt\/produktas\/riesutu-batoneliai-su-zirniu-baltymais-padengti-70-juoduoju-sokoladu-435g\/#primaryimage\",\"url\":\"https:\/\/espanola.lt\/wp-content\/uploads\/2025\/11\/90959-3D-ALMOND-AND-DARK-CHOCOLATE-PROTEIN-BARS-140G.png\",\"contentUrl\":\"https:\/\/espanola.lt\/wp-content\/uploads\/2025\/11\/90959-3D-ALMOND-AND-DARK-CHOCOLATE-PROTEIN-BARS-140G.png\",\"width\":4800,\"height\":4800},{\"@type\":\"BreadcrumbList\",\"@id\":\"https:\/\/espanola.lt\/produktas\/riesutu-batoneliai-su-zirniu-baltymais-padengti-70-juoduoju-sokoladu-435g\/#breadcrumb\",\"itemListElement\":[{\"@type\":\"ListItem\",\"position\":1,\"name\":\"Home\",\"item\":\"https:\/\/espanola.lt\/en\/homepage\/\"},{\"@type\":\"ListItem\",\"position\":2,\"name\":\"Shop\",\"item\":\"https:\/\/espanola.lt\/en\/shop\/\"},{\"@type\":\"ListItem\",\"position\":3,\"name\":\"Rie\u0161ut\u0173 baton\u0117liai su \u017eirni\u0173 baltymais, padengti 70 %juoduoju \u0161okoladu, 4*35g.\"}]},{\"@type\":\"WebSite\",\"@id\":\"https:\/\/espanola.lt\/#website\",\"url\":\"https:\/\/espanola.lt\/\",\"name\":\"Espanola.lt | Tikras Ispanijos skonis \u2013 J\u016bs\u0173 namuose!\",\"description\":\"\",\"publisher\":{\"@id\":\"https:\/\/espanola.lt\/#organization\"},\"potentialAction\":[{\"@type\":\"SearchAction\",\"target\":{\"@type\":\"EntryPoint\",\"urlTemplate\":\"https:\/\/espanola.lt\/?s={search_term_string}\"},\"query-input\":{\"@type\":\"PropertyValueSpecification\",\"valueRequired\":true,\"valueName\":\"search_term_string\"}}],\"inLanguage\":\"en-US\"},{\"@type\":\"Organization\",\"@id\":\"https:\/\/espanola.lt\/#organization\",\"name\":\"Espanola.lt\",\"url\":\"https:\/\/espanola.lt\/\",\"logo\":{\"@type\":\"ImageObject\",\"inLanguage\":\"en-US\",\"@id\":\"https:\/\/espanola.lt\/#\/schema\/logo\/image\/\",\"url\":\"https:\/\/espanola.lt\/wp-content\/uploads\/2023\/03\/notext_color.png\",\"contentUrl\":\"https:\/\/espanola.lt\/wp-content\/uploads\/2023\/03\/notext_color.png\",\"width\":916,\"height\":204,\"caption\":\"Espanola.lt\"},\"image\":{\"@id\":\"https:\/\/espanola.lt\/#\/schema\/logo\/image\/\"},\"sameAs\":[\"https:\/\/www.facebook.com\/espanola.lt\",\"https:\/\/www.instagram.com\/espanola.lt\/\"]}]}<\/script>\n<!-- \/ Yoast SEO plugin. -->","yoast_head_json":{"title":"Rie\u0161ut\u0173 baton\u0117liai su \u017eirni\u0173 baltymais, padengti 70 %juoduoju \u0161okoladu, 4*35g. | Espanola.lt","description":"Atraskite auk\u0161tos kokyb\u0117s ispani\u0161kus delikatesus \u2013 s\u016brius, kumpius, alyvuoges ir \u017euv\u012f. Tikras Ispanijos skonis tiesiai \u012f j\u016bs\u0173 namus.","robots":{"index":"index","follow":"follow","max-snippet":"max-snippet:-1","max-image-preview":"max-image-preview:large","max-video-preview":"max-video-preview:-1"},"canonical":"https:\/\/espanola.lt\/produktas\/riesutu-batoneliai-su-zirniu-baltymais-padengti-70-juoduoju-sokoladu-435g\/","og_locale":"en_US","og_type":"article","og_title":"Rie\u0161ut\u0173 baton\u0117liai su \u017eirni\u0173 baltymais, padengti 70 %juoduoju \u0161okoladu, 4*35g. | Espanola.lt","og_description":"Atraskite auk\u0161tos kokyb\u0117s ispani\u0161kus delikatesus \u2013 s\u016brius, kumpius, alyvuoges ir \u017euv\u012f. Tikras Ispanijos skonis tiesiai \u012f j\u016bs\u0173 namus.","og_url":"https:\/\/espanola.lt\/produktas\/riesutu-batoneliai-su-zirniu-baltymais-padengti-70-juoduoju-sokoladu-435g\/","og_site_name":"Espanola","article_publisher":"https:\/\/www.facebook.com\/espanola.lt","article_modified_time":"2026-02-17T11:27:15+00:00","og_image":[{"width":1024,"height":1024,"url":"https:\/\/espanola.lt\/wp-content\/uploads\/2025\/11\/90959-3D-ALMOND-AND-DARK-CHOCOLATE-PROTEIN-BARS-140G-1024x1024.png","type":"image\/png"}],"twitter_card":"summary_large_image","twitter_misc":{"Est. reading time":"2 minutes"},"schema":{"@context":"https:\/\/schema.org","@graph":[{"@type":"WebPage","@id":"https:\/\/espanola.lt\/produktas\/riesutu-batoneliai-su-zirniu-baltymais-padengti-70-juoduoju-sokoladu-435g\/","url":"https:\/\/espanola.lt\/produktas\/riesutu-batoneliai-su-zirniu-baltymais-padengti-70-juoduoju-sokoladu-435g\/","name":"Rie\u0161ut\u0173 baton\u0117liai su \u017eirni\u0173 baltymais, padengti 70 %juoduoju \u0161okoladu, 4*35g. | Espanola.lt","isPartOf":{"@id":"https:\/\/espanola.lt\/#website"},"primaryImageOfPage":{"@id":"https:\/\/espanola.lt\/produktas\/riesutu-batoneliai-su-zirniu-baltymais-padengti-70-juoduoju-sokoladu-435g\/#primaryimage"},"image":{"@id":"https:\/\/espanola.lt\/produktas\/riesutu-batoneliai-su-zirniu-baltymais-padengti-70-juoduoju-sokoladu-435g\/#primaryimage"},"thumbnailUrl":"https:\/\/espanola.lt\/wp-content\/uploads\/2025\/11\/90959-3D-ALMOND-AND-DARK-CHOCOLATE-PROTEIN-BARS-140G.png","datePublished":"2025-11-17T14:24:41+00:00","dateModified":"2026-02-17T11:27:15+00:00","description":"Atraskite auk\u0161tos kokyb\u0117s ispani\u0161kus delikatesus \u2013 s\u016brius, kumpius, alyvuoges ir \u017euv\u012f. Tikras Ispanijos skonis tiesiai \u012f j\u016bs\u0173 namus.","breadcrumb":{"@id":"https:\/\/espanola.lt\/produktas\/riesutu-batoneliai-su-zirniu-baltymais-padengti-70-juoduoju-sokoladu-435g\/#breadcrumb"},"inLanguage":"en-US","potentialAction":[{"@type":"ReadAction","target":["https:\/\/espanola.lt\/produktas\/riesutu-batoneliai-su-zirniu-baltymais-padengti-70-juoduoju-sokoladu-435g\/"]}]},{"@type":"ImageObject","inLanguage":"en-US","@id":"https:\/\/espanola.lt\/produktas\/riesutu-batoneliai-su-zirniu-baltymais-padengti-70-juoduoju-sokoladu-435g\/#primaryimage","url":"https:\/\/espanola.lt\/wp-content\/uploads\/2025\/11\/90959-3D-ALMOND-AND-DARK-CHOCOLATE-PROTEIN-BARS-140G.png","contentUrl":"https:\/\/espanola.lt\/wp-content\/uploads\/2025\/11\/90959-3D-ALMOND-AND-DARK-CHOCOLATE-PROTEIN-BARS-140G.png","width":4800,"height":4800},{"@type":"BreadcrumbList","@id":"https:\/\/espanola.lt\/produktas\/riesutu-batoneliai-su-zirniu-baltymais-padengti-70-juoduoju-sokoladu-435g\/#breadcrumb","itemListElement":[{"@type":"ListItem","position":1,"name":"Home","item":"https:\/\/espanola.lt\/en\/homepage\/"},{"@type":"ListItem","position":2,"name":"Shop","item":"https:\/\/espanola.lt\/en\/shop\/"},{"@type":"ListItem","position":3,"name":"Rie\u0161ut\u0173 baton\u0117liai su \u017eirni\u0173 baltymais, padengti 70 %juoduoju \u0161okoladu, 4*35g."}]},{"@type":"WebSite","@id":"https:\/\/espanola.lt\/#website","url":"https:\/\/espanola.lt\/","name":"Espanola.lt | Tikras Ispanijos skonis \u2013 J\u016bs\u0173 namuose!","description":"","publisher":{"@id":"https:\/\/espanola.lt\/#organization"},"potentialAction":[{"@type":"SearchAction","target":{"@type":"EntryPoint","urlTemplate":"https:\/\/espanola.lt\/?s={search_term_string}"},"query-input":{"@type":"PropertyValueSpecification","valueRequired":true,"valueName":"search_term_string"}}],"inLanguage":"en-US"},{"@type":"Organization","@id":"https:\/\/espanola.lt\/#organization","name":"Espanola.lt","url":"https:\/\/espanola.lt\/","logo":{"@type":"ImageObject","inLanguage":"en-US","@id":"https:\/\/espanola.lt\/#\/schema\/logo\/image\/","url":"https:\/\/espanola.lt\/wp-content\/uploads\/2023\/03\/notext_color.png","contentUrl":"https:\/\/espanola.lt\/wp-content\/uploads\/2023\/03\/notext_color.png","width":916,"height":204,"caption":"Espanola.lt"},"image":{"@id":"https:\/\/espanola.lt\/#\/schema\/logo\/image\/"},"sameAs":["https:\/\/www.facebook.com\/espanola.lt","https:\/\/www.instagram.com\/espanola.lt\/"]}]}},"_links":{"self":[{"href":"https:\/\/espanola.lt\/en\/wp-json\/wp\/v2\/product\/26477"}],"collection":[{"href":"https:\/\/espanola.lt\/en\/wp-json\/wp\/v2\/product"}],"about":[{"href":"https:\/\/espanola.lt\/en\/wp-json\/wp\/v2\/types\/product"}],"version-history":[{"count":1,"href":"https:\/\/espanola.lt\/en\/wp-json\/wp\/v2\/product\/26477\/revisions"}],"predecessor-version":[{"id":26480,"href":"https:\/\/espanola.lt\/en\/wp-json\/wp\/v2\/product\/26477\/revisions\/26480"}],"wp:featuredmedia":[{"embeddable":true,"href":"https:\/\/espanola.lt\/en\/wp-json\/wp\/v2\/media\/26478"}],"wp:attachment":[{"href":"https:\/\/espanola.lt\/en\/wp-json\/wp\/v2\/media?parent=26477"}],"wp:term":[{"taxonomy":"product_brand","embeddable":true,"href":"https:\/\/espanola.lt\/en\/wp-json\/wp\/v2\/product_brand?post=26477"},{"taxonomy":"product_cat","embeddable":true,"href":"https:\/\/espanola.lt\/en\/wp-json\/wp\/v2\/product_cat?post=26477"},{"taxonomy":"product_tag","embeddable":true,"href":"https:\/\/espanola.lt\/en\/wp-json\/wp\/v2\/product_tag?post=26477"}],"curies":[{"name":"wp","href":"https:\/\/api.w.org\/{rel}","templated":true}]}}