{"id":26467,"date":"2025-11-17T14:13:57","date_gmt":"2025-11-17T14:13:57","guid":{"rendered":"https:\/\/espanola.lt\/?post_type=product&#038;p=26467"},"modified":"2025-12-18T08:28:31","modified_gmt":"2025-12-18T08:28:31","slug":"sokoladinis-turronas-su-migdolais-100g","status":"publish","type":"product","link":"https:\/\/espanola.lt\/en\/produktas\/sokoladinis-turronas-su-migdolais-100g\/","title":{"rendered":"\u0160okoladinis turronas su migdolais 100g."},"content":{"rendered":"<p data-start=\"39\" data-end=\"499\"><strong data-start=\"39\" data-end=\"62\">Sudedamosios dalys:<\/strong> Cukrus, migdolai (ES ir ne ES) 23 %, kakavos sviestas (ne ES kilm\u0117s), nugriebto pieno milteliai, kakavos mas\u0117 (ne ES kilm\u0117s), lazdyn\u0173 rie\u0161ut\u0173 pasta, augaliniai riebalai (palmi\u0173, saul\u0117gr\u0105\u017e\u0173, dygmin\u0173 ir medviln\u0117s s\u0117kl\u0173), nenugriebto pieno milteliai, migdol\u0173 pasta, emulsikliai: soj\u0173 ir saul\u0117gr\u0105\u017e\u0173 lecitinas, dirbtiniai aromatai. Kakavos saus\u0173j\u0173 med\u017eiag\u0173 ne ma\u017eiau kaip 22 %. Gali b\u016bti \u017eem\u0117s rie\u0161ut\u0173 ir glitimo (kvie\u010di\u0173 ir mie\u017ei\u0173) p\u0117dsak\u0173.<\/p>\n<p data-start=\"501\" data-end=\"605\">Laikyti v\u0117sioje ir sausoje vietoje. Did\u017eiausia leistina temperat\u016bra 20 \u00b0C\u201368 \u00b0F. Did\u017eiausia dr\u0117gm\u0117 65 %.<\/p>\n<p data-start=\"607\" data-end=\"835\">Pagaminta Ispanijoje: <strong data-start=\"629\" data-end=\"656\">DLV Alimentaci\u00f3n S.A.U.<\/strong>, Ctra. Madrid-Ciudad Real Km 95,200, 45450 Orgaz (Toledo), Espa\u00f1a (Ispanija).<br data-start=\"734\" data-end=\"737\" \/>Ispani\u0161kas produktas.<\/p>\n<p data-start=\"837\" data-end=\"873\"><strong data-start=\"837\" data-end=\"873\">Grynasis svoris: 100 g (3.52 oz)<\/strong><\/p>\n<p data-start=\"875\" data-end=\"1076\" data-is-last-node=\"\" data-is-only-node=\"\"><strong data-start=\"875\" data-end=\"921\">Maistin\u0117 vert\u0117 (vidutin\u0117s reik\u0161m\u0117s 100 g):<\/strong><br data-start=\"921\" data-end=\"924\" \/>Energija 2349 kJ \/ 565 kcal<br data-start=\"951\" data-end=\"954\" \/>Riebalai 39 g, i\u0161 j\u0173 so\u010di\u0173j\u0173 14 g<br data-start=\"987\" data-end=\"990\" \/>Angliavandeniai 39 g, i\u0161 j\u0173 cukr\u0173 36 g<br data-start=\"1028\" data-end=\"1031\" data-is-only-node=\"\" \/>Skaidulos 7 g<br data-start=\"1044\" data-end=\"1047\" \/>Baltymai 11 g<br data-start=\"1060\" data-end=\"1063\" \/>Druska 0,12 g<\/p>\n","protected":false},"excerpt":{"rendered":"<p>Sudedamosios dalys: Cukrus, migdolai (ES ir ne ES) 23 %, kakavos sviestas (ne ES kilm\u0117s), nugriebto pieno milteliai, kakavos mas\u0117 (ne ES kilm\u0117s), lazdyn\u0173 rie\u0161ut\u0173 pasta, augaliniai riebalai (palmi\u0173, saul\u0117gr\u0105\u017e\u0173, dygmin\u0173 ir medviln\u0117s s\u0117kl\u0173), nenugriebto pieno milteliai, migdol\u0173 pasta, emulsikliai: soj\u0173 ir saul\u0117gr\u0105\u017e\u0173 lecitinas, dirbtiniai aromatai. Kakavos saus\u0173j\u0173 med\u017eiag\u0173 ne ma\u017eiau kaip 22 %. Gali b\u016bti \u017eem\u0117s rie\u0161ut\u0173 ir glitimo (kvie\u010di\u0173 ir mie\u017ei\u0173) p\u0117dsak\u0173. Laikyti v\u0117sioje ir sausoje vietoje. Did\u017eiausia leistina temperat\u016bra 20 \u00b0C\u201368 \u00b0F. Did\u017eiausia dr\u0117gm\u0117 65 %. Pagaminta Ispanijoje: DLV Alimentaci\u00f3n S.A.U., Ctra. Madrid-Ciudad Real Km 95,200, 45450 Orgaz (Toledo), Espa\u00f1a (Ispanija).Ispani\u0161kas produktas. Grynasis svoris: 100 g (3.52 oz) Maistin\u0117 vert\u0117 (vidutin\u0117s reik\u0161m\u0117s 100 g):Energija 2349 kJ \/ 565 kcalRiebalai 39 g, i\u0161 j\u0173 so\u010di\u0173j\u0173 14 gAngliavandeniai 39 g, i\u0161 j\u0173 cukr\u0173 36 gSkaidulos 7 gBaltymai 11 gDruska 0,12 g<\/p>\n","protected":false},"featured_media":26469,"template":"","meta":[],"product_brand":[],"product_cat":[116,131],"product_tag":[],"class_list":{"0":"post-26467","1":"product","2":"type-product","3":"status-publish","4":"has-post-thumbnail","6":"product_cat-mazmenine-2","7":"product_cat-saldumynai","9":"first","10":"outofstock","11":"shipping-taxable","12":"purchasable","13":"product-type-simple"},"yoast_head":"<!-- This site is optimized with the Yoast SEO plugin v23.7 - https:\/\/yoast.com\/wordpress\/plugins\/seo\/ -->\n<title>\u0160okoladinis turronas su migdolais 100g. | Espanola.lt<\/title>\n<meta name=\"description\" content=\"Atraskite auk\u0161tos kokyb\u0117s ispani\u0161kus delikatesus \u2013 s\u016brius, kumpius, alyvuoges ir \u017euv\u012f. Tikras Ispanijos skonis tiesiai \u012f j\u016bs\u0173 namus.\" \/>\n<meta name=\"robots\" content=\"index, follow, max-snippet:-1, max-image-preview:large, max-video-preview:-1\" \/>\n<link rel=\"canonical\" href=\"https:\/\/espanola.lt\/produktas\/sokoladinis-turronas-su-migdolais-100g\/\" \/>\n<meta property=\"og:locale\" content=\"en_US\" \/>\n<meta property=\"og:type\" content=\"article\" \/>\n<meta property=\"og:title\" content=\"\u0160okoladinis turronas su migdolais 100g. | Espanola.lt\" \/>\n<meta property=\"og:description\" content=\"Atraskite auk\u0161tos kokyb\u0117s ispani\u0161kus delikatesus \u2013 s\u016brius, kumpius, alyvuoges ir \u017euv\u012f. Tikras Ispanijos skonis tiesiai \u012f j\u016bs\u0173 namus.\" \/>\n<meta property=\"og:url\" content=\"https:\/\/espanola.lt\/produktas\/sokoladinis-turronas-su-migdolais-100g\/\" \/>\n<meta property=\"og:site_name\" content=\"Espanola\" \/>\n<meta property=\"article:publisher\" content=\"https:\/\/www.facebook.com\/espanola.lt\" \/>\n<meta property=\"article:modified_time\" content=\"2025-12-18T08:28:31+00:00\" \/>\n<meta property=\"og:image\" content=\"https:\/\/espanola.lt\/wp-content\/uploads\/2025\/11\/87473-3D-CHOCOLATE-TURRON-WITH-ALMONDS-100G-1024x1024.jpg\" \/>\n\t<meta property=\"og:image:width\" content=\"1024\" \/>\n\t<meta property=\"og:image:height\" content=\"1024\" \/>\n\t<meta property=\"og:image:type\" content=\"image\/jpeg\" \/>\n<meta name=\"twitter:card\" content=\"summary_large_image\" \/>\n<meta name=\"twitter:label1\" content=\"Est. reading time\" \/>\n\t<meta name=\"twitter:data1\" content=\"1 minute\" \/>\n<script type=\"application\/ld+json\" class=\"yoast-schema-graph\">{\"@context\":\"https:\/\/schema.org\",\"@graph\":[{\"@type\":\"WebPage\",\"@id\":\"https:\/\/espanola.lt\/produktas\/sokoladinis-turronas-su-migdolais-100g\/\",\"url\":\"https:\/\/espanola.lt\/produktas\/sokoladinis-turronas-su-migdolais-100g\/\",\"name\":\"\u0160okoladinis turronas su migdolais 100g. | Espanola.lt\",\"isPartOf\":{\"@id\":\"https:\/\/espanola.lt\/#website\"},\"primaryImageOfPage\":{\"@id\":\"https:\/\/espanola.lt\/produktas\/sokoladinis-turronas-su-migdolais-100g\/#primaryimage\"},\"image\":{\"@id\":\"https:\/\/espanola.lt\/produktas\/sokoladinis-turronas-su-migdolais-100g\/#primaryimage\"},\"thumbnailUrl\":\"https:\/\/espanola.lt\/wp-content\/uploads\/2025\/11\/87473-3D-CHOCOLATE-TURRON-WITH-ALMONDS-100G.jpg\",\"datePublished\":\"2025-11-17T14:13:57+00:00\",\"dateModified\":\"2025-12-18T08:28:31+00:00\",\"description\":\"Atraskite auk\u0161tos kokyb\u0117s ispani\u0161kus delikatesus \u2013 s\u016brius, kumpius, alyvuoges ir \u017euv\u012f. Tikras Ispanijos skonis tiesiai \u012f j\u016bs\u0173 namus.\",\"breadcrumb\":{\"@id\":\"https:\/\/espanola.lt\/produktas\/sokoladinis-turronas-su-migdolais-100g\/#breadcrumb\"},\"inLanguage\":\"en-US\",\"potentialAction\":[{\"@type\":\"ReadAction\",\"target\":[\"https:\/\/espanola.lt\/produktas\/sokoladinis-turronas-su-migdolais-100g\/\"]}]},{\"@type\":\"ImageObject\",\"inLanguage\":\"en-US\",\"@id\":\"https:\/\/espanola.lt\/produktas\/sokoladinis-turronas-su-migdolais-100g\/#primaryimage\",\"url\":\"https:\/\/espanola.lt\/wp-content\/uploads\/2025\/11\/87473-3D-CHOCOLATE-TURRON-WITH-ALMONDS-100G.jpg\",\"contentUrl\":\"https:\/\/espanola.lt\/wp-content\/uploads\/2025\/11\/87473-3D-CHOCOLATE-TURRON-WITH-ALMONDS-100G.jpg\",\"width\":4800,\"height\":4800},{\"@type\":\"BreadcrumbList\",\"@id\":\"https:\/\/espanola.lt\/produktas\/sokoladinis-turronas-su-migdolais-100g\/#breadcrumb\",\"itemListElement\":[{\"@type\":\"ListItem\",\"position\":1,\"name\":\"Home\",\"item\":\"https:\/\/espanola.lt\/en\/homepage\/\"},{\"@type\":\"ListItem\",\"position\":2,\"name\":\"Shop\",\"item\":\"https:\/\/espanola.lt\/en\/shop\/\"},{\"@type\":\"ListItem\",\"position\":3,\"name\":\"\u0160okoladinis turronas su migdolais 100g.\"}]},{\"@type\":\"WebSite\",\"@id\":\"https:\/\/espanola.lt\/#website\",\"url\":\"https:\/\/espanola.lt\/\",\"name\":\"Espanola.lt | Tikras Ispanijos skonis \u2013 J\u016bs\u0173 namuose!\",\"description\":\"\",\"publisher\":{\"@id\":\"https:\/\/espanola.lt\/#organization\"},\"potentialAction\":[{\"@type\":\"SearchAction\",\"target\":{\"@type\":\"EntryPoint\",\"urlTemplate\":\"https:\/\/espanola.lt\/?s={search_term_string}\"},\"query-input\":{\"@type\":\"PropertyValueSpecification\",\"valueRequired\":true,\"valueName\":\"search_term_string\"}}],\"inLanguage\":\"en-US\"},{\"@type\":\"Organization\",\"@id\":\"https:\/\/espanola.lt\/#organization\",\"name\":\"Espanola.lt\",\"url\":\"https:\/\/espanola.lt\/\",\"logo\":{\"@type\":\"ImageObject\",\"inLanguage\":\"en-US\",\"@id\":\"https:\/\/espanola.lt\/#\/schema\/logo\/image\/\",\"url\":\"https:\/\/espanola.lt\/wp-content\/uploads\/2023\/03\/notext_color.png\",\"contentUrl\":\"https:\/\/espanola.lt\/wp-content\/uploads\/2023\/03\/notext_color.png\",\"width\":916,\"height\":204,\"caption\":\"Espanola.lt\"},\"image\":{\"@id\":\"https:\/\/espanola.lt\/#\/schema\/logo\/image\/\"},\"sameAs\":[\"https:\/\/www.facebook.com\/espanola.lt\",\"https:\/\/www.instagram.com\/espanola.lt\/\"]}]}<\/script>\n<!-- \/ Yoast SEO plugin. -->","yoast_head_json":{"title":"\u0160okoladinis turronas su migdolais 100g. | Espanola.lt","description":"Atraskite auk\u0161tos kokyb\u0117s ispani\u0161kus delikatesus \u2013 s\u016brius, kumpius, alyvuoges ir \u017euv\u012f. Tikras Ispanijos skonis tiesiai \u012f j\u016bs\u0173 namus.","robots":{"index":"index","follow":"follow","max-snippet":"max-snippet:-1","max-image-preview":"max-image-preview:large","max-video-preview":"max-video-preview:-1"},"canonical":"https:\/\/espanola.lt\/produktas\/sokoladinis-turronas-su-migdolais-100g\/","og_locale":"en_US","og_type":"article","og_title":"\u0160okoladinis turronas su migdolais 100g. | Espanola.lt","og_description":"Atraskite auk\u0161tos kokyb\u0117s ispani\u0161kus delikatesus \u2013 s\u016brius, kumpius, alyvuoges ir \u017euv\u012f. Tikras Ispanijos skonis tiesiai \u012f j\u016bs\u0173 namus.","og_url":"https:\/\/espanola.lt\/produktas\/sokoladinis-turronas-su-migdolais-100g\/","og_site_name":"Espanola","article_publisher":"https:\/\/www.facebook.com\/espanola.lt","article_modified_time":"2025-12-18T08:28:31+00:00","og_image":[{"width":1024,"height":1024,"url":"https:\/\/espanola.lt\/wp-content\/uploads\/2025\/11\/87473-3D-CHOCOLATE-TURRON-WITH-ALMONDS-100G-1024x1024.jpg","type":"image\/jpeg"}],"twitter_card":"summary_large_image","twitter_misc":{"Est. reading time":"1 minute"},"schema":{"@context":"https:\/\/schema.org","@graph":[{"@type":"WebPage","@id":"https:\/\/espanola.lt\/produktas\/sokoladinis-turronas-su-migdolais-100g\/","url":"https:\/\/espanola.lt\/produktas\/sokoladinis-turronas-su-migdolais-100g\/","name":"\u0160okoladinis turronas su migdolais 100g. | Espanola.lt","isPartOf":{"@id":"https:\/\/espanola.lt\/#website"},"primaryImageOfPage":{"@id":"https:\/\/espanola.lt\/produktas\/sokoladinis-turronas-su-migdolais-100g\/#primaryimage"},"image":{"@id":"https:\/\/espanola.lt\/produktas\/sokoladinis-turronas-su-migdolais-100g\/#primaryimage"},"thumbnailUrl":"https:\/\/espanola.lt\/wp-content\/uploads\/2025\/11\/87473-3D-CHOCOLATE-TURRON-WITH-ALMONDS-100G.jpg","datePublished":"2025-11-17T14:13:57+00:00","dateModified":"2025-12-18T08:28:31+00:00","description":"Atraskite auk\u0161tos kokyb\u0117s ispani\u0161kus delikatesus \u2013 s\u016brius, kumpius, alyvuoges ir \u017euv\u012f. Tikras Ispanijos skonis tiesiai \u012f j\u016bs\u0173 namus.","breadcrumb":{"@id":"https:\/\/espanola.lt\/produktas\/sokoladinis-turronas-su-migdolais-100g\/#breadcrumb"},"inLanguage":"en-US","potentialAction":[{"@type":"ReadAction","target":["https:\/\/espanola.lt\/produktas\/sokoladinis-turronas-su-migdolais-100g\/"]}]},{"@type":"ImageObject","inLanguage":"en-US","@id":"https:\/\/espanola.lt\/produktas\/sokoladinis-turronas-su-migdolais-100g\/#primaryimage","url":"https:\/\/espanola.lt\/wp-content\/uploads\/2025\/11\/87473-3D-CHOCOLATE-TURRON-WITH-ALMONDS-100G.jpg","contentUrl":"https:\/\/espanola.lt\/wp-content\/uploads\/2025\/11\/87473-3D-CHOCOLATE-TURRON-WITH-ALMONDS-100G.jpg","width":4800,"height":4800},{"@type":"BreadcrumbList","@id":"https:\/\/espanola.lt\/produktas\/sokoladinis-turronas-su-migdolais-100g\/#breadcrumb","itemListElement":[{"@type":"ListItem","position":1,"name":"Home","item":"https:\/\/espanola.lt\/en\/homepage\/"},{"@type":"ListItem","position":2,"name":"Shop","item":"https:\/\/espanola.lt\/en\/shop\/"},{"@type":"ListItem","position":3,"name":"\u0160okoladinis turronas su migdolais 100g."}]},{"@type":"WebSite","@id":"https:\/\/espanola.lt\/#website","url":"https:\/\/espanola.lt\/","name":"Espanola.lt | Tikras Ispanijos skonis \u2013 J\u016bs\u0173 namuose!","description":"","publisher":{"@id":"https:\/\/espanola.lt\/#organization"},"potentialAction":[{"@type":"SearchAction","target":{"@type":"EntryPoint","urlTemplate":"https:\/\/espanola.lt\/?s={search_term_string}"},"query-input":{"@type":"PropertyValueSpecification","valueRequired":true,"valueName":"search_term_string"}}],"inLanguage":"en-US"},{"@type":"Organization","@id":"https:\/\/espanola.lt\/#organization","name":"Espanola.lt","url":"https:\/\/espanola.lt\/","logo":{"@type":"ImageObject","inLanguage":"en-US","@id":"https:\/\/espanola.lt\/#\/schema\/logo\/image\/","url":"https:\/\/espanola.lt\/wp-content\/uploads\/2023\/03\/notext_color.png","contentUrl":"https:\/\/espanola.lt\/wp-content\/uploads\/2023\/03\/notext_color.png","width":916,"height":204,"caption":"Espanola.lt"},"image":{"@id":"https:\/\/espanola.lt\/#\/schema\/logo\/image\/"},"sameAs":["https:\/\/www.facebook.com\/espanola.lt","https:\/\/www.instagram.com\/espanola.lt\/"]}]}},"_links":{"self":[{"href":"https:\/\/espanola.lt\/en\/wp-json\/wp\/v2\/product\/26467"}],"collection":[{"href":"https:\/\/espanola.lt\/en\/wp-json\/wp\/v2\/product"}],"about":[{"href":"https:\/\/espanola.lt\/en\/wp-json\/wp\/v2\/types\/product"}],"version-history":[{"count":3,"href":"https:\/\/espanola.lt\/en\/wp-json\/wp\/v2\/product\/26467\/revisions"}],"predecessor-version":[{"id":26921,"href":"https:\/\/espanola.lt\/en\/wp-json\/wp\/v2\/product\/26467\/revisions\/26921"}],"wp:featuredmedia":[{"embeddable":true,"href":"https:\/\/espanola.lt\/en\/wp-json\/wp\/v2\/media\/26469"}],"wp:attachment":[{"href":"https:\/\/espanola.lt\/en\/wp-json\/wp\/v2\/media?parent=26467"}],"wp:term":[{"taxonomy":"product_brand","embeddable":true,"href":"https:\/\/espanola.lt\/en\/wp-json\/wp\/v2\/product_brand?post=26467"},{"taxonomy":"product_cat","embeddable":true,"href":"https:\/\/espanola.lt\/en\/wp-json\/wp\/v2\/product_cat?post=26467"},{"taxonomy":"product_tag","embeddable":true,"href":"https:\/\/espanola.lt\/en\/wp-json\/wp\/v2\/product_tag?post=26467"}],"curies":[{"name":"wp","href":"https:\/\/api.w.org\/{rel}","templated":true}]}}