{"id":26459,"date":"2025-11-17T14:03:27","date_gmt":"2025-11-17T14:03:27","guid":{"rendered":"https:\/\/espanola.lt\/?post_type=product&#038;p=26459"},"modified":"2026-04-10T10:11:18","modified_gmt":"2026-04-10T10:11:18","slug":"kreminis-migdolu-turronas-75g","status":"publish","type":"product","link":"https:\/\/espanola.lt\/en\/produktas\/kreminis-migdolu-turronas-75g\/","title":{"rendered":"Kreminis migdol\u0173 turronas 75g."},"content":{"rendered":"<p data-start=\"31\" data-end=\"267\"><strong data-start=\"31\" data-end=\"54\">Sudedamosios dalys:<\/strong> Migdolai (ES ir ne ES) 64 %, cukrus, medus, stabilizatorius: riebal\u0173 r\u016bg\u0161\u010di\u0173 mono- ir digliceridai, kiau\u0161ini\u0173 baltymai. Gali b\u016bti soj\u0173, \u017eem\u0117s rie\u0161ut\u0173, sezamo, pieno ir kit\u0173 rie\u0161ut\u0173 (lazdyn\u0173 ir graikini\u0173) p\u0117dsak\u0173.<\/p>\n<p data-start=\"269\" data-end=\"436\">Laikyti v\u0117sioje ir sausoje vietoje. Did\u017eiausia leistina temperat\u016bra 20 \u00b0C\u201368 \u00b0F. Did\u017eiausia dr\u0117gm\u0117 65 %.<br data-start=\"373\" data-end=\"376\" \/>Geriausias iki, partijos numeris: \u017ei\u016br\u0117ti ant pakuot\u0117s \u0161ono.<\/p>\n<p data-start=\"438\" data-end=\"665\">Pagaminta Ispanijoje: <strong data-start=\"460\" data-end=\"487\">DLV Alimentaci\u00f3n S.A.U.<\/strong>, Crta. Madrid-Ciudad Real km 95.200, 45450 Orgaz (Toledo), Espa\u00f1a (Ispanija) \u2013 Ispani\u0161kas produktas.<\/p>\n<p data-start=\"667\" data-end=\"692\">Grynasis svoris: <strong data-start=\"684\" data-end=\"692\">75 g<\/strong><\/p>\n<p data-start=\"694\" data-end=\"891\" data-is-last-node=\"\" data-is-only-node=\"\"><strong data-start=\"694\" data-end=\"740\">Maistin\u0117 vert\u0117 (vidutin\u0117s reik\u0161m\u0117s 100 g):<\/strong><br data-start=\"740\" data-end=\"743\" \/>Energija 2304 kJ \/ 553 kcal<br data-start=\"770\" data-end=\"773\" \/>Riebalai 35 g, i\u0161 j\u0173 so\u010di\u0173j\u0173 4 g<br data-start=\"805\" data-end=\"808\" \/>Angliavandeniai 45 g, i\u0161 j\u0173 cukr\u0173 38 g<br data-start=\"846\" data-end=\"849\" data-is-only-node=\"\" \/>Skaidulos 5 g<br data-start=\"862\" data-end=\"865\" \/>Baltymai 12 g<br data-start=\"878\" data-end=\"881\" \/>Druska 0 g<\/p>\n","protected":false},"excerpt":{"rendered":"<p>Sudedamosios dalys: Migdolai (ES ir ne ES) 64 %, cukrus, medus, stabilizatorius: riebal\u0173 r\u016bg\u0161\u010di\u0173 mono- ir digliceridai, kiau\u0161ini\u0173 baltymai. Gali b\u016bti soj\u0173, \u017eem\u0117s rie\u0161ut\u0173, sezamo, pieno ir kit\u0173 rie\u0161ut\u0173 (lazdyn\u0173 ir graikini\u0173) p\u0117dsak\u0173. Laikyti v\u0117sioje ir sausoje vietoje. Did\u017eiausia leistina temperat\u016bra 20 \u00b0C\u201368 \u00b0F. Did\u017eiausia dr\u0117gm\u0117 65 %.Geriausias iki, partijos numeris: \u017ei\u016br\u0117ti ant pakuot\u0117s \u0161ono. Pagaminta Ispanijoje: DLV Alimentaci\u00f3n S.A.U., Crta. Madrid-Ciudad Real km 95.200, 45450 Orgaz (Toledo), Espa\u00f1a (Ispanija) \u2013 Ispani\u0161kas produktas. Grynasis svoris: 75 g Maistin\u0117 vert\u0117 (vidutin\u0117s reik\u0161m\u0117s 100 g):Energija 2304 kJ \/ 553 kcalRiebalai 35 g, i\u0161 j\u0173 so\u010di\u0173j\u0173 4 gAngliavandeniai 45 g, i\u0161 j\u0173 cukr\u0173 38 gSkaidulos 5 gBaltymai 12 gDruska 0 g<\/p>\n","protected":false},"featured_media":26460,"template":"","meta":[],"product_brand":[],"product_cat":[116,131],"product_tag":[],"class_list":{"0":"post-26459","1":"product","2":"type-product","3":"status-publish","4":"has-post-thumbnail","6":"product_cat-mazmenine-2","7":"product_cat-saldumynai","9":"first","10":"outofstock","11":"shipping-taxable","12":"purchasable","13":"product-type-simple"},"yoast_head":"<!-- This site is optimized with the Yoast SEO plugin v23.7 - https:\/\/yoast.com\/wordpress\/plugins\/seo\/ -->\n<title>Kreminis migdol\u0173 turronas 75g. | Espanola.lt<\/title>\n<meta name=\"description\" content=\"Atraskite auk\u0161tos kokyb\u0117s ispani\u0161kus delikatesus \u2013 s\u016brius, kumpius, alyvuoges ir \u017euv\u012f. Tikras Ispanijos skonis tiesiai \u012f j\u016bs\u0173 namus.\" \/>\n<meta name=\"robots\" content=\"index, follow, max-snippet:-1, max-image-preview:large, max-video-preview:-1\" \/>\n<link rel=\"canonical\" href=\"https:\/\/espanola.lt\/produktas\/kreminis-migdolu-turronas-75g\/\" \/>\n<meta property=\"og:locale\" content=\"en_US\" \/>\n<meta property=\"og:type\" content=\"article\" \/>\n<meta property=\"og:title\" content=\"Kreminis migdol\u0173 turronas 75g. | Espanola.lt\" \/>\n<meta property=\"og:description\" content=\"Atraskite auk\u0161tos kokyb\u0117s ispani\u0161kus delikatesus \u2013 s\u016brius, kumpius, alyvuoges ir \u017euv\u012f. Tikras Ispanijos skonis tiesiai \u012f j\u016bs\u0173 namus.\" \/>\n<meta property=\"og:url\" content=\"https:\/\/espanola.lt\/produktas\/kreminis-migdolu-turronas-75g\/\" \/>\n<meta property=\"og:site_name\" content=\"Espanola\" \/>\n<meta property=\"article:publisher\" content=\"https:\/\/www.facebook.com\/espanola.lt\" \/>\n<meta property=\"article:modified_time\" content=\"2026-04-10T10:11:18+00:00\" \/>\n<meta property=\"og:image\" content=\"https:\/\/espanola.lt\/wp-content\/uploads\/2025\/11\/87470-87701-3D-CREAMY-ALMOND-TURRON-75G-1024x1024.png\" \/>\n\t<meta property=\"og:image:width\" content=\"1024\" \/>\n\t<meta property=\"og:image:height\" content=\"1024\" \/>\n\t<meta property=\"og:image:type\" content=\"image\/png\" \/>\n<meta name=\"twitter:card\" content=\"summary_large_image\" \/>\n<meta name=\"twitter:label1\" content=\"Est. reading time\" \/>\n\t<meta name=\"twitter:data1\" content=\"1 minute\" \/>\n<script type=\"application\/ld+json\" class=\"yoast-schema-graph\">{\"@context\":\"https:\/\/schema.org\",\"@graph\":[{\"@type\":\"WebPage\",\"@id\":\"https:\/\/espanola.lt\/produktas\/kreminis-migdolu-turronas-75g\/\",\"url\":\"https:\/\/espanola.lt\/produktas\/kreminis-migdolu-turronas-75g\/\",\"name\":\"Kreminis migdol\u0173 turronas 75g. | Espanola.lt\",\"isPartOf\":{\"@id\":\"https:\/\/espanola.lt\/#website\"},\"primaryImageOfPage\":{\"@id\":\"https:\/\/espanola.lt\/produktas\/kreminis-migdolu-turronas-75g\/#primaryimage\"},\"image\":{\"@id\":\"https:\/\/espanola.lt\/produktas\/kreminis-migdolu-turronas-75g\/#primaryimage\"},\"thumbnailUrl\":\"https:\/\/espanola.lt\/wp-content\/uploads\/2025\/11\/87470-87701-3D-CREAMY-ALMOND-TURRON-75G.png\",\"datePublished\":\"2025-11-17T14:03:27+00:00\",\"dateModified\":\"2026-04-10T10:11:18+00:00\",\"description\":\"Atraskite auk\u0161tos kokyb\u0117s ispani\u0161kus delikatesus \u2013 s\u016brius, kumpius, alyvuoges ir \u017euv\u012f. Tikras Ispanijos skonis tiesiai \u012f j\u016bs\u0173 namus.\",\"breadcrumb\":{\"@id\":\"https:\/\/espanola.lt\/produktas\/kreminis-migdolu-turronas-75g\/#breadcrumb\"},\"inLanguage\":\"en-US\",\"potentialAction\":[{\"@type\":\"ReadAction\",\"target\":[\"https:\/\/espanola.lt\/produktas\/kreminis-migdolu-turronas-75g\/\"]}]},{\"@type\":\"ImageObject\",\"inLanguage\":\"en-US\",\"@id\":\"https:\/\/espanola.lt\/produktas\/kreminis-migdolu-turronas-75g\/#primaryimage\",\"url\":\"https:\/\/espanola.lt\/wp-content\/uploads\/2025\/11\/87470-87701-3D-CREAMY-ALMOND-TURRON-75G.png\",\"contentUrl\":\"https:\/\/espanola.lt\/wp-content\/uploads\/2025\/11\/87470-87701-3D-CREAMY-ALMOND-TURRON-75G.png\",\"width\":4800,\"height\":4800},{\"@type\":\"BreadcrumbList\",\"@id\":\"https:\/\/espanola.lt\/produktas\/kreminis-migdolu-turronas-75g\/#breadcrumb\",\"itemListElement\":[{\"@type\":\"ListItem\",\"position\":1,\"name\":\"Home\",\"item\":\"https:\/\/espanola.lt\/en\/homepage\/\"},{\"@type\":\"ListItem\",\"position\":2,\"name\":\"Shop\",\"item\":\"https:\/\/espanola.lt\/en\/shop\/\"},{\"@type\":\"ListItem\",\"position\":3,\"name\":\"Kreminis migdol\u0173 turronas 75g.\"}]},{\"@type\":\"WebSite\",\"@id\":\"https:\/\/espanola.lt\/#website\",\"url\":\"https:\/\/espanola.lt\/\",\"name\":\"Espanola.lt | Tikras Ispanijos skonis \u2013 J\u016bs\u0173 namuose!\",\"description\":\"\",\"publisher\":{\"@id\":\"https:\/\/espanola.lt\/#organization\"},\"potentialAction\":[{\"@type\":\"SearchAction\",\"target\":{\"@type\":\"EntryPoint\",\"urlTemplate\":\"https:\/\/espanola.lt\/?s={search_term_string}\"},\"query-input\":{\"@type\":\"PropertyValueSpecification\",\"valueRequired\":true,\"valueName\":\"search_term_string\"}}],\"inLanguage\":\"en-US\"},{\"@type\":\"Organization\",\"@id\":\"https:\/\/espanola.lt\/#organization\",\"name\":\"Espanola.lt\",\"url\":\"https:\/\/espanola.lt\/\",\"logo\":{\"@type\":\"ImageObject\",\"inLanguage\":\"en-US\",\"@id\":\"https:\/\/espanola.lt\/#\/schema\/logo\/image\/\",\"url\":\"https:\/\/espanola.lt\/wp-content\/uploads\/2023\/03\/notext_color.png\",\"contentUrl\":\"https:\/\/espanola.lt\/wp-content\/uploads\/2023\/03\/notext_color.png\",\"width\":916,\"height\":204,\"caption\":\"Espanola.lt\"},\"image\":{\"@id\":\"https:\/\/espanola.lt\/#\/schema\/logo\/image\/\"},\"sameAs\":[\"https:\/\/www.facebook.com\/espanola.lt\",\"https:\/\/www.instagram.com\/espanola.lt\/\"]}]}<\/script>\n<!-- \/ Yoast SEO plugin. -->","yoast_head_json":{"title":"Kreminis migdol\u0173 turronas 75g. | Espanola.lt","description":"Atraskite auk\u0161tos kokyb\u0117s ispani\u0161kus delikatesus \u2013 s\u016brius, kumpius, alyvuoges ir \u017euv\u012f. Tikras Ispanijos skonis tiesiai \u012f j\u016bs\u0173 namus.","robots":{"index":"index","follow":"follow","max-snippet":"max-snippet:-1","max-image-preview":"max-image-preview:large","max-video-preview":"max-video-preview:-1"},"canonical":"https:\/\/espanola.lt\/produktas\/kreminis-migdolu-turronas-75g\/","og_locale":"en_US","og_type":"article","og_title":"Kreminis migdol\u0173 turronas 75g. | Espanola.lt","og_description":"Atraskite auk\u0161tos kokyb\u0117s ispani\u0161kus delikatesus \u2013 s\u016brius, kumpius, alyvuoges ir \u017euv\u012f. Tikras Ispanijos skonis tiesiai \u012f j\u016bs\u0173 namus.","og_url":"https:\/\/espanola.lt\/produktas\/kreminis-migdolu-turronas-75g\/","og_site_name":"Espanola","article_publisher":"https:\/\/www.facebook.com\/espanola.lt","article_modified_time":"2026-04-10T10:11:18+00:00","og_image":[{"width":1024,"height":1024,"url":"https:\/\/espanola.lt\/wp-content\/uploads\/2025\/11\/87470-87701-3D-CREAMY-ALMOND-TURRON-75G-1024x1024.png","type":"image\/png"}],"twitter_card":"summary_large_image","twitter_misc":{"Est. reading time":"1 minute"},"schema":{"@context":"https:\/\/schema.org","@graph":[{"@type":"WebPage","@id":"https:\/\/espanola.lt\/produktas\/kreminis-migdolu-turronas-75g\/","url":"https:\/\/espanola.lt\/produktas\/kreminis-migdolu-turronas-75g\/","name":"Kreminis migdol\u0173 turronas 75g. | Espanola.lt","isPartOf":{"@id":"https:\/\/espanola.lt\/#website"},"primaryImageOfPage":{"@id":"https:\/\/espanola.lt\/produktas\/kreminis-migdolu-turronas-75g\/#primaryimage"},"image":{"@id":"https:\/\/espanola.lt\/produktas\/kreminis-migdolu-turronas-75g\/#primaryimage"},"thumbnailUrl":"https:\/\/espanola.lt\/wp-content\/uploads\/2025\/11\/87470-87701-3D-CREAMY-ALMOND-TURRON-75G.png","datePublished":"2025-11-17T14:03:27+00:00","dateModified":"2026-04-10T10:11:18+00:00","description":"Atraskite auk\u0161tos kokyb\u0117s ispani\u0161kus delikatesus \u2013 s\u016brius, kumpius, alyvuoges ir \u017euv\u012f. Tikras Ispanijos skonis tiesiai \u012f j\u016bs\u0173 namus.","breadcrumb":{"@id":"https:\/\/espanola.lt\/produktas\/kreminis-migdolu-turronas-75g\/#breadcrumb"},"inLanguage":"en-US","potentialAction":[{"@type":"ReadAction","target":["https:\/\/espanola.lt\/produktas\/kreminis-migdolu-turronas-75g\/"]}]},{"@type":"ImageObject","inLanguage":"en-US","@id":"https:\/\/espanola.lt\/produktas\/kreminis-migdolu-turronas-75g\/#primaryimage","url":"https:\/\/espanola.lt\/wp-content\/uploads\/2025\/11\/87470-87701-3D-CREAMY-ALMOND-TURRON-75G.png","contentUrl":"https:\/\/espanola.lt\/wp-content\/uploads\/2025\/11\/87470-87701-3D-CREAMY-ALMOND-TURRON-75G.png","width":4800,"height":4800},{"@type":"BreadcrumbList","@id":"https:\/\/espanola.lt\/produktas\/kreminis-migdolu-turronas-75g\/#breadcrumb","itemListElement":[{"@type":"ListItem","position":1,"name":"Home","item":"https:\/\/espanola.lt\/en\/homepage\/"},{"@type":"ListItem","position":2,"name":"Shop","item":"https:\/\/espanola.lt\/en\/shop\/"},{"@type":"ListItem","position":3,"name":"Kreminis migdol\u0173 turronas 75g."}]},{"@type":"WebSite","@id":"https:\/\/espanola.lt\/#website","url":"https:\/\/espanola.lt\/","name":"Espanola.lt | Tikras Ispanijos skonis \u2013 J\u016bs\u0173 namuose!","description":"","publisher":{"@id":"https:\/\/espanola.lt\/#organization"},"potentialAction":[{"@type":"SearchAction","target":{"@type":"EntryPoint","urlTemplate":"https:\/\/espanola.lt\/?s={search_term_string}"},"query-input":{"@type":"PropertyValueSpecification","valueRequired":true,"valueName":"search_term_string"}}],"inLanguage":"en-US"},{"@type":"Organization","@id":"https:\/\/espanola.lt\/#organization","name":"Espanola.lt","url":"https:\/\/espanola.lt\/","logo":{"@type":"ImageObject","inLanguage":"en-US","@id":"https:\/\/espanola.lt\/#\/schema\/logo\/image\/","url":"https:\/\/espanola.lt\/wp-content\/uploads\/2023\/03\/notext_color.png","contentUrl":"https:\/\/espanola.lt\/wp-content\/uploads\/2023\/03\/notext_color.png","width":916,"height":204,"caption":"Espanola.lt"},"image":{"@id":"https:\/\/espanola.lt\/#\/schema\/logo\/image\/"},"sameAs":["https:\/\/www.facebook.com\/espanola.lt","https:\/\/www.instagram.com\/espanola.lt\/"]}]}},"_links":{"self":[{"href":"https:\/\/espanola.lt\/en\/wp-json\/wp\/v2\/product\/26459"}],"collection":[{"href":"https:\/\/espanola.lt\/en\/wp-json\/wp\/v2\/product"}],"about":[{"href":"https:\/\/espanola.lt\/en\/wp-json\/wp\/v2\/types\/product"}],"version-history":[{"count":2,"href":"https:\/\/espanola.lt\/en\/wp-json\/wp\/v2\/product\/26459\/revisions"}],"predecessor-version":[{"id":27202,"href":"https:\/\/espanola.lt\/en\/wp-json\/wp\/v2\/product\/26459\/revisions\/27202"}],"wp:featuredmedia":[{"embeddable":true,"href":"https:\/\/espanola.lt\/en\/wp-json\/wp\/v2\/media\/26460"}],"wp:attachment":[{"href":"https:\/\/espanola.lt\/en\/wp-json\/wp\/v2\/media?parent=26459"}],"wp:term":[{"taxonomy":"product_brand","embeddable":true,"href":"https:\/\/espanola.lt\/en\/wp-json\/wp\/v2\/product_brand?post=26459"},{"taxonomy":"product_cat","embeddable":true,"href":"https:\/\/espanola.lt\/en\/wp-json\/wp\/v2\/product_cat?post=26459"},{"taxonomy":"product_tag","embeddable":true,"href":"https:\/\/espanola.lt\/en\/wp-json\/wp\/v2\/product_tag?post=26459"}],"curies":[{"name":"wp","href":"https:\/\/api.w.org\/{rel}","templated":true}]}}