{"id":26453,"date":"2025-11-17T13:59:04","date_gmt":"2025-11-17T13:59:04","guid":{"rendered":"https:\/\/espanola.lt\/?post_type=product&#038;p=26453"},"modified":"2025-11-17T13:59:04","modified_gmt":"2025-11-17T13:59:04","slug":"migdolu-ir-apelsinu-turronas-75g","status":"publish","type":"product","link":"https:\/\/espanola.lt\/en\/produktas\/migdolu-ir-apelsinu-turronas-75g\/","title":{"rendered":"Migdol\u0173 ir apelsin\u0173 turronas 75g."},"content":{"rendered":"<p data-start=\"40\" data-end=\"502\"><strong data-start=\"40\" data-end=\"63\">Sudedamosios dalys:<\/strong> Skrudinti migdolai (ES ir ne ES) 55,2 %, cukrus, medus, cukruoti apelsinai (ES) 8 % (apelsin\u0173 \u017eievel\u0117, gliukoz\u0117s-fruktoz\u0117s sirupas, cukrus, dekstroz\u0117, r\u016bg\u0161tingum\u0105 reguliuojanti med\u017eiaga: citrin\u0173 r\u016bg\u0161tis, konservantai: kalio sorbatas ir natrio metabisulfitas), vafliai (bulvi\u0173 krakmolas, saul\u0117gr\u0105\u017e\u0173 aliejus) ir kiau\u0161ini\u0173 baltymai. Gali b\u016bti soj\u0173, \u017eem\u0117s rie\u0161ut\u0173, sezamo, pieno ir kit\u0173 rie\u0161ut\u0173 (lazdyn\u0173 ir graikini\u0173) p\u0117dsak\u0173.<br data-start=\"486\" data-end=\"489\" \/><em data-start=\"489\" data-end=\"502\">Be glitimo.<\/em><\/p>\n<p data-start=\"504\" data-end=\"608\">Laikyti v\u0117sioje ir sausoje vietoje. Did\u017eiausia leistina temperat\u016bra 20 \u00b0C\u201368 \u00b0F. Did\u017eiausia dr\u0117gm\u0117 65 %.<\/p>\n<p data-start=\"610\" data-end=\"837\">Pagaminta Ispanijoje: <strong data-start=\"632\" data-end=\"659\">DLV Alimentaci\u00f3n S.A.U.<\/strong>, Crta. Madrid-Ciudad Real km 95.200, 45450 Orgaz (Toledo), Espa\u00f1a (Ispanija) \u2013 Ispani\u0161kas produktas.<\/p>\n<p data-start=\"839\" data-end=\"874\">Grynasis svoris: <strong data-start=\"856\" data-end=\"864\">75 g<\/strong> (2.64 oz)<\/p>\n<p data-start=\"876\" data-end=\"1073\" data-is-last-node=\"\" data-is-only-node=\"\"><strong data-start=\"876\" data-end=\"922\">Maistin\u0117 vert\u0117 (vidutin\u0117s reik\u0161m\u0117s 100 g):<\/strong><br data-start=\"922\" data-end=\"925\" \/>Energija 2175 kJ \/ 521 kcal<br data-start=\"952\" data-end=\"955\" \/>Riebalai 29 g, i\u0161 j\u0173 so\u010di\u0173j\u0173 2 g<br data-start=\"987\" data-end=\"990\" \/>Angliavandeniai 50 g, i\u0161 j\u0173 cukr\u0173 41 g<br data-start=\"1028\" data-end=\"1031\" data-is-only-node=\"\" \/>Skaidulos 6 g<br data-start=\"1044\" data-end=\"1047\" \/>Baltymai 12 g<br data-start=\"1060\" data-end=\"1063\" \/>Druska 0 g<\/p>\n","protected":false},"excerpt":{"rendered":"<p>Sudedamosios dalys: Skrudinti migdolai (ES ir ne ES) 55,2 %, cukrus, medus, cukruoti apelsinai (ES) 8 % (apelsin\u0173 \u017eievel\u0117, gliukoz\u0117s-fruktoz\u0117s sirupas, cukrus, dekstroz\u0117, r\u016bg\u0161tingum\u0105 reguliuojanti med\u017eiaga: citrin\u0173 r\u016bg\u0161tis, konservantai: kalio sorbatas ir natrio metabisulfitas), vafliai (bulvi\u0173 krakmolas, saul\u0117gr\u0105\u017e\u0173 aliejus) ir kiau\u0161ini\u0173 baltymai. Gali b\u016bti soj\u0173, \u017eem\u0117s rie\u0161ut\u0173, sezamo, pieno ir kit\u0173 rie\u0161ut\u0173 (lazdyn\u0173 ir graikini\u0173) p\u0117dsak\u0173.Be glitimo. Laikyti v\u0117sioje ir sausoje vietoje. Did\u017eiausia leistina temperat\u016bra 20 \u00b0C\u201368 \u00b0F. Did\u017eiausia dr\u0117gm\u0117 65 %. Pagaminta Ispanijoje: DLV Alimentaci\u00f3n S.A.U., Crta. Madrid-Ciudad Real km 95.200, 45450 Orgaz (Toledo), Espa\u00f1a (Ispanija) \u2013 Ispani\u0161kas produktas. Grynasis svoris: 75 g (2.64 oz) Maistin\u0117 vert\u0117 (vidutin\u0117s reik\u0161m\u0117s 100 g):Energija 2175 kJ \/ 521 kcalRiebalai 29 g, i\u0161 j\u0173 so\u010di\u0173j\u0173 2 gAngliavandeniai 50 g, i\u0161 j\u0173 cukr\u0173 41 gSkaidulos 6 gBaltymai 12 gDruska 0 g<\/p>\n","protected":false},"featured_media":26454,"template":"","meta":[],"product_brand":[],"product_cat":[116],"product_tag":[],"class_list":{"0":"post-26453","1":"product","2":"type-product","3":"status-publish","4":"has-post-thumbnail","6":"product_cat-mazmenine-2","8":"first","9":"instock","10":"shipping-taxable","11":"purchasable","12":"product-type-simple"},"yoast_head":"<!-- This site is optimized with the Yoast SEO plugin v23.7 - https:\/\/yoast.com\/wordpress\/plugins\/seo\/ -->\n<title>Migdol\u0173 ir apelsin\u0173 turronas 75g. | Espanola.lt<\/title>\n<meta name=\"description\" content=\"Atraskite auk\u0161tos kokyb\u0117s ispani\u0161kus delikatesus \u2013 s\u016brius, kumpius, alyvuoges ir \u017euv\u012f. Tikras Ispanijos skonis tiesiai \u012f j\u016bs\u0173 namus.\" \/>\n<meta name=\"robots\" content=\"index, follow, max-snippet:-1, max-image-preview:large, max-video-preview:-1\" \/>\n<link rel=\"canonical\" href=\"https:\/\/espanola.lt\/produktas\/migdolu-ir-apelsinu-turronas-75g\/\" \/>\n<meta property=\"og:locale\" content=\"en_US\" \/>\n<meta property=\"og:type\" content=\"article\" \/>\n<meta property=\"og:title\" content=\"Migdol\u0173 ir apelsin\u0173 turronas 75g. | Espanola.lt\" \/>\n<meta property=\"og:description\" content=\"Atraskite auk\u0161tos kokyb\u0117s ispani\u0161kus delikatesus \u2013 s\u016brius, kumpius, alyvuoges ir \u017euv\u012f. Tikras Ispanijos skonis tiesiai \u012f j\u016bs\u0173 namus.\" \/>\n<meta property=\"og:url\" content=\"https:\/\/espanola.lt\/produktas\/migdolu-ir-apelsinu-turronas-75g\/\" \/>\n<meta property=\"og:site_name\" content=\"Espanola\" \/>\n<meta property=\"article:publisher\" content=\"https:\/\/www.facebook.com\/espanola.lt\" \/>\n<meta property=\"og:image\" content=\"https:\/\/espanola.lt\/wp-content\/uploads\/2025\/11\/87469-877005-3D-CRUNCHY-ALMOND-TURRON-WITH-ORANGE-75G-1024x1024.png\" \/>\n\t<meta property=\"og:image:width\" content=\"1024\" \/>\n\t<meta property=\"og:image:height\" content=\"1024\" \/>\n\t<meta property=\"og:image:type\" content=\"image\/png\" \/>\n<meta name=\"twitter:card\" content=\"summary_large_image\" \/>\n<meta name=\"twitter:label1\" content=\"Est. reading time\" \/>\n\t<meta name=\"twitter:data1\" content=\"1 minute\" \/>\n<script type=\"application\/ld+json\" class=\"yoast-schema-graph\">{\"@context\":\"https:\/\/schema.org\",\"@graph\":[{\"@type\":\"WebPage\",\"@id\":\"https:\/\/espanola.lt\/produktas\/migdolu-ir-apelsinu-turronas-75g\/\",\"url\":\"https:\/\/espanola.lt\/produktas\/migdolu-ir-apelsinu-turronas-75g\/\",\"name\":\"Migdol\u0173 ir apelsin\u0173 turronas 75g. | Espanola.lt\",\"isPartOf\":{\"@id\":\"https:\/\/espanola.lt\/#website\"},\"primaryImageOfPage\":{\"@id\":\"https:\/\/espanola.lt\/produktas\/migdolu-ir-apelsinu-turronas-75g\/#primaryimage\"},\"image\":{\"@id\":\"https:\/\/espanola.lt\/produktas\/migdolu-ir-apelsinu-turronas-75g\/#primaryimage\"},\"thumbnailUrl\":\"https:\/\/espanola.lt\/wp-content\/uploads\/2025\/11\/87469-877005-3D-CRUNCHY-ALMOND-TURRON-WITH-ORANGE-75G.png\",\"datePublished\":\"2025-11-17T13:59:04+00:00\",\"dateModified\":\"2025-11-17T13:59:04+00:00\",\"description\":\"Atraskite auk\u0161tos kokyb\u0117s ispani\u0161kus delikatesus \u2013 s\u016brius, kumpius, alyvuoges ir \u017euv\u012f. Tikras Ispanijos skonis tiesiai \u012f j\u016bs\u0173 namus.\",\"breadcrumb\":{\"@id\":\"https:\/\/espanola.lt\/produktas\/migdolu-ir-apelsinu-turronas-75g\/#breadcrumb\"},\"inLanguage\":\"en-US\",\"potentialAction\":[{\"@type\":\"ReadAction\",\"target\":[\"https:\/\/espanola.lt\/produktas\/migdolu-ir-apelsinu-turronas-75g\/\"]}]},{\"@type\":\"ImageObject\",\"inLanguage\":\"en-US\",\"@id\":\"https:\/\/espanola.lt\/produktas\/migdolu-ir-apelsinu-turronas-75g\/#primaryimage\",\"url\":\"https:\/\/espanola.lt\/wp-content\/uploads\/2025\/11\/87469-877005-3D-CRUNCHY-ALMOND-TURRON-WITH-ORANGE-75G.png\",\"contentUrl\":\"https:\/\/espanola.lt\/wp-content\/uploads\/2025\/11\/87469-877005-3D-CRUNCHY-ALMOND-TURRON-WITH-ORANGE-75G.png\",\"width\":4800,\"height\":4800},{\"@type\":\"BreadcrumbList\",\"@id\":\"https:\/\/espanola.lt\/produktas\/migdolu-ir-apelsinu-turronas-75g\/#breadcrumb\",\"itemListElement\":[{\"@type\":\"ListItem\",\"position\":1,\"name\":\"Home\",\"item\":\"https:\/\/espanola.lt\/en\/homepage\/\"},{\"@type\":\"ListItem\",\"position\":2,\"name\":\"Shop\",\"item\":\"https:\/\/espanola.lt\/en\/shop\/\"},{\"@type\":\"ListItem\",\"position\":3,\"name\":\"Migdol\u0173 ir apelsin\u0173 turronas 75g.\"}]},{\"@type\":\"WebSite\",\"@id\":\"https:\/\/espanola.lt\/#website\",\"url\":\"https:\/\/espanola.lt\/\",\"name\":\"Espanola.lt | Tikras Ispanijos skonis \u2013 J\u016bs\u0173 namuose!\",\"description\":\"\",\"publisher\":{\"@id\":\"https:\/\/espanola.lt\/#organization\"},\"potentialAction\":[{\"@type\":\"SearchAction\",\"target\":{\"@type\":\"EntryPoint\",\"urlTemplate\":\"https:\/\/espanola.lt\/?s={search_term_string}\"},\"query-input\":{\"@type\":\"PropertyValueSpecification\",\"valueRequired\":true,\"valueName\":\"search_term_string\"}}],\"inLanguage\":\"en-US\"},{\"@type\":\"Organization\",\"@id\":\"https:\/\/espanola.lt\/#organization\",\"name\":\"Espanola.lt\",\"url\":\"https:\/\/espanola.lt\/\",\"logo\":{\"@type\":\"ImageObject\",\"inLanguage\":\"en-US\",\"@id\":\"https:\/\/espanola.lt\/#\/schema\/logo\/image\/\",\"url\":\"https:\/\/espanola.lt\/wp-content\/uploads\/2023\/03\/notext_color.png\",\"contentUrl\":\"https:\/\/espanola.lt\/wp-content\/uploads\/2023\/03\/notext_color.png\",\"width\":916,\"height\":204,\"caption\":\"Espanola.lt\"},\"image\":{\"@id\":\"https:\/\/espanola.lt\/#\/schema\/logo\/image\/\"},\"sameAs\":[\"https:\/\/www.facebook.com\/espanola.lt\",\"https:\/\/www.instagram.com\/espanola.lt\/\"]}]}<\/script>\n<!-- \/ Yoast SEO plugin. -->","yoast_head_json":{"title":"Migdol\u0173 ir apelsin\u0173 turronas 75g. | Espanola.lt","description":"Atraskite auk\u0161tos kokyb\u0117s ispani\u0161kus delikatesus \u2013 s\u016brius, kumpius, alyvuoges ir \u017euv\u012f. Tikras Ispanijos skonis tiesiai \u012f j\u016bs\u0173 namus.","robots":{"index":"index","follow":"follow","max-snippet":"max-snippet:-1","max-image-preview":"max-image-preview:large","max-video-preview":"max-video-preview:-1"},"canonical":"https:\/\/espanola.lt\/produktas\/migdolu-ir-apelsinu-turronas-75g\/","og_locale":"en_US","og_type":"article","og_title":"Migdol\u0173 ir apelsin\u0173 turronas 75g. | Espanola.lt","og_description":"Atraskite auk\u0161tos kokyb\u0117s ispani\u0161kus delikatesus \u2013 s\u016brius, kumpius, alyvuoges ir \u017euv\u012f. Tikras Ispanijos skonis tiesiai \u012f j\u016bs\u0173 namus.","og_url":"https:\/\/espanola.lt\/produktas\/migdolu-ir-apelsinu-turronas-75g\/","og_site_name":"Espanola","article_publisher":"https:\/\/www.facebook.com\/espanola.lt","og_image":[{"width":1024,"height":1024,"url":"https:\/\/espanola.lt\/wp-content\/uploads\/2025\/11\/87469-877005-3D-CRUNCHY-ALMOND-TURRON-WITH-ORANGE-75G-1024x1024.png","type":"image\/png"}],"twitter_card":"summary_large_image","twitter_misc":{"Est. reading time":"1 minute"},"schema":{"@context":"https:\/\/schema.org","@graph":[{"@type":"WebPage","@id":"https:\/\/espanola.lt\/produktas\/migdolu-ir-apelsinu-turronas-75g\/","url":"https:\/\/espanola.lt\/produktas\/migdolu-ir-apelsinu-turronas-75g\/","name":"Migdol\u0173 ir apelsin\u0173 turronas 75g. | Espanola.lt","isPartOf":{"@id":"https:\/\/espanola.lt\/#website"},"primaryImageOfPage":{"@id":"https:\/\/espanola.lt\/produktas\/migdolu-ir-apelsinu-turronas-75g\/#primaryimage"},"image":{"@id":"https:\/\/espanola.lt\/produktas\/migdolu-ir-apelsinu-turronas-75g\/#primaryimage"},"thumbnailUrl":"https:\/\/espanola.lt\/wp-content\/uploads\/2025\/11\/87469-877005-3D-CRUNCHY-ALMOND-TURRON-WITH-ORANGE-75G.png","datePublished":"2025-11-17T13:59:04+00:00","dateModified":"2025-11-17T13:59:04+00:00","description":"Atraskite auk\u0161tos kokyb\u0117s ispani\u0161kus delikatesus \u2013 s\u016brius, kumpius, alyvuoges ir \u017euv\u012f. Tikras Ispanijos skonis tiesiai \u012f j\u016bs\u0173 namus.","breadcrumb":{"@id":"https:\/\/espanola.lt\/produktas\/migdolu-ir-apelsinu-turronas-75g\/#breadcrumb"},"inLanguage":"en-US","potentialAction":[{"@type":"ReadAction","target":["https:\/\/espanola.lt\/produktas\/migdolu-ir-apelsinu-turronas-75g\/"]}]},{"@type":"ImageObject","inLanguage":"en-US","@id":"https:\/\/espanola.lt\/produktas\/migdolu-ir-apelsinu-turronas-75g\/#primaryimage","url":"https:\/\/espanola.lt\/wp-content\/uploads\/2025\/11\/87469-877005-3D-CRUNCHY-ALMOND-TURRON-WITH-ORANGE-75G.png","contentUrl":"https:\/\/espanola.lt\/wp-content\/uploads\/2025\/11\/87469-877005-3D-CRUNCHY-ALMOND-TURRON-WITH-ORANGE-75G.png","width":4800,"height":4800},{"@type":"BreadcrumbList","@id":"https:\/\/espanola.lt\/produktas\/migdolu-ir-apelsinu-turronas-75g\/#breadcrumb","itemListElement":[{"@type":"ListItem","position":1,"name":"Home","item":"https:\/\/espanola.lt\/en\/homepage\/"},{"@type":"ListItem","position":2,"name":"Shop","item":"https:\/\/espanola.lt\/en\/shop\/"},{"@type":"ListItem","position":3,"name":"Migdol\u0173 ir apelsin\u0173 turronas 75g."}]},{"@type":"WebSite","@id":"https:\/\/espanola.lt\/#website","url":"https:\/\/espanola.lt\/","name":"Espanola.lt | Tikras Ispanijos skonis \u2013 J\u016bs\u0173 namuose!","description":"","publisher":{"@id":"https:\/\/espanola.lt\/#organization"},"potentialAction":[{"@type":"SearchAction","target":{"@type":"EntryPoint","urlTemplate":"https:\/\/espanola.lt\/?s={search_term_string}"},"query-input":{"@type":"PropertyValueSpecification","valueRequired":true,"valueName":"search_term_string"}}],"inLanguage":"en-US"},{"@type":"Organization","@id":"https:\/\/espanola.lt\/#organization","name":"Espanola.lt","url":"https:\/\/espanola.lt\/","logo":{"@type":"ImageObject","inLanguage":"en-US","@id":"https:\/\/espanola.lt\/#\/schema\/logo\/image\/","url":"https:\/\/espanola.lt\/wp-content\/uploads\/2023\/03\/notext_color.png","contentUrl":"https:\/\/espanola.lt\/wp-content\/uploads\/2023\/03\/notext_color.png","width":916,"height":204,"caption":"Espanola.lt"},"image":{"@id":"https:\/\/espanola.lt\/#\/schema\/logo\/image\/"},"sameAs":["https:\/\/www.facebook.com\/espanola.lt","https:\/\/www.instagram.com\/espanola.lt\/"]}]}},"_links":{"self":[{"href":"https:\/\/espanola.lt\/en\/wp-json\/wp\/v2\/product\/26453"}],"collection":[{"href":"https:\/\/espanola.lt\/en\/wp-json\/wp\/v2\/product"}],"about":[{"href":"https:\/\/espanola.lt\/en\/wp-json\/wp\/v2\/types\/product"}],"version-history":[{"count":2,"href":"https:\/\/espanola.lt\/en\/wp-json\/wp\/v2\/product\/26453\/revisions"}],"predecessor-version":[{"id":26458,"href":"https:\/\/espanola.lt\/en\/wp-json\/wp\/v2\/product\/26453\/revisions\/26458"}],"wp:featuredmedia":[{"embeddable":true,"href":"https:\/\/espanola.lt\/en\/wp-json\/wp\/v2\/media\/26454"}],"wp:attachment":[{"href":"https:\/\/espanola.lt\/en\/wp-json\/wp\/v2\/media?parent=26453"}],"wp:term":[{"taxonomy":"product_brand","embeddable":true,"href":"https:\/\/espanola.lt\/en\/wp-json\/wp\/v2\/product_brand?post=26453"},{"taxonomy":"product_cat","embeddable":true,"href":"https:\/\/espanola.lt\/en\/wp-json\/wp\/v2\/product_cat?post=26453"},{"taxonomy":"product_tag","embeddable":true,"href":"https:\/\/espanola.lt\/en\/wp-json\/wp\/v2\/product_tag?post=26453"}],"curies":[{"name":"wp","href":"https:\/\/api.w.org\/{rel}","templated":true}]}}