{"id":26441,"date":"2025-11-17T13:17:50","date_gmt":"2025-11-17T13:17:50","guid":{"rendered":"https:\/\/espanola.lt\/?post_type=product&#038;p=26441"},"modified":"2026-04-10T10:10:27","modified_gmt":"2026-04-10T10:10:27","slug":"migdolu-krokanto-turronas-su-sokoladu-75g","status":"publish","type":"product","link":"https:\/\/espanola.lt\/en\/produktas\/migdolu-krokanto-turronas-su-sokoladu-75g\/","title":{"rendered":"Migdol\u0173 krokanto turronas su \u0161okoladu 75g."},"content":{"rendered":"<article class=\"text-token-text-primary w-full focus:outline-none [--shadow-height:45px] has-data-writing-block:pointer-events-none has-data-writing-block:-mt-(--shadow-height) has-data-writing-block:pt-(--shadow-height) [&amp;:has([data-writing-block])&gt;*]:pointer-events-auto [content-visibility:auto] supports-[content-visibility:auto]:[contain-intrinsic-size:auto_100lvh] scroll-mt-[calc(var(--header-height)+min(200px,max(70px,20svh)))]\" dir=\"auto\" data-turn-id=\"request-691adf0e-afdc-832c-a812-da07cc0a5c48-10\" data-testid=\"conversation-turn-68\" data-scroll-anchor=\"true\" data-turn=\"assistant\">\n<div class=\"text-base my-auto mx-auto pb-10 [--thread-content-margin:--spacing(4)] thread-sm:[--thread-content-margin:--spacing(6)] thread-lg:[--thread-content-margin:--spacing(16)] px-(--thread-content-margin)\">\n<div class=\"[--thread-content-max-width:40rem] thread-lg:[--thread-content-max-width:48rem] mx-auto max-w-(--thread-content-max-width) flex-1 group\/turn-messages focus-visible:outline-hidden relative flex w-full min-w-0 flex-col agent-turn\">\n<div class=\"flex max-w-full flex-col grow\">\n<div class=\"min-h-8 text-message relative flex w-full flex-col items-end gap-2 text-start break-words whitespace-normal [.text-message+&amp;]:mt-1\" dir=\"auto\" data-message-author-role=\"assistant\" data-message-id=\"dd119d34-a752-4aa7-85e3-9dcdcf774094\" data-message-model-slug=\"gpt-5-1\">\n<div class=\"flex w-full flex-col gap-1 empty:hidden first:pt-[1px]\">\n<div class=\"markdown prose dark:prose-invert w-full break-words light markdown-new-styling\">\n<p data-start=\"0\" data-end=\"156\"><strong data-start=\"0\" data-end=\"15\">\u201eKrokantas\u201c<\/strong> rei\u0161kia <strong data-start=\"24\" data-end=\"70\">karamelizuoto cukraus ir smulkint\u0173 rie\u0161ut\u0173<\/strong> (da\u017eniausiai migdol\u0173) mi\u0161in\u012f, kuris b\u016bna <strong data-start=\"112\" data-end=\"123\">tra\u0161kus<\/strong>, lengvai apskrudintas ir saldus.<\/p>\n<p data-start=\"158\" data-end=\"166\">Trumpai:<\/p>\n<ul data-start=\"168\" data-end=\"396\">\n<li data-start=\"168\" data-end=\"228\">\n<p data-start=\"170\" data-end=\"228\"><strong data-start=\"170\" data-end=\"226\">krokantas = tra\u0161kus karamelizuot\u0173 rie\u0161ut\u0173 saldumynas<\/strong><\/p>\n<\/li>\n<li data-start=\"229\" data-end=\"319\">\n<p data-start=\"231\" data-end=\"319\">sudarytas i\u0161 <strong data-start=\"244\" data-end=\"281\">cukraus, i\u0161tirpinto iki karamel\u0117s<\/strong>, ir <strong data-start=\"286\" data-end=\"317\">smulkint\u0173 ar kapot\u0173 rie\u0161ut\u0173<\/strong><\/p>\n<\/li>\n<li data-start=\"320\" data-end=\"396\">\n<p data-start=\"322\" data-end=\"396\">naudojamas saldainiuose, turronuose, desertuose d\u0117l <strong data-start=\"374\" data-end=\"396\">tra\u0161kios tekst\u016bros<\/strong><\/p>\n<\/li>\n<\/ul>\n<p data-start=\"398\" data-end=\"496\" data-is-last-node=\"\" data-is-only-node=\"\">Tod\u0117l \u201eAlmond Crocanti Turron\u201c rei\u0161kia <strong data-start=\"437\" data-end=\"495\">migdol\u0173 turron\u0105 su karamelizuotais tra\u0161kiais migdolais<\/strong>.<\/p>\n<p data-start=\"162\" data-end=\"610\"><strong data-start=\"162\" data-end=\"185\">Sudedamosios dalys:<\/strong> migdolai (ES ir ne ES) 50 %, cukrus, pieninis \u0161okoladas 12,3 % (cukrus, kakavos sviestas (ne ES), nenugriebto pieno milteliai, kakavos mas\u0117 (ne ES)), emulsikliai: soj\u0173 ir saul\u0117gr\u0105\u017e\u0173 lecitinas, nat\u016bralus vanil\u0117s aromatas. Kakavos saus\u0173j\u0173 med\u017eiag\u0173 ne ma\u017eiau kaip 35 %. Medus ir vaflis (bulvi\u0173 krakmolas, saul\u0117gr\u0105\u017e\u0173 aliejus).<br data-start=\"508\" data-end=\"511\" \/>Gali b\u016bti: \u017eem\u0117s rie\u0161ut\u0173, sezamo, kit\u0173 rie\u0161ut\u0173 (lazdyn\u0173 ir graikini\u0173 rie\u0161ut\u0173) ir kiau\u0161ini\u0173 p\u0117dsak\u0173.<\/p>\n<p data-start=\"612\" data-end=\"782\">Laikyti v\u0117sioje ir sausoje vietoje. Did\u017eiausia leistina temperat\u016bra 20 \u00baC, santykin\u0117 oro dr\u0117gm\u0117 \u2013 iki 65 %.<br data-start=\"719\" data-end=\"722\" \/>Geriausias iki, partijos numeris: \u017ei\u016br\u0117ti ant pakuot\u0117s \u0161ono.<\/p>\n<p data-start=\"784\" data-end=\"988\">Pagaminta Ispanijoje, <strong data-start=\"806\" data-end=\"833\">DLV Alimentaci\u00f3n S.A.U.<\/strong>, Crta. Madrid-Ciudad Real km 95.200, 45450 Orgaz (Toledo), Espa\u00f1a (Ispanija).<\/p>\n<p data-start=\"990\" data-end=\"1015\"><strong data-start=\"990\" data-end=\"1010\">Grynasis kiekis:<\/strong> 75 g<\/p>\n<hr data-start=\"1017\" data-end=\"1020\" \/>\n<h3 data-start=\"1022\" data-end=\"1052\"><strong data-start=\"1026\" data-end=\"1052\">MAISTIN\u0116 VERT\u0116 (100 g)<\/strong><\/h3>\n<ul data-start=\"1053\" data-end=\"1273\">\n<li data-start=\"1053\" data-end=\"1095\">\n<p data-start=\"1055\" data-end=\"1095\">Energin\u0117 vert\u0117: <strong data-start=\"1071\" data-end=\"1093\">2284 kJ \/ 548 kcal<\/strong><\/p>\n<\/li>\n<li data-start=\"1096\" data-end=\"1153\">\n<p data-start=\"1098\" data-end=\"1153\">Riebalai: <strong data-start=\"1108\" data-end=\"1116\">34 g<\/strong>, i\u0161 kuri\u0173 so\u010di\u0173j\u0173 riebal\u0173: <strong data-start=\"1144\" data-end=\"1151\">4 g<\/strong><\/p>\n<\/li>\n<li data-start=\"1154\" data-end=\"1209\">\n<p data-start=\"1156\" data-end=\"1209\">Angliavandeniai: <strong data-start=\"1173\" data-end=\"1181\">48 g<\/strong>, i\u0161 kuri\u0173 cukr\u0173: <strong data-start=\"1199\" data-end=\"1207\">39 g<\/strong><\/p>\n<\/li>\n<li data-start=\"1210\" data-end=\"1232\">\n<p data-start=\"1212\" data-end=\"1232\">Skaidulos: <strong data-start=\"1223\" data-end=\"1230\">5 g<\/strong><\/p>\n<\/li>\n<li data-start=\"1233\" data-end=\"1255\">\n<p data-start=\"1235\" data-end=\"1255\">Baltymai: <strong data-start=\"1245\" data-end=\"1253\">10 g<\/strong><\/p>\n<\/li>\n<li data-start=\"1256\" data-end=\"1273\">\n<p data-start=\"1258\" data-end=\"1273\">Druska: <strong data-start=\"1266\" data-end=\"1273\">0 g<\/strong><\/p>\n<\/li>\n<\/ul>\n<\/div>\n<\/div>\n<\/div>\n<\/div>\n<div class=\"z-0 flex min-h-[46px] justify-start\"><\/div>\n<div class=\"mt-3 w-full empty:hidden\">\n<div class=\"text-center\"><\/div>\n<\/div>\n<\/div>\n<\/div>\n<\/article>\n<div class=\"pointer-events-none h-px w-px\" aria-hidden=\"true\" data-edge=\"true\"><\/div>\n","protected":false},"excerpt":{"rendered":"<p>\u201eKrokantas\u201c rei\u0161kia karamelizuoto cukraus ir smulkint\u0173 rie\u0161ut\u0173 (da\u017eniausiai migdol\u0173) mi\u0161in\u012f, kuris b\u016bna tra\u0161kus, lengvai apskrudintas ir saldus. Trumpai: krokantas = tra\u0161kus karamelizuot\u0173 rie\u0161ut\u0173 saldumynas sudarytas i\u0161 cukraus, i\u0161tirpinto iki karamel\u0117s, ir smulkint\u0173 ar kapot\u0173 rie\u0161ut\u0173 naudojamas saldainiuose, turronuose, desertuose d\u0117l tra\u0161kios tekst\u016bros Tod\u0117l \u201eAlmond Crocanti Turron\u201c rei\u0161kia migdol\u0173 turron\u0105 su karamelizuotais tra\u0161kiais migdolais. Sudedamosios dalys: migdolai (ES ir ne ES) 50 %, cukrus, pieninis \u0161okoladas 12,3 % (cukrus, kakavos sviestas (ne ES), nenugriebto pieno milteliai, kakavos mas\u0117 (ne ES)), emulsikliai: soj\u0173 ir saul\u0117gr\u0105\u017e\u0173 lecitinas, nat\u016bralus vanil\u0117s aromatas. Kakavos saus\u0173j\u0173 med\u017eiag\u0173 ne ma\u017eiau kaip 35 %. Medus ir vaflis (bulvi\u0173 krakmolas, saul\u0117gr\u0105\u017e\u0173 aliejus).Gali b\u016bti: \u017eem\u0117s rie\u0161ut\u0173, sezamo, kit\u0173 rie\u0161ut\u0173 (lazdyn\u0173 ir graikini\u0173 rie\u0161ut\u0173) ir kiau\u0161ini\u0173 p\u0117dsak\u0173. Laikyti v\u0117sioje ir sausoje vietoje. Did\u017eiausia leistina temperat\u016bra 20 \u00baC, santykin\u0117 oro dr\u0117gm\u0117 \u2013 iki 65 %.Geriausias iki, partijos numeris: \u017ei\u016br\u0117ti ant pakuot\u0117s \u0161ono. Pagaminta Ispanijoje, DLV Alimentaci\u00f3n S.A.U., Crta. Madrid-Ciudad Real km 95.200, 45450 Orgaz (Toledo), Espa\u00f1a (Ispanija). Grynasis kiekis: 75 g MAISTIN\u0116 VERT\u0116 (100 g) Energin\u0117 vert\u0117: 2284 kJ \/ 548 kcal Riebalai: 34 g, i\u0161 kuri\u0173 so\u010di\u0173j\u0173 riebal\u0173: 4 g Angliavandeniai: 48 g, i\u0161 kuri\u0173 cukr\u0173: 39 g Skaidulos: 5 g Baltymai: 10 g Druska: 0 g<\/p>\n","protected":false},"featured_media":26442,"template":"","meta":[],"product_brand":[],"product_cat":[116,131],"product_tag":[],"class_list":{"0":"post-26441","1":"product","2":"type-product","3":"status-publish","4":"has-post-thumbnail","6":"product_cat-mazmenine-2","7":"product_cat-saldumynai","9":"first","10":"outofstock","11":"shipping-taxable","12":"purchasable","13":"product-type-simple"},"yoast_head":"<!-- This site is optimized with the Yoast SEO plugin v23.7 - https:\/\/yoast.com\/wordpress\/plugins\/seo\/ -->\n<title>Migdol\u0173 krokanto turronas su \u0161okoladu 75g. | Espanola.lt<\/title>\n<meta name=\"description\" content=\"Atraskite auk\u0161tos kokyb\u0117s ispani\u0161kus delikatesus \u2013 s\u016brius, kumpius, alyvuoges ir \u017euv\u012f. Tikras Ispanijos skonis tiesiai \u012f j\u016bs\u0173 namus.\" \/>\n<meta name=\"robots\" content=\"index, follow, max-snippet:-1, max-image-preview:large, max-video-preview:-1\" \/>\n<link rel=\"canonical\" href=\"https:\/\/espanola.lt\/produktas\/migdolu-krokanto-turronas-su-sokoladu-75g\/\" \/>\n<meta property=\"og:locale\" content=\"en_US\" \/>\n<meta property=\"og:type\" content=\"article\" \/>\n<meta property=\"og:title\" content=\"Migdol\u0173 krokanto turronas su \u0161okoladu 75g. | Espanola.lt\" \/>\n<meta property=\"og:description\" content=\"Atraskite auk\u0161tos kokyb\u0117s ispani\u0161kus delikatesus \u2013 s\u016brius, kumpius, alyvuoges ir \u017euv\u012f. Tikras Ispanijos skonis tiesiai \u012f j\u016bs\u0173 namus.\" \/>\n<meta property=\"og:url\" content=\"https:\/\/espanola.lt\/produktas\/migdolu-krokanto-turronas-su-sokoladu-75g\/\" \/>\n<meta property=\"og:site_name\" content=\"Espanola\" \/>\n<meta property=\"article:publisher\" content=\"https:\/\/www.facebook.com\/espanola.lt\" \/>\n<meta property=\"article:modified_time\" content=\"2026-04-10T10:10:27+00:00\" \/>\n<meta property=\"og:image\" content=\"https:\/\/espanola.lt\/wp-content\/uploads\/2025\/11\/87466-87702-3D-ALMOND-CROCANTI-TURRON-WITH-CHOCOLATE-75G-1024x1024.png\" \/>\n\t<meta property=\"og:image:width\" content=\"1024\" \/>\n\t<meta property=\"og:image:height\" content=\"1024\" \/>\n\t<meta property=\"og:image:type\" content=\"image\/png\" \/>\n<meta name=\"twitter:card\" content=\"summary_large_image\" \/>\n<meta name=\"twitter:label1\" content=\"Est. reading time\" \/>\n\t<meta name=\"twitter:data1\" content=\"2 minutes\" \/>\n<script type=\"application\/ld+json\" class=\"yoast-schema-graph\">{\"@context\":\"https:\/\/schema.org\",\"@graph\":[{\"@type\":\"WebPage\",\"@id\":\"https:\/\/espanola.lt\/produktas\/migdolu-krokanto-turronas-su-sokoladu-75g\/\",\"url\":\"https:\/\/espanola.lt\/produktas\/migdolu-krokanto-turronas-su-sokoladu-75g\/\",\"name\":\"Migdol\u0173 krokanto turronas su \u0161okoladu 75g. | Espanola.lt\",\"isPartOf\":{\"@id\":\"https:\/\/espanola.lt\/#website\"},\"primaryImageOfPage\":{\"@id\":\"https:\/\/espanola.lt\/produktas\/migdolu-krokanto-turronas-su-sokoladu-75g\/#primaryimage\"},\"image\":{\"@id\":\"https:\/\/espanola.lt\/produktas\/migdolu-krokanto-turronas-su-sokoladu-75g\/#primaryimage\"},\"thumbnailUrl\":\"https:\/\/espanola.lt\/wp-content\/uploads\/2025\/11\/87466-87702-3D-ALMOND-CROCANTI-TURRON-WITH-CHOCOLATE-75G.png\",\"datePublished\":\"2025-11-17T13:17:50+00:00\",\"dateModified\":\"2026-04-10T10:10:27+00:00\",\"description\":\"Atraskite auk\u0161tos kokyb\u0117s ispani\u0161kus delikatesus \u2013 s\u016brius, kumpius, alyvuoges ir \u017euv\u012f. Tikras Ispanijos skonis tiesiai \u012f j\u016bs\u0173 namus.\",\"breadcrumb\":{\"@id\":\"https:\/\/espanola.lt\/produktas\/migdolu-krokanto-turronas-su-sokoladu-75g\/#breadcrumb\"},\"inLanguage\":\"en-US\",\"potentialAction\":[{\"@type\":\"ReadAction\",\"target\":[\"https:\/\/espanola.lt\/produktas\/migdolu-krokanto-turronas-su-sokoladu-75g\/\"]}]},{\"@type\":\"ImageObject\",\"inLanguage\":\"en-US\",\"@id\":\"https:\/\/espanola.lt\/produktas\/migdolu-krokanto-turronas-su-sokoladu-75g\/#primaryimage\",\"url\":\"https:\/\/espanola.lt\/wp-content\/uploads\/2025\/11\/87466-87702-3D-ALMOND-CROCANTI-TURRON-WITH-CHOCOLATE-75G.png\",\"contentUrl\":\"https:\/\/espanola.lt\/wp-content\/uploads\/2025\/11\/87466-87702-3D-ALMOND-CROCANTI-TURRON-WITH-CHOCOLATE-75G.png\",\"width\":4800,\"height\":4800},{\"@type\":\"BreadcrumbList\",\"@id\":\"https:\/\/espanola.lt\/produktas\/migdolu-krokanto-turronas-su-sokoladu-75g\/#breadcrumb\",\"itemListElement\":[{\"@type\":\"ListItem\",\"position\":1,\"name\":\"Home\",\"item\":\"https:\/\/espanola.lt\/en\/homepage\/\"},{\"@type\":\"ListItem\",\"position\":2,\"name\":\"Shop\",\"item\":\"https:\/\/espanola.lt\/en\/shop\/\"},{\"@type\":\"ListItem\",\"position\":3,\"name\":\"Migdol\u0173 krokanto turronas su \u0161okoladu 75g.\"}]},{\"@type\":\"WebSite\",\"@id\":\"https:\/\/espanola.lt\/#website\",\"url\":\"https:\/\/espanola.lt\/\",\"name\":\"Espanola.lt | Tikras Ispanijos skonis \u2013 J\u016bs\u0173 namuose!\",\"description\":\"\",\"publisher\":{\"@id\":\"https:\/\/espanola.lt\/#organization\"},\"potentialAction\":[{\"@type\":\"SearchAction\",\"target\":{\"@type\":\"EntryPoint\",\"urlTemplate\":\"https:\/\/espanola.lt\/?s={search_term_string}\"},\"query-input\":{\"@type\":\"PropertyValueSpecification\",\"valueRequired\":true,\"valueName\":\"search_term_string\"}}],\"inLanguage\":\"en-US\"},{\"@type\":\"Organization\",\"@id\":\"https:\/\/espanola.lt\/#organization\",\"name\":\"Espanola.lt\",\"url\":\"https:\/\/espanola.lt\/\",\"logo\":{\"@type\":\"ImageObject\",\"inLanguage\":\"en-US\",\"@id\":\"https:\/\/espanola.lt\/#\/schema\/logo\/image\/\",\"url\":\"https:\/\/espanola.lt\/wp-content\/uploads\/2023\/03\/notext_color.png\",\"contentUrl\":\"https:\/\/espanola.lt\/wp-content\/uploads\/2023\/03\/notext_color.png\",\"width\":916,\"height\":204,\"caption\":\"Espanola.lt\"},\"image\":{\"@id\":\"https:\/\/espanola.lt\/#\/schema\/logo\/image\/\"},\"sameAs\":[\"https:\/\/www.facebook.com\/espanola.lt\",\"https:\/\/www.instagram.com\/espanola.lt\/\"]}]}<\/script>\n<!-- \/ Yoast SEO plugin. -->","yoast_head_json":{"title":"Migdol\u0173 krokanto turronas su \u0161okoladu 75g. | Espanola.lt","description":"Atraskite auk\u0161tos kokyb\u0117s ispani\u0161kus delikatesus \u2013 s\u016brius, kumpius, alyvuoges ir \u017euv\u012f. Tikras Ispanijos skonis tiesiai \u012f j\u016bs\u0173 namus.","robots":{"index":"index","follow":"follow","max-snippet":"max-snippet:-1","max-image-preview":"max-image-preview:large","max-video-preview":"max-video-preview:-1"},"canonical":"https:\/\/espanola.lt\/produktas\/migdolu-krokanto-turronas-su-sokoladu-75g\/","og_locale":"en_US","og_type":"article","og_title":"Migdol\u0173 krokanto turronas su \u0161okoladu 75g. | Espanola.lt","og_description":"Atraskite auk\u0161tos kokyb\u0117s ispani\u0161kus delikatesus \u2013 s\u016brius, kumpius, alyvuoges ir \u017euv\u012f. Tikras Ispanijos skonis tiesiai \u012f j\u016bs\u0173 namus.","og_url":"https:\/\/espanola.lt\/produktas\/migdolu-krokanto-turronas-su-sokoladu-75g\/","og_site_name":"Espanola","article_publisher":"https:\/\/www.facebook.com\/espanola.lt","article_modified_time":"2026-04-10T10:10:27+00:00","og_image":[{"width":1024,"height":1024,"url":"https:\/\/espanola.lt\/wp-content\/uploads\/2025\/11\/87466-87702-3D-ALMOND-CROCANTI-TURRON-WITH-CHOCOLATE-75G-1024x1024.png","type":"image\/png"}],"twitter_card":"summary_large_image","twitter_misc":{"Est. reading time":"2 minutes"},"schema":{"@context":"https:\/\/schema.org","@graph":[{"@type":"WebPage","@id":"https:\/\/espanola.lt\/produktas\/migdolu-krokanto-turronas-su-sokoladu-75g\/","url":"https:\/\/espanola.lt\/produktas\/migdolu-krokanto-turronas-su-sokoladu-75g\/","name":"Migdol\u0173 krokanto turronas su \u0161okoladu 75g. | Espanola.lt","isPartOf":{"@id":"https:\/\/espanola.lt\/#website"},"primaryImageOfPage":{"@id":"https:\/\/espanola.lt\/produktas\/migdolu-krokanto-turronas-su-sokoladu-75g\/#primaryimage"},"image":{"@id":"https:\/\/espanola.lt\/produktas\/migdolu-krokanto-turronas-su-sokoladu-75g\/#primaryimage"},"thumbnailUrl":"https:\/\/espanola.lt\/wp-content\/uploads\/2025\/11\/87466-87702-3D-ALMOND-CROCANTI-TURRON-WITH-CHOCOLATE-75G.png","datePublished":"2025-11-17T13:17:50+00:00","dateModified":"2026-04-10T10:10:27+00:00","description":"Atraskite auk\u0161tos kokyb\u0117s ispani\u0161kus delikatesus \u2013 s\u016brius, kumpius, alyvuoges ir \u017euv\u012f. Tikras Ispanijos skonis tiesiai \u012f j\u016bs\u0173 namus.","breadcrumb":{"@id":"https:\/\/espanola.lt\/produktas\/migdolu-krokanto-turronas-su-sokoladu-75g\/#breadcrumb"},"inLanguage":"en-US","potentialAction":[{"@type":"ReadAction","target":["https:\/\/espanola.lt\/produktas\/migdolu-krokanto-turronas-su-sokoladu-75g\/"]}]},{"@type":"ImageObject","inLanguage":"en-US","@id":"https:\/\/espanola.lt\/produktas\/migdolu-krokanto-turronas-su-sokoladu-75g\/#primaryimage","url":"https:\/\/espanola.lt\/wp-content\/uploads\/2025\/11\/87466-87702-3D-ALMOND-CROCANTI-TURRON-WITH-CHOCOLATE-75G.png","contentUrl":"https:\/\/espanola.lt\/wp-content\/uploads\/2025\/11\/87466-87702-3D-ALMOND-CROCANTI-TURRON-WITH-CHOCOLATE-75G.png","width":4800,"height":4800},{"@type":"BreadcrumbList","@id":"https:\/\/espanola.lt\/produktas\/migdolu-krokanto-turronas-su-sokoladu-75g\/#breadcrumb","itemListElement":[{"@type":"ListItem","position":1,"name":"Home","item":"https:\/\/espanola.lt\/en\/homepage\/"},{"@type":"ListItem","position":2,"name":"Shop","item":"https:\/\/espanola.lt\/en\/shop\/"},{"@type":"ListItem","position":3,"name":"Migdol\u0173 krokanto turronas su \u0161okoladu 75g."}]},{"@type":"WebSite","@id":"https:\/\/espanola.lt\/#website","url":"https:\/\/espanola.lt\/","name":"Espanola.lt | Tikras Ispanijos skonis \u2013 J\u016bs\u0173 namuose!","description":"","publisher":{"@id":"https:\/\/espanola.lt\/#organization"},"potentialAction":[{"@type":"SearchAction","target":{"@type":"EntryPoint","urlTemplate":"https:\/\/espanola.lt\/?s={search_term_string}"},"query-input":{"@type":"PropertyValueSpecification","valueRequired":true,"valueName":"search_term_string"}}],"inLanguage":"en-US"},{"@type":"Organization","@id":"https:\/\/espanola.lt\/#organization","name":"Espanola.lt","url":"https:\/\/espanola.lt\/","logo":{"@type":"ImageObject","inLanguage":"en-US","@id":"https:\/\/espanola.lt\/#\/schema\/logo\/image\/","url":"https:\/\/espanola.lt\/wp-content\/uploads\/2023\/03\/notext_color.png","contentUrl":"https:\/\/espanola.lt\/wp-content\/uploads\/2023\/03\/notext_color.png","width":916,"height":204,"caption":"Espanola.lt"},"image":{"@id":"https:\/\/espanola.lt\/#\/schema\/logo\/image\/"},"sameAs":["https:\/\/www.facebook.com\/espanola.lt","https:\/\/www.instagram.com\/espanola.lt\/"]}]}},"_links":{"self":[{"href":"https:\/\/espanola.lt\/en\/wp-json\/wp\/v2\/product\/26441"}],"collection":[{"href":"https:\/\/espanola.lt\/en\/wp-json\/wp\/v2\/product"}],"about":[{"href":"https:\/\/espanola.lt\/en\/wp-json\/wp\/v2\/types\/product"}],"version-history":[{"count":3,"href":"https:\/\/espanola.lt\/en\/wp-json\/wp\/v2\/product\/26441\/revisions"}],"predecessor-version":[{"id":27201,"href":"https:\/\/espanola.lt\/en\/wp-json\/wp\/v2\/product\/26441\/revisions\/27201"}],"wp:featuredmedia":[{"embeddable":true,"href":"https:\/\/espanola.lt\/en\/wp-json\/wp\/v2\/media\/26442"}],"wp:attachment":[{"href":"https:\/\/espanola.lt\/en\/wp-json\/wp\/v2\/media?parent=26441"}],"wp:term":[{"taxonomy":"product_brand","embeddable":true,"href":"https:\/\/espanola.lt\/en\/wp-json\/wp\/v2\/product_brand?post=26441"},{"taxonomy":"product_cat","embeddable":true,"href":"https:\/\/espanola.lt\/en\/wp-json\/wp\/v2\/product_cat?post=26441"},{"taxonomy":"product_tag","embeddable":true,"href":"https:\/\/espanola.lt\/en\/wp-json\/wp\/v2\/product_tag?post=26441"}],"curies":[{"name":"wp","href":"https:\/\/api.w.org\/{rel}","templated":true}]}}