{"id":26436,"date":"2025-11-17T13:11:37","date_gmt":"2025-11-17T13:11:37","guid":{"rendered":"https:\/\/espanola.lt\/?post_type=product&#038;p=26436"},"modified":"2026-04-15T17:42:41","modified_gmt":"2026-04-15T17:42:41","slug":"traskus-migdolu-turronas-75g","status":"publish","type":"product","link":"https:\/\/espanola.lt\/en\/produktas\/traskus-migdolu-turronas-75g\/","title":{"rendered":"Tra\u0161kus migdol\u0173 turronas 75g."},"content":{"rendered":"<p data-start=\"120\" data-end=\"380\"><strong data-start=\"120\" data-end=\"143\">Sudedamosios dalys:<\/strong> migdolai (ES ir ne ES) 60 %, cukrus, medus, vafliai (bulvi\u0173 krakmolas ir saul\u0117gr\u0105\u017e\u0173 aliejus), kiau\u0161inio baltymas.<br data-start=\"257\" data-end=\"260\" \/><em data-start=\"260\" data-end=\"362\">Gali b\u016bti soj\u0173, \u017eem\u0117s rie\u0161ut\u0173, sezam\u0173, pieno ir kit\u0173 rie\u0161ut\u0173 (lazdyn\u0173 ir graikini\u0173 rie\u0161ut\u0173) p\u0117dsak\u0173.<\/em><br data-start=\"362\" data-end=\"365\" \/><strong data-start=\"365\" data-end=\"380\">Be glitimo.<\/strong><\/p>\n<p data-start=\"382\" data-end=\"502\"><strong data-start=\"382\" data-end=\"402\">Laikymo s\u0105lygos:<\/strong> laikyti v\u0117sioje ir sausoje vietoje. Maksimali temperat\u016bra 20 \u00baC \/ 68 \u00baF. Maksimalus dr\u0117gnumas 65 %.<\/p>\n<p data-start=\"504\" data-end=\"737\"><strong data-start=\"504\" data-end=\"529\">Pagaminta Ispanijoje:<\/strong><br data-start=\"529\" data-end=\"532\" \/>DLV Alimentaci\u00f3n S.A.U.<br data-start=\"555\" data-end=\"558\" \/>Crta. Madrid-Ciudad Real km 95.200,<br data-start=\"593\" data-end=\"596\" \/>45450 Orgaz (Toledas), Ispanija<br data-start=\"627\" data-end=\"630\" \/>Ispani\u0161kas produktas<\/p>\n<p data-start=\"739\" data-end=\"772\"><strong data-start=\"739\" data-end=\"757\">Grynas svoris:<\/strong> 75 g<\/p>\n<hr data-start=\"774\" data-end=\"777\" \/>\n<h3 data-start=\"779\" data-end=\"828\"><strong data-start=\"783\" data-end=\"828\">MAISTIN\u0116 VERT\u0116 (vidutin\u0117s reik\u0161m\u0117s 100 g)<\/strong><\/h3>\n<ul data-start=\"830\" data-end=\"1058\">\n<li data-start=\"830\" data-end=\"872\">\n<p data-start=\"832\" data-end=\"872\"><strong data-start=\"832\" data-end=\"851\">Energin\u0117 vert\u0117:<\/strong> 2345 kJ \/ 563 kcal<\/p>\n<\/li>\n<li data-start=\"873\" data-end=\"938\">\n<p data-start=\"875\" data-end=\"895\"><strong data-start=\"875\" data-end=\"888\">Riebalai:<\/strong> 35 g<\/p>\n<ul data-start=\"898\" data-end=\"938\">\n<li data-start=\"898\" data-end=\"938\">\n<p data-start=\"900\" data-end=\"938\"><em data-start=\"900\" data-end=\"932\">i\u0161 j\u0173 so\u010di\u0173j\u0173 riebal\u0173 r\u016bg\u0161\u010di\u0173:<\/em> 4 g<\/p>\n<\/li>\n<\/ul>\n<\/li>\n<li data-start=\"939\" data-end=\"994\">\n<p data-start=\"941\" data-end=\"968\"><strong data-start=\"941\" data-end=\"961\">Angliavandeniai:<\/strong> 45 g<\/p>\n<ul data-start=\"971\" data-end=\"994\">\n<li data-start=\"971\" data-end=\"994\">\n<p data-start=\"973\" data-end=\"994\"><em data-start=\"973\" data-end=\"987\">i\u0161 j\u0173 cukr\u0173:<\/em> 38 g<\/p>\n<\/li>\n<\/ul>\n<\/li>\n<li data-start=\"995\" data-end=\"1017\">\n<p data-start=\"997\" data-end=\"1017\"><strong data-start=\"997\" data-end=\"1011\">Skaidulos:<\/strong> 8 g<\/p>\n<\/li>\n<li data-start=\"1018\" data-end=\"1040\">\n<p data-start=\"1020\" data-end=\"1040\"><strong data-start=\"1020\" data-end=\"1033\">Baltymai:<\/strong> 13 g<\/p>\n<\/li>\n<li data-start=\"1041\" data-end=\"1058\">\n<p data-start=\"1043\" data-end=\"1058\"><strong data-start=\"1043\" data-end=\"1054\">Druska:<\/strong> 0 g<\/p>\n<\/li>\n<\/ul>\n","protected":false},"excerpt":{"rendered":"<p>Sudedamosios dalys: migdolai (ES ir ne ES) 60 %, cukrus, medus, vafliai (bulvi\u0173 krakmolas ir saul\u0117gr\u0105\u017e\u0173 aliejus), kiau\u0161inio baltymas.Gali b\u016bti soj\u0173, \u017eem\u0117s rie\u0161ut\u0173, sezam\u0173, pieno ir kit\u0173 rie\u0161ut\u0173 (lazdyn\u0173 ir graikini\u0173 rie\u0161ut\u0173) p\u0117dsak\u0173.Be glitimo. Laikymo s\u0105lygos: laikyti v\u0117sioje ir sausoje vietoje. Maksimali temperat\u016bra 20 \u00baC \/ 68 \u00baF. Maksimalus dr\u0117gnumas 65 %. Pagaminta Ispanijoje:DLV Alimentaci\u00f3n S.A.U.Crta. Madrid-Ciudad Real km 95.200,45450 Orgaz (Toledas), IspanijaIspani\u0161kas produktas Grynas svoris: 75 g MAISTIN\u0116 VERT\u0116 (vidutin\u0117s reik\u0161m\u0117s 100 g) Energin\u0117 vert\u0117: 2345 kJ \/ 563 kcal Riebalai: 35 g i\u0161 j\u0173 so\u010di\u0173j\u0173 riebal\u0173 r\u016bg\u0161\u010di\u0173: 4 g Angliavandeniai: 45 g i\u0161 j\u0173 cukr\u0173: 38 g Skaidulos: 8 g Baltymai: 13 g Druska: 0 g<\/p>\n","protected":false},"featured_media":26437,"template":"","meta":[],"product_brand":[],"product_cat":[116,131],"product_tag":[],"class_list":{"0":"post-26436","1":"product","2":"type-product","3":"status-publish","4":"has-post-thumbnail","6":"product_cat-mazmenine-2","7":"product_cat-saldumynai","9":"first","10":"instock","11":"shipping-taxable","12":"purchasable","13":"product-type-simple"},"yoast_head":"<!-- This site is optimized with the Yoast SEO plugin v23.7 - https:\/\/yoast.com\/wordpress\/plugins\/seo\/ -->\n<title>Tra\u0161kus migdol\u0173 turronas 75g. | Espanola.lt<\/title>\n<meta name=\"description\" content=\"Atraskite auk\u0161tos kokyb\u0117s ispani\u0161kus delikatesus \u2013 s\u016brius, kumpius, alyvuoges ir \u017euv\u012f. Tikras Ispanijos skonis tiesiai \u012f j\u016bs\u0173 namus.\" \/>\n<meta name=\"robots\" content=\"index, follow, max-snippet:-1, max-image-preview:large, max-video-preview:-1\" \/>\n<link rel=\"canonical\" href=\"https:\/\/espanola.lt\/produktas\/traskus-migdolu-turronas-75g\/\" \/>\n<meta property=\"og:locale\" content=\"en_US\" \/>\n<meta property=\"og:type\" content=\"article\" \/>\n<meta property=\"og:title\" content=\"Tra\u0161kus migdol\u0173 turronas 75g. | Espanola.lt\" \/>\n<meta property=\"og:description\" content=\"Atraskite auk\u0161tos kokyb\u0117s ispani\u0161kus delikatesus \u2013 s\u016brius, kumpius, alyvuoges ir \u017euv\u012f. Tikras Ispanijos skonis tiesiai \u012f j\u016bs\u0173 namus.\" \/>\n<meta property=\"og:url\" content=\"https:\/\/espanola.lt\/produktas\/traskus-migdolu-turronas-75g\/\" \/>\n<meta property=\"og:site_name\" content=\"Espanola\" \/>\n<meta property=\"article:publisher\" content=\"https:\/\/www.facebook.com\/espanola.lt\" \/>\n<meta property=\"article:modified_time\" content=\"2026-04-15T17:42:41+00:00\" \/>\n<meta property=\"og:image\" content=\"https:\/\/espanola.lt\/wp-content\/uploads\/2025\/11\/87465-87699-3D-CRUNCHY-ALMOND-TURRON-75G-1024x1024.png\" \/>\n\t<meta property=\"og:image:width\" content=\"1024\" \/>\n\t<meta property=\"og:image:height\" content=\"1024\" \/>\n\t<meta property=\"og:image:type\" content=\"image\/png\" \/>\n<meta name=\"twitter:card\" content=\"summary_large_image\" \/>\n<meta name=\"twitter:label1\" content=\"Est. reading time\" \/>\n\t<meta name=\"twitter:data1\" content=\"1 minute\" \/>\n<script type=\"application\/ld+json\" class=\"yoast-schema-graph\">{\"@context\":\"https:\/\/schema.org\",\"@graph\":[{\"@type\":\"WebPage\",\"@id\":\"https:\/\/espanola.lt\/produktas\/traskus-migdolu-turronas-75g\/\",\"url\":\"https:\/\/espanola.lt\/produktas\/traskus-migdolu-turronas-75g\/\",\"name\":\"Tra\u0161kus migdol\u0173 turronas 75g. | Espanola.lt\",\"isPartOf\":{\"@id\":\"https:\/\/espanola.lt\/#website\"},\"primaryImageOfPage\":{\"@id\":\"https:\/\/espanola.lt\/produktas\/traskus-migdolu-turronas-75g\/#primaryimage\"},\"image\":{\"@id\":\"https:\/\/espanola.lt\/produktas\/traskus-migdolu-turronas-75g\/#primaryimage\"},\"thumbnailUrl\":\"https:\/\/espanola.lt\/wp-content\/uploads\/2025\/11\/87465-87699-3D-CRUNCHY-ALMOND-TURRON-75G.png\",\"datePublished\":\"2025-11-17T13:11:37+00:00\",\"dateModified\":\"2026-04-15T17:42:41+00:00\",\"description\":\"Atraskite auk\u0161tos kokyb\u0117s ispani\u0161kus delikatesus \u2013 s\u016brius, kumpius, alyvuoges ir \u017euv\u012f. Tikras Ispanijos skonis tiesiai \u012f j\u016bs\u0173 namus.\",\"breadcrumb\":{\"@id\":\"https:\/\/espanola.lt\/produktas\/traskus-migdolu-turronas-75g\/#breadcrumb\"},\"inLanguage\":\"en-US\",\"potentialAction\":[{\"@type\":\"ReadAction\",\"target\":[\"https:\/\/espanola.lt\/produktas\/traskus-migdolu-turronas-75g\/\"]}]},{\"@type\":\"ImageObject\",\"inLanguage\":\"en-US\",\"@id\":\"https:\/\/espanola.lt\/produktas\/traskus-migdolu-turronas-75g\/#primaryimage\",\"url\":\"https:\/\/espanola.lt\/wp-content\/uploads\/2025\/11\/87465-87699-3D-CRUNCHY-ALMOND-TURRON-75G.png\",\"contentUrl\":\"https:\/\/espanola.lt\/wp-content\/uploads\/2025\/11\/87465-87699-3D-CRUNCHY-ALMOND-TURRON-75G.png\",\"width\":4800,\"height\":4800},{\"@type\":\"BreadcrumbList\",\"@id\":\"https:\/\/espanola.lt\/produktas\/traskus-migdolu-turronas-75g\/#breadcrumb\",\"itemListElement\":[{\"@type\":\"ListItem\",\"position\":1,\"name\":\"Home\",\"item\":\"https:\/\/espanola.lt\/en\/homepage\/\"},{\"@type\":\"ListItem\",\"position\":2,\"name\":\"Shop\",\"item\":\"https:\/\/espanola.lt\/en\/shop\/\"},{\"@type\":\"ListItem\",\"position\":3,\"name\":\"Tra\u0161kus migdol\u0173 turronas 75g.\"}]},{\"@type\":\"WebSite\",\"@id\":\"https:\/\/espanola.lt\/#website\",\"url\":\"https:\/\/espanola.lt\/\",\"name\":\"Espanola.lt | Tikras Ispanijos skonis \u2013 J\u016bs\u0173 namuose!\",\"description\":\"\",\"publisher\":{\"@id\":\"https:\/\/espanola.lt\/#organization\"},\"potentialAction\":[{\"@type\":\"SearchAction\",\"target\":{\"@type\":\"EntryPoint\",\"urlTemplate\":\"https:\/\/espanola.lt\/?s={search_term_string}\"},\"query-input\":{\"@type\":\"PropertyValueSpecification\",\"valueRequired\":true,\"valueName\":\"search_term_string\"}}],\"inLanguage\":\"en-US\"},{\"@type\":\"Organization\",\"@id\":\"https:\/\/espanola.lt\/#organization\",\"name\":\"Espanola.lt\",\"url\":\"https:\/\/espanola.lt\/\",\"logo\":{\"@type\":\"ImageObject\",\"inLanguage\":\"en-US\",\"@id\":\"https:\/\/espanola.lt\/#\/schema\/logo\/image\/\",\"url\":\"https:\/\/espanola.lt\/wp-content\/uploads\/2023\/03\/notext_color.png\",\"contentUrl\":\"https:\/\/espanola.lt\/wp-content\/uploads\/2023\/03\/notext_color.png\",\"width\":916,\"height\":204,\"caption\":\"Espanola.lt\"},\"image\":{\"@id\":\"https:\/\/espanola.lt\/#\/schema\/logo\/image\/\"},\"sameAs\":[\"https:\/\/www.facebook.com\/espanola.lt\",\"https:\/\/www.instagram.com\/espanola.lt\/\"]}]}<\/script>\n<!-- \/ Yoast SEO plugin. -->","yoast_head_json":{"title":"Tra\u0161kus migdol\u0173 turronas 75g. | Espanola.lt","description":"Atraskite auk\u0161tos kokyb\u0117s ispani\u0161kus delikatesus \u2013 s\u016brius, kumpius, alyvuoges ir \u017euv\u012f. Tikras Ispanijos skonis tiesiai \u012f j\u016bs\u0173 namus.","robots":{"index":"index","follow":"follow","max-snippet":"max-snippet:-1","max-image-preview":"max-image-preview:large","max-video-preview":"max-video-preview:-1"},"canonical":"https:\/\/espanola.lt\/produktas\/traskus-migdolu-turronas-75g\/","og_locale":"en_US","og_type":"article","og_title":"Tra\u0161kus migdol\u0173 turronas 75g. | Espanola.lt","og_description":"Atraskite auk\u0161tos kokyb\u0117s ispani\u0161kus delikatesus \u2013 s\u016brius, kumpius, alyvuoges ir \u017euv\u012f. Tikras Ispanijos skonis tiesiai \u012f j\u016bs\u0173 namus.","og_url":"https:\/\/espanola.lt\/produktas\/traskus-migdolu-turronas-75g\/","og_site_name":"Espanola","article_publisher":"https:\/\/www.facebook.com\/espanola.lt","article_modified_time":"2026-04-15T17:42:41+00:00","og_image":[{"width":1024,"height":1024,"url":"https:\/\/espanola.lt\/wp-content\/uploads\/2025\/11\/87465-87699-3D-CRUNCHY-ALMOND-TURRON-75G-1024x1024.png","type":"image\/png"}],"twitter_card":"summary_large_image","twitter_misc":{"Est. reading time":"1 minute"},"schema":{"@context":"https:\/\/schema.org","@graph":[{"@type":"WebPage","@id":"https:\/\/espanola.lt\/produktas\/traskus-migdolu-turronas-75g\/","url":"https:\/\/espanola.lt\/produktas\/traskus-migdolu-turronas-75g\/","name":"Tra\u0161kus migdol\u0173 turronas 75g. | Espanola.lt","isPartOf":{"@id":"https:\/\/espanola.lt\/#website"},"primaryImageOfPage":{"@id":"https:\/\/espanola.lt\/produktas\/traskus-migdolu-turronas-75g\/#primaryimage"},"image":{"@id":"https:\/\/espanola.lt\/produktas\/traskus-migdolu-turronas-75g\/#primaryimage"},"thumbnailUrl":"https:\/\/espanola.lt\/wp-content\/uploads\/2025\/11\/87465-87699-3D-CRUNCHY-ALMOND-TURRON-75G.png","datePublished":"2025-11-17T13:11:37+00:00","dateModified":"2026-04-15T17:42:41+00:00","description":"Atraskite auk\u0161tos kokyb\u0117s ispani\u0161kus delikatesus \u2013 s\u016brius, kumpius, alyvuoges ir \u017euv\u012f. Tikras Ispanijos skonis tiesiai \u012f j\u016bs\u0173 namus.","breadcrumb":{"@id":"https:\/\/espanola.lt\/produktas\/traskus-migdolu-turronas-75g\/#breadcrumb"},"inLanguage":"en-US","potentialAction":[{"@type":"ReadAction","target":["https:\/\/espanola.lt\/produktas\/traskus-migdolu-turronas-75g\/"]}]},{"@type":"ImageObject","inLanguage":"en-US","@id":"https:\/\/espanola.lt\/produktas\/traskus-migdolu-turronas-75g\/#primaryimage","url":"https:\/\/espanola.lt\/wp-content\/uploads\/2025\/11\/87465-87699-3D-CRUNCHY-ALMOND-TURRON-75G.png","contentUrl":"https:\/\/espanola.lt\/wp-content\/uploads\/2025\/11\/87465-87699-3D-CRUNCHY-ALMOND-TURRON-75G.png","width":4800,"height":4800},{"@type":"BreadcrumbList","@id":"https:\/\/espanola.lt\/produktas\/traskus-migdolu-turronas-75g\/#breadcrumb","itemListElement":[{"@type":"ListItem","position":1,"name":"Home","item":"https:\/\/espanola.lt\/en\/homepage\/"},{"@type":"ListItem","position":2,"name":"Shop","item":"https:\/\/espanola.lt\/en\/shop\/"},{"@type":"ListItem","position":3,"name":"Tra\u0161kus migdol\u0173 turronas 75g."}]},{"@type":"WebSite","@id":"https:\/\/espanola.lt\/#website","url":"https:\/\/espanola.lt\/","name":"Espanola.lt | Tikras Ispanijos skonis \u2013 J\u016bs\u0173 namuose!","description":"","publisher":{"@id":"https:\/\/espanola.lt\/#organization"},"potentialAction":[{"@type":"SearchAction","target":{"@type":"EntryPoint","urlTemplate":"https:\/\/espanola.lt\/?s={search_term_string}"},"query-input":{"@type":"PropertyValueSpecification","valueRequired":true,"valueName":"search_term_string"}}],"inLanguage":"en-US"},{"@type":"Organization","@id":"https:\/\/espanola.lt\/#organization","name":"Espanola.lt","url":"https:\/\/espanola.lt\/","logo":{"@type":"ImageObject","inLanguage":"en-US","@id":"https:\/\/espanola.lt\/#\/schema\/logo\/image\/","url":"https:\/\/espanola.lt\/wp-content\/uploads\/2023\/03\/notext_color.png","contentUrl":"https:\/\/espanola.lt\/wp-content\/uploads\/2023\/03\/notext_color.png","width":916,"height":204,"caption":"Espanola.lt"},"image":{"@id":"https:\/\/espanola.lt\/#\/schema\/logo\/image\/"},"sameAs":["https:\/\/www.facebook.com\/espanola.lt","https:\/\/www.instagram.com\/espanola.lt\/"]}]}},"_links":{"self":[{"href":"https:\/\/espanola.lt\/en\/wp-json\/wp\/v2\/product\/26436"}],"collection":[{"href":"https:\/\/espanola.lt\/en\/wp-json\/wp\/v2\/product"}],"about":[{"href":"https:\/\/espanola.lt\/en\/wp-json\/wp\/v2\/types\/product"}],"version-history":[{"count":2,"href":"https:\/\/espanola.lt\/en\/wp-json\/wp\/v2\/product\/26436\/revisions"}],"predecessor-version":[{"id":26440,"href":"https:\/\/espanola.lt\/en\/wp-json\/wp\/v2\/product\/26436\/revisions\/26440"}],"wp:featuredmedia":[{"embeddable":true,"href":"https:\/\/espanola.lt\/en\/wp-json\/wp\/v2\/media\/26437"}],"wp:attachment":[{"href":"https:\/\/espanola.lt\/en\/wp-json\/wp\/v2\/media?parent=26436"}],"wp:term":[{"taxonomy":"product_brand","embeddable":true,"href":"https:\/\/espanola.lt\/en\/wp-json\/wp\/v2\/product_brand?post=26436"},{"taxonomy":"product_cat","embeddable":true,"href":"https:\/\/espanola.lt\/en\/wp-json\/wp\/v2\/product_cat?post=26436"},{"taxonomy":"product_tag","embeddable":true,"href":"https:\/\/espanola.lt\/en\/wp-json\/wp\/v2\/product_tag?post=26436"}],"curies":[{"name":"wp","href":"https:\/\/api.w.org\/{rel}","templated":true}]}}