{"id":26432,"date":"2025-11-17T13:05:04","date_gmt":"2025-11-17T13:05:04","guid":{"rendered":"https:\/\/espanola.lt\/?post_type=product&#038;p=26432"},"modified":"2025-11-26T09:36:33","modified_gmt":"2025-11-26T09:36:33","slug":"turonu-rinkinys-dovanu-dezuteje-225g","status":"publish","type":"product","link":"https:\/\/espanola.lt\/en\/produktas\/turonu-rinkinys-dovanu-dezuteje-225g\/","title":{"rendered":"Turon\u0173 rinkinys dovan\u0173 d\u0117\u017eut\u0117je 225g."},"content":{"rendered":"<h2 data-start=\"102\" data-end=\"135\">Rinkin\u012f sudaro:<\/h2>\n<h2 data-start=\"102\" data-end=\"135\"><strong data-start=\"105\" data-end=\"133\">Tra\u0161kus migdol\u0173 turronas<\/strong><\/h2>\n<p data-start=\"136\" data-end=\"398\"><strong data-start=\"136\" data-end=\"159\">Sudedamosios dalys:<\/strong><br data-start=\"159\" data-end=\"162\" \/>Migdolai (ES ir ne ES) 60 %, cukrus, medus, vafliai (bulvi\u0173 krakmolas ir saul\u0117gr\u0105\u017e\u0173 aliejus) ir kiau\u0161ini\u0173 baltymai.<br data-start=\"277\" data-end=\"280\" \/>Gali b\u016bti soj\u0173, \u017eem\u0117s rie\u0161ut\u0173, sezamo, pieno ir kit\u0173 rie\u0161ut\u0173 (lazdyn\u0173 ir graikini\u0173 rie\u0161ut\u0173) p\u0117dsak\u0173.<br data-start=\"380\" data-end=\"383\" \/><strong data-start=\"383\" data-end=\"398\">Be glitimo.<\/strong><\/p>\n<p data-start=\"400\" data-end=\"433\"><strong data-start=\"400\" data-end=\"418\">Grynas svoris:<\/strong> 75 g (2.64 oz)<\/p>\n<h3 data-start=\"435\" data-end=\"497\"><strong data-start=\"439\" data-end=\"457\">Maistin\u0117 vert\u0117<\/strong> <em data-start=\"458\" data-end=\"495\">(vidutin\u0117s reik\u0161m\u0117s 100 g produkto)<\/em><\/h3>\n<ul data-start=\"498\" data-end=\"732\">\n<li data-start=\"498\" data-end=\"540\">\n<p data-start=\"500\" data-end=\"540\">Energin\u0117 vert\u0117: <strong data-start=\"516\" data-end=\"538\">2345 kJ \/ 563 kcal<\/strong><\/p>\n<\/li>\n<li data-start=\"541\" data-end=\"603\">\n<p data-start=\"543\" data-end=\"603\">Riebalai: <strong data-start=\"553\" data-end=\"561\">35 g<\/strong>, i\u0161 j\u0173 so\u010di\u0173j\u0173 riebal\u0173 r\u016bg\u0161\u010di\u0173: <strong data-start=\"594\" data-end=\"601\">4 g<\/strong><\/p>\n<\/li>\n<li data-start=\"604\" data-end=\"656\">\n<p data-start=\"606\" data-end=\"656\">Angliavandeniai: <strong data-start=\"623\" data-end=\"631\">45 g<\/strong>, i\u0161 j\u0173 cukr\u0173: <strong data-start=\"646\" data-end=\"654\">38 g<\/strong><\/p>\n<\/li>\n<li data-start=\"657\" data-end=\"691\">\n<p data-start=\"659\" data-end=\"691\">Skaidulin\u0117s med\u017eiagos: <strong data-start=\"682\" data-end=\"689\">8 g<\/strong><\/p>\n<\/li>\n<li data-start=\"692\" data-end=\"714\">\n<p data-start=\"694\" data-end=\"714\">Baltymai: <strong data-start=\"704\" data-end=\"712\">13 g<\/strong><\/p>\n<\/li>\n<li data-start=\"715\" data-end=\"732\">\n<p data-start=\"717\" data-end=\"732\">Druska: <strong data-start=\"725\" data-end=\"732\">0 g<\/strong><\/p>\n<\/li>\n<\/ul>\n<hr data-start=\"734\" data-end=\"737\" \/>\n<h2 data-start=\"739\" data-end=\"793\"><strong data-start=\"742\" data-end=\"791\">Migdol\u0173-karamel\u0117s turronas su sezamo s\u0117klomis<\/strong><\/h2>\n<p data-start=\"794\" data-end=\"1088\"><strong data-start=\"794\" data-end=\"817\">Sudedamosios dalys:<\/strong><br data-start=\"817\" data-end=\"820\" \/>Atrinkti ir skrudinti migdolai su odele (ES ir ne ES) 53 %, cukrus, medus, sezamo s\u0117klos 7 %, gliukoz\u0117s sirupas ir vafliai (bulvi\u0173 krakmolas, saul\u0117gr\u0105\u017e\u0173 aliejus).<br data-start=\"982\" data-end=\"985\" \/>Gali b\u016bti soj\u0173, \u017eem\u0117s rie\u0161ut\u0173, pieno, kiau\u0161ini\u0173 ir kit\u0173 rie\u0161ut\u0173 (lazdyn\u0173 ir graikini\u0173 rie\u0161ut\u0173) p\u0117dsak\u0173.<\/p>\n<p data-start=\"1090\" data-end=\"1123\"><strong data-start=\"1090\" data-end=\"1108\">Grynas svoris:<\/strong> 75 g (2.64 oz)<\/p>\n<h3 data-start=\"1125\" data-end=\"1187\"><strong data-start=\"1129\" data-end=\"1147\">Maistin\u0117 vert\u0117<\/strong> <em data-start=\"1148\" data-end=\"1185\">(vidutin\u0117s reik\u0161m\u0117s 100 g produkto)<\/em><\/h3>\n<ul data-start=\"1188\" data-end=\"1422\">\n<li data-start=\"1188\" data-end=\"1230\">\n<p data-start=\"1190\" data-end=\"1230\">Energin\u0117 vert\u0117: <strong data-start=\"1206\" data-end=\"1228\">2175 kJ \/ 522 kcal<\/strong><\/p>\n<\/li>\n<li data-start=\"1231\" data-end=\"1293\">\n<p data-start=\"1233\" data-end=\"1293\">Riebalai: <strong data-start=\"1243\" data-end=\"1251\">32 g<\/strong>, i\u0161 j\u0173 so\u010di\u0173j\u0173 riebal\u0173 r\u016bg\u0161\u010di\u0173: <strong data-start=\"1284\" data-end=\"1291\">4 g<\/strong><\/p>\n<\/li>\n<li data-start=\"1294\" data-end=\"1346\">\n<p data-start=\"1296\" data-end=\"1346\">Angliavandeniai: <strong data-start=\"1313\" data-end=\"1321\">45 g<\/strong>, i\u0161 j\u0173 cukr\u0173: <strong data-start=\"1336\" data-end=\"1344\">38 g<\/strong><\/p>\n<\/li>\n<li data-start=\"1347\" data-end=\"1381\">\n<p data-start=\"1349\" data-end=\"1381\">Skaidulin\u0117s med\u017eiagos: <strong data-start=\"1372\" data-end=\"1379\">7 g<\/strong><\/p>\n<\/li>\n<li data-start=\"1382\" data-end=\"1404\">\n<p data-start=\"1384\" data-end=\"1404\">Baltymai: <strong data-start=\"1394\" data-end=\"1402\">10 g<\/strong><\/p>\n<\/li>\n<li data-start=\"1405\" data-end=\"1422\">\n<p data-start=\"1407\" data-end=\"1422\">Druska: <strong data-start=\"1415\" data-end=\"1422\">0 g<\/strong><\/p>\n<\/li>\n<\/ul>\n<hr data-start=\"1424\" data-end=\"1427\" \/>\n<h2 data-start=\"1429\" data-end=\"1479\"><strong data-start=\"1432\" data-end=\"1477\">J\u016bros druska pagardintas migdol\u0173 turronas<\/strong><\/h2>\n<p data-start=\"1480\" data-end=\"1698\"><strong data-start=\"1480\" data-end=\"1503\">Sudedamosios dalys:<\/strong><br data-start=\"1503\" data-end=\"1506\" \/>Migdolai (ES ir ne ES) 60 %, cukrus, medus, vafliai (bulvi\u0173 krakmolas ir saul\u0117gr\u0105\u017e\u0173 aliejus) ir druska 0,7 %.<br data-start=\"1615\" data-end=\"1618\" \/>Gali b\u016bti soj\u0173, \u017eem\u0117s rie\u0161ut\u0173, sezamo, kiau\u0161ini\u0173, pieno ir kit\u0173 rie\u0161ut\u0173 p\u0117dsak\u0173.<\/p>\n<p data-start=\"1700\" data-end=\"1733\"><strong data-start=\"1700\" data-end=\"1718\">Grynas svoris:<\/strong> 75 g (2.64 oz)<\/p>\n<h3 data-start=\"1735\" data-end=\"1797\"><strong data-start=\"1739\" data-end=\"1757\">Maistin\u0117 vert\u0117<\/strong> <em data-start=\"1758\" data-end=\"1795\">(vidutin\u0117s reik\u0161m\u0117s 100 g produkto)<\/em><\/h3>\n<ul data-start=\"1798\" data-end=\"2032\">\n<li data-start=\"1798\" data-end=\"1840\">\n<p data-start=\"1800\" data-end=\"1840\">Energin\u0117 vert\u0117: <strong data-start=\"1816\" data-end=\"1838\">2337 kJ \/ 561 kcal<\/strong><\/p>\n<\/li>\n<li data-start=\"1841\" data-end=\"1903\">\n<p data-start=\"1843\" data-end=\"1903\">Riebalai: <strong data-start=\"1853\" data-end=\"1861\">35 g<\/strong>, i\u0161 j\u0173 so\u010di\u0173j\u0173 riebal\u0173 r\u016bg\u0161\u010di\u0173: <strong data-start=\"1894\" data-end=\"1901\">4 g<\/strong><\/p>\n<\/li>\n<li data-start=\"1904\" data-end=\"1956\">\n<p data-start=\"1906\" data-end=\"1956\">Angliavandeniai: <strong data-start=\"1923\" data-end=\"1931\">45 g<\/strong>, i\u0161 j\u0173 cukr\u0173: <strong data-start=\"1946\" data-end=\"1954\">38 g<\/strong><\/p>\n<\/li>\n<li data-start=\"1957\" data-end=\"1991\">\n<p data-start=\"1959\" data-end=\"1991\">Skaidulin\u0117s med\u017eiagos: <strong data-start=\"1982\" data-end=\"1989\">7 g<\/strong><\/p>\n<\/li>\n<li data-start=\"1992\" data-end=\"2014\">\n<p data-start=\"1994\" data-end=\"2014\">Baltymai: <strong data-start=\"2004\" data-end=\"2012\">10 g<\/strong><\/p>\n<\/li>\n<li data-start=\"2015\" data-end=\"2032\">\n<p data-start=\"2017\" data-end=\"2032\">Druska: <strong data-start=\"2025\" data-end=\"2032\">0 g<\/strong><\/p>\n<\/li>\n<\/ul>\n<hr data-start=\"2034\" data-end=\"2037\" \/>\n<h2 data-start=\"2039\" data-end=\"2067\"><strong data-start=\"2042\" data-end=\"2067\">Papildoma informacija<\/strong><\/h2>\n<p data-start=\"2069\" data-end=\"2168\"><strong data-start=\"2069\" data-end=\"2084\">Gamintojas:<\/strong><br data-start=\"2084\" data-end=\"2087\" \/>DELAVIUDA ALIMENTACI\u00d3N S.A.U.,<br data-start=\"2117\" data-end=\"2120\" \/>Santa Mar\u00eda 4, 45100 Sonseca (Toledo), Ispanija.<\/p>\n<p data-start=\"2170\" data-end=\"2241\"><strong data-start=\"2170\" data-end=\"2208\">Geriausias iki \/ partijos numeris:<\/strong><br data-start=\"2208\" data-end=\"2211\" \/>Nurodyta ant pakuot\u0117s apa\u010dios.<\/p>\n<p data-start=\"2243\" data-end=\"2372\"><strong data-start=\"2243\" data-end=\"2256\">Laikymas:<\/strong><br data-start=\"2256\" data-end=\"2259\" \/>Laikyti v\u0117sioje, sausoje vietoje.<br data-start=\"2292\" data-end=\"2295\" \/>Maksimali temperat\u016bra: <strong data-start=\"2318\" data-end=\"2327\">20 \u00b0C<\/strong>.<br data-start=\"2328\" data-end=\"2331\" \/>Maksimali santykin\u0117 oro dr\u0117gm\u0117: <strong data-start=\"2363\" data-end=\"2371\">65 %<\/strong>.<\/p>\n","protected":false},"excerpt":{"rendered":"<p>Rinkin\u012f sudaro: Tra\u0161kus migdol\u0173 turronas Sudedamosios dalys:Migdolai (ES ir ne ES) 60 %, cukrus, medus, vafliai (bulvi\u0173 krakmolas ir saul\u0117gr\u0105\u017e\u0173 aliejus) ir kiau\u0161ini\u0173 baltymai.Gali b\u016bti soj\u0173, \u017eem\u0117s rie\u0161ut\u0173, sezamo, pieno ir kit\u0173 rie\u0161ut\u0173 (lazdyn\u0173 ir graikini\u0173 rie\u0161ut\u0173) p\u0117dsak\u0173.Be glitimo. Grynas svoris: 75 g (2.64 oz) Maistin\u0117 vert\u0117 (vidutin\u0117s reik\u0161m\u0117s 100 g produkto) Energin\u0117 vert\u0117: 2345 kJ \/ 563 kcal Riebalai: 35 g, i\u0161 j\u0173 so\u010di\u0173j\u0173 riebal\u0173 r\u016bg\u0161\u010di\u0173: 4 g Angliavandeniai: 45 g, i\u0161 j\u0173 cukr\u0173: 38 g Skaidulin\u0117s med\u017eiagos: 8 g Baltymai: 13 g Druska: 0 g Migdol\u0173-karamel\u0117s turronas su sezamo s\u0117klomis Sudedamosios dalys:Atrinkti ir skrudinti migdolai su odele (ES ir ne ES) 53 %, cukrus, medus, sezamo s\u0117klos 7 %, gliukoz\u0117s sirupas ir vafliai (bulvi\u0173 krakmolas, saul\u0117gr\u0105\u017e\u0173 aliejus).Gali b\u016bti soj\u0173, \u017eem\u0117s rie\u0161ut\u0173, pieno, kiau\u0161ini\u0173 ir kit\u0173 rie\u0161ut\u0173 (lazdyn\u0173 ir graikini\u0173 rie\u0161ut\u0173) p\u0117dsak\u0173. Grynas svoris: 75 g (2.64 oz) Maistin\u0117 vert\u0117 (vidutin\u0117s reik\u0161m\u0117s 100 g produkto) Energin\u0117 vert\u0117: 2175 kJ \/ 522 kcal Riebalai: 32 g, i\u0161 j\u0173 so\u010di\u0173j\u0173 riebal\u0173 r\u016bg\u0161\u010di\u0173: 4 g Angliavandeniai: 45 g, i\u0161 j\u0173 cukr\u0173: 38 g Skaidulin\u0117s med\u017eiagos: 7 g Baltymai: 10 g Druska: 0 g J\u016bros druska pagardintas migdol\u0173 turronas Sudedamosios dalys:Migdolai (ES ir ne ES) 60 %, cukrus, medus, vafliai (bulvi\u0173 krakmolas ir saul\u0117gr\u0105\u017e\u0173 aliejus) ir druska 0,7 %.Gali b\u016bti soj\u0173, \u017eem\u0117s rie\u0161ut\u0173, sezamo, kiau\u0161ini\u0173, pieno ir kit\u0173 rie\u0161ut\u0173 p\u0117dsak\u0173. Grynas svoris: 75 g (2.64 oz) Maistin\u0117 vert\u0117 (vidutin\u0117s reik\u0161m\u0117s 100 g produkto) Energin\u0117 vert\u0117: 2337 kJ \/ 561 kcal Riebalai: 35 g, i\u0161 j\u0173 so\u010di\u0173j\u0173 riebal\u0173 r\u016bg\u0161\u010di\u0173: 4 g Angliavandeniai: 45 g, i\u0161 j\u0173 cukr\u0173: 38 g Skaidulin\u0117s med\u017eiagos: 7 g Baltymai: 10 g Druska: 0 g Papildoma informacija Gamintojas:DELAVIUDA ALIMENTACI\u00d3N S.A.U.,Santa Mar\u00eda 4, 45100 Sonseca (Toledo), Ispanija. Geriausias iki \/ partijos numeris:Nurodyta ant pakuot\u0117s apa\u010dios. Laikymas:Laikyti v\u0117sioje, sausoje vietoje.Maksimali temperat\u016bra: 20 \u00b0C.Maksimali santykin\u0117 oro dr\u0117gm\u0117: 65 %.<\/p>\n","protected":false},"featured_media":26433,"template":"","meta":[],"product_brand":[],"product_cat":[116,138,131],"product_tag":[],"class_list":{"0":"post-26432","1":"product","2":"type-product","3":"status-publish","4":"has-post-thumbnail","6":"product_cat-mazmenine-2","7":"product_cat-dovanu-rinkiniai-2","8":"product_cat-saldumynai","10":"first","11":"outofstock","12":"shipping-taxable","13":"purchasable","14":"product-type-simple"},"yoast_head":"<!-- This site is optimized with the Yoast SEO plugin v23.7 - https:\/\/yoast.com\/wordpress\/plugins\/seo\/ -->\n<title>Turon\u0173 rinkinys dovan\u0173 d\u0117\u017eut\u0117je 225g. | Espanola.lt<\/title>\n<meta name=\"description\" content=\"Atraskite auk\u0161tos kokyb\u0117s ispani\u0161kus delikatesus \u2013 s\u016brius, kumpius, alyvuoges ir \u017euv\u012f. Tikras Ispanijos skonis tiesiai \u012f j\u016bs\u0173 namus.\" \/>\n<meta name=\"robots\" content=\"index, follow, max-snippet:-1, max-image-preview:large, max-video-preview:-1\" \/>\n<link rel=\"canonical\" href=\"https:\/\/espanola.lt\/produktas\/turonu-rinkinys-dovanu-dezuteje-225g\/\" \/>\n<meta property=\"og:locale\" content=\"en_US\" \/>\n<meta property=\"og:type\" content=\"article\" \/>\n<meta property=\"og:title\" content=\"Turon\u0173 rinkinys dovan\u0173 d\u0117\u017eut\u0117je 225g. | Espanola.lt\" \/>\n<meta property=\"og:description\" content=\"Atraskite auk\u0161tos kokyb\u0117s ispani\u0161kus delikatesus \u2013 s\u016brius, kumpius, alyvuoges ir \u017euv\u012f. Tikras Ispanijos skonis tiesiai \u012f j\u016bs\u0173 namus.\" \/>\n<meta property=\"og:url\" content=\"https:\/\/espanola.lt\/produktas\/turonu-rinkinys-dovanu-dezuteje-225g\/\" \/>\n<meta property=\"og:site_name\" content=\"Espanola\" \/>\n<meta property=\"article:publisher\" content=\"https:\/\/www.facebook.com\/espanola.lt\" \/>\n<meta property=\"article:modified_time\" content=\"2025-11-26T09:36:33+00:00\" \/>\n<meta property=\"og:image\" content=\"https:\/\/espanola.lt\/wp-content\/uploads\/2025\/11\/87475-85544-3D-TURRON-GIFT-PACK-225G-1024x1024.png\" \/>\n\t<meta property=\"og:image:width\" content=\"1024\" \/>\n\t<meta property=\"og:image:height\" content=\"1024\" \/>\n\t<meta property=\"og:image:type\" content=\"image\/png\" \/>\n<meta name=\"twitter:card\" content=\"summary_large_image\" \/>\n<meta name=\"twitter:label1\" content=\"Est. reading time\" \/>\n\t<meta name=\"twitter:data1\" content=\"2 minutes\" \/>\n<script type=\"application\/ld+json\" class=\"yoast-schema-graph\">{\"@context\":\"https:\/\/schema.org\",\"@graph\":[{\"@type\":\"WebPage\",\"@id\":\"https:\/\/espanola.lt\/produktas\/turonu-rinkinys-dovanu-dezuteje-225g\/\",\"url\":\"https:\/\/espanola.lt\/produktas\/turonu-rinkinys-dovanu-dezuteje-225g\/\",\"name\":\"Turon\u0173 rinkinys dovan\u0173 d\u0117\u017eut\u0117je 225g. | Espanola.lt\",\"isPartOf\":{\"@id\":\"https:\/\/espanola.lt\/#website\"},\"primaryImageOfPage\":{\"@id\":\"https:\/\/espanola.lt\/produktas\/turonu-rinkinys-dovanu-dezuteje-225g\/#primaryimage\"},\"image\":{\"@id\":\"https:\/\/espanola.lt\/produktas\/turonu-rinkinys-dovanu-dezuteje-225g\/#primaryimage\"},\"thumbnailUrl\":\"https:\/\/espanola.lt\/wp-content\/uploads\/2025\/11\/87475-85544-3D-TURRON-GIFT-PACK-225G.png\",\"datePublished\":\"2025-11-17T13:05:04+00:00\",\"dateModified\":\"2025-11-26T09:36:33+00:00\",\"description\":\"Atraskite auk\u0161tos kokyb\u0117s ispani\u0161kus delikatesus \u2013 s\u016brius, kumpius, alyvuoges ir \u017euv\u012f. Tikras Ispanijos skonis tiesiai \u012f j\u016bs\u0173 namus.\",\"breadcrumb\":{\"@id\":\"https:\/\/espanola.lt\/produktas\/turonu-rinkinys-dovanu-dezuteje-225g\/#breadcrumb\"},\"inLanguage\":\"en-US\",\"potentialAction\":[{\"@type\":\"ReadAction\",\"target\":[\"https:\/\/espanola.lt\/produktas\/turonu-rinkinys-dovanu-dezuteje-225g\/\"]}]},{\"@type\":\"ImageObject\",\"inLanguage\":\"en-US\",\"@id\":\"https:\/\/espanola.lt\/produktas\/turonu-rinkinys-dovanu-dezuteje-225g\/#primaryimage\",\"url\":\"https:\/\/espanola.lt\/wp-content\/uploads\/2025\/11\/87475-85544-3D-TURRON-GIFT-PACK-225G.png\",\"contentUrl\":\"https:\/\/espanola.lt\/wp-content\/uploads\/2025\/11\/87475-85544-3D-TURRON-GIFT-PACK-225G.png\",\"width\":4800,\"height\":4800},{\"@type\":\"BreadcrumbList\",\"@id\":\"https:\/\/espanola.lt\/produktas\/turonu-rinkinys-dovanu-dezuteje-225g\/#breadcrumb\",\"itemListElement\":[{\"@type\":\"ListItem\",\"position\":1,\"name\":\"Home\",\"item\":\"https:\/\/espanola.lt\/en\/homepage\/\"},{\"@type\":\"ListItem\",\"position\":2,\"name\":\"Shop\",\"item\":\"https:\/\/espanola.lt\/en\/shop\/\"},{\"@type\":\"ListItem\",\"position\":3,\"name\":\"Turon\u0173 rinkinys dovan\u0173 d\u0117\u017eut\u0117je 225g.\"}]},{\"@type\":\"WebSite\",\"@id\":\"https:\/\/espanola.lt\/#website\",\"url\":\"https:\/\/espanola.lt\/\",\"name\":\"Espanola.lt | Tikras Ispanijos skonis \u2013 J\u016bs\u0173 namuose!\",\"description\":\"\",\"publisher\":{\"@id\":\"https:\/\/espanola.lt\/#organization\"},\"potentialAction\":[{\"@type\":\"SearchAction\",\"target\":{\"@type\":\"EntryPoint\",\"urlTemplate\":\"https:\/\/espanola.lt\/?s={search_term_string}\"},\"query-input\":{\"@type\":\"PropertyValueSpecification\",\"valueRequired\":true,\"valueName\":\"search_term_string\"}}],\"inLanguage\":\"en-US\"},{\"@type\":\"Organization\",\"@id\":\"https:\/\/espanola.lt\/#organization\",\"name\":\"Espanola.lt\",\"url\":\"https:\/\/espanola.lt\/\",\"logo\":{\"@type\":\"ImageObject\",\"inLanguage\":\"en-US\",\"@id\":\"https:\/\/espanola.lt\/#\/schema\/logo\/image\/\",\"url\":\"https:\/\/espanola.lt\/wp-content\/uploads\/2023\/03\/notext_color.png\",\"contentUrl\":\"https:\/\/espanola.lt\/wp-content\/uploads\/2023\/03\/notext_color.png\",\"width\":916,\"height\":204,\"caption\":\"Espanola.lt\"},\"image\":{\"@id\":\"https:\/\/espanola.lt\/#\/schema\/logo\/image\/\"},\"sameAs\":[\"https:\/\/www.facebook.com\/espanola.lt\",\"https:\/\/www.instagram.com\/espanola.lt\/\"]}]}<\/script>\n<!-- \/ Yoast SEO plugin. -->","yoast_head_json":{"title":"Turon\u0173 rinkinys dovan\u0173 d\u0117\u017eut\u0117je 225g. | Espanola.lt","description":"Atraskite auk\u0161tos kokyb\u0117s ispani\u0161kus delikatesus \u2013 s\u016brius, kumpius, alyvuoges ir \u017euv\u012f. Tikras Ispanijos skonis tiesiai \u012f j\u016bs\u0173 namus.","robots":{"index":"index","follow":"follow","max-snippet":"max-snippet:-1","max-image-preview":"max-image-preview:large","max-video-preview":"max-video-preview:-1"},"canonical":"https:\/\/espanola.lt\/produktas\/turonu-rinkinys-dovanu-dezuteje-225g\/","og_locale":"en_US","og_type":"article","og_title":"Turon\u0173 rinkinys dovan\u0173 d\u0117\u017eut\u0117je 225g. | Espanola.lt","og_description":"Atraskite auk\u0161tos kokyb\u0117s ispani\u0161kus delikatesus \u2013 s\u016brius, kumpius, alyvuoges ir \u017euv\u012f. Tikras Ispanijos skonis tiesiai \u012f j\u016bs\u0173 namus.","og_url":"https:\/\/espanola.lt\/produktas\/turonu-rinkinys-dovanu-dezuteje-225g\/","og_site_name":"Espanola","article_publisher":"https:\/\/www.facebook.com\/espanola.lt","article_modified_time":"2025-11-26T09:36:33+00:00","og_image":[{"width":1024,"height":1024,"url":"https:\/\/espanola.lt\/wp-content\/uploads\/2025\/11\/87475-85544-3D-TURRON-GIFT-PACK-225G-1024x1024.png","type":"image\/png"}],"twitter_card":"summary_large_image","twitter_misc":{"Est. reading time":"2 minutes"},"schema":{"@context":"https:\/\/schema.org","@graph":[{"@type":"WebPage","@id":"https:\/\/espanola.lt\/produktas\/turonu-rinkinys-dovanu-dezuteje-225g\/","url":"https:\/\/espanola.lt\/produktas\/turonu-rinkinys-dovanu-dezuteje-225g\/","name":"Turon\u0173 rinkinys dovan\u0173 d\u0117\u017eut\u0117je 225g. | Espanola.lt","isPartOf":{"@id":"https:\/\/espanola.lt\/#website"},"primaryImageOfPage":{"@id":"https:\/\/espanola.lt\/produktas\/turonu-rinkinys-dovanu-dezuteje-225g\/#primaryimage"},"image":{"@id":"https:\/\/espanola.lt\/produktas\/turonu-rinkinys-dovanu-dezuteje-225g\/#primaryimage"},"thumbnailUrl":"https:\/\/espanola.lt\/wp-content\/uploads\/2025\/11\/87475-85544-3D-TURRON-GIFT-PACK-225G.png","datePublished":"2025-11-17T13:05:04+00:00","dateModified":"2025-11-26T09:36:33+00:00","description":"Atraskite auk\u0161tos kokyb\u0117s ispani\u0161kus delikatesus \u2013 s\u016brius, kumpius, alyvuoges ir \u017euv\u012f. Tikras Ispanijos skonis tiesiai \u012f j\u016bs\u0173 namus.","breadcrumb":{"@id":"https:\/\/espanola.lt\/produktas\/turonu-rinkinys-dovanu-dezuteje-225g\/#breadcrumb"},"inLanguage":"en-US","potentialAction":[{"@type":"ReadAction","target":["https:\/\/espanola.lt\/produktas\/turonu-rinkinys-dovanu-dezuteje-225g\/"]}]},{"@type":"ImageObject","inLanguage":"en-US","@id":"https:\/\/espanola.lt\/produktas\/turonu-rinkinys-dovanu-dezuteje-225g\/#primaryimage","url":"https:\/\/espanola.lt\/wp-content\/uploads\/2025\/11\/87475-85544-3D-TURRON-GIFT-PACK-225G.png","contentUrl":"https:\/\/espanola.lt\/wp-content\/uploads\/2025\/11\/87475-85544-3D-TURRON-GIFT-PACK-225G.png","width":4800,"height":4800},{"@type":"BreadcrumbList","@id":"https:\/\/espanola.lt\/produktas\/turonu-rinkinys-dovanu-dezuteje-225g\/#breadcrumb","itemListElement":[{"@type":"ListItem","position":1,"name":"Home","item":"https:\/\/espanola.lt\/en\/homepage\/"},{"@type":"ListItem","position":2,"name":"Shop","item":"https:\/\/espanola.lt\/en\/shop\/"},{"@type":"ListItem","position":3,"name":"Turon\u0173 rinkinys dovan\u0173 d\u0117\u017eut\u0117je 225g."}]},{"@type":"WebSite","@id":"https:\/\/espanola.lt\/#website","url":"https:\/\/espanola.lt\/","name":"Espanola.lt | Tikras Ispanijos skonis \u2013 J\u016bs\u0173 namuose!","description":"","publisher":{"@id":"https:\/\/espanola.lt\/#organization"},"potentialAction":[{"@type":"SearchAction","target":{"@type":"EntryPoint","urlTemplate":"https:\/\/espanola.lt\/?s={search_term_string}"},"query-input":{"@type":"PropertyValueSpecification","valueRequired":true,"valueName":"search_term_string"}}],"inLanguage":"en-US"},{"@type":"Organization","@id":"https:\/\/espanola.lt\/#organization","name":"Espanola.lt","url":"https:\/\/espanola.lt\/","logo":{"@type":"ImageObject","inLanguage":"en-US","@id":"https:\/\/espanola.lt\/#\/schema\/logo\/image\/","url":"https:\/\/espanola.lt\/wp-content\/uploads\/2023\/03\/notext_color.png","contentUrl":"https:\/\/espanola.lt\/wp-content\/uploads\/2023\/03\/notext_color.png","width":916,"height":204,"caption":"Espanola.lt"},"image":{"@id":"https:\/\/espanola.lt\/#\/schema\/logo\/image\/"},"sameAs":["https:\/\/www.facebook.com\/espanola.lt","https:\/\/www.instagram.com\/espanola.lt\/"]}]}},"_links":{"self":[{"href":"https:\/\/espanola.lt\/en\/wp-json\/wp\/v2\/product\/26432"}],"collection":[{"href":"https:\/\/espanola.lt\/en\/wp-json\/wp\/v2\/product"}],"about":[{"href":"https:\/\/espanola.lt\/en\/wp-json\/wp\/v2\/types\/product"}],"version-history":[{"count":1,"href":"https:\/\/espanola.lt\/en\/wp-json\/wp\/v2\/product\/26432\/revisions"}],"predecessor-version":[{"id":26435,"href":"https:\/\/espanola.lt\/en\/wp-json\/wp\/v2\/product\/26432\/revisions\/26435"}],"wp:featuredmedia":[{"embeddable":true,"href":"https:\/\/espanola.lt\/en\/wp-json\/wp\/v2\/media\/26433"}],"wp:attachment":[{"href":"https:\/\/espanola.lt\/en\/wp-json\/wp\/v2\/media?parent=26432"}],"wp:term":[{"taxonomy":"product_brand","embeddable":true,"href":"https:\/\/espanola.lt\/en\/wp-json\/wp\/v2\/product_brand?post=26432"},{"taxonomy":"product_cat","embeddable":true,"href":"https:\/\/espanola.lt\/en\/wp-json\/wp\/v2\/product_cat?post=26432"},{"taxonomy":"product_tag","embeddable":true,"href":"https:\/\/espanola.lt\/en\/wp-json\/wp\/v2\/product_tag?post=26432"}],"curies":[{"name":"wp","href":"https:\/\/api.w.org\/{rel}","templated":true}]}}