{"id":26428,"date":"2025-11-17T12:54:39","date_gmt":"2025-11-17T12:54:39","guid":{"rendered":"https:\/\/espanola.lt\/?post_type=product&#038;p=26428"},"modified":"2025-11-20T14:12:38","modified_gmt":"2025-11-20T14:12:38","slug":"turronu-rinkinys-200g","status":"publish","type":"product","link":"https:\/\/espanola.lt\/en\/produktas\/turronu-rinkinys-200g\/","title":{"rendered":"Turron\u0173 rinkinys 200g."},"content":{"rendered":"<p>Rinkin\u012f sudaro:<\/p>\n<h3 data-start=\"152\" data-end=\"207\"><strong data-start=\"156\" data-end=\"205\">Migdol\u0173-karamel\u0117s turronas su sezamo s\u0117klomis<\/strong><\/h3>\n<p data-start=\"208\" data-end=\"502\"><strong data-start=\"208\" data-end=\"231\">Sudedamosios dalys:<\/strong><br data-start=\"231\" data-end=\"234\" \/>Atrinkti ir skrudinti migdolai su odele (ES ir ne ES) 53 %, cukrus, medus, sezamo s\u0117klos 7 %, gliukoz\u0117s sirupas ir vafliai (bulvi\u0173 krakmolas, saul\u0117gr\u0105\u017e\u0173 aliejus).<br data-start=\"396\" data-end=\"399\" \/>Gali b\u016bti soj\u0173, \u017eem\u0117s rie\u0161ut\u0173, kiau\u0161ini\u0173, pieno ir kit\u0173 rie\u0161ut\u0173 (lazdyn\u0173 ir graikini\u0173 rie\u0161ut\u0173) p\u0117dsak\u0173.<\/p>\n<h3 data-start=\"504\" data-end=\"538\"><strong data-start=\"508\" data-end=\"536\">Tra\u0161kus migdol\u0173 turronas<\/strong><\/h3>\n<p data-start=\"539\" data-end=\"781\"><strong data-start=\"539\" data-end=\"562\">Sudedamosios dalys:<\/strong><br data-start=\"562\" data-end=\"565\" \/>Migdolai (ES ir ne ES) 60 %, cukrus, medus, vafliai (bulvi\u0173 krakmolas, saul\u0117gr\u0105\u017e\u0173 aliejus) ir kiau\u0161ini\u0173 baltymai.<br data-start=\"678\" data-end=\"681\" \/>Gali b\u016bti soj\u0173, \u017eem\u0117s rie\u0161ut\u0173, sezamo, pieno ir kit\u0173 rie\u0161ut\u0173 (lazdyn\u0173 ir graikini\u0173 rie\u0161ut\u0173) p\u0117dsak\u0173.<\/p>\n<h3 data-start=\"783\" data-end=\"818\"><strong data-start=\"787\" data-end=\"816\">Migdol\u0173 crocanti turronas<\/strong><\/h3>\n<p data-start=\"819\" data-end=\"1050\"><strong data-start=\"819\" data-end=\"842\">Sudedamosios dalys:<\/strong><br data-start=\"842\" data-end=\"845\" \/>Migdolai (ES ir ne ES) 60 %, cukrus, medus, vafliai (bulvi\u0173 krakmolas, saul\u0117gr\u0105\u017e\u0173 aliejus).<br data-start=\"936\" data-end=\"939\" \/>Gali b\u016bti soj\u0173, kiau\u0161ini\u0173, \u017eem\u0117s rie\u0161ut\u0173, sezamo, pieno ir kit\u0173 rie\u0161ut\u0173 (lazdyn\u0173 ir graikini\u0173 rie\u0161ut\u0173) p\u0117dsak\u0173.<\/p>\n<hr data-start=\"1052\" data-end=\"1055\" \/>\n<h3 data-start=\"1057\" data-end=\"1082\"><strong data-start=\"1061\" data-end=\"1080\">Laikymo s\u0105lygos<\/strong><\/h3>\n<p data-start=\"1083\" data-end=\"1194\">Laikyti v\u0117sioje, sausoje vietoje.<br data-start=\"1116\" data-end=\"1119\" \/>Maksimali temperat\u016bra 20 \u00b0C (68 \u00b0F).<br data-start=\"1155\" data-end=\"1158\" \/>Maksimali santykin\u0117 oro dr\u0117gm\u0117 65 %.<\/p>\n<h3 data-start=\"1196\" data-end=\"1239\"><strong data-start=\"1200\" data-end=\"1237\">Geriausias iki, partijos numeris:<\/strong><\/h3>\n<p data-start=\"1240\" data-end=\"1266\">\u017di\u016br\u0117ti ant pakuot\u0117s \u0161ono.<\/p>\n<h3 data-start=\"1268\" data-end=\"1288\"><strong data-start=\"1272\" data-end=\"1286\">Gamintojas<\/strong><\/h3>\n<p data-start=\"1289\" data-end=\"1505\">Pagaminta Ispanijoje<br data-start=\"1309\" data-end=\"1312\" \/><strong data-start=\"1312\" data-end=\"1339\">DLV Alimentaci\u00f3n S.A.U.<\/strong><br data-start=\"1339\" data-end=\"1342\" \/>Crta. Madrid\u2013Ciudad Real km 95.200, 45450 Orgaz (Toledo), Espa\u00f1a (Ispanija)<\/p>\n<h3 data-start=\"1507\" data-end=\"1531\"><strong data-start=\"1511\" data-end=\"1529\">Grynas svoris:<\/strong><\/h3>\n<p data-start=\"1532\" data-end=\"1547\">200 g (7.05 oz)<\/p>\n<hr data-start=\"1549\" data-end=\"1552\" \/>\n<h2 data-start=\"1554\" data-end=\"1577\"><strong data-start=\"1557\" data-end=\"1575\">Maistin\u0117 vert\u0117<\/strong><\/h2>\n<p data-start=\"1578\" data-end=\"1615\"><em data-start=\"1578\" data-end=\"1615\">(Vidutin\u0117s reik\u0161m\u0117s 100 g produkto)<\/em><\/p>\n<ul data-start=\"1617\" data-end=\"1856\">\n<li data-start=\"1617\" data-end=\"1659\">\n<p data-start=\"1619\" data-end=\"1659\"><strong data-start=\"1619\" data-end=\"1638\">Energin\u0117 vert\u0117:<\/strong> 2224 kJ \/ 534 kcal<\/p>\n<\/li>\n<li data-start=\"1660\" data-end=\"1723\">\n<p data-start=\"1662\" data-end=\"1682\"><strong data-start=\"1662\" data-end=\"1675\">Riebalai:<\/strong> 34 g<\/p>\n<ul data-start=\"1685\" data-end=\"1723\">\n<li data-start=\"1685\" data-end=\"1723\">\n<p data-start=\"1687\" data-end=\"1723\">i\u0161 j\u0173 so\u010di\u0173j\u0173 riebal\u0173 r\u016bg\u0161\u010di\u0173: 3 g<\/p>\n<\/li>\n<\/ul>\n<\/li>\n<li data-start=\"1724\" data-end=\"1777\">\n<p data-start=\"1726\" data-end=\"1753\"><strong data-start=\"1726\" data-end=\"1746\">Angliavandeniai:<\/strong> 38 g<\/p>\n<ul data-start=\"1756\" data-end=\"1777\">\n<li data-start=\"1756\" data-end=\"1777\">\n<p data-start=\"1758\" data-end=\"1777\">i\u0161 j\u0173 cukr\u0173: 29 g<\/p>\n<\/li>\n<\/ul>\n<\/li>\n<li data-start=\"1778\" data-end=\"1812\">\n<p data-start=\"1780\" data-end=\"1812\"><strong data-start=\"1780\" data-end=\"1806\">Skaidulin\u0117s med\u017eiagos:<\/strong> 6 g<\/p>\n<\/li>\n<li data-start=\"1813\" data-end=\"1835\">\n<p data-start=\"1815\" data-end=\"1835\"><strong data-start=\"1815\" data-end=\"1828\">Baltymai:<\/strong> 16 g<\/p>\n<\/li>\n<li data-start=\"1836\" data-end=\"1856\">\n<p data-start=\"1838\" data-end=\"1856\"><strong data-start=\"1838\" data-end=\"1849\">Druska:<\/strong> 0,02 g<\/p>\n<\/li>\n<\/ul>\n","protected":false},"excerpt":{"rendered":"<p>Rinkin\u012f sudaro: Migdol\u0173-karamel\u0117s turronas su sezamo s\u0117klomis Sudedamosios dalys:Atrinkti ir skrudinti migdolai su odele (ES ir ne ES) 53 %, cukrus, medus, sezamo s\u0117klos 7 %, gliukoz\u0117s sirupas ir vafliai (bulvi\u0173 krakmolas, saul\u0117gr\u0105\u017e\u0173 aliejus).Gali b\u016bti soj\u0173, \u017eem\u0117s rie\u0161ut\u0173, kiau\u0161ini\u0173, pieno ir kit\u0173 rie\u0161ut\u0173 (lazdyn\u0173 ir graikini\u0173 rie\u0161ut\u0173) p\u0117dsak\u0173. Tra\u0161kus migdol\u0173 turronas Sudedamosios dalys:Migdolai (ES ir ne ES) 60 %, cukrus, medus, vafliai (bulvi\u0173 krakmolas, saul\u0117gr\u0105\u017e\u0173 aliejus) ir kiau\u0161ini\u0173 baltymai.Gali b\u016bti soj\u0173, \u017eem\u0117s rie\u0161ut\u0173, sezamo, pieno ir kit\u0173 rie\u0161ut\u0173 (lazdyn\u0173 ir graikini\u0173 rie\u0161ut\u0173) p\u0117dsak\u0173. Migdol\u0173 crocanti turronas Sudedamosios dalys:Migdolai (ES ir ne ES) 60 %, cukrus, medus, vafliai (bulvi\u0173 krakmolas, saul\u0117gr\u0105\u017e\u0173 aliejus).Gali b\u016bti soj\u0173, kiau\u0161ini\u0173, \u017eem\u0117s rie\u0161ut\u0173, sezamo, pieno ir kit\u0173 rie\u0161ut\u0173 (lazdyn\u0173 ir graikini\u0173 rie\u0161ut\u0173) p\u0117dsak\u0173. Laikymo s\u0105lygos Laikyti v\u0117sioje, sausoje vietoje.Maksimali temperat\u016bra 20 \u00b0C (68 \u00b0F).Maksimali santykin\u0117 oro dr\u0117gm\u0117 65 %. Geriausias iki, partijos numeris: \u017di\u016br\u0117ti ant pakuot\u0117s \u0161ono. Gamintojas Pagaminta IspanijojeDLV Alimentaci\u00f3n S.A.U.Crta. Madrid\u2013Ciudad Real km 95.200, 45450 Orgaz (Toledo), Espa\u00f1a (Ispanija) Grynas svoris: 200 g (7.05 oz) Maistin\u0117 vert\u0117 (Vidutin\u0117s reik\u0161m\u0117s 100 g produkto) Energin\u0117 vert\u0117: 2224 kJ \/ 534 kcal Riebalai: 34 g i\u0161 j\u0173 so\u010di\u0173j\u0173 riebal\u0173 r\u016bg\u0161\u010di\u0173: 3 g Angliavandeniai: 38 g i\u0161 j\u0173 cukr\u0173: 29 g Skaidulin\u0117s med\u017eiagos: 6 g Baltymai: 16 g Druska: 0,02 g<\/p>\n","protected":false},"featured_media":26429,"template":"","meta":[],"product_brand":[],"product_cat":[116,131],"product_tag":[],"class_list":{"0":"post-26428","1":"product","2":"type-product","3":"status-publish","4":"has-post-thumbnail","6":"product_cat-mazmenine-2","7":"product_cat-saldumynai","9":"first","10":"outofstock","11":"shipping-taxable","12":"purchasable","13":"product-type-simple"},"yoast_head":"<!-- This site is optimized with the Yoast SEO plugin v23.7 - https:\/\/yoast.com\/wordpress\/plugins\/seo\/ -->\n<title>Turron\u0173 rinkinys 200g. | Espanola.lt<\/title>\n<meta name=\"description\" content=\"Atraskite auk\u0161tos kokyb\u0117s ispani\u0161kus delikatesus \u2013 s\u016brius, kumpius, alyvuoges ir \u017euv\u012f. Tikras Ispanijos skonis tiesiai \u012f j\u016bs\u0173 namus.\" \/>\n<meta name=\"robots\" content=\"index, follow, max-snippet:-1, max-image-preview:large, max-video-preview:-1\" \/>\n<link rel=\"canonical\" href=\"https:\/\/espanola.lt\/produktas\/turronu-rinkinys-200g\/\" \/>\n<meta property=\"og:locale\" content=\"en_US\" \/>\n<meta property=\"og:type\" content=\"article\" \/>\n<meta property=\"og:title\" content=\"Turron\u0173 rinkinys 200g. | Espanola.lt\" \/>\n<meta property=\"og:description\" content=\"Atraskite auk\u0161tos kokyb\u0117s ispani\u0161kus delikatesus \u2013 s\u016brius, kumpius, alyvuoges ir \u017euv\u012f. Tikras Ispanijos skonis tiesiai \u012f j\u016bs\u0173 namus.\" \/>\n<meta property=\"og:url\" content=\"https:\/\/espanola.lt\/produktas\/turronu-rinkinys-200g\/\" \/>\n<meta property=\"og:site_name\" content=\"Espanola\" \/>\n<meta property=\"article:publisher\" content=\"https:\/\/www.facebook.com\/espanola.lt\" \/>\n<meta property=\"article:modified_time\" content=\"2025-11-20T14:12:38+00:00\" \/>\n<meta property=\"og:image\" content=\"https:\/\/espanola.lt\/wp-content\/uploads\/2025\/11\/85550-87709-3D-TURRON-SELECTION-200G-1024x1024.png\" \/>\n\t<meta property=\"og:image:width\" content=\"1024\" \/>\n\t<meta property=\"og:image:height\" content=\"1024\" \/>\n\t<meta property=\"og:image:type\" content=\"image\/png\" \/>\n<meta name=\"twitter:card\" content=\"summary_large_image\" \/>\n<meta name=\"twitter:label1\" content=\"Est. reading time\" \/>\n\t<meta name=\"twitter:data1\" content=\"2 minutes\" \/>\n<script type=\"application\/ld+json\" class=\"yoast-schema-graph\">{\"@context\":\"https:\/\/schema.org\",\"@graph\":[{\"@type\":\"WebPage\",\"@id\":\"https:\/\/espanola.lt\/produktas\/turronu-rinkinys-200g\/\",\"url\":\"https:\/\/espanola.lt\/produktas\/turronu-rinkinys-200g\/\",\"name\":\"Turron\u0173 rinkinys 200g. | Espanola.lt\",\"isPartOf\":{\"@id\":\"https:\/\/espanola.lt\/#website\"},\"primaryImageOfPage\":{\"@id\":\"https:\/\/espanola.lt\/produktas\/turronu-rinkinys-200g\/#primaryimage\"},\"image\":{\"@id\":\"https:\/\/espanola.lt\/produktas\/turronu-rinkinys-200g\/#primaryimage\"},\"thumbnailUrl\":\"https:\/\/espanola.lt\/wp-content\/uploads\/2025\/11\/85550-87709-3D-TURRON-SELECTION-200G.png\",\"datePublished\":\"2025-11-17T12:54:39+00:00\",\"dateModified\":\"2025-11-20T14:12:38+00:00\",\"description\":\"Atraskite auk\u0161tos kokyb\u0117s ispani\u0161kus delikatesus \u2013 s\u016brius, kumpius, alyvuoges ir \u017euv\u012f. Tikras Ispanijos skonis tiesiai \u012f j\u016bs\u0173 namus.\",\"breadcrumb\":{\"@id\":\"https:\/\/espanola.lt\/produktas\/turronu-rinkinys-200g\/#breadcrumb\"},\"inLanguage\":\"en-US\",\"potentialAction\":[{\"@type\":\"ReadAction\",\"target\":[\"https:\/\/espanola.lt\/produktas\/turronu-rinkinys-200g\/\"]}]},{\"@type\":\"ImageObject\",\"inLanguage\":\"en-US\",\"@id\":\"https:\/\/espanola.lt\/produktas\/turronu-rinkinys-200g\/#primaryimage\",\"url\":\"https:\/\/espanola.lt\/wp-content\/uploads\/2025\/11\/85550-87709-3D-TURRON-SELECTION-200G.png\",\"contentUrl\":\"https:\/\/espanola.lt\/wp-content\/uploads\/2025\/11\/85550-87709-3D-TURRON-SELECTION-200G.png\",\"width\":4800,\"height\":4800},{\"@type\":\"BreadcrumbList\",\"@id\":\"https:\/\/espanola.lt\/produktas\/turronu-rinkinys-200g\/#breadcrumb\",\"itemListElement\":[{\"@type\":\"ListItem\",\"position\":1,\"name\":\"Home\",\"item\":\"https:\/\/espanola.lt\/en\/homepage\/\"},{\"@type\":\"ListItem\",\"position\":2,\"name\":\"Shop\",\"item\":\"https:\/\/espanola.lt\/en\/shop\/\"},{\"@type\":\"ListItem\",\"position\":3,\"name\":\"Turron\u0173 rinkinys 200g.\"}]},{\"@type\":\"WebSite\",\"@id\":\"https:\/\/espanola.lt\/#website\",\"url\":\"https:\/\/espanola.lt\/\",\"name\":\"Espanola.lt | Tikras Ispanijos skonis \u2013 J\u016bs\u0173 namuose!\",\"description\":\"\",\"publisher\":{\"@id\":\"https:\/\/espanola.lt\/#organization\"},\"potentialAction\":[{\"@type\":\"SearchAction\",\"target\":{\"@type\":\"EntryPoint\",\"urlTemplate\":\"https:\/\/espanola.lt\/?s={search_term_string}\"},\"query-input\":{\"@type\":\"PropertyValueSpecification\",\"valueRequired\":true,\"valueName\":\"search_term_string\"}}],\"inLanguage\":\"en-US\"},{\"@type\":\"Organization\",\"@id\":\"https:\/\/espanola.lt\/#organization\",\"name\":\"Espanola.lt\",\"url\":\"https:\/\/espanola.lt\/\",\"logo\":{\"@type\":\"ImageObject\",\"inLanguage\":\"en-US\",\"@id\":\"https:\/\/espanola.lt\/#\/schema\/logo\/image\/\",\"url\":\"https:\/\/espanola.lt\/wp-content\/uploads\/2023\/03\/notext_color.png\",\"contentUrl\":\"https:\/\/espanola.lt\/wp-content\/uploads\/2023\/03\/notext_color.png\",\"width\":916,\"height\":204,\"caption\":\"Espanola.lt\"},\"image\":{\"@id\":\"https:\/\/espanola.lt\/#\/schema\/logo\/image\/\"},\"sameAs\":[\"https:\/\/www.facebook.com\/espanola.lt\",\"https:\/\/www.instagram.com\/espanola.lt\/\"]}]}<\/script>\n<!-- \/ Yoast SEO plugin. -->","yoast_head_json":{"title":"Turron\u0173 rinkinys 200g. | Espanola.lt","description":"Atraskite auk\u0161tos kokyb\u0117s ispani\u0161kus delikatesus \u2013 s\u016brius, kumpius, alyvuoges ir \u017euv\u012f. Tikras Ispanijos skonis tiesiai \u012f j\u016bs\u0173 namus.","robots":{"index":"index","follow":"follow","max-snippet":"max-snippet:-1","max-image-preview":"max-image-preview:large","max-video-preview":"max-video-preview:-1"},"canonical":"https:\/\/espanola.lt\/produktas\/turronu-rinkinys-200g\/","og_locale":"en_US","og_type":"article","og_title":"Turron\u0173 rinkinys 200g. | Espanola.lt","og_description":"Atraskite auk\u0161tos kokyb\u0117s ispani\u0161kus delikatesus \u2013 s\u016brius, kumpius, alyvuoges ir \u017euv\u012f. Tikras Ispanijos skonis tiesiai \u012f j\u016bs\u0173 namus.","og_url":"https:\/\/espanola.lt\/produktas\/turronu-rinkinys-200g\/","og_site_name":"Espanola","article_publisher":"https:\/\/www.facebook.com\/espanola.lt","article_modified_time":"2025-11-20T14:12:38+00:00","og_image":[{"width":1024,"height":1024,"url":"https:\/\/espanola.lt\/wp-content\/uploads\/2025\/11\/85550-87709-3D-TURRON-SELECTION-200G-1024x1024.png","type":"image\/png"}],"twitter_card":"summary_large_image","twitter_misc":{"Est. reading time":"2 minutes"},"schema":{"@context":"https:\/\/schema.org","@graph":[{"@type":"WebPage","@id":"https:\/\/espanola.lt\/produktas\/turronu-rinkinys-200g\/","url":"https:\/\/espanola.lt\/produktas\/turronu-rinkinys-200g\/","name":"Turron\u0173 rinkinys 200g. | Espanola.lt","isPartOf":{"@id":"https:\/\/espanola.lt\/#website"},"primaryImageOfPage":{"@id":"https:\/\/espanola.lt\/produktas\/turronu-rinkinys-200g\/#primaryimage"},"image":{"@id":"https:\/\/espanola.lt\/produktas\/turronu-rinkinys-200g\/#primaryimage"},"thumbnailUrl":"https:\/\/espanola.lt\/wp-content\/uploads\/2025\/11\/85550-87709-3D-TURRON-SELECTION-200G.png","datePublished":"2025-11-17T12:54:39+00:00","dateModified":"2025-11-20T14:12:38+00:00","description":"Atraskite auk\u0161tos kokyb\u0117s ispani\u0161kus delikatesus \u2013 s\u016brius, kumpius, alyvuoges ir \u017euv\u012f. Tikras Ispanijos skonis tiesiai \u012f j\u016bs\u0173 namus.","breadcrumb":{"@id":"https:\/\/espanola.lt\/produktas\/turronu-rinkinys-200g\/#breadcrumb"},"inLanguage":"en-US","potentialAction":[{"@type":"ReadAction","target":["https:\/\/espanola.lt\/produktas\/turronu-rinkinys-200g\/"]}]},{"@type":"ImageObject","inLanguage":"en-US","@id":"https:\/\/espanola.lt\/produktas\/turronu-rinkinys-200g\/#primaryimage","url":"https:\/\/espanola.lt\/wp-content\/uploads\/2025\/11\/85550-87709-3D-TURRON-SELECTION-200G.png","contentUrl":"https:\/\/espanola.lt\/wp-content\/uploads\/2025\/11\/85550-87709-3D-TURRON-SELECTION-200G.png","width":4800,"height":4800},{"@type":"BreadcrumbList","@id":"https:\/\/espanola.lt\/produktas\/turronu-rinkinys-200g\/#breadcrumb","itemListElement":[{"@type":"ListItem","position":1,"name":"Home","item":"https:\/\/espanola.lt\/en\/homepage\/"},{"@type":"ListItem","position":2,"name":"Shop","item":"https:\/\/espanola.lt\/en\/shop\/"},{"@type":"ListItem","position":3,"name":"Turron\u0173 rinkinys 200g."}]},{"@type":"WebSite","@id":"https:\/\/espanola.lt\/#website","url":"https:\/\/espanola.lt\/","name":"Espanola.lt | Tikras Ispanijos skonis \u2013 J\u016bs\u0173 namuose!","description":"","publisher":{"@id":"https:\/\/espanola.lt\/#organization"},"potentialAction":[{"@type":"SearchAction","target":{"@type":"EntryPoint","urlTemplate":"https:\/\/espanola.lt\/?s={search_term_string}"},"query-input":{"@type":"PropertyValueSpecification","valueRequired":true,"valueName":"search_term_string"}}],"inLanguage":"en-US"},{"@type":"Organization","@id":"https:\/\/espanola.lt\/#organization","name":"Espanola.lt","url":"https:\/\/espanola.lt\/","logo":{"@type":"ImageObject","inLanguage":"en-US","@id":"https:\/\/espanola.lt\/#\/schema\/logo\/image\/","url":"https:\/\/espanola.lt\/wp-content\/uploads\/2023\/03\/notext_color.png","contentUrl":"https:\/\/espanola.lt\/wp-content\/uploads\/2023\/03\/notext_color.png","width":916,"height":204,"caption":"Espanola.lt"},"image":{"@id":"https:\/\/espanola.lt\/#\/schema\/logo\/image\/"},"sameAs":["https:\/\/www.facebook.com\/espanola.lt","https:\/\/www.instagram.com\/espanola.lt\/"]}]}},"_links":{"self":[{"href":"https:\/\/espanola.lt\/en\/wp-json\/wp\/v2\/product\/26428"}],"collection":[{"href":"https:\/\/espanola.lt\/en\/wp-json\/wp\/v2\/product"}],"about":[{"href":"https:\/\/espanola.lt\/en\/wp-json\/wp\/v2\/types\/product"}],"version-history":[{"count":2,"href":"https:\/\/espanola.lt\/en\/wp-json\/wp\/v2\/product\/26428\/revisions"}],"predecessor-version":[{"id":26536,"href":"https:\/\/espanola.lt\/en\/wp-json\/wp\/v2\/product\/26428\/revisions\/26536"}],"wp:featuredmedia":[{"embeddable":true,"href":"https:\/\/espanola.lt\/en\/wp-json\/wp\/v2\/media\/26429"}],"wp:attachment":[{"href":"https:\/\/espanola.lt\/en\/wp-json\/wp\/v2\/media?parent=26428"}],"wp:term":[{"taxonomy":"product_brand","embeddable":true,"href":"https:\/\/espanola.lt\/en\/wp-json\/wp\/v2\/product_brand?post=26428"},{"taxonomy":"product_cat","embeddable":true,"href":"https:\/\/espanola.lt\/en\/wp-json\/wp\/v2\/product_cat?post=26428"},{"taxonomy":"product_tag","embeddable":true,"href":"https:\/\/espanola.lt\/en\/wp-json\/wp\/v2\/product_tag?post=26428"}],"curies":[{"name":"wp","href":"https:\/\/api.w.org\/{rel}","templated":true}]}}