{"id":26420,"date":"2025-11-17T12:51:02","date_gmt":"2025-11-17T12:51:02","guid":{"rendered":"https:\/\/espanola.lt\/?post_type=product&#038;p=26420"},"modified":"2026-03-25T11:39:44","modified_gmt":"2026-03-25T11:39:44","slug":"karameles-ir-pienisko-sokolado-turrono-lazdeles-45g","status":"publish","type":"product","link":"https:\/\/espanola.lt\/en\/produktas\/karameles-ir-pienisko-sokolado-turrono-lazdeles-45g\/","title":{"rendered":"Karamel\u0117s ir pieni\u0161ko \u0161okolado turrono lazdel\u0117s 45g."},"content":{"rendered":"<h3 data-start=\"182\" data-end=\"208\"><strong data-start=\"186\" data-end=\"208\">Sudedamosios dalys<\/strong><\/h3>\n<p data-start=\"209\" data-end=\"641\">Migdolai (ES ir ne ES) 37 %, medus 21 %, cukrus 21 %, pieni\u0161kas \u0161okoladas 18 % (cukrus, kakavos sviestas (ne ES kilm\u0117s), nenugriebto pieno milteliai, kakavos mas\u0117 (ne ES kilm\u0117s), emulgatoriai: soj\u0173 ir saul\u0117gr\u0105\u017e\u0173 lecitinas, vanil\u0117s ekstraktas), vafliai (bulvi\u0173 krakmolas, saul\u0117gr\u0105\u017e\u0173 aliejus, da\u017eiklis \u2013 amoniakin\u0117 karamel\u0117), druska.<br data-start=\"540\" data-end=\"543\" \/>Gali b\u016bti \u017eem\u0117s rie\u0161ut\u0173, sezamo, kiau\u0161ini\u0173 ir kit\u0173 rie\u0161ut\u0173 (lazdyn\u0173 ir graikini\u0173 rie\u0161ut\u0173) p\u0117dsak\u0173.<\/p>\n<h3 data-start=\"643\" data-end=\"666\"><strong data-start=\"647\" data-end=\"666\">Laikymo s\u0105lygos<\/strong><\/h3>\n<p data-start=\"667\" data-end=\"776\">Laikyti v\u0117sioje, sausoje vietoje.<br data-start=\"700\" data-end=\"703\" \/>Maksimali temperat\u016bra 20 \u00b0C (68 \u00b0F), maksimali santykin\u0117 oro dr\u0117gm\u0117 65 %.<\/p>\n<h3 data-start=\"778\" data-end=\"822\"><strong data-start=\"782\" data-end=\"820\">Geriausias iki \/ partijos numeris:<\/strong><\/h3>\n<p data-start=\"823\" data-end=\"845\">Nurodyta ant pakuot\u0117s.<\/p>\n<h3 data-start=\"847\" data-end=\"865\"><strong data-start=\"851\" data-end=\"865\">Gamintojas<\/strong><\/h3>\n<p data-start=\"866\" data-end=\"1086\">Pagaminta Ispanijoje, <strong data-start=\"888\" data-end=\"915\">DLV Alimentaci\u00f3n S.A.U.<\/strong><br data-start=\"915\" data-end=\"918\" \/>Crta. Madrid\u2013Ciudad Real km 95.200, 45450 Orgaz (Toledo), Espa\u00f1a (Ispanija).<\/p>\n<h3 data-start=\"1088\" data-end=\"1109\"><strong data-start=\"1092\" data-end=\"1109\">Grynas svoris<\/strong><\/h3>\n<p data-start=\"1110\" data-end=\"1124\">45 g<\/p>\n<hr data-start=\"1126\" data-end=\"1129\" \/>\n<h2 data-start=\"1131\" data-end=\"1190\"><strong data-start=\"1134\" data-end=\"1152\">Maistin\u0117 vert\u0117<\/strong> <em data-start=\"1153\" data-end=\"1190\">(vidutin\u0117s reik\u0161m\u0117s 100 g produkto)<\/em><\/h2>\n<ul data-start=\"1192\" data-end=\"1434\">\n<li data-start=\"1192\" data-end=\"1234\">\n<p data-start=\"1194\" data-end=\"1234\"><strong data-start=\"1194\" data-end=\"1213\">Energin\u0117 vert\u0117:<\/strong> 2195 kJ \/ 526 kcal<\/p>\n<\/li>\n<li data-start=\"1235\" data-end=\"1298\">\n<p data-start=\"1237\" data-end=\"1257\"><strong data-start=\"1237\" data-end=\"1250\">Riebalai:<\/strong> 30 g<\/p>\n<ul data-start=\"1260\" data-end=\"1298\">\n<li data-start=\"1260\" data-end=\"1298\">\n<p data-start=\"1262\" data-end=\"1298\">i\u0161 j\u0173 so\u010di\u0173j\u0173 riebal\u0173 r\u016bg\u0161\u010di\u0173: 7 g<\/p>\n<\/li>\n<\/ul>\n<\/li>\n<li data-start=\"1299\" data-end=\"1352\">\n<p data-start=\"1301\" data-end=\"1328\"><strong data-start=\"1301\" data-end=\"1321\">Angliavandeniai:<\/strong> 52 g<\/p>\n<ul data-start=\"1331\" data-end=\"1352\">\n<li data-start=\"1331\" data-end=\"1352\">\n<p data-start=\"1333\" data-end=\"1352\">i\u0161 j\u0173 cukr\u0173: 42 g<\/p>\n<\/li>\n<\/ul>\n<\/li>\n<li data-start=\"1353\" data-end=\"1389\">\n<p data-start=\"1355\" data-end=\"1389\"><strong data-start=\"1355\" data-end=\"1381\">Skaidulin\u0117s med\u017eiagos:<\/strong> 4,9 g<\/p>\n<\/li>\n<li data-start=\"1390\" data-end=\"1413\">\n<p data-start=\"1392\" data-end=\"1413\"><strong data-start=\"1392\" data-end=\"1405\">Baltymai:<\/strong> 9,5 g<\/p>\n<\/li>\n<li data-start=\"1414\" data-end=\"1434\">\n<p data-start=\"1416\" data-end=\"1434\"><strong data-start=\"1416\" data-end=\"1427\">Druska:<\/strong> 0,46 g<\/p>\n<\/li>\n<\/ul>\n","protected":false},"excerpt":{"rendered":"<p>Sudedamosios dalys Migdolai (ES ir ne ES) 37 %, medus 21 %, cukrus 21 %, pieni\u0161kas \u0161okoladas 18 % (cukrus, kakavos sviestas (ne ES kilm\u0117s), nenugriebto pieno milteliai, kakavos mas\u0117 (ne ES kilm\u0117s), emulgatoriai: soj\u0173 ir saul\u0117gr\u0105\u017e\u0173 lecitinas, vanil\u0117s ekstraktas), vafliai (bulvi\u0173 krakmolas, saul\u0117gr\u0105\u017e\u0173 aliejus, da\u017eiklis \u2013 amoniakin\u0117 karamel\u0117), druska.Gali b\u016bti \u017eem\u0117s rie\u0161ut\u0173, sezamo, kiau\u0161ini\u0173 ir kit\u0173 rie\u0161ut\u0173 (lazdyn\u0173 ir graikini\u0173 rie\u0161ut\u0173) p\u0117dsak\u0173. Laikymo s\u0105lygos Laikyti v\u0117sioje, sausoje vietoje.Maksimali temperat\u016bra 20 \u00b0C (68 \u00b0F), maksimali santykin\u0117 oro dr\u0117gm\u0117 65 %. Geriausias iki \/ partijos numeris: Nurodyta ant pakuot\u0117s. Gamintojas Pagaminta Ispanijoje, DLV Alimentaci\u00f3n S.A.U.Crta. Madrid\u2013Ciudad Real km 95.200, 45450 Orgaz (Toledo), Espa\u00f1a (Ispanija). Grynas svoris 45 g Maistin\u0117 vert\u0117 (vidutin\u0117s reik\u0161m\u0117s 100 g produkto) Energin\u0117 vert\u0117: 2195 kJ \/ 526 kcal Riebalai: 30 g i\u0161 j\u0173 so\u010di\u0173j\u0173 riebal\u0173 r\u016bg\u0161\u010di\u0173: 7 g Angliavandeniai: 52 g i\u0161 j\u0173 cukr\u0173: 42 g Skaidulin\u0117s med\u017eiagos: 4,9 g Baltymai: 9,5 g Druska: 0,46 g<\/p>\n","protected":false},"featured_media":26425,"template":"","meta":[],"product_brand":[],"product_cat":[116,132,131],"product_tag":[],"class_list":{"0":"post-26420","1":"product","2":"type-product","3":"status-publish","4":"has-post-thumbnail","6":"product_cat-mazmenine-2","7":"product_cat-akcijoos","8":"product_cat-saldumynai","10":"first","11":"instock","12":"sale","13":"shipping-taxable","14":"purchasable","15":"product-type-simple"},"yoast_head":"<!-- This site is optimized with the Yoast SEO plugin v23.7 - https:\/\/yoast.com\/wordpress\/plugins\/seo\/ -->\n<title>Karamel\u0117s ir pieni\u0161ko \u0161okolado turrono lazdel\u0117s 45g. | Espanola.lt<\/title>\n<meta name=\"description\" content=\"Atraskite auk\u0161tos kokyb\u0117s ispani\u0161kus delikatesus \u2013 s\u016brius, kumpius, alyvuoges ir \u017euv\u012f. Tikras Ispanijos skonis tiesiai \u012f j\u016bs\u0173 namus.\" \/>\n<meta name=\"robots\" content=\"index, follow, max-snippet:-1, max-image-preview:large, max-video-preview:-1\" \/>\n<link rel=\"canonical\" href=\"https:\/\/espanola.lt\/produktas\/karameles-ir-pienisko-sokolado-turrono-lazdeles-45g\/\" \/>\n<meta property=\"og:locale\" content=\"en_US\" \/>\n<meta property=\"og:type\" content=\"article\" \/>\n<meta property=\"og:title\" content=\"Karamel\u0117s ir pieni\u0161ko \u0161okolado turrono lazdel\u0117s 45g. | Espanola.lt\" \/>\n<meta property=\"og:description\" content=\"Atraskite auk\u0161tos kokyb\u0117s ispani\u0161kus delikatesus \u2013 s\u016brius, kumpius, alyvuoges ir \u017euv\u012f. Tikras Ispanijos skonis tiesiai \u012f j\u016bs\u0173 namus.\" \/>\n<meta property=\"og:url\" content=\"https:\/\/espanola.lt\/produktas\/karameles-ir-pienisko-sokolado-turrono-lazdeles-45g\/\" \/>\n<meta property=\"og:site_name\" content=\"Espanola\" \/>\n<meta property=\"article:publisher\" content=\"https:\/\/www.facebook.com\/espanola.lt\" \/>\n<meta property=\"article:modified_time\" content=\"2026-03-25T11:39:44+00:00\" \/>\n<meta property=\"og:image\" content=\"https:\/\/espanola.lt\/wp-content\/uploads\/2025\/11\/90899-3D-CHOCOLATE-CARAMEL-ALMEND-TURRON-STICK-45G-2-1024x1024.png\" \/>\n\t<meta property=\"og:image:width\" content=\"1024\" \/>\n\t<meta property=\"og:image:height\" content=\"1024\" \/>\n\t<meta property=\"og:image:type\" content=\"image\/png\" \/>\n<meta name=\"twitter:card\" content=\"summary_large_image\" \/>\n<meta name=\"twitter:label1\" content=\"Est. reading time\" \/>\n\t<meta name=\"twitter:data1\" content=\"2 minutes\" \/>\n<script type=\"application\/ld+json\" class=\"yoast-schema-graph\">{\"@context\":\"https:\/\/schema.org\",\"@graph\":[{\"@type\":\"WebPage\",\"@id\":\"https:\/\/espanola.lt\/produktas\/karameles-ir-pienisko-sokolado-turrono-lazdeles-45g\/\",\"url\":\"https:\/\/espanola.lt\/produktas\/karameles-ir-pienisko-sokolado-turrono-lazdeles-45g\/\",\"name\":\"Karamel\u0117s ir pieni\u0161ko \u0161okolado turrono lazdel\u0117s 45g. | Espanola.lt\",\"isPartOf\":{\"@id\":\"https:\/\/espanola.lt\/#website\"},\"primaryImageOfPage\":{\"@id\":\"https:\/\/espanola.lt\/produktas\/karameles-ir-pienisko-sokolado-turrono-lazdeles-45g\/#primaryimage\"},\"image\":{\"@id\":\"https:\/\/espanola.lt\/produktas\/karameles-ir-pienisko-sokolado-turrono-lazdeles-45g\/#primaryimage\"},\"thumbnailUrl\":\"https:\/\/espanola.lt\/wp-content\/uploads\/2025\/11\/90899-3D-CHOCOLATE-CARAMEL-ALMEND-TURRON-STICK-45G-2.png\",\"datePublished\":\"2025-11-17T12:51:02+00:00\",\"dateModified\":\"2026-03-25T11:39:44+00:00\",\"description\":\"Atraskite auk\u0161tos kokyb\u0117s ispani\u0161kus delikatesus \u2013 s\u016brius, kumpius, alyvuoges ir \u017euv\u012f. Tikras Ispanijos skonis tiesiai \u012f j\u016bs\u0173 namus.\",\"breadcrumb\":{\"@id\":\"https:\/\/espanola.lt\/produktas\/karameles-ir-pienisko-sokolado-turrono-lazdeles-45g\/#breadcrumb\"},\"inLanguage\":\"en-US\",\"potentialAction\":[{\"@type\":\"ReadAction\",\"target\":[\"https:\/\/espanola.lt\/produktas\/karameles-ir-pienisko-sokolado-turrono-lazdeles-45g\/\"]}]},{\"@type\":\"ImageObject\",\"inLanguage\":\"en-US\",\"@id\":\"https:\/\/espanola.lt\/produktas\/karameles-ir-pienisko-sokolado-turrono-lazdeles-45g\/#primaryimage\",\"url\":\"https:\/\/espanola.lt\/wp-content\/uploads\/2025\/11\/90899-3D-CHOCOLATE-CARAMEL-ALMEND-TURRON-STICK-45G-2.png\",\"contentUrl\":\"https:\/\/espanola.lt\/wp-content\/uploads\/2025\/11\/90899-3D-CHOCOLATE-CARAMEL-ALMEND-TURRON-STICK-45G-2.png\",\"width\":4800,\"height\":4800},{\"@type\":\"BreadcrumbList\",\"@id\":\"https:\/\/espanola.lt\/produktas\/karameles-ir-pienisko-sokolado-turrono-lazdeles-45g\/#breadcrumb\",\"itemListElement\":[{\"@type\":\"ListItem\",\"position\":1,\"name\":\"Home\",\"item\":\"https:\/\/espanola.lt\/en\/homepage\/\"},{\"@type\":\"ListItem\",\"position\":2,\"name\":\"Shop\",\"item\":\"https:\/\/espanola.lt\/en\/shop\/\"},{\"@type\":\"ListItem\",\"position\":3,\"name\":\"Karamel\u0117s ir pieni\u0161ko \u0161okolado turrono lazdel\u0117s 45g.\"}]},{\"@type\":\"WebSite\",\"@id\":\"https:\/\/espanola.lt\/#website\",\"url\":\"https:\/\/espanola.lt\/\",\"name\":\"Espanola.lt | Tikras Ispanijos skonis \u2013 J\u016bs\u0173 namuose!\",\"description\":\"\",\"publisher\":{\"@id\":\"https:\/\/espanola.lt\/#organization\"},\"potentialAction\":[{\"@type\":\"SearchAction\",\"target\":{\"@type\":\"EntryPoint\",\"urlTemplate\":\"https:\/\/espanola.lt\/?s={search_term_string}\"},\"query-input\":{\"@type\":\"PropertyValueSpecification\",\"valueRequired\":true,\"valueName\":\"search_term_string\"}}],\"inLanguage\":\"en-US\"},{\"@type\":\"Organization\",\"@id\":\"https:\/\/espanola.lt\/#organization\",\"name\":\"Espanola.lt\",\"url\":\"https:\/\/espanola.lt\/\",\"logo\":{\"@type\":\"ImageObject\",\"inLanguage\":\"en-US\",\"@id\":\"https:\/\/espanola.lt\/#\/schema\/logo\/image\/\",\"url\":\"https:\/\/espanola.lt\/wp-content\/uploads\/2023\/03\/notext_color.png\",\"contentUrl\":\"https:\/\/espanola.lt\/wp-content\/uploads\/2023\/03\/notext_color.png\",\"width\":916,\"height\":204,\"caption\":\"Espanola.lt\"},\"image\":{\"@id\":\"https:\/\/espanola.lt\/#\/schema\/logo\/image\/\"},\"sameAs\":[\"https:\/\/www.facebook.com\/espanola.lt\",\"https:\/\/www.instagram.com\/espanola.lt\/\"]}]}<\/script>\n<!-- \/ Yoast SEO plugin. -->","yoast_head_json":{"title":"Karamel\u0117s ir pieni\u0161ko \u0161okolado turrono lazdel\u0117s 45g. | Espanola.lt","description":"Atraskite auk\u0161tos kokyb\u0117s ispani\u0161kus delikatesus \u2013 s\u016brius, kumpius, alyvuoges ir \u017euv\u012f. Tikras Ispanijos skonis tiesiai \u012f j\u016bs\u0173 namus.","robots":{"index":"index","follow":"follow","max-snippet":"max-snippet:-1","max-image-preview":"max-image-preview:large","max-video-preview":"max-video-preview:-1"},"canonical":"https:\/\/espanola.lt\/produktas\/karameles-ir-pienisko-sokolado-turrono-lazdeles-45g\/","og_locale":"en_US","og_type":"article","og_title":"Karamel\u0117s ir pieni\u0161ko \u0161okolado turrono lazdel\u0117s 45g. | Espanola.lt","og_description":"Atraskite auk\u0161tos kokyb\u0117s ispani\u0161kus delikatesus \u2013 s\u016brius, kumpius, alyvuoges ir \u017euv\u012f. Tikras Ispanijos skonis tiesiai \u012f j\u016bs\u0173 namus.","og_url":"https:\/\/espanola.lt\/produktas\/karameles-ir-pienisko-sokolado-turrono-lazdeles-45g\/","og_site_name":"Espanola","article_publisher":"https:\/\/www.facebook.com\/espanola.lt","article_modified_time":"2026-03-25T11:39:44+00:00","og_image":[{"width":1024,"height":1024,"url":"https:\/\/espanola.lt\/wp-content\/uploads\/2025\/11\/90899-3D-CHOCOLATE-CARAMEL-ALMEND-TURRON-STICK-45G-2-1024x1024.png","type":"image\/png"}],"twitter_card":"summary_large_image","twitter_misc":{"Est. reading time":"2 minutes"},"schema":{"@context":"https:\/\/schema.org","@graph":[{"@type":"WebPage","@id":"https:\/\/espanola.lt\/produktas\/karameles-ir-pienisko-sokolado-turrono-lazdeles-45g\/","url":"https:\/\/espanola.lt\/produktas\/karameles-ir-pienisko-sokolado-turrono-lazdeles-45g\/","name":"Karamel\u0117s ir pieni\u0161ko \u0161okolado turrono lazdel\u0117s 45g. | Espanola.lt","isPartOf":{"@id":"https:\/\/espanola.lt\/#website"},"primaryImageOfPage":{"@id":"https:\/\/espanola.lt\/produktas\/karameles-ir-pienisko-sokolado-turrono-lazdeles-45g\/#primaryimage"},"image":{"@id":"https:\/\/espanola.lt\/produktas\/karameles-ir-pienisko-sokolado-turrono-lazdeles-45g\/#primaryimage"},"thumbnailUrl":"https:\/\/espanola.lt\/wp-content\/uploads\/2025\/11\/90899-3D-CHOCOLATE-CARAMEL-ALMEND-TURRON-STICK-45G-2.png","datePublished":"2025-11-17T12:51:02+00:00","dateModified":"2026-03-25T11:39:44+00:00","description":"Atraskite auk\u0161tos kokyb\u0117s ispani\u0161kus delikatesus \u2013 s\u016brius, kumpius, alyvuoges ir \u017euv\u012f. Tikras Ispanijos skonis tiesiai \u012f j\u016bs\u0173 namus.","breadcrumb":{"@id":"https:\/\/espanola.lt\/produktas\/karameles-ir-pienisko-sokolado-turrono-lazdeles-45g\/#breadcrumb"},"inLanguage":"en-US","potentialAction":[{"@type":"ReadAction","target":["https:\/\/espanola.lt\/produktas\/karameles-ir-pienisko-sokolado-turrono-lazdeles-45g\/"]}]},{"@type":"ImageObject","inLanguage":"en-US","@id":"https:\/\/espanola.lt\/produktas\/karameles-ir-pienisko-sokolado-turrono-lazdeles-45g\/#primaryimage","url":"https:\/\/espanola.lt\/wp-content\/uploads\/2025\/11\/90899-3D-CHOCOLATE-CARAMEL-ALMEND-TURRON-STICK-45G-2.png","contentUrl":"https:\/\/espanola.lt\/wp-content\/uploads\/2025\/11\/90899-3D-CHOCOLATE-CARAMEL-ALMEND-TURRON-STICK-45G-2.png","width":4800,"height":4800},{"@type":"BreadcrumbList","@id":"https:\/\/espanola.lt\/produktas\/karameles-ir-pienisko-sokolado-turrono-lazdeles-45g\/#breadcrumb","itemListElement":[{"@type":"ListItem","position":1,"name":"Home","item":"https:\/\/espanola.lt\/en\/homepage\/"},{"@type":"ListItem","position":2,"name":"Shop","item":"https:\/\/espanola.lt\/en\/shop\/"},{"@type":"ListItem","position":3,"name":"Karamel\u0117s ir pieni\u0161ko \u0161okolado turrono lazdel\u0117s 45g."}]},{"@type":"WebSite","@id":"https:\/\/espanola.lt\/#website","url":"https:\/\/espanola.lt\/","name":"Espanola.lt | Tikras Ispanijos skonis \u2013 J\u016bs\u0173 namuose!","description":"","publisher":{"@id":"https:\/\/espanola.lt\/#organization"},"potentialAction":[{"@type":"SearchAction","target":{"@type":"EntryPoint","urlTemplate":"https:\/\/espanola.lt\/?s={search_term_string}"},"query-input":{"@type":"PropertyValueSpecification","valueRequired":true,"valueName":"search_term_string"}}],"inLanguage":"en-US"},{"@type":"Organization","@id":"https:\/\/espanola.lt\/#organization","name":"Espanola.lt","url":"https:\/\/espanola.lt\/","logo":{"@type":"ImageObject","inLanguage":"en-US","@id":"https:\/\/espanola.lt\/#\/schema\/logo\/image\/","url":"https:\/\/espanola.lt\/wp-content\/uploads\/2023\/03\/notext_color.png","contentUrl":"https:\/\/espanola.lt\/wp-content\/uploads\/2023\/03\/notext_color.png","width":916,"height":204,"caption":"Espanola.lt"},"image":{"@id":"https:\/\/espanola.lt\/#\/schema\/logo\/image\/"},"sameAs":["https:\/\/www.facebook.com\/espanola.lt","https:\/\/www.instagram.com\/espanola.lt\/"]}]}},"_links":{"self":[{"href":"https:\/\/espanola.lt\/en\/wp-json\/wp\/v2\/product\/26420"}],"collection":[{"href":"https:\/\/espanola.lt\/en\/wp-json\/wp\/v2\/product"}],"about":[{"href":"https:\/\/espanola.lt\/en\/wp-json\/wp\/v2\/types\/product"}],"version-history":[{"count":2,"href":"https:\/\/espanola.lt\/en\/wp-json\/wp\/v2\/product\/26420\/revisions"}],"predecessor-version":[{"id":27171,"href":"https:\/\/espanola.lt\/en\/wp-json\/wp\/v2\/product\/26420\/revisions\/27171"}],"wp:featuredmedia":[{"embeddable":true,"href":"https:\/\/espanola.lt\/en\/wp-json\/wp\/v2\/media\/26425"}],"wp:attachment":[{"href":"https:\/\/espanola.lt\/en\/wp-json\/wp\/v2\/media?parent=26420"}],"wp:term":[{"taxonomy":"product_brand","embeddable":true,"href":"https:\/\/espanola.lt\/en\/wp-json\/wp\/v2\/product_brand?post=26420"},{"taxonomy":"product_cat","embeddable":true,"href":"https:\/\/espanola.lt\/en\/wp-json\/wp\/v2\/product_cat?post=26420"},{"taxonomy":"product_tag","embeddable":true,"href":"https:\/\/espanola.lt\/en\/wp-json\/wp\/v2\/product_tag?post=26420"}],"curies":[{"name":"wp","href":"https:\/\/api.w.org\/{rel}","templated":true}]}}