{"id":26412,"date":"2025-11-17T12:38:28","date_gmt":"2025-11-17T12:38:28","guid":{"rendered":"https:\/\/espanola.lt\/?post_type=product&#038;p=26412"},"modified":"2026-04-16T08:31:39","modified_gmt":"2026-04-16T08:31:39","slug":"sudytos-karameles-ir-migdolu-turrono-lazdeles-50g","status":"publish","type":"product","link":"https:\/\/espanola.lt\/en\/produktas\/sudytos-karameles-ir-migdolu-turrono-lazdeles-50g\/","title":{"rendered":"S\u016bdytos karamel\u0117s ir migdol\u0173 turrono lazdel\u0117s 50g."},"content":{"rendered":"<h2 data-start=\"131\" data-end=\"223\"><strong data-start=\"134\" data-end=\"223\">S\u016bdytos karamel\u0117s ir migdol\u0173 turrono lazdel\u0117s \u2013 intensyvaus skonio tra\u0161kus skan\u0117stas!<\/strong><\/h2>\n<h3 data-start=\"225\" data-end=\"251\"><strong data-start=\"229\" data-end=\"251\">Sudedamosios dalys<\/strong><\/h3>\n<p data-start=\"252\" data-end=\"406\">Migdolai (ES ir ne ES kilm\u0117s) 45 %, medus 25 %, cukrus 25 %, vaflis (bulvi\u0173 krakmolas, saul\u0117gr\u0105\u017e\u0173 aliejus, da\u017eiklis: amoniakin\u0117 karamel\u0117), druska 0,5 %.<\/p>\n<p data-start=\"408\" data-end=\"523\"><strong data-start=\"408\" data-end=\"421\">Gali b\u016bti<\/strong> \u017eem\u0117s rie\u0161ut\u0173, pieno, sezamo, soj\u0173, kiau\u0161ini\u0173 ir kit\u0173 rie\u0161ut\u0173 (lazdyn\u0173 ir graikini\u0173 rie\u0161ut\u0173) p\u0117dsak\u0173.<\/p>\n<hr data-start=\"525\" data-end=\"528\" \/>\n<h2 data-start=\"530\" data-end=\"553\"><strong data-start=\"533\" data-end=\"551\">Maistin\u0117 vert\u0117<\/strong><\/h2>\n<p data-start=\"554\" data-end=\"591\"><em data-start=\"554\" data-end=\"591\">(Vidutin\u0117s reik\u0161m\u0117s 100 g produkto)<\/em><\/p>\n<div class=\"_tableContainer_1rjym_1\">\n<div class=\"group _tableWrapper_1rjym_13 flex w-fit flex-col-reverse\" tabindex=\"-1\">\n<table class=\"w-fit min-w-(--thread-content-width)\" data-start=\"593\" data-end=\"885\">\n<thead data-start=\"593\" data-end=\"625\">\n<tr data-start=\"593\" data-end=\"625\">\n<th data-start=\"593\" data-end=\"604\" data-col-size=\"sm\">Rodiklis<\/th>\n<th data-start=\"604\" data-end=\"615\" data-col-size=\"sm\">Vienetai<\/th>\n<th data-start=\"615\" data-end=\"625\" data-col-size=\"sm\">Kiekis<\/th>\n<\/tr>\n<\/thead>\n<tbody data-start=\"660\" data-end=\"885\">\n<tr data-start=\"660\" data-end=\"697\">\n<td data-start=\"660\" data-end=\"671\" data-col-size=\"sm\">Energija<\/td>\n<td data-start=\"671\" data-end=\"683\" data-col-size=\"sm\">kJ \/ kcal<\/td>\n<td data-col-size=\"sm\" data-start=\"683\" data-end=\"697\">2133 \/ 511<\/td>\n<\/tr>\n<tr data-start=\"698\" data-end=\"719\">\n<td data-start=\"698\" data-end=\"709\" data-col-size=\"sm\">Riebalai<\/td>\n<td data-col-size=\"sm\" data-start=\"709\" data-end=\"713\">g<\/td>\n<td data-col-size=\"sm\" data-start=\"713\" data-end=\"719\">27<\/td>\n<\/tr>\n<tr data-start=\"720\" data-end=\"763\">\n<td data-start=\"720\" data-end=\"752\" data-col-size=\"sm\">I\u0161 j\u0173 so\u010di\u0173j\u0173 riebal\u0173 r\u016bg\u0161\u010di\u0173<\/td>\n<td data-col-size=\"sm\" data-start=\"752\" data-end=\"756\">g<\/td>\n<td data-col-size=\"sm\" data-start=\"756\" data-end=\"763\">2,4<\/td>\n<\/tr>\n<tr data-start=\"764\" data-end=\"792\">\n<td data-start=\"764\" data-end=\"782\" data-col-size=\"sm\">Angliavandeniai<\/td>\n<td data-start=\"782\" data-end=\"786\" data-col-size=\"sm\">g<\/td>\n<td data-start=\"786\" data-end=\"792\" data-col-size=\"sm\">54<\/td>\n<\/tr>\n<tr data-start=\"793\" data-end=\"817\">\n<td data-start=\"793\" data-end=\"807\" data-col-size=\"sm\">I\u0161 j\u0173 cukr\u0173<\/td>\n<td data-col-size=\"sm\" data-start=\"807\" data-end=\"811\">g<\/td>\n<td data-col-size=\"sm\" data-start=\"811\" data-end=\"817\">35<\/td>\n<\/tr>\n<tr data-start=\"818\" data-end=\"841\">\n<td data-start=\"818\" data-end=\"830\" data-col-size=\"sm\">Skaidulos<\/td>\n<td data-start=\"830\" data-end=\"834\" data-col-size=\"sm\">g<\/td>\n<td data-start=\"834\" data-end=\"841\" data-col-size=\"sm\">5,8<\/td>\n<\/tr>\n<tr data-start=\"842\" data-end=\"863\">\n<td data-start=\"842\" data-end=\"853\" data-col-size=\"sm\">Baltymai<\/td>\n<td data-col-size=\"sm\" data-start=\"853\" data-end=\"857\">g<\/td>\n<td data-col-size=\"sm\" data-start=\"857\" data-end=\"863\">10<\/td>\n<\/tr>\n<tr data-start=\"864\" data-end=\"885\">\n<td data-start=\"864\" data-end=\"873\" data-col-size=\"sm\">Druska<\/td>\n<td data-start=\"873\" data-end=\"877\" data-col-size=\"sm\">g<\/td>\n<td data-start=\"877\" data-end=\"885\" data-col-size=\"sm\">0,53<\/td>\n<\/tr>\n<\/tbody>\n<\/table>\n<\/div>\n<\/div>\n<hr data-start=\"887\" data-end=\"890\" \/>\n<h3 data-start=\"892\" data-end=\"915\"><strong data-start=\"896\" data-end=\"915\">Laikymo s\u0105lygos<\/strong><\/h3>\n<p data-start=\"916\" data-end=\"1033\">Laikyti v\u0117sioje ir sausoje vietoje.<br data-start=\"951\" data-end=\"954\" \/>Maksimali temperat\u016bra: <strong data-start=\"977\" data-end=\"994\">20 \u00b0C \/ 68 \u00b0F<\/strong>, maksimali santykin\u0117 dr\u0117gm\u0117: <strong data-start=\"1024\" data-end=\"1032\">65 %<\/strong>.<\/p>\n<p data-start=\"1035\" data-end=\"1087\">Geriausias iki \/ partijos numeris: \u017er. ant pakuot\u0117s.<\/p>\n<hr data-start=\"1089\" data-end=\"1092\" \/>\n<h3 data-start=\"1094\" data-end=\"1123\"><strong data-start=\"1098\" data-end=\"1123\">Papildoma informacija<\/strong><\/h3>\n<p data-start=\"1124\" data-end=\"1249\">Pagaminta Ispanijoje:<br data-start=\"1145\" data-end=\"1148\" \/><strong data-start=\"1148\" data-end=\"1175\">DLV Alimentaci\u00f3n S.A.U.<\/strong>, Crta. Madrid\u2013Ciudad Real km 95.200,<br data-start=\"1212\" data-end=\"1215\" \/>45450 Orgaz (Toledas), Ispanija.<\/p>\n<p data-start=\"1335\" data-end=\"1368\"><strong data-start=\"1335\" data-end=\"1368\">Grynas svoris: 50 g (1.76 oz)<\/strong><\/p>\n","protected":false},"excerpt":{"rendered":"<p>S\u016bdytos karamel\u0117s ir migdol\u0173 turrono lazdel\u0117s \u2013 intensyvaus skonio tra\u0161kus skan\u0117stas! Sudedamosios dalys Migdolai (ES ir ne ES kilm\u0117s) 45 %, medus 25 %, cukrus 25 %, vaflis (bulvi\u0173 krakmolas, saul\u0117gr\u0105\u017e\u0173 aliejus, da\u017eiklis: amoniakin\u0117 karamel\u0117), druska 0,5 %. Gali b\u016bti \u017eem\u0117s rie\u0161ut\u0173, pieno, sezamo, soj\u0173, kiau\u0161ini\u0173 ir kit\u0173 rie\u0161ut\u0173 (lazdyn\u0173 ir graikini\u0173 rie\u0161ut\u0173) p\u0117dsak\u0173. Maistin\u0117 vert\u0117 (Vidutin\u0117s reik\u0161m\u0117s 100 g produkto) Rodiklis Vienetai Kiekis Energija kJ \/ kcal 2133 \/ 511 Riebalai g 27 I\u0161 j\u0173 so\u010di\u0173j\u0173 riebal\u0173 r\u016bg\u0161\u010di\u0173 g 2,4 Angliavandeniai g 54 I\u0161 j\u0173 cukr\u0173 g 35 Skaidulos g 5,8 Baltymai g 10 Druska g 0,53 Laikymo s\u0105lygos Laikyti v\u0117sioje ir sausoje vietoje.Maksimali temperat\u016bra: 20 \u00b0C \/ 68 \u00b0F, maksimali santykin\u0117 dr\u0117gm\u0117: 65 %. Geriausias iki \/ partijos numeris: \u017er. ant pakuot\u0117s. Papildoma informacija Pagaminta Ispanijoje:DLV Alimentaci\u00f3n S.A.U., Crta. Madrid\u2013Ciudad Real km 95.200,45450 Orgaz (Toledas), Ispanija. Grynas svoris: 50 g (1.76 oz)<\/p>\n","protected":false},"featured_media":26414,"template":"","meta":[],"product_brand":[],"product_cat":[116,132,131],"product_tag":[],"class_list":{"0":"post-26412","1":"product","2":"type-product","3":"status-publish","4":"has-post-thumbnail","6":"product_cat-mazmenine-2","7":"product_cat-akcijoos","8":"product_cat-saldumynai","10":"first","11":"instock","12":"sale","13":"shipping-taxable","14":"purchasable","15":"product-type-simple"},"yoast_head":"<!-- This site is optimized with the Yoast SEO plugin v23.7 - https:\/\/yoast.com\/wordpress\/plugins\/seo\/ -->\n<title>S\u016bdytos karamel\u0117s ir migdol\u0173 turrono lazdel\u0117s 50g. | Espanola.lt<\/title>\n<meta name=\"description\" content=\"Atraskite auk\u0161tos kokyb\u0117s ispani\u0161kus delikatesus \u2013 s\u016brius, kumpius, alyvuoges ir \u017euv\u012f. Tikras Ispanijos skonis tiesiai \u012f j\u016bs\u0173 namus.\" \/>\n<meta name=\"robots\" content=\"index, follow, max-snippet:-1, max-image-preview:large, max-video-preview:-1\" \/>\n<link rel=\"canonical\" href=\"https:\/\/espanola.lt\/produktas\/sudytos-karameles-ir-migdolu-turrono-lazdeles-50g\/\" \/>\n<meta property=\"og:locale\" content=\"en_US\" \/>\n<meta property=\"og:type\" content=\"article\" \/>\n<meta property=\"og:title\" content=\"S\u016bdytos karamel\u0117s ir migdol\u0173 turrono lazdel\u0117s 50g. | Espanola.lt\" \/>\n<meta property=\"og:description\" content=\"Atraskite auk\u0161tos kokyb\u0117s ispani\u0161kus delikatesus \u2013 s\u016brius, kumpius, alyvuoges ir \u017euv\u012f. Tikras Ispanijos skonis tiesiai \u012f j\u016bs\u0173 namus.\" \/>\n<meta property=\"og:url\" content=\"https:\/\/espanola.lt\/produktas\/sudytos-karameles-ir-migdolu-turrono-lazdeles-50g\/\" \/>\n<meta property=\"og:site_name\" content=\"Espanola\" \/>\n<meta property=\"article:publisher\" content=\"https:\/\/www.facebook.com\/espanola.lt\" \/>\n<meta property=\"article:modified_time\" content=\"2026-04-16T08:31:39+00:00\" \/>\n<meta property=\"og:image\" content=\"https:\/\/espanola.lt\/wp-content\/uploads\/2025\/11\/90898-3D-SALTED-CARAMEL-TURRON-STICKS-50G-1024x1024.png\" \/>\n\t<meta property=\"og:image:width\" content=\"1024\" \/>\n\t<meta property=\"og:image:height\" content=\"1024\" \/>\n\t<meta property=\"og:image:type\" content=\"image\/png\" \/>\n<meta name=\"twitter:card\" content=\"summary_large_image\" \/>\n<meta name=\"twitter:label1\" content=\"Est. reading time\" \/>\n\t<meta name=\"twitter:data1\" content=\"1 minute\" \/>\n<script type=\"application\/ld+json\" class=\"yoast-schema-graph\">{\"@context\":\"https:\/\/schema.org\",\"@graph\":[{\"@type\":\"WebPage\",\"@id\":\"https:\/\/espanola.lt\/produktas\/sudytos-karameles-ir-migdolu-turrono-lazdeles-50g\/\",\"url\":\"https:\/\/espanola.lt\/produktas\/sudytos-karameles-ir-migdolu-turrono-lazdeles-50g\/\",\"name\":\"S\u016bdytos karamel\u0117s ir migdol\u0173 turrono lazdel\u0117s 50g. | Espanola.lt\",\"isPartOf\":{\"@id\":\"https:\/\/espanola.lt\/#website\"},\"primaryImageOfPage\":{\"@id\":\"https:\/\/espanola.lt\/produktas\/sudytos-karameles-ir-migdolu-turrono-lazdeles-50g\/#primaryimage\"},\"image\":{\"@id\":\"https:\/\/espanola.lt\/produktas\/sudytos-karameles-ir-migdolu-turrono-lazdeles-50g\/#primaryimage\"},\"thumbnailUrl\":\"https:\/\/espanola.lt\/wp-content\/uploads\/2025\/11\/90898-3D-SALTED-CARAMEL-TURRON-STICKS-50G.png\",\"datePublished\":\"2025-11-17T12:38:28+00:00\",\"dateModified\":\"2026-04-16T08:31:39+00:00\",\"description\":\"Atraskite auk\u0161tos kokyb\u0117s ispani\u0161kus delikatesus \u2013 s\u016brius, kumpius, alyvuoges ir \u017euv\u012f. Tikras Ispanijos skonis tiesiai \u012f j\u016bs\u0173 namus.\",\"breadcrumb\":{\"@id\":\"https:\/\/espanola.lt\/produktas\/sudytos-karameles-ir-migdolu-turrono-lazdeles-50g\/#breadcrumb\"},\"inLanguage\":\"en-US\",\"potentialAction\":[{\"@type\":\"ReadAction\",\"target\":[\"https:\/\/espanola.lt\/produktas\/sudytos-karameles-ir-migdolu-turrono-lazdeles-50g\/\"]}]},{\"@type\":\"ImageObject\",\"inLanguage\":\"en-US\",\"@id\":\"https:\/\/espanola.lt\/produktas\/sudytos-karameles-ir-migdolu-turrono-lazdeles-50g\/#primaryimage\",\"url\":\"https:\/\/espanola.lt\/wp-content\/uploads\/2025\/11\/90898-3D-SALTED-CARAMEL-TURRON-STICKS-50G.png\",\"contentUrl\":\"https:\/\/espanola.lt\/wp-content\/uploads\/2025\/11\/90898-3D-SALTED-CARAMEL-TURRON-STICKS-50G.png\",\"width\":4800,\"height\":4800},{\"@type\":\"BreadcrumbList\",\"@id\":\"https:\/\/espanola.lt\/produktas\/sudytos-karameles-ir-migdolu-turrono-lazdeles-50g\/#breadcrumb\",\"itemListElement\":[{\"@type\":\"ListItem\",\"position\":1,\"name\":\"Home\",\"item\":\"https:\/\/espanola.lt\/en\/homepage\/\"},{\"@type\":\"ListItem\",\"position\":2,\"name\":\"Shop\",\"item\":\"https:\/\/espanola.lt\/en\/shop\/\"},{\"@type\":\"ListItem\",\"position\":3,\"name\":\"S\u016bdytos karamel\u0117s ir migdol\u0173 turrono lazdel\u0117s 50g.\"}]},{\"@type\":\"WebSite\",\"@id\":\"https:\/\/espanola.lt\/#website\",\"url\":\"https:\/\/espanola.lt\/\",\"name\":\"Espanola.lt | Tikras Ispanijos skonis \u2013 J\u016bs\u0173 namuose!\",\"description\":\"\",\"publisher\":{\"@id\":\"https:\/\/espanola.lt\/#organization\"},\"potentialAction\":[{\"@type\":\"SearchAction\",\"target\":{\"@type\":\"EntryPoint\",\"urlTemplate\":\"https:\/\/espanola.lt\/?s={search_term_string}\"},\"query-input\":{\"@type\":\"PropertyValueSpecification\",\"valueRequired\":true,\"valueName\":\"search_term_string\"}}],\"inLanguage\":\"en-US\"},{\"@type\":\"Organization\",\"@id\":\"https:\/\/espanola.lt\/#organization\",\"name\":\"Espanola.lt\",\"url\":\"https:\/\/espanola.lt\/\",\"logo\":{\"@type\":\"ImageObject\",\"inLanguage\":\"en-US\",\"@id\":\"https:\/\/espanola.lt\/#\/schema\/logo\/image\/\",\"url\":\"https:\/\/espanola.lt\/wp-content\/uploads\/2023\/03\/notext_color.png\",\"contentUrl\":\"https:\/\/espanola.lt\/wp-content\/uploads\/2023\/03\/notext_color.png\",\"width\":916,\"height\":204,\"caption\":\"Espanola.lt\"},\"image\":{\"@id\":\"https:\/\/espanola.lt\/#\/schema\/logo\/image\/\"},\"sameAs\":[\"https:\/\/www.facebook.com\/espanola.lt\",\"https:\/\/www.instagram.com\/espanola.lt\/\"]}]}<\/script>\n<!-- \/ Yoast SEO plugin. -->","yoast_head_json":{"title":"S\u016bdytos karamel\u0117s ir migdol\u0173 turrono lazdel\u0117s 50g. | Espanola.lt","description":"Atraskite auk\u0161tos kokyb\u0117s ispani\u0161kus delikatesus \u2013 s\u016brius, kumpius, alyvuoges ir \u017euv\u012f. Tikras Ispanijos skonis tiesiai \u012f j\u016bs\u0173 namus.","robots":{"index":"index","follow":"follow","max-snippet":"max-snippet:-1","max-image-preview":"max-image-preview:large","max-video-preview":"max-video-preview:-1"},"canonical":"https:\/\/espanola.lt\/produktas\/sudytos-karameles-ir-migdolu-turrono-lazdeles-50g\/","og_locale":"en_US","og_type":"article","og_title":"S\u016bdytos karamel\u0117s ir migdol\u0173 turrono lazdel\u0117s 50g. | Espanola.lt","og_description":"Atraskite auk\u0161tos kokyb\u0117s ispani\u0161kus delikatesus \u2013 s\u016brius, kumpius, alyvuoges ir \u017euv\u012f. Tikras Ispanijos skonis tiesiai \u012f j\u016bs\u0173 namus.","og_url":"https:\/\/espanola.lt\/produktas\/sudytos-karameles-ir-migdolu-turrono-lazdeles-50g\/","og_site_name":"Espanola","article_publisher":"https:\/\/www.facebook.com\/espanola.lt","article_modified_time":"2026-04-16T08:31:39+00:00","og_image":[{"width":1024,"height":1024,"url":"https:\/\/espanola.lt\/wp-content\/uploads\/2025\/11\/90898-3D-SALTED-CARAMEL-TURRON-STICKS-50G-1024x1024.png","type":"image\/png"}],"twitter_card":"summary_large_image","twitter_misc":{"Est. reading time":"1 minute"},"schema":{"@context":"https:\/\/schema.org","@graph":[{"@type":"WebPage","@id":"https:\/\/espanola.lt\/produktas\/sudytos-karameles-ir-migdolu-turrono-lazdeles-50g\/","url":"https:\/\/espanola.lt\/produktas\/sudytos-karameles-ir-migdolu-turrono-lazdeles-50g\/","name":"S\u016bdytos karamel\u0117s ir migdol\u0173 turrono lazdel\u0117s 50g. | Espanola.lt","isPartOf":{"@id":"https:\/\/espanola.lt\/#website"},"primaryImageOfPage":{"@id":"https:\/\/espanola.lt\/produktas\/sudytos-karameles-ir-migdolu-turrono-lazdeles-50g\/#primaryimage"},"image":{"@id":"https:\/\/espanola.lt\/produktas\/sudytos-karameles-ir-migdolu-turrono-lazdeles-50g\/#primaryimage"},"thumbnailUrl":"https:\/\/espanola.lt\/wp-content\/uploads\/2025\/11\/90898-3D-SALTED-CARAMEL-TURRON-STICKS-50G.png","datePublished":"2025-11-17T12:38:28+00:00","dateModified":"2026-04-16T08:31:39+00:00","description":"Atraskite auk\u0161tos kokyb\u0117s ispani\u0161kus delikatesus \u2013 s\u016brius, kumpius, alyvuoges ir \u017euv\u012f. Tikras Ispanijos skonis tiesiai \u012f j\u016bs\u0173 namus.","breadcrumb":{"@id":"https:\/\/espanola.lt\/produktas\/sudytos-karameles-ir-migdolu-turrono-lazdeles-50g\/#breadcrumb"},"inLanguage":"en-US","potentialAction":[{"@type":"ReadAction","target":["https:\/\/espanola.lt\/produktas\/sudytos-karameles-ir-migdolu-turrono-lazdeles-50g\/"]}]},{"@type":"ImageObject","inLanguage":"en-US","@id":"https:\/\/espanola.lt\/produktas\/sudytos-karameles-ir-migdolu-turrono-lazdeles-50g\/#primaryimage","url":"https:\/\/espanola.lt\/wp-content\/uploads\/2025\/11\/90898-3D-SALTED-CARAMEL-TURRON-STICKS-50G.png","contentUrl":"https:\/\/espanola.lt\/wp-content\/uploads\/2025\/11\/90898-3D-SALTED-CARAMEL-TURRON-STICKS-50G.png","width":4800,"height":4800},{"@type":"BreadcrumbList","@id":"https:\/\/espanola.lt\/produktas\/sudytos-karameles-ir-migdolu-turrono-lazdeles-50g\/#breadcrumb","itemListElement":[{"@type":"ListItem","position":1,"name":"Home","item":"https:\/\/espanola.lt\/en\/homepage\/"},{"@type":"ListItem","position":2,"name":"Shop","item":"https:\/\/espanola.lt\/en\/shop\/"},{"@type":"ListItem","position":3,"name":"S\u016bdytos karamel\u0117s ir migdol\u0173 turrono lazdel\u0117s 50g."}]},{"@type":"WebSite","@id":"https:\/\/espanola.lt\/#website","url":"https:\/\/espanola.lt\/","name":"Espanola.lt | Tikras Ispanijos skonis \u2013 J\u016bs\u0173 namuose!","description":"","publisher":{"@id":"https:\/\/espanola.lt\/#organization"},"potentialAction":[{"@type":"SearchAction","target":{"@type":"EntryPoint","urlTemplate":"https:\/\/espanola.lt\/?s={search_term_string}"},"query-input":{"@type":"PropertyValueSpecification","valueRequired":true,"valueName":"search_term_string"}}],"inLanguage":"en-US"},{"@type":"Organization","@id":"https:\/\/espanola.lt\/#organization","name":"Espanola.lt","url":"https:\/\/espanola.lt\/","logo":{"@type":"ImageObject","inLanguage":"en-US","@id":"https:\/\/espanola.lt\/#\/schema\/logo\/image\/","url":"https:\/\/espanola.lt\/wp-content\/uploads\/2023\/03\/notext_color.png","contentUrl":"https:\/\/espanola.lt\/wp-content\/uploads\/2023\/03\/notext_color.png","width":916,"height":204,"caption":"Espanola.lt"},"image":{"@id":"https:\/\/espanola.lt\/#\/schema\/logo\/image\/"},"sameAs":["https:\/\/www.facebook.com\/espanola.lt","https:\/\/www.instagram.com\/espanola.lt\/"]}]}},"_links":{"self":[{"href":"https:\/\/espanola.lt\/en\/wp-json\/wp\/v2\/product\/26412"}],"collection":[{"href":"https:\/\/espanola.lt\/en\/wp-json\/wp\/v2\/product"}],"about":[{"href":"https:\/\/espanola.lt\/en\/wp-json\/wp\/v2\/types\/product"}],"version-history":[{"count":1,"href":"https:\/\/espanola.lt\/en\/wp-json\/wp\/v2\/product\/26412\/revisions"}],"predecessor-version":[{"id":26418,"href":"https:\/\/espanola.lt\/en\/wp-json\/wp\/v2\/product\/26412\/revisions\/26418"}],"wp:featuredmedia":[{"embeddable":true,"href":"https:\/\/espanola.lt\/en\/wp-json\/wp\/v2\/media\/26414"}],"wp:attachment":[{"href":"https:\/\/espanola.lt\/en\/wp-json\/wp\/v2\/media?parent=26412"}],"wp:term":[{"taxonomy":"product_brand","embeddable":true,"href":"https:\/\/espanola.lt\/en\/wp-json\/wp\/v2\/product_brand?post=26412"},{"taxonomy":"product_cat","embeddable":true,"href":"https:\/\/espanola.lt\/en\/wp-json\/wp\/v2\/product_cat?post=26412"},{"taxonomy":"product_tag","embeddable":true,"href":"https:\/\/espanola.lt\/en\/wp-json\/wp\/v2\/product_tag?post=26412"}],"curies":[{"name":"wp","href":"https:\/\/api.w.org\/{rel}","templated":true}]}}