{"id":26408,"date":"2025-11-17T11:05:25","date_gmt":"2025-11-17T11:05:25","guid":{"rendered":"https:\/\/espanola.lt\/?post_type=product&#038;p=26408"},"modified":"2026-04-09T09:49:59","modified_gmt":"2026-04-09T09:49:59","slug":"sudytu-migdolu-turrono-lazdeles-50g","status":"publish","type":"product","link":"https:\/\/espanola.lt\/en\/produktas\/sudytu-migdolu-turrono-lazdeles-50g\/","title":{"rendered":"S\u016bdyt\u0173 migdol\u0173 turrono lazdel\u0117s 50g."},"content":{"rendered":"<h3 data-start=\"122\" data-end=\"148\"><strong data-start=\"126\" data-end=\"148\">Sudedamosios dalys<\/strong><\/h3>\n<p data-start=\"149\" data-end=\"392\">Migdolai (ES ir ne ES kilm\u0117s) 48 %, medus 24 %, cukrus, vaflis (bulvi\u0173 krakmolas, saul\u0117gr\u0105\u017e\u0173 aliejus), druska 0,3 %, kiau\u0161inio baltymas.<br data-start=\"285\" data-end=\"288\" \/><strong data-start=\"288\" data-end=\"301\">Gali b\u016bti<\/strong> \u017eem\u0117s rie\u0161ut\u0173, pieno, sezamo, soj\u0173 ir kit\u0173 rie\u0161ut\u0173 (lazdyn\u0173 ir graikini\u0173 rie\u0161ut\u0173) p\u0117dsak\u0173.<\/p>\n<h3 data-start=\"394\" data-end=\"417\"><strong data-start=\"398\" data-end=\"417\">Laikymo s\u0105lygos<\/strong><\/h3>\n<p data-start=\"418\" data-end=\"535\">Laikyti v\u0117sioje ir sausoje vietoje.<br data-start=\"453\" data-end=\"456\" \/>Maksimali temperat\u016bra: <strong data-start=\"479\" data-end=\"496\">20 \u00baC \/ 68 \u00baF<\/strong>, maksimali santykin\u0117 dr\u0117gm\u0117: <strong data-start=\"526\" data-end=\"534\">65 %<\/strong>.<\/p>\n<p data-start=\"537\" data-end=\"580\">Geriausias iki \/ partija: \u017er. ant pakuot\u0117s.<\/p>\n<p data-start=\"582\" data-end=\"797\">Pagaminta Ispanijoje:<br data-start=\"603\" data-end=\"606\" \/><strong data-start=\"606\" data-end=\"633\">DLV Alimentaci\u00f3n S.A.U.<\/strong>,<br data-start=\"634\" data-end=\"637\" \/>Crta. Madrid\u2013Ciudad Real km 95.200, 45450 Orgaz (Toledas), Ispanija.<\/p>\n<p data-start=\"582\" data-end=\"797\"><strong data-start=\"799\" data-end=\"832\">Grynas svoris: 50 g\u00a0<\/strong><\/p>\n<hr data-start=\"834\" data-end=\"837\" \/>\n<h3 data-start=\"839\" data-end=\"863\"><strong data-start=\"843\" data-end=\"861\">Maistin\u0117 vert\u0117<\/strong><\/h3>\n<p data-start=\"864\" data-end=\"901\"><em data-start=\"864\" data-end=\"901\">(Vidutin\u0117s reik\u0161m\u0117s 100 g produkto)<\/em><\/p>\n<ul data-start=\"903\" data-end=\"1130\">\n<li data-start=\"903\" data-end=\"939\">\n<p data-start=\"905\" data-end=\"939\"><strong data-start=\"905\" data-end=\"918\">Energija:<\/strong> 2133 kJ \/ 511 kcal<\/p>\n<\/li>\n<li data-start=\"940\" data-end=\"1005\">\n<p data-start=\"942\" data-end=\"962\"><strong data-start=\"942\" data-end=\"955\">Riebalai:<\/strong> 28 g<\/p>\n<ul data-start=\"965\" data-end=\"1005\">\n<li data-start=\"965\" data-end=\"1005\">\n<p data-start=\"967\" data-end=\"1005\">i\u0161 j\u0173 so\u010di\u0173j\u0173 riebal\u0173 r\u016bg\u0161\u010di\u0173: 2,5 g<\/p>\n<\/li>\n<\/ul>\n<\/li>\n<li data-start=\"1006\" data-end=\"1059\">\n<p data-start=\"1008\" data-end=\"1035\"><strong data-start=\"1008\" data-end=\"1028\">Angliavandeniai:<\/strong> 51 g<\/p>\n<ul data-start=\"1038\" data-end=\"1059\">\n<li data-start=\"1038\" data-end=\"1059\">\n<p data-start=\"1040\" data-end=\"1059\">i\u0161 j\u0173 cukr\u0173: 51 g<\/p>\n<\/li>\n<\/ul>\n<\/li>\n<li data-start=\"1060\" data-end=\"1084\">\n<p data-start=\"1062\" data-end=\"1084\"><strong data-start=\"1062\" data-end=\"1076\">Skaidulos:<\/strong> 5,4 g<\/p>\n<\/li>\n<li data-start=\"1085\" data-end=\"1107\">\n<p data-start=\"1087\" data-end=\"1107\"><strong data-start=\"1087\" data-end=\"1100\">Baltymai:<\/strong> 11 g<\/p>\n<\/li>\n<li data-start=\"1108\" data-end=\"1130\">\n<p data-start=\"1110\" data-end=\"1130\"><strong data-start=\"1110\" data-end=\"1121\">Druska:<\/strong> 0,34 g<\/p>\n<\/li>\n<\/ul>\n","protected":false},"excerpt":{"rendered":"<p>Sudedamosios dalys Migdolai (ES ir ne ES kilm\u0117s) 48 %, medus 24 %, cukrus, vaflis (bulvi\u0173 krakmolas, saul\u0117gr\u0105\u017e\u0173 aliejus), druska 0,3 %, kiau\u0161inio baltymas.Gali b\u016bti \u017eem\u0117s rie\u0161ut\u0173, pieno, sezamo, soj\u0173 ir kit\u0173 rie\u0161ut\u0173 (lazdyn\u0173 ir graikini\u0173 rie\u0161ut\u0173) p\u0117dsak\u0173. Laikymo s\u0105lygos Laikyti v\u0117sioje ir sausoje vietoje.Maksimali temperat\u016bra: 20 \u00baC \/ 68 \u00baF, maksimali santykin\u0117 dr\u0117gm\u0117: 65 %. Geriausias iki \/ partija: \u017er. ant pakuot\u0117s. Pagaminta Ispanijoje:DLV Alimentaci\u00f3n S.A.U.,Crta. Madrid\u2013Ciudad Real km 95.200, 45450 Orgaz (Toledas), Ispanija. Grynas svoris: 50 g\u00a0 Maistin\u0117 vert\u0117 (Vidutin\u0117s reik\u0161m\u0117s 100 g produkto) Energija: 2133 kJ \/ 511 kcal Riebalai: 28 g i\u0161 j\u0173 so\u010di\u0173j\u0173 riebal\u0173 r\u016bg\u0161\u010di\u0173: 2,5 g Angliavandeniai: 51 g i\u0161 j\u0173 cukr\u0173: 51 g Skaidulos: 5,4 g Baltymai: 11 g Druska: 0,34 g<\/p>\n","protected":false},"featured_media":26409,"template":"","meta":[],"product_brand":[],"product_cat":[116,132,131],"product_tag":[],"class_list":{"0":"post-26408","1":"product","2":"type-product","3":"status-publish","4":"has-post-thumbnail","6":"product_cat-mazmenine-2","7":"product_cat-akcijoos","8":"product_cat-saldumynai","10":"first","11":"instock","12":"sale","13":"shipping-taxable","14":"purchasable","15":"product-type-simple"},"yoast_head":"<!-- This site is optimized with the Yoast SEO plugin v23.7 - https:\/\/yoast.com\/wordpress\/plugins\/seo\/ -->\n<title>S\u016bdyt\u0173 migdol\u0173 turrono lazdel\u0117s 50g. | Espanola.lt<\/title>\n<meta name=\"description\" content=\"Atraskite auk\u0161tos kokyb\u0117s ispani\u0161kus delikatesus \u2013 s\u016brius, kumpius, alyvuoges ir \u017euv\u012f. Tikras Ispanijos skonis tiesiai \u012f j\u016bs\u0173 namus.\" \/>\n<meta name=\"robots\" content=\"index, follow, max-snippet:-1, max-image-preview:large, max-video-preview:-1\" \/>\n<link rel=\"canonical\" href=\"https:\/\/espanola.lt\/produktas\/sudytu-migdolu-turrono-lazdeles-50g\/\" \/>\n<meta property=\"og:locale\" content=\"en_US\" \/>\n<meta property=\"og:type\" content=\"article\" \/>\n<meta property=\"og:title\" content=\"S\u016bdyt\u0173 migdol\u0173 turrono lazdel\u0117s 50g. | Espanola.lt\" \/>\n<meta property=\"og:description\" content=\"Atraskite auk\u0161tos kokyb\u0117s ispani\u0161kus delikatesus \u2013 s\u016brius, kumpius, alyvuoges ir \u017euv\u012f. Tikras Ispanijos skonis tiesiai \u012f j\u016bs\u0173 namus.\" \/>\n<meta property=\"og:url\" content=\"https:\/\/espanola.lt\/produktas\/sudytu-migdolu-turrono-lazdeles-50g\/\" \/>\n<meta property=\"og:site_name\" content=\"Espanola\" \/>\n<meta property=\"article:publisher\" content=\"https:\/\/www.facebook.com\/espanola.lt\" \/>\n<meta property=\"article:modified_time\" content=\"2026-04-09T09:49:59+00:00\" \/>\n<meta property=\"og:image\" content=\"https:\/\/espanola.lt\/wp-content\/uploads\/2025\/11\/90897-3D-TRADITIONAL-ALMOND-TURRON-STICKS-50G-1024x1024.png\" \/>\n\t<meta property=\"og:image:width\" content=\"1024\" \/>\n\t<meta property=\"og:image:height\" content=\"1024\" \/>\n\t<meta property=\"og:image:type\" content=\"image\/png\" \/>\n<meta name=\"twitter:card\" content=\"summary_large_image\" \/>\n<meta name=\"twitter:label1\" content=\"Est. reading time\" \/>\n\t<meta name=\"twitter:data1\" content=\"1 minute\" \/>\n<script type=\"application\/ld+json\" class=\"yoast-schema-graph\">{\"@context\":\"https:\/\/schema.org\",\"@graph\":[{\"@type\":\"WebPage\",\"@id\":\"https:\/\/espanola.lt\/produktas\/sudytu-migdolu-turrono-lazdeles-50g\/\",\"url\":\"https:\/\/espanola.lt\/produktas\/sudytu-migdolu-turrono-lazdeles-50g\/\",\"name\":\"S\u016bdyt\u0173 migdol\u0173 turrono lazdel\u0117s 50g. | Espanola.lt\",\"isPartOf\":{\"@id\":\"https:\/\/espanola.lt\/#website\"},\"primaryImageOfPage\":{\"@id\":\"https:\/\/espanola.lt\/produktas\/sudytu-migdolu-turrono-lazdeles-50g\/#primaryimage\"},\"image\":{\"@id\":\"https:\/\/espanola.lt\/produktas\/sudytu-migdolu-turrono-lazdeles-50g\/#primaryimage\"},\"thumbnailUrl\":\"https:\/\/espanola.lt\/wp-content\/uploads\/2025\/11\/90897-3D-TRADITIONAL-ALMOND-TURRON-STICKS-50G.png\",\"datePublished\":\"2025-11-17T11:05:25+00:00\",\"dateModified\":\"2026-04-09T09:49:59+00:00\",\"description\":\"Atraskite auk\u0161tos kokyb\u0117s ispani\u0161kus delikatesus \u2013 s\u016brius, kumpius, alyvuoges ir \u017euv\u012f. Tikras Ispanijos skonis tiesiai \u012f j\u016bs\u0173 namus.\",\"breadcrumb\":{\"@id\":\"https:\/\/espanola.lt\/produktas\/sudytu-migdolu-turrono-lazdeles-50g\/#breadcrumb\"},\"inLanguage\":\"en-US\",\"potentialAction\":[{\"@type\":\"ReadAction\",\"target\":[\"https:\/\/espanola.lt\/produktas\/sudytu-migdolu-turrono-lazdeles-50g\/\"]}]},{\"@type\":\"ImageObject\",\"inLanguage\":\"en-US\",\"@id\":\"https:\/\/espanola.lt\/produktas\/sudytu-migdolu-turrono-lazdeles-50g\/#primaryimage\",\"url\":\"https:\/\/espanola.lt\/wp-content\/uploads\/2025\/11\/90897-3D-TRADITIONAL-ALMOND-TURRON-STICKS-50G.png\",\"contentUrl\":\"https:\/\/espanola.lt\/wp-content\/uploads\/2025\/11\/90897-3D-TRADITIONAL-ALMOND-TURRON-STICKS-50G.png\",\"width\":4800,\"height\":4800},{\"@type\":\"BreadcrumbList\",\"@id\":\"https:\/\/espanola.lt\/produktas\/sudytu-migdolu-turrono-lazdeles-50g\/#breadcrumb\",\"itemListElement\":[{\"@type\":\"ListItem\",\"position\":1,\"name\":\"Home\",\"item\":\"https:\/\/espanola.lt\/en\/homepage\/\"},{\"@type\":\"ListItem\",\"position\":2,\"name\":\"Shop\",\"item\":\"https:\/\/espanola.lt\/en\/shop\/\"},{\"@type\":\"ListItem\",\"position\":3,\"name\":\"S\u016bdyt\u0173 migdol\u0173 turrono lazdel\u0117s 50g.\"}]},{\"@type\":\"WebSite\",\"@id\":\"https:\/\/espanola.lt\/#website\",\"url\":\"https:\/\/espanola.lt\/\",\"name\":\"Espanola.lt | Tikras Ispanijos skonis \u2013 J\u016bs\u0173 namuose!\",\"description\":\"\",\"publisher\":{\"@id\":\"https:\/\/espanola.lt\/#organization\"},\"potentialAction\":[{\"@type\":\"SearchAction\",\"target\":{\"@type\":\"EntryPoint\",\"urlTemplate\":\"https:\/\/espanola.lt\/?s={search_term_string}\"},\"query-input\":{\"@type\":\"PropertyValueSpecification\",\"valueRequired\":true,\"valueName\":\"search_term_string\"}}],\"inLanguage\":\"en-US\"},{\"@type\":\"Organization\",\"@id\":\"https:\/\/espanola.lt\/#organization\",\"name\":\"Espanola.lt\",\"url\":\"https:\/\/espanola.lt\/\",\"logo\":{\"@type\":\"ImageObject\",\"inLanguage\":\"en-US\",\"@id\":\"https:\/\/espanola.lt\/#\/schema\/logo\/image\/\",\"url\":\"https:\/\/espanola.lt\/wp-content\/uploads\/2023\/03\/notext_color.png\",\"contentUrl\":\"https:\/\/espanola.lt\/wp-content\/uploads\/2023\/03\/notext_color.png\",\"width\":916,\"height\":204,\"caption\":\"Espanola.lt\"},\"image\":{\"@id\":\"https:\/\/espanola.lt\/#\/schema\/logo\/image\/\"},\"sameAs\":[\"https:\/\/www.facebook.com\/espanola.lt\",\"https:\/\/www.instagram.com\/espanola.lt\/\"]}]}<\/script>\n<!-- \/ Yoast SEO plugin. -->","yoast_head_json":{"title":"S\u016bdyt\u0173 migdol\u0173 turrono lazdel\u0117s 50g. | Espanola.lt","description":"Atraskite auk\u0161tos kokyb\u0117s ispani\u0161kus delikatesus \u2013 s\u016brius, kumpius, alyvuoges ir \u017euv\u012f. Tikras Ispanijos skonis tiesiai \u012f j\u016bs\u0173 namus.","robots":{"index":"index","follow":"follow","max-snippet":"max-snippet:-1","max-image-preview":"max-image-preview:large","max-video-preview":"max-video-preview:-1"},"canonical":"https:\/\/espanola.lt\/produktas\/sudytu-migdolu-turrono-lazdeles-50g\/","og_locale":"en_US","og_type":"article","og_title":"S\u016bdyt\u0173 migdol\u0173 turrono lazdel\u0117s 50g. | Espanola.lt","og_description":"Atraskite auk\u0161tos kokyb\u0117s ispani\u0161kus delikatesus \u2013 s\u016brius, kumpius, alyvuoges ir \u017euv\u012f. Tikras Ispanijos skonis tiesiai \u012f j\u016bs\u0173 namus.","og_url":"https:\/\/espanola.lt\/produktas\/sudytu-migdolu-turrono-lazdeles-50g\/","og_site_name":"Espanola","article_publisher":"https:\/\/www.facebook.com\/espanola.lt","article_modified_time":"2026-04-09T09:49:59+00:00","og_image":[{"width":1024,"height":1024,"url":"https:\/\/espanola.lt\/wp-content\/uploads\/2025\/11\/90897-3D-TRADITIONAL-ALMOND-TURRON-STICKS-50G-1024x1024.png","type":"image\/png"}],"twitter_card":"summary_large_image","twitter_misc":{"Est. reading time":"1 minute"},"schema":{"@context":"https:\/\/schema.org","@graph":[{"@type":"WebPage","@id":"https:\/\/espanola.lt\/produktas\/sudytu-migdolu-turrono-lazdeles-50g\/","url":"https:\/\/espanola.lt\/produktas\/sudytu-migdolu-turrono-lazdeles-50g\/","name":"S\u016bdyt\u0173 migdol\u0173 turrono lazdel\u0117s 50g. | Espanola.lt","isPartOf":{"@id":"https:\/\/espanola.lt\/#website"},"primaryImageOfPage":{"@id":"https:\/\/espanola.lt\/produktas\/sudytu-migdolu-turrono-lazdeles-50g\/#primaryimage"},"image":{"@id":"https:\/\/espanola.lt\/produktas\/sudytu-migdolu-turrono-lazdeles-50g\/#primaryimage"},"thumbnailUrl":"https:\/\/espanola.lt\/wp-content\/uploads\/2025\/11\/90897-3D-TRADITIONAL-ALMOND-TURRON-STICKS-50G.png","datePublished":"2025-11-17T11:05:25+00:00","dateModified":"2026-04-09T09:49:59+00:00","description":"Atraskite auk\u0161tos kokyb\u0117s ispani\u0161kus delikatesus \u2013 s\u016brius, kumpius, alyvuoges ir \u017euv\u012f. Tikras Ispanijos skonis tiesiai \u012f j\u016bs\u0173 namus.","breadcrumb":{"@id":"https:\/\/espanola.lt\/produktas\/sudytu-migdolu-turrono-lazdeles-50g\/#breadcrumb"},"inLanguage":"en-US","potentialAction":[{"@type":"ReadAction","target":["https:\/\/espanola.lt\/produktas\/sudytu-migdolu-turrono-lazdeles-50g\/"]}]},{"@type":"ImageObject","inLanguage":"en-US","@id":"https:\/\/espanola.lt\/produktas\/sudytu-migdolu-turrono-lazdeles-50g\/#primaryimage","url":"https:\/\/espanola.lt\/wp-content\/uploads\/2025\/11\/90897-3D-TRADITIONAL-ALMOND-TURRON-STICKS-50G.png","contentUrl":"https:\/\/espanola.lt\/wp-content\/uploads\/2025\/11\/90897-3D-TRADITIONAL-ALMOND-TURRON-STICKS-50G.png","width":4800,"height":4800},{"@type":"BreadcrumbList","@id":"https:\/\/espanola.lt\/produktas\/sudytu-migdolu-turrono-lazdeles-50g\/#breadcrumb","itemListElement":[{"@type":"ListItem","position":1,"name":"Home","item":"https:\/\/espanola.lt\/en\/homepage\/"},{"@type":"ListItem","position":2,"name":"Shop","item":"https:\/\/espanola.lt\/en\/shop\/"},{"@type":"ListItem","position":3,"name":"S\u016bdyt\u0173 migdol\u0173 turrono lazdel\u0117s 50g."}]},{"@type":"WebSite","@id":"https:\/\/espanola.lt\/#website","url":"https:\/\/espanola.lt\/","name":"Espanola.lt | Tikras Ispanijos skonis \u2013 J\u016bs\u0173 namuose!","description":"","publisher":{"@id":"https:\/\/espanola.lt\/#organization"},"potentialAction":[{"@type":"SearchAction","target":{"@type":"EntryPoint","urlTemplate":"https:\/\/espanola.lt\/?s={search_term_string}"},"query-input":{"@type":"PropertyValueSpecification","valueRequired":true,"valueName":"search_term_string"}}],"inLanguage":"en-US"},{"@type":"Organization","@id":"https:\/\/espanola.lt\/#organization","name":"Espanola.lt","url":"https:\/\/espanola.lt\/","logo":{"@type":"ImageObject","inLanguage":"en-US","@id":"https:\/\/espanola.lt\/#\/schema\/logo\/image\/","url":"https:\/\/espanola.lt\/wp-content\/uploads\/2023\/03\/notext_color.png","contentUrl":"https:\/\/espanola.lt\/wp-content\/uploads\/2023\/03\/notext_color.png","width":916,"height":204,"caption":"Espanola.lt"},"image":{"@id":"https:\/\/espanola.lt\/#\/schema\/logo\/image\/"},"sameAs":["https:\/\/www.facebook.com\/espanola.lt","https:\/\/www.instagram.com\/espanola.lt\/"]}]}},"_links":{"self":[{"href":"https:\/\/espanola.lt\/en\/wp-json\/wp\/v2\/product\/26408"}],"collection":[{"href":"https:\/\/espanola.lt\/en\/wp-json\/wp\/v2\/product"}],"about":[{"href":"https:\/\/espanola.lt\/en\/wp-json\/wp\/v2\/types\/product"}],"version-history":[{"count":3,"href":"https:\/\/espanola.lt\/en\/wp-json\/wp\/v2\/product\/26408\/revisions"}],"predecessor-version":[{"id":27173,"href":"https:\/\/espanola.lt\/en\/wp-json\/wp\/v2\/product\/26408\/revisions\/27173"}],"wp:featuredmedia":[{"embeddable":true,"href":"https:\/\/espanola.lt\/en\/wp-json\/wp\/v2\/media\/26409"}],"wp:attachment":[{"href":"https:\/\/espanola.lt\/en\/wp-json\/wp\/v2\/media?parent=26408"}],"wp:term":[{"taxonomy":"product_brand","embeddable":true,"href":"https:\/\/espanola.lt\/en\/wp-json\/wp\/v2\/product_brand?post=26408"},{"taxonomy":"product_cat","embeddable":true,"href":"https:\/\/espanola.lt\/en\/wp-json\/wp\/v2\/product_cat?post=26408"},{"taxonomy":"product_tag","embeddable":true,"href":"https:\/\/espanola.lt\/en\/wp-json\/wp\/v2\/product_tag?post=26408"}],"curies":[{"name":"wp","href":"https:\/\/api.w.org\/{rel}","templated":true}]}}