{"id":26402,"date":"2025-11-17T10:24:19","date_gmt":"2025-11-17T10:24:19","guid":{"rendered":"https:\/\/espanola.lt\/?post_type=product&#038;p=26402"},"modified":"2025-12-22T21:04:43","modified_gmt":"2025-12-22T21:04:43","slug":"turronas-finisimo-crocanti-itin-traskus-180-g","status":"publish","type":"product","link":"https:\/\/espanola.lt\/en\/produktas\/turronas-finisimo-crocanti-itin-traskus-180-g\/","title":{"rendered":"Turronas \u201eFin\u00edsimo Crocanti\u201c (itin tra\u0161kus) 180 g."},"content":{"rendered":"<h2 data-start=\"171\" data-end=\"249\"><strong data-start=\"174\" data-end=\"249\">Itin tra\u0161kus migdol\u0173 turronas \u2013 saldus ir gardus skan\u0117stas!<\/strong><\/h2>\n<h3 data-start=\"251\" data-end=\"277\"><strong data-start=\"255\" data-end=\"277\">Sudedamosios dalys<\/strong><\/h3>\n<p data-start=\"278\" data-end=\"655\">Migdolai (ES ir ne ES kilm\u0117s) 36 %, cukrus 22 %, medus 22 %, pieni\u0161kas \u0161okoladas 18 % (cukrus, kakavos sviestas (ne ES kilm\u0117s), nenugriebto pieno milteliai, kakavos mas\u0117 (ne ES kilm\u0117s), emulsikliai: soj\u0173 ir saul\u0117gr\u0105\u017e\u0173 lecitinas, nat\u016brali vanil\u0117s kvapioji med\u017eiaga. Ma\u017eiausias kakavos saus\u0173j\u0173 med\u017eiag\u0173 kiekis \u2013 35 %), vaflis (bulvi\u0173 krakmolas ir saul\u0117gr\u0105\u017e\u0173 aliejus) ir druska.<\/p>\n<p data-start=\"657\" data-end=\"760\"><strong data-start=\"657\" data-end=\"760\">Gali b\u016bti \u017eem\u0117s rie\u0161ut\u0173, sezamo, kit\u0173 rie\u0161ut\u0173 (lazdyn\u0173 ir graikini\u0173 rie\u0161ut\u0173) bei kiau\u0161ini\u0173 p\u0117dsak\u0173.<\/strong><\/p>\n<hr data-start=\"762\" data-end=\"765\" \/>\n<h2 data-start=\"767\" data-end=\"790\"><strong data-start=\"770\" data-end=\"788\">Maistin\u0117 vert\u0117<\/strong><\/h2>\n<p data-start=\"791\" data-end=\"828\"><em data-start=\"791\" data-end=\"828\">(Vidutin\u0117s reik\u0161m\u0117s 100 g produkto)<\/em><\/p>\n<div class=\"_tableContainer_1rjym_1\">\n<div class=\"group _tableWrapper_1rjym_13 flex w-fit flex-col-reverse\">\n<table class=\"w-fit min-w-(--thread-content-width)\" data-start=\"830\" data-end=\"1123\">\n<thead data-start=\"830\" data-end=\"862\">\n<tr data-start=\"830\" data-end=\"862\">\n<th data-start=\"830\" data-end=\"841\" data-col-size=\"sm\">Rodiklis<\/th>\n<th data-start=\"841\" data-end=\"852\" data-col-size=\"sm\">Vienetai<\/th>\n<th data-start=\"852\" data-end=\"862\" data-col-size=\"sm\">Kiekis<\/th>\n<\/tr>\n<\/thead>\n<tbody data-start=\"897\" data-end=\"1123\">\n<tr data-start=\"897\" data-end=\"934\">\n<td data-start=\"897\" data-end=\"908\" data-col-size=\"sm\">Energija<\/td>\n<td data-start=\"908\" data-end=\"920\" data-col-size=\"sm\">kJ \/ kcal<\/td>\n<td data-start=\"920\" data-end=\"934\" data-col-size=\"sm\">2130 \/ 509<\/td>\n<\/tr>\n<tr data-start=\"935\" data-end=\"956\">\n<td data-start=\"935\" data-end=\"946\" data-col-size=\"sm\">Riebalai<\/td>\n<td data-start=\"946\" data-end=\"950\" data-col-size=\"sm\">g<\/td>\n<td data-start=\"950\" data-end=\"956\" data-col-size=\"sm\">26<\/td>\n<\/tr>\n<tr data-start=\"957\" data-end=\"1000\">\n<td data-start=\"957\" data-end=\"989\" data-col-size=\"sm\">I\u0161 j\u0173 so\u010di\u0173j\u0173 riebal\u0173 r\u016bg\u0161\u010di\u0173<\/td>\n<td data-start=\"989\" data-end=\"993\" data-col-size=\"sm\">g<\/td>\n<td data-start=\"993\" data-end=\"1000\" data-col-size=\"sm\">5,7<\/td>\n<\/tr>\n<tr data-start=\"1001\" data-end=\"1029\">\n<td data-start=\"1001\" data-end=\"1019\" data-col-size=\"sm\">Angliavandeniai<\/td>\n<td data-start=\"1019\" data-end=\"1023\" data-col-size=\"sm\">g<\/td>\n<td data-start=\"1023\" data-end=\"1029\" data-col-size=\"sm\">58<\/td>\n<\/tr>\n<tr data-start=\"1030\" data-end=\"1054\">\n<td data-start=\"1030\" data-end=\"1044\" data-col-size=\"sm\">I\u0161 j\u0173 cukr\u0173<\/td>\n<td data-start=\"1044\" data-end=\"1048\" data-col-size=\"sm\">g<\/td>\n<td data-start=\"1048\" data-end=\"1054\" data-col-size=\"sm\">52<\/td>\n<\/tr>\n<tr data-start=\"1055\" data-end=\"1078\">\n<td data-start=\"1055\" data-end=\"1067\" data-col-size=\"sm\">Skaidulos<\/td>\n<td data-start=\"1067\" data-end=\"1071\" data-col-size=\"sm\">g<\/td>\n<td data-start=\"1071\" data-end=\"1078\" data-col-size=\"sm\">4,5<\/td>\n<\/tr>\n<tr data-start=\"1079\" data-end=\"1101\">\n<td data-start=\"1079\" data-end=\"1090\" data-col-size=\"sm\">Baltymai<\/td>\n<td data-start=\"1090\" data-end=\"1094\" data-col-size=\"sm\">g<\/td>\n<td data-start=\"1094\" data-end=\"1101\" data-col-size=\"sm\">8,6<\/td>\n<\/tr>\n<tr data-start=\"1102\" data-end=\"1123\">\n<td data-start=\"1102\" data-end=\"1111\" data-col-size=\"sm\">Druska<\/td>\n<td data-start=\"1111\" data-end=\"1115\" data-col-size=\"sm\">g<\/td>\n<td data-start=\"1115\" data-end=\"1123\" data-col-size=\"sm\">0,45<\/td>\n<\/tr>\n<\/tbody>\n<\/table>\n<\/div>\n<\/div>\n<hr data-start=\"1125\" data-end=\"1128\" \/>\n<h3 data-start=\"1130\" data-end=\"1153\"><strong data-start=\"1134\" data-end=\"1153\">Laikymo s\u0105lygos<\/strong><\/h3>\n<p data-start=\"1154\" data-end=\"1263\">Laikyti v\u0117sioje ir sausoje vietoje.<br data-start=\"1189\" data-end=\"1192\" \/>Maksimali temperat\u016bra: <strong data-start=\"1215\" data-end=\"1224\">20 \u00b0C<\/strong>, maksimali santykin\u0117 dr\u0117gm\u0117: <strong data-start=\"1254\" data-end=\"1262\">65 %<\/strong>.<\/p>\n<h3 data-start=\"1265\" data-end=\"1294\"><strong data-start=\"1269\" data-end=\"1294\">Papildoma informacija<\/strong><\/h3>\n<p data-start=\"1295\" data-end=\"1453\">Geriausias iki \/ partijos numeris: \u017er. ant pakuot\u0117s.<br data-start=\"1347\" data-end=\"1350\" \/>Pagaminta Ispanijoje: <strong data-start=\"1372\" data-end=\"1402\">DELAVIUDA ALIMENTACION SAU<\/strong>, Santa Mar\u00eda 4, 45100 Sonseca (Toledas), Ispanija.<\/p>\n<p data-start=\"1455\" data-end=\"1479\"><strong data-start=\"1455\" data-end=\"1479\">Grynas svoris: 180 g<\/strong><\/p>\n","protected":false},"excerpt":{"rendered":"<p>Itin tra\u0161kus migdol\u0173 turronas \u2013 saldus ir gardus skan\u0117stas! Sudedamosios dalys Migdolai (ES ir ne ES kilm\u0117s) 36 %, cukrus 22 %, medus 22 %, pieni\u0161kas \u0161okoladas 18 % (cukrus, kakavos sviestas (ne ES kilm\u0117s), nenugriebto pieno milteliai, kakavos mas\u0117 (ne ES kilm\u0117s), emulsikliai: soj\u0173 ir saul\u0117gr\u0105\u017e\u0173 lecitinas, nat\u016brali vanil\u0117s kvapioji med\u017eiaga. Ma\u017eiausias kakavos saus\u0173j\u0173 med\u017eiag\u0173 kiekis \u2013 35 %), vaflis (bulvi\u0173 krakmolas ir saul\u0117gr\u0105\u017e\u0173 aliejus) ir druska. Gali b\u016bti \u017eem\u0117s rie\u0161ut\u0173, sezamo, kit\u0173 rie\u0161ut\u0173 (lazdyn\u0173 ir graikini\u0173 rie\u0161ut\u0173) bei kiau\u0161ini\u0173 p\u0117dsak\u0173. Maistin\u0117 vert\u0117 (Vidutin\u0117s reik\u0161m\u0117s 100 g produkto) Rodiklis Vienetai Kiekis Energija kJ \/ kcal 2130 \/ 509 Riebalai g 26 I\u0161 j\u0173 so\u010di\u0173j\u0173 riebal\u0173 r\u016bg\u0161\u010di\u0173 g 5,7 Angliavandeniai g 58 I\u0161 j\u0173 cukr\u0173 g 52 Skaidulos g 4,5 Baltymai g 8,6 Druska g 0,45 Laikymo s\u0105lygos Laikyti v\u0117sioje ir sausoje vietoje.Maksimali temperat\u016bra: 20 \u00b0C, maksimali santykin\u0117 dr\u0117gm\u0117: 65 %. Papildoma informacija Geriausias iki \/ partijos numeris: \u017er. ant pakuot\u0117s.Pagaminta Ispanijoje: DELAVIUDA ALIMENTACION SAU, Santa Mar\u00eda 4, 45100 Sonseca (Toledas), Ispanija. Grynas svoris: 180 g<\/p>\n","protected":false},"featured_media":26403,"template":"","meta":[],"product_brand":[],"product_cat":[116,131],"product_tag":[],"class_list":{"0":"post-26402","1":"product","2":"type-product","3":"status-publish","4":"has-post-thumbnail","6":"product_cat-mazmenine-2","7":"product_cat-saldumynai","9":"first","10":"outofstock","11":"shipping-taxable","12":"purchasable","13":"product-type-simple"},"yoast_head":"<!-- This site is optimized with the Yoast SEO plugin v23.7 - https:\/\/yoast.com\/wordpress\/plugins\/seo\/ -->\n<title>Turronas \u201eFin\u00edsimo Crocanti\u201c (itin tra\u0161kus) 180 g. | Espanola.lt<\/title>\n<meta name=\"description\" content=\"Atraskite auk\u0161tos kokyb\u0117s ispani\u0161kus delikatesus \u2013 s\u016brius, kumpius, alyvuoges ir \u017euv\u012f. Tikras Ispanijos skonis tiesiai \u012f j\u016bs\u0173 namus.\" \/>\n<meta name=\"robots\" content=\"index, follow, max-snippet:-1, max-image-preview:large, max-video-preview:-1\" \/>\n<link rel=\"canonical\" href=\"https:\/\/espanola.lt\/produktas\/turronas-finisimo-crocanti-itin-traskus-180-g\/\" \/>\n<meta property=\"og:locale\" content=\"en_US\" \/>\n<meta property=\"og:type\" content=\"article\" \/>\n<meta property=\"og:title\" content=\"Turronas \u201eFin\u00edsimo Crocanti\u201c (itin tra\u0161kus) 180 g. | Espanola.lt\" \/>\n<meta property=\"og:description\" content=\"Atraskite auk\u0161tos kokyb\u0117s ispani\u0161kus delikatesus \u2013 s\u016brius, kumpius, alyvuoges ir \u017euv\u012f. Tikras Ispanijos skonis tiesiai \u012f j\u016bs\u0173 namus.\" \/>\n<meta property=\"og:url\" content=\"https:\/\/espanola.lt\/produktas\/turronas-finisimo-crocanti-itin-traskus-180-g\/\" \/>\n<meta property=\"og:site_name\" content=\"Espanola\" \/>\n<meta property=\"article:publisher\" content=\"https:\/\/www.facebook.com\/espanola.lt\" \/>\n<meta property=\"article:modified_time\" content=\"2025-12-22T21:04:43+00:00\" \/>\n<meta property=\"og:image\" content=\"https:\/\/espanola.lt\/wp-content\/uploads\/2025\/11\/87728-3D-FINIIISIMO-ALMOND-CROCANTI-TURRON-180G-1024x724.png\" \/>\n\t<meta property=\"og:image:width\" content=\"1024\" \/>\n\t<meta property=\"og:image:height\" content=\"724\" \/>\n\t<meta property=\"og:image:type\" content=\"image\/png\" \/>\n<meta name=\"twitter:card\" content=\"summary_large_image\" \/>\n<meta name=\"twitter:label1\" content=\"Est. reading time\" \/>\n\t<meta name=\"twitter:data1\" content=\"2 minutes\" \/>\n<script type=\"application\/ld+json\" class=\"yoast-schema-graph\">{\"@context\":\"https:\/\/schema.org\",\"@graph\":[{\"@type\":\"WebPage\",\"@id\":\"https:\/\/espanola.lt\/produktas\/turronas-finisimo-crocanti-itin-traskus-180-g\/\",\"url\":\"https:\/\/espanola.lt\/produktas\/turronas-finisimo-crocanti-itin-traskus-180-g\/\",\"name\":\"Turronas \u201eFin\u00edsimo Crocanti\u201c (itin tra\u0161kus) 180 g. | Espanola.lt\",\"isPartOf\":{\"@id\":\"https:\/\/espanola.lt\/#website\"},\"primaryImageOfPage\":{\"@id\":\"https:\/\/espanola.lt\/produktas\/turronas-finisimo-crocanti-itin-traskus-180-g\/#primaryimage\"},\"image\":{\"@id\":\"https:\/\/espanola.lt\/produktas\/turronas-finisimo-crocanti-itin-traskus-180-g\/#primaryimage\"},\"thumbnailUrl\":\"https:\/\/espanola.lt\/wp-content\/uploads\/2025\/11\/87728-3D-FINIIISIMO-ALMOND-CROCANTI-TURRON-180G.png\",\"datePublished\":\"2025-11-17T10:24:19+00:00\",\"dateModified\":\"2025-12-22T21:04:43+00:00\",\"description\":\"Atraskite auk\u0161tos kokyb\u0117s ispani\u0161kus delikatesus \u2013 s\u016brius, kumpius, alyvuoges ir \u017euv\u012f. Tikras Ispanijos skonis tiesiai \u012f j\u016bs\u0173 namus.\",\"breadcrumb\":{\"@id\":\"https:\/\/espanola.lt\/produktas\/turronas-finisimo-crocanti-itin-traskus-180-g\/#breadcrumb\"},\"inLanguage\":\"en-US\",\"potentialAction\":[{\"@type\":\"ReadAction\",\"target\":[\"https:\/\/espanola.lt\/produktas\/turronas-finisimo-crocanti-itin-traskus-180-g\/\"]}]},{\"@type\":\"ImageObject\",\"inLanguage\":\"en-US\",\"@id\":\"https:\/\/espanola.lt\/produktas\/turronas-finisimo-crocanti-itin-traskus-180-g\/#primaryimage\",\"url\":\"https:\/\/espanola.lt\/wp-content\/uploads\/2025\/11\/87728-3D-FINIIISIMO-ALMOND-CROCANTI-TURRON-180G.png\",\"contentUrl\":\"https:\/\/espanola.lt\/wp-content\/uploads\/2025\/11\/87728-3D-FINIIISIMO-ALMOND-CROCANTI-TURRON-180G.png\",\"width\":3445,\"height\":2436},{\"@type\":\"BreadcrumbList\",\"@id\":\"https:\/\/espanola.lt\/produktas\/turronas-finisimo-crocanti-itin-traskus-180-g\/#breadcrumb\",\"itemListElement\":[{\"@type\":\"ListItem\",\"position\":1,\"name\":\"Home\",\"item\":\"https:\/\/espanola.lt\/en\/homepage\/\"},{\"@type\":\"ListItem\",\"position\":2,\"name\":\"Shop\",\"item\":\"https:\/\/espanola.lt\/en\/shop\/\"},{\"@type\":\"ListItem\",\"position\":3,\"name\":\"Turronas \u201eFin\u00edsimo Crocanti\u201c (itin tra\u0161kus) 180 g.\"}]},{\"@type\":\"WebSite\",\"@id\":\"https:\/\/espanola.lt\/#website\",\"url\":\"https:\/\/espanola.lt\/\",\"name\":\"Espanola.lt | Tikras Ispanijos skonis \u2013 J\u016bs\u0173 namuose!\",\"description\":\"\",\"publisher\":{\"@id\":\"https:\/\/espanola.lt\/#organization\"},\"potentialAction\":[{\"@type\":\"SearchAction\",\"target\":{\"@type\":\"EntryPoint\",\"urlTemplate\":\"https:\/\/espanola.lt\/?s={search_term_string}\"},\"query-input\":{\"@type\":\"PropertyValueSpecification\",\"valueRequired\":true,\"valueName\":\"search_term_string\"}}],\"inLanguage\":\"en-US\"},{\"@type\":\"Organization\",\"@id\":\"https:\/\/espanola.lt\/#organization\",\"name\":\"Espanola.lt\",\"url\":\"https:\/\/espanola.lt\/\",\"logo\":{\"@type\":\"ImageObject\",\"inLanguage\":\"en-US\",\"@id\":\"https:\/\/espanola.lt\/#\/schema\/logo\/image\/\",\"url\":\"https:\/\/espanola.lt\/wp-content\/uploads\/2023\/03\/notext_color.png\",\"contentUrl\":\"https:\/\/espanola.lt\/wp-content\/uploads\/2023\/03\/notext_color.png\",\"width\":916,\"height\":204,\"caption\":\"Espanola.lt\"},\"image\":{\"@id\":\"https:\/\/espanola.lt\/#\/schema\/logo\/image\/\"},\"sameAs\":[\"https:\/\/www.facebook.com\/espanola.lt\",\"https:\/\/www.instagram.com\/espanola.lt\/\"]}]}<\/script>\n<!-- \/ Yoast SEO plugin. -->","yoast_head_json":{"title":"Turronas \u201eFin\u00edsimo Crocanti\u201c (itin tra\u0161kus) 180 g. | Espanola.lt","description":"Atraskite auk\u0161tos kokyb\u0117s ispani\u0161kus delikatesus \u2013 s\u016brius, kumpius, alyvuoges ir \u017euv\u012f. Tikras Ispanijos skonis tiesiai \u012f j\u016bs\u0173 namus.","robots":{"index":"index","follow":"follow","max-snippet":"max-snippet:-1","max-image-preview":"max-image-preview:large","max-video-preview":"max-video-preview:-1"},"canonical":"https:\/\/espanola.lt\/produktas\/turronas-finisimo-crocanti-itin-traskus-180-g\/","og_locale":"en_US","og_type":"article","og_title":"Turronas \u201eFin\u00edsimo Crocanti\u201c (itin tra\u0161kus) 180 g. | Espanola.lt","og_description":"Atraskite auk\u0161tos kokyb\u0117s ispani\u0161kus delikatesus \u2013 s\u016brius, kumpius, alyvuoges ir \u017euv\u012f. Tikras Ispanijos skonis tiesiai \u012f j\u016bs\u0173 namus.","og_url":"https:\/\/espanola.lt\/produktas\/turronas-finisimo-crocanti-itin-traskus-180-g\/","og_site_name":"Espanola","article_publisher":"https:\/\/www.facebook.com\/espanola.lt","article_modified_time":"2025-12-22T21:04:43+00:00","og_image":[{"width":1024,"height":724,"url":"https:\/\/espanola.lt\/wp-content\/uploads\/2025\/11\/87728-3D-FINIIISIMO-ALMOND-CROCANTI-TURRON-180G-1024x724.png","type":"image\/png"}],"twitter_card":"summary_large_image","twitter_misc":{"Est. reading time":"2 minutes"},"schema":{"@context":"https:\/\/schema.org","@graph":[{"@type":"WebPage","@id":"https:\/\/espanola.lt\/produktas\/turronas-finisimo-crocanti-itin-traskus-180-g\/","url":"https:\/\/espanola.lt\/produktas\/turronas-finisimo-crocanti-itin-traskus-180-g\/","name":"Turronas \u201eFin\u00edsimo Crocanti\u201c (itin tra\u0161kus) 180 g. | Espanola.lt","isPartOf":{"@id":"https:\/\/espanola.lt\/#website"},"primaryImageOfPage":{"@id":"https:\/\/espanola.lt\/produktas\/turronas-finisimo-crocanti-itin-traskus-180-g\/#primaryimage"},"image":{"@id":"https:\/\/espanola.lt\/produktas\/turronas-finisimo-crocanti-itin-traskus-180-g\/#primaryimage"},"thumbnailUrl":"https:\/\/espanola.lt\/wp-content\/uploads\/2025\/11\/87728-3D-FINIIISIMO-ALMOND-CROCANTI-TURRON-180G.png","datePublished":"2025-11-17T10:24:19+00:00","dateModified":"2025-12-22T21:04:43+00:00","description":"Atraskite auk\u0161tos kokyb\u0117s ispani\u0161kus delikatesus \u2013 s\u016brius, kumpius, alyvuoges ir \u017euv\u012f. Tikras Ispanijos skonis tiesiai \u012f j\u016bs\u0173 namus.","breadcrumb":{"@id":"https:\/\/espanola.lt\/produktas\/turronas-finisimo-crocanti-itin-traskus-180-g\/#breadcrumb"},"inLanguage":"en-US","potentialAction":[{"@type":"ReadAction","target":["https:\/\/espanola.lt\/produktas\/turronas-finisimo-crocanti-itin-traskus-180-g\/"]}]},{"@type":"ImageObject","inLanguage":"en-US","@id":"https:\/\/espanola.lt\/produktas\/turronas-finisimo-crocanti-itin-traskus-180-g\/#primaryimage","url":"https:\/\/espanola.lt\/wp-content\/uploads\/2025\/11\/87728-3D-FINIIISIMO-ALMOND-CROCANTI-TURRON-180G.png","contentUrl":"https:\/\/espanola.lt\/wp-content\/uploads\/2025\/11\/87728-3D-FINIIISIMO-ALMOND-CROCANTI-TURRON-180G.png","width":3445,"height":2436},{"@type":"BreadcrumbList","@id":"https:\/\/espanola.lt\/produktas\/turronas-finisimo-crocanti-itin-traskus-180-g\/#breadcrumb","itemListElement":[{"@type":"ListItem","position":1,"name":"Home","item":"https:\/\/espanola.lt\/en\/homepage\/"},{"@type":"ListItem","position":2,"name":"Shop","item":"https:\/\/espanola.lt\/en\/shop\/"},{"@type":"ListItem","position":3,"name":"Turronas \u201eFin\u00edsimo Crocanti\u201c (itin tra\u0161kus) 180 g."}]},{"@type":"WebSite","@id":"https:\/\/espanola.lt\/#website","url":"https:\/\/espanola.lt\/","name":"Espanola.lt | Tikras Ispanijos skonis \u2013 J\u016bs\u0173 namuose!","description":"","publisher":{"@id":"https:\/\/espanola.lt\/#organization"},"potentialAction":[{"@type":"SearchAction","target":{"@type":"EntryPoint","urlTemplate":"https:\/\/espanola.lt\/?s={search_term_string}"},"query-input":{"@type":"PropertyValueSpecification","valueRequired":true,"valueName":"search_term_string"}}],"inLanguage":"en-US"},{"@type":"Organization","@id":"https:\/\/espanola.lt\/#organization","name":"Espanola.lt","url":"https:\/\/espanola.lt\/","logo":{"@type":"ImageObject","inLanguage":"en-US","@id":"https:\/\/espanola.lt\/#\/schema\/logo\/image\/","url":"https:\/\/espanola.lt\/wp-content\/uploads\/2023\/03\/notext_color.png","contentUrl":"https:\/\/espanola.lt\/wp-content\/uploads\/2023\/03\/notext_color.png","width":916,"height":204,"caption":"Espanola.lt"},"image":{"@id":"https:\/\/espanola.lt\/#\/schema\/logo\/image\/"},"sameAs":["https:\/\/www.facebook.com\/espanola.lt","https:\/\/www.instagram.com\/espanola.lt\/"]}]}},"_links":{"self":[{"href":"https:\/\/espanola.lt\/en\/wp-json\/wp\/v2\/product\/26402"}],"collection":[{"href":"https:\/\/espanola.lt\/en\/wp-json\/wp\/v2\/product"}],"about":[{"href":"https:\/\/espanola.lt\/en\/wp-json\/wp\/v2\/types\/product"}],"version-history":[{"count":2,"href":"https:\/\/espanola.lt\/en\/wp-json\/wp\/v2\/product\/26402\/revisions"}],"predecessor-version":[{"id":26943,"href":"https:\/\/espanola.lt\/en\/wp-json\/wp\/v2\/product\/26402\/revisions\/26943"}],"wp:featuredmedia":[{"embeddable":true,"href":"https:\/\/espanola.lt\/en\/wp-json\/wp\/v2\/media\/26403"}],"wp:attachment":[{"href":"https:\/\/espanola.lt\/en\/wp-json\/wp\/v2\/media?parent=26402"}],"wp:term":[{"taxonomy":"product_brand","embeddable":true,"href":"https:\/\/espanola.lt\/en\/wp-json\/wp\/v2\/product_brand?post=26402"},{"taxonomy":"product_cat","embeddable":true,"href":"https:\/\/espanola.lt\/en\/wp-json\/wp\/v2\/product_cat?post=26402"},{"taxonomy":"product_tag","embeddable":true,"href":"https:\/\/espanola.lt\/en\/wp-json\/wp\/v2\/product_tag?post=26402"}],"curies":[{"name":"wp","href":"https:\/\/api.w.org\/{rel}","templated":true}]}}