{"id":26387,"date":"2025-11-13T13:19:07","date_gmt":"2025-11-13T13:19:07","guid":{"rendered":"https:\/\/espanola.lt\/?post_type=product&#038;p=26387"},"modified":"2025-12-18T08:25:49","modified_gmt":"2025-12-18T08:25:49","slug":"kavos-skonio-kakaviniai-triufeliai-100g","status":"publish","type":"product","link":"https:\/\/espanola.lt\/en\/produktas\/kavos-skonio-kakaviniai-triufeliai-100g\/","title":{"rendered":"Kavos skonio kakaviniai triufeliai, 100g"},"content":{"rendered":"<p>Kavos ir kakavos triufeliai \u2013 intensyvaus skonio malonumas kiekvienam \u0161okolado myl\u0117tojui.<\/p>\n<p data-start=\"169\" data-end=\"522\"><strong data-start=\"169\" data-end=\"192\">Sudedamosios dalys:<\/strong><br data-start=\"192\" data-end=\"195\" \/>Cukrus, augaliniai riebalai (palmi\u0173, kokos\u0173, palmi\u0173 branduoli\u0173 ir \u0161\u0117jos), neriebi kakava (ne ES kilm\u0117s) 17,8 %, i\u0161r\u016bg\u0173 milteliai (pienas), kakavos milteliai (ne ES kilm\u0117s) 0,5 %, emulgatoriai: soj\u0173 ir saul\u0117gr\u0105\u017e\u0173 lecitinas, nat\u016bralus kavos aromatas (ES kilm\u0117s) 0,2 % ir dirbtin\u0117s kvapiosios med\u017eiagos (vanilinas ir \u0161okoladas).<\/p>\n<p data-start=\"524\" data-end=\"643\"><strong data-start=\"524\" data-end=\"537\">Gali b\u016bti<\/strong> \u017eem\u0117s rie\u0161ut\u0173, glitimo (kvie\u010di\u0173 ir mie\u017ei\u0173) bei rie\u0161ut\u0173 (migdol\u0173, pistacij\u0173 ir lazdyno rie\u0161ut\u0173) p\u0117dsak\u0173.<\/p>\n<p data-start=\"876\" data-end=\"1010\"><strong data-start=\"876\" data-end=\"896\">Laikymo s\u0105lygos:<\/strong><br data-start=\"896\" data-end=\"899\" \/>Laikyti v\u0117sioje, sausoje vietoje. Did\u017eiausia laikymo temperat\u016bra \u2013 20 \u00b0C, did\u017eiausia santykin\u0117 dr\u0117gm\u0117 \u2013 65 %.<\/p>\n<hr data-start=\"1012\" data-end=\"1015\" \/>\n<h3 data-start=\"1017\" data-end=\"1076\"><strong data-start=\"1021\" data-end=\"1076\">Maistin\u0117 vert\u0117 (vidutin\u0117s reik\u0161m\u0117s 100 g produkto):<\/strong><\/h3>\n<div class=\"_tableContainer_1rjym_1\">\n<div class=\"group _tableWrapper_1rjym_13 flex w-fit flex-col-reverse\" tabindex=\"-1\">\n<table class=\"w-fit min-w-(--thread-content-width)\" data-start=\"1078\" data-end=\"1341\">\n<thead data-start=\"1078\" data-end=\"1099\">\n<tr data-start=\"1078\" data-end=\"1099\">\n<th data-start=\"1078\" data-end=\"1089\" data-col-size=\"sm\">Rodiklis<\/th>\n<th data-start=\"1089\" data-end=\"1099\" data-col-size=\"sm\">Kiekis<\/th>\n<\/tr>\n<\/thead>\n<tbody data-start=\"1123\" data-end=\"1341\">\n<tr data-start=\"1123\" data-end=\"1162\">\n<td data-start=\"1123\" data-end=\"1140\" data-col-size=\"sm\">Energin\u0117 vert\u0117<\/td>\n<td data-col-size=\"sm\" data-start=\"1140\" data-end=\"1162\">2325 kJ \/ 558 kcal<\/td>\n<\/tr>\n<tr data-start=\"1163\" data-end=\"1182\">\n<td data-start=\"1163\" data-end=\"1174\" data-col-size=\"sm\">Riebalai<\/td>\n<td data-col-size=\"sm\" data-start=\"1174\" data-end=\"1182\">36 g<\/td>\n<\/tr>\n<tr data-start=\"1183\" data-end=\"1223\">\n<td data-start=\"1183\" data-end=\"1215\" data-col-size=\"sm\">I\u0161 j\u0173 so\u010di\u0173j\u0173 riebal\u0173 r\u016bg\u0161\u010di\u0173<\/td>\n<td data-col-size=\"sm\" data-start=\"1215\" data-end=\"1223\">28 g<\/td>\n<\/tr>\n<tr data-start=\"1224\" data-end=\"1250\">\n<td data-start=\"1224\" data-end=\"1242\" data-col-size=\"sm\">Angliavandeniai<\/td>\n<td data-col-size=\"sm\" data-start=\"1242\" data-end=\"1250\">51 g<\/td>\n<\/tr>\n<tr data-start=\"1251\" data-end=\"1273\">\n<td data-start=\"1251\" data-end=\"1265\" data-col-size=\"sm\">I\u0161 j\u0173 cukr\u0173<\/td>\n<td data-col-size=\"sm\" data-start=\"1265\" data-end=\"1273\">40 g<\/td>\n<\/tr>\n<tr data-start=\"1274\" data-end=\"1305\">\n<td data-start=\"1274\" data-end=\"1298\" data-col-size=\"sm\">Skaidulin\u0117s med\u017eiagos<\/td>\n<td data-col-size=\"sm\" data-start=\"1298\" data-end=\"1305\">3 g<\/td>\n<\/tr>\n<tr data-start=\"1306\" data-end=\"1324\">\n<td data-start=\"1306\" data-end=\"1317\" data-col-size=\"sm\">Baltymai<\/td>\n<td data-col-size=\"sm\" data-start=\"1317\" data-end=\"1324\">6 g<\/td>\n<\/tr>\n<tr data-start=\"1325\" data-end=\"1341\">\n<td data-start=\"1325\" data-end=\"1334\" data-col-size=\"sm\">Druska<\/td>\n<td data-col-size=\"sm\" data-start=\"1334\" data-end=\"1341\">0 g<\/td>\n<\/tr>\n<\/tbody>\n<\/table>\n<\/div>\n<article class=\"text-token-text-primary w-full focus:outline-none [--shadow-height:45px] has-data-writing-block:pointer-events-none has-data-writing-block:-mt-(--shadow-height) has-data-writing-block:pt-(--shadow-height) [&amp;:has([data-writing-block])&gt;*]:pointer-events-auto [content-visibility:auto] supports-[content-visibility:auto]:[contain-intrinsic-size:auto_100lvh] scroll-mt-[calc(var(--header-height)+min(200px,max(70px,20svh)))]\" dir=\"auto\" tabindex=\"-1\" data-turn-id=\"request-WEB:df8346fd-10bd-4091-a6e8-513bc0112fe2-5\" data-testid=\"conversation-turn-12\" data-scroll-anchor=\"true\" data-turn=\"assistant\">\n<div class=\"text-base my-auto mx-auto pb-10 [--thread-content-margin:--spacing(4)] thread-sm:[--thread-content-margin:--spacing(6)] thread-lg:[--thread-content-margin:--spacing(16)] px-(--thread-content-margin)\">\n<div class=\"[--thread-content-max-width:40rem] thread-lg:[--thread-content-max-width:48rem] mx-auto max-w-(--thread-content-max-width) flex-1 group\/turn-messages focus-visible:outline-hidden relative flex w-full min-w-0 flex-col agent-turn\" tabindex=\"-1\">\n<div class=\"flex max-w-full flex-col grow\">\n<div class=\"min-h-8 text-message relative flex w-full flex-col items-end gap-2 text-start break-words whitespace-normal [.text-message+&amp;]:mt-1\" dir=\"auto\" data-message-author-role=\"assistant\" data-message-id=\"42a80724-90a1-40cb-8641-b6a13bfab53f\" data-message-model-slug=\"gpt-5-1\">\n<div class=\"flex w-full flex-col gap-1 empty:hidden first:pt-[1px]\">\n<div class=\"markdown prose dark:prose-invert w-full break-words light markdown-new-styling\">\n<p data-start=\"0\" data-end=\"149\" data-is-last-node=\"\" data-is-only-node=\"\">\n<\/div>\n<\/div>\n<\/div>\n<\/div>\n<div class=\"z-0 flex min-h-[46px] justify-start\"><\/div>\n<div class=\"mt-3 w-full empty:hidden\">\n<div class=\"text-center\"><\/div>\n<\/div>\n<\/div>\n<\/div>\n<\/article>\n<div class=\"pointer-events-none h-px w-px\" aria-hidden=\"true\" data-edge=\"true\"><\/div>\n<\/div>\n","protected":false},"excerpt":{"rendered":"<p>Kavos ir kakavos triufeliai \u2013 intensyvaus skonio malonumas kiekvienam \u0161okolado myl\u0117tojui. Sudedamosios dalys:Cukrus, augaliniai riebalai (palmi\u0173, kokos\u0173, palmi\u0173 branduoli\u0173 ir \u0161\u0117jos), neriebi kakava (ne ES kilm\u0117s) 17,8 %, i\u0161r\u016bg\u0173 milteliai (pienas), kakavos milteliai (ne ES kilm\u0117s) 0,5 %, emulgatoriai: soj\u0173 ir saul\u0117gr\u0105\u017e\u0173 lecitinas, nat\u016bralus kavos aromatas (ES kilm\u0117s) 0,2 % ir dirbtin\u0117s kvapiosios med\u017eiagos (vanilinas ir \u0161okoladas). Gali b\u016bti \u017eem\u0117s rie\u0161ut\u0173, glitimo (kvie\u010di\u0173 ir mie\u017ei\u0173) bei rie\u0161ut\u0173 (migdol\u0173, pistacij\u0173 ir lazdyno rie\u0161ut\u0173) p\u0117dsak\u0173. Laikymo s\u0105lygos:Laikyti v\u0117sioje, sausoje vietoje. Did\u017eiausia laikymo temperat\u016bra \u2013 20 \u00b0C, did\u017eiausia santykin\u0117 dr\u0117gm\u0117 \u2013 65 %. Maistin\u0117 vert\u0117 (vidutin\u0117s reik\u0161m\u0117s 100 g produkto): Rodiklis Kiekis Energin\u0117 vert\u0117 2325 kJ \/ 558 kcal Riebalai 36 g I\u0161 j\u0173 so\u010di\u0173j\u0173 riebal\u0173 r\u016bg\u0161\u010di\u0173 28 g Angliavandeniai 51 g I\u0161 j\u0173 cukr\u0173 40 g Skaidulin\u0117s med\u017eiagos 3 g Baltymai 6 g Druska 0 g<\/p>\n","protected":false},"featured_media":26395,"template":"","meta":[],"product_brand":[],"product_cat":[116,131],"product_tag":[],"class_list":{"0":"post-26387","1":"product","2":"type-product","3":"status-publish","4":"has-post-thumbnail","6":"product_cat-mazmenine-2","7":"product_cat-saldumynai","9":"first","10":"outofstock","11":"shipping-taxable","12":"purchasable","13":"product-type-simple"},"yoast_head":"<!-- This site is optimized with the Yoast SEO plugin v23.7 - https:\/\/yoast.com\/wordpress\/plugins\/seo\/ -->\n<title>Kavos skonio kakaviniai triufeliai, 100g | Espanola.lt<\/title>\n<meta name=\"description\" content=\"Atraskite auk\u0161tos kokyb\u0117s ispani\u0161kus delikatesus \u2013 s\u016brius, kumpius, alyvuoges ir \u017euv\u012f. Tikras Ispanijos skonis tiesiai \u012f j\u016bs\u0173 namus.\" \/>\n<meta name=\"robots\" content=\"index, follow, max-snippet:-1, max-image-preview:large, max-video-preview:-1\" \/>\n<link rel=\"canonical\" href=\"https:\/\/espanola.lt\/produktas\/kavos-skonio-kakaviniai-triufeliai-100g\/\" \/>\n<meta property=\"og:locale\" content=\"en_US\" \/>\n<meta property=\"og:type\" content=\"article\" \/>\n<meta property=\"og:title\" content=\"Kavos skonio kakaviniai triufeliai, 100g | Espanola.lt\" \/>\n<meta property=\"og:description\" content=\"Atraskite auk\u0161tos kokyb\u0117s ispani\u0161kus delikatesus \u2013 s\u016brius, kumpius, alyvuoges ir \u017euv\u012f. Tikras Ispanijos skonis tiesiai \u012f j\u016bs\u0173 namus.\" \/>\n<meta property=\"og:url\" content=\"https:\/\/espanola.lt\/produktas\/kavos-skonio-kakaviniai-triufeliai-100g\/\" \/>\n<meta property=\"og:site_name\" content=\"Espanola\" \/>\n<meta property=\"article:publisher\" content=\"https:\/\/www.facebook.com\/espanola.lt\" \/>\n<meta property=\"article:modified_time\" content=\"2025-12-18T08:25:49+00:00\" \/>\n<meta property=\"og:image\" content=\"https:\/\/espanola.lt\/wp-content\/uploads\/2025\/11\/70481-70697-COFFEE-COCOA-TRUFFLES-100G-1-1024x1024.png\" \/>\n\t<meta property=\"og:image:width\" content=\"1024\" \/>\n\t<meta property=\"og:image:height\" content=\"1024\" \/>\n\t<meta property=\"og:image:type\" content=\"image\/png\" \/>\n<meta name=\"twitter:card\" content=\"summary_large_image\" \/>\n<meta name=\"twitter:label1\" content=\"Est. reading time\" \/>\n\t<meta name=\"twitter:data1\" content=\"1 minute\" \/>\n<script type=\"application\/ld+json\" class=\"yoast-schema-graph\">{\"@context\":\"https:\/\/schema.org\",\"@graph\":[{\"@type\":\"WebPage\",\"@id\":\"https:\/\/espanola.lt\/produktas\/kavos-skonio-kakaviniai-triufeliai-100g\/\",\"url\":\"https:\/\/espanola.lt\/produktas\/kavos-skonio-kakaviniai-triufeliai-100g\/\",\"name\":\"Kavos skonio kakaviniai triufeliai, 100g | Espanola.lt\",\"isPartOf\":{\"@id\":\"https:\/\/espanola.lt\/#website\"},\"primaryImageOfPage\":{\"@id\":\"https:\/\/espanola.lt\/produktas\/kavos-skonio-kakaviniai-triufeliai-100g\/#primaryimage\"},\"image\":{\"@id\":\"https:\/\/espanola.lt\/produktas\/kavos-skonio-kakaviniai-triufeliai-100g\/#primaryimage\"},\"thumbnailUrl\":\"https:\/\/espanola.lt\/wp-content\/uploads\/2025\/11\/70481-70697-COFFEE-COCOA-TRUFFLES-100G-1.png\",\"datePublished\":\"2025-11-13T13:19:07+00:00\",\"dateModified\":\"2025-12-18T08:25:49+00:00\",\"description\":\"Atraskite auk\u0161tos kokyb\u0117s ispani\u0161kus delikatesus \u2013 s\u016brius, kumpius, alyvuoges ir \u017euv\u012f. Tikras Ispanijos skonis tiesiai \u012f j\u016bs\u0173 namus.\",\"breadcrumb\":{\"@id\":\"https:\/\/espanola.lt\/produktas\/kavos-skonio-kakaviniai-triufeliai-100g\/#breadcrumb\"},\"inLanguage\":\"en-US\",\"potentialAction\":[{\"@type\":\"ReadAction\",\"target\":[\"https:\/\/espanola.lt\/produktas\/kavos-skonio-kakaviniai-triufeliai-100g\/\"]}]},{\"@type\":\"ImageObject\",\"inLanguage\":\"en-US\",\"@id\":\"https:\/\/espanola.lt\/produktas\/kavos-skonio-kakaviniai-triufeliai-100g\/#primaryimage\",\"url\":\"https:\/\/espanola.lt\/wp-content\/uploads\/2025\/11\/70481-70697-COFFEE-COCOA-TRUFFLES-100G-1.png\",\"contentUrl\":\"https:\/\/espanola.lt\/wp-content\/uploads\/2025\/11\/70481-70697-COFFEE-COCOA-TRUFFLES-100G-1.png\",\"width\":4800,\"height\":4800},{\"@type\":\"BreadcrumbList\",\"@id\":\"https:\/\/espanola.lt\/produktas\/kavos-skonio-kakaviniai-triufeliai-100g\/#breadcrumb\",\"itemListElement\":[{\"@type\":\"ListItem\",\"position\":1,\"name\":\"Home\",\"item\":\"https:\/\/espanola.lt\/en\/homepage\/\"},{\"@type\":\"ListItem\",\"position\":2,\"name\":\"Shop\",\"item\":\"https:\/\/espanola.lt\/en\/shop\/\"},{\"@type\":\"ListItem\",\"position\":3,\"name\":\"Kavos skonio kakaviniai triufeliai, 100g\"}]},{\"@type\":\"WebSite\",\"@id\":\"https:\/\/espanola.lt\/#website\",\"url\":\"https:\/\/espanola.lt\/\",\"name\":\"Espanola.lt | Tikras Ispanijos skonis \u2013 J\u016bs\u0173 namuose!\",\"description\":\"\",\"publisher\":{\"@id\":\"https:\/\/espanola.lt\/#organization\"},\"potentialAction\":[{\"@type\":\"SearchAction\",\"target\":{\"@type\":\"EntryPoint\",\"urlTemplate\":\"https:\/\/espanola.lt\/?s={search_term_string}\"},\"query-input\":{\"@type\":\"PropertyValueSpecification\",\"valueRequired\":true,\"valueName\":\"search_term_string\"}}],\"inLanguage\":\"en-US\"},{\"@type\":\"Organization\",\"@id\":\"https:\/\/espanola.lt\/#organization\",\"name\":\"Espanola.lt\",\"url\":\"https:\/\/espanola.lt\/\",\"logo\":{\"@type\":\"ImageObject\",\"inLanguage\":\"en-US\",\"@id\":\"https:\/\/espanola.lt\/#\/schema\/logo\/image\/\",\"url\":\"https:\/\/espanola.lt\/wp-content\/uploads\/2023\/03\/notext_color.png\",\"contentUrl\":\"https:\/\/espanola.lt\/wp-content\/uploads\/2023\/03\/notext_color.png\",\"width\":916,\"height\":204,\"caption\":\"Espanola.lt\"},\"image\":{\"@id\":\"https:\/\/espanola.lt\/#\/schema\/logo\/image\/\"},\"sameAs\":[\"https:\/\/www.facebook.com\/espanola.lt\",\"https:\/\/www.instagram.com\/espanola.lt\/\"]}]}<\/script>\n<!-- \/ Yoast SEO plugin. -->","yoast_head_json":{"title":"Kavos skonio kakaviniai triufeliai, 100g | Espanola.lt","description":"Atraskite auk\u0161tos kokyb\u0117s ispani\u0161kus delikatesus \u2013 s\u016brius, kumpius, alyvuoges ir \u017euv\u012f. Tikras Ispanijos skonis tiesiai \u012f j\u016bs\u0173 namus.","robots":{"index":"index","follow":"follow","max-snippet":"max-snippet:-1","max-image-preview":"max-image-preview:large","max-video-preview":"max-video-preview:-1"},"canonical":"https:\/\/espanola.lt\/produktas\/kavos-skonio-kakaviniai-triufeliai-100g\/","og_locale":"en_US","og_type":"article","og_title":"Kavos skonio kakaviniai triufeliai, 100g | Espanola.lt","og_description":"Atraskite auk\u0161tos kokyb\u0117s ispani\u0161kus delikatesus \u2013 s\u016brius, kumpius, alyvuoges ir \u017euv\u012f. Tikras Ispanijos skonis tiesiai \u012f j\u016bs\u0173 namus.","og_url":"https:\/\/espanola.lt\/produktas\/kavos-skonio-kakaviniai-triufeliai-100g\/","og_site_name":"Espanola","article_publisher":"https:\/\/www.facebook.com\/espanola.lt","article_modified_time":"2025-12-18T08:25:49+00:00","og_image":[{"width":1024,"height":1024,"url":"https:\/\/espanola.lt\/wp-content\/uploads\/2025\/11\/70481-70697-COFFEE-COCOA-TRUFFLES-100G-1-1024x1024.png","type":"image\/png"}],"twitter_card":"summary_large_image","twitter_misc":{"Est. reading time":"1 minute"},"schema":{"@context":"https:\/\/schema.org","@graph":[{"@type":"WebPage","@id":"https:\/\/espanola.lt\/produktas\/kavos-skonio-kakaviniai-triufeliai-100g\/","url":"https:\/\/espanola.lt\/produktas\/kavos-skonio-kakaviniai-triufeliai-100g\/","name":"Kavos skonio kakaviniai triufeliai, 100g | Espanola.lt","isPartOf":{"@id":"https:\/\/espanola.lt\/#website"},"primaryImageOfPage":{"@id":"https:\/\/espanola.lt\/produktas\/kavos-skonio-kakaviniai-triufeliai-100g\/#primaryimage"},"image":{"@id":"https:\/\/espanola.lt\/produktas\/kavos-skonio-kakaviniai-triufeliai-100g\/#primaryimage"},"thumbnailUrl":"https:\/\/espanola.lt\/wp-content\/uploads\/2025\/11\/70481-70697-COFFEE-COCOA-TRUFFLES-100G-1.png","datePublished":"2025-11-13T13:19:07+00:00","dateModified":"2025-12-18T08:25:49+00:00","description":"Atraskite auk\u0161tos kokyb\u0117s ispani\u0161kus delikatesus \u2013 s\u016brius, kumpius, alyvuoges ir \u017euv\u012f. Tikras Ispanijos skonis tiesiai \u012f j\u016bs\u0173 namus.","breadcrumb":{"@id":"https:\/\/espanola.lt\/produktas\/kavos-skonio-kakaviniai-triufeliai-100g\/#breadcrumb"},"inLanguage":"en-US","potentialAction":[{"@type":"ReadAction","target":["https:\/\/espanola.lt\/produktas\/kavos-skonio-kakaviniai-triufeliai-100g\/"]}]},{"@type":"ImageObject","inLanguage":"en-US","@id":"https:\/\/espanola.lt\/produktas\/kavos-skonio-kakaviniai-triufeliai-100g\/#primaryimage","url":"https:\/\/espanola.lt\/wp-content\/uploads\/2025\/11\/70481-70697-COFFEE-COCOA-TRUFFLES-100G-1.png","contentUrl":"https:\/\/espanola.lt\/wp-content\/uploads\/2025\/11\/70481-70697-COFFEE-COCOA-TRUFFLES-100G-1.png","width":4800,"height":4800},{"@type":"BreadcrumbList","@id":"https:\/\/espanola.lt\/produktas\/kavos-skonio-kakaviniai-triufeliai-100g\/#breadcrumb","itemListElement":[{"@type":"ListItem","position":1,"name":"Home","item":"https:\/\/espanola.lt\/en\/homepage\/"},{"@type":"ListItem","position":2,"name":"Shop","item":"https:\/\/espanola.lt\/en\/shop\/"},{"@type":"ListItem","position":3,"name":"Kavos skonio kakaviniai triufeliai, 100g"}]},{"@type":"WebSite","@id":"https:\/\/espanola.lt\/#website","url":"https:\/\/espanola.lt\/","name":"Espanola.lt | Tikras Ispanijos skonis \u2013 J\u016bs\u0173 namuose!","description":"","publisher":{"@id":"https:\/\/espanola.lt\/#organization"},"potentialAction":[{"@type":"SearchAction","target":{"@type":"EntryPoint","urlTemplate":"https:\/\/espanola.lt\/?s={search_term_string}"},"query-input":{"@type":"PropertyValueSpecification","valueRequired":true,"valueName":"search_term_string"}}],"inLanguage":"en-US"},{"@type":"Organization","@id":"https:\/\/espanola.lt\/#organization","name":"Espanola.lt","url":"https:\/\/espanola.lt\/","logo":{"@type":"ImageObject","inLanguage":"en-US","@id":"https:\/\/espanola.lt\/#\/schema\/logo\/image\/","url":"https:\/\/espanola.lt\/wp-content\/uploads\/2023\/03\/notext_color.png","contentUrl":"https:\/\/espanola.lt\/wp-content\/uploads\/2023\/03\/notext_color.png","width":916,"height":204,"caption":"Espanola.lt"},"image":{"@id":"https:\/\/espanola.lt\/#\/schema\/logo\/image\/"},"sameAs":["https:\/\/www.facebook.com\/espanola.lt","https:\/\/www.instagram.com\/espanola.lt\/"]}]}},"_links":{"self":[{"href":"https:\/\/espanola.lt\/en\/wp-json\/wp\/v2\/product\/26387"}],"collection":[{"href":"https:\/\/espanola.lt\/en\/wp-json\/wp\/v2\/product"}],"about":[{"href":"https:\/\/espanola.lt\/en\/wp-json\/wp\/v2\/types\/product"}],"version-history":[{"count":3,"href":"https:\/\/espanola.lt\/en\/wp-json\/wp\/v2\/product\/26387\/revisions"}],"predecessor-version":[{"id":26398,"href":"https:\/\/espanola.lt\/en\/wp-json\/wp\/v2\/product\/26387\/revisions\/26398"}],"wp:featuredmedia":[{"embeddable":true,"href":"https:\/\/espanola.lt\/en\/wp-json\/wp\/v2\/media\/26395"}],"wp:attachment":[{"href":"https:\/\/espanola.lt\/en\/wp-json\/wp\/v2\/media?parent=26387"}],"wp:term":[{"taxonomy":"product_brand","embeddable":true,"href":"https:\/\/espanola.lt\/en\/wp-json\/wp\/v2\/product_brand?post=26387"},{"taxonomy":"product_cat","embeddable":true,"href":"https:\/\/espanola.lt\/en\/wp-json\/wp\/v2\/product_cat?post=26387"},{"taxonomy":"product_tag","embeddable":true,"href":"https:\/\/espanola.lt\/en\/wp-json\/wp\/v2\/product_tag?post=26387"}],"curies":[{"name":"wp","href":"https:\/\/api.w.org\/{rel}","templated":true}]}}