{"id":26379,"date":"2025-11-13T12:45:47","date_gmt":"2025-11-13T12:45:47","guid":{"rendered":"https:\/\/espanola.lt\/?post_type=product&#038;p=26379"},"modified":"2025-11-29T22:07:23","modified_gmt":"2025-11-29T22:07:23","slug":"asorti-sokoladiniai-saldainiai-pieniski-juodieji-ir-su-lazdynu-riesutais-70g","status":"publish","type":"product","link":"https:\/\/espanola.lt\/en\/produktas\/asorti-sokoladiniai-saldainiai-pieniski-juodieji-ir-su-lazdynu-riesutais-70g\/","title":{"rendered":"Asorti \u0161okoladiniai saldainiai: pieni\u0161ki, juodieji ir su lazdyn\u0173 rie\u0161utais 70g."},"content":{"rendered":"<p>I\u0161skirtinis \u0161okoladini\u0173 saldaini\u0173 rinkinys su pieni\u0161ko, juodojo ir lazdyn\u0173 rie\u0161ut\u0173 \u0161okolado skoni\u0173 \u012fvairove.<\/p>\n<p data-start=\"195\" data-end=\"626\"><strong data-start=\"195\" data-end=\"218\">Sudedamosios dalys:<\/strong><br data-start=\"218\" data-end=\"221\" \/>Cukrus, augaliniai riebalai (kokos\u0173, \u0161\u0117jos ir saul\u0117gr\u0105\u017e\u0173), kakavos mas\u0117 (ne ES kilm\u0117s), nenugriebto pieno milteliai, kakavos sviestas (ne ES kilm\u0117s), i\u0161r\u016bg\u0173 milteliai (pienas), saul\u0117gr\u0105\u017e\u0173 aliejus, nugriebto pieno milteliai, kakavos milteliai, laktoz\u0117 (pienas), bevandenis pieno riebalas, lazdyn\u0173 rie\u0161ut\u0173 pasta (ES ir ne ES kilm\u0117s) 1,3 %, emulgatoriai: soj\u0173 ir saul\u0117gr\u0105\u017e\u0173 lecitinas, kvapiosios med\u017eiagos.<\/p>\n<p data-start=\"628\" data-end=\"772\">Danga: pieni\u0161kas \u0161okoladas (ma\u017eiausiai 35 % kakavos saus\u0173j\u0173 med\u017eiag\u0173).<br data-start=\"698\" data-end=\"701\" \/>Danga: juodasis \u0161okoladas (ma\u017eiausiai 70 % kakavos saus\u0173j\u0173 med\u017eiag\u0173).<\/p>\n<p data-start=\"774\" data-end=\"868\"><strong data-start=\"774\" data-end=\"787\">Gali b\u016bti<\/strong> \u017eem\u0117s rie\u0161ut\u0173, glitimo (kvie\u010di\u0173 ir mie\u017ei\u0173) bei kit\u0173 rie\u0161ut\u0173 (migdol\u0173) p\u0117dsak\u0173.<\/p>\n<p data-start=\"870\" data-end=\"897\"><strong data-start=\"870\" data-end=\"890\">Grynasis kiekis:<\/strong> 70 g<\/p>\n<p data-start=\"1059\" data-end=\"1131\"><strong data-start=\"1059\" data-end=\"1104\">Geriausia iki pabaigos, partijos numeris:<\/strong><br data-start=\"1104\" data-end=\"1107\" \/>Nurodyta ant pakuot\u0117s.<\/p>\n<p data-start=\"1133\" data-end=\"1269\"><strong data-start=\"1133\" data-end=\"1153\">Laikymo s\u0105lygos:<\/strong><br data-start=\"1153\" data-end=\"1156\" \/>Laikyti v\u0117sioje ir sausoje vietoje. Did\u017eiausia laikymo temperat\u016bra \u2013 20 \u00b0C, did\u017eiausia santykin\u0117 dr\u0117gm\u0117 \u2013 65 %.<\/p>\n<h3 data-start=\"1276\" data-end=\"1335\"><strong data-start=\"1280\" data-end=\"1335\">Maistin\u0117 vert\u0117 (vidutin\u0117s reik\u0161m\u0117s 100 g produkto):<\/strong><\/h3>\n<div class=\"_tableContainer_1rjym_1\">\n<div class=\"group _tableWrapper_1rjym_13 flex w-fit flex-col-reverse\" tabindex=\"-1\">\n<table class=\"w-fit min-w-(--thread-content-width)\" data-start=\"1337\" data-end=\"1607\">\n<thead data-start=\"1337\" data-end=\"1358\">\n<tr data-start=\"1337\" data-end=\"1358\">\n<th data-start=\"1337\" data-end=\"1348\" data-col-size=\"sm\">Rodiklis<\/th>\n<th data-start=\"1348\" data-end=\"1358\" data-col-size=\"sm\">Kiekis<\/th>\n<\/tr>\n<\/thead>\n<tbody data-start=\"1382\" data-end=\"1607\">\n<tr data-start=\"1382\" data-end=\"1421\">\n<td data-start=\"1382\" data-end=\"1399\" data-col-size=\"sm\">Energin\u0117 vert\u0117<\/td>\n<td data-col-size=\"sm\" data-start=\"1399\" data-end=\"1421\">2414 kJ \/ 580 kcal<\/td>\n<\/tr>\n<tr data-start=\"1422\" data-end=\"1441\">\n<td data-start=\"1422\" data-end=\"1433\" data-col-size=\"sm\">Riebalai<\/td>\n<td data-col-size=\"sm\" data-start=\"1433\" data-end=\"1441\">40 g<\/td>\n<\/tr>\n<tr data-start=\"1442\" data-end=\"1482\">\n<td data-start=\"1442\" data-end=\"1474\" data-col-size=\"sm\">I\u0161 j\u0173 so\u010di\u0173j\u0173 riebal\u0173 r\u016bg\u0161\u010di\u0173<\/td>\n<td data-col-size=\"sm\" data-start=\"1474\" data-end=\"1482\">26 g<\/td>\n<\/tr>\n<tr data-start=\"1483\" data-end=\"1509\">\n<td data-start=\"1483\" data-end=\"1501\" data-col-size=\"sm\">Angliavandeniai<\/td>\n<td data-col-size=\"sm\" data-start=\"1501\" data-end=\"1509\">48 g<\/td>\n<\/tr>\n<tr data-start=\"1510\" data-end=\"1532\">\n<td data-start=\"1510\" data-end=\"1524\" data-col-size=\"sm\">I\u0161 j\u0173 cukr\u0173<\/td>\n<td data-col-size=\"sm\" data-start=\"1524\" data-end=\"1532\">45 g<\/td>\n<\/tr>\n<tr data-start=\"1533\" data-end=\"1566\">\n<td data-start=\"1533\" data-end=\"1557\" data-col-size=\"sm\">Skaidulin\u0117s med\u017eiagos<\/td>\n<td data-col-size=\"sm\" data-start=\"1557\" data-end=\"1566\">2,8 g<\/td>\n<\/tr>\n<tr data-start=\"1567\" data-end=\"1587\">\n<td data-start=\"1567\" data-end=\"1578\" data-col-size=\"sm\">Baltymai<\/td>\n<td data-col-size=\"sm\" data-start=\"1578\" data-end=\"1587\">5,6 g<\/td>\n<\/tr>\n<tr data-start=\"1588\" data-end=\"1607\">\n<td data-start=\"1588\" data-end=\"1597\" data-col-size=\"sm\">Druska<\/td>\n<td data-col-size=\"sm\" data-start=\"1597\" data-end=\"1607\">0,11 g<\/td>\n<\/tr>\n<\/tbody>\n<\/table>\n<\/div>\n<\/div>\n","protected":false},"excerpt":{"rendered":"<p>I\u0161skirtinis \u0161okoladini\u0173 saldaini\u0173 rinkinys su pieni\u0161ko, juodojo ir lazdyn\u0173 rie\u0161ut\u0173 \u0161okolado skoni\u0173 \u012fvairove. Sudedamosios dalys:Cukrus, augaliniai riebalai (kokos\u0173, \u0161\u0117jos ir saul\u0117gr\u0105\u017e\u0173), kakavos mas\u0117 (ne ES kilm\u0117s), nenugriebto pieno milteliai, kakavos sviestas (ne ES kilm\u0117s), i\u0161r\u016bg\u0173 milteliai (pienas), saul\u0117gr\u0105\u017e\u0173 aliejus, nugriebto pieno milteliai, kakavos milteliai, laktoz\u0117 (pienas), bevandenis pieno riebalas, lazdyn\u0173 rie\u0161ut\u0173 pasta (ES ir ne ES kilm\u0117s) 1,3 %, emulgatoriai: soj\u0173 ir saul\u0117gr\u0105\u017e\u0173 lecitinas, kvapiosios med\u017eiagos. Danga: pieni\u0161kas \u0161okoladas (ma\u017eiausiai 35 % kakavos saus\u0173j\u0173 med\u017eiag\u0173).Danga: juodasis \u0161okoladas (ma\u017eiausiai 70 % kakavos saus\u0173j\u0173 med\u017eiag\u0173). Gali b\u016bti \u017eem\u0117s rie\u0161ut\u0173, glitimo (kvie\u010di\u0173 ir mie\u017ei\u0173) bei kit\u0173 rie\u0161ut\u0173 (migdol\u0173) p\u0117dsak\u0173. Grynasis kiekis: 70 g Geriausia iki pabaigos, partijos numeris:Nurodyta ant pakuot\u0117s. Laikymo s\u0105lygos:Laikyti v\u0117sioje ir sausoje vietoje. Did\u017eiausia laikymo temperat\u016bra \u2013 20 \u00b0C, did\u017eiausia santykin\u0117 dr\u0117gm\u0117 \u2013 65 %. Maistin\u0117 vert\u0117 (vidutin\u0117s reik\u0161m\u0117s 100 g produkto): Rodiklis Kiekis Energin\u0117 vert\u0117 2414 kJ \/ 580 kcal Riebalai 40 g I\u0161 j\u0173 so\u010di\u0173j\u0173 riebal\u0173 r\u016bg\u0161\u010di\u0173 26 g Angliavandeniai 48 g I\u0161 j\u0173 cukr\u0173 45 g Skaidulin\u0117s med\u017eiagos 2,8 g Baltymai 5,6 g Druska 0,11 g<\/p>\n","protected":false},"featured_media":26380,"template":"","meta":[],"product_brand":[],"product_cat":[116,131],"product_tag":[],"class_list":{"0":"post-26379","1":"product","2":"type-product","3":"status-publish","4":"has-post-thumbnail","6":"product_cat-mazmenine-2","7":"product_cat-saldumynai","9":"first","10":"instock","11":"shipping-taxable","12":"purchasable","13":"product-type-simple"},"yoast_head":"<!-- This site is optimized with the Yoast SEO plugin v23.7 - https:\/\/yoast.com\/wordpress\/plugins\/seo\/ -->\n<title>Asorti \u0161okoladiniai saldainiai: pieni\u0161ki, juodieji ir su lazdyn\u0173 rie\u0161utais 70g. | Espanola.lt<\/title>\n<meta name=\"description\" content=\"Atraskite auk\u0161tos kokyb\u0117s ispani\u0161kus delikatesus \u2013 s\u016brius, kumpius, alyvuoges ir \u017euv\u012f. Tikras Ispanijos skonis tiesiai \u012f j\u016bs\u0173 namus.\" \/>\n<meta name=\"robots\" content=\"index, follow, max-snippet:-1, max-image-preview:large, max-video-preview:-1\" \/>\n<link rel=\"canonical\" href=\"https:\/\/espanola.lt\/produktas\/asorti-sokoladiniai-saldainiai-pieniski-juodieji-ir-su-lazdynu-riesutais-70g\/\" \/>\n<meta property=\"og:locale\" content=\"en_US\" \/>\n<meta property=\"og:type\" content=\"article\" \/>\n<meta property=\"og:title\" content=\"Asorti \u0161okoladiniai saldainiai: pieni\u0161ki, juodieji ir su lazdyn\u0173 rie\u0161utais 70g. | Espanola.lt\" \/>\n<meta property=\"og:description\" content=\"Atraskite auk\u0161tos kokyb\u0117s ispani\u0161kus delikatesus \u2013 s\u016brius, kumpius, alyvuoges ir \u017euv\u012f. Tikras Ispanijos skonis tiesiai \u012f j\u016bs\u0173 namus.\" \/>\n<meta property=\"og:url\" content=\"https:\/\/espanola.lt\/produktas\/asorti-sokoladiniai-saldainiai-pieniski-juodieji-ir-su-lazdynu-riesutais-70g\/\" \/>\n<meta property=\"og:site_name\" content=\"Espanola\" \/>\n<meta property=\"article:publisher\" content=\"https:\/\/www.facebook.com\/espanola.lt\" \/>\n<meta property=\"article:modified_time\" content=\"2025-11-29T22:07:23+00:00\" \/>\n<meta property=\"og:image\" content=\"https:\/\/espanola.lt\/wp-content\/uploads\/2025\/11\/70760-70764-BONBONS-SELECTION-MILK-DARK-AND-HAZELNUT-FLAVOUR-70G-1024x715.png\" \/>\n\t<meta property=\"og:image:width\" content=\"1024\" \/>\n\t<meta property=\"og:image:height\" content=\"715\" \/>\n\t<meta property=\"og:image:type\" content=\"image\/png\" \/>\n<meta name=\"twitter:card\" content=\"summary_large_image\" \/>\n<meta name=\"twitter:label1\" content=\"Est. reading time\" \/>\n\t<meta name=\"twitter:data1\" content=\"2 minutes\" \/>\n<script type=\"application\/ld+json\" class=\"yoast-schema-graph\">{\"@context\":\"https:\/\/schema.org\",\"@graph\":[{\"@type\":\"WebPage\",\"@id\":\"https:\/\/espanola.lt\/produktas\/asorti-sokoladiniai-saldainiai-pieniski-juodieji-ir-su-lazdynu-riesutais-70g\/\",\"url\":\"https:\/\/espanola.lt\/produktas\/asorti-sokoladiniai-saldainiai-pieniski-juodieji-ir-su-lazdynu-riesutais-70g\/\",\"name\":\"Asorti \u0161okoladiniai saldainiai: pieni\u0161ki, juodieji ir su lazdyn\u0173 rie\u0161utais 70g. | Espanola.lt\",\"isPartOf\":{\"@id\":\"https:\/\/espanola.lt\/#website\"},\"primaryImageOfPage\":{\"@id\":\"https:\/\/espanola.lt\/produktas\/asorti-sokoladiniai-saldainiai-pieniski-juodieji-ir-su-lazdynu-riesutais-70g\/#primaryimage\"},\"image\":{\"@id\":\"https:\/\/espanola.lt\/produktas\/asorti-sokoladiniai-saldainiai-pieniski-juodieji-ir-su-lazdynu-riesutais-70g\/#primaryimage\"},\"thumbnailUrl\":\"https:\/\/espanola.lt\/wp-content\/uploads\/2025\/11\/70760-70764-BONBONS-SELECTION-MILK-DARK-AND-HAZELNUT-FLAVOUR-70G.png\",\"datePublished\":\"2025-11-13T12:45:47+00:00\",\"dateModified\":\"2025-11-29T22:07:23+00:00\",\"description\":\"Atraskite auk\u0161tos kokyb\u0117s ispani\u0161kus delikatesus \u2013 s\u016brius, kumpius, alyvuoges ir \u017euv\u012f. Tikras Ispanijos skonis tiesiai \u012f j\u016bs\u0173 namus.\",\"breadcrumb\":{\"@id\":\"https:\/\/espanola.lt\/produktas\/asorti-sokoladiniai-saldainiai-pieniski-juodieji-ir-su-lazdynu-riesutais-70g\/#breadcrumb\"},\"inLanguage\":\"en-US\",\"potentialAction\":[{\"@type\":\"ReadAction\",\"target\":[\"https:\/\/espanola.lt\/produktas\/asorti-sokoladiniai-saldainiai-pieniski-juodieji-ir-su-lazdynu-riesutais-70g\/\"]}]},{\"@type\":\"ImageObject\",\"inLanguage\":\"en-US\",\"@id\":\"https:\/\/espanola.lt\/produktas\/asorti-sokoladiniai-saldainiai-pieniski-juodieji-ir-su-lazdynu-riesutais-70g\/#primaryimage\",\"url\":\"https:\/\/espanola.lt\/wp-content\/uploads\/2025\/11\/70760-70764-BONBONS-SELECTION-MILK-DARK-AND-HAZELNUT-FLAVOUR-70G.png\",\"contentUrl\":\"https:\/\/espanola.lt\/wp-content\/uploads\/2025\/11\/70760-70764-BONBONS-SELECTION-MILK-DARK-AND-HAZELNUT-FLAVOUR-70G.png\",\"width\":3389,\"height\":2365},{\"@type\":\"BreadcrumbList\",\"@id\":\"https:\/\/espanola.lt\/produktas\/asorti-sokoladiniai-saldainiai-pieniski-juodieji-ir-su-lazdynu-riesutais-70g\/#breadcrumb\",\"itemListElement\":[{\"@type\":\"ListItem\",\"position\":1,\"name\":\"Home\",\"item\":\"https:\/\/espanola.lt\/en\/homepage\/\"},{\"@type\":\"ListItem\",\"position\":2,\"name\":\"Shop\",\"item\":\"https:\/\/espanola.lt\/en\/shop\/\"},{\"@type\":\"ListItem\",\"position\":3,\"name\":\"Asorti \u0161okoladiniai saldainiai: pieni\u0161ki, juodieji ir su lazdyn\u0173 rie\u0161utais 70g.\"}]},{\"@type\":\"WebSite\",\"@id\":\"https:\/\/espanola.lt\/#website\",\"url\":\"https:\/\/espanola.lt\/\",\"name\":\"Espanola.lt | Tikras Ispanijos skonis \u2013 J\u016bs\u0173 namuose!\",\"description\":\"\",\"publisher\":{\"@id\":\"https:\/\/espanola.lt\/#organization\"},\"potentialAction\":[{\"@type\":\"SearchAction\",\"target\":{\"@type\":\"EntryPoint\",\"urlTemplate\":\"https:\/\/espanola.lt\/?s={search_term_string}\"},\"query-input\":{\"@type\":\"PropertyValueSpecification\",\"valueRequired\":true,\"valueName\":\"search_term_string\"}}],\"inLanguage\":\"en-US\"},{\"@type\":\"Organization\",\"@id\":\"https:\/\/espanola.lt\/#organization\",\"name\":\"Espanola.lt\",\"url\":\"https:\/\/espanola.lt\/\",\"logo\":{\"@type\":\"ImageObject\",\"inLanguage\":\"en-US\",\"@id\":\"https:\/\/espanola.lt\/#\/schema\/logo\/image\/\",\"url\":\"https:\/\/espanola.lt\/wp-content\/uploads\/2023\/03\/notext_color.png\",\"contentUrl\":\"https:\/\/espanola.lt\/wp-content\/uploads\/2023\/03\/notext_color.png\",\"width\":916,\"height\":204,\"caption\":\"Espanola.lt\"},\"image\":{\"@id\":\"https:\/\/espanola.lt\/#\/schema\/logo\/image\/\"},\"sameAs\":[\"https:\/\/www.facebook.com\/espanola.lt\",\"https:\/\/www.instagram.com\/espanola.lt\/\"]}]}<\/script>\n<!-- \/ Yoast SEO plugin. -->","yoast_head_json":{"title":"Asorti \u0161okoladiniai saldainiai: pieni\u0161ki, juodieji ir su lazdyn\u0173 rie\u0161utais 70g. | Espanola.lt","description":"Atraskite auk\u0161tos kokyb\u0117s ispani\u0161kus delikatesus \u2013 s\u016brius, kumpius, alyvuoges ir \u017euv\u012f. Tikras Ispanijos skonis tiesiai \u012f j\u016bs\u0173 namus.","robots":{"index":"index","follow":"follow","max-snippet":"max-snippet:-1","max-image-preview":"max-image-preview:large","max-video-preview":"max-video-preview:-1"},"canonical":"https:\/\/espanola.lt\/produktas\/asorti-sokoladiniai-saldainiai-pieniski-juodieji-ir-su-lazdynu-riesutais-70g\/","og_locale":"en_US","og_type":"article","og_title":"Asorti \u0161okoladiniai saldainiai: pieni\u0161ki, juodieji ir su lazdyn\u0173 rie\u0161utais 70g. | Espanola.lt","og_description":"Atraskite auk\u0161tos kokyb\u0117s ispani\u0161kus delikatesus \u2013 s\u016brius, kumpius, alyvuoges ir \u017euv\u012f. Tikras Ispanijos skonis tiesiai \u012f j\u016bs\u0173 namus.","og_url":"https:\/\/espanola.lt\/produktas\/asorti-sokoladiniai-saldainiai-pieniski-juodieji-ir-su-lazdynu-riesutais-70g\/","og_site_name":"Espanola","article_publisher":"https:\/\/www.facebook.com\/espanola.lt","article_modified_time":"2025-11-29T22:07:23+00:00","og_image":[{"width":1024,"height":715,"url":"https:\/\/espanola.lt\/wp-content\/uploads\/2025\/11\/70760-70764-BONBONS-SELECTION-MILK-DARK-AND-HAZELNUT-FLAVOUR-70G-1024x715.png","type":"image\/png"}],"twitter_card":"summary_large_image","twitter_misc":{"Est. reading time":"2 minutes"},"schema":{"@context":"https:\/\/schema.org","@graph":[{"@type":"WebPage","@id":"https:\/\/espanola.lt\/produktas\/asorti-sokoladiniai-saldainiai-pieniski-juodieji-ir-su-lazdynu-riesutais-70g\/","url":"https:\/\/espanola.lt\/produktas\/asorti-sokoladiniai-saldainiai-pieniski-juodieji-ir-su-lazdynu-riesutais-70g\/","name":"Asorti \u0161okoladiniai saldainiai: pieni\u0161ki, juodieji ir su lazdyn\u0173 rie\u0161utais 70g. | Espanola.lt","isPartOf":{"@id":"https:\/\/espanola.lt\/#website"},"primaryImageOfPage":{"@id":"https:\/\/espanola.lt\/produktas\/asorti-sokoladiniai-saldainiai-pieniski-juodieji-ir-su-lazdynu-riesutais-70g\/#primaryimage"},"image":{"@id":"https:\/\/espanola.lt\/produktas\/asorti-sokoladiniai-saldainiai-pieniski-juodieji-ir-su-lazdynu-riesutais-70g\/#primaryimage"},"thumbnailUrl":"https:\/\/espanola.lt\/wp-content\/uploads\/2025\/11\/70760-70764-BONBONS-SELECTION-MILK-DARK-AND-HAZELNUT-FLAVOUR-70G.png","datePublished":"2025-11-13T12:45:47+00:00","dateModified":"2025-11-29T22:07:23+00:00","description":"Atraskite auk\u0161tos kokyb\u0117s ispani\u0161kus delikatesus \u2013 s\u016brius, kumpius, alyvuoges ir \u017euv\u012f. Tikras Ispanijos skonis tiesiai \u012f j\u016bs\u0173 namus.","breadcrumb":{"@id":"https:\/\/espanola.lt\/produktas\/asorti-sokoladiniai-saldainiai-pieniski-juodieji-ir-su-lazdynu-riesutais-70g\/#breadcrumb"},"inLanguage":"en-US","potentialAction":[{"@type":"ReadAction","target":["https:\/\/espanola.lt\/produktas\/asorti-sokoladiniai-saldainiai-pieniski-juodieji-ir-su-lazdynu-riesutais-70g\/"]}]},{"@type":"ImageObject","inLanguage":"en-US","@id":"https:\/\/espanola.lt\/produktas\/asorti-sokoladiniai-saldainiai-pieniski-juodieji-ir-su-lazdynu-riesutais-70g\/#primaryimage","url":"https:\/\/espanola.lt\/wp-content\/uploads\/2025\/11\/70760-70764-BONBONS-SELECTION-MILK-DARK-AND-HAZELNUT-FLAVOUR-70G.png","contentUrl":"https:\/\/espanola.lt\/wp-content\/uploads\/2025\/11\/70760-70764-BONBONS-SELECTION-MILK-DARK-AND-HAZELNUT-FLAVOUR-70G.png","width":3389,"height":2365},{"@type":"BreadcrumbList","@id":"https:\/\/espanola.lt\/produktas\/asorti-sokoladiniai-saldainiai-pieniski-juodieji-ir-su-lazdynu-riesutais-70g\/#breadcrumb","itemListElement":[{"@type":"ListItem","position":1,"name":"Home","item":"https:\/\/espanola.lt\/en\/homepage\/"},{"@type":"ListItem","position":2,"name":"Shop","item":"https:\/\/espanola.lt\/en\/shop\/"},{"@type":"ListItem","position":3,"name":"Asorti \u0161okoladiniai saldainiai: pieni\u0161ki, juodieji ir su lazdyn\u0173 rie\u0161utais 70g."}]},{"@type":"WebSite","@id":"https:\/\/espanola.lt\/#website","url":"https:\/\/espanola.lt\/","name":"Espanola.lt | Tikras Ispanijos skonis \u2013 J\u016bs\u0173 namuose!","description":"","publisher":{"@id":"https:\/\/espanola.lt\/#organization"},"potentialAction":[{"@type":"SearchAction","target":{"@type":"EntryPoint","urlTemplate":"https:\/\/espanola.lt\/?s={search_term_string}"},"query-input":{"@type":"PropertyValueSpecification","valueRequired":true,"valueName":"search_term_string"}}],"inLanguage":"en-US"},{"@type":"Organization","@id":"https:\/\/espanola.lt\/#organization","name":"Espanola.lt","url":"https:\/\/espanola.lt\/","logo":{"@type":"ImageObject","inLanguage":"en-US","@id":"https:\/\/espanola.lt\/#\/schema\/logo\/image\/","url":"https:\/\/espanola.lt\/wp-content\/uploads\/2023\/03\/notext_color.png","contentUrl":"https:\/\/espanola.lt\/wp-content\/uploads\/2023\/03\/notext_color.png","width":916,"height":204,"caption":"Espanola.lt"},"image":{"@id":"https:\/\/espanola.lt\/#\/schema\/logo\/image\/"},"sameAs":["https:\/\/www.facebook.com\/espanola.lt","https:\/\/www.instagram.com\/espanola.lt\/"]}]}},"_links":{"self":[{"href":"https:\/\/espanola.lt\/en\/wp-json\/wp\/v2\/product\/26379"}],"collection":[{"href":"https:\/\/espanola.lt\/en\/wp-json\/wp\/v2\/product"}],"about":[{"href":"https:\/\/espanola.lt\/en\/wp-json\/wp\/v2\/types\/product"}],"version-history":[{"count":1,"href":"https:\/\/espanola.lt\/en\/wp-json\/wp\/v2\/product\/26379\/revisions"}],"predecessor-version":[{"id":26382,"href":"https:\/\/espanola.lt\/en\/wp-json\/wp\/v2\/product\/26379\/revisions\/26382"}],"wp:featuredmedia":[{"embeddable":true,"href":"https:\/\/espanola.lt\/en\/wp-json\/wp\/v2\/media\/26380"}],"wp:attachment":[{"href":"https:\/\/espanola.lt\/en\/wp-json\/wp\/v2\/media?parent=26379"}],"wp:term":[{"taxonomy":"product_brand","embeddable":true,"href":"https:\/\/espanola.lt\/en\/wp-json\/wp\/v2\/product_brand?post=26379"},{"taxonomy":"product_cat","embeddable":true,"href":"https:\/\/espanola.lt\/en\/wp-json\/wp\/v2\/product_cat?post=26379"},{"taxonomy":"product_tag","embeddable":true,"href":"https:\/\/espanola.lt\/en\/wp-json\/wp\/v2\/product_tag?post=26379"}],"curies":[{"name":"wp","href":"https:\/\/api.w.org\/{rel}","templated":true}]}}