{"id":26341,"date":"2025-11-13T09:43:47","date_gmt":"2025-11-13T09:43:47","guid":{"rendered":"https:\/\/espanola.lt\/?post_type=product&#038;p=26341"},"modified":"2025-12-22T21:01:38","modified_gmt":"2025-12-22T21:01:38","slug":"kreminis-lazdynu-riesutu-turronas-200g","status":"publish","type":"product","link":"https:\/\/espanola.lt\/en\/produktas\/kreminis-lazdynu-riesutu-turronas-200g\/","title":{"rendered":"Kreminis lazdyn\u0173 rie\u0161ut\u0173 turronas, 200g."},"content":{"rendered":"<p>Turronas su \u0161velniu lazdyn\u0173 rie\u0161ut\u0173 kremu ir \u0161okolado danga \u2013 tikras gardumo \u012fsik\u016bnijimas.<\/p>\n<h3 data-start=\"107\" data-end=\"124\"><strong data-start=\"111\" data-end=\"122\">Sudedamosios dalys<\/strong><\/h3>\n<p data-start=\"125\" data-end=\"325\">Cukrus, kakavos mas\u0117, sviestas, kakavos sviestas, lazdyn\u0173 rie\u0161ut\u0173 pasta, emulgatoriai: soj\u0173 ir saul\u0117gr\u0105\u017e\u0173 lecitinas, kvapiosios med\u017eiagos.<br data-start=\"263\" data-end=\"266\" \/>\u0160okolado danga \u2013 45 % (\u0161okolade ma\u017eiausiai 51 % kakavos).<\/p>\n<hr data-start=\"327\" data-end=\"330\" \/>\n<h3 data-start=\"332\" data-end=\"356\"><strong data-start=\"336\" data-end=\"354\">Maistin\u0117 vert\u0117<\/strong><\/h3>\n<p data-start=\"357\" data-end=\"396\"><em data-start=\"357\" data-end=\"394\">(Vidutin\u0117s reik\u0161m\u0117s 100 g produkto)<\/em><\/p>\n<div class=\"_tableContainer_1rjym_1\">\n<div class=\"group _tableWrapper_1rjym_13 flex w-fit flex-col-reverse\">\n<table class=\"w-fit min-w-(--thread-content-width)\" data-start=\"398\" data-end=\"638\">\n<thead data-start=\"398\" data-end=\"430\">\n<tr data-start=\"398\" data-end=\"430\">\n<th data-start=\"398\" data-end=\"409\" data-col-size=\"sm\">Rodiklis<\/th>\n<th data-start=\"409\" data-end=\"420\" data-col-size=\"sm\">Vienetai<\/th>\n<th data-start=\"420\" data-end=\"430\" data-col-size=\"sm\">Kiekis<\/th>\n<\/tr>\n<\/thead>\n<tbody data-start=\"467\" data-end=\"638\">\n<tr data-start=\"467\" data-end=\"487\">\n<td data-start=\"467\" data-end=\"478\" data-col-size=\"sm\">Baltymai<\/td>\n<td data-col-size=\"sm\" data-start=\"478\" data-end=\"482\">g<\/td>\n<td data-col-size=\"sm\" data-start=\"482\" data-end=\"487\">3<\/td>\n<\/tr>\n<tr data-start=\"488\" data-end=\"516\">\n<td data-start=\"488\" data-end=\"506\" data-col-size=\"sm\">Angliavandeniai<\/td>\n<td data-col-size=\"sm\" data-start=\"506\" data-end=\"510\">g<\/td>\n<td data-col-size=\"sm\" data-start=\"510\" data-end=\"516\">45<\/td>\n<\/tr>\n<tr data-start=\"517\" data-end=\"541\">\n<td data-start=\"517\" data-end=\"531\" data-col-size=\"sm\">I\u0161 j\u0173 cukr\u0173<\/td>\n<td data-col-size=\"sm\" data-start=\"531\" data-end=\"535\">g<\/td>\n<td data-col-size=\"sm\" data-start=\"535\" data-end=\"541\">43<\/td>\n<\/tr>\n<tr data-start=\"542\" data-end=\"573\">\n<td data-start=\"542\" data-end=\"564\" data-col-size=\"sm\">Maistin\u0117s skaidulos<\/td>\n<td data-col-size=\"sm\" data-start=\"564\" data-end=\"568\">g<\/td>\n<td data-col-size=\"sm\" data-start=\"568\" data-end=\"573\">2<\/td>\n<\/tr>\n<tr data-start=\"574\" data-end=\"595\">\n<td data-start=\"574\" data-end=\"585\" data-col-size=\"sm\">Riebalai<\/td>\n<td data-col-size=\"sm\" data-start=\"585\" data-end=\"589\">g<\/td>\n<td data-col-size=\"sm\" data-start=\"589\" data-end=\"595\">45<\/td>\n<\/tr>\n<tr data-start=\"596\" data-end=\"638\">\n<td data-start=\"596\" data-end=\"628\" data-col-size=\"sm\">I\u0161 j\u0173 so\u010di\u0173j\u0173 riebal\u0173 r\u016bg\u0161\u010di\u0173<\/td>\n<td data-col-size=\"sm\" data-start=\"628\" data-end=\"632\">g<\/td>\n<td data-col-size=\"sm\" data-start=\"632\" data-end=\"638\">25<\/td>\n<\/tr>\n<\/tbody>\n<\/table>\n<\/div>\n<\/div>\n<hr data-start=\"640\" data-end=\"643\" \/>\n<h3 data-start=\"645\" data-end=\"664\"><strong data-start=\"649\" data-end=\"662\">Alergenai<\/strong><\/h3>\n<p data-start=\"665\" data-end=\"781\">Sud\u0117tyje yra rie\u0161ut\u0173, soj\u0173 lecitino ir pieno produkt\u0173.<br data-start=\"719\" data-end=\"722\" \/>Gali b\u016bti \u017eem\u0117s rie\u0161ut\u0173, glitimo ir kit\u0173 rie\u0161ut\u0173 p\u0117dsak\u0173.<\/p>\n<hr data-start=\"783\" data-end=\"786\" \/>\n<h3 data-start=\"788\" data-end=\"813\"><strong data-start=\"792\" data-end=\"811\">Laikymo s\u0105lygos<\/strong><\/h3>\n<p data-start=\"814\" data-end=\"849\">Laikyti v\u0117sioje, sausoje vietoje.<\/p>\n","protected":false},"excerpt":{"rendered":"<p>Turronas su \u0161velniu lazdyn\u0173 rie\u0161ut\u0173 kremu ir \u0161okolado danga \u2013 tikras gardumo \u012fsik\u016bnijimas. Sudedamosios dalys Cukrus, kakavos mas\u0117, sviestas, kakavos sviestas, lazdyn\u0173 rie\u0161ut\u0173 pasta, emulgatoriai: soj\u0173 ir saul\u0117gr\u0105\u017e\u0173 lecitinas, kvapiosios med\u017eiagos.\u0160okolado danga \u2013 45 % (\u0161okolade ma\u017eiausiai 51 % kakavos). Maistin\u0117 vert\u0117 (Vidutin\u0117s reik\u0161m\u0117s 100 g produkto) Rodiklis Vienetai Kiekis Baltymai g 3 Angliavandeniai g 45 I\u0161 j\u0173 cukr\u0173 g 43 Maistin\u0117s skaidulos g 2 Riebalai g 45 I\u0161 j\u0173 so\u010di\u0173j\u0173 riebal\u0173 r\u016bg\u0161\u010di\u0173 g 25 Alergenai Sud\u0117tyje yra rie\u0161ut\u0173, soj\u0173 lecitino ir pieno produkt\u0173.Gali b\u016bti \u017eem\u0117s rie\u0161ut\u0173, glitimo ir kit\u0173 rie\u0161ut\u0173 p\u0117dsak\u0173. Laikymo s\u0105lygos Laikyti v\u0117sioje, sausoje vietoje.<\/p>\n","protected":false},"featured_media":26355,"template":"","meta":[],"product_brand":[],"product_cat":[116,131],"product_tag":[],"class_list":{"0":"post-26341","1":"product","2":"type-product","3":"status-publish","4":"has-post-thumbnail","6":"product_cat-mazmenine-2","7":"product_cat-saldumynai","9":"first","10":"outofstock","11":"shipping-taxable","12":"purchasable","13":"product-type-simple"},"yoast_head":"<!-- This site is optimized with the Yoast SEO plugin v23.7 - https:\/\/yoast.com\/wordpress\/plugins\/seo\/ -->\n<title>Kreminis lazdyn\u0173 rie\u0161ut\u0173 turronas, 200g. | Espanola.lt<\/title>\n<meta name=\"description\" content=\"Atraskite auk\u0161tos kokyb\u0117s ispani\u0161kus delikatesus \u2013 s\u016brius, kumpius, alyvuoges ir \u017euv\u012f. Tikras Ispanijos skonis tiesiai \u012f j\u016bs\u0173 namus.\" \/>\n<meta name=\"robots\" content=\"index, follow, max-snippet:-1, max-image-preview:large, max-video-preview:-1\" \/>\n<link rel=\"canonical\" href=\"https:\/\/espanola.lt\/produktas\/kreminis-lazdynu-riesutu-turronas-200g\/\" \/>\n<meta property=\"og:locale\" content=\"en_US\" \/>\n<meta property=\"og:type\" content=\"article\" \/>\n<meta property=\"og:title\" content=\"Kreminis lazdyn\u0173 rie\u0161ut\u0173 turronas, 200g. | Espanola.lt\" \/>\n<meta property=\"og:description\" content=\"Atraskite auk\u0161tos kokyb\u0117s ispani\u0161kus delikatesus \u2013 s\u016brius, kumpius, alyvuoges ir \u017euv\u012f. Tikras Ispanijos skonis tiesiai \u012f j\u016bs\u0173 namus.\" \/>\n<meta property=\"og:url\" content=\"https:\/\/espanola.lt\/produktas\/kreminis-lazdynu-riesutu-turronas-200g\/\" \/>\n<meta property=\"og:site_name\" content=\"Espanola\" \/>\n<meta property=\"article:publisher\" content=\"https:\/\/www.facebook.com\/espanola.lt\" \/>\n<meta property=\"article:modified_time\" content=\"2025-12-22T21:01:38+00:00\" \/>\n<meta property=\"og:image\" content=\"https:\/\/espanola.lt\/wp-content\/uploads\/2025\/11\/70715-70754-3D-MILK-CHOCOLATE-AND-HAZELNUT-TURRON-200G-1024x1024.png\" \/>\n\t<meta property=\"og:image:width\" content=\"1024\" \/>\n\t<meta property=\"og:image:height\" content=\"1024\" \/>\n\t<meta property=\"og:image:type\" content=\"image\/png\" \/>\n<meta name=\"twitter:card\" content=\"summary_large_image\" \/>\n<meta name=\"twitter:label1\" content=\"Est. reading time\" \/>\n\t<meta name=\"twitter:data1\" content=\"1 minute\" \/>\n<script type=\"application\/ld+json\" class=\"yoast-schema-graph\">{\"@context\":\"https:\/\/schema.org\",\"@graph\":[{\"@type\":\"WebPage\",\"@id\":\"https:\/\/espanola.lt\/produktas\/kreminis-lazdynu-riesutu-turronas-200g\/\",\"url\":\"https:\/\/espanola.lt\/produktas\/kreminis-lazdynu-riesutu-turronas-200g\/\",\"name\":\"Kreminis lazdyn\u0173 rie\u0161ut\u0173 turronas, 200g. | Espanola.lt\",\"isPartOf\":{\"@id\":\"https:\/\/espanola.lt\/#website\"},\"primaryImageOfPage\":{\"@id\":\"https:\/\/espanola.lt\/produktas\/kreminis-lazdynu-riesutu-turronas-200g\/#primaryimage\"},\"image\":{\"@id\":\"https:\/\/espanola.lt\/produktas\/kreminis-lazdynu-riesutu-turronas-200g\/#primaryimage\"},\"thumbnailUrl\":\"https:\/\/espanola.lt\/wp-content\/uploads\/2025\/11\/70715-70754-3D-MILK-CHOCOLATE-AND-HAZELNUT-TURRON-200G.png\",\"datePublished\":\"2025-11-13T09:43:47+00:00\",\"dateModified\":\"2025-12-22T21:01:38+00:00\",\"description\":\"Atraskite auk\u0161tos kokyb\u0117s ispani\u0161kus delikatesus \u2013 s\u016brius, kumpius, alyvuoges ir \u017euv\u012f. Tikras Ispanijos skonis tiesiai \u012f j\u016bs\u0173 namus.\",\"breadcrumb\":{\"@id\":\"https:\/\/espanola.lt\/produktas\/kreminis-lazdynu-riesutu-turronas-200g\/#breadcrumb\"},\"inLanguage\":\"en-US\",\"potentialAction\":[{\"@type\":\"ReadAction\",\"target\":[\"https:\/\/espanola.lt\/produktas\/kreminis-lazdynu-riesutu-turronas-200g\/\"]}]},{\"@type\":\"ImageObject\",\"inLanguage\":\"en-US\",\"@id\":\"https:\/\/espanola.lt\/produktas\/kreminis-lazdynu-riesutu-turronas-200g\/#primaryimage\",\"url\":\"https:\/\/espanola.lt\/wp-content\/uploads\/2025\/11\/70715-70754-3D-MILK-CHOCOLATE-AND-HAZELNUT-TURRON-200G.png\",\"contentUrl\":\"https:\/\/espanola.lt\/wp-content\/uploads\/2025\/11\/70715-70754-3D-MILK-CHOCOLATE-AND-HAZELNUT-TURRON-200G.png\",\"width\":4800,\"height\":4800},{\"@type\":\"BreadcrumbList\",\"@id\":\"https:\/\/espanola.lt\/produktas\/kreminis-lazdynu-riesutu-turronas-200g\/#breadcrumb\",\"itemListElement\":[{\"@type\":\"ListItem\",\"position\":1,\"name\":\"Home\",\"item\":\"https:\/\/espanola.lt\/en\/homepage\/\"},{\"@type\":\"ListItem\",\"position\":2,\"name\":\"Shop\",\"item\":\"https:\/\/espanola.lt\/en\/shop\/\"},{\"@type\":\"ListItem\",\"position\":3,\"name\":\"Kreminis lazdyn\u0173 rie\u0161ut\u0173 turronas, 200g.\"}]},{\"@type\":\"WebSite\",\"@id\":\"https:\/\/espanola.lt\/#website\",\"url\":\"https:\/\/espanola.lt\/\",\"name\":\"Espanola.lt | Tikras Ispanijos skonis \u2013 J\u016bs\u0173 namuose!\",\"description\":\"\",\"publisher\":{\"@id\":\"https:\/\/espanola.lt\/#organization\"},\"potentialAction\":[{\"@type\":\"SearchAction\",\"target\":{\"@type\":\"EntryPoint\",\"urlTemplate\":\"https:\/\/espanola.lt\/?s={search_term_string}\"},\"query-input\":{\"@type\":\"PropertyValueSpecification\",\"valueRequired\":true,\"valueName\":\"search_term_string\"}}],\"inLanguage\":\"en-US\"},{\"@type\":\"Organization\",\"@id\":\"https:\/\/espanola.lt\/#organization\",\"name\":\"Espanola.lt\",\"url\":\"https:\/\/espanola.lt\/\",\"logo\":{\"@type\":\"ImageObject\",\"inLanguage\":\"en-US\",\"@id\":\"https:\/\/espanola.lt\/#\/schema\/logo\/image\/\",\"url\":\"https:\/\/espanola.lt\/wp-content\/uploads\/2023\/03\/notext_color.png\",\"contentUrl\":\"https:\/\/espanola.lt\/wp-content\/uploads\/2023\/03\/notext_color.png\",\"width\":916,\"height\":204,\"caption\":\"Espanola.lt\"},\"image\":{\"@id\":\"https:\/\/espanola.lt\/#\/schema\/logo\/image\/\"},\"sameAs\":[\"https:\/\/www.facebook.com\/espanola.lt\",\"https:\/\/www.instagram.com\/espanola.lt\/\"]}]}<\/script>\n<!-- \/ Yoast SEO plugin. -->","yoast_head_json":{"title":"Kreminis lazdyn\u0173 rie\u0161ut\u0173 turronas, 200g. | Espanola.lt","description":"Atraskite auk\u0161tos kokyb\u0117s ispani\u0161kus delikatesus \u2013 s\u016brius, kumpius, alyvuoges ir \u017euv\u012f. Tikras Ispanijos skonis tiesiai \u012f j\u016bs\u0173 namus.","robots":{"index":"index","follow":"follow","max-snippet":"max-snippet:-1","max-image-preview":"max-image-preview:large","max-video-preview":"max-video-preview:-1"},"canonical":"https:\/\/espanola.lt\/produktas\/kreminis-lazdynu-riesutu-turronas-200g\/","og_locale":"en_US","og_type":"article","og_title":"Kreminis lazdyn\u0173 rie\u0161ut\u0173 turronas, 200g. | Espanola.lt","og_description":"Atraskite auk\u0161tos kokyb\u0117s ispani\u0161kus delikatesus \u2013 s\u016brius, kumpius, alyvuoges ir \u017euv\u012f. Tikras Ispanijos skonis tiesiai \u012f j\u016bs\u0173 namus.","og_url":"https:\/\/espanola.lt\/produktas\/kreminis-lazdynu-riesutu-turronas-200g\/","og_site_name":"Espanola","article_publisher":"https:\/\/www.facebook.com\/espanola.lt","article_modified_time":"2025-12-22T21:01:38+00:00","og_image":[{"width":1024,"height":1024,"url":"https:\/\/espanola.lt\/wp-content\/uploads\/2025\/11\/70715-70754-3D-MILK-CHOCOLATE-AND-HAZELNUT-TURRON-200G-1024x1024.png","type":"image\/png"}],"twitter_card":"summary_large_image","twitter_misc":{"Est. reading time":"1 minute"},"schema":{"@context":"https:\/\/schema.org","@graph":[{"@type":"WebPage","@id":"https:\/\/espanola.lt\/produktas\/kreminis-lazdynu-riesutu-turronas-200g\/","url":"https:\/\/espanola.lt\/produktas\/kreminis-lazdynu-riesutu-turronas-200g\/","name":"Kreminis lazdyn\u0173 rie\u0161ut\u0173 turronas, 200g. | Espanola.lt","isPartOf":{"@id":"https:\/\/espanola.lt\/#website"},"primaryImageOfPage":{"@id":"https:\/\/espanola.lt\/produktas\/kreminis-lazdynu-riesutu-turronas-200g\/#primaryimage"},"image":{"@id":"https:\/\/espanola.lt\/produktas\/kreminis-lazdynu-riesutu-turronas-200g\/#primaryimage"},"thumbnailUrl":"https:\/\/espanola.lt\/wp-content\/uploads\/2025\/11\/70715-70754-3D-MILK-CHOCOLATE-AND-HAZELNUT-TURRON-200G.png","datePublished":"2025-11-13T09:43:47+00:00","dateModified":"2025-12-22T21:01:38+00:00","description":"Atraskite auk\u0161tos kokyb\u0117s ispani\u0161kus delikatesus \u2013 s\u016brius, kumpius, alyvuoges ir \u017euv\u012f. Tikras Ispanijos skonis tiesiai \u012f j\u016bs\u0173 namus.","breadcrumb":{"@id":"https:\/\/espanola.lt\/produktas\/kreminis-lazdynu-riesutu-turronas-200g\/#breadcrumb"},"inLanguage":"en-US","potentialAction":[{"@type":"ReadAction","target":["https:\/\/espanola.lt\/produktas\/kreminis-lazdynu-riesutu-turronas-200g\/"]}]},{"@type":"ImageObject","inLanguage":"en-US","@id":"https:\/\/espanola.lt\/produktas\/kreminis-lazdynu-riesutu-turronas-200g\/#primaryimage","url":"https:\/\/espanola.lt\/wp-content\/uploads\/2025\/11\/70715-70754-3D-MILK-CHOCOLATE-AND-HAZELNUT-TURRON-200G.png","contentUrl":"https:\/\/espanola.lt\/wp-content\/uploads\/2025\/11\/70715-70754-3D-MILK-CHOCOLATE-AND-HAZELNUT-TURRON-200G.png","width":4800,"height":4800},{"@type":"BreadcrumbList","@id":"https:\/\/espanola.lt\/produktas\/kreminis-lazdynu-riesutu-turronas-200g\/#breadcrumb","itemListElement":[{"@type":"ListItem","position":1,"name":"Home","item":"https:\/\/espanola.lt\/en\/homepage\/"},{"@type":"ListItem","position":2,"name":"Shop","item":"https:\/\/espanola.lt\/en\/shop\/"},{"@type":"ListItem","position":3,"name":"Kreminis lazdyn\u0173 rie\u0161ut\u0173 turronas, 200g."}]},{"@type":"WebSite","@id":"https:\/\/espanola.lt\/#website","url":"https:\/\/espanola.lt\/","name":"Espanola.lt | Tikras Ispanijos skonis \u2013 J\u016bs\u0173 namuose!","description":"","publisher":{"@id":"https:\/\/espanola.lt\/#organization"},"potentialAction":[{"@type":"SearchAction","target":{"@type":"EntryPoint","urlTemplate":"https:\/\/espanola.lt\/?s={search_term_string}"},"query-input":{"@type":"PropertyValueSpecification","valueRequired":true,"valueName":"search_term_string"}}],"inLanguage":"en-US"},{"@type":"Organization","@id":"https:\/\/espanola.lt\/#organization","name":"Espanola.lt","url":"https:\/\/espanola.lt\/","logo":{"@type":"ImageObject","inLanguage":"en-US","@id":"https:\/\/espanola.lt\/#\/schema\/logo\/image\/","url":"https:\/\/espanola.lt\/wp-content\/uploads\/2023\/03\/notext_color.png","contentUrl":"https:\/\/espanola.lt\/wp-content\/uploads\/2023\/03\/notext_color.png","width":916,"height":204,"caption":"Espanola.lt"},"image":{"@id":"https:\/\/espanola.lt\/#\/schema\/logo\/image\/"},"sameAs":["https:\/\/www.facebook.com\/espanola.lt","https:\/\/www.instagram.com\/espanola.lt\/"]}]}},"_links":{"self":[{"href":"https:\/\/espanola.lt\/en\/wp-json\/wp\/v2\/product\/26341"}],"collection":[{"href":"https:\/\/espanola.lt\/en\/wp-json\/wp\/v2\/product"}],"about":[{"href":"https:\/\/espanola.lt\/en\/wp-json\/wp\/v2\/types\/product"}],"version-history":[{"count":2,"href":"https:\/\/espanola.lt\/en\/wp-json\/wp\/v2\/product\/26341\/revisions"}],"predecessor-version":[{"id":26936,"href":"https:\/\/espanola.lt\/en\/wp-json\/wp\/v2\/product\/26341\/revisions\/26936"}],"wp:featuredmedia":[{"embeddable":true,"href":"https:\/\/espanola.lt\/en\/wp-json\/wp\/v2\/media\/26355"}],"wp:attachment":[{"href":"https:\/\/espanola.lt\/en\/wp-json\/wp\/v2\/media?parent=26341"}],"wp:term":[{"taxonomy":"product_brand","embeddable":true,"href":"https:\/\/espanola.lt\/en\/wp-json\/wp\/v2\/product_brand?post=26341"},{"taxonomy":"product_cat","embeddable":true,"href":"https:\/\/espanola.lt\/en\/wp-json\/wp\/v2\/product_cat?post=26341"},{"taxonomy":"product_tag","embeddable":true,"href":"https:\/\/espanola.lt\/en\/wp-json\/wp\/v2\/product_tag?post=26341"}],"curies":[{"name":"wp","href":"https:\/\/api.w.org\/{rel}","templated":true}]}}