{"id":26337,"date":"2025-11-13T09:28:55","date_gmt":"2025-11-13T09:28:55","guid":{"rendered":"https:\/\/espanola.lt\/?post_type=product&#038;p=26337"},"modified":"2026-05-15T09:27:09","modified_gmt":"2026-05-15T09:27:09","slug":"sokoladas-su-sudyta-karamele-120g","status":"publish","type":"product","link":"https:\/\/espanola.lt\/en\/produktas\/sokoladas-su-sudyta-karamele-120g\/","title":{"rendered":"\u0160okoladas su s\u016bdyta karamele, 120g."},"content":{"rendered":"<p>Gardus \u0161okoladas, kuriame dera karamel\u0117s saldumas ir \u0161velni druskos nata.<\/p>\n<h3 data-start=\"110\" data-end=\"127\"><strong data-start=\"114\" data-end=\"125\">Sudedamosios dalys<\/strong><\/h3>\n<p data-start=\"128\" data-end=\"577\">Pieni\u0161kas \u0161okoladas 90,9 % (cukrus, kakavos sviestas, nenugriebto pieno milteliai, kakavos mas\u0117, emulgatoriai: soj\u0173 ir saul\u0117gr\u0105\u017e\u0173 lecitinas, kvapioji med\u017eiaga), karamel\u0117 (ES) 8,3 % (cukrus, bevandenis pieno riebalas, nenugriebto pieno milteliai, nugriebto pieno milteliai, druska, emulgatorius: saul\u0117gr\u0105\u017e\u0173 lecitinas), druskos dribsniai 0,8 %.<br data-start=\"515\" data-end=\"518\" \/>Kakavos kiekis pieni\u0161kame \u0161okolade \u2013 ne ma\u017eiau kaip 35 %.<\/p>\n<hr data-start=\"579\" data-end=\"582\" \/>\n<h3 data-start=\"584\" data-end=\"608\"><strong data-start=\"588\" data-end=\"606\">Maistin\u0117 vert\u0117<\/strong><\/h3>\n<p data-start=\"609\" data-end=\"648\"><em data-start=\"609\" data-end=\"646\">(Vidutin\u0117s reik\u0161m\u0117s 100 g produkto)<\/em><\/p>\n<div class=\"_tableContainer_1rjym_1\">\n<div class=\"group _tableWrapper_1rjym_13 flex w-fit flex-col-reverse\">\n<table class=\"w-fit min-w-(--thread-content-width)\" data-start=\"650\" data-end=\"924\">\n<thead data-start=\"650\" data-end=\"682\">\n<tr data-start=\"650\" data-end=\"682\">\n<th data-start=\"650\" data-end=\"661\" data-col-size=\"sm\">Rodiklis<\/th>\n<th data-start=\"661\" data-end=\"672\" data-col-size=\"sm\">Vienetai<\/th>\n<th data-start=\"672\" data-end=\"682\" data-col-size=\"sm\">Kiekis<\/th>\n<\/tr>\n<\/thead>\n<tbody data-start=\"719\" data-end=\"924\">\n<tr data-start=\"719\" data-end=\"741\">\n<td data-start=\"719\" data-end=\"730\" data-col-size=\"sm\">Baltymai<\/td>\n<td data-col-size=\"sm\" data-start=\"730\" data-end=\"734\">g<\/td>\n<td data-col-size=\"sm\" data-start=\"734\" data-end=\"741\">4,7<\/td>\n<\/tr>\n<tr data-start=\"742\" data-end=\"772\">\n<td data-start=\"742\" data-end=\"760\" data-col-size=\"sm\">Angliavandeniai<\/td>\n<td data-col-size=\"sm\" data-start=\"760\" data-end=\"764\">g<\/td>\n<td data-col-size=\"sm\" data-start=\"764\" data-end=\"772\">54,6<\/td>\n<\/tr>\n<tr data-start=\"773\" data-end=\"799\">\n<td data-start=\"773\" data-end=\"787\" data-col-size=\"sm\">I\u0161 j\u0173 cukr\u0173<\/td>\n<td data-col-size=\"sm\" data-start=\"787\" data-end=\"791\">g<\/td>\n<td data-col-size=\"sm\" data-start=\"791\" data-end=\"799\">54,6<\/td>\n<\/tr>\n<tr data-start=\"800\" data-end=\"833\">\n<td data-start=\"800\" data-end=\"822\" data-col-size=\"sm\">Maistin\u0117s skaidulos<\/td>\n<td data-col-size=\"sm\" data-start=\"822\" data-end=\"826\">g<\/td>\n<td data-col-size=\"sm\" data-start=\"826\" data-end=\"833\">6,9<\/td>\n<\/tr>\n<tr data-start=\"834\" data-end=\"857\">\n<td data-start=\"834\" data-end=\"845\" data-col-size=\"sm\">Riebalai<\/td>\n<td data-col-size=\"sm\" data-start=\"845\" data-end=\"849\">g<\/td>\n<td data-col-size=\"sm\" data-start=\"849\" data-end=\"857\">29,1<\/td>\n<\/tr>\n<tr data-start=\"858\" data-end=\"902\">\n<td data-start=\"858\" data-end=\"890\" data-col-size=\"sm\">I\u0161 j\u0173 so\u010di\u0173j\u0173 riebal\u0173 r\u016bg\u0161\u010di\u0173<\/td>\n<td data-col-size=\"sm\" data-start=\"890\" data-end=\"894\">g<\/td>\n<td data-col-size=\"sm\" data-start=\"894\" data-end=\"902\">18,8<\/td>\n<\/tr>\n<tr data-start=\"903\" data-end=\"924\">\n<td data-start=\"903\" data-end=\"912\" data-col-size=\"sm\">Druska<\/td>\n<td data-col-size=\"sm\" data-start=\"912\" data-end=\"916\">g<\/td>\n<td data-col-size=\"sm\" data-start=\"916\" data-end=\"924\">1,95<\/td>\n<\/tr>\n<\/tbody>\n<\/table>\n<\/div>\n<\/div>\n<hr data-start=\"926\" data-end=\"929\" \/>\n<h3 data-start=\"931\" data-end=\"950\"><strong data-start=\"935\" data-end=\"948\">Alergenai<\/strong><\/h3>\n<p data-start=\"951\" data-end=\"1016\">Gali b\u016bti rie\u0161ut\u0173, glitimo, kiau\u0161ini\u0173 ir \u017eem\u0117s rie\u0161ut\u0173 p\u0117dsak\u0173.<\/p>\n<hr data-start=\"1018\" data-end=\"1021\" \/>\n<h3 data-start=\"1023\" data-end=\"1048\"><strong data-start=\"1027\" data-end=\"1046\">Laikymo s\u0105lygos<\/strong><\/h3>\n<p data-start=\"1049\" data-end=\"1084\">Laikyti v\u0117sioje, sausoje vietoje.<\/p>\n","protected":false},"excerpt":{"rendered":"<p>Gardus \u0161okoladas, kuriame dera karamel\u0117s saldumas ir \u0161velni druskos nata. Sudedamosios dalys Pieni\u0161kas \u0161okoladas 90,9 % (cukrus, kakavos sviestas, nenugriebto pieno milteliai, kakavos mas\u0117, emulgatoriai: soj\u0173 ir saul\u0117gr\u0105\u017e\u0173 lecitinas, kvapioji med\u017eiaga), karamel\u0117 (ES) 8,3 % (cukrus, bevandenis pieno riebalas, nenugriebto pieno milteliai, nugriebto pieno milteliai, druska, emulgatorius: saul\u0117gr\u0105\u017e\u0173 lecitinas), druskos dribsniai 0,8 %.Kakavos kiekis pieni\u0161kame \u0161okolade \u2013 ne ma\u017eiau kaip 35 %. Maistin\u0117 vert\u0117 (Vidutin\u0117s reik\u0161m\u0117s 100 g produkto) Rodiklis Vienetai Kiekis Baltymai g 4,7 Angliavandeniai g 54,6 I\u0161 j\u0173 cukr\u0173 g 54,6 Maistin\u0117s skaidulos g 6,9 Riebalai g 29,1 I\u0161 j\u0173 so\u010di\u0173j\u0173 riebal\u0173 r\u016bg\u0161\u010di\u0173 g 18,8 Druska g 1,95 Alergenai Gali b\u016bti rie\u0161ut\u0173, glitimo, kiau\u0161ini\u0173 ir \u017eem\u0117s rie\u0161ut\u0173 p\u0117dsak\u0173. Laikymo s\u0105lygos Laikyti v\u0117sioje, sausoje vietoje.<\/p>\n","protected":false},"featured_media":26367,"template":"","meta":[],"product_brand":[],"product_cat":[116,131],"product_tag":[],"class_list":{"0":"post-26337","1":"product","2":"type-product","3":"status-publish","4":"has-post-thumbnail","6":"product_cat-mazmenine-2","7":"product_cat-saldumynai","9":"first","10":"instock","11":"shipping-taxable","12":"purchasable","13":"product-type-simple"},"yoast_head":"<!-- This site is optimized with the Yoast SEO plugin v23.7 - https:\/\/yoast.com\/wordpress\/plugins\/seo\/ -->\n<title>\u0160okoladas su s\u016bdyta karamele, 120g. | Espanola.lt<\/title>\n<meta name=\"description\" content=\"Atraskite auk\u0161tos kokyb\u0117s ispani\u0161kus delikatesus \u2013 s\u016brius, kumpius, alyvuoges ir \u017euv\u012f. Tikras Ispanijos skonis tiesiai \u012f j\u016bs\u0173 namus.\" \/>\n<meta name=\"robots\" content=\"index, follow, max-snippet:-1, max-image-preview:large, max-video-preview:-1\" \/>\n<link rel=\"canonical\" href=\"https:\/\/espanola.lt\/produktas\/sokoladas-su-sudyta-karamele-120g\/\" \/>\n<meta property=\"og:locale\" content=\"en_US\" \/>\n<meta property=\"og:type\" content=\"article\" \/>\n<meta property=\"og:title\" content=\"\u0160okoladas su s\u016bdyta karamele, 120g. | Espanola.lt\" \/>\n<meta property=\"og:description\" content=\"Atraskite auk\u0161tos kokyb\u0117s ispani\u0161kus delikatesus \u2013 s\u016brius, kumpius, alyvuoges ir \u017euv\u012f. Tikras Ispanijos skonis tiesiai \u012f j\u016bs\u0173 namus.\" \/>\n<meta property=\"og:url\" content=\"https:\/\/espanola.lt\/produktas\/sokoladas-su-sudyta-karamele-120g\/\" \/>\n<meta property=\"og:site_name\" content=\"Espanola\" \/>\n<meta property=\"article:publisher\" content=\"https:\/\/www.facebook.com\/espanola.lt\" \/>\n<meta property=\"article:modified_time\" content=\"2026-05-15T09:27:09+00:00\" \/>\n<meta property=\"og:image\" content=\"https:\/\/espanola.lt\/wp-content\/uploads\/2025\/11\/70606-FRONT-MILK-CHOCOLATE-WITH-SALTED-CARAMEL-120G-1024x1024.jpg\" \/>\n\t<meta property=\"og:image:width\" content=\"1024\" \/>\n\t<meta property=\"og:image:height\" content=\"1024\" \/>\n\t<meta property=\"og:image:type\" content=\"image\/jpeg\" \/>\n<meta name=\"twitter:card\" content=\"summary_large_image\" \/>\n<meta name=\"twitter:label1\" content=\"Est. reading time\" \/>\n\t<meta name=\"twitter:data1\" content=\"1 minute\" \/>\n<script type=\"application\/ld+json\" class=\"yoast-schema-graph\">{\"@context\":\"https:\/\/schema.org\",\"@graph\":[{\"@type\":\"WebPage\",\"@id\":\"https:\/\/espanola.lt\/produktas\/sokoladas-su-sudyta-karamele-120g\/\",\"url\":\"https:\/\/espanola.lt\/produktas\/sokoladas-su-sudyta-karamele-120g\/\",\"name\":\"\u0160okoladas su s\u016bdyta karamele, 120g. | Espanola.lt\",\"isPartOf\":{\"@id\":\"https:\/\/espanola.lt\/#website\"},\"primaryImageOfPage\":{\"@id\":\"https:\/\/espanola.lt\/produktas\/sokoladas-su-sudyta-karamele-120g\/#primaryimage\"},\"image\":{\"@id\":\"https:\/\/espanola.lt\/produktas\/sokoladas-su-sudyta-karamele-120g\/#primaryimage\"},\"thumbnailUrl\":\"https:\/\/espanola.lt\/wp-content\/uploads\/2025\/11\/70606-FRONT-MILK-CHOCOLATE-WITH-SALTED-CARAMEL-120G.jpg\",\"datePublished\":\"2025-11-13T09:28:55+00:00\",\"dateModified\":\"2026-05-15T09:27:09+00:00\",\"description\":\"Atraskite auk\u0161tos kokyb\u0117s ispani\u0161kus delikatesus \u2013 s\u016brius, kumpius, alyvuoges ir \u017euv\u012f. Tikras Ispanijos skonis tiesiai \u012f j\u016bs\u0173 namus.\",\"breadcrumb\":{\"@id\":\"https:\/\/espanola.lt\/produktas\/sokoladas-su-sudyta-karamele-120g\/#breadcrumb\"},\"inLanguage\":\"en-US\",\"potentialAction\":[{\"@type\":\"ReadAction\",\"target\":[\"https:\/\/espanola.lt\/produktas\/sokoladas-su-sudyta-karamele-120g\/\"]}]},{\"@type\":\"ImageObject\",\"inLanguage\":\"en-US\",\"@id\":\"https:\/\/espanola.lt\/produktas\/sokoladas-su-sudyta-karamele-120g\/#primaryimage\",\"url\":\"https:\/\/espanola.lt\/wp-content\/uploads\/2025\/11\/70606-FRONT-MILK-CHOCOLATE-WITH-SALTED-CARAMEL-120G.jpg\",\"contentUrl\":\"https:\/\/espanola.lt\/wp-content\/uploads\/2025\/11\/70606-FRONT-MILK-CHOCOLATE-WITH-SALTED-CARAMEL-120G.jpg\",\"width\":4800,\"height\":4800},{\"@type\":\"BreadcrumbList\",\"@id\":\"https:\/\/espanola.lt\/produktas\/sokoladas-su-sudyta-karamele-120g\/#breadcrumb\",\"itemListElement\":[{\"@type\":\"ListItem\",\"position\":1,\"name\":\"Home\",\"item\":\"https:\/\/espanola.lt\/en\/homepage\/\"},{\"@type\":\"ListItem\",\"position\":2,\"name\":\"Shop\",\"item\":\"https:\/\/espanola.lt\/en\/shop\/\"},{\"@type\":\"ListItem\",\"position\":3,\"name\":\"\u0160okoladas su s\u016bdyta karamele, 120g.\"}]},{\"@type\":\"WebSite\",\"@id\":\"https:\/\/espanola.lt\/#website\",\"url\":\"https:\/\/espanola.lt\/\",\"name\":\"Espanola.lt | Tikras Ispanijos skonis \u2013 J\u016bs\u0173 namuose!\",\"description\":\"\",\"publisher\":{\"@id\":\"https:\/\/espanola.lt\/#organization\"},\"potentialAction\":[{\"@type\":\"SearchAction\",\"target\":{\"@type\":\"EntryPoint\",\"urlTemplate\":\"https:\/\/espanola.lt\/?s={search_term_string}\"},\"query-input\":{\"@type\":\"PropertyValueSpecification\",\"valueRequired\":true,\"valueName\":\"search_term_string\"}}],\"inLanguage\":\"en-US\"},{\"@type\":\"Organization\",\"@id\":\"https:\/\/espanola.lt\/#organization\",\"name\":\"Espanola.lt\",\"url\":\"https:\/\/espanola.lt\/\",\"logo\":{\"@type\":\"ImageObject\",\"inLanguage\":\"en-US\",\"@id\":\"https:\/\/espanola.lt\/#\/schema\/logo\/image\/\",\"url\":\"https:\/\/espanola.lt\/wp-content\/uploads\/2023\/03\/notext_color.png\",\"contentUrl\":\"https:\/\/espanola.lt\/wp-content\/uploads\/2023\/03\/notext_color.png\",\"width\":916,\"height\":204,\"caption\":\"Espanola.lt\"},\"image\":{\"@id\":\"https:\/\/espanola.lt\/#\/schema\/logo\/image\/\"},\"sameAs\":[\"https:\/\/www.facebook.com\/espanola.lt\",\"https:\/\/www.instagram.com\/espanola.lt\/\"]}]}<\/script>\n<!-- \/ Yoast SEO plugin. -->","yoast_head_json":{"title":"\u0160okoladas su s\u016bdyta karamele, 120g. | Espanola.lt","description":"Atraskite auk\u0161tos kokyb\u0117s ispani\u0161kus delikatesus \u2013 s\u016brius, kumpius, alyvuoges ir \u017euv\u012f. Tikras Ispanijos skonis tiesiai \u012f j\u016bs\u0173 namus.","robots":{"index":"index","follow":"follow","max-snippet":"max-snippet:-1","max-image-preview":"max-image-preview:large","max-video-preview":"max-video-preview:-1"},"canonical":"https:\/\/espanola.lt\/produktas\/sokoladas-su-sudyta-karamele-120g\/","og_locale":"en_US","og_type":"article","og_title":"\u0160okoladas su s\u016bdyta karamele, 120g. | Espanola.lt","og_description":"Atraskite auk\u0161tos kokyb\u0117s ispani\u0161kus delikatesus \u2013 s\u016brius, kumpius, alyvuoges ir \u017euv\u012f. Tikras Ispanijos skonis tiesiai \u012f j\u016bs\u0173 namus.","og_url":"https:\/\/espanola.lt\/produktas\/sokoladas-su-sudyta-karamele-120g\/","og_site_name":"Espanola","article_publisher":"https:\/\/www.facebook.com\/espanola.lt","article_modified_time":"2026-05-15T09:27:09+00:00","og_image":[{"width":1024,"height":1024,"url":"https:\/\/espanola.lt\/wp-content\/uploads\/2025\/11\/70606-FRONT-MILK-CHOCOLATE-WITH-SALTED-CARAMEL-120G-1024x1024.jpg","type":"image\/jpeg"}],"twitter_card":"summary_large_image","twitter_misc":{"Est. reading time":"1 minute"},"schema":{"@context":"https:\/\/schema.org","@graph":[{"@type":"WebPage","@id":"https:\/\/espanola.lt\/produktas\/sokoladas-su-sudyta-karamele-120g\/","url":"https:\/\/espanola.lt\/produktas\/sokoladas-su-sudyta-karamele-120g\/","name":"\u0160okoladas su s\u016bdyta karamele, 120g. | Espanola.lt","isPartOf":{"@id":"https:\/\/espanola.lt\/#website"},"primaryImageOfPage":{"@id":"https:\/\/espanola.lt\/produktas\/sokoladas-su-sudyta-karamele-120g\/#primaryimage"},"image":{"@id":"https:\/\/espanola.lt\/produktas\/sokoladas-su-sudyta-karamele-120g\/#primaryimage"},"thumbnailUrl":"https:\/\/espanola.lt\/wp-content\/uploads\/2025\/11\/70606-FRONT-MILK-CHOCOLATE-WITH-SALTED-CARAMEL-120G.jpg","datePublished":"2025-11-13T09:28:55+00:00","dateModified":"2026-05-15T09:27:09+00:00","description":"Atraskite auk\u0161tos kokyb\u0117s ispani\u0161kus delikatesus \u2013 s\u016brius, kumpius, alyvuoges ir \u017euv\u012f. Tikras Ispanijos skonis tiesiai \u012f j\u016bs\u0173 namus.","breadcrumb":{"@id":"https:\/\/espanola.lt\/produktas\/sokoladas-su-sudyta-karamele-120g\/#breadcrumb"},"inLanguage":"en-US","potentialAction":[{"@type":"ReadAction","target":["https:\/\/espanola.lt\/produktas\/sokoladas-su-sudyta-karamele-120g\/"]}]},{"@type":"ImageObject","inLanguage":"en-US","@id":"https:\/\/espanola.lt\/produktas\/sokoladas-su-sudyta-karamele-120g\/#primaryimage","url":"https:\/\/espanola.lt\/wp-content\/uploads\/2025\/11\/70606-FRONT-MILK-CHOCOLATE-WITH-SALTED-CARAMEL-120G.jpg","contentUrl":"https:\/\/espanola.lt\/wp-content\/uploads\/2025\/11\/70606-FRONT-MILK-CHOCOLATE-WITH-SALTED-CARAMEL-120G.jpg","width":4800,"height":4800},{"@type":"BreadcrumbList","@id":"https:\/\/espanola.lt\/produktas\/sokoladas-su-sudyta-karamele-120g\/#breadcrumb","itemListElement":[{"@type":"ListItem","position":1,"name":"Home","item":"https:\/\/espanola.lt\/en\/homepage\/"},{"@type":"ListItem","position":2,"name":"Shop","item":"https:\/\/espanola.lt\/en\/shop\/"},{"@type":"ListItem","position":3,"name":"\u0160okoladas su s\u016bdyta karamele, 120g."}]},{"@type":"WebSite","@id":"https:\/\/espanola.lt\/#website","url":"https:\/\/espanola.lt\/","name":"Espanola.lt | Tikras Ispanijos skonis \u2013 J\u016bs\u0173 namuose!","description":"","publisher":{"@id":"https:\/\/espanola.lt\/#organization"},"potentialAction":[{"@type":"SearchAction","target":{"@type":"EntryPoint","urlTemplate":"https:\/\/espanola.lt\/?s={search_term_string}"},"query-input":{"@type":"PropertyValueSpecification","valueRequired":true,"valueName":"search_term_string"}}],"inLanguage":"en-US"},{"@type":"Organization","@id":"https:\/\/espanola.lt\/#organization","name":"Espanola.lt","url":"https:\/\/espanola.lt\/","logo":{"@type":"ImageObject","inLanguage":"en-US","@id":"https:\/\/espanola.lt\/#\/schema\/logo\/image\/","url":"https:\/\/espanola.lt\/wp-content\/uploads\/2023\/03\/notext_color.png","contentUrl":"https:\/\/espanola.lt\/wp-content\/uploads\/2023\/03\/notext_color.png","width":916,"height":204,"caption":"Espanola.lt"},"image":{"@id":"https:\/\/espanola.lt\/#\/schema\/logo\/image\/"},"sameAs":["https:\/\/www.facebook.com\/espanola.lt","https:\/\/www.instagram.com\/espanola.lt\/"]}]}},"_links":{"self":[{"href":"https:\/\/espanola.lt\/en\/wp-json\/wp\/v2\/product\/26337"}],"collection":[{"href":"https:\/\/espanola.lt\/en\/wp-json\/wp\/v2\/product"}],"about":[{"href":"https:\/\/espanola.lt\/en\/wp-json\/wp\/v2\/types\/product"}],"version-history":[{"count":2,"href":"https:\/\/espanola.lt\/en\/wp-json\/wp\/v2\/product\/26337\/revisions"}],"predecessor-version":[{"id":26940,"href":"https:\/\/espanola.lt\/en\/wp-json\/wp\/v2\/product\/26337\/revisions\/26940"}],"wp:featuredmedia":[{"embeddable":true,"href":"https:\/\/espanola.lt\/en\/wp-json\/wp\/v2\/media\/26367"}],"wp:attachment":[{"href":"https:\/\/espanola.lt\/en\/wp-json\/wp\/v2\/media?parent=26337"}],"wp:term":[{"taxonomy":"product_brand","embeddable":true,"href":"https:\/\/espanola.lt\/en\/wp-json\/wp\/v2\/product_brand?post=26337"},{"taxonomy":"product_cat","embeddable":true,"href":"https:\/\/espanola.lt\/en\/wp-json\/wp\/v2\/product_cat?post=26337"},{"taxonomy":"product_tag","embeddable":true,"href":"https:\/\/espanola.lt\/en\/wp-json\/wp\/v2\/product_tag?post=26337"}],"curies":[{"name":"wp","href":"https:\/\/api.w.org\/{rel}","templated":true}]}}