{"id":26332,"date":"2025-11-13T09:24:56","date_gmt":"2025-11-13T09:24:56","guid":{"rendered":"https:\/\/espanola.lt\/?post_type=product&#038;p=26332"},"modified":"2026-01-30T09:28:49","modified_gmt":"2026-01-30T09:28:49","slug":"tamsusis-sokoladas-su-pasifloromis-ir-mangais-120g","status":"publish","type":"product","link":"https:\/\/espanola.lt\/en\/produktas\/tamsusis-sokoladas-su-pasifloromis-ir-mangais-120g\/","title":{"rendered":"Tamsusis \u0161okoladas su pasifloromis ir mangais, 120g."},"content":{"rendered":"<p>Intensyvaus skonio tamsusis \u0161okoladas su mang\u0173 ir pasiflor\u0173 gabal\u0117liais.<\/p>\n<h3 data-start=\"80\" data-end=\"97\"><strong data-start=\"84\" data-end=\"95\">Sudedamosios dalys<\/strong><\/h3>\n<p data-start=\"98\" data-end=\"444\">Tamsusis \u0161okoladas (96 %) [cukrus, kakavos mas\u0117, kakavos sviestas, bevandenis pieno riebalas, emulgatoriai (soj\u0173 ir saul\u0117gr\u0105\u017e\u0173 lecitinas), nat\u016brali vanil\u0117s kvapioji med\u017eiaga].<br data-start=\"303\" data-end=\"306\" \/>\u0160altyje d\u017eiovintas pasiflor\u0173 paruo\u0161alas (3,0 %) [pasiflor\u0173 koncentratas, gliukoz\u0117s sirupas, standiklis (pektinai)].<br data-start=\"421\" data-end=\"424\" \/>Kvapioji med\u017eiaga.<\/p>\n<hr data-start=\"446\" data-end=\"449\" \/>\n<h3 data-start=\"451\" data-end=\"475\"><strong data-start=\"455\" data-end=\"473\">Maistin\u0117 vert\u0117<\/strong><\/h3>\n<p data-start=\"476\" data-end=\"515\"><em data-start=\"476\" data-end=\"513\">(Vidutin\u0117s reik\u0161m\u0117s 100 g produkto)<\/em><\/p>\n<div class=\"_tableContainer_1rjym_1\">\n<div class=\"group _tableWrapper_1rjym_13 flex w-fit flex-col-reverse\">\n<table class=\"w-fit min-w-(--thread-content-width)\" data-start=\"517\" data-end=\"757\">\n<thead data-start=\"517\" data-end=\"549\">\n<tr data-start=\"517\" data-end=\"549\">\n<th data-start=\"517\" data-end=\"528\" data-col-size=\"sm\">Rodiklis<\/th>\n<th data-start=\"528\" data-end=\"539\" data-col-size=\"sm\">Vienetai<\/th>\n<th data-start=\"539\" data-end=\"549\" data-col-size=\"sm\">Kiekis<\/th>\n<\/tr>\n<\/thead>\n<tbody data-start=\"586\" data-end=\"757\">\n<tr data-start=\"586\" data-end=\"606\">\n<td data-start=\"586\" data-end=\"597\" data-col-size=\"sm\">Baltymai<\/td>\n<td data-col-size=\"sm\" data-start=\"597\" data-end=\"601\">g<\/td>\n<td data-col-size=\"sm\" data-start=\"601\" data-end=\"606\">5<\/td>\n<\/tr>\n<tr data-start=\"607\" data-end=\"635\">\n<td data-start=\"607\" data-end=\"625\" data-col-size=\"sm\">Angliavandeniai<\/td>\n<td data-col-size=\"sm\" data-start=\"625\" data-end=\"629\">g<\/td>\n<td data-col-size=\"sm\" data-start=\"629\" data-end=\"635\">49<\/td>\n<\/tr>\n<tr data-start=\"636\" data-end=\"660\">\n<td data-start=\"636\" data-end=\"650\" data-col-size=\"sm\">I\u0161 j\u0173 cukr\u0173<\/td>\n<td data-col-size=\"sm\" data-start=\"650\" data-end=\"654\">g<\/td>\n<td data-col-size=\"sm\" data-start=\"654\" data-end=\"660\">46<\/td>\n<\/tr>\n<tr data-start=\"661\" data-end=\"692\">\n<td data-start=\"661\" data-end=\"683\" data-col-size=\"sm\">Maistin\u0117s skaidulos<\/td>\n<td data-col-size=\"sm\" data-start=\"683\" data-end=\"687\">g<\/td>\n<td data-col-size=\"sm\" data-start=\"687\" data-end=\"692\">6<\/td>\n<\/tr>\n<tr data-start=\"693\" data-end=\"714\">\n<td data-start=\"693\" data-end=\"704\" data-col-size=\"sm\">Riebalai<\/td>\n<td data-col-size=\"sm\" data-start=\"704\" data-end=\"708\">g<\/td>\n<td data-col-size=\"sm\" data-start=\"708\" data-end=\"714\">34<\/td>\n<\/tr>\n<tr data-start=\"715\" data-end=\"757\">\n<td data-start=\"715\" data-end=\"747\" data-col-size=\"sm\">I\u0161 j\u0173 so\u010di\u0173j\u0173 riebal\u0173 r\u016bg\u0161\u010di\u0173<\/td>\n<td data-col-size=\"sm\" data-start=\"747\" data-end=\"751\">g<\/td>\n<td data-col-size=\"sm\" data-start=\"751\" data-end=\"757\">21<\/td>\n<\/tr>\n<\/tbody>\n<\/table>\n<\/div>\n<\/div>\n<hr data-start=\"759\" data-end=\"762\" \/>\n<h3 data-start=\"764\" data-end=\"783\"><strong data-start=\"768\" data-end=\"781\">Alergenai<\/strong><\/h3>\n<p data-start=\"784\" data-end=\"849\">Gali b\u016bti kiau\u0161ini\u0173, glitimo, rie\u0161ut\u0173 ir \u017eem\u0117s rie\u0161ut\u0173 p\u0117dsak\u0173.<\/p>\n<hr data-start=\"851\" data-end=\"854\" \/>\n<h3 data-start=\"856\" data-end=\"881\"><strong data-start=\"860\" data-end=\"879\">Laikymo s\u0105lygos<\/strong><\/h3>\n<p data-start=\"882\" data-end=\"917\">Laikyti v\u0117sioje, sausoje vietoje.<\/p>\n","protected":false},"excerpt":{"rendered":"<p>Intensyvaus skonio tamsusis \u0161okoladas su mang\u0173 ir pasiflor\u0173 gabal\u0117liais. Sudedamosios dalys Tamsusis \u0161okoladas (96 %) [cukrus, kakavos mas\u0117, kakavos sviestas, bevandenis pieno riebalas, emulgatoriai (soj\u0173 ir saul\u0117gr\u0105\u017e\u0173 lecitinas), nat\u016brali vanil\u0117s kvapioji med\u017eiaga].\u0160altyje d\u017eiovintas pasiflor\u0173 paruo\u0161alas (3,0 %) [pasiflor\u0173 koncentratas, gliukoz\u0117s sirupas, standiklis (pektinai)].Kvapioji med\u017eiaga. Maistin\u0117 vert\u0117 (Vidutin\u0117s reik\u0161m\u0117s 100 g produkto) Rodiklis Vienetai Kiekis Baltymai g 5 Angliavandeniai g 49 I\u0161 j\u0173 cukr\u0173 g 46 Maistin\u0117s skaidulos g 6 Riebalai g 34 I\u0161 j\u0173 so\u010di\u0173j\u0173 riebal\u0173 r\u016bg\u0161\u010di\u0173 g 21 Alergenai Gali b\u016bti kiau\u0161ini\u0173, glitimo, rie\u0161ut\u0173 ir \u017eem\u0117s rie\u0161ut\u0173 p\u0117dsak\u0173. Laikymo s\u0105lygos Laikyti v\u0117sioje, sausoje vietoje.<\/p>\n","protected":false},"featured_media":26373,"template":"","meta":[],"product_brand":[],"product_cat":[116,131],"product_tag":[],"class_list":{"0":"post-26332","1":"product","2":"type-product","3":"status-publish","4":"has-post-thumbnail","6":"product_cat-mazmenine-2","7":"product_cat-saldumynai","9":"first","10":"instock","11":"shipping-taxable","12":"purchasable","13":"product-type-simple"},"yoast_head":"<!-- This site is optimized with the Yoast SEO plugin v23.7 - https:\/\/yoast.com\/wordpress\/plugins\/seo\/ -->\n<title>Tamsusis \u0161okoladas su pasifloromis ir mangais, 120g. | Espanola.lt<\/title>\n<meta name=\"description\" content=\"Atraskite auk\u0161tos kokyb\u0117s ispani\u0161kus delikatesus \u2013 s\u016brius, kumpius, alyvuoges ir \u017euv\u012f. Tikras Ispanijos skonis tiesiai \u012f j\u016bs\u0173 namus.\" \/>\n<meta name=\"robots\" content=\"index, follow, max-snippet:-1, max-image-preview:large, max-video-preview:-1\" \/>\n<link rel=\"canonical\" href=\"https:\/\/espanola.lt\/produktas\/tamsusis-sokoladas-su-pasifloromis-ir-mangais-120g\/\" \/>\n<meta property=\"og:locale\" content=\"en_US\" \/>\n<meta property=\"og:type\" content=\"article\" \/>\n<meta property=\"og:title\" content=\"Tamsusis \u0161okoladas su pasifloromis ir mangais, 120g. | Espanola.lt\" \/>\n<meta property=\"og:description\" content=\"Atraskite auk\u0161tos kokyb\u0117s ispani\u0161kus delikatesus \u2013 s\u016brius, kumpius, alyvuoges ir \u017euv\u012f. Tikras Ispanijos skonis tiesiai \u012f j\u016bs\u0173 namus.\" \/>\n<meta property=\"og:url\" content=\"https:\/\/espanola.lt\/produktas\/tamsusis-sokoladas-su-pasifloromis-ir-mangais-120g\/\" \/>\n<meta property=\"og:site_name\" content=\"Espanola\" \/>\n<meta property=\"article:publisher\" content=\"https:\/\/www.facebook.com\/espanola.lt\" \/>\n<meta property=\"article:modified_time\" content=\"2026-01-30T09:28:49+00:00\" \/>\n<meta property=\"og:image\" content=\"https:\/\/espanola.lt\/wp-content\/uploads\/2025\/11\/70604-FRONT-DARK-CHOCOLATE-WITH-MANGO-AND-PASSION-FRUIT-120G-1024x1024.jpg\" \/>\n\t<meta property=\"og:image:width\" content=\"1024\" \/>\n\t<meta property=\"og:image:height\" content=\"1024\" \/>\n\t<meta property=\"og:image:type\" content=\"image\/jpeg\" \/>\n<meta name=\"twitter:card\" content=\"summary_large_image\" \/>\n<meta name=\"twitter:label1\" content=\"Est. reading time\" \/>\n\t<meta name=\"twitter:data1\" content=\"1 minute\" \/>\n<script type=\"application\/ld+json\" class=\"yoast-schema-graph\">{\"@context\":\"https:\/\/schema.org\",\"@graph\":[{\"@type\":\"WebPage\",\"@id\":\"https:\/\/espanola.lt\/produktas\/tamsusis-sokoladas-su-pasifloromis-ir-mangais-120g\/\",\"url\":\"https:\/\/espanola.lt\/produktas\/tamsusis-sokoladas-su-pasifloromis-ir-mangais-120g\/\",\"name\":\"Tamsusis \u0161okoladas su pasifloromis ir mangais, 120g. | Espanola.lt\",\"isPartOf\":{\"@id\":\"https:\/\/espanola.lt\/#website\"},\"primaryImageOfPage\":{\"@id\":\"https:\/\/espanola.lt\/produktas\/tamsusis-sokoladas-su-pasifloromis-ir-mangais-120g\/#primaryimage\"},\"image\":{\"@id\":\"https:\/\/espanola.lt\/produktas\/tamsusis-sokoladas-su-pasifloromis-ir-mangais-120g\/#primaryimage\"},\"thumbnailUrl\":\"https:\/\/espanola.lt\/wp-content\/uploads\/2025\/11\/70604-FRONT-DARK-CHOCOLATE-WITH-MANGO-AND-PASSION-FRUIT-120G.jpg\",\"datePublished\":\"2025-11-13T09:24:56+00:00\",\"dateModified\":\"2026-01-30T09:28:49+00:00\",\"description\":\"Atraskite auk\u0161tos kokyb\u0117s ispani\u0161kus delikatesus \u2013 s\u016brius, kumpius, alyvuoges ir \u017euv\u012f. Tikras Ispanijos skonis tiesiai \u012f j\u016bs\u0173 namus.\",\"breadcrumb\":{\"@id\":\"https:\/\/espanola.lt\/produktas\/tamsusis-sokoladas-su-pasifloromis-ir-mangais-120g\/#breadcrumb\"},\"inLanguage\":\"en-US\",\"potentialAction\":[{\"@type\":\"ReadAction\",\"target\":[\"https:\/\/espanola.lt\/produktas\/tamsusis-sokoladas-su-pasifloromis-ir-mangais-120g\/\"]}]},{\"@type\":\"ImageObject\",\"inLanguage\":\"en-US\",\"@id\":\"https:\/\/espanola.lt\/produktas\/tamsusis-sokoladas-su-pasifloromis-ir-mangais-120g\/#primaryimage\",\"url\":\"https:\/\/espanola.lt\/wp-content\/uploads\/2025\/11\/70604-FRONT-DARK-CHOCOLATE-WITH-MANGO-AND-PASSION-FRUIT-120G.jpg\",\"contentUrl\":\"https:\/\/espanola.lt\/wp-content\/uploads\/2025\/11\/70604-FRONT-DARK-CHOCOLATE-WITH-MANGO-AND-PASSION-FRUIT-120G.jpg\",\"width\":4800,\"height\":4800},{\"@type\":\"BreadcrumbList\",\"@id\":\"https:\/\/espanola.lt\/produktas\/tamsusis-sokoladas-su-pasifloromis-ir-mangais-120g\/#breadcrumb\",\"itemListElement\":[{\"@type\":\"ListItem\",\"position\":1,\"name\":\"Home\",\"item\":\"https:\/\/espanola.lt\/en\/homepage\/\"},{\"@type\":\"ListItem\",\"position\":2,\"name\":\"Shop\",\"item\":\"https:\/\/espanola.lt\/en\/shop\/\"},{\"@type\":\"ListItem\",\"position\":3,\"name\":\"Tamsusis \u0161okoladas su pasifloromis ir mangais, 120g.\"}]},{\"@type\":\"WebSite\",\"@id\":\"https:\/\/espanola.lt\/#website\",\"url\":\"https:\/\/espanola.lt\/\",\"name\":\"Espanola.lt | Tikras Ispanijos skonis \u2013 J\u016bs\u0173 namuose!\",\"description\":\"\",\"publisher\":{\"@id\":\"https:\/\/espanola.lt\/#organization\"},\"potentialAction\":[{\"@type\":\"SearchAction\",\"target\":{\"@type\":\"EntryPoint\",\"urlTemplate\":\"https:\/\/espanola.lt\/?s={search_term_string}\"},\"query-input\":{\"@type\":\"PropertyValueSpecification\",\"valueRequired\":true,\"valueName\":\"search_term_string\"}}],\"inLanguage\":\"en-US\"},{\"@type\":\"Organization\",\"@id\":\"https:\/\/espanola.lt\/#organization\",\"name\":\"Espanola.lt\",\"url\":\"https:\/\/espanola.lt\/\",\"logo\":{\"@type\":\"ImageObject\",\"inLanguage\":\"en-US\",\"@id\":\"https:\/\/espanola.lt\/#\/schema\/logo\/image\/\",\"url\":\"https:\/\/espanola.lt\/wp-content\/uploads\/2023\/03\/notext_color.png\",\"contentUrl\":\"https:\/\/espanola.lt\/wp-content\/uploads\/2023\/03\/notext_color.png\",\"width\":916,\"height\":204,\"caption\":\"Espanola.lt\"},\"image\":{\"@id\":\"https:\/\/espanola.lt\/#\/schema\/logo\/image\/\"},\"sameAs\":[\"https:\/\/www.facebook.com\/espanola.lt\",\"https:\/\/www.instagram.com\/espanola.lt\/\"]}]}<\/script>\n<!-- \/ Yoast SEO plugin. -->","yoast_head_json":{"title":"Tamsusis \u0161okoladas su pasifloromis ir mangais, 120g. | Espanola.lt","description":"Atraskite auk\u0161tos kokyb\u0117s ispani\u0161kus delikatesus \u2013 s\u016brius, kumpius, alyvuoges ir \u017euv\u012f. Tikras Ispanijos skonis tiesiai \u012f j\u016bs\u0173 namus.","robots":{"index":"index","follow":"follow","max-snippet":"max-snippet:-1","max-image-preview":"max-image-preview:large","max-video-preview":"max-video-preview:-1"},"canonical":"https:\/\/espanola.lt\/produktas\/tamsusis-sokoladas-su-pasifloromis-ir-mangais-120g\/","og_locale":"en_US","og_type":"article","og_title":"Tamsusis \u0161okoladas su pasifloromis ir mangais, 120g. | Espanola.lt","og_description":"Atraskite auk\u0161tos kokyb\u0117s ispani\u0161kus delikatesus \u2013 s\u016brius, kumpius, alyvuoges ir \u017euv\u012f. Tikras Ispanijos skonis tiesiai \u012f j\u016bs\u0173 namus.","og_url":"https:\/\/espanola.lt\/produktas\/tamsusis-sokoladas-su-pasifloromis-ir-mangais-120g\/","og_site_name":"Espanola","article_publisher":"https:\/\/www.facebook.com\/espanola.lt","article_modified_time":"2026-01-30T09:28:49+00:00","og_image":[{"width":1024,"height":1024,"url":"https:\/\/espanola.lt\/wp-content\/uploads\/2025\/11\/70604-FRONT-DARK-CHOCOLATE-WITH-MANGO-AND-PASSION-FRUIT-120G-1024x1024.jpg","type":"image\/jpeg"}],"twitter_card":"summary_large_image","twitter_misc":{"Est. reading time":"1 minute"},"schema":{"@context":"https:\/\/schema.org","@graph":[{"@type":"WebPage","@id":"https:\/\/espanola.lt\/produktas\/tamsusis-sokoladas-su-pasifloromis-ir-mangais-120g\/","url":"https:\/\/espanola.lt\/produktas\/tamsusis-sokoladas-su-pasifloromis-ir-mangais-120g\/","name":"Tamsusis \u0161okoladas su pasifloromis ir mangais, 120g. | Espanola.lt","isPartOf":{"@id":"https:\/\/espanola.lt\/#website"},"primaryImageOfPage":{"@id":"https:\/\/espanola.lt\/produktas\/tamsusis-sokoladas-su-pasifloromis-ir-mangais-120g\/#primaryimage"},"image":{"@id":"https:\/\/espanola.lt\/produktas\/tamsusis-sokoladas-su-pasifloromis-ir-mangais-120g\/#primaryimage"},"thumbnailUrl":"https:\/\/espanola.lt\/wp-content\/uploads\/2025\/11\/70604-FRONT-DARK-CHOCOLATE-WITH-MANGO-AND-PASSION-FRUIT-120G.jpg","datePublished":"2025-11-13T09:24:56+00:00","dateModified":"2026-01-30T09:28:49+00:00","description":"Atraskite auk\u0161tos kokyb\u0117s ispani\u0161kus delikatesus \u2013 s\u016brius, kumpius, alyvuoges ir \u017euv\u012f. Tikras Ispanijos skonis tiesiai \u012f j\u016bs\u0173 namus.","breadcrumb":{"@id":"https:\/\/espanola.lt\/produktas\/tamsusis-sokoladas-su-pasifloromis-ir-mangais-120g\/#breadcrumb"},"inLanguage":"en-US","potentialAction":[{"@type":"ReadAction","target":["https:\/\/espanola.lt\/produktas\/tamsusis-sokoladas-su-pasifloromis-ir-mangais-120g\/"]}]},{"@type":"ImageObject","inLanguage":"en-US","@id":"https:\/\/espanola.lt\/produktas\/tamsusis-sokoladas-su-pasifloromis-ir-mangais-120g\/#primaryimage","url":"https:\/\/espanola.lt\/wp-content\/uploads\/2025\/11\/70604-FRONT-DARK-CHOCOLATE-WITH-MANGO-AND-PASSION-FRUIT-120G.jpg","contentUrl":"https:\/\/espanola.lt\/wp-content\/uploads\/2025\/11\/70604-FRONT-DARK-CHOCOLATE-WITH-MANGO-AND-PASSION-FRUIT-120G.jpg","width":4800,"height":4800},{"@type":"BreadcrumbList","@id":"https:\/\/espanola.lt\/produktas\/tamsusis-sokoladas-su-pasifloromis-ir-mangais-120g\/#breadcrumb","itemListElement":[{"@type":"ListItem","position":1,"name":"Home","item":"https:\/\/espanola.lt\/en\/homepage\/"},{"@type":"ListItem","position":2,"name":"Shop","item":"https:\/\/espanola.lt\/en\/shop\/"},{"@type":"ListItem","position":3,"name":"Tamsusis \u0161okoladas su pasifloromis ir mangais, 120g."}]},{"@type":"WebSite","@id":"https:\/\/espanola.lt\/#website","url":"https:\/\/espanola.lt\/","name":"Espanola.lt | Tikras Ispanijos skonis \u2013 J\u016bs\u0173 namuose!","description":"","publisher":{"@id":"https:\/\/espanola.lt\/#organization"},"potentialAction":[{"@type":"SearchAction","target":{"@type":"EntryPoint","urlTemplate":"https:\/\/espanola.lt\/?s={search_term_string}"},"query-input":{"@type":"PropertyValueSpecification","valueRequired":true,"valueName":"search_term_string"}}],"inLanguage":"en-US"},{"@type":"Organization","@id":"https:\/\/espanola.lt\/#organization","name":"Espanola.lt","url":"https:\/\/espanola.lt\/","logo":{"@type":"ImageObject","inLanguage":"en-US","@id":"https:\/\/espanola.lt\/#\/schema\/logo\/image\/","url":"https:\/\/espanola.lt\/wp-content\/uploads\/2023\/03\/notext_color.png","contentUrl":"https:\/\/espanola.lt\/wp-content\/uploads\/2023\/03\/notext_color.png","width":916,"height":204,"caption":"Espanola.lt"},"image":{"@id":"https:\/\/espanola.lt\/#\/schema\/logo\/image\/"},"sameAs":["https:\/\/www.facebook.com\/espanola.lt","https:\/\/www.instagram.com\/espanola.lt\/"]}]}},"_links":{"self":[{"href":"https:\/\/espanola.lt\/en\/wp-json\/wp\/v2\/product\/26332"}],"collection":[{"href":"https:\/\/espanola.lt\/en\/wp-json\/wp\/v2\/product"}],"about":[{"href":"https:\/\/espanola.lt\/en\/wp-json\/wp\/v2\/types\/product"}],"version-history":[{"count":3,"href":"https:\/\/espanola.lt\/en\/wp-json\/wp\/v2\/product\/26332\/revisions"}],"predecessor-version":[{"id":26942,"href":"https:\/\/espanola.lt\/en\/wp-json\/wp\/v2\/product\/26332\/revisions\/26942"}],"wp:featuredmedia":[{"embeddable":true,"href":"https:\/\/espanola.lt\/en\/wp-json\/wp\/v2\/media\/26373"}],"wp:attachment":[{"href":"https:\/\/espanola.lt\/en\/wp-json\/wp\/v2\/media?parent=26332"}],"wp:term":[{"taxonomy":"product_brand","embeddable":true,"href":"https:\/\/espanola.lt\/en\/wp-json\/wp\/v2\/product_brand?post=26332"},{"taxonomy":"product_cat","embeddable":true,"href":"https:\/\/espanola.lt\/en\/wp-json\/wp\/v2\/product_cat?post=26332"},{"taxonomy":"product_tag","embeddable":true,"href":"https:\/\/espanola.lt\/en\/wp-json\/wp\/v2\/product_tag?post=26332"}],"curies":[{"name":"wp","href":"https:\/\/api.w.org\/{rel}","templated":true}]}}