{"id":26328,"date":"2025-11-13T09:21:58","date_gmt":"2025-11-13T09:21:58","guid":{"rendered":"https:\/\/espanola.lt\/?post_type=product&#038;p=26328"},"modified":"2025-12-11T19:14:52","modified_gmt":"2025-12-11T19:14:52","slug":"baltasis-sokoladas-su-citrina-ir-kokosu-120g","status":"publish","type":"product","link":"https:\/\/espanola.lt\/en\/produktas\/baltasis-sokoladas-su-citrina-ir-kokosu-120g\/","title":{"rendered":"Baltasis \u0161okoladas su citrina ir kokosu, 120g."},"content":{"rendered":"<p>Baltasis \u0161okoladas su citrina ir kokosu \u2013 gaivus ir saldus malonumas!<\/p>\n<h3 data-start=\"77\" data-end=\"94\"><strong data-start=\"81\" data-end=\"92\">Sudedamosios dalys<\/strong><\/h3>\n<p data-start=\"95\" data-end=\"787\">Baltasis \u0161okoladas (87,9 %) [cukrus, kakavos sviestas (ne ES kilm\u0117s), nenugriebto pieno milteliai, emulgatoriai (soj\u0173 ir saul\u0117gr\u0105\u017e\u0173 lecitinas), nat\u016brali vanil\u0117s kvapioji med\u017eiaga].<br data-start=\"275\" data-end=\"278\" \/>Cukruota citrina (5,0 %) (ES) [gliukoz\u0117s-fruktoz\u0117s sirupas, citrinos \u017eievel\u0117, cukrus, r\u016bg\u0161tingum\u0105 reguliuojanti med\u017eiaga (citrin\u0173 r\u016bg\u0161tis), da\u017eiklis (riboflavinas), konservantai (kalio sorbatas, natrio metabisulfitas)].<br data-start=\"497\" data-end=\"500\" \/>Tarkuotas kokos\u0173 rie\u0161utas (4,3 %) (ne ES kilm\u0117s), citrinos paruo\u0161alas (2,5 %) (ES) [gliukoz\u0117s sirupas, koncentruotos citrinos sultys, saldinti abrikosai, modifikuotas krakmolas, tir\u0161tiklis (natrio alginatas), nat\u016brali citrinos kvapioji med\u017eiaga].<br data-start=\"746\" data-end=\"749\" \/>Nat\u016brali citrinos kvapioji med\u017eiaga.<\/p>\n<hr data-start=\"789\" data-end=\"792\" \/>\n<h3 data-start=\"794\" data-end=\"818\"><strong data-start=\"798\" data-end=\"816\">Maistin\u0117 vert\u0117<\/strong><\/h3>\n<p data-start=\"819\" data-end=\"858\"><em data-start=\"819\" data-end=\"856\">(Vidutin\u0117s reik\u0161m\u0117s 100 g produkto)<\/em><\/p>\n<div class=\"_tableContainer_1rjym_1\">\n<div class=\"group _tableWrapper_1rjym_13 flex w-fit flex-col-reverse\" tabindex=\"-1\">\n<table class=\"w-fit min-w-(--thread-content-width)\" data-start=\"860\" data-end=\"1100\">\n<thead data-start=\"860\" data-end=\"892\">\n<tr data-start=\"860\" data-end=\"892\">\n<th data-start=\"860\" data-end=\"871\" data-col-size=\"sm\">Rodiklis<\/th>\n<th data-start=\"871\" data-end=\"882\" data-col-size=\"sm\">Vienetai<\/th>\n<th data-start=\"882\" data-end=\"892\" data-col-size=\"sm\">Kiekis<\/th>\n<\/tr>\n<\/thead>\n<tbody data-start=\"929\" data-end=\"1100\">\n<tr data-start=\"929\" data-end=\"949\">\n<td data-start=\"929\" data-end=\"940\" data-col-size=\"sm\">Baltymai<\/td>\n<td data-col-size=\"sm\" data-start=\"940\" data-end=\"944\">g<\/td>\n<td data-col-size=\"sm\" data-start=\"944\" data-end=\"949\">5<\/td>\n<\/tr>\n<tr data-start=\"950\" data-end=\"978\">\n<td data-start=\"950\" data-end=\"968\" data-col-size=\"sm\">Angliavandeniai<\/td>\n<td data-col-size=\"sm\" data-start=\"968\" data-end=\"972\">g<\/td>\n<td data-col-size=\"sm\" data-start=\"972\" data-end=\"978\">55<\/td>\n<\/tr>\n<tr data-start=\"979\" data-end=\"1003\">\n<td data-start=\"979\" data-end=\"993\" data-col-size=\"sm\">I\u0161 j\u0173 cukr\u0173<\/td>\n<td data-col-size=\"sm\" data-start=\"993\" data-end=\"997\">g<\/td>\n<td data-col-size=\"sm\" data-start=\"997\" data-end=\"1003\">53<\/td>\n<\/tr>\n<tr data-start=\"1004\" data-end=\"1035\">\n<td data-start=\"1004\" data-end=\"1026\" data-col-size=\"sm\">Maistin\u0117s skaidulos<\/td>\n<td data-col-size=\"sm\" data-start=\"1026\" data-end=\"1030\">g<\/td>\n<td data-col-size=\"sm\" data-start=\"1030\" data-end=\"1035\">1<\/td>\n<\/tr>\n<tr data-start=\"1036\" data-end=\"1057\">\n<td data-start=\"1036\" data-end=\"1047\" data-col-size=\"sm\">Riebalai<\/td>\n<td data-col-size=\"sm\" data-start=\"1047\" data-end=\"1051\">g<\/td>\n<td data-col-size=\"sm\" data-start=\"1051\" data-end=\"1057\">35<\/td>\n<\/tr>\n<tr data-start=\"1058\" data-end=\"1100\">\n<td data-start=\"1058\" data-end=\"1090\" data-col-size=\"sm\">I\u0161 j\u0173 so\u010di\u0173j\u0173 riebal\u0173 r\u016bg\u0161\u010di\u0173<\/td>\n<td data-col-size=\"sm\" data-start=\"1090\" data-end=\"1094\">g<\/td>\n<td data-col-size=\"sm\" data-start=\"1094\" data-end=\"1100\">22<\/td>\n<\/tr>\n<\/tbody>\n<\/table>\n<\/div>\n<\/div>\n<hr data-start=\"1102\" data-end=\"1105\" \/>\n<h3 data-start=\"1107\" data-end=\"1126\"><strong data-start=\"1111\" data-end=\"1124\">Alergenai<\/strong><\/h3>\n<p data-start=\"1127\" data-end=\"1192\">Gali b\u016bti kiau\u0161ini\u0173, glitimo, rie\u0161ut\u0173 ir \u017eem\u0117s rie\u0161ut\u0173 p\u0117dsak\u0173.<\/p>\n<hr data-start=\"1194\" data-end=\"1197\" \/>\n<h3 data-start=\"1199\" data-end=\"1224\"><strong data-start=\"1203\" data-end=\"1222\">Laikymo s\u0105lygos<\/strong><\/h3>\n<p data-start=\"1225\" data-end=\"1260\">Laikyti v\u0117sioje, sausoje vietoje.<\/p>\n","protected":false},"excerpt":{"rendered":"<p>Baltasis \u0161okoladas su citrina ir kokosu \u2013 gaivus ir saldus malonumas! Sudedamosios dalys Baltasis \u0161okoladas (87,9 %) [cukrus, kakavos sviestas (ne ES kilm\u0117s), nenugriebto pieno milteliai, emulgatoriai (soj\u0173 ir saul\u0117gr\u0105\u017e\u0173 lecitinas), nat\u016brali vanil\u0117s kvapioji med\u017eiaga].Cukruota citrina (5,0 %) (ES) [gliukoz\u0117s-fruktoz\u0117s sirupas, citrinos \u017eievel\u0117, cukrus, r\u016bg\u0161tingum\u0105 reguliuojanti med\u017eiaga (citrin\u0173 r\u016bg\u0161tis), da\u017eiklis (riboflavinas), konservantai (kalio sorbatas, natrio metabisulfitas)].Tarkuotas kokos\u0173 rie\u0161utas (4,3 %) (ne ES kilm\u0117s), citrinos paruo\u0161alas (2,5 %) (ES) [gliukoz\u0117s sirupas, koncentruotos citrinos sultys, saldinti abrikosai, modifikuotas krakmolas, tir\u0161tiklis (natrio alginatas), nat\u016brali citrinos kvapioji med\u017eiaga].Nat\u016brali citrinos kvapioji med\u017eiaga. Maistin\u0117 vert\u0117 (Vidutin\u0117s reik\u0161m\u0117s 100 g produkto) Rodiklis Vienetai Kiekis Baltymai g 5 Angliavandeniai g 55 I\u0161 j\u0173 cukr\u0173 g 53 Maistin\u0117s skaidulos g 1 Riebalai g 35 I\u0161 j\u0173 so\u010di\u0173j\u0173 riebal\u0173 r\u016bg\u0161\u010di\u0173 g 22 Alergenai Gali b\u016bti kiau\u0161ini\u0173, glitimo, rie\u0161ut\u0173 ir \u017eem\u0117s rie\u0161ut\u0173 p\u0117dsak\u0173. Laikymo s\u0105lygos Laikyti v\u0117sioje, sausoje vietoje.<\/p>\n","protected":false},"featured_media":26353,"template":"","meta":[],"product_brand":[],"product_cat":[116,131],"product_tag":[],"class_list":{"0":"post-26328","1":"product","2":"type-product","3":"status-publish","4":"has-post-thumbnail","6":"product_cat-mazmenine-2","7":"product_cat-saldumynai","9":"first","10":"instock","11":"shipping-taxable","12":"purchasable","13":"product-type-simple"},"yoast_head":"<!-- This site is optimized with the Yoast SEO plugin v23.7 - https:\/\/yoast.com\/wordpress\/plugins\/seo\/ -->\n<title>Baltasis \u0161okoladas su citrina ir kokosu, 120g. | Espanola.lt<\/title>\n<meta name=\"description\" content=\"Atraskite auk\u0161tos kokyb\u0117s ispani\u0161kus delikatesus \u2013 s\u016brius, kumpius, alyvuoges ir \u017euv\u012f. Tikras Ispanijos skonis tiesiai \u012f j\u016bs\u0173 namus.\" \/>\n<meta name=\"robots\" content=\"index, follow, max-snippet:-1, max-image-preview:large, max-video-preview:-1\" \/>\n<link rel=\"canonical\" href=\"https:\/\/espanola.lt\/produktas\/baltasis-sokoladas-su-citrina-ir-kokosu-120g\/\" \/>\n<meta property=\"og:locale\" content=\"en_US\" \/>\n<meta property=\"og:type\" content=\"article\" \/>\n<meta property=\"og:title\" content=\"Baltasis \u0161okoladas su citrina ir kokosu, 120g. | Espanola.lt\" \/>\n<meta property=\"og:description\" content=\"Atraskite auk\u0161tos kokyb\u0117s ispani\u0161kus delikatesus \u2013 s\u016brius, kumpius, alyvuoges ir \u017euv\u012f. Tikras Ispanijos skonis tiesiai \u012f j\u016bs\u0173 namus.\" \/>\n<meta property=\"og:url\" content=\"https:\/\/espanola.lt\/produktas\/baltasis-sokoladas-su-citrina-ir-kokosu-120g\/\" \/>\n<meta property=\"og:site_name\" content=\"Espanola\" \/>\n<meta property=\"article:publisher\" content=\"https:\/\/www.facebook.com\/espanola.lt\" \/>\n<meta property=\"article:modified_time\" content=\"2025-12-11T19:14:52+00:00\" \/>\n<meta property=\"og:image\" content=\"https:\/\/espanola.lt\/wp-content\/uploads\/2025\/11\/70602-FRONT-WHITE-CHOCOLATE-WITH-LEMON-COCONUT-120G-1024x1024.jpg\" \/>\n\t<meta property=\"og:image:width\" content=\"1024\" \/>\n\t<meta property=\"og:image:height\" content=\"1024\" \/>\n\t<meta property=\"og:image:type\" content=\"image\/jpeg\" \/>\n<meta name=\"twitter:card\" content=\"summary_large_image\" \/>\n<meta name=\"twitter:label1\" content=\"Est. reading time\" \/>\n\t<meta name=\"twitter:data1\" content=\"1 minute\" \/>\n<script type=\"application\/ld+json\" class=\"yoast-schema-graph\">{\"@context\":\"https:\/\/schema.org\",\"@graph\":[{\"@type\":\"WebPage\",\"@id\":\"https:\/\/espanola.lt\/produktas\/baltasis-sokoladas-su-citrina-ir-kokosu-120g\/\",\"url\":\"https:\/\/espanola.lt\/produktas\/baltasis-sokoladas-su-citrina-ir-kokosu-120g\/\",\"name\":\"Baltasis \u0161okoladas su citrina ir kokosu, 120g. | Espanola.lt\",\"isPartOf\":{\"@id\":\"https:\/\/espanola.lt\/#website\"},\"primaryImageOfPage\":{\"@id\":\"https:\/\/espanola.lt\/produktas\/baltasis-sokoladas-su-citrina-ir-kokosu-120g\/#primaryimage\"},\"image\":{\"@id\":\"https:\/\/espanola.lt\/produktas\/baltasis-sokoladas-su-citrina-ir-kokosu-120g\/#primaryimage\"},\"thumbnailUrl\":\"https:\/\/espanola.lt\/wp-content\/uploads\/2025\/11\/70602-FRONT-WHITE-CHOCOLATE-WITH-LEMON-COCONUT-120G.jpg\",\"datePublished\":\"2025-11-13T09:21:58+00:00\",\"dateModified\":\"2025-12-11T19:14:52+00:00\",\"description\":\"Atraskite auk\u0161tos kokyb\u0117s ispani\u0161kus delikatesus \u2013 s\u016brius, kumpius, alyvuoges ir \u017euv\u012f. Tikras Ispanijos skonis tiesiai \u012f j\u016bs\u0173 namus.\",\"breadcrumb\":{\"@id\":\"https:\/\/espanola.lt\/produktas\/baltasis-sokoladas-su-citrina-ir-kokosu-120g\/#breadcrumb\"},\"inLanguage\":\"en-US\",\"potentialAction\":[{\"@type\":\"ReadAction\",\"target\":[\"https:\/\/espanola.lt\/produktas\/baltasis-sokoladas-su-citrina-ir-kokosu-120g\/\"]}]},{\"@type\":\"ImageObject\",\"inLanguage\":\"en-US\",\"@id\":\"https:\/\/espanola.lt\/produktas\/baltasis-sokoladas-su-citrina-ir-kokosu-120g\/#primaryimage\",\"url\":\"https:\/\/espanola.lt\/wp-content\/uploads\/2025\/11\/70602-FRONT-WHITE-CHOCOLATE-WITH-LEMON-COCONUT-120G.jpg\",\"contentUrl\":\"https:\/\/espanola.lt\/wp-content\/uploads\/2025\/11\/70602-FRONT-WHITE-CHOCOLATE-WITH-LEMON-COCONUT-120G.jpg\",\"width\":4800,\"height\":4800},{\"@type\":\"BreadcrumbList\",\"@id\":\"https:\/\/espanola.lt\/produktas\/baltasis-sokoladas-su-citrina-ir-kokosu-120g\/#breadcrumb\",\"itemListElement\":[{\"@type\":\"ListItem\",\"position\":1,\"name\":\"Home\",\"item\":\"https:\/\/espanola.lt\/en\/homepage\/\"},{\"@type\":\"ListItem\",\"position\":2,\"name\":\"Shop\",\"item\":\"https:\/\/espanola.lt\/en\/shop\/\"},{\"@type\":\"ListItem\",\"position\":3,\"name\":\"Baltasis \u0161okoladas su citrina ir kokosu, 120g.\"}]},{\"@type\":\"WebSite\",\"@id\":\"https:\/\/espanola.lt\/#website\",\"url\":\"https:\/\/espanola.lt\/\",\"name\":\"Espanola.lt | Tikras Ispanijos skonis \u2013 J\u016bs\u0173 namuose!\",\"description\":\"\",\"publisher\":{\"@id\":\"https:\/\/espanola.lt\/#organization\"},\"potentialAction\":[{\"@type\":\"SearchAction\",\"target\":{\"@type\":\"EntryPoint\",\"urlTemplate\":\"https:\/\/espanola.lt\/?s={search_term_string}\"},\"query-input\":{\"@type\":\"PropertyValueSpecification\",\"valueRequired\":true,\"valueName\":\"search_term_string\"}}],\"inLanguage\":\"en-US\"},{\"@type\":\"Organization\",\"@id\":\"https:\/\/espanola.lt\/#organization\",\"name\":\"Espanola.lt\",\"url\":\"https:\/\/espanola.lt\/\",\"logo\":{\"@type\":\"ImageObject\",\"inLanguage\":\"en-US\",\"@id\":\"https:\/\/espanola.lt\/#\/schema\/logo\/image\/\",\"url\":\"https:\/\/espanola.lt\/wp-content\/uploads\/2023\/03\/notext_color.png\",\"contentUrl\":\"https:\/\/espanola.lt\/wp-content\/uploads\/2023\/03\/notext_color.png\",\"width\":916,\"height\":204,\"caption\":\"Espanola.lt\"},\"image\":{\"@id\":\"https:\/\/espanola.lt\/#\/schema\/logo\/image\/\"},\"sameAs\":[\"https:\/\/www.facebook.com\/espanola.lt\",\"https:\/\/www.instagram.com\/espanola.lt\/\"]}]}<\/script>\n<!-- \/ Yoast SEO plugin. -->","yoast_head_json":{"title":"Baltasis \u0161okoladas su citrina ir kokosu, 120g. | Espanola.lt","description":"Atraskite auk\u0161tos kokyb\u0117s ispani\u0161kus delikatesus \u2013 s\u016brius, kumpius, alyvuoges ir \u017euv\u012f. Tikras Ispanijos skonis tiesiai \u012f j\u016bs\u0173 namus.","robots":{"index":"index","follow":"follow","max-snippet":"max-snippet:-1","max-image-preview":"max-image-preview:large","max-video-preview":"max-video-preview:-1"},"canonical":"https:\/\/espanola.lt\/produktas\/baltasis-sokoladas-su-citrina-ir-kokosu-120g\/","og_locale":"en_US","og_type":"article","og_title":"Baltasis \u0161okoladas su citrina ir kokosu, 120g. | Espanola.lt","og_description":"Atraskite auk\u0161tos kokyb\u0117s ispani\u0161kus delikatesus \u2013 s\u016brius, kumpius, alyvuoges ir \u017euv\u012f. Tikras Ispanijos skonis tiesiai \u012f j\u016bs\u0173 namus.","og_url":"https:\/\/espanola.lt\/produktas\/baltasis-sokoladas-su-citrina-ir-kokosu-120g\/","og_site_name":"Espanola","article_publisher":"https:\/\/www.facebook.com\/espanola.lt","article_modified_time":"2025-12-11T19:14:52+00:00","og_image":[{"width":1024,"height":1024,"url":"https:\/\/espanola.lt\/wp-content\/uploads\/2025\/11\/70602-FRONT-WHITE-CHOCOLATE-WITH-LEMON-COCONUT-120G-1024x1024.jpg","type":"image\/jpeg"}],"twitter_card":"summary_large_image","twitter_misc":{"Est. reading time":"1 minute"},"schema":{"@context":"https:\/\/schema.org","@graph":[{"@type":"WebPage","@id":"https:\/\/espanola.lt\/produktas\/baltasis-sokoladas-su-citrina-ir-kokosu-120g\/","url":"https:\/\/espanola.lt\/produktas\/baltasis-sokoladas-su-citrina-ir-kokosu-120g\/","name":"Baltasis \u0161okoladas su citrina ir kokosu, 120g. | Espanola.lt","isPartOf":{"@id":"https:\/\/espanola.lt\/#website"},"primaryImageOfPage":{"@id":"https:\/\/espanola.lt\/produktas\/baltasis-sokoladas-su-citrina-ir-kokosu-120g\/#primaryimage"},"image":{"@id":"https:\/\/espanola.lt\/produktas\/baltasis-sokoladas-su-citrina-ir-kokosu-120g\/#primaryimage"},"thumbnailUrl":"https:\/\/espanola.lt\/wp-content\/uploads\/2025\/11\/70602-FRONT-WHITE-CHOCOLATE-WITH-LEMON-COCONUT-120G.jpg","datePublished":"2025-11-13T09:21:58+00:00","dateModified":"2025-12-11T19:14:52+00:00","description":"Atraskite auk\u0161tos kokyb\u0117s ispani\u0161kus delikatesus \u2013 s\u016brius, kumpius, alyvuoges ir \u017euv\u012f. Tikras Ispanijos skonis tiesiai \u012f j\u016bs\u0173 namus.","breadcrumb":{"@id":"https:\/\/espanola.lt\/produktas\/baltasis-sokoladas-su-citrina-ir-kokosu-120g\/#breadcrumb"},"inLanguage":"en-US","potentialAction":[{"@type":"ReadAction","target":["https:\/\/espanola.lt\/produktas\/baltasis-sokoladas-su-citrina-ir-kokosu-120g\/"]}]},{"@type":"ImageObject","inLanguage":"en-US","@id":"https:\/\/espanola.lt\/produktas\/baltasis-sokoladas-su-citrina-ir-kokosu-120g\/#primaryimage","url":"https:\/\/espanola.lt\/wp-content\/uploads\/2025\/11\/70602-FRONT-WHITE-CHOCOLATE-WITH-LEMON-COCONUT-120G.jpg","contentUrl":"https:\/\/espanola.lt\/wp-content\/uploads\/2025\/11\/70602-FRONT-WHITE-CHOCOLATE-WITH-LEMON-COCONUT-120G.jpg","width":4800,"height":4800},{"@type":"BreadcrumbList","@id":"https:\/\/espanola.lt\/produktas\/baltasis-sokoladas-su-citrina-ir-kokosu-120g\/#breadcrumb","itemListElement":[{"@type":"ListItem","position":1,"name":"Home","item":"https:\/\/espanola.lt\/en\/homepage\/"},{"@type":"ListItem","position":2,"name":"Shop","item":"https:\/\/espanola.lt\/en\/shop\/"},{"@type":"ListItem","position":3,"name":"Baltasis \u0161okoladas su citrina ir kokosu, 120g."}]},{"@type":"WebSite","@id":"https:\/\/espanola.lt\/#website","url":"https:\/\/espanola.lt\/","name":"Espanola.lt | Tikras Ispanijos skonis \u2013 J\u016bs\u0173 namuose!","description":"","publisher":{"@id":"https:\/\/espanola.lt\/#organization"},"potentialAction":[{"@type":"SearchAction","target":{"@type":"EntryPoint","urlTemplate":"https:\/\/espanola.lt\/?s={search_term_string}"},"query-input":{"@type":"PropertyValueSpecification","valueRequired":true,"valueName":"search_term_string"}}],"inLanguage":"en-US"},{"@type":"Organization","@id":"https:\/\/espanola.lt\/#organization","name":"Espanola.lt","url":"https:\/\/espanola.lt\/","logo":{"@type":"ImageObject","inLanguage":"en-US","@id":"https:\/\/espanola.lt\/#\/schema\/logo\/image\/","url":"https:\/\/espanola.lt\/wp-content\/uploads\/2023\/03\/notext_color.png","contentUrl":"https:\/\/espanola.lt\/wp-content\/uploads\/2023\/03\/notext_color.png","width":916,"height":204,"caption":"Espanola.lt"},"image":{"@id":"https:\/\/espanola.lt\/#\/schema\/logo\/image\/"},"sameAs":["https:\/\/www.facebook.com\/espanola.lt","https:\/\/www.instagram.com\/espanola.lt\/"]}]}},"_links":{"self":[{"href":"https:\/\/espanola.lt\/en\/wp-json\/wp\/v2\/product\/26328"}],"collection":[{"href":"https:\/\/espanola.lt\/en\/wp-json\/wp\/v2\/product"}],"about":[{"href":"https:\/\/espanola.lt\/en\/wp-json\/wp\/v2\/types\/product"}],"version-history":[{"count":1,"href":"https:\/\/espanola.lt\/en\/wp-json\/wp\/v2\/product\/26328\/revisions"}],"predecessor-version":[{"id":26331,"href":"https:\/\/espanola.lt\/en\/wp-json\/wp\/v2\/product\/26328\/revisions\/26331"}],"wp:featuredmedia":[{"embeddable":true,"href":"https:\/\/espanola.lt\/en\/wp-json\/wp\/v2\/media\/26353"}],"wp:attachment":[{"href":"https:\/\/espanola.lt\/en\/wp-json\/wp\/v2\/media?parent=26328"}],"wp:term":[{"taxonomy":"product_brand","embeddable":true,"href":"https:\/\/espanola.lt\/en\/wp-json\/wp\/v2\/product_brand?post=26328"},{"taxonomy":"product_cat","embeddable":true,"href":"https:\/\/espanola.lt\/en\/wp-json\/wp\/v2\/product_cat?post=26328"},{"taxonomy":"product_tag","embeddable":true,"href":"https:\/\/espanola.lt\/en\/wp-json\/wp\/v2\/product_tag?post=26328"}],"curies":[{"name":"wp","href":"https:\/\/api.w.org\/{rel}","templated":true}]}}