{"id":26323,"date":"2025-11-13T09:09:40","date_gmt":"2025-11-13T09:09:40","guid":{"rendered":"https:\/\/espanola.lt\/?post_type=product&#038;p=26323"},"modified":"2026-01-30T09:22:50","modified_gmt":"2026-01-30T09:22:50","slug":"sokoladiniai-triufeliai-su-apelsinu-skoniu-100g","status":"publish","type":"product","link":"https:\/\/espanola.lt\/en\/produktas\/sokoladiniai-triufeliai-su-apelsinu-skoniu-100g\/","title":{"rendered":"\u0160okoladiniai triufeliai su apelsin\u0173 skoniu, 100g."},"content":{"rendered":"<p>Rafinuoti \u0161okoladiniai triufeliai su apelsin\u0173 nata, apibarstyti kakava \u2013 nepriekai\u0161tingas skoni\u0173 derinys.<\/p>\n<h3 data-start=\"110\" data-end=\"127\"><strong data-start=\"114\" data-end=\"125\">Sudedamosios dalys<\/strong><\/h3>\n<p data-start=\"128\" data-end=\"456\">Cukrus, augaliniai riebalai (palmi\u0173, kokos\u0173, palmi\u0173 branduoli\u0173 ir taukmed\u017eio), liesa kakavos pudra (ne ES kilm\u0117s) 17,8 %, i\u0161r\u016bg\u0173 milteliai (ne ES kilm\u0117s), kakavos pudra (ne ES kilm\u0117s) 0,5 %, emulgatoriai: soj\u0173 ir saul\u0117gr\u0105\u017e\u0173 lecitinas, nat\u016brali apelsin\u0173 kvapioji med\u017eiaga (ES) 0,2 % ir kvapiosios med\u017eiagos (vanil\u0117s, \u0161okolado).<\/p>\n<hr data-start=\"458\" data-end=\"461\" \/>\n<h3 data-start=\"463\" data-end=\"487\"><strong data-start=\"467\" data-end=\"485\">Maistin\u0117 vert\u0117<\/strong><\/h3>\n<p data-start=\"488\" data-end=\"527\"><em data-start=\"488\" data-end=\"525\">(Vidutin\u0117s reik\u0161m\u0117s 100 g produkto)<\/em><\/p>\n<div class=\"_tableContainer_1rjym_1\">\n<div class=\"group _tableWrapper_1rjym_13 flex w-fit flex-col-reverse\">\n<table class=\"w-fit min-w-(--thread-content-width)\" data-start=\"529\" data-end=\"769\">\n<thead data-start=\"529\" data-end=\"561\">\n<tr data-start=\"529\" data-end=\"561\">\n<th data-start=\"529\" data-end=\"540\" data-col-size=\"sm\">Rodiklis<\/th>\n<th data-start=\"540\" data-end=\"551\" data-col-size=\"sm\">Vienetai<\/th>\n<th data-start=\"551\" data-end=\"561\" data-col-size=\"sm\">Kiekis<\/th>\n<\/tr>\n<\/thead>\n<tbody data-start=\"598\" data-end=\"769\">\n<tr data-start=\"598\" data-end=\"618\">\n<td data-start=\"598\" data-end=\"609\" data-col-size=\"sm\">Baltymai<\/td>\n<td data-col-size=\"sm\" data-start=\"609\" data-end=\"613\">g<\/td>\n<td data-col-size=\"sm\" data-start=\"613\" data-end=\"618\">6<\/td>\n<\/tr>\n<tr data-start=\"619\" data-end=\"647\">\n<td data-start=\"619\" data-end=\"637\" data-col-size=\"sm\">Angliavandeniai<\/td>\n<td data-col-size=\"sm\" data-start=\"637\" data-end=\"641\">g<\/td>\n<td data-col-size=\"sm\" data-start=\"641\" data-end=\"647\">51<\/td>\n<\/tr>\n<tr data-start=\"648\" data-end=\"672\">\n<td data-start=\"648\" data-end=\"662\" data-col-size=\"sm\">I\u0161 j\u0173 cukr\u0173<\/td>\n<td data-col-size=\"sm\" data-start=\"662\" data-end=\"666\">g<\/td>\n<td data-col-size=\"sm\" data-start=\"666\" data-end=\"672\">40<\/td>\n<\/tr>\n<tr data-start=\"673\" data-end=\"704\">\n<td data-start=\"673\" data-end=\"695\" data-col-size=\"sm\">Maistin\u0117s skaidulos<\/td>\n<td data-col-size=\"sm\" data-start=\"695\" data-end=\"699\">g<\/td>\n<td data-col-size=\"sm\" data-start=\"699\" data-end=\"704\">3<\/td>\n<\/tr>\n<tr data-start=\"705\" data-end=\"726\">\n<td data-start=\"705\" data-end=\"716\" data-col-size=\"sm\">Riebalai<\/td>\n<td data-col-size=\"sm\" data-start=\"716\" data-end=\"720\">g<\/td>\n<td data-col-size=\"sm\" data-start=\"720\" data-end=\"726\">36<\/td>\n<\/tr>\n<tr data-start=\"727\" data-end=\"769\">\n<td data-start=\"727\" data-end=\"759\" data-col-size=\"sm\">I\u0161 j\u0173 so\u010di\u0173j\u0173 riebal\u0173 r\u016bg\u0161\u010di\u0173<\/td>\n<td data-col-size=\"sm\" data-start=\"759\" data-end=\"763\">g<\/td>\n<td data-col-size=\"sm\" data-start=\"763\" data-end=\"769\">28<\/td>\n<\/tr>\n<\/tbody>\n<\/table>\n<\/div>\n<\/div>\n<hr data-start=\"771\" data-end=\"774\" \/>\n<h3 data-start=\"776\" data-end=\"795\"><strong data-start=\"780\" data-end=\"793\">Alergenai<\/strong><\/h3>\n<p data-start=\"796\" data-end=\"855\">Gali b\u016bti \u017eem\u0117s rie\u0161ut\u0173, glitimo ir kit\u0173 rie\u0161ut\u0173 p\u0117dsak\u0173.<\/p>\n<hr data-start=\"857\" data-end=\"860\" \/>\n<h3 data-start=\"862\" data-end=\"887\"><strong data-start=\"866\" data-end=\"885\">Laikymo s\u0105lygos<\/strong><\/h3>\n<p data-start=\"888\" data-end=\"923\">Laikyti v\u0117sioje, sausoje vietoje.<\/p>\n","protected":false},"excerpt":{"rendered":"<p>Rafinuoti \u0161okoladiniai triufeliai su apelsin\u0173 nata, apibarstyti kakava \u2013 nepriekai\u0161tingas skoni\u0173 derinys. Sudedamosios dalys Cukrus, augaliniai riebalai (palmi\u0173, kokos\u0173, palmi\u0173 branduoli\u0173 ir taukmed\u017eio), liesa kakavos pudra (ne ES kilm\u0117s) 17,8 %, i\u0161r\u016bg\u0173 milteliai (ne ES kilm\u0117s), kakavos pudra (ne ES kilm\u0117s) 0,5 %, emulgatoriai: soj\u0173 ir saul\u0117gr\u0105\u017e\u0173 lecitinas, nat\u016brali apelsin\u0173 kvapioji med\u017eiaga (ES) 0,2 % ir kvapiosios med\u017eiagos (vanil\u0117s, \u0161okolado). Maistin\u0117 vert\u0117 (Vidutin\u0117s reik\u0161m\u0117s 100 g produkto) Rodiklis Vienetai Kiekis Baltymai g 6 Angliavandeniai g 51 I\u0161 j\u0173 cukr\u0173 g 40 Maistin\u0117s skaidulos g 3 Riebalai g 36 I\u0161 j\u0173 so\u010di\u0173j\u0173 riebal\u0173 r\u016bg\u0161\u010di\u0173 g 28 Alergenai Gali b\u016bti \u017eem\u0117s rie\u0161ut\u0173, glitimo ir kit\u0173 rie\u0161ut\u0173 p\u0117dsak\u0173. Laikymo s\u0105lygos Laikyti v\u0117sioje, sausoje vietoje.<\/p>\n","protected":false},"featured_media":26369,"template":"","meta":[],"product_brand":[],"product_cat":[116,131],"product_tag":[],"class_list":{"0":"post-26323","1":"product","2":"type-product","3":"status-publish","4":"has-post-thumbnail","6":"product_cat-mazmenine-2","7":"product_cat-saldumynai","9":"first","10":"instock","11":"shipping-taxable","12":"purchasable","13":"product-type-simple"},"yoast_head":"<!-- This site is optimized with the Yoast SEO plugin v23.7 - https:\/\/yoast.com\/wordpress\/plugins\/seo\/ -->\n<title>\u0160okoladiniai triufeliai su apelsin\u0173 skoniu, 100g. | Espanola.lt<\/title>\n<meta name=\"description\" content=\"Atraskite auk\u0161tos kokyb\u0117s ispani\u0161kus delikatesus \u2013 s\u016brius, kumpius, alyvuoges ir \u017euv\u012f. Tikras Ispanijos skonis tiesiai \u012f j\u016bs\u0173 namus.\" \/>\n<meta name=\"robots\" content=\"index, follow, max-snippet:-1, max-image-preview:large, max-video-preview:-1\" \/>\n<link rel=\"canonical\" href=\"https:\/\/espanola.lt\/produktas\/sokoladiniai-triufeliai-su-apelsinu-skoniu-100g\/\" \/>\n<meta property=\"og:locale\" content=\"en_US\" \/>\n<meta property=\"og:type\" content=\"article\" \/>\n<meta property=\"og:title\" content=\"\u0160okoladiniai triufeliai su apelsin\u0173 skoniu, 100g. | Espanola.lt\" \/>\n<meta property=\"og:description\" content=\"Atraskite auk\u0161tos kokyb\u0117s ispani\u0161kus delikatesus \u2013 s\u016brius, kumpius, alyvuoges ir \u017euv\u012f. Tikras Ispanijos skonis tiesiai \u012f j\u016bs\u0173 namus.\" \/>\n<meta property=\"og:url\" content=\"https:\/\/espanola.lt\/produktas\/sokoladiniai-triufeliai-su-apelsinu-skoniu-100g\/\" \/>\n<meta property=\"og:site_name\" content=\"Espanola\" \/>\n<meta property=\"article:publisher\" content=\"https:\/\/www.facebook.com\/espanola.lt\" \/>\n<meta property=\"article:modified_time\" content=\"2026-01-30T09:22:50+00:00\" \/>\n<meta property=\"og:image\" content=\"https:\/\/espanola.lt\/wp-content\/uploads\/2025\/11\/70480-70696-ORANGE-COCOA-TRUFFLES-100G-1024x1024.png\" \/>\n\t<meta property=\"og:image:width\" content=\"1024\" \/>\n\t<meta property=\"og:image:height\" content=\"1024\" \/>\n\t<meta property=\"og:image:type\" content=\"image\/png\" \/>\n<meta name=\"twitter:card\" content=\"summary_large_image\" \/>\n<meta name=\"twitter:label1\" content=\"Est. reading time\" \/>\n\t<meta name=\"twitter:data1\" content=\"1 minute\" \/>\n<script type=\"application\/ld+json\" class=\"yoast-schema-graph\">{\"@context\":\"https:\/\/schema.org\",\"@graph\":[{\"@type\":\"WebPage\",\"@id\":\"https:\/\/espanola.lt\/produktas\/sokoladiniai-triufeliai-su-apelsinu-skoniu-100g\/\",\"url\":\"https:\/\/espanola.lt\/produktas\/sokoladiniai-triufeliai-su-apelsinu-skoniu-100g\/\",\"name\":\"\u0160okoladiniai triufeliai su apelsin\u0173 skoniu, 100g. | Espanola.lt\",\"isPartOf\":{\"@id\":\"https:\/\/espanola.lt\/#website\"},\"primaryImageOfPage\":{\"@id\":\"https:\/\/espanola.lt\/produktas\/sokoladiniai-triufeliai-su-apelsinu-skoniu-100g\/#primaryimage\"},\"image\":{\"@id\":\"https:\/\/espanola.lt\/produktas\/sokoladiniai-triufeliai-su-apelsinu-skoniu-100g\/#primaryimage\"},\"thumbnailUrl\":\"https:\/\/espanola.lt\/wp-content\/uploads\/2025\/11\/70480-70696-ORANGE-COCOA-TRUFFLES-100G.png\",\"datePublished\":\"2025-11-13T09:09:40+00:00\",\"dateModified\":\"2026-01-30T09:22:50+00:00\",\"description\":\"Atraskite auk\u0161tos kokyb\u0117s ispani\u0161kus delikatesus \u2013 s\u016brius, kumpius, alyvuoges ir \u017euv\u012f. Tikras Ispanijos skonis tiesiai \u012f j\u016bs\u0173 namus.\",\"breadcrumb\":{\"@id\":\"https:\/\/espanola.lt\/produktas\/sokoladiniai-triufeliai-su-apelsinu-skoniu-100g\/#breadcrumb\"},\"inLanguage\":\"en-US\",\"potentialAction\":[{\"@type\":\"ReadAction\",\"target\":[\"https:\/\/espanola.lt\/produktas\/sokoladiniai-triufeliai-su-apelsinu-skoniu-100g\/\"]}]},{\"@type\":\"ImageObject\",\"inLanguage\":\"en-US\",\"@id\":\"https:\/\/espanola.lt\/produktas\/sokoladiniai-triufeliai-su-apelsinu-skoniu-100g\/#primaryimage\",\"url\":\"https:\/\/espanola.lt\/wp-content\/uploads\/2025\/11\/70480-70696-ORANGE-COCOA-TRUFFLES-100G.png\",\"contentUrl\":\"https:\/\/espanola.lt\/wp-content\/uploads\/2025\/11\/70480-70696-ORANGE-COCOA-TRUFFLES-100G.png\",\"width\":4800,\"height\":4800},{\"@type\":\"BreadcrumbList\",\"@id\":\"https:\/\/espanola.lt\/produktas\/sokoladiniai-triufeliai-su-apelsinu-skoniu-100g\/#breadcrumb\",\"itemListElement\":[{\"@type\":\"ListItem\",\"position\":1,\"name\":\"Home\",\"item\":\"https:\/\/espanola.lt\/en\/homepage\/\"},{\"@type\":\"ListItem\",\"position\":2,\"name\":\"Shop\",\"item\":\"https:\/\/espanola.lt\/en\/shop\/\"},{\"@type\":\"ListItem\",\"position\":3,\"name\":\"\u0160okoladiniai triufeliai su apelsin\u0173 skoniu, 100g.\"}]},{\"@type\":\"WebSite\",\"@id\":\"https:\/\/espanola.lt\/#website\",\"url\":\"https:\/\/espanola.lt\/\",\"name\":\"Espanola.lt | Tikras Ispanijos skonis \u2013 J\u016bs\u0173 namuose!\",\"description\":\"\",\"publisher\":{\"@id\":\"https:\/\/espanola.lt\/#organization\"},\"potentialAction\":[{\"@type\":\"SearchAction\",\"target\":{\"@type\":\"EntryPoint\",\"urlTemplate\":\"https:\/\/espanola.lt\/?s={search_term_string}\"},\"query-input\":{\"@type\":\"PropertyValueSpecification\",\"valueRequired\":true,\"valueName\":\"search_term_string\"}}],\"inLanguage\":\"en-US\"},{\"@type\":\"Organization\",\"@id\":\"https:\/\/espanola.lt\/#organization\",\"name\":\"Espanola.lt\",\"url\":\"https:\/\/espanola.lt\/\",\"logo\":{\"@type\":\"ImageObject\",\"inLanguage\":\"en-US\",\"@id\":\"https:\/\/espanola.lt\/#\/schema\/logo\/image\/\",\"url\":\"https:\/\/espanola.lt\/wp-content\/uploads\/2023\/03\/notext_color.png\",\"contentUrl\":\"https:\/\/espanola.lt\/wp-content\/uploads\/2023\/03\/notext_color.png\",\"width\":916,\"height\":204,\"caption\":\"Espanola.lt\"},\"image\":{\"@id\":\"https:\/\/espanola.lt\/#\/schema\/logo\/image\/\"},\"sameAs\":[\"https:\/\/www.facebook.com\/espanola.lt\",\"https:\/\/www.instagram.com\/espanola.lt\/\"]}]}<\/script>\n<!-- \/ Yoast SEO plugin. -->","yoast_head_json":{"title":"\u0160okoladiniai triufeliai su apelsin\u0173 skoniu, 100g. | Espanola.lt","description":"Atraskite auk\u0161tos kokyb\u0117s ispani\u0161kus delikatesus \u2013 s\u016brius, kumpius, alyvuoges ir \u017euv\u012f. Tikras Ispanijos skonis tiesiai \u012f j\u016bs\u0173 namus.","robots":{"index":"index","follow":"follow","max-snippet":"max-snippet:-1","max-image-preview":"max-image-preview:large","max-video-preview":"max-video-preview:-1"},"canonical":"https:\/\/espanola.lt\/produktas\/sokoladiniai-triufeliai-su-apelsinu-skoniu-100g\/","og_locale":"en_US","og_type":"article","og_title":"\u0160okoladiniai triufeliai su apelsin\u0173 skoniu, 100g. | Espanola.lt","og_description":"Atraskite auk\u0161tos kokyb\u0117s ispani\u0161kus delikatesus \u2013 s\u016brius, kumpius, alyvuoges ir \u017euv\u012f. Tikras Ispanijos skonis tiesiai \u012f j\u016bs\u0173 namus.","og_url":"https:\/\/espanola.lt\/produktas\/sokoladiniai-triufeliai-su-apelsinu-skoniu-100g\/","og_site_name":"Espanola","article_publisher":"https:\/\/www.facebook.com\/espanola.lt","article_modified_time":"2026-01-30T09:22:50+00:00","og_image":[{"width":1024,"height":1024,"url":"https:\/\/espanola.lt\/wp-content\/uploads\/2025\/11\/70480-70696-ORANGE-COCOA-TRUFFLES-100G-1024x1024.png","type":"image\/png"}],"twitter_card":"summary_large_image","twitter_misc":{"Est. reading time":"1 minute"},"schema":{"@context":"https:\/\/schema.org","@graph":[{"@type":"WebPage","@id":"https:\/\/espanola.lt\/produktas\/sokoladiniai-triufeliai-su-apelsinu-skoniu-100g\/","url":"https:\/\/espanola.lt\/produktas\/sokoladiniai-triufeliai-su-apelsinu-skoniu-100g\/","name":"\u0160okoladiniai triufeliai su apelsin\u0173 skoniu, 100g. | Espanola.lt","isPartOf":{"@id":"https:\/\/espanola.lt\/#website"},"primaryImageOfPage":{"@id":"https:\/\/espanola.lt\/produktas\/sokoladiniai-triufeliai-su-apelsinu-skoniu-100g\/#primaryimage"},"image":{"@id":"https:\/\/espanola.lt\/produktas\/sokoladiniai-triufeliai-su-apelsinu-skoniu-100g\/#primaryimage"},"thumbnailUrl":"https:\/\/espanola.lt\/wp-content\/uploads\/2025\/11\/70480-70696-ORANGE-COCOA-TRUFFLES-100G.png","datePublished":"2025-11-13T09:09:40+00:00","dateModified":"2026-01-30T09:22:50+00:00","description":"Atraskite auk\u0161tos kokyb\u0117s ispani\u0161kus delikatesus \u2013 s\u016brius, kumpius, alyvuoges ir \u017euv\u012f. Tikras Ispanijos skonis tiesiai \u012f j\u016bs\u0173 namus.","breadcrumb":{"@id":"https:\/\/espanola.lt\/produktas\/sokoladiniai-triufeliai-su-apelsinu-skoniu-100g\/#breadcrumb"},"inLanguage":"en-US","potentialAction":[{"@type":"ReadAction","target":["https:\/\/espanola.lt\/produktas\/sokoladiniai-triufeliai-su-apelsinu-skoniu-100g\/"]}]},{"@type":"ImageObject","inLanguage":"en-US","@id":"https:\/\/espanola.lt\/produktas\/sokoladiniai-triufeliai-su-apelsinu-skoniu-100g\/#primaryimage","url":"https:\/\/espanola.lt\/wp-content\/uploads\/2025\/11\/70480-70696-ORANGE-COCOA-TRUFFLES-100G.png","contentUrl":"https:\/\/espanola.lt\/wp-content\/uploads\/2025\/11\/70480-70696-ORANGE-COCOA-TRUFFLES-100G.png","width":4800,"height":4800},{"@type":"BreadcrumbList","@id":"https:\/\/espanola.lt\/produktas\/sokoladiniai-triufeliai-su-apelsinu-skoniu-100g\/#breadcrumb","itemListElement":[{"@type":"ListItem","position":1,"name":"Home","item":"https:\/\/espanola.lt\/en\/homepage\/"},{"@type":"ListItem","position":2,"name":"Shop","item":"https:\/\/espanola.lt\/en\/shop\/"},{"@type":"ListItem","position":3,"name":"\u0160okoladiniai triufeliai su apelsin\u0173 skoniu, 100g."}]},{"@type":"WebSite","@id":"https:\/\/espanola.lt\/#website","url":"https:\/\/espanola.lt\/","name":"Espanola.lt | Tikras Ispanijos skonis \u2013 J\u016bs\u0173 namuose!","description":"","publisher":{"@id":"https:\/\/espanola.lt\/#organization"},"potentialAction":[{"@type":"SearchAction","target":{"@type":"EntryPoint","urlTemplate":"https:\/\/espanola.lt\/?s={search_term_string}"},"query-input":{"@type":"PropertyValueSpecification","valueRequired":true,"valueName":"search_term_string"}}],"inLanguage":"en-US"},{"@type":"Organization","@id":"https:\/\/espanola.lt\/#organization","name":"Espanola.lt","url":"https:\/\/espanola.lt\/","logo":{"@type":"ImageObject","inLanguage":"en-US","@id":"https:\/\/espanola.lt\/#\/schema\/logo\/image\/","url":"https:\/\/espanola.lt\/wp-content\/uploads\/2023\/03\/notext_color.png","contentUrl":"https:\/\/espanola.lt\/wp-content\/uploads\/2023\/03\/notext_color.png","width":916,"height":204,"caption":"Espanola.lt"},"image":{"@id":"https:\/\/espanola.lt\/#\/schema\/logo\/image\/"},"sameAs":["https:\/\/www.facebook.com\/espanola.lt","https:\/\/www.instagram.com\/espanola.lt\/"]}]}},"_links":{"self":[{"href":"https:\/\/espanola.lt\/en\/wp-json\/wp\/v2\/product\/26323"}],"collection":[{"href":"https:\/\/espanola.lt\/en\/wp-json\/wp\/v2\/product"}],"about":[{"href":"https:\/\/espanola.lt\/en\/wp-json\/wp\/v2\/types\/product"}],"version-history":[{"count":2,"href":"https:\/\/espanola.lt\/en\/wp-json\/wp\/v2\/product\/26323\/revisions"}],"predecessor-version":[{"id":26974,"href":"https:\/\/espanola.lt\/en\/wp-json\/wp\/v2\/product\/26323\/revisions\/26974"}],"wp:featuredmedia":[{"embeddable":true,"href":"https:\/\/espanola.lt\/en\/wp-json\/wp\/v2\/media\/26369"}],"wp:attachment":[{"href":"https:\/\/espanola.lt\/en\/wp-json\/wp\/v2\/media?parent=26323"}],"wp:term":[{"taxonomy":"product_brand","embeddable":true,"href":"https:\/\/espanola.lt\/en\/wp-json\/wp\/v2\/product_brand?post=26323"},{"taxonomy":"product_cat","embeddable":true,"href":"https:\/\/espanola.lt\/en\/wp-json\/wp\/v2\/product_cat?post=26323"},{"taxonomy":"product_tag","embeddable":true,"href":"https:\/\/espanola.lt\/en\/wp-json\/wp\/v2\/product_tag?post=26323"}],"curies":[{"name":"wp","href":"https:\/\/api.w.org\/{rel}","templated":true}]}}