{"id":26321,"date":"2025-11-13T09:04:26","date_gmt":"2025-11-13T09:04:26","guid":{"rendered":"https:\/\/espanola.lt\/?post_type=product&#038;p=26321"},"modified":"2026-01-30T09:23:24","modified_gmt":"2026-01-30T09:23:24","slug":"turronas-su-karamelizuotais-lotus-biscoff-sausainiais-200g","status":"publish","type":"product","link":"https:\/\/espanola.lt\/en\/produktas\/turronas-su-karamelizuotais-lotus-biscoff-sausainiais-200g\/","title":{"rendered":"Turronas su karamelizuotais Lotus Biscoff sausainiais, 200g."},"content":{"rendered":"<p>\u0160okoladinis turronas su karamelizuotais sausainiais viduje \u2013 tra\u0161kumo m\u0117g\u0117jams.<\/p>\n<h3 data-start=\"103\" data-end=\"120\"><strong data-start=\"107\" data-end=\"118\">Sudedamosios dalys<\/strong><\/h3>\n<p data-start=\"121\" data-end=\"1074\">Cukrus, <em data-start=\"129\" data-end=\"144\">Lotus Biscoff<\/em> karamelizuot\u0173 sausaini\u0173 kremas (ES) 28,5 % (<em data-start=\"189\" data-end=\"204\">Lotus Biscoff<\/em> karamelizuoti sausainiai 58 % (kvietiniai miltai, cukrus, augaliniai riebalai (palmi\u0173, ropi\u0173), rudasis cukraus sirupas, kildinimo med\u017eiaga: natrio vandenilio karbonatas, soj\u0173 miltai, druska, cinamonas), ropi\u0173 aliejus, cukrus, emulgatorius: soj\u0173 lecitinas ir r\u016bg\u0161tingum\u0105 reguliuojanti med\u017eiaga: citrin\u0173 r\u016bg\u0161tis), augaliniai riebalai (taukmed\u017eio, kokos\u0173, saul\u0117gr\u0105\u017e\u0173), kakavos sviestas (ne ES kilm\u0117s), nenugriebto pieno milteliai, nugriebto pieno milteliai, kakavos mas\u0117 (ne ES kilm\u0117s), <em data-start=\"689\" data-end=\"704\">Lotus Biscoff<\/em> karamelizuoti sausainiai (ES) 3 % (kvietiniai miltai, cukrus, augaliniai riebalai (palmi\u0173, ropi\u0173), rudasis cukraus sirupas, kildinimo med\u017eiaga: natrio vandenilio karbonatas, druska, cinamonas), i\u0161r\u016bg\u0173 milteliai, saul\u0117gr\u0105\u017e\u0173 aliejus, emulgatoriai: soj\u0173 ir saul\u0117gr\u0105\u017e\u0173 lecitinas, nat\u016brali vanil\u0117s kvapioji med\u017eiaga.<br data-start=\"1016\" data-end=\"1019\" \/>Danga: pieni\u0161kas \u0161okoladas (ma\u017eiausiai 35 % kakavos).<\/p>\n<hr data-start=\"1076\" data-end=\"1079\" \/>\n<h3 data-start=\"1081\" data-end=\"1105\"><strong data-start=\"1085\" data-end=\"1103\">Maistin\u0117 vert\u0117<\/strong><\/h3>\n<p data-start=\"1106\" data-end=\"1145\"><em data-start=\"1106\" data-end=\"1143\">(Vidutin\u0117s reik\u0161m\u0117s 100 g produkto)<\/em><\/p>\n<div class=\"_tableContainer_1rjym_1\">\n<div class=\"group _tableWrapper_1rjym_13 flex w-fit flex-col-reverse\">\n<table class=\"w-fit min-w-(--thread-content-width)\" data-start=\"1147\" data-end=\"1387\">\n<thead data-start=\"1147\" data-end=\"1179\">\n<tr data-start=\"1147\" data-end=\"1179\">\n<th data-start=\"1147\" data-end=\"1158\" data-col-size=\"sm\">Rodiklis<\/th>\n<th data-start=\"1158\" data-end=\"1169\" data-col-size=\"sm\">Vienetai<\/th>\n<th data-start=\"1169\" data-end=\"1179\" data-col-size=\"sm\">Kiekis<\/th>\n<\/tr>\n<\/thead>\n<tbody data-start=\"1216\" data-end=\"1387\">\n<tr data-start=\"1216\" data-end=\"1236\">\n<td data-start=\"1216\" data-end=\"1227\" data-col-size=\"sm\">Baltymai<\/td>\n<td data-col-size=\"sm\" data-start=\"1227\" data-end=\"1231\">g<\/td>\n<td data-col-size=\"sm\" data-start=\"1231\" data-end=\"1236\">5<\/td>\n<\/tr>\n<tr data-start=\"1237\" data-end=\"1265\">\n<td data-start=\"1237\" data-end=\"1255\" data-col-size=\"sm\">Angliavandeniai<\/td>\n<td data-col-size=\"sm\" data-start=\"1255\" data-end=\"1259\">g<\/td>\n<td data-col-size=\"sm\" data-start=\"1259\" data-end=\"1265\">55<\/td>\n<\/tr>\n<tr data-start=\"1266\" data-end=\"1290\">\n<td data-start=\"1266\" data-end=\"1280\" data-col-size=\"sm\">I\u0161 j\u0173 cukr\u0173<\/td>\n<td data-col-size=\"sm\" data-start=\"1280\" data-end=\"1284\">g<\/td>\n<td data-col-size=\"sm\" data-start=\"1284\" data-end=\"1290\">47<\/td>\n<\/tr>\n<tr data-start=\"1291\" data-end=\"1322\">\n<td data-start=\"1291\" data-end=\"1313\" data-col-size=\"sm\">Maistin\u0117s skaidulos<\/td>\n<td data-col-size=\"sm\" data-start=\"1313\" data-end=\"1317\">g<\/td>\n<td data-col-size=\"sm\" data-start=\"1317\" data-end=\"1322\">1<\/td>\n<\/tr>\n<tr data-start=\"1323\" data-end=\"1344\">\n<td data-start=\"1323\" data-end=\"1334\" data-col-size=\"sm\">Riebalai<\/td>\n<td data-col-size=\"sm\" data-start=\"1334\" data-end=\"1338\">g<\/td>\n<td data-col-size=\"sm\" data-start=\"1338\" data-end=\"1344\">37<\/td>\n<\/tr>\n<tr data-start=\"1345\" data-end=\"1387\">\n<td data-start=\"1345\" data-end=\"1377\" data-col-size=\"sm\">I\u0161 j\u0173 so\u010di\u0173j\u0173 riebal\u0173 r\u016bg\u0161\u010di\u0173<\/td>\n<td data-col-size=\"sm\" data-start=\"1377\" data-end=\"1381\">g<\/td>\n<td data-col-size=\"sm\" data-start=\"1381\" data-end=\"1387\">18<\/td>\n<\/tr>\n<\/tbody>\n<\/table>\n<\/div>\n<\/div>\n<hr data-start=\"1389\" data-end=\"1392\" \/>\n<h3 data-start=\"1394\" data-end=\"1413\"><strong data-start=\"1398\" data-end=\"1411\">Alergenai<\/strong><\/h3>\n<p data-start=\"1414\" data-end=\"1475\">Gali b\u016bti kiau\u0161ini\u0173, \u017eem\u0117s rie\u0161ut\u0173 ir kit\u0173 rie\u0161ut\u0173 p\u0117dsak\u0173.<\/p>\n<hr data-start=\"1477\" data-end=\"1480\" \/>\n<h3 data-start=\"1482\" data-end=\"1507\"><strong data-start=\"1486\" data-end=\"1505\">Laikymo s\u0105lygos<\/strong><\/h3>\n<p data-start=\"1508\" data-end=\"1543\">Laikyti v\u0117sioje, sausoje vietoje.<\/p>\n","protected":false},"excerpt":{"rendered":"<p>\u0160okoladinis turronas su karamelizuotais sausainiais viduje \u2013 tra\u0161kumo m\u0117g\u0117jams. Sudedamosios dalys Cukrus, Lotus Biscoff karamelizuot\u0173 sausaini\u0173 kremas (ES) 28,5 % (Lotus Biscoff karamelizuoti sausainiai 58 % (kvietiniai miltai, cukrus, augaliniai riebalai (palmi\u0173, ropi\u0173), rudasis cukraus sirupas, kildinimo med\u017eiaga: natrio vandenilio karbonatas, soj\u0173 miltai, druska, cinamonas), ropi\u0173 aliejus, cukrus, emulgatorius: soj\u0173 lecitinas ir r\u016bg\u0161tingum\u0105 reguliuojanti med\u017eiaga: citrin\u0173 r\u016bg\u0161tis), augaliniai riebalai (taukmed\u017eio, kokos\u0173, saul\u0117gr\u0105\u017e\u0173), kakavos sviestas (ne ES kilm\u0117s), nenugriebto pieno milteliai, nugriebto pieno milteliai, kakavos mas\u0117 (ne ES kilm\u0117s), Lotus Biscoff karamelizuoti sausainiai (ES) 3 % (kvietiniai miltai, cukrus, augaliniai riebalai (palmi\u0173, ropi\u0173), rudasis cukraus sirupas, kildinimo med\u017eiaga: natrio vandenilio karbonatas, druska, cinamonas), i\u0161r\u016bg\u0173 milteliai, saul\u0117gr\u0105\u017e\u0173 aliejus, emulgatoriai: soj\u0173 ir saul\u0117gr\u0105\u017e\u0173 lecitinas, nat\u016brali vanil\u0117s kvapioji med\u017eiaga.Danga: pieni\u0161kas \u0161okoladas (ma\u017eiausiai 35 % kakavos). Maistin\u0117 vert\u0117 (Vidutin\u0117s reik\u0161m\u0117s 100 g produkto) Rodiklis Vienetai Kiekis Baltymai g 5 Angliavandeniai g 55 I\u0161 j\u0173 cukr\u0173 g 47 Maistin\u0117s skaidulos g 1 Riebalai g 37 I\u0161 j\u0173 so\u010di\u0173j\u0173 riebal\u0173 r\u016bg\u0161\u010di\u0173 g 18 Alergenai Gali b\u016bti kiau\u0161ini\u0173, \u017eem\u0117s rie\u0161ut\u0173 ir kit\u0173 rie\u0161ut\u0173 p\u0117dsak\u0173. Laikymo s\u0105lygos Laikyti v\u0117sioje, sausoje vietoje.<\/p>\n","protected":false},"featured_media":0,"template":"","meta":[],"product_brand":[],"product_cat":[15],"product_tag":[],"class_list":{"0":"post-26321","1":"product","2":"type-product","3":"status-publish","5":"product_cat-uncategorized","6":"post-no-thumbnail","8":"first","9":"outofstock","10":"shipping-taxable","11":"purchasable","12":"product-type-simple"},"yoast_head":"<!-- This site is optimized with the Yoast SEO plugin v23.7 - https:\/\/yoast.com\/wordpress\/plugins\/seo\/ -->\n<title>Turronas su karamelizuotais Lotus Biscoff sausainiais, 200g. | Espanola.lt<\/title>\n<meta name=\"description\" content=\"Atraskite auk\u0161tos kokyb\u0117s ispani\u0161kus delikatesus \u2013 s\u016brius, kumpius, alyvuoges ir \u017euv\u012f. Tikras Ispanijos skonis tiesiai \u012f j\u016bs\u0173 namus.\" \/>\n<meta name=\"robots\" content=\"index, follow, max-snippet:-1, max-image-preview:large, max-video-preview:-1\" \/>\n<link rel=\"canonical\" href=\"https:\/\/espanola.lt\/produktas\/turronas-su-karamelizuotais-lotus-biscoff-sausainiais-200g\/\" \/>\n<meta property=\"og:locale\" content=\"en_US\" \/>\n<meta property=\"og:type\" content=\"article\" \/>\n<meta property=\"og:title\" content=\"Turronas su karamelizuotais Lotus Biscoff sausainiais, 200g. | Espanola.lt\" \/>\n<meta property=\"og:description\" content=\"Atraskite auk\u0161tos kokyb\u0117s ispani\u0161kus delikatesus \u2013 s\u016brius, kumpius, alyvuoges ir \u017euv\u012f. Tikras Ispanijos skonis tiesiai \u012f j\u016bs\u0173 namus.\" \/>\n<meta property=\"og:url\" content=\"https:\/\/espanola.lt\/produktas\/turronas-su-karamelizuotais-lotus-biscoff-sausainiais-200g\/\" \/>\n<meta property=\"og:site_name\" content=\"Espanola\" \/>\n<meta property=\"article:publisher\" content=\"https:\/\/www.facebook.com\/espanola.lt\" \/>\n<meta property=\"article:modified_time\" content=\"2026-01-30T09:23:24+00:00\" \/>\n<meta name=\"twitter:card\" content=\"summary_large_image\" \/>\n<meta name=\"twitter:label1\" content=\"Est. reading time\" \/>\n\t<meta name=\"twitter:data1\" content=\"1 minute\" \/>\n<script type=\"application\/ld+json\" class=\"yoast-schema-graph\">{\"@context\":\"https:\/\/schema.org\",\"@graph\":[{\"@type\":\"WebPage\",\"@id\":\"https:\/\/espanola.lt\/produktas\/turronas-su-karamelizuotais-lotus-biscoff-sausainiais-200g\/\",\"url\":\"https:\/\/espanola.lt\/produktas\/turronas-su-karamelizuotais-lotus-biscoff-sausainiais-200g\/\",\"name\":\"Turronas su karamelizuotais Lotus Biscoff sausainiais, 200g. | Espanola.lt\",\"isPartOf\":{\"@id\":\"https:\/\/espanola.lt\/#website\"},\"datePublished\":\"2025-11-13T09:04:26+00:00\",\"dateModified\":\"2026-01-30T09:23:24+00:00\",\"description\":\"Atraskite auk\u0161tos kokyb\u0117s ispani\u0161kus delikatesus \u2013 s\u016brius, kumpius, alyvuoges ir \u017euv\u012f. Tikras Ispanijos skonis tiesiai \u012f j\u016bs\u0173 namus.\",\"breadcrumb\":{\"@id\":\"https:\/\/espanola.lt\/produktas\/turronas-su-karamelizuotais-lotus-biscoff-sausainiais-200g\/#breadcrumb\"},\"inLanguage\":\"en-US\",\"potentialAction\":[{\"@type\":\"ReadAction\",\"target\":[\"https:\/\/espanola.lt\/produktas\/turronas-su-karamelizuotais-lotus-biscoff-sausainiais-200g\/\"]}]},{\"@type\":\"BreadcrumbList\",\"@id\":\"https:\/\/espanola.lt\/produktas\/turronas-su-karamelizuotais-lotus-biscoff-sausainiais-200g\/#breadcrumb\",\"itemListElement\":[{\"@type\":\"ListItem\",\"position\":1,\"name\":\"Home\",\"item\":\"https:\/\/espanola.lt\/en\/homepage\/\"},{\"@type\":\"ListItem\",\"position\":2,\"name\":\"Shop\",\"item\":\"https:\/\/espanola.lt\/en\/shop\/\"},{\"@type\":\"ListItem\",\"position\":3,\"name\":\"Turronas su karamelizuotais Lotus Biscoff sausainiais, 200g.\"}]},{\"@type\":\"WebSite\",\"@id\":\"https:\/\/espanola.lt\/#website\",\"url\":\"https:\/\/espanola.lt\/\",\"name\":\"Espanola.lt | Tikras Ispanijos skonis \u2013 J\u016bs\u0173 namuose!\",\"description\":\"\",\"publisher\":{\"@id\":\"https:\/\/espanola.lt\/#organization\"},\"potentialAction\":[{\"@type\":\"SearchAction\",\"target\":{\"@type\":\"EntryPoint\",\"urlTemplate\":\"https:\/\/espanola.lt\/?s={search_term_string}\"},\"query-input\":{\"@type\":\"PropertyValueSpecification\",\"valueRequired\":true,\"valueName\":\"search_term_string\"}}],\"inLanguage\":\"en-US\"},{\"@type\":\"Organization\",\"@id\":\"https:\/\/espanola.lt\/#organization\",\"name\":\"Espanola.lt\",\"url\":\"https:\/\/espanola.lt\/\",\"logo\":{\"@type\":\"ImageObject\",\"inLanguage\":\"en-US\",\"@id\":\"https:\/\/espanola.lt\/#\/schema\/logo\/image\/\",\"url\":\"https:\/\/espanola.lt\/wp-content\/uploads\/2023\/03\/notext_color.png\",\"contentUrl\":\"https:\/\/espanola.lt\/wp-content\/uploads\/2023\/03\/notext_color.png\",\"width\":916,\"height\":204,\"caption\":\"Espanola.lt\"},\"image\":{\"@id\":\"https:\/\/espanola.lt\/#\/schema\/logo\/image\/\"},\"sameAs\":[\"https:\/\/www.facebook.com\/espanola.lt\",\"https:\/\/www.instagram.com\/espanola.lt\/\"]}]}<\/script>\n<!-- \/ Yoast SEO plugin. -->","yoast_head_json":{"title":"Turronas su karamelizuotais Lotus Biscoff sausainiais, 200g. | Espanola.lt","description":"Atraskite auk\u0161tos kokyb\u0117s ispani\u0161kus delikatesus \u2013 s\u016brius, kumpius, alyvuoges ir \u017euv\u012f. Tikras Ispanijos skonis tiesiai \u012f j\u016bs\u0173 namus.","robots":{"index":"index","follow":"follow","max-snippet":"max-snippet:-1","max-image-preview":"max-image-preview:large","max-video-preview":"max-video-preview:-1"},"canonical":"https:\/\/espanola.lt\/produktas\/turronas-su-karamelizuotais-lotus-biscoff-sausainiais-200g\/","og_locale":"en_US","og_type":"article","og_title":"Turronas su karamelizuotais Lotus Biscoff sausainiais, 200g. | Espanola.lt","og_description":"Atraskite auk\u0161tos kokyb\u0117s ispani\u0161kus delikatesus \u2013 s\u016brius, kumpius, alyvuoges ir \u017euv\u012f. Tikras Ispanijos skonis tiesiai \u012f j\u016bs\u0173 namus.","og_url":"https:\/\/espanola.lt\/produktas\/turronas-su-karamelizuotais-lotus-biscoff-sausainiais-200g\/","og_site_name":"Espanola","article_publisher":"https:\/\/www.facebook.com\/espanola.lt","article_modified_time":"2026-01-30T09:23:24+00:00","twitter_card":"summary_large_image","twitter_misc":{"Est. reading time":"1 minute"},"schema":{"@context":"https:\/\/schema.org","@graph":[{"@type":"WebPage","@id":"https:\/\/espanola.lt\/produktas\/turronas-su-karamelizuotais-lotus-biscoff-sausainiais-200g\/","url":"https:\/\/espanola.lt\/produktas\/turronas-su-karamelizuotais-lotus-biscoff-sausainiais-200g\/","name":"Turronas su karamelizuotais Lotus Biscoff sausainiais, 200g. | Espanola.lt","isPartOf":{"@id":"https:\/\/espanola.lt\/#website"},"datePublished":"2025-11-13T09:04:26+00:00","dateModified":"2026-01-30T09:23:24+00:00","description":"Atraskite auk\u0161tos kokyb\u0117s ispani\u0161kus delikatesus \u2013 s\u016brius, kumpius, alyvuoges ir \u017euv\u012f. Tikras Ispanijos skonis tiesiai \u012f j\u016bs\u0173 namus.","breadcrumb":{"@id":"https:\/\/espanola.lt\/produktas\/turronas-su-karamelizuotais-lotus-biscoff-sausainiais-200g\/#breadcrumb"},"inLanguage":"en-US","potentialAction":[{"@type":"ReadAction","target":["https:\/\/espanola.lt\/produktas\/turronas-su-karamelizuotais-lotus-biscoff-sausainiais-200g\/"]}]},{"@type":"BreadcrumbList","@id":"https:\/\/espanola.lt\/produktas\/turronas-su-karamelizuotais-lotus-biscoff-sausainiais-200g\/#breadcrumb","itemListElement":[{"@type":"ListItem","position":1,"name":"Home","item":"https:\/\/espanola.lt\/en\/homepage\/"},{"@type":"ListItem","position":2,"name":"Shop","item":"https:\/\/espanola.lt\/en\/shop\/"},{"@type":"ListItem","position":3,"name":"Turronas su karamelizuotais Lotus Biscoff sausainiais, 200g."}]},{"@type":"WebSite","@id":"https:\/\/espanola.lt\/#website","url":"https:\/\/espanola.lt\/","name":"Espanola.lt | Tikras Ispanijos skonis \u2013 J\u016bs\u0173 namuose!","description":"","publisher":{"@id":"https:\/\/espanola.lt\/#organization"},"potentialAction":[{"@type":"SearchAction","target":{"@type":"EntryPoint","urlTemplate":"https:\/\/espanola.lt\/?s={search_term_string}"},"query-input":{"@type":"PropertyValueSpecification","valueRequired":true,"valueName":"search_term_string"}}],"inLanguage":"en-US"},{"@type":"Organization","@id":"https:\/\/espanola.lt\/#organization","name":"Espanola.lt","url":"https:\/\/espanola.lt\/","logo":{"@type":"ImageObject","inLanguage":"en-US","@id":"https:\/\/espanola.lt\/#\/schema\/logo\/image\/","url":"https:\/\/espanola.lt\/wp-content\/uploads\/2023\/03\/notext_color.png","contentUrl":"https:\/\/espanola.lt\/wp-content\/uploads\/2023\/03\/notext_color.png","width":916,"height":204,"caption":"Espanola.lt"},"image":{"@id":"https:\/\/espanola.lt\/#\/schema\/logo\/image\/"},"sameAs":["https:\/\/www.facebook.com\/espanola.lt","https:\/\/www.instagram.com\/espanola.lt\/"]}]}},"_links":{"self":[{"href":"https:\/\/espanola.lt\/en\/wp-json\/wp\/v2\/product\/26321"}],"collection":[{"href":"https:\/\/espanola.lt\/en\/wp-json\/wp\/v2\/product"}],"about":[{"href":"https:\/\/espanola.lt\/en\/wp-json\/wp\/v2\/types\/product"}],"version-history":[{"count":3,"href":"https:\/\/espanola.lt\/en\/wp-json\/wp\/v2\/product\/26321\/revisions"}],"predecessor-version":[{"id":26975,"href":"https:\/\/espanola.lt\/en\/wp-json\/wp\/v2\/product\/26321\/revisions\/26975"}],"wp:attachment":[{"href":"https:\/\/espanola.lt\/en\/wp-json\/wp\/v2\/media?parent=26321"}],"wp:term":[{"taxonomy":"product_brand","embeddable":true,"href":"https:\/\/espanola.lt\/en\/wp-json\/wp\/v2\/product_brand?post=26321"},{"taxonomy":"product_cat","embeddable":true,"href":"https:\/\/espanola.lt\/en\/wp-json\/wp\/v2\/product_cat?post=26321"},{"taxonomy":"product_tag","embeddable":true,"href":"https:\/\/espanola.lt\/en\/wp-json\/wp\/v2\/product_tag?post=26321"}],"curies":[{"name":"wp","href":"https:\/\/api.w.org\/{rel}","templated":true}]}}