{"id":26316,"date":"2025-11-13T08:56:40","date_gmt":"2025-11-13T08:56:40","guid":{"rendered":"https:\/\/espanola.lt\/?post_type=product&#038;p=26316"},"modified":"2025-11-27T08:36:55","modified_gmt":"2025-11-27T08:36:55","slug":"sokoladinis-turronas-su-pistaciju-idaru-dubajaus-stiliaus-170g","status":"publish","type":"product","link":"https:\/\/espanola.lt\/en\/produktas\/sokoladinis-turronas-su-pistaciju-idaru-dubajaus-stiliaus-170g\/","title":{"rendered":"\u0160okoladinis turronas su pistacij\u0173 \u012fdaru, Dubajaus stiliaus, 170g."},"content":{"rendered":"<p>Dubajaus stiliaus \u0161okoladinis <em data-start=\"31\" data-end=\"41\">turronas<\/em>, pripildytas neatsispiriamo tra\u0161kaus pistacij\u0173 kremo ir padengtas gard\u017eiu \u0161okoladu.<\/p>\n<article class=\"text-token-text-primary w-full focus:outline-none [--shadow-height:45px] has-data-writing-block:pointer-events-none has-data-writing-block:-mt-(--shadow-height) has-data-writing-block:pt-(--shadow-height) [&amp;:has([data-writing-block])&gt;*]:pointer-events-auto [content-visibility:auto] supports-[content-visibility:auto]:[contain-intrinsic-size:auto_100lvh] scroll-mt-[calc(var(--header-height)+min(200px,max(70px,20svh)))]\" dir=\"auto\" tabindex=\"-1\" data-turn-id=\"request-WEB:d8692d92-73fc-49b9-8b25-ccea76aeec17-2\" data-testid=\"conversation-turn-6\" data-scroll-anchor=\"true\" data-turn=\"assistant\">\n<div class=\"text-base my-auto mx-auto pb-10 [--thread-content-margin:--spacing(4)] thread-sm:[--thread-content-margin:--spacing(6)] thread-lg:[--thread-content-margin:--spacing(16)] px-(--thread-content-margin)\">\n<div class=\"[--thread-content-max-width:40rem] thread-lg:[--thread-content-max-width:48rem] mx-auto max-w-(--thread-content-max-width) flex-1 group\/turn-messages focus-visible:outline-hidden relative flex w-full min-w-0 flex-col agent-turn\" tabindex=\"-1\">\n<div class=\"flex max-w-full flex-col grow\">\n<div class=\"min-h-8 text-message relative flex w-full flex-col items-end gap-2 text-start break-words whitespace-normal [.text-message+&amp;]:mt-1\" dir=\"auto\" data-message-author-role=\"assistant\" data-message-id=\"8e1827e9-ba6f-49bf-9620-da65fb363be2\" data-message-model-slug=\"gpt-5\">\n<div class=\"flex w-full flex-col gap-1 empty:hidden first:pt-[1px]\">\n<div class=\"markdown prose dark:prose-invert w-full break-words light markdown-new-styling\">\n<p data-start=\"0\" data-end=\"515\"><strong data-start=\"0\" data-end=\"11\">Sudedamosios dalys<\/strong><br data-start=\"11\" data-end=\"14\" \/>Cukrus, kakavos mas\u0117 (ne ES kilm\u0117s), pistacij\u0173 pasta 15 % (ne ES kilm\u0117s), augaliniai riebalai (kokos\u0173, taukmed\u017eio ir saul\u0117gr\u0105\u017e\u0173), nugriebto pieno milteliai, skrudinti <em data-start=\"181\" data-end=\"190\">kadayif<\/em> (kvietiniai miltai, vanduo), kakavos sviestas (ne ES kilm\u0117s), nenugriebto pieno milteliai, i\u0161r\u016bg\u0173 milteliai, bevandenis pieno riebalas, saul\u0117gr\u0105\u017e\u0173 aliejus, emulgatoriai: soj\u0173 ir saul\u0117gr\u0105\u017e\u0173 lecitinas, kvapioji med\u017eiaga.<br data-start=\"409\" data-end=\"412\" \/>Ma\u017eiausias kakavos kiekis \u0161okolade \u2013 51 %.<br data-start=\"454\" data-end=\"457\" \/>Gali b\u016bti \u017eem\u0117s rie\u0161ut\u0173, sezam\u0173 ir kit\u0173 rie\u0161ut\u0173 p\u0117dsak\u0173.<\/p>\n<hr data-start=\"517\" data-end=\"520\" \/>\n<p data-start=\"522\" data-end=\"582\"><strong data-start=\"522\" data-end=\"540\">Maistin\u0117 vert\u0117<\/strong><br data-start=\"540\" data-end=\"543\" \/><em data-start=\"543\" data-end=\"580\">(Vidutin\u0117s reik\u0161m\u0117s 100 g produkto)<\/em><\/p>\n<div class=\"_tableContainer_1rjym_1\">\n<div class=\"group _tableWrapper_1rjym_13 flex w-fit flex-col-reverse\" tabindex=\"-1\">\n<table class=\"w-fit min-w-(--thread-content-width)\" data-start=\"584\" data-end=\"848\">\n<thead data-start=\"584\" data-end=\"616\">\n<tr data-start=\"584\" data-end=\"616\">\n<th data-start=\"584\" data-end=\"595\" data-col-size=\"sm\">Rodiklis<\/th>\n<th data-start=\"595\" data-end=\"606\" data-col-size=\"sm\">Vienetai<\/th>\n<th data-start=\"606\" data-end=\"616\" data-col-size=\"sm\">Kiekis<\/th>\n<\/tr>\n<\/thead>\n<tbody data-start=\"653\" data-end=\"848\">\n<tr data-start=\"653\" data-end=\"675\">\n<td data-start=\"653\" data-end=\"664\" data-col-size=\"sm\">Baltymai<\/td>\n<td data-col-size=\"sm\" data-start=\"664\" data-end=\"668\">g<\/td>\n<td data-col-size=\"sm\" data-start=\"668\" data-end=\"675\">7,9<\/td>\n<\/tr>\n<tr data-start=\"676\" data-end=\"704\">\n<td data-start=\"676\" data-end=\"694\" data-col-size=\"sm\">Angliavandeniai<\/td>\n<td data-col-size=\"sm\" data-start=\"694\" data-end=\"698\">g<\/td>\n<td data-col-size=\"sm\" data-start=\"698\" data-end=\"704\">43<\/td>\n<\/tr>\n<tr data-start=\"705\" data-end=\"729\">\n<td data-start=\"705\" data-end=\"719\" data-col-size=\"sm\">I\u0161 j\u0173 cukr\u0173<\/td>\n<td data-col-size=\"sm\" data-start=\"719\" data-end=\"723\">g<\/td>\n<td data-col-size=\"sm\" data-start=\"723\" data-end=\"729\">40<\/td>\n<\/tr>\n<tr data-start=\"730\" data-end=\"761\">\n<td data-start=\"730\" data-end=\"752\" data-col-size=\"sm\">Maistin\u0117s skaidulos<\/td>\n<td data-col-size=\"sm\" data-start=\"752\" data-end=\"756\">g<\/td>\n<td data-col-size=\"sm\" data-start=\"756\" data-end=\"761\">1<\/td>\n<\/tr>\n<tr data-start=\"762\" data-end=\"783\">\n<td data-start=\"762\" data-end=\"773\" data-col-size=\"sm\">Riebalai<\/td>\n<td data-col-size=\"sm\" data-start=\"773\" data-end=\"777\">g<\/td>\n<td data-col-size=\"sm\" data-start=\"777\" data-end=\"783\">37<\/td>\n<\/tr>\n<tr data-start=\"784\" data-end=\"826\">\n<td data-start=\"784\" data-end=\"816\" data-col-size=\"sm\">I\u0161 j\u0173 so\u010di\u0173j\u0173 riebal\u0173 r\u016bg\u0161\u010di\u0173<\/td>\n<td data-col-size=\"sm\" data-start=\"816\" data-end=\"820\">g<\/td>\n<td data-col-size=\"sm\" data-start=\"820\" data-end=\"826\">19<\/td>\n<\/tr>\n<tr data-start=\"827\" data-end=\"848\">\n<td data-start=\"827\" data-end=\"836\" data-col-size=\"sm\">Druska<\/td>\n<td data-col-size=\"sm\" data-start=\"836\" data-end=\"840\">g<\/td>\n<td data-col-size=\"sm\" data-start=\"840\" data-end=\"848\">2,11<\/td>\n<\/tr>\n<\/tbody>\n<\/table>\n<\/div>\n<\/div>\n<hr data-start=\"850\" data-end=\"853\" \/>\n<p data-start=\"855\" data-end=\"934\"><strong data-start=\"855\" data-end=\"868\">Alergenai<\/strong><br data-start=\"868\" data-end=\"871\" \/>Gali b\u016bti kiau\u0161ini\u0173, \u017eem\u0117s rie\u0161ut\u0173 ir med\u017ei\u0173 rie\u0161ut\u0173 p\u0117dsak\u0173.<\/p>\n<hr data-start=\"936\" data-end=\"939\" \/>\n<p data-start=\"941\" data-end=\"996\" data-is-last-node=\"\" data-is-only-node=\"\"><strong data-start=\"941\" data-end=\"960\">Laikymo s\u0105lygos<\/strong><br data-start=\"960\" data-end=\"963\" \/>Laikyti v\u0117sioje, sausoje vietoje.<\/p>\n<\/div>\n<\/div>\n<\/div>\n<\/div>\n<div class=\"z-0 flex min-h-[46px] justify-start\"><\/div>\n<div class=\"mt-3 w-full empty:hidden\">\n<div class=\"text-center\"><\/div>\n<\/div>\n<\/div>\n<\/div>\n<\/article>\n<div class=\"pointer-events-none h-px w-px\" aria-hidden=\"true\" data-edge=\"true\"><\/div>\n","protected":false},"excerpt":{"rendered":"<p>Dubajaus stiliaus \u0161okoladinis turronas, pripildytas neatsispiriamo tra\u0161kaus pistacij\u0173 kremo ir padengtas gard\u017eiu \u0161okoladu. Sudedamosios dalysCukrus, kakavos mas\u0117 (ne ES kilm\u0117s), pistacij\u0173 pasta 15 % (ne ES kilm\u0117s), augaliniai riebalai (kokos\u0173, taukmed\u017eio ir saul\u0117gr\u0105\u017e\u0173), nugriebto pieno milteliai, skrudinti kadayif (kvietiniai miltai, vanduo), kakavos sviestas (ne ES kilm\u0117s), nenugriebto pieno milteliai, i\u0161r\u016bg\u0173 milteliai, bevandenis pieno riebalas, saul\u0117gr\u0105\u017e\u0173 aliejus, emulgatoriai: soj\u0173 ir saul\u0117gr\u0105\u017e\u0173 lecitinas, kvapioji med\u017eiaga.Ma\u017eiausias kakavos kiekis \u0161okolade \u2013 51 %.Gali b\u016bti \u017eem\u0117s rie\u0161ut\u0173, sezam\u0173 ir kit\u0173 rie\u0161ut\u0173 p\u0117dsak\u0173. Maistin\u0117 vert\u0117(Vidutin\u0117s reik\u0161m\u0117s 100 g produkto) Rodiklis Vienetai Kiekis Baltymai g 7,9 Angliavandeniai g 43 I\u0161 j\u0173 cukr\u0173 g 40 Maistin\u0117s skaidulos g 1 Riebalai g 37 I\u0161 j\u0173 so\u010di\u0173j\u0173 riebal\u0173 r\u016bg\u0161\u010di\u0173 g 19 Druska g 2,11 AlergenaiGali b\u016bti kiau\u0161ini\u0173, \u017eem\u0117s rie\u0161ut\u0173 ir med\u017ei\u0173 rie\u0161ut\u0173 p\u0117dsak\u0173. Laikymo s\u0105lygosLaikyti v\u0117sioje, sausoje vietoje.<\/p>\n","protected":false},"featured_media":26371,"template":"","meta":[],"product_brand":[],"product_cat":[116,131],"product_tag":[],"class_list":{"0":"post-26316","1":"product","2":"type-product","3":"status-publish","4":"has-post-thumbnail","6":"product_cat-mazmenine-2","7":"product_cat-saldumynai","9":"first","10":"outofstock","11":"shipping-taxable","12":"purchasable","13":"product-type-simple"},"yoast_head":"<!-- This site is optimized with the Yoast SEO plugin v23.7 - https:\/\/yoast.com\/wordpress\/plugins\/seo\/ -->\n<title>\u0160okoladinis turronas su pistacij\u0173 \u012fdaru, Dubajaus stiliaus, 170g. | Espanola.lt<\/title>\n<meta name=\"description\" content=\"Atraskite auk\u0161tos kokyb\u0117s ispani\u0161kus delikatesus \u2013 s\u016brius, kumpius, alyvuoges ir \u017euv\u012f. Tikras Ispanijos skonis tiesiai \u012f j\u016bs\u0173 namus.\" \/>\n<meta name=\"robots\" content=\"index, follow, max-snippet:-1, max-image-preview:large, max-video-preview:-1\" \/>\n<link rel=\"canonical\" href=\"https:\/\/espanola.lt\/produktas\/sokoladinis-turronas-su-pistaciju-idaru-dubajaus-stiliaus-170g\/\" \/>\n<meta property=\"og:locale\" content=\"en_US\" \/>\n<meta property=\"og:type\" content=\"article\" \/>\n<meta property=\"og:title\" content=\"\u0160okoladinis turronas su pistacij\u0173 \u012fdaru, Dubajaus stiliaus, 170g. | Espanola.lt\" \/>\n<meta property=\"og:description\" content=\"Atraskite auk\u0161tos kokyb\u0117s ispani\u0161kus delikatesus \u2013 s\u016brius, kumpius, alyvuoges ir \u017euv\u012f. Tikras Ispanijos skonis tiesiai \u012f j\u016bs\u0173 namus.\" \/>\n<meta property=\"og:url\" content=\"https:\/\/espanola.lt\/produktas\/sokoladinis-turronas-su-pistaciju-idaru-dubajaus-stiliaus-170g\/\" \/>\n<meta property=\"og:site_name\" content=\"Espanola\" \/>\n<meta property=\"article:publisher\" content=\"https:\/\/www.facebook.com\/espanola.lt\" \/>\n<meta property=\"article:modified_time\" content=\"2025-11-27T08:36:55+00:00\" \/>\n<meta property=\"og:image\" content=\"https:\/\/espanola.lt\/wp-content\/uploads\/2025\/11\/3D-Turron-choco-Dubai.png\" \/>\n\t<meta property=\"og:image:width\" content=\"2362\" \/>\n\t<meta property=\"og:image:height\" content=\"1515\" \/>\n\t<meta property=\"og:image:type\" content=\"image\/png\" \/>\n<meta name=\"twitter:card\" content=\"summary_large_image\" \/>\n<meta name=\"twitter:label1\" content=\"Est. reading time\" \/>\n\t<meta name=\"twitter:data1\" content=\"1 minute\" \/>\n<script type=\"application\/ld+json\" class=\"yoast-schema-graph\">{\"@context\":\"https:\/\/schema.org\",\"@graph\":[{\"@type\":\"WebPage\",\"@id\":\"https:\/\/espanola.lt\/produktas\/sokoladinis-turronas-su-pistaciju-idaru-dubajaus-stiliaus-170g\/\",\"url\":\"https:\/\/espanola.lt\/produktas\/sokoladinis-turronas-su-pistaciju-idaru-dubajaus-stiliaus-170g\/\",\"name\":\"\u0160okoladinis turronas su pistacij\u0173 \u012fdaru, Dubajaus stiliaus, 170g. | Espanola.lt\",\"isPartOf\":{\"@id\":\"https:\/\/espanola.lt\/#website\"},\"primaryImageOfPage\":{\"@id\":\"https:\/\/espanola.lt\/produktas\/sokoladinis-turronas-su-pistaciju-idaru-dubajaus-stiliaus-170g\/#primaryimage\"},\"image\":{\"@id\":\"https:\/\/espanola.lt\/produktas\/sokoladinis-turronas-su-pistaciju-idaru-dubajaus-stiliaus-170g\/#primaryimage\"},\"thumbnailUrl\":\"https:\/\/espanola.lt\/wp-content\/uploads\/2025\/11\/3D-Turron-choco-Dubai.png\",\"datePublished\":\"2025-11-13T08:56:40+00:00\",\"dateModified\":\"2025-11-27T08:36:55+00:00\",\"description\":\"Atraskite auk\u0161tos kokyb\u0117s ispani\u0161kus delikatesus \u2013 s\u016brius, kumpius, alyvuoges ir \u017euv\u012f. Tikras Ispanijos skonis tiesiai \u012f j\u016bs\u0173 namus.\",\"breadcrumb\":{\"@id\":\"https:\/\/espanola.lt\/produktas\/sokoladinis-turronas-su-pistaciju-idaru-dubajaus-stiliaus-170g\/#breadcrumb\"},\"inLanguage\":\"en-US\",\"potentialAction\":[{\"@type\":\"ReadAction\",\"target\":[\"https:\/\/espanola.lt\/produktas\/sokoladinis-turronas-su-pistaciju-idaru-dubajaus-stiliaus-170g\/\"]}]},{\"@type\":\"ImageObject\",\"inLanguage\":\"en-US\",\"@id\":\"https:\/\/espanola.lt\/produktas\/sokoladinis-turronas-su-pistaciju-idaru-dubajaus-stiliaus-170g\/#primaryimage\",\"url\":\"https:\/\/espanola.lt\/wp-content\/uploads\/2025\/11\/3D-Turron-choco-Dubai.png\",\"contentUrl\":\"https:\/\/espanola.lt\/wp-content\/uploads\/2025\/11\/3D-Turron-choco-Dubai.png\",\"width\":2362,\"height\":1515},{\"@type\":\"BreadcrumbList\",\"@id\":\"https:\/\/espanola.lt\/produktas\/sokoladinis-turronas-su-pistaciju-idaru-dubajaus-stiliaus-170g\/#breadcrumb\",\"itemListElement\":[{\"@type\":\"ListItem\",\"position\":1,\"name\":\"Home\",\"item\":\"https:\/\/espanola.lt\/en\/homepage\/\"},{\"@type\":\"ListItem\",\"position\":2,\"name\":\"Shop\",\"item\":\"https:\/\/espanola.lt\/en\/shop\/\"},{\"@type\":\"ListItem\",\"position\":3,\"name\":\"\u0160okoladinis turronas su pistacij\u0173 \u012fdaru, Dubajaus stiliaus, 170g.\"}]},{\"@type\":\"WebSite\",\"@id\":\"https:\/\/espanola.lt\/#website\",\"url\":\"https:\/\/espanola.lt\/\",\"name\":\"Espanola.lt | Tikras Ispanijos skonis \u2013 J\u016bs\u0173 namuose!\",\"description\":\"\",\"publisher\":{\"@id\":\"https:\/\/espanola.lt\/#organization\"},\"potentialAction\":[{\"@type\":\"SearchAction\",\"target\":{\"@type\":\"EntryPoint\",\"urlTemplate\":\"https:\/\/espanola.lt\/?s={search_term_string}\"},\"query-input\":{\"@type\":\"PropertyValueSpecification\",\"valueRequired\":true,\"valueName\":\"search_term_string\"}}],\"inLanguage\":\"en-US\"},{\"@type\":\"Organization\",\"@id\":\"https:\/\/espanola.lt\/#organization\",\"name\":\"Espanola.lt\",\"url\":\"https:\/\/espanola.lt\/\",\"logo\":{\"@type\":\"ImageObject\",\"inLanguage\":\"en-US\",\"@id\":\"https:\/\/espanola.lt\/#\/schema\/logo\/image\/\",\"url\":\"https:\/\/espanola.lt\/wp-content\/uploads\/2023\/03\/notext_color.png\",\"contentUrl\":\"https:\/\/espanola.lt\/wp-content\/uploads\/2023\/03\/notext_color.png\",\"width\":916,\"height\":204,\"caption\":\"Espanola.lt\"},\"image\":{\"@id\":\"https:\/\/espanola.lt\/#\/schema\/logo\/image\/\"},\"sameAs\":[\"https:\/\/www.facebook.com\/espanola.lt\",\"https:\/\/www.instagram.com\/espanola.lt\/\"]}]}<\/script>\n<!-- \/ Yoast SEO plugin. -->","yoast_head_json":{"title":"\u0160okoladinis turronas su pistacij\u0173 \u012fdaru, Dubajaus stiliaus, 170g. | Espanola.lt","description":"Atraskite auk\u0161tos kokyb\u0117s ispani\u0161kus delikatesus \u2013 s\u016brius, kumpius, alyvuoges ir \u017euv\u012f. Tikras Ispanijos skonis tiesiai \u012f j\u016bs\u0173 namus.","robots":{"index":"index","follow":"follow","max-snippet":"max-snippet:-1","max-image-preview":"max-image-preview:large","max-video-preview":"max-video-preview:-1"},"canonical":"https:\/\/espanola.lt\/produktas\/sokoladinis-turronas-su-pistaciju-idaru-dubajaus-stiliaus-170g\/","og_locale":"en_US","og_type":"article","og_title":"\u0160okoladinis turronas su pistacij\u0173 \u012fdaru, Dubajaus stiliaus, 170g. | Espanola.lt","og_description":"Atraskite auk\u0161tos kokyb\u0117s ispani\u0161kus delikatesus \u2013 s\u016brius, kumpius, alyvuoges ir \u017euv\u012f. Tikras Ispanijos skonis tiesiai \u012f j\u016bs\u0173 namus.","og_url":"https:\/\/espanola.lt\/produktas\/sokoladinis-turronas-su-pistaciju-idaru-dubajaus-stiliaus-170g\/","og_site_name":"Espanola","article_publisher":"https:\/\/www.facebook.com\/espanola.lt","article_modified_time":"2025-11-27T08:36:55+00:00","og_image":[{"width":2362,"height":1515,"url":"https:\/\/espanola.lt\/wp-content\/uploads\/2025\/11\/3D-Turron-choco-Dubai.png","type":"image\/png"}],"twitter_card":"summary_large_image","twitter_misc":{"Est. reading time":"1 minute"},"schema":{"@context":"https:\/\/schema.org","@graph":[{"@type":"WebPage","@id":"https:\/\/espanola.lt\/produktas\/sokoladinis-turronas-su-pistaciju-idaru-dubajaus-stiliaus-170g\/","url":"https:\/\/espanola.lt\/produktas\/sokoladinis-turronas-su-pistaciju-idaru-dubajaus-stiliaus-170g\/","name":"\u0160okoladinis turronas su pistacij\u0173 \u012fdaru, Dubajaus stiliaus, 170g. | Espanola.lt","isPartOf":{"@id":"https:\/\/espanola.lt\/#website"},"primaryImageOfPage":{"@id":"https:\/\/espanola.lt\/produktas\/sokoladinis-turronas-su-pistaciju-idaru-dubajaus-stiliaus-170g\/#primaryimage"},"image":{"@id":"https:\/\/espanola.lt\/produktas\/sokoladinis-turronas-su-pistaciju-idaru-dubajaus-stiliaus-170g\/#primaryimage"},"thumbnailUrl":"https:\/\/espanola.lt\/wp-content\/uploads\/2025\/11\/3D-Turron-choco-Dubai.png","datePublished":"2025-11-13T08:56:40+00:00","dateModified":"2025-11-27T08:36:55+00:00","description":"Atraskite auk\u0161tos kokyb\u0117s ispani\u0161kus delikatesus \u2013 s\u016brius, kumpius, alyvuoges ir \u017euv\u012f. Tikras Ispanijos skonis tiesiai \u012f j\u016bs\u0173 namus.","breadcrumb":{"@id":"https:\/\/espanola.lt\/produktas\/sokoladinis-turronas-su-pistaciju-idaru-dubajaus-stiliaus-170g\/#breadcrumb"},"inLanguage":"en-US","potentialAction":[{"@type":"ReadAction","target":["https:\/\/espanola.lt\/produktas\/sokoladinis-turronas-su-pistaciju-idaru-dubajaus-stiliaus-170g\/"]}]},{"@type":"ImageObject","inLanguage":"en-US","@id":"https:\/\/espanola.lt\/produktas\/sokoladinis-turronas-su-pistaciju-idaru-dubajaus-stiliaus-170g\/#primaryimage","url":"https:\/\/espanola.lt\/wp-content\/uploads\/2025\/11\/3D-Turron-choco-Dubai.png","contentUrl":"https:\/\/espanola.lt\/wp-content\/uploads\/2025\/11\/3D-Turron-choco-Dubai.png","width":2362,"height":1515},{"@type":"BreadcrumbList","@id":"https:\/\/espanola.lt\/produktas\/sokoladinis-turronas-su-pistaciju-idaru-dubajaus-stiliaus-170g\/#breadcrumb","itemListElement":[{"@type":"ListItem","position":1,"name":"Home","item":"https:\/\/espanola.lt\/en\/homepage\/"},{"@type":"ListItem","position":2,"name":"Shop","item":"https:\/\/espanola.lt\/en\/shop\/"},{"@type":"ListItem","position":3,"name":"\u0160okoladinis turronas su pistacij\u0173 \u012fdaru, Dubajaus stiliaus, 170g."}]},{"@type":"WebSite","@id":"https:\/\/espanola.lt\/#website","url":"https:\/\/espanola.lt\/","name":"Espanola.lt | Tikras Ispanijos skonis \u2013 J\u016bs\u0173 namuose!","description":"","publisher":{"@id":"https:\/\/espanola.lt\/#organization"},"potentialAction":[{"@type":"SearchAction","target":{"@type":"EntryPoint","urlTemplate":"https:\/\/espanola.lt\/?s={search_term_string}"},"query-input":{"@type":"PropertyValueSpecification","valueRequired":true,"valueName":"search_term_string"}}],"inLanguage":"en-US"},{"@type":"Organization","@id":"https:\/\/espanola.lt\/#organization","name":"Espanola.lt","url":"https:\/\/espanola.lt\/","logo":{"@type":"ImageObject","inLanguage":"en-US","@id":"https:\/\/espanola.lt\/#\/schema\/logo\/image\/","url":"https:\/\/espanola.lt\/wp-content\/uploads\/2023\/03\/notext_color.png","contentUrl":"https:\/\/espanola.lt\/wp-content\/uploads\/2023\/03\/notext_color.png","width":916,"height":204,"caption":"Espanola.lt"},"image":{"@id":"https:\/\/espanola.lt\/#\/schema\/logo\/image\/"},"sameAs":["https:\/\/www.facebook.com\/espanola.lt","https:\/\/www.instagram.com\/espanola.lt\/"]}]}},"_links":{"self":[{"href":"https:\/\/espanola.lt\/en\/wp-json\/wp\/v2\/product\/26316"}],"collection":[{"href":"https:\/\/espanola.lt\/en\/wp-json\/wp\/v2\/product"}],"about":[{"href":"https:\/\/espanola.lt\/en\/wp-json\/wp\/v2\/types\/product"}],"version-history":[{"count":1,"href":"https:\/\/espanola.lt\/en\/wp-json\/wp\/v2\/product\/26316\/revisions"}],"predecessor-version":[{"id":26319,"href":"https:\/\/espanola.lt\/en\/wp-json\/wp\/v2\/product\/26316\/revisions\/26319"}],"wp:featuredmedia":[{"embeddable":true,"href":"https:\/\/espanola.lt\/en\/wp-json\/wp\/v2\/media\/26371"}],"wp:attachment":[{"href":"https:\/\/espanola.lt\/en\/wp-json\/wp\/v2\/media?parent=26316"}],"wp:term":[{"taxonomy":"product_brand","embeddable":true,"href":"https:\/\/espanola.lt\/en\/wp-json\/wp\/v2\/product_brand?post=26316"},{"taxonomy":"product_cat","embeddable":true,"href":"https:\/\/espanola.lt\/en\/wp-json\/wp\/v2\/product_cat?post=26316"},{"taxonomy":"product_tag","embeddable":true,"href":"https:\/\/espanola.lt\/en\/wp-json\/wp\/v2\/product_tag?post=26316"}],"curies":[{"name":"wp","href":"https:\/\/api.w.org\/{rel}","templated":true}]}}