{"id":26311,"date":"2025-11-12T14:09:47","date_gmt":"2025-11-12T14:09:47","guid":{"rendered":"https:\/\/espanola.lt\/?post_type=product&#038;p=26311"},"modified":"2025-12-18T08:28:14","modified_gmt":"2025-12-18T08:28:14","slug":"pienisko-sokolado-saldainiai-su-kreminiu-idaru-150g","status":"publish","type":"product","link":"https:\/\/espanola.lt\/en\/produktas\/pienisko-sokolado-saldainiai-su-kreminiu-idaru-150g\/","title":{"rendered":"Pieni\u0161ko \u0161okolado saldainiai su kreminiu \u012fdaru 150g."},"content":{"rendered":"<h6 class=\"sr-only\">ChatGPT pasak\u0117:<\/h6>\n<div class=\"text-base my-auto mx-auto pb-10 [--thread-content-margin:--spacing(4)] thread-sm:[--thread-content-margin:--spacing(6)] thread-lg:[--thread-content-margin:--spacing(16)] px-(--thread-content-margin)\">\n<div class=\"[--thread-content-max-width:40rem] thread-lg:[--thread-content-max-width:48rem] mx-auto max-w-(--thread-content-max-width) flex-1 group\/turn-messages focus-visible:outline-hidden relative flex w-full min-w-0 flex-col agent-turn\" tabindex=\"-1\">\n<div class=\"flex max-w-full flex-col grow\">\n<div class=\"min-h-8 text-message relative flex w-full flex-col items-end gap-2 text-start break-words whitespace-normal [.text-message+&amp;]:mt-1\" dir=\"auto\" data-message-author-role=\"assistant\" data-message-id=\"53f524d5-1d9f-4a63-b7c5-e24365d7714e\" data-message-model-slug=\"gpt-5\">\n<div class=\"flex w-full flex-col gap-1 empty:hidden first:pt-[1px]\">\n<div class=\"markdown prose dark:prose-invert w-full break-words light markdown-new-styling\">\n<p data-start=\"0\" data-end=\"81\" data-is-last-node=\"\" data-is-only-node=\"\">\u0160okoladiniai rutuliukai, pripildyti pieni\u0161ko \u0161okolado gana\u0161u. Supakuoti atskirai.<\/p>\n<p data-start=\"0\" data-end=\"349\"><strong data-start=\"0\" data-end=\"11\">Sudedamosios dalys<\/strong><br data-start=\"11\" data-end=\"14\" \/>Cukrus, augalinis riebalas (palmi\u0173 branduoli\u0173, palmi\u0173, kokos\u0173 ir \u0161\u0117jaus), nenugriebto pieno milteliai, kakavos sviestas, kakavos mas\u0117, i\u0161r\u016bg\u0173 milteliai, liesa kakava, lazdyn\u0173 rie\u0161ut\u0173 pasta, laktoz\u0117, emulgatoriai: soj\u0173 ir saul\u0117gr\u0105\u017e\u0173 lecitinas, kvapiosios med\u017eiagos.<br data-start=\"293\" data-end=\"296\" \/>Danga: pieni\u0161kas \u0161okoladas (ma\u017eiausiai 35 % kakavos).<\/p>\n<hr data-start=\"351\" data-end=\"354\" \/>\n<p data-start=\"356\" data-end=\"384\"><strong data-start=\"356\" data-end=\"382\">Maistin\u0117 vert\u0117 (100 g)<\/strong><\/p>\n<div class=\"_tableContainer_1rjym_1\">\n<div class=\"group _tableWrapper_1rjym_13 flex w-fit flex-col-reverse\" tabindex=\"-1\">\n<table class=\"w-fit min-w-(--thread-content-width)\" data-start=\"386\" data-end=\"613\">\n<thead data-start=\"386\" data-end=\"409\">\n<tr data-start=\"386\" data-end=\"409\">\n<th data-start=\"386\" data-end=\"397\" data-col-size=\"sm\">Rodiklis<\/th>\n<th data-start=\"397\" data-end=\"409\" data-col-size=\"sm\">Kiekis<\/th>\n<\/tr>\n<\/thead>\n<tbody data-start=\"436\" data-end=\"613\">\n<tr data-start=\"436\" data-end=\"456\">\n<td data-start=\"436\" data-end=\"447\" data-col-size=\"sm\">Baltymai<\/td>\n<td data-col-size=\"sm\" data-start=\"447\" data-end=\"456\">6 g<\/td>\n<\/tr>\n<tr data-start=\"457\" data-end=\"485\">\n<td data-start=\"457\" data-end=\"475\" data-col-size=\"sm\">Angliavandeniai<\/td>\n<td data-col-size=\"sm\" data-start=\"475\" data-end=\"485\">53 g<\/td>\n<\/tr>\n<tr data-start=\"486\" data-end=\"510\">\n<td data-start=\"486\" data-end=\"500\" data-col-size=\"sm\">I\u0161 j\u0173 cukr\u0173<\/td>\n<td data-col-size=\"sm\" data-start=\"500\" data-end=\"510\">44 g<\/td>\n<\/tr>\n<tr data-start=\"511\" data-end=\"542\">\n<td data-start=\"511\" data-end=\"533\" data-col-size=\"sm\">Maistin\u0117s skaidulos<\/td>\n<td data-col-size=\"sm\" data-start=\"533\" data-end=\"542\">2 g<\/td>\n<\/tr>\n<tr data-start=\"543\" data-end=\"572\">\n<td data-start=\"543\" data-end=\"562\" data-col-size=\"sm\">Riebalai i\u0161 viso<\/td>\n<td data-col-size=\"sm\" data-start=\"562\" data-end=\"572\">36 g<\/td>\n<\/tr>\n<tr data-start=\"573\" data-end=\"613\">\n<td data-start=\"573\" data-end=\"605\" data-col-size=\"sm\">I\u0161 j\u0173 so\u010di\u0173j\u0173 riebal\u0173 r\u016bg\u0161\u010di\u0173<\/td>\n<td data-col-size=\"sm\" data-start=\"605\" data-end=\"613\">23 g<\/td>\n<\/tr>\n<\/tbody>\n<\/table>\n<\/div>\n<\/div>\n<hr data-start=\"615\" data-end=\"618\" \/>\n<p data-start=\"620\" data-end=\"757\"><strong data-start=\"620\" data-end=\"633\">Alergenai<\/strong><br data-start=\"633\" data-end=\"636\" \/>Sud\u0117tyje yra rie\u0161ut\u0173: lazdyn\u0173 rie\u0161utai, soj\u0173 lecitinas, pienas ir jo dariniai.<br data-start=\"714\" data-end=\"717\" \/>Gali b\u016bti kit\u0173 rie\u0161ut\u0173, glitimo p\u0117dsak\u0173.<\/p>\n<hr data-start=\"759\" data-end=\"762\" \/>\n<p data-start=\"764\" data-end=\"812\" data-is-last-node=\"\" data-is-only-node=\"\"><strong data-start=\"764\" data-end=\"776\">Laikymas<\/strong><br data-start=\"776\" data-end=\"779\" \/>Laikyti v\u0117sioje, sausoje vietoje.<\/p>\n<\/div>\n<\/div>\n<\/div>\n<\/div>\n<\/div>\n<\/div>\n","protected":false},"excerpt":{"rendered":"<p>ChatGPT pasak\u0117: \u0160okoladiniai rutuliukai, pripildyti pieni\u0161ko \u0161okolado gana\u0161u. Supakuoti atskirai. Sudedamosios dalysCukrus, augalinis riebalas (palmi\u0173 branduoli\u0173, palmi\u0173, kokos\u0173 ir \u0161\u0117jaus), nenugriebto pieno milteliai, kakavos sviestas, kakavos mas\u0117, i\u0161r\u016bg\u0173 milteliai, liesa kakava, lazdyn\u0173 rie\u0161ut\u0173 pasta, laktoz\u0117, emulgatoriai: soj\u0173 ir saul\u0117gr\u0105\u017e\u0173 lecitinas, kvapiosios med\u017eiagos.Danga: pieni\u0161kas \u0161okoladas (ma\u017eiausiai 35 % kakavos). Maistin\u0117 vert\u0117 (100 g) Rodiklis Kiekis Baltymai 6 g Angliavandeniai 53 g I\u0161 j\u0173 cukr\u0173 44 g Maistin\u0117s skaidulos 2 g Riebalai i\u0161 viso 36 g I\u0161 j\u0173 so\u010di\u0173j\u0173 riebal\u0173 r\u016bg\u0161\u010di\u0173 23 g AlergenaiSud\u0117tyje yra rie\u0161ut\u0173: lazdyn\u0173 rie\u0161utai, soj\u0173 lecitinas, pienas ir jo dariniai.Gali b\u016bti kit\u0173 rie\u0161ut\u0173, glitimo p\u0117dsak\u0173. LaikymasLaikyti v\u0117sioje, sausoje vietoje.<\/p>\n","protected":false},"featured_media":26363,"template":"","meta":[],"product_brand":[],"product_cat":[116,131],"product_tag":[],"class_list":{"0":"post-26311","1":"product","2":"type-product","3":"status-publish","4":"has-post-thumbnail","6":"product_cat-mazmenine-2","7":"product_cat-saldumynai","9":"first","10":"outofstock","11":"shipping-taxable","12":"purchasable","13":"product-type-simple"},"yoast_head":"<!-- This site is optimized with the Yoast SEO plugin v23.7 - https:\/\/yoast.com\/wordpress\/plugins\/seo\/ -->\n<title>Pieni\u0161ko \u0161okolado saldainiai su kreminiu \u012fdaru 150g. | Espanola.lt<\/title>\n<meta name=\"description\" content=\"Atraskite auk\u0161tos kokyb\u0117s ispani\u0161kus delikatesus \u2013 s\u016brius, kumpius, alyvuoges ir \u017euv\u012f. Tikras Ispanijos skonis tiesiai \u012f j\u016bs\u0173 namus.\" \/>\n<meta name=\"robots\" content=\"index, follow, max-snippet:-1, max-image-preview:large, max-video-preview:-1\" \/>\n<link rel=\"canonical\" href=\"https:\/\/espanola.lt\/produktas\/pienisko-sokolado-saldainiai-su-kreminiu-idaru-150g\/\" \/>\n<meta property=\"og:locale\" content=\"en_US\" \/>\n<meta property=\"og:type\" content=\"article\" \/>\n<meta property=\"og:title\" content=\"Pieni\u0161ko \u0161okolado saldainiai su kreminiu \u012fdaru 150g. | Espanola.lt\" \/>\n<meta property=\"og:description\" content=\"Atraskite auk\u0161tos kokyb\u0117s ispani\u0161kus delikatesus \u2013 s\u016brius, kumpius, alyvuoges ir \u017euv\u012f. Tikras Ispanijos skonis tiesiai \u012f j\u016bs\u0173 namus.\" \/>\n<meta property=\"og:url\" content=\"https:\/\/espanola.lt\/produktas\/pienisko-sokolado-saldainiai-su-kreminiu-idaru-150g\/\" \/>\n<meta property=\"og:site_name\" content=\"Espanola\" \/>\n<meta property=\"article:publisher\" content=\"https:\/\/www.facebook.com\/espanola.lt\" \/>\n<meta property=\"article:modified_time\" content=\"2025-12-18T08:28:14+00:00\" \/>\n<meta property=\"og:image\" content=\"https:\/\/espanola.lt\/wp-content\/uploads\/2025\/11\/70726-70770-MILK-CHOCOLATE-BONBONS-150G.png\" \/>\n\t<meta property=\"og:image:width\" content=\"1254\" \/>\n\t<meta property=\"og:image:height\" content=\"1353\" \/>\n\t<meta property=\"og:image:type\" content=\"image\/png\" \/>\n<meta name=\"twitter:card\" content=\"summary_large_image\" \/>\n<meta name=\"twitter:label1\" content=\"Est. reading time\" \/>\n\t<meta name=\"twitter:data1\" content=\"1 minute\" \/>\n<script type=\"application\/ld+json\" class=\"yoast-schema-graph\">{\"@context\":\"https:\/\/schema.org\",\"@graph\":[{\"@type\":\"WebPage\",\"@id\":\"https:\/\/espanola.lt\/produktas\/pienisko-sokolado-saldainiai-su-kreminiu-idaru-150g\/\",\"url\":\"https:\/\/espanola.lt\/produktas\/pienisko-sokolado-saldainiai-su-kreminiu-idaru-150g\/\",\"name\":\"Pieni\u0161ko \u0161okolado saldainiai su kreminiu \u012fdaru 150g. | Espanola.lt\",\"isPartOf\":{\"@id\":\"https:\/\/espanola.lt\/#website\"},\"primaryImageOfPage\":{\"@id\":\"https:\/\/espanola.lt\/produktas\/pienisko-sokolado-saldainiai-su-kreminiu-idaru-150g\/#primaryimage\"},\"image\":{\"@id\":\"https:\/\/espanola.lt\/produktas\/pienisko-sokolado-saldainiai-su-kreminiu-idaru-150g\/#primaryimage\"},\"thumbnailUrl\":\"https:\/\/espanola.lt\/wp-content\/uploads\/2025\/11\/70726-70770-MILK-CHOCOLATE-BONBONS-150G.png\",\"datePublished\":\"2025-11-12T14:09:47+00:00\",\"dateModified\":\"2025-12-18T08:28:14+00:00\",\"description\":\"Atraskite auk\u0161tos kokyb\u0117s ispani\u0161kus delikatesus \u2013 s\u016brius, kumpius, alyvuoges ir \u017euv\u012f. Tikras Ispanijos skonis tiesiai \u012f j\u016bs\u0173 namus.\",\"breadcrumb\":{\"@id\":\"https:\/\/espanola.lt\/produktas\/pienisko-sokolado-saldainiai-su-kreminiu-idaru-150g\/#breadcrumb\"},\"inLanguage\":\"en-US\",\"potentialAction\":[{\"@type\":\"ReadAction\",\"target\":[\"https:\/\/espanola.lt\/produktas\/pienisko-sokolado-saldainiai-su-kreminiu-idaru-150g\/\"]}]},{\"@type\":\"ImageObject\",\"inLanguage\":\"en-US\",\"@id\":\"https:\/\/espanola.lt\/produktas\/pienisko-sokolado-saldainiai-su-kreminiu-idaru-150g\/#primaryimage\",\"url\":\"https:\/\/espanola.lt\/wp-content\/uploads\/2025\/11\/70726-70770-MILK-CHOCOLATE-BONBONS-150G.png\",\"contentUrl\":\"https:\/\/espanola.lt\/wp-content\/uploads\/2025\/11\/70726-70770-MILK-CHOCOLATE-BONBONS-150G.png\",\"width\":1254,\"height\":1353},{\"@type\":\"BreadcrumbList\",\"@id\":\"https:\/\/espanola.lt\/produktas\/pienisko-sokolado-saldainiai-su-kreminiu-idaru-150g\/#breadcrumb\",\"itemListElement\":[{\"@type\":\"ListItem\",\"position\":1,\"name\":\"Home\",\"item\":\"https:\/\/espanola.lt\/en\/homepage\/\"},{\"@type\":\"ListItem\",\"position\":2,\"name\":\"Shop\",\"item\":\"https:\/\/espanola.lt\/en\/shop\/\"},{\"@type\":\"ListItem\",\"position\":3,\"name\":\"Pieni\u0161ko \u0161okolado saldainiai su kreminiu \u012fdaru 150g.\"}]},{\"@type\":\"WebSite\",\"@id\":\"https:\/\/espanola.lt\/#website\",\"url\":\"https:\/\/espanola.lt\/\",\"name\":\"Espanola.lt | Tikras Ispanijos skonis \u2013 J\u016bs\u0173 namuose!\",\"description\":\"\",\"publisher\":{\"@id\":\"https:\/\/espanola.lt\/#organization\"},\"potentialAction\":[{\"@type\":\"SearchAction\",\"target\":{\"@type\":\"EntryPoint\",\"urlTemplate\":\"https:\/\/espanola.lt\/?s={search_term_string}\"},\"query-input\":{\"@type\":\"PropertyValueSpecification\",\"valueRequired\":true,\"valueName\":\"search_term_string\"}}],\"inLanguage\":\"en-US\"},{\"@type\":\"Organization\",\"@id\":\"https:\/\/espanola.lt\/#organization\",\"name\":\"Espanola.lt\",\"url\":\"https:\/\/espanola.lt\/\",\"logo\":{\"@type\":\"ImageObject\",\"inLanguage\":\"en-US\",\"@id\":\"https:\/\/espanola.lt\/#\/schema\/logo\/image\/\",\"url\":\"https:\/\/espanola.lt\/wp-content\/uploads\/2023\/03\/notext_color.png\",\"contentUrl\":\"https:\/\/espanola.lt\/wp-content\/uploads\/2023\/03\/notext_color.png\",\"width\":916,\"height\":204,\"caption\":\"Espanola.lt\"},\"image\":{\"@id\":\"https:\/\/espanola.lt\/#\/schema\/logo\/image\/\"},\"sameAs\":[\"https:\/\/www.facebook.com\/espanola.lt\",\"https:\/\/www.instagram.com\/espanola.lt\/\"]}]}<\/script>\n<!-- \/ Yoast SEO plugin. -->","yoast_head_json":{"title":"Pieni\u0161ko \u0161okolado saldainiai su kreminiu \u012fdaru 150g. | Espanola.lt","description":"Atraskite auk\u0161tos kokyb\u0117s ispani\u0161kus delikatesus \u2013 s\u016brius, kumpius, alyvuoges ir \u017euv\u012f. Tikras Ispanijos skonis tiesiai \u012f j\u016bs\u0173 namus.","robots":{"index":"index","follow":"follow","max-snippet":"max-snippet:-1","max-image-preview":"max-image-preview:large","max-video-preview":"max-video-preview:-1"},"canonical":"https:\/\/espanola.lt\/produktas\/pienisko-sokolado-saldainiai-su-kreminiu-idaru-150g\/","og_locale":"en_US","og_type":"article","og_title":"Pieni\u0161ko \u0161okolado saldainiai su kreminiu \u012fdaru 150g. | Espanola.lt","og_description":"Atraskite auk\u0161tos kokyb\u0117s ispani\u0161kus delikatesus \u2013 s\u016brius, kumpius, alyvuoges ir \u017euv\u012f. Tikras Ispanijos skonis tiesiai \u012f j\u016bs\u0173 namus.","og_url":"https:\/\/espanola.lt\/produktas\/pienisko-sokolado-saldainiai-su-kreminiu-idaru-150g\/","og_site_name":"Espanola","article_publisher":"https:\/\/www.facebook.com\/espanola.lt","article_modified_time":"2025-12-18T08:28:14+00:00","og_image":[{"width":1254,"height":1353,"url":"https:\/\/espanola.lt\/wp-content\/uploads\/2025\/11\/70726-70770-MILK-CHOCOLATE-BONBONS-150G.png","type":"image\/png"}],"twitter_card":"summary_large_image","twitter_misc":{"Est. reading time":"1 minute"},"schema":{"@context":"https:\/\/schema.org","@graph":[{"@type":"WebPage","@id":"https:\/\/espanola.lt\/produktas\/pienisko-sokolado-saldainiai-su-kreminiu-idaru-150g\/","url":"https:\/\/espanola.lt\/produktas\/pienisko-sokolado-saldainiai-su-kreminiu-idaru-150g\/","name":"Pieni\u0161ko \u0161okolado saldainiai su kreminiu \u012fdaru 150g. | Espanola.lt","isPartOf":{"@id":"https:\/\/espanola.lt\/#website"},"primaryImageOfPage":{"@id":"https:\/\/espanola.lt\/produktas\/pienisko-sokolado-saldainiai-su-kreminiu-idaru-150g\/#primaryimage"},"image":{"@id":"https:\/\/espanola.lt\/produktas\/pienisko-sokolado-saldainiai-su-kreminiu-idaru-150g\/#primaryimage"},"thumbnailUrl":"https:\/\/espanola.lt\/wp-content\/uploads\/2025\/11\/70726-70770-MILK-CHOCOLATE-BONBONS-150G.png","datePublished":"2025-11-12T14:09:47+00:00","dateModified":"2025-12-18T08:28:14+00:00","description":"Atraskite auk\u0161tos kokyb\u0117s ispani\u0161kus delikatesus \u2013 s\u016brius, kumpius, alyvuoges ir \u017euv\u012f. Tikras Ispanijos skonis tiesiai \u012f j\u016bs\u0173 namus.","breadcrumb":{"@id":"https:\/\/espanola.lt\/produktas\/pienisko-sokolado-saldainiai-su-kreminiu-idaru-150g\/#breadcrumb"},"inLanguage":"en-US","potentialAction":[{"@type":"ReadAction","target":["https:\/\/espanola.lt\/produktas\/pienisko-sokolado-saldainiai-su-kreminiu-idaru-150g\/"]}]},{"@type":"ImageObject","inLanguage":"en-US","@id":"https:\/\/espanola.lt\/produktas\/pienisko-sokolado-saldainiai-su-kreminiu-idaru-150g\/#primaryimage","url":"https:\/\/espanola.lt\/wp-content\/uploads\/2025\/11\/70726-70770-MILK-CHOCOLATE-BONBONS-150G.png","contentUrl":"https:\/\/espanola.lt\/wp-content\/uploads\/2025\/11\/70726-70770-MILK-CHOCOLATE-BONBONS-150G.png","width":1254,"height":1353},{"@type":"BreadcrumbList","@id":"https:\/\/espanola.lt\/produktas\/pienisko-sokolado-saldainiai-su-kreminiu-idaru-150g\/#breadcrumb","itemListElement":[{"@type":"ListItem","position":1,"name":"Home","item":"https:\/\/espanola.lt\/en\/homepage\/"},{"@type":"ListItem","position":2,"name":"Shop","item":"https:\/\/espanola.lt\/en\/shop\/"},{"@type":"ListItem","position":3,"name":"Pieni\u0161ko \u0161okolado saldainiai su kreminiu \u012fdaru 150g."}]},{"@type":"WebSite","@id":"https:\/\/espanola.lt\/#website","url":"https:\/\/espanola.lt\/","name":"Espanola.lt | Tikras Ispanijos skonis \u2013 J\u016bs\u0173 namuose!","description":"","publisher":{"@id":"https:\/\/espanola.lt\/#organization"},"potentialAction":[{"@type":"SearchAction","target":{"@type":"EntryPoint","urlTemplate":"https:\/\/espanola.lt\/?s={search_term_string}"},"query-input":{"@type":"PropertyValueSpecification","valueRequired":true,"valueName":"search_term_string"}}],"inLanguage":"en-US"},{"@type":"Organization","@id":"https:\/\/espanola.lt\/#organization","name":"Espanola.lt","url":"https:\/\/espanola.lt\/","logo":{"@type":"ImageObject","inLanguage":"en-US","@id":"https:\/\/espanola.lt\/#\/schema\/logo\/image\/","url":"https:\/\/espanola.lt\/wp-content\/uploads\/2023\/03\/notext_color.png","contentUrl":"https:\/\/espanola.lt\/wp-content\/uploads\/2023\/03\/notext_color.png","width":916,"height":204,"caption":"Espanola.lt"},"image":{"@id":"https:\/\/espanola.lt\/#\/schema\/logo\/image\/"},"sameAs":["https:\/\/www.facebook.com\/espanola.lt","https:\/\/www.instagram.com\/espanola.lt\/"]}]}},"_links":{"self":[{"href":"https:\/\/espanola.lt\/en\/wp-json\/wp\/v2\/product\/26311"}],"collection":[{"href":"https:\/\/espanola.lt\/en\/wp-json\/wp\/v2\/product"}],"about":[{"href":"https:\/\/espanola.lt\/en\/wp-json\/wp\/v2\/types\/product"}],"version-history":[{"count":1,"href":"https:\/\/espanola.lt\/en\/wp-json\/wp\/v2\/product\/26311\/revisions"}],"predecessor-version":[{"id":26314,"href":"https:\/\/espanola.lt\/en\/wp-json\/wp\/v2\/product\/26311\/revisions\/26314"}],"wp:featuredmedia":[{"embeddable":true,"href":"https:\/\/espanola.lt\/en\/wp-json\/wp\/v2\/media\/26363"}],"wp:attachment":[{"href":"https:\/\/espanola.lt\/en\/wp-json\/wp\/v2\/media?parent=26311"}],"wp:term":[{"taxonomy":"product_brand","embeddable":true,"href":"https:\/\/espanola.lt\/en\/wp-json\/wp\/v2\/product_brand?post=26311"},{"taxonomy":"product_cat","embeddable":true,"href":"https:\/\/espanola.lt\/en\/wp-json\/wp\/v2\/product_cat?post=26311"},{"taxonomy":"product_tag","embeddable":true,"href":"https:\/\/espanola.lt\/en\/wp-json\/wp\/v2\/product_tag?post=26311"}],"curies":[{"name":"wp","href":"https:\/\/api.w.org\/{rel}","templated":true}]}}