{"id":26297,"date":"2025-11-12T13:45:41","date_gmt":"2025-11-12T13:45:41","guid":{"rendered":"https:\/\/espanola.lt\/?post_type=product&#038;p=26297"},"modified":"2025-12-22T21:02:59","modified_gmt":"2025-12-22T21:02:59","slug":"sokoladinis-panetonas-750g","status":"publish","type":"product","link":"https:\/\/espanola.lt\/en\/produktas\/sokoladinis-panetonas-750g\/","title":{"rendered":"Panettone pyragas su \u0161okolado gabaliukais 750g."},"content":{"rendered":"<p>Mink\u0161tas, purios tekst\u016bros ir nepaprastai skanus. Su \u0161okolado gabal\u0117liais viduje, pagamintas pagal tradicin\u012f itali\u0161k\u0105 recept\u0105, naudojant nat\u016bral\u0173 raug\u0105 ir 100 % sviest\u0105.<\/p>\n<p>L\u0117tai keptas.<\/p>\n<p data-start=\"0\" data-end=\"403\"><strong data-start=\"0\" data-end=\"11\">Sudedamosios dalys<\/strong><br data-start=\"11\" data-end=\"14\" \/>Kvietiniai miltai, \u0161okoladas 21 % (cukrus, kakavos mas\u0117, kakavos sviestas, emulsiklis: soj\u0173 lecitinas, nat\u016bralus vanil\u0117s aromatas), sviestas, cukrus, \u0161vie\u017eias kiau\u0161inio trynys, nat\u016bralus raugas 8 % (kvietiniai miltai, vanduo), emulsiklis: riebal\u0173 r\u016bg\u0161\u010di\u0173 mono- ir digliceridai (augalin\u0117s kilm\u0117s), invertinis cukrus, \u0161vie\u017eias pasterizuotas nenugriebtas pienas, druska, nat\u016bral\u016bs aromatai.<\/p>\n<p data-start=\"405\" data-end=\"444\"><strong data-start=\"405\" data-end=\"423\">Maistin\u0117 vert\u0117<\/strong><br data-start=\"423\" data-end=\"426\" \/>(100 g produkto)<\/p>\n<div class=\"_tableContainer_1rjym_1\">\n<div class=\"group _tableWrapper_1rjym_13 flex w-fit flex-col-reverse\">\n<table class=\"w-fit min-w-(--thread-content-width)\" data-start=\"446\" data-end=\"658\">\n<thead data-start=\"446\" data-end=\"467\">\n<tr data-start=\"446\" data-end=\"467\">\n<th data-start=\"446\" data-end=\"457\" data-col-size=\"sm\">Rodiklis<\/th>\n<th data-start=\"457\" data-end=\"467\" data-col-size=\"sm\">Kiekis<\/th>\n<\/tr>\n<\/thead>\n<tbody data-start=\"491\" data-end=\"658\">\n<tr data-start=\"491\" data-end=\"509\">\n<td data-start=\"491\" data-end=\"502\" data-col-size=\"sm\">Baltymai<\/td>\n<td data-start=\"502\" data-end=\"509\" data-col-size=\"sm\">7 g<\/td>\n<\/tr>\n<tr data-start=\"510\" data-end=\"536\">\n<td data-start=\"510\" data-end=\"528\" data-col-size=\"sm\">Angliavandeniai<\/td>\n<td data-col-size=\"sm\" data-start=\"528\" data-end=\"536\">47 g<\/td>\n<\/tr>\n<tr data-start=\"537\" data-end=\"559\">\n<td data-start=\"537\" data-end=\"551\" data-col-size=\"sm\">I\u0161 j\u0173 cukr\u0173<\/td>\n<td data-col-size=\"sm\" data-start=\"551\" data-end=\"559\">20 g<\/td>\n<\/tr>\n<tr data-start=\"560\" data-end=\"589\">\n<td data-start=\"560\" data-end=\"582\" data-col-size=\"sm\">Maistin\u0117s skaidulos<\/td>\n<td data-col-size=\"sm\" data-start=\"582\" data-end=\"589\">3 g<\/td>\n<\/tr>\n<tr data-start=\"590\" data-end=\"617\">\n<td data-start=\"590\" data-end=\"609\" data-col-size=\"sm\">Riebalai i\u0161 viso<\/td>\n<td data-col-size=\"sm\" data-start=\"609\" data-end=\"617\">21 g<\/td>\n<\/tr>\n<tr data-start=\"618\" data-end=\"658\">\n<td data-start=\"618\" data-end=\"650\" data-col-size=\"sm\">I\u0161 j\u0173 so\u010di\u0173j\u0173 riebal\u0173 r\u016bg\u0161\u010di\u0173<\/td>\n<td data-col-size=\"sm\" data-start=\"650\" data-end=\"658\">14 g<\/td>\n<\/tr>\n<\/tbody>\n<\/table>\n<\/div>\n<\/div>\n<p data-start=\"660\" data-end=\"704\"><strong data-start=\"660\" data-end=\"673\">Alergenai<\/strong><br data-start=\"673\" data-end=\"676\" \/>Gali b\u016bti rie\u0161ut\u0173 p\u0117dsak\u0173.<\/p>\n<p data-start=\"706\" data-end=\"754\" data-is-last-node=\"\" data-is-only-node=\"\"><strong data-start=\"706\" data-end=\"718\">Laikymas<\/strong><br data-start=\"718\" data-end=\"721\" \/>Laikyti v\u0117sioje, sausoje vietoje.<\/p>\n<p>&nbsp;<\/p>\n","protected":false},"excerpt":{"rendered":"<p>Mink\u0161tas, purios tekst\u016bros ir nepaprastai skanus. Su \u0161okolado gabal\u0117liais viduje, pagamintas pagal tradicin\u012f itali\u0161k\u0105 recept\u0105, naudojant nat\u016bral\u0173 raug\u0105 ir 100 % sviest\u0105. L\u0117tai keptas. Sudedamosios dalysKvietiniai miltai, \u0161okoladas 21 % (cukrus, kakavos mas\u0117, kakavos sviestas, emulsiklis: soj\u0173 lecitinas, nat\u016bralus vanil\u0117s aromatas), sviestas, cukrus, \u0161vie\u017eias kiau\u0161inio trynys, nat\u016bralus raugas 8 % (kvietiniai miltai, vanduo), emulsiklis: riebal\u0173 r\u016bg\u0161\u010di\u0173 mono- ir digliceridai (augalin\u0117s kilm\u0117s), invertinis cukrus, \u0161vie\u017eias pasterizuotas nenugriebtas pienas, druska, nat\u016bral\u016bs aromatai. Maistin\u0117 vert\u0117(100 g produkto) Rodiklis Kiekis Baltymai 7 g Angliavandeniai 47 g I\u0161 j\u0173 cukr\u0173 20 g Maistin\u0117s skaidulos 3 g Riebalai i\u0161 viso 21 g I\u0161 j\u0173 so\u010di\u0173j\u0173 riebal\u0173 r\u016bg\u0161\u010di\u0173 14 g AlergenaiGali b\u016bti rie\u0161ut\u0173 p\u0117dsak\u0173. LaikymasLaikyti v\u0117sioje, sausoje vietoje. &nbsp;<\/p>\n","protected":false},"featured_media":26361,"template":"","meta":[],"product_brand":[],"product_cat":[116,138,131],"product_tag":[],"class_list":{"0":"post-26297","1":"product","2":"type-product","3":"status-publish","4":"has-post-thumbnail","6":"product_cat-mazmenine-2","7":"product_cat-dovanu-rinkiniai-2","8":"product_cat-saldumynai","10":"first","11":"outofstock","12":"shipping-taxable","13":"purchasable","14":"product-type-simple"},"yoast_head":"<!-- This site is optimized with the Yoast SEO plugin v23.7 - https:\/\/yoast.com\/wordpress\/plugins\/seo\/ -->\n<title>Panettone pyragas su \u0161okolado gabaliukais 750g. | Espanola.lt<\/title>\n<meta name=\"description\" content=\"Atraskite auk\u0161tos kokyb\u0117s ispani\u0161kus delikatesus \u2013 s\u016brius, kumpius, alyvuoges ir \u017euv\u012f. Tikras Ispanijos skonis tiesiai \u012f j\u016bs\u0173 namus.\" \/>\n<meta name=\"robots\" content=\"index, follow, max-snippet:-1, max-image-preview:large, max-video-preview:-1\" \/>\n<link rel=\"canonical\" href=\"https:\/\/espanola.lt\/produktas\/sokoladinis-panetonas-750g\/\" \/>\n<meta property=\"og:locale\" content=\"en_US\" \/>\n<meta property=\"og:type\" content=\"article\" \/>\n<meta property=\"og:title\" content=\"Panettone pyragas su \u0161okolado gabaliukais 750g. | Espanola.lt\" \/>\n<meta property=\"og:description\" content=\"Atraskite auk\u0161tos kokyb\u0117s ispani\u0161kus delikatesus \u2013 s\u016brius, kumpius, alyvuoges ir \u017euv\u012f. Tikras Ispanijos skonis tiesiai \u012f j\u016bs\u0173 namus.\" \/>\n<meta property=\"og:url\" content=\"https:\/\/espanola.lt\/produktas\/sokoladinis-panetonas-750g\/\" \/>\n<meta property=\"og:site_name\" content=\"Espanola\" \/>\n<meta property=\"article:publisher\" content=\"https:\/\/www.facebook.com\/espanola.lt\" \/>\n<meta property=\"article:modified_time\" content=\"2025-12-22T21:02:59+00:00\" \/>\n<meta property=\"og:image\" content=\"https:\/\/espanola.lt\/wp-content\/uploads\/2025\/11\/70446-PANETTONE-WITH-CHOCOLATE-750G-1024x1024.png\" \/>\n\t<meta property=\"og:image:width\" content=\"1024\" \/>\n\t<meta property=\"og:image:height\" content=\"1024\" \/>\n\t<meta property=\"og:image:type\" content=\"image\/png\" \/>\n<meta name=\"twitter:card\" content=\"summary_large_image\" \/>\n<meta name=\"twitter:label1\" content=\"Est. reading time\" \/>\n\t<meta name=\"twitter:data1\" content=\"1 minute\" \/>\n<script type=\"application\/ld+json\" class=\"yoast-schema-graph\">{\"@context\":\"https:\/\/schema.org\",\"@graph\":[{\"@type\":\"WebPage\",\"@id\":\"https:\/\/espanola.lt\/produktas\/sokoladinis-panetonas-750g\/\",\"url\":\"https:\/\/espanola.lt\/produktas\/sokoladinis-panetonas-750g\/\",\"name\":\"Panettone pyragas su \u0161okolado gabaliukais 750g. | Espanola.lt\",\"isPartOf\":{\"@id\":\"https:\/\/espanola.lt\/#website\"},\"primaryImageOfPage\":{\"@id\":\"https:\/\/espanola.lt\/produktas\/sokoladinis-panetonas-750g\/#primaryimage\"},\"image\":{\"@id\":\"https:\/\/espanola.lt\/produktas\/sokoladinis-panetonas-750g\/#primaryimage\"},\"thumbnailUrl\":\"https:\/\/espanola.lt\/wp-content\/uploads\/2025\/11\/70446-PANETTONE-WITH-CHOCOLATE-750G.png\",\"datePublished\":\"2025-11-12T13:45:41+00:00\",\"dateModified\":\"2025-12-22T21:02:59+00:00\",\"description\":\"Atraskite auk\u0161tos kokyb\u0117s ispani\u0161kus delikatesus \u2013 s\u016brius, kumpius, alyvuoges ir \u017euv\u012f. Tikras Ispanijos skonis tiesiai \u012f j\u016bs\u0173 namus.\",\"breadcrumb\":{\"@id\":\"https:\/\/espanola.lt\/produktas\/sokoladinis-panetonas-750g\/#breadcrumb\"},\"inLanguage\":\"en-US\",\"potentialAction\":[{\"@type\":\"ReadAction\",\"target\":[\"https:\/\/espanola.lt\/produktas\/sokoladinis-panetonas-750g\/\"]}]},{\"@type\":\"ImageObject\",\"inLanguage\":\"en-US\",\"@id\":\"https:\/\/espanola.lt\/produktas\/sokoladinis-panetonas-750g\/#primaryimage\",\"url\":\"https:\/\/espanola.lt\/wp-content\/uploads\/2025\/11\/70446-PANETTONE-WITH-CHOCOLATE-750G.png\",\"contentUrl\":\"https:\/\/espanola.lt\/wp-content\/uploads\/2025\/11\/70446-PANETTONE-WITH-CHOCOLATE-750G.png\",\"width\":4800,\"height\":4800},{\"@type\":\"BreadcrumbList\",\"@id\":\"https:\/\/espanola.lt\/produktas\/sokoladinis-panetonas-750g\/#breadcrumb\",\"itemListElement\":[{\"@type\":\"ListItem\",\"position\":1,\"name\":\"Home\",\"item\":\"https:\/\/espanola.lt\/en\/homepage\/\"},{\"@type\":\"ListItem\",\"position\":2,\"name\":\"Shop\",\"item\":\"https:\/\/espanola.lt\/en\/shop\/\"},{\"@type\":\"ListItem\",\"position\":3,\"name\":\"Panettone pyragas su \u0161okolado gabaliukais 750g.\"}]},{\"@type\":\"WebSite\",\"@id\":\"https:\/\/espanola.lt\/#website\",\"url\":\"https:\/\/espanola.lt\/\",\"name\":\"Espanola.lt | Tikras Ispanijos skonis \u2013 J\u016bs\u0173 namuose!\",\"description\":\"\",\"publisher\":{\"@id\":\"https:\/\/espanola.lt\/#organization\"},\"potentialAction\":[{\"@type\":\"SearchAction\",\"target\":{\"@type\":\"EntryPoint\",\"urlTemplate\":\"https:\/\/espanola.lt\/?s={search_term_string}\"},\"query-input\":{\"@type\":\"PropertyValueSpecification\",\"valueRequired\":true,\"valueName\":\"search_term_string\"}}],\"inLanguage\":\"en-US\"},{\"@type\":\"Organization\",\"@id\":\"https:\/\/espanola.lt\/#organization\",\"name\":\"Espanola.lt\",\"url\":\"https:\/\/espanola.lt\/\",\"logo\":{\"@type\":\"ImageObject\",\"inLanguage\":\"en-US\",\"@id\":\"https:\/\/espanola.lt\/#\/schema\/logo\/image\/\",\"url\":\"https:\/\/espanola.lt\/wp-content\/uploads\/2023\/03\/notext_color.png\",\"contentUrl\":\"https:\/\/espanola.lt\/wp-content\/uploads\/2023\/03\/notext_color.png\",\"width\":916,\"height\":204,\"caption\":\"Espanola.lt\"},\"image\":{\"@id\":\"https:\/\/espanola.lt\/#\/schema\/logo\/image\/\"},\"sameAs\":[\"https:\/\/www.facebook.com\/espanola.lt\",\"https:\/\/www.instagram.com\/espanola.lt\/\"]}]}<\/script>\n<!-- \/ Yoast SEO plugin. -->","yoast_head_json":{"title":"Panettone pyragas su \u0161okolado gabaliukais 750g. | Espanola.lt","description":"Atraskite auk\u0161tos kokyb\u0117s ispani\u0161kus delikatesus \u2013 s\u016brius, kumpius, alyvuoges ir \u017euv\u012f. Tikras Ispanijos skonis tiesiai \u012f j\u016bs\u0173 namus.","robots":{"index":"index","follow":"follow","max-snippet":"max-snippet:-1","max-image-preview":"max-image-preview:large","max-video-preview":"max-video-preview:-1"},"canonical":"https:\/\/espanola.lt\/produktas\/sokoladinis-panetonas-750g\/","og_locale":"en_US","og_type":"article","og_title":"Panettone pyragas su \u0161okolado gabaliukais 750g. | Espanola.lt","og_description":"Atraskite auk\u0161tos kokyb\u0117s ispani\u0161kus delikatesus \u2013 s\u016brius, kumpius, alyvuoges ir \u017euv\u012f. Tikras Ispanijos skonis tiesiai \u012f j\u016bs\u0173 namus.","og_url":"https:\/\/espanola.lt\/produktas\/sokoladinis-panetonas-750g\/","og_site_name":"Espanola","article_publisher":"https:\/\/www.facebook.com\/espanola.lt","article_modified_time":"2025-12-22T21:02:59+00:00","og_image":[{"width":1024,"height":1024,"url":"https:\/\/espanola.lt\/wp-content\/uploads\/2025\/11\/70446-PANETTONE-WITH-CHOCOLATE-750G-1024x1024.png","type":"image\/png"}],"twitter_card":"summary_large_image","twitter_misc":{"Est. reading time":"1 minute"},"schema":{"@context":"https:\/\/schema.org","@graph":[{"@type":"WebPage","@id":"https:\/\/espanola.lt\/produktas\/sokoladinis-panetonas-750g\/","url":"https:\/\/espanola.lt\/produktas\/sokoladinis-panetonas-750g\/","name":"Panettone pyragas su \u0161okolado gabaliukais 750g. | Espanola.lt","isPartOf":{"@id":"https:\/\/espanola.lt\/#website"},"primaryImageOfPage":{"@id":"https:\/\/espanola.lt\/produktas\/sokoladinis-panetonas-750g\/#primaryimage"},"image":{"@id":"https:\/\/espanola.lt\/produktas\/sokoladinis-panetonas-750g\/#primaryimage"},"thumbnailUrl":"https:\/\/espanola.lt\/wp-content\/uploads\/2025\/11\/70446-PANETTONE-WITH-CHOCOLATE-750G.png","datePublished":"2025-11-12T13:45:41+00:00","dateModified":"2025-12-22T21:02:59+00:00","description":"Atraskite auk\u0161tos kokyb\u0117s ispani\u0161kus delikatesus \u2013 s\u016brius, kumpius, alyvuoges ir \u017euv\u012f. Tikras Ispanijos skonis tiesiai \u012f j\u016bs\u0173 namus.","breadcrumb":{"@id":"https:\/\/espanola.lt\/produktas\/sokoladinis-panetonas-750g\/#breadcrumb"},"inLanguage":"en-US","potentialAction":[{"@type":"ReadAction","target":["https:\/\/espanola.lt\/produktas\/sokoladinis-panetonas-750g\/"]}]},{"@type":"ImageObject","inLanguage":"en-US","@id":"https:\/\/espanola.lt\/produktas\/sokoladinis-panetonas-750g\/#primaryimage","url":"https:\/\/espanola.lt\/wp-content\/uploads\/2025\/11\/70446-PANETTONE-WITH-CHOCOLATE-750G.png","contentUrl":"https:\/\/espanola.lt\/wp-content\/uploads\/2025\/11\/70446-PANETTONE-WITH-CHOCOLATE-750G.png","width":4800,"height":4800},{"@type":"BreadcrumbList","@id":"https:\/\/espanola.lt\/produktas\/sokoladinis-panetonas-750g\/#breadcrumb","itemListElement":[{"@type":"ListItem","position":1,"name":"Home","item":"https:\/\/espanola.lt\/en\/homepage\/"},{"@type":"ListItem","position":2,"name":"Shop","item":"https:\/\/espanola.lt\/en\/shop\/"},{"@type":"ListItem","position":3,"name":"Panettone pyragas su \u0161okolado gabaliukais 750g."}]},{"@type":"WebSite","@id":"https:\/\/espanola.lt\/#website","url":"https:\/\/espanola.lt\/","name":"Espanola.lt | Tikras Ispanijos skonis \u2013 J\u016bs\u0173 namuose!","description":"","publisher":{"@id":"https:\/\/espanola.lt\/#organization"},"potentialAction":[{"@type":"SearchAction","target":{"@type":"EntryPoint","urlTemplate":"https:\/\/espanola.lt\/?s={search_term_string}"},"query-input":{"@type":"PropertyValueSpecification","valueRequired":true,"valueName":"search_term_string"}}],"inLanguage":"en-US"},{"@type":"Organization","@id":"https:\/\/espanola.lt\/#organization","name":"Espanola.lt","url":"https:\/\/espanola.lt\/","logo":{"@type":"ImageObject","inLanguage":"en-US","@id":"https:\/\/espanola.lt\/#\/schema\/logo\/image\/","url":"https:\/\/espanola.lt\/wp-content\/uploads\/2023\/03\/notext_color.png","contentUrl":"https:\/\/espanola.lt\/wp-content\/uploads\/2023\/03\/notext_color.png","width":916,"height":204,"caption":"Espanola.lt"},"image":{"@id":"https:\/\/espanola.lt\/#\/schema\/logo\/image\/"},"sameAs":["https:\/\/www.facebook.com\/espanola.lt","https:\/\/www.instagram.com\/espanola.lt\/"]}]}},"_links":{"self":[{"href":"https:\/\/espanola.lt\/en\/wp-json\/wp\/v2\/product\/26297"}],"collection":[{"href":"https:\/\/espanola.lt\/en\/wp-json\/wp\/v2\/product"}],"about":[{"href":"https:\/\/espanola.lt\/en\/wp-json\/wp\/v2\/types\/product"}],"version-history":[{"count":4,"href":"https:\/\/espanola.lt\/en\/wp-json\/wp\/v2\/product\/26297\/revisions"}],"predecessor-version":[{"id":26939,"href":"https:\/\/espanola.lt\/en\/wp-json\/wp\/v2\/product\/26297\/revisions\/26939"}],"wp:featuredmedia":[{"embeddable":true,"href":"https:\/\/espanola.lt\/en\/wp-json\/wp\/v2\/media\/26361"}],"wp:attachment":[{"href":"https:\/\/espanola.lt\/en\/wp-json\/wp\/v2\/media?parent=26297"}],"wp:term":[{"taxonomy":"product_brand","embeddable":true,"href":"https:\/\/espanola.lt\/en\/wp-json\/wp\/v2\/product_brand?post=26297"},{"taxonomy":"product_cat","embeddable":true,"href":"https:\/\/espanola.lt\/en\/wp-json\/wp\/v2\/product_cat?post=26297"},{"taxonomy":"product_tag","embeddable":true,"href":"https:\/\/espanola.lt\/en\/wp-json\/wp\/v2\/product_tag?post=26297"}],"curies":[{"name":"wp","href":"https:\/\/api.w.org\/{rel}","templated":true}]}}