{"id":26289,"date":"2025-11-12T13:14:24","date_gmt":"2025-11-12T13:14:24","guid":{"rendered":"https:\/\/espanola.lt\/?post_type=product&#038;p=26289"},"modified":"2025-11-12T13:14:24","modified_gmt":"2025-11-12T13:14:24","slug":"traskus-migdolu-turonas-150g","status":"publish","type":"product","link":"https:\/\/espanola.lt\/en\/produktas\/traskus-migdolu-turonas-150g\/","title":{"rendered":"Tra\u0161kus migdol\u0173 turonas 150g."},"content":{"rendered":"<article class=\"text-token-text-primary w-full focus:outline-none [--shadow-height:45px] has-data-writing-block:pointer-events-none has-data-writing-block:-mt-(--shadow-height) has-data-writing-block:pt-(--shadow-height) [&amp;:has([data-writing-block])&gt;*]:pointer-events-auto [content-visibility:auto] supports-[content-visibility:auto]:[contain-intrinsic-size:auto_100lvh] scroll-mt-[calc(var(--header-height)+min(200px,max(70px,20svh)))]\" dir=\"auto\" tabindex=\"-1\" data-turn-id=\"request-WEB:f2b2d824-7e8f-4e76-ae97-feeb2697158b-0\" data-testid=\"conversation-turn-2\" data-scroll-anchor=\"true\" data-turn=\"assistant\">\n<div class=\"text-base my-auto mx-auto pb-10 [--thread-content-margin:--spacing(4)] thread-sm:[--thread-content-margin:--spacing(6)] thread-lg:[--thread-content-margin:--spacing(16)] px-(--thread-content-margin)\">\n<div class=\"[--thread-content-max-width:40rem] thread-lg:[--thread-content-max-width:48rem] mx-auto max-w-(--thread-content-max-width) flex-1 group\/turn-messages focus-visible:outline-hidden relative flex w-full min-w-0 flex-col agent-turn\" tabindex=\"-1\">\n<div class=\"flex max-w-full flex-col grow\">\n<div class=\"min-h-8 text-message relative flex w-full flex-col items-end gap-2 text-start break-words whitespace-normal [.text-message+&amp;]:mt-1\" dir=\"auto\" data-message-author-role=\"assistant\" data-message-id=\"a7861229-a824-4ed6-a9b8-8e36357ed061\" data-message-model-slug=\"gpt-5\">\n<div class=\"flex w-full flex-col gap-1 empty:hidden first:pt-[1px]\">\n<div class=\"markdown prose dark:prose-invert w-full break-words light markdown-new-styling\">\n<p data-start=\"0\" data-end=\"138\" data-is-last-node=\"\" data-is-only-node=\"\">\u201eConfiter\u00eda Delaviuda\u201c tra\u0161kus turronas pagamintas i\u0161 63 % kruop\u0161\u010diai atrinkt\u0173 migdol\u0173, d\u0117l ko jam suteiktas Auk\u0161\u010diausios kokyb\u0117s \u017eenklas.<\/p>\n<p data-start=\"0\" data-end=\"138\" data-is-last-node=\"\" data-is-only-node=\"\">Be laktoz\u0117s<\/p>\n<\/div>\n<\/div>\n<\/div>\n<\/div>\n<div class=\"z-0 flex min-h-[46px] justify-start\">\n<article class=\"text-token-text-primary w-full focus:outline-none [--shadow-height:45px] has-data-writing-block:pointer-events-none has-data-writing-block:-mt-(--shadow-height) has-data-writing-block:pt-(--shadow-height) [&amp;:has([data-writing-block])&gt;*]:pointer-events-auto [content-visibility:auto] supports-[content-visibility:auto]:[contain-intrinsic-size:auto_100lvh] scroll-mt-[calc(var(--header-height)+min(200px,max(70px,20svh)))]\" dir=\"auto\" tabindex=\"-1\" data-turn-id=\"request-WEB:f2b2d824-7e8f-4e76-ae97-feeb2697158b-1\" data-testid=\"conversation-turn-4\" data-scroll-anchor=\"true\" data-turn=\"assistant\">\n<div class=\"text-base my-auto mx-auto pb-10 [--thread-content-margin:--spacing(4)] thread-sm:[--thread-content-margin:--spacing(6)] thread-lg:[--thread-content-margin:--spacing(16)] px-(--thread-content-margin)\">\n<div class=\"[--thread-content-max-width:40rem] thread-lg:[--thread-content-max-width:48rem] mx-auto max-w-(--thread-content-max-width) flex-1 group\/turn-messages focus-visible:outline-hidden relative flex w-full min-w-0 flex-col agent-turn\" tabindex=\"-1\">\n<div class=\"flex max-w-full flex-col grow\">\n<div class=\"min-h-8 text-message relative flex w-full flex-col items-end gap-2 text-start break-words whitespace-normal [.text-message+&amp;]:mt-1\" dir=\"auto\" data-message-author-role=\"assistant\" data-message-id=\"2a09aec4-b3ca-4e02-ac88-3fd5a5e92618\" data-message-model-slug=\"gpt-5\">\n<div class=\"flex w-full flex-col gap-1 empty:hidden first:pt-[1px]\">\n<div class=\"markdown prose dark:prose-invert w-full break-words light markdown-new-styling\">\n<p data-start=\"0\" data-end=\"24\" data-is-last-node=\"\" data-is-only-node=\"\">Be glitimo<\/p>\n<p data-start=\"0\" data-end=\"153\"><strong data-start=\"0\" data-end=\"22\">Sudedamosios dalys<\/strong><br data-start=\"22\" data-end=\"25\" \/>Atrinkti skrudinti migdolai 63 %, medus 18,7 %, cukrus, vaflis (bulvi\u0173 krakmolas ir saul\u0117gr\u0105\u017e\u0173 aliejus) ir kiau\u0161inio baltymas.<\/p>\n<p data-start=\"155\" data-end=\"192\"><strong data-start=\"155\" data-end=\"190\">Maistin\u0117 vert\u0117 (100 g produkto)<\/strong><\/p>\n<div class=\"_tableContainer_1rjym_1\">\n<div class=\"group _tableWrapper_1rjym_13 flex w-fit flex-col-reverse\" tabindex=\"-1\">\n<table class=\"w-fit min-w-(--thread-content-width)\" data-start=\"194\" data-end=\"404\">\n<thead data-start=\"194\" data-end=\"215\">\n<tr data-start=\"194\" data-end=\"215\">\n<th data-start=\"194\" data-end=\"205\" data-col-size=\"sm\">Rodiklis<\/th>\n<th data-start=\"205\" data-end=\"215\" data-col-size=\"sm\">Kiekis<\/th>\n<\/tr>\n<\/thead>\n<tbody data-start=\"239\" data-end=\"404\">\n<tr data-start=\"239\" data-end=\"258\">\n<td data-start=\"239\" data-end=\"250\" data-col-size=\"sm\">Baltymai<\/td>\n<td data-col-size=\"sm\" data-start=\"250\" data-end=\"258\">18 g<\/td>\n<\/tr>\n<tr data-start=\"259\" data-end=\"285\">\n<td data-start=\"259\" data-end=\"277\" data-col-size=\"sm\">Angliavandeniai<\/td>\n<td data-col-size=\"sm\" data-start=\"277\" data-end=\"285\">38 g<\/td>\n<\/tr>\n<tr data-start=\"286\" data-end=\"311\">\n<td data-start=\"286\" data-end=\"303\" data-col-size=\"sm\">I\u0161 kuri\u0173 cukr\u0173<\/td>\n<td data-col-size=\"sm\" data-start=\"303\" data-end=\"311\">29 g<\/td>\n<\/tr>\n<tr data-start=\"312\" data-end=\"341\">\n<td data-start=\"312\" data-end=\"334\" data-col-size=\"sm\">Maistin\u0117s skaidulos<\/td>\n<td data-col-size=\"sm\" data-start=\"334\" data-end=\"341\">7 g<\/td>\n<\/tr>\n<tr data-start=\"342\" data-end=\"361\">\n<td data-start=\"342\" data-end=\"353\" data-col-size=\"sm\">Riebalai<\/td>\n<td data-col-size=\"sm\" data-start=\"353\" data-end=\"361\">36 g<\/td>\n<\/tr>\n<tr data-start=\"362\" data-end=\"404\">\n<td data-start=\"362\" data-end=\"397\" data-col-size=\"sm\">I\u0161 kuri\u0173 so\u010di\u0173j\u0173 riebal\u0173 r\u016bg\u0161\u010di\u0173<\/td>\n<td data-col-size=\"sm\" data-start=\"397\" data-end=\"404\">3 g<\/td>\n<\/tr>\n<\/tbody>\n<\/table>\n<\/div>\n<\/div>\n<p data-start=\"406\" data-end=\"531\"><strong data-start=\"406\" data-end=\"419\">Alergenai<\/strong><br data-start=\"419\" data-end=\"422\" \/>Sud\u0117tyje yra rie\u0161ut\u0173: migdol\u0173, kiau\u0161ini\u0173 ir j\u0173 produkt\u0173.<br data-start=\"478\" data-end=\"481\" \/>Gali b\u016bti \u017eem\u0117s rie\u0161ut\u0173 ir kit\u0173 rie\u0161ut\u0173 p\u0117dsak\u0173.<\/p>\n<p data-start=\"533\" data-end=\"669\" data-is-last-node=\"\" data-is-only-node=\"\"><strong data-start=\"533\" data-end=\"545\">Laikymas<\/strong><br data-start=\"545\" data-end=\"548\" \/>Laikyti v\u0117sioje, sausoje vietoje.<br data-start=\"581\" data-end=\"584\" \/>Did\u017eiausia laikymo temperat\u016bra \u2013 20 \u00b0C (68 \u00b0F).<br data-start=\"631\" data-end=\"634\" \/>Did\u017eiausia santykin\u0117 dr\u0117gm\u0117 \u2013 65 %.<\/p>\n<p data-start=\"0\" data-end=\"24\" data-is-last-node=\"\" data-is-only-node=\"\">\n<\/div>\n<\/div>\n<\/div>\n<\/div>\n<\/div>\n<\/div>\n<\/article>\n<\/div>\n<\/div>\n<\/div>\n<\/article>\n","protected":false},"excerpt":{"rendered":"<p>\u201eConfiter\u00eda Delaviuda\u201c tra\u0161kus turronas pagamintas i\u0161 63 % kruop\u0161\u010diai atrinkt\u0173 migdol\u0173, d\u0117l ko jam suteiktas Auk\u0161\u010diausios kokyb\u0117s \u017eenklas. Be laktoz\u0117s Be glitimo Sudedamosios dalysAtrinkti skrudinti migdolai 63 %, medus 18,7 %, cukrus, vaflis (bulvi\u0173 krakmolas ir saul\u0117gr\u0105\u017e\u0173 aliejus) ir kiau\u0161inio baltymas. Maistin\u0117 vert\u0117 (100 g produkto) Rodiklis Kiekis Baltymai 18 g Angliavandeniai 38 g I\u0161 kuri\u0173 cukr\u0173 29 g Maistin\u0117s skaidulos 7 g Riebalai 36 g I\u0161 kuri\u0173 so\u010di\u0173j\u0173 riebal\u0173 r\u016bg\u0161\u010di\u0173 3 g AlergenaiSud\u0117tyje yra rie\u0161ut\u0173: migdol\u0173, kiau\u0161ini\u0173 ir j\u0173 produkt\u0173.Gali b\u016bti \u017eem\u0117s rie\u0161ut\u0173 ir kit\u0173 rie\u0161ut\u0173 p\u0117dsak\u0173. LaikymasLaikyti v\u0117sioje, sausoje vietoje.Did\u017eiausia laikymo temperat\u016bra \u2013 20 \u00b0C (68 \u00b0F).Did\u017eiausia santykin\u0117 dr\u0117gm\u0117 \u2013 65 %.<\/p>\n","protected":false},"featured_media":26290,"template":"","meta":[],"product_brand":[],"product_cat":[116,131],"product_tag":[],"class_list":{"0":"post-26289","1":"product","2":"type-product","3":"status-publish","4":"has-post-thumbnail","6":"product_cat-mazmenine-2","7":"product_cat-saldumynai","9":"first","10":"instock","11":"shipping-taxable","12":"purchasable","13":"product-type-simple"},"yoast_head":"<!-- This site is optimized with the Yoast SEO plugin v23.7 - https:\/\/yoast.com\/wordpress\/plugins\/seo\/ -->\n<title>Tra\u0161kus migdol\u0173 turonas 150g. | Espanola.lt<\/title>\n<meta name=\"description\" content=\"Atraskite auk\u0161tos kokyb\u0117s ispani\u0161kus delikatesus \u2013 s\u016brius, kumpius, alyvuoges ir \u017euv\u012f. Tikras Ispanijos skonis tiesiai \u012f j\u016bs\u0173 namus.\" \/>\n<meta name=\"robots\" content=\"index, follow, max-snippet:-1, max-image-preview:large, max-video-preview:-1\" \/>\n<link rel=\"canonical\" href=\"https:\/\/espanola.lt\/produktas\/traskus-migdolu-turonas-150g\/\" \/>\n<meta property=\"og:locale\" content=\"en_US\" \/>\n<meta property=\"og:type\" content=\"article\" \/>\n<meta property=\"og:title\" content=\"Tra\u0161kus migdol\u0173 turonas 150g. | Espanola.lt\" \/>\n<meta property=\"og:description\" content=\"Atraskite auk\u0161tos kokyb\u0117s ispani\u0161kus delikatesus \u2013 s\u016brius, kumpius, alyvuoges ir \u017euv\u012f. Tikras Ispanijos skonis tiesiai \u012f j\u016bs\u0173 namus.\" \/>\n<meta property=\"og:url\" content=\"https:\/\/espanola.lt\/produktas\/traskus-migdolu-turonas-150g\/\" \/>\n<meta property=\"og:site_name\" content=\"Espanola\" \/>\n<meta property=\"article:publisher\" content=\"https:\/\/www.facebook.com\/espanola.lt\" \/>\n<meta property=\"og:image\" content=\"https:\/\/espanola.lt\/wp-content\/uploads\/2025\/11\/turron-duro-2.webp\" \/>\n\t<meta property=\"og:image:width\" content=\"960\" \/>\n\t<meta property=\"og:image:height\" content=\"900\" \/>\n\t<meta property=\"og:image:type\" content=\"image\/webp\" \/>\n<meta name=\"twitter:card\" content=\"summary_large_image\" \/>\n<meta name=\"twitter:label1\" content=\"Est. reading time\" \/>\n\t<meta name=\"twitter:data1\" content=\"1 minute\" \/>\n<script type=\"application\/ld+json\" class=\"yoast-schema-graph\">{\"@context\":\"https:\/\/schema.org\",\"@graph\":[{\"@type\":\"WebPage\",\"@id\":\"https:\/\/espanola.lt\/produktas\/traskus-migdolu-turonas-150g\/\",\"url\":\"https:\/\/espanola.lt\/produktas\/traskus-migdolu-turonas-150g\/\",\"name\":\"Tra\u0161kus migdol\u0173 turonas 150g. | Espanola.lt\",\"isPartOf\":{\"@id\":\"https:\/\/espanola.lt\/#website\"},\"primaryImageOfPage\":{\"@id\":\"https:\/\/espanola.lt\/produktas\/traskus-migdolu-turonas-150g\/#primaryimage\"},\"image\":{\"@id\":\"https:\/\/espanola.lt\/produktas\/traskus-migdolu-turonas-150g\/#primaryimage\"},\"thumbnailUrl\":\"https:\/\/espanola.lt\/wp-content\/uploads\/2025\/11\/turron-duro-2.webp\",\"datePublished\":\"2025-11-12T13:14:24+00:00\",\"dateModified\":\"2025-11-12T13:14:24+00:00\",\"description\":\"Atraskite auk\u0161tos kokyb\u0117s ispani\u0161kus delikatesus \u2013 s\u016brius, kumpius, alyvuoges ir \u017euv\u012f. Tikras Ispanijos skonis tiesiai \u012f j\u016bs\u0173 namus.\",\"breadcrumb\":{\"@id\":\"https:\/\/espanola.lt\/produktas\/traskus-migdolu-turonas-150g\/#breadcrumb\"},\"inLanguage\":\"en-US\",\"potentialAction\":[{\"@type\":\"ReadAction\",\"target\":[\"https:\/\/espanola.lt\/produktas\/traskus-migdolu-turonas-150g\/\"]}]},{\"@type\":\"ImageObject\",\"inLanguage\":\"en-US\",\"@id\":\"https:\/\/espanola.lt\/produktas\/traskus-migdolu-turonas-150g\/#primaryimage\",\"url\":\"https:\/\/espanola.lt\/wp-content\/uploads\/2025\/11\/turron-duro-2.webp\",\"contentUrl\":\"https:\/\/espanola.lt\/wp-content\/uploads\/2025\/11\/turron-duro-2.webp\",\"width\":960,\"height\":900},{\"@type\":\"BreadcrumbList\",\"@id\":\"https:\/\/espanola.lt\/produktas\/traskus-migdolu-turonas-150g\/#breadcrumb\",\"itemListElement\":[{\"@type\":\"ListItem\",\"position\":1,\"name\":\"Home\",\"item\":\"https:\/\/espanola.lt\/en\/homepage\/\"},{\"@type\":\"ListItem\",\"position\":2,\"name\":\"Shop\",\"item\":\"https:\/\/espanola.lt\/en\/shop\/\"},{\"@type\":\"ListItem\",\"position\":3,\"name\":\"Tra\u0161kus migdol\u0173 turonas 150g.\"}]},{\"@type\":\"WebSite\",\"@id\":\"https:\/\/espanola.lt\/#website\",\"url\":\"https:\/\/espanola.lt\/\",\"name\":\"Espanola.lt | Tikras Ispanijos skonis \u2013 J\u016bs\u0173 namuose!\",\"description\":\"\",\"publisher\":{\"@id\":\"https:\/\/espanola.lt\/#organization\"},\"potentialAction\":[{\"@type\":\"SearchAction\",\"target\":{\"@type\":\"EntryPoint\",\"urlTemplate\":\"https:\/\/espanola.lt\/?s={search_term_string}\"},\"query-input\":{\"@type\":\"PropertyValueSpecification\",\"valueRequired\":true,\"valueName\":\"search_term_string\"}}],\"inLanguage\":\"en-US\"},{\"@type\":\"Organization\",\"@id\":\"https:\/\/espanola.lt\/#organization\",\"name\":\"Espanola.lt\",\"url\":\"https:\/\/espanola.lt\/\",\"logo\":{\"@type\":\"ImageObject\",\"inLanguage\":\"en-US\",\"@id\":\"https:\/\/espanola.lt\/#\/schema\/logo\/image\/\",\"url\":\"https:\/\/espanola.lt\/wp-content\/uploads\/2023\/03\/notext_color.png\",\"contentUrl\":\"https:\/\/espanola.lt\/wp-content\/uploads\/2023\/03\/notext_color.png\",\"width\":916,\"height\":204,\"caption\":\"Espanola.lt\"},\"image\":{\"@id\":\"https:\/\/espanola.lt\/#\/schema\/logo\/image\/\"},\"sameAs\":[\"https:\/\/www.facebook.com\/espanola.lt\",\"https:\/\/www.instagram.com\/espanola.lt\/\"]}]}<\/script>\n<!-- \/ Yoast SEO plugin. -->","yoast_head_json":{"title":"Tra\u0161kus migdol\u0173 turonas 150g. | Espanola.lt","description":"Atraskite auk\u0161tos kokyb\u0117s ispani\u0161kus delikatesus \u2013 s\u016brius, kumpius, alyvuoges ir \u017euv\u012f. Tikras Ispanijos skonis tiesiai \u012f j\u016bs\u0173 namus.","robots":{"index":"index","follow":"follow","max-snippet":"max-snippet:-1","max-image-preview":"max-image-preview:large","max-video-preview":"max-video-preview:-1"},"canonical":"https:\/\/espanola.lt\/produktas\/traskus-migdolu-turonas-150g\/","og_locale":"en_US","og_type":"article","og_title":"Tra\u0161kus migdol\u0173 turonas 150g. | Espanola.lt","og_description":"Atraskite auk\u0161tos kokyb\u0117s ispani\u0161kus delikatesus \u2013 s\u016brius, kumpius, alyvuoges ir \u017euv\u012f. Tikras Ispanijos skonis tiesiai \u012f j\u016bs\u0173 namus.","og_url":"https:\/\/espanola.lt\/produktas\/traskus-migdolu-turonas-150g\/","og_site_name":"Espanola","article_publisher":"https:\/\/www.facebook.com\/espanola.lt","og_image":[{"width":960,"height":900,"url":"https:\/\/espanola.lt\/wp-content\/uploads\/2025\/11\/turron-duro-2.webp","type":"image\/webp"}],"twitter_card":"summary_large_image","twitter_misc":{"Est. reading time":"1 minute"},"schema":{"@context":"https:\/\/schema.org","@graph":[{"@type":"WebPage","@id":"https:\/\/espanola.lt\/produktas\/traskus-migdolu-turonas-150g\/","url":"https:\/\/espanola.lt\/produktas\/traskus-migdolu-turonas-150g\/","name":"Tra\u0161kus migdol\u0173 turonas 150g. | Espanola.lt","isPartOf":{"@id":"https:\/\/espanola.lt\/#website"},"primaryImageOfPage":{"@id":"https:\/\/espanola.lt\/produktas\/traskus-migdolu-turonas-150g\/#primaryimage"},"image":{"@id":"https:\/\/espanola.lt\/produktas\/traskus-migdolu-turonas-150g\/#primaryimage"},"thumbnailUrl":"https:\/\/espanola.lt\/wp-content\/uploads\/2025\/11\/turron-duro-2.webp","datePublished":"2025-11-12T13:14:24+00:00","dateModified":"2025-11-12T13:14:24+00:00","description":"Atraskite auk\u0161tos kokyb\u0117s ispani\u0161kus delikatesus \u2013 s\u016brius, kumpius, alyvuoges ir \u017euv\u012f. Tikras Ispanijos skonis tiesiai \u012f j\u016bs\u0173 namus.","breadcrumb":{"@id":"https:\/\/espanola.lt\/produktas\/traskus-migdolu-turonas-150g\/#breadcrumb"},"inLanguage":"en-US","potentialAction":[{"@type":"ReadAction","target":["https:\/\/espanola.lt\/produktas\/traskus-migdolu-turonas-150g\/"]}]},{"@type":"ImageObject","inLanguage":"en-US","@id":"https:\/\/espanola.lt\/produktas\/traskus-migdolu-turonas-150g\/#primaryimage","url":"https:\/\/espanola.lt\/wp-content\/uploads\/2025\/11\/turron-duro-2.webp","contentUrl":"https:\/\/espanola.lt\/wp-content\/uploads\/2025\/11\/turron-duro-2.webp","width":960,"height":900},{"@type":"BreadcrumbList","@id":"https:\/\/espanola.lt\/produktas\/traskus-migdolu-turonas-150g\/#breadcrumb","itemListElement":[{"@type":"ListItem","position":1,"name":"Home","item":"https:\/\/espanola.lt\/en\/homepage\/"},{"@type":"ListItem","position":2,"name":"Shop","item":"https:\/\/espanola.lt\/en\/shop\/"},{"@type":"ListItem","position":3,"name":"Tra\u0161kus migdol\u0173 turonas 150g."}]},{"@type":"WebSite","@id":"https:\/\/espanola.lt\/#website","url":"https:\/\/espanola.lt\/","name":"Espanola.lt | Tikras Ispanijos skonis \u2013 J\u016bs\u0173 namuose!","description":"","publisher":{"@id":"https:\/\/espanola.lt\/#organization"},"potentialAction":[{"@type":"SearchAction","target":{"@type":"EntryPoint","urlTemplate":"https:\/\/espanola.lt\/?s={search_term_string}"},"query-input":{"@type":"PropertyValueSpecification","valueRequired":true,"valueName":"search_term_string"}}],"inLanguage":"en-US"},{"@type":"Organization","@id":"https:\/\/espanola.lt\/#organization","name":"Espanola.lt","url":"https:\/\/espanola.lt\/","logo":{"@type":"ImageObject","inLanguage":"en-US","@id":"https:\/\/espanola.lt\/#\/schema\/logo\/image\/","url":"https:\/\/espanola.lt\/wp-content\/uploads\/2023\/03\/notext_color.png","contentUrl":"https:\/\/espanola.lt\/wp-content\/uploads\/2023\/03\/notext_color.png","width":916,"height":204,"caption":"Espanola.lt"},"image":{"@id":"https:\/\/espanola.lt\/#\/schema\/logo\/image\/"},"sameAs":["https:\/\/www.facebook.com\/espanola.lt","https:\/\/www.instagram.com\/espanola.lt\/"]}]}},"_links":{"self":[{"href":"https:\/\/espanola.lt\/en\/wp-json\/wp\/v2\/product\/26289"}],"collection":[{"href":"https:\/\/espanola.lt\/en\/wp-json\/wp\/v2\/product"}],"about":[{"href":"https:\/\/espanola.lt\/en\/wp-json\/wp\/v2\/types\/product"}],"version-history":[{"count":1,"href":"https:\/\/espanola.lt\/en\/wp-json\/wp\/v2\/product\/26289\/revisions"}],"predecessor-version":[{"id":26292,"href":"https:\/\/espanola.lt\/en\/wp-json\/wp\/v2\/product\/26289\/revisions\/26292"}],"wp:featuredmedia":[{"embeddable":true,"href":"https:\/\/espanola.lt\/en\/wp-json\/wp\/v2\/media\/26290"}],"wp:attachment":[{"href":"https:\/\/espanola.lt\/en\/wp-json\/wp\/v2\/media?parent=26289"}],"wp:term":[{"taxonomy":"product_brand","embeddable":true,"href":"https:\/\/espanola.lt\/en\/wp-json\/wp\/v2\/product_brand?post=26289"},{"taxonomy":"product_cat","embeddable":true,"href":"https:\/\/espanola.lt\/en\/wp-json\/wp\/v2\/product_cat?post=26289"},{"taxonomy":"product_tag","embeddable":true,"href":"https:\/\/espanola.lt\/en\/wp-json\/wp\/v2\/product_tag?post=26289"}],"curies":[{"name":"wp","href":"https:\/\/api.w.org\/{rel}","templated":true}]}}