{"id":26269,"date":"2025-11-04T09:00:32","date_gmt":"2025-11-04T09:00:32","guid":{"rendered":"https:\/\/espanola.lt\/?post_type=product&#038;p=26269"},"modified":"2026-04-02T11:59:49","modified_gmt":"2026-04-02T11:59:49","slug":"skumbres-file-raudoname-marinato-padaze-dunia-90-g","status":"publish","type":"product","link":"https:\/\/espanola.lt\/en\/produktas\/skumbres-file-raudoname-marinato-padaze-dunia-90-g\/","title":{"rendered":"Skumbr\u0117s fil\u0117 raudoname marinato pada\u017ee  \u201eDunia\u201c 90 g"},"content":{"rendered":"<p data-start=\"0\" data-end=\"184\">Kaip ir kitos konservuotos \u017euvys, skumbr\u0117 priklauso vadinamajai \u201em\u0117lynajai \u017euviai\u201c. Joje esantys riebalai, turtingi polineso\u010diosiomis r\u016bg\u0161timis, daro j\u0105 labai sveik\u0105 m\u016bs\u0173 organizmui.<\/p>\n<p data-start=\"186\" data-end=\"311\" data-is-last-node=\"\" data-is-only-node=\"\"><strong data-start=\"186\" data-end=\"215\">\u201eDunia\u201c marinuota skumbr\u0117<\/strong>, turinti ilgametes konservavimo tradicijas, suteikia oleino, linolo ir omega-3 riebal\u0173 r\u016bg\u0161\u010di\u0173.<\/p>\n<p data-start=\"186\" data-end=\"311\" data-is-last-node=\"\" data-is-only-node=\"\"><strong>Sudedamosios dalys: \u00a0Skumbr\u0117s fil\u0117 66,66%, marinuotas pada\u017eas(prieskoniai, saul\u0117gr\u0105\u017e\u0173 aliejus, actas, vanduo) 32,34% ir druska. Maistin\u0117 vert\u0117: Vert\u0117s 100 g produkto Energin\u0117 vert\u0117 552kj (132 kcal) Riebalai 2.98 g (i\u0161 kuri\u0173 so\u010di\u0173j\u0173 riebal\u0173 r\u016bg\u0161\u010di\u0173 0.91 g.), Angliavandeniai 0g., i\u0161 kuri\u0173 Cukr\u016bs 0 g, Baltymai 26,4 g, Druska 0,5 g. Laikyti v\u0117sioje vietoje. Atidarius pakuot\u0119 laikyti \u0161aldytuve ir suvaroti per 48h. Partijos Nr.\/Geriausia suvartoti iki: \u017er. pakuot\u0119. Grynasis svoris 60g. Kilm\u0117s \u0161alis: Ispanija.<\/strong><\/p>\n","protected":false},"excerpt":{"rendered":"<p>Kaip ir kitos konservuotos \u017euvys, skumbr\u0117 priklauso vadinamajai \u201em\u0117lynajai \u017euviai\u201c. Joje esantys riebalai, turtingi polineso\u010diosiomis r\u016bg\u0161timis, daro j\u0105 labai sveik\u0105 m\u016bs\u0173 organizmui. \u201eDunia\u201c marinuota skumbr\u0117, turinti ilgametes konservavimo tradicijas, suteikia oleino, linolo ir omega-3 riebal\u0173 r\u016bg\u0161\u010di\u0173. Sudedamosios dalys: \u00a0Skumbr\u0117s fil\u0117 66,66%, marinuotas pada\u017eas(prieskoniai, saul\u0117gr\u0105\u017e\u0173 aliejus, actas, vanduo) 32,34% ir druska. Maistin\u0117 vert\u0117: Vert\u0117s 100 g produkto Energin\u0117 vert\u0117 552kj (132 kcal) Riebalai 2.98 g (i\u0161 kuri\u0173 so\u010di\u0173j\u0173 riebal\u0173 r\u016bg\u0161\u010di\u0173 0.91 g.), Angliavandeniai 0g., i\u0161 kuri\u0173 Cukr\u016bs 0 g, Baltymai 26,4 g, Druska 0,5 g. Laikyti v\u0117sioje vietoje. Atidarius pakuot\u0119 laikyti \u0161aldytuve ir suvaroti per 48h. Partijos Nr.\/Geriausia suvartoti iki: \u017er. pakuot\u0119. Grynasis svoris 60g. Kilm\u0117s \u0161alis: Ispanija.<\/p>\n","protected":false},"featured_media":26270,"template":"","meta":[],"product_brand":[],"product_cat":[116,119,126],"product_tag":[],"class_list":{"0":"post-26269","1":"product","2":"type-product","3":"status-publish","4":"has-post-thumbnail","6":"product_cat-mazmenine-2","7":"product_cat-zuvis-horeca-2","8":"product_cat-zuvis-2","10":"first","11":"instock","12":"shipping-taxable","13":"purchasable","14":"product-type-simple"},"yoast_head":"<!-- This site is optimized with the Yoast SEO plugin v23.7 - https:\/\/yoast.com\/wordpress\/plugins\/seo\/ -->\n<title>Skumbr\u0117s fil\u0117 raudoname marinato pada\u017ee \u201eDunia\u201c 90 g | Espanola.lt<\/title>\n<meta name=\"description\" content=\"Atraskite auk\u0161tos kokyb\u0117s ispani\u0161kus delikatesus \u2013 s\u016brius, kumpius, alyvuoges ir \u017euv\u012f. Tikras Ispanijos skonis tiesiai \u012f j\u016bs\u0173 namus.\" \/>\n<meta name=\"robots\" content=\"index, follow, max-snippet:-1, max-image-preview:large, max-video-preview:-1\" \/>\n<link rel=\"canonical\" href=\"https:\/\/espanola.lt\/produktas\/skumbres-file-raudoname-marinato-padaze-dunia-90-g\/\" \/>\n<meta property=\"og:locale\" content=\"en_US\" \/>\n<meta property=\"og:type\" content=\"article\" \/>\n<meta property=\"og:title\" content=\"Skumbr\u0117s fil\u0117 raudoname marinato pada\u017ee \u201eDunia\u201c 90 g | Espanola.lt\" \/>\n<meta property=\"og:description\" content=\"Atraskite auk\u0161tos kokyb\u0117s ispani\u0161kus delikatesus \u2013 s\u016brius, kumpius, alyvuoges ir \u017euv\u012f. Tikras Ispanijos skonis tiesiai \u012f j\u016bs\u0173 namus.\" \/>\n<meta property=\"og:url\" content=\"https:\/\/espanola.lt\/produktas\/skumbres-file-raudoname-marinato-padaze-dunia-90-g\/\" \/>\n<meta property=\"og:site_name\" content=\"Espanola\" \/>\n<meta property=\"article:publisher\" content=\"https:\/\/www.facebook.com\/espanola.lt\" \/>\n<meta property=\"article:modified_time\" content=\"2026-04-02T11:59:49+00:00\" \/>\n<meta property=\"og:image\" content=\"https:\/\/espanola.lt\/wp-content\/uploads\/2025\/11\/Caballa-Escabeche-90g.jpg\" \/>\n\t<meta property=\"og:image:width\" content=\"1536\" \/>\n\t<meta property=\"og:image:height\" content=\"1170\" \/>\n\t<meta property=\"og:image:type\" content=\"image\/jpeg\" \/>\n<meta name=\"twitter:card\" content=\"summary_large_image\" \/>\n<meta name=\"twitter:label1\" content=\"Est. reading time\" \/>\n\t<meta name=\"twitter:data1\" content=\"1 minute\" \/>\n<script type=\"application\/ld+json\" class=\"yoast-schema-graph\">{\"@context\":\"https:\/\/schema.org\",\"@graph\":[{\"@type\":\"WebPage\",\"@id\":\"https:\/\/espanola.lt\/produktas\/skumbres-file-raudoname-marinato-padaze-dunia-90-g\/\",\"url\":\"https:\/\/espanola.lt\/produktas\/skumbres-file-raudoname-marinato-padaze-dunia-90-g\/\",\"name\":\"Skumbr\u0117s fil\u0117 raudoname marinato pada\u017ee \u201eDunia\u201c 90 g | Espanola.lt\",\"isPartOf\":{\"@id\":\"https:\/\/espanola.lt\/#website\"},\"primaryImageOfPage\":{\"@id\":\"https:\/\/espanola.lt\/produktas\/skumbres-file-raudoname-marinato-padaze-dunia-90-g\/#primaryimage\"},\"image\":{\"@id\":\"https:\/\/espanola.lt\/produktas\/skumbres-file-raudoname-marinato-padaze-dunia-90-g\/#primaryimage\"},\"thumbnailUrl\":\"https:\/\/espanola.lt\/wp-content\/uploads\/2025\/11\/Caballa-Escabeche-90g.jpg\",\"datePublished\":\"2025-11-04T09:00:32+00:00\",\"dateModified\":\"2026-04-02T11:59:49+00:00\",\"description\":\"Atraskite auk\u0161tos kokyb\u0117s ispani\u0161kus delikatesus \u2013 s\u016brius, kumpius, alyvuoges ir \u017euv\u012f. Tikras Ispanijos skonis tiesiai \u012f j\u016bs\u0173 namus.\",\"breadcrumb\":{\"@id\":\"https:\/\/espanola.lt\/produktas\/skumbres-file-raudoname-marinato-padaze-dunia-90-g\/#breadcrumb\"},\"inLanguage\":\"en-US\",\"potentialAction\":[{\"@type\":\"ReadAction\",\"target\":[\"https:\/\/espanola.lt\/produktas\/skumbres-file-raudoname-marinato-padaze-dunia-90-g\/\"]}]},{\"@type\":\"ImageObject\",\"inLanguage\":\"en-US\",\"@id\":\"https:\/\/espanola.lt\/produktas\/skumbres-file-raudoname-marinato-padaze-dunia-90-g\/#primaryimage\",\"url\":\"https:\/\/espanola.lt\/wp-content\/uploads\/2025\/11\/Caballa-Escabeche-90g.jpg\",\"contentUrl\":\"https:\/\/espanola.lt\/wp-content\/uploads\/2025\/11\/Caballa-Escabeche-90g.jpg\",\"width\":1536,\"height\":1170},{\"@type\":\"BreadcrumbList\",\"@id\":\"https:\/\/espanola.lt\/produktas\/skumbres-file-raudoname-marinato-padaze-dunia-90-g\/#breadcrumb\",\"itemListElement\":[{\"@type\":\"ListItem\",\"position\":1,\"name\":\"Home\",\"item\":\"https:\/\/espanola.lt\/en\/homepage\/\"},{\"@type\":\"ListItem\",\"position\":2,\"name\":\"Shop\",\"item\":\"https:\/\/espanola.lt\/en\/shop\/\"},{\"@type\":\"ListItem\",\"position\":3,\"name\":\"Skumbr\u0117s fil\u0117 raudoname marinato pada\u017ee \u201eDunia\u201c 90 g\"}]},{\"@type\":\"WebSite\",\"@id\":\"https:\/\/espanola.lt\/#website\",\"url\":\"https:\/\/espanola.lt\/\",\"name\":\"Espanola.lt | Tikras Ispanijos skonis \u2013 J\u016bs\u0173 namuose!\",\"description\":\"\",\"publisher\":{\"@id\":\"https:\/\/espanola.lt\/#organization\"},\"potentialAction\":[{\"@type\":\"SearchAction\",\"target\":{\"@type\":\"EntryPoint\",\"urlTemplate\":\"https:\/\/espanola.lt\/?s={search_term_string}\"},\"query-input\":{\"@type\":\"PropertyValueSpecification\",\"valueRequired\":true,\"valueName\":\"search_term_string\"}}],\"inLanguage\":\"en-US\"},{\"@type\":\"Organization\",\"@id\":\"https:\/\/espanola.lt\/#organization\",\"name\":\"Espanola.lt\",\"url\":\"https:\/\/espanola.lt\/\",\"logo\":{\"@type\":\"ImageObject\",\"inLanguage\":\"en-US\",\"@id\":\"https:\/\/espanola.lt\/#\/schema\/logo\/image\/\",\"url\":\"https:\/\/espanola.lt\/wp-content\/uploads\/2023\/03\/notext_color.png\",\"contentUrl\":\"https:\/\/espanola.lt\/wp-content\/uploads\/2023\/03\/notext_color.png\",\"width\":916,\"height\":204,\"caption\":\"Espanola.lt\"},\"image\":{\"@id\":\"https:\/\/espanola.lt\/#\/schema\/logo\/image\/\"},\"sameAs\":[\"https:\/\/www.facebook.com\/espanola.lt\",\"https:\/\/www.instagram.com\/espanola.lt\/\"]}]}<\/script>\n<!-- \/ Yoast SEO plugin. -->","yoast_head_json":{"title":"Skumbr\u0117s fil\u0117 raudoname marinato pada\u017ee \u201eDunia\u201c 90 g | Espanola.lt","description":"Atraskite auk\u0161tos kokyb\u0117s ispani\u0161kus delikatesus \u2013 s\u016brius, kumpius, alyvuoges ir \u017euv\u012f. Tikras Ispanijos skonis tiesiai \u012f j\u016bs\u0173 namus.","robots":{"index":"index","follow":"follow","max-snippet":"max-snippet:-1","max-image-preview":"max-image-preview:large","max-video-preview":"max-video-preview:-1"},"canonical":"https:\/\/espanola.lt\/produktas\/skumbres-file-raudoname-marinato-padaze-dunia-90-g\/","og_locale":"en_US","og_type":"article","og_title":"Skumbr\u0117s fil\u0117 raudoname marinato pada\u017ee \u201eDunia\u201c 90 g | Espanola.lt","og_description":"Atraskite auk\u0161tos kokyb\u0117s ispani\u0161kus delikatesus \u2013 s\u016brius, kumpius, alyvuoges ir \u017euv\u012f. Tikras Ispanijos skonis tiesiai \u012f j\u016bs\u0173 namus.","og_url":"https:\/\/espanola.lt\/produktas\/skumbres-file-raudoname-marinato-padaze-dunia-90-g\/","og_site_name":"Espanola","article_publisher":"https:\/\/www.facebook.com\/espanola.lt","article_modified_time":"2026-04-02T11:59:49+00:00","og_image":[{"width":1536,"height":1170,"url":"https:\/\/espanola.lt\/wp-content\/uploads\/2025\/11\/Caballa-Escabeche-90g.jpg","type":"image\/jpeg"}],"twitter_card":"summary_large_image","twitter_misc":{"Est. reading time":"1 minute"},"schema":{"@context":"https:\/\/schema.org","@graph":[{"@type":"WebPage","@id":"https:\/\/espanola.lt\/produktas\/skumbres-file-raudoname-marinato-padaze-dunia-90-g\/","url":"https:\/\/espanola.lt\/produktas\/skumbres-file-raudoname-marinato-padaze-dunia-90-g\/","name":"Skumbr\u0117s fil\u0117 raudoname marinato pada\u017ee \u201eDunia\u201c 90 g | Espanola.lt","isPartOf":{"@id":"https:\/\/espanola.lt\/#website"},"primaryImageOfPage":{"@id":"https:\/\/espanola.lt\/produktas\/skumbres-file-raudoname-marinato-padaze-dunia-90-g\/#primaryimage"},"image":{"@id":"https:\/\/espanola.lt\/produktas\/skumbres-file-raudoname-marinato-padaze-dunia-90-g\/#primaryimage"},"thumbnailUrl":"https:\/\/espanola.lt\/wp-content\/uploads\/2025\/11\/Caballa-Escabeche-90g.jpg","datePublished":"2025-11-04T09:00:32+00:00","dateModified":"2026-04-02T11:59:49+00:00","description":"Atraskite auk\u0161tos kokyb\u0117s ispani\u0161kus delikatesus \u2013 s\u016brius, kumpius, alyvuoges ir \u017euv\u012f. Tikras Ispanijos skonis tiesiai \u012f j\u016bs\u0173 namus.","breadcrumb":{"@id":"https:\/\/espanola.lt\/produktas\/skumbres-file-raudoname-marinato-padaze-dunia-90-g\/#breadcrumb"},"inLanguage":"en-US","potentialAction":[{"@type":"ReadAction","target":["https:\/\/espanola.lt\/produktas\/skumbres-file-raudoname-marinato-padaze-dunia-90-g\/"]}]},{"@type":"ImageObject","inLanguage":"en-US","@id":"https:\/\/espanola.lt\/produktas\/skumbres-file-raudoname-marinato-padaze-dunia-90-g\/#primaryimage","url":"https:\/\/espanola.lt\/wp-content\/uploads\/2025\/11\/Caballa-Escabeche-90g.jpg","contentUrl":"https:\/\/espanola.lt\/wp-content\/uploads\/2025\/11\/Caballa-Escabeche-90g.jpg","width":1536,"height":1170},{"@type":"BreadcrumbList","@id":"https:\/\/espanola.lt\/produktas\/skumbres-file-raudoname-marinato-padaze-dunia-90-g\/#breadcrumb","itemListElement":[{"@type":"ListItem","position":1,"name":"Home","item":"https:\/\/espanola.lt\/en\/homepage\/"},{"@type":"ListItem","position":2,"name":"Shop","item":"https:\/\/espanola.lt\/en\/shop\/"},{"@type":"ListItem","position":3,"name":"Skumbr\u0117s fil\u0117 raudoname marinato pada\u017ee \u201eDunia\u201c 90 g"}]},{"@type":"WebSite","@id":"https:\/\/espanola.lt\/#website","url":"https:\/\/espanola.lt\/","name":"Espanola.lt | Tikras Ispanijos skonis \u2013 J\u016bs\u0173 namuose!","description":"","publisher":{"@id":"https:\/\/espanola.lt\/#organization"},"potentialAction":[{"@type":"SearchAction","target":{"@type":"EntryPoint","urlTemplate":"https:\/\/espanola.lt\/?s={search_term_string}"},"query-input":{"@type":"PropertyValueSpecification","valueRequired":true,"valueName":"search_term_string"}}],"inLanguage":"en-US"},{"@type":"Organization","@id":"https:\/\/espanola.lt\/#organization","name":"Espanola.lt","url":"https:\/\/espanola.lt\/","logo":{"@type":"ImageObject","inLanguage":"en-US","@id":"https:\/\/espanola.lt\/#\/schema\/logo\/image\/","url":"https:\/\/espanola.lt\/wp-content\/uploads\/2023\/03\/notext_color.png","contentUrl":"https:\/\/espanola.lt\/wp-content\/uploads\/2023\/03\/notext_color.png","width":916,"height":204,"caption":"Espanola.lt"},"image":{"@id":"https:\/\/espanola.lt\/#\/schema\/logo\/image\/"},"sameAs":["https:\/\/www.facebook.com\/espanola.lt","https:\/\/www.instagram.com\/espanola.lt\/"]}]}},"_links":{"self":[{"href":"https:\/\/espanola.lt\/en\/wp-json\/wp\/v2\/product\/26269"}],"collection":[{"href":"https:\/\/espanola.lt\/en\/wp-json\/wp\/v2\/product"}],"about":[{"href":"https:\/\/espanola.lt\/en\/wp-json\/wp\/v2\/types\/product"}],"version-history":[{"count":1,"href":"https:\/\/espanola.lt\/en\/wp-json\/wp\/v2\/product\/26269\/revisions"}],"predecessor-version":[{"id":26272,"href":"https:\/\/espanola.lt\/en\/wp-json\/wp\/v2\/product\/26269\/revisions\/26272"}],"wp:featuredmedia":[{"embeddable":true,"href":"https:\/\/espanola.lt\/en\/wp-json\/wp\/v2\/media\/26270"}],"wp:attachment":[{"href":"https:\/\/espanola.lt\/en\/wp-json\/wp\/v2\/media?parent=26269"}],"wp:term":[{"taxonomy":"product_brand","embeddable":true,"href":"https:\/\/espanola.lt\/en\/wp-json\/wp\/v2\/product_brand?post=26269"},{"taxonomy":"product_cat","embeddable":true,"href":"https:\/\/espanola.lt\/en\/wp-json\/wp\/v2\/product_cat?post=26269"},{"taxonomy":"product_tag","embeddable":true,"href":"https:\/\/espanola.lt\/en\/wp-json\/wp\/v2\/product_tag?post=26269"}],"curies":[{"name":"wp","href":"https:\/\/api.w.org\/{rel}","templated":true}]}}