{"id":26061,"date":"2025-04-28T10:41:24","date_gmt":"2025-04-28T10:41:24","guid":{"rendered":"https:\/\/espanola.lt\/?post_type=product&#038;p=26061"},"modified":"2026-04-28T18:35:55","modified_gmt":"2026-04-28T18:35:55","slug":"melvos-file-augaliniame-aliejuje-900g","status":"publish","type":"product","link":"https:\/\/espanola.lt\/en\/produktas\/melvos-file-augaliniame-aliejuje-900g\/","title":{"rendered":"Melvos fil\u0117 augaliniame aliejuje 900g."},"content":{"rendered":"<p class=\"\" data-start=\"59\" data-end=\"123\"><strong data-start=\"59\" data-end=\"123\">DUNIA melvos fil\u0117 konservuose \u2013 i\u0161skirtinis skonis ir kokyb\u0117<\/strong><\/p>\n<p class=\"\" data-start=\"125\" data-end=\"386\">DUNIA melvos fil\u0117 konservuose yra auk\u0161\u010diausios kokyb\u0117s produktas, kruop\u0161\u010diai supakuotas \u012f \u0161veln\u0173 augalin\u012f aliej\u0173, kad i\u0161laikyt\u0173 savo nat\u016bral\u0173 \u0161vie\u017eum\u0105 ir neprilygstam\u0105 skon\u012f. Kiekviena skardin\u0117 \u2013 tai tikras delikatesas, kur\u012f vertins net ir i\u0161rankiausi gurmanai.<\/p>\n<p class=\"\" data-start=\"388\" data-end=\"431\"><strong data-start=\"388\" data-end=\"431\">Kod\u0117l DUNIA melvos fil\u0117 yra i\u0161skirtin\u0117?<\/strong><\/p>\n<ol data-start=\"433\" data-end=\"1107\">\n<li class=\"\" data-start=\"433\" data-end=\"663\">\n<p class=\"\" data-start=\"436\" data-end=\"663\"><strong data-start=\"436\" data-end=\"466\">Auk\u0161\u010diausios kokyb\u0117s \u017euvis<\/strong> \u2013 m\u016bs\u0173 melva yra kruop\u0161\u010diai atrinkta ir paruo\u0161ta taip, kad i\u0161laikyt\u0173 savo nat\u016bral\u0173 skon\u012f ir maisting\u0105sias savybes. Tai \u017euvis, augusi \u0161variuose vandenyse, tod\u0117l u\u017etikrinama jos \u0161vie\u017eumas ir kokyb\u0117.<\/p>\n<\/li>\n<li class=\"\" data-start=\"668\" data-end=\"894\">\n<p class=\"\" data-start=\"671\" data-end=\"894\"><strong data-start=\"671\" data-end=\"698\">Nat\u016bralus konservavimas<\/strong> \u2013 fil\u0117 konservuojama \u0161velniai ir tik su auk\u0161tos kokyb\u0117s augaliniu aliejumi, kuris ne tik i\u0161saugo \u0161vie\u017eum\u0105, bet ir suteikia fil\u0117 subtil\u0173 skon\u012f, nesuteikdamas papildom\u0173 sunki\u0173 ar nenat\u016brali\u0173 kvap\u0173.<\/p>\n<\/li>\n<li class=\"\" data-start=\"896\" data-end=\"1107\">\n<p class=\"\" data-start=\"899\" data-end=\"1107\"><strong data-start=\"899\" data-end=\"930\">Paprasta, ta\u010diau i\u0161skirtin\u0117<\/strong> \u2013 d\u0117l savo subtilaus ir eleganti\u0161ko skonio melvos fil\u0117 puikiai dera su \u012fvairiais patiekalais. Tai idealus pasirinkimas tiek kasdieniams patiekalams, tiek \u0161ventiniams valgymams.<\/p>\n<\/li>\n<\/ol>\n<p class=\"\" data-start=\"1109\" data-end=\"1133\"><strong data-start=\"1109\" data-end=\"1133\">Naudojimo galimyb\u0117s:<\/strong><\/p>\n<ul data-start=\"1134\" data-end=\"1564\">\n<li class=\"\" data-start=\"1134\" data-end=\"1264\">\n<p class=\"\" data-start=\"1136\" data-end=\"1264\"><strong data-start=\"1136\" data-end=\"1148\">Salotoms<\/strong> \u2013 puikiai dera su \u0161vie\u017eiomis dar\u017eov\u0117mis ir pada\u017eais, suteikiant salotoms ne tik skanumo, bet ir maisting\u0173 med\u017eiag\u0173.<\/p>\n<\/li>\n<li class=\"\" data-start=\"1265\" data-end=\"1416\">\n<p class=\"\" data-start=\"1267\" data-end=\"1416\"><strong data-start=\"1267\" data-end=\"1298\">Sumu\u0161tiniams ir u\u017ekand\u017eiams<\/strong> \u2013 idealus pasirinkimas lengviems ir sveikiems sumu\u0161tiniams ar u\u017ekand\u017eiams, puikiai papildantis \u012fvairius ingredientus.<\/p>\n<\/li>\n<li class=\"\" data-start=\"1417\" data-end=\"1561\">\n<p class=\"\" data-start=\"1419\" data-end=\"1561\"><strong data-start=\"1419\" data-end=\"1448\">Pagrindiniams patiekalams<\/strong> \u2013 i\u0161skirtin\u0117 fil\u0117 gali tapti pagrindiniu patiekalu, puikiai dera su makaronais, ry\u017eiais, bulv\u0117mis ar dar\u017eov\u0117mis.<\/p>\n<\/li>\n<\/ul>\n<p class=\"\" data-start=\"1565\" data-end=\"1701\">Atraskite <strong data-start=\"1575\" data-end=\"1596\">DUNIA melvos fil\u0117<\/strong> ir patirkite, kaip auk\u0161\u010diausia kokyb\u0117 ir i\u0161skirtinis skonis gali paversti kiekvien\u0105 patiekal\u0105 ypatingu.<\/p>\n<p data-start=\"1565\" data-end=\"1701\">Sudedamosios dalys: <strong>Tunas (\u017euvis)<\/strong>, (Auxis thazard) augalinis aliejus ir druska. Maistin\u0117 vert\u0117: Vert\u0117s 100 g produkto Energin\u0117 vert\u0117 413 kj (99kcal) Riebalai 5,06g (i\u0161 kuri\u0173 so\u010di\u0173j\u0173 riebal\u0173 r\u016bg\u0161\u010di\u0173 0,93g), Angliavandeniai 0 g, Cukr\u016bs 0 g, Baltymai 13,3g, Druska** 0,8g. Laikyti v\u0117sioje vietoje. Atidarius pakuot\u0119 laikyti \u0161aldytuve ne metalin\u0117je taroje ir suvartoti per 72h. Partijos Nr.\/Geriausia suvartoti iki: \u017er. pakuot\u0119. Grynasis svoris 600g. Gamintojas DUNIA FOOD S.L. Kilm\u0117s \u0161alis: Ispanija.<\/p>\n","protected":false},"excerpt":{"rendered":"<p>DUNIA melvos fil\u0117 konservuose \u2013 i\u0161skirtinis skonis ir kokyb\u0117 DUNIA melvos fil\u0117 konservuose yra auk\u0161\u010diausios kokyb\u0117s produktas, kruop\u0161\u010diai supakuotas \u012f \u0161veln\u0173 augalin\u012f aliej\u0173, kad i\u0161laikyt\u0173 savo nat\u016bral\u0173 \u0161vie\u017eum\u0105 ir neprilygstam\u0105 skon\u012f. Kiekviena skardin\u0117 \u2013 tai tikras delikatesas, kur\u012f vertins net ir i\u0161rankiausi gurmanai. Kod\u0117l DUNIA melvos fil\u0117 yra i\u0161skirtin\u0117? Auk\u0161\u010diausios kokyb\u0117s \u017euvis \u2013 m\u016bs\u0173 melva yra kruop\u0161\u010diai atrinkta ir paruo\u0161ta taip, kad i\u0161laikyt\u0173 savo nat\u016bral\u0173 skon\u012f ir maisting\u0105sias savybes. Tai \u017euvis, augusi \u0161variuose vandenyse, tod\u0117l u\u017etikrinama jos \u0161vie\u017eumas ir kokyb\u0117. Nat\u016bralus konservavimas \u2013 fil\u0117 konservuojama \u0161velniai ir tik su auk\u0161tos kokyb\u0117s augaliniu aliejumi, kuris ne tik i\u0161saugo \u0161vie\u017eum\u0105, bet ir suteikia fil\u0117 subtil\u0173 skon\u012f, nesuteikdamas papildom\u0173 sunki\u0173 ar nenat\u016brali\u0173 kvap\u0173. Paprasta, ta\u010diau i\u0161skirtin\u0117 \u2013 d\u0117l savo subtilaus ir eleganti\u0161ko skonio melvos fil\u0117 puikiai dera su \u012fvairiais patiekalais. Tai idealus pasirinkimas tiek kasdieniams patiekalams, tiek \u0161ventiniams valgymams. Naudojimo galimyb\u0117s: Salotoms \u2013 puikiai dera su \u0161vie\u017eiomis dar\u017eov\u0117mis ir pada\u017eais, suteikiant salotoms ne tik skanumo, bet ir maisting\u0173 med\u017eiag\u0173. Sumu\u0161tiniams ir u\u017ekand\u017eiams \u2013 idealus pasirinkimas lengviems ir sveikiems sumu\u0161tiniams ar u\u017ekand\u017eiams, puikiai papildantis \u012fvairius ingredientus. Pagrindiniams patiekalams \u2013 i\u0161skirtin\u0117 fil\u0117 gali tapti pagrindiniu patiekalu, puikiai dera su makaronais, ry\u017eiais, bulv\u0117mis ar dar\u017eov\u0117mis. Atraskite DUNIA melvos fil\u0117 ir patirkite, kaip auk\u0161\u010diausia kokyb\u0117 ir i\u0161skirtinis skonis gali paversti kiekvien\u0105 patiekal\u0105 ypatingu. Sudedamosios dalys: Tunas (\u017euvis), (Auxis thazard) augalinis aliejus ir druska. Maistin\u0117 vert\u0117: Vert\u0117s 100 g produkto Energin\u0117 vert\u0117 413 kj (99kcal) Riebalai 5,06g (i\u0161 kuri\u0173 so\u010di\u0173j\u0173 riebal\u0173 r\u016bg\u0161\u010di\u0173 0,93g), Angliavandeniai 0 g, Cukr\u016bs 0 g, Baltymai 13,3g, Druska** 0,8g. Laikyti v\u0117sioje vietoje. Atidarius pakuot\u0119 laikyti \u0161aldytuve ne metalin\u0117je taroje ir suvartoti per 72h. Partijos Nr.\/Geriausia suvartoti iki: \u017er. pakuot\u0119. Grynasis svoris 600g. Gamintojas DUNIA FOOD S.L. Kilm\u0117s \u0161alis: Ispanija.<\/p>\n","protected":false},"featured_media":26063,"template":"","meta":[],"product_brand":[],"product_cat":[110,116,119,122,126],"product_tag":[],"class_list":{"0":"post-26061","1":"product","2":"type-product","3":"status-publish","4":"has-post-thumbnail","6":"product_cat-horeca-2","7":"product_cat-mazmenine-2","8":"product_cat-zuvis-horeca-2","9":"product_cat-zuvis-mazmenine-2","10":"product_cat-zuvis-2","12":"first","13":"instock","14":"shipping-taxable","15":"purchasable","16":"product-type-simple"},"yoast_head":"<!-- This site is optimized with the Yoast SEO plugin v23.7 - https:\/\/yoast.com\/wordpress\/plugins\/seo\/ -->\n<title>Melvos fil\u0117 augaliniame aliejuje 900g. | Espanola.lt<\/title>\n<meta name=\"description\" content=\"Atraskite auk\u0161tos kokyb\u0117s ispani\u0161kus delikatesus \u2013 s\u016brius, kumpius, alyvuoges ir \u017euv\u012f. Tikras Ispanijos skonis tiesiai \u012f j\u016bs\u0173 namus.\" \/>\n<meta name=\"robots\" content=\"index, follow, max-snippet:-1, max-image-preview:large, max-video-preview:-1\" \/>\n<link rel=\"canonical\" href=\"https:\/\/espanola.lt\/produktas\/melvos-file-augaliniame-aliejuje-900g\/\" \/>\n<meta property=\"og:locale\" content=\"en_US\" \/>\n<meta property=\"og:type\" content=\"article\" \/>\n<meta property=\"og:title\" content=\"Melvos fil\u0117 augaliniame aliejuje 900g. | Espanola.lt\" \/>\n<meta property=\"og:description\" content=\"Atraskite auk\u0161tos kokyb\u0117s ispani\u0161kus delikatesus \u2013 s\u016brius, kumpius, alyvuoges ir \u017euv\u012f. Tikras Ispanijos skonis tiesiai \u012f j\u016bs\u0173 namus.\" \/>\n<meta property=\"og:url\" content=\"https:\/\/espanola.lt\/produktas\/melvos-file-augaliniame-aliejuje-900g\/\" \/>\n<meta property=\"og:site_name\" content=\"Espanola\" \/>\n<meta property=\"article:publisher\" content=\"https:\/\/www.facebook.com\/espanola.lt\" \/>\n<meta property=\"article:modified_time\" content=\"2026-04-28T18:35:55+00:00\" \/>\n<meta property=\"og:image\" content=\"https:\/\/espanola.lt\/wp-content\/uploads\/2025\/04\/Melva-Hersan-.jpg\" \/>\n\t<meta property=\"og:image:width\" content=\"1000\" \/>\n\t<meta property=\"og:image:height\" content=\"1000\" \/>\n\t<meta property=\"og:image:type\" content=\"image\/jpeg\" \/>\n<meta name=\"twitter:card\" content=\"summary_large_image\" \/>\n<meta name=\"twitter:label1\" content=\"Est. reading time\" \/>\n\t<meta name=\"twitter:data1\" content=\"2 minutes\" \/>\n<script type=\"application\/ld+json\" class=\"yoast-schema-graph\">{\"@context\":\"https:\/\/schema.org\",\"@graph\":[{\"@type\":\"WebPage\",\"@id\":\"https:\/\/espanola.lt\/produktas\/melvos-file-augaliniame-aliejuje-900g\/\",\"url\":\"https:\/\/espanola.lt\/produktas\/melvos-file-augaliniame-aliejuje-900g\/\",\"name\":\"Melvos fil\u0117 augaliniame aliejuje 900g. | Espanola.lt\",\"isPartOf\":{\"@id\":\"https:\/\/espanola.lt\/#website\"},\"primaryImageOfPage\":{\"@id\":\"https:\/\/espanola.lt\/produktas\/melvos-file-augaliniame-aliejuje-900g\/#primaryimage\"},\"image\":{\"@id\":\"https:\/\/espanola.lt\/produktas\/melvos-file-augaliniame-aliejuje-900g\/#primaryimage\"},\"thumbnailUrl\":\"https:\/\/espanola.lt\/wp-content\/uploads\/2025\/04\/Melva-Hersan-.jpg\",\"datePublished\":\"2025-04-28T10:41:24+00:00\",\"dateModified\":\"2026-04-28T18:35:55+00:00\",\"description\":\"Atraskite auk\u0161tos kokyb\u0117s ispani\u0161kus delikatesus \u2013 s\u016brius, kumpius, alyvuoges ir \u017euv\u012f. Tikras Ispanijos skonis tiesiai \u012f j\u016bs\u0173 namus.\",\"breadcrumb\":{\"@id\":\"https:\/\/espanola.lt\/produktas\/melvos-file-augaliniame-aliejuje-900g\/#breadcrumb\"},\"inLanguage\":\"en-US\",\"potentialAction\":[{\"@type\":\"ReadAction\",\"target\":[\"https:\/\/espanola.lt\/produktas\/melvos-file-augaliniame-aliejuje-900g\/\"]}]},{\"@type\":\"ImageObject\",\"inLanguage\":\"en-US\",\"@id\":\"https:\/\/espanola.lt\/produktas\/melvos-file-augaliniame-aliejuje-900g\/#primaryimage\",\"url\":\"https:\/\/espanola.lt\/wp-content\/uploads\/2025\/04\/Melva-Hersan-.jpg\",\"contentUrl\":\"https:\/\/espanola.lt\/wp-content\/uploads\/2025\/04\/Melva-Hersan-.jpg\",\"width\":1000,\"height\":1000},{\"@type\":\"BreadcrumbList\",\"@id\":\"https:\/\/espanola.lt\/produktas\/melvos-file-augaliniame-aliejuje-900g\/#breadcrumb\",\"itemListElement\":[{\"@type\":\"ListItem\",\"position\":1,\"name\":\"Home\",\"item\":\"https:\/\/espanola.lt\/en\/homepage\/\"},{\"@type\":\"ListItem\",\"position\":2,\"name\":\"Shop\",\"item\":\"https:\/\/espanola.lt\/en\/shop\/\"},{\"@type\":\"ListItem\",\"position\":3,\"name\":\"Melvos fil\u0117 augaliniame aliejuje 900g.\"}]},{\"@type\":\"WebSite\",\"@id\":\"https:\/\/espanola.lt\/#website\",\"url\":\"https:\/\/espanola.lt\/\",\"name\":\"Espanola.lt | Tikras Ispanijos skonis \u2013 J\u016bs\u0173 namuose!\",\"description\":\"\",\"publisher\":{\"@id\":\"https:\/\/espanola.lt\/#organization\"},\"potentialAction\":[{\"@type\":\"SearchAction\",\"target\":{\"@type\":\"EntryPoint\",\"urlTemplate\":\"https:\/\/espanola.lt\/?s={search_term_string}\"},\"query-input\":{\"@type\":\"PropertyValueSpecification\",\"valueRequired\":true,\"valueName\":\"search_term_string\"}}],\"inLanguage\":\"en-US\"},{\"@type\":\"Organization\",\"@id\":\"https:\/\/espanola.lt\/#organization\",\"name\":\"Espanola.lt\",\"url\":\"https:\/\/espanola.lt\/\",\"logo\":{\"@type\":\"ImageObject\",\"inLanguage\":\"en-US\",\"@id\":\"https:\/\/espanola.lt\/#\/schema\/logo\/image\/\",\"url\":\"https:\/\/espanola.lt\/wp-content\/uploads\/2023\/03\/notext_color.png\",\"contentUrl\":\"https:\/\/espanola.lt\/wp-content\/uploads\/2023\/03\/notext_color.png\",\"width\":916,\"height\":204,\"caption\":\"Espanola.lt\"},\"image\":{\"@id\":\"https:\/\/espanola.lt\/#\/schema\/logo\/image\/\"},\"sameAs\":[\"https:\/\/www.facebook.com\/espanola.lt\",\"https:\/\/www.instagram.com\/espanola.lt\/\"]}]}<\/script>\n<!-- \/ Yoast SEO plugin. -->","yoast_head_json":{"title":"Melvos fil\u0117 augaliniame aliejuje 900g. | Espanola.lt","description":"Atraskite auk\u0161tos kokyb\u0117s ispani\u0161kus delikatesus \u2013 s\u016brius, kumpius, alyvuoges ir \u017euv\u012f. Tikras Ispanijos skonis tiesiai \u012f j\u016bs\u0173 namus.","robots":{"index":"index","follow":"follow","max-snippet":"max-snippet:-1","max-image-preview":"max-image-preview:large","max-video-preview":"max-video-preview:-1"},"canonical":"https:\/\/espanola.lt\/produktas\/melvos-file-augaliniame-aliejuje-900g\/","og_locale":"en_US","og_type":"article","og_title":"Melvos fil\u0117 augaliniame aliejuje 900g. | Espanola.lt","og_description":"Atraskite auk\u0161tos kokyb\u0117s ispani\u0161kus delikatesus \u2013 s\u016brius, kumpius, alyvuoges ir \u017euv\u012f. Tikras Ispanijos skonis tiesiai \u012f j\u016bs\u0173 namus.","og_url":"https:\/\/espanola.lt\/produktas\/melvos-file-augaliniame-aliejuje-900g\/","og_site_name":"Espanola","article_publisher":"https:\/\/www.facebook.com\/espanola.lt","article_modified_time":"2026-04-28T18:35:55+00:00","og_image":[{"width":1000,"height":1000,"url":"https:\/\/espanola.lt\/wp-content\/uploads\/2025\/04\/Melva-Hersan-.jpg","type":"image\/jpeg"}],"twitter_card":"summary_large_image","twitter_misc":{"Est. reading time":"2 minutes"},"schema":{"@context":"https:\/\/schema.org","@graph":[{"@type":"WebPage","@id":"https:\/\/espanola.lt\/produktas\/melvos-file-augaliniame-aliejuje-900g\/","url":"https:\/\/espanola.lt\/produktas\/melvos-file-augaliniame-aliejuje-900g\/","name":"Melvos fil\u0117 augaliniame aliejuje 900g. | Espanola.lt","isPartOf":{"@id":"https:\/\/espanola.lt\/#website"},"primaryImageOfPage":{"@id":"https:\/\/espanola.lt\/produktas\/melvos-file-augaliniame-aliejuje-900g\/#primaryimage"},"image":{"@id":"https:\/\/espanola.lt\/produktas\/melvos-file-augaliniame-aliejuje-900g\/#primaryimage"},"thumbnailUrl":"https:\/\/espanola.lt\/wp-content\/uploads\/2025\/04\/Melva-Hersan-.jpg","datePublished":"2025-04-28T10:41:24+00:00","dateModified":"2026-04-28T18:35:55+00:00","description":"Atraskite auk\u0161tos kokyb\u0117s ispani\u0161kus delikatesus \u2013 s\u016brius, kumpius, alyvuoges ir \u017euv\u012f. Tikras Ispanijos skonis tiesiai \u012f j\u016bs\u0173 namus.","breadcrumb":{"@id":"https:\/\/espanola.lt\/produktas\/melvos-file-augaliniame-aliejuje-900g\/#breadcrumb"},"inLanguage":"en-US","potentialAction":[{"@type":"ReadAction","target":["https:\/\/espanola.lt\/produktas\/melvos-file-augaliniame-aliejuje-900g\/"]}]},{"@type":"ImageObject","inLanguage":"en-US","@id":"https:\/\/espanola.lt\/produktas\/melvos-file-augaliniame-aliejuje-900g\/#primaryimage","url":"https:\/\/espanola.lt\/wp-content\/uploads\/2025\/04\/Melva-Hersan-.jpg","contentUrl":"https:\/\/espanola.lt\/wp-content\/uploads\/2025\/04\/Melva-Hersan-.jpg","width":1000,"height":1000},{"@type":"BreadcrumbList","@id":"https:\/\/espanola.lt\/produktas\/melvos-file-augaliniame-aliejuje-900g\/#breadcrumb","itemListElement":[{"@type":"ListItem","position":1,"name":"Home","item":"https:\/\/espanola.lt\/en\/homepage\/"},{"@type":"ListItem","position":2,"name":"Shop","item":"https:\/\/espanola.lt\/en\/shop\/"},{"@type":"ListItem","position":3,"name":"Melvos fil\u0117 augaliniame aliejuje 900g."}]},{"@type":"WebSite","@id":"https:\/\/espanola.lt\/#website","url":"https:\/\/espanola.lt\/","name":"Espanola.lt | Tikras Ispanijos skonis \u2013 J\u016bs\u0173 namuose!","description":"","publisher":{"@id":"https:\/\/espanola.lt\/#organization"},"potentialAction":[{"@type":"SearchAction","target":{"@type":"EntryPoint","urlTemplate":"https:\/\/espanola.lt\/?s={search_term_string}"},"query-input":{"@type":"PropertyValueSpecification","valueRequired":true,"valueName":"search_term_string"}}],"inLanguage":"en-US"},{"@type":"Organization","@id":"https:\/\/espanola.lt\/#organization","name":"Espanola.lt","url":"https:\/\/espanola.lt\/","logo":{"@type":"ImageObject","inLanguage":"en-US","@id":"https:\/\/espanola.lt\/#\/schema\/logo\/image\/","url":"https:\/\/espanola.lt\/wp-content\/uploads\/2023\/03\/notext_color.png","contentUrl":"https:\/\/espanola.lt\/wp-content\/uploads\/2023\/03\/notext_color.png","width":916,"height":204,"caption":"Espanola.lt"},"image":{"@id":"https:\/\/espanola.lt\/#\/schema\/logo\/image\/"},"sameAs":["https:\/\/www.facebook.com\/espanola.lt","https:\/\/www.instagram.com\/espanola.lt\/"]}]}},"_links":{"self":[{"href":"https:\/\/espanola.lt\/en\/wp-json\/wp\/v2\/product\/26061"}],"collection":[{"href":"https:\/\/espanola.lt\/en\/wp-json\/wp\/v2\/product"}],"about":[{"href":"https:\/\/espanola.lt\/en\/wp-json\/wp\/v2\/types\/product"}],"version-history":[{"count":2,"href":"https:\/\/espanola.lt\/en\/wp-json\/wp\/v2\/product\/26061\/revisions"}],"predecessor-version":[{"id":26068,"href":"https:\/\/espanola.lt\/en\/wp-json\/wp\/v2\/product\/26061\/revisions\/26068"}],"wp:featuredmedia":[{"embeddable":true,"href":"https:\/\/espanola.lt\/en\/wp-json\/wp\/v2\/media\/26063"}],"wp:attachment":[{"href":"https:\/\/espanola.lt\/en\/wp-json\/wp\/v2\/media?parent=26061"}],"wp:term":[{"taxonomy":"product_brand","embeddable":true,"href":"https:\/\/espanola.lt\/en\/wp-json\/wp\/v2\/product_brand?post=26061"},{"taxonomy":"product_cat","embeddable":true,"href":"https:\/\/espanola.lt\/en\/wp-json\/wp\/v2\/product_cat?post=26061"},{"taxonomy":"product_tag","embeddable":true,"href":"https:\/\/espanola.lt\/en\/wp-json\/wp\/v2\/product_tag?post=26061"}],"curies":[{"name":"wp","href":"https:\/\/api.w.org\/{rel}","templated":true}]}}