{"id":25293,"date":"2024-06-11T11:16:20","date_gmt":"2024-06-11T11:16:20","guid":{"rendered":"https:\/\/espanola.lt\/?post_type=product&#038;p=25293"},"modified":"2024-06-11T11:25:14","modified_gmt":"2024-06-11T11:25:14","slug":"kimbos-gordal-alyvuoges-idarytos-agurkeliu-1400g-800g","status":"publish","type":"product","link":"https:\/\/espanola.lt\/en\/product\/kimbos-gordal-alyvuoges-idarytos-agurkeliu-1400g-800g\/","title":{"rendered":"KIMBOS, gordal alyvuog\u0117s \u012fdarytos agurk\u0117liu 1400g\/800g"},"content":{"rendered":"<p>KIMBOS, tai Giganti\u0161kos Gordal alyvuog\u0117s \u012fdarytos agurk\u0117liu!<\/p>\n<p>M\u0117singa alyvuog\u0117 ir tra\u0161kus agurk\u0117lis, puikus pasirinkimas prie J\u016bs\u0173 m\u0117gstam\u0173 m\u0117sos patiekal\u0173.<\/p>\n<p>Sudedamosios dalys: Gordal alyvuog\u0117s, agurk\u0117liai, vanduo, vyno actas, druska, E-621, E635, r\u016bg\u0161tiklis: citrinos r\u016bg\u0161tis, pieno r\u016bg\u0161tis ir antioksidantas: askorbo r\u016bg\u0161tis. Sud\u0117tyje yra sulfit\u0173. Maistin\u0117 vert\u0117: Vert\u0117s 100 g produkto Energin\u0117 vert\u0117 484 kj (115 kcal) Riebalai 10,0 g (i\u0161 kuri\u0173 so\u010di\u0173j\u0173 riebal\u0173 r\u016bg\u0161\u010di\u0173 0,2 g.), Angliavandeniai 3,6g., i\u0161 kuri\u0173 Cukr\u016bs 0 g, Skaidulin\u0117s med\u017eiagos 3,2, Baltymai 1,1 g, Druska 2,61 g. Laikyti v\u0117sioje vietoje. Atidarius pakuot\u0119 laikyti \u0161aldytuve ir suvartoti per 7 dienas. Partijos Nr.\/Geriausia suvartoti iki: \u017er. pakuot\u0119. Grynasis svoris 800g. Gamintojas Aceitunas Callosa, S.L. . Kilm\u0117s \u0161alis: Ispanija<\/p>\n<p>&nbsp;<\/p>\n","protected":false},"excerpt":{"rendered":"<p>KIMBOS, tai Giganti\u0161kos Gordal alyvuog\u0117s \u012fdarytos agurk\u0117liu! M\u0117singa alyvuog\u0117 ir tra\u0161kus agurk\u0117lis, puikus pasirinkimas prie J\u016bs\u0173 m\u0117gstam\u0173 m\u0117sos patiekal\u0173. Sudedamosios dalys: Gordal alyvuog\u0117s, agurk\u0117liai, vanduo, vyno actas, druska, E-621, E635, r\u016bg\u0161tiklis: citrinos r\u016bg\u0161tis, pieno r\u016bg\u0161tis ir antioksidantas: askorbo r\u016bg\u0161tis. Sud\u0117tyje yra sulfit\u0173. Maistin\u0117 vert\u0117: Vert\u0117s 100 g produkto Energin\u0117 vert\u0117 484 kj (115 kcal) Riebalai 10,0 g (i\u0161 kuri\u0173 so\u010di\u0173j\u0173 riebal\u0173 r\u016bg\u0161\u010di\u0173 0,2 g.), Angliavandeniai 3,6g., i\u0161 kuri\u0173 Cukr\u016bs 0 g, Skaidulin\u0117s med\u017eiagos 3,2, Baltymai 1,1 g, Druska 2,61 g. Laikyti v\u0117sioje vietoje. Atidarius pakuot\u0119 laikyti \u0161aldytuve ir suvartoti per 7 dienas. Partijos Nr.\/Geriausia suvartoti iki: \u017er. pakuot\u0119. Grynasis svoris 800g. Gamintojas Aceitunas Callosa, S.L. . Kilm\u0117s \u0161alis: Ispanija &nbsp;<\/p>\n","protected":false},"featured_media":25295,"template":"","meta":[],"product_brand":[],"product_cat":[97,98,88],"product_tag":[],"class_list":{"0":"post-25293","1":"product","2":"type-product","3":"status-publish","4":"has-post-thumbnail","6":"product_cat-alyvuoges","7":"product_cat-alyvuoges-horeca","8":"product_cat-horeca","10":"first","11":"instock","12":"sale","13":"shipping-taxable","14":"purchasable","15":"product-type-simple"},"yoast_head":"<!-- This site is optimized with the Yoast SEO plugin v23.7 - https:\/\/yoast.com\/wordpress\/plugins\/seo\/ -->\n<title>KIMBOS, gordal alyvuog\u0117s \u012fdarytos agurk\u0117liu 1400g\/800g | Espanola.lt<\/title>\n<meta name=\"description\" content=\"Atraskite auk\u0161tos kokyb\u0117s ispani\u0161kus delikatesus \u2013 s\u016brius, kumpius, alyvuoges ir \u017euv\u012f. Tikras Ispanijos skonis tiesiai \u012f j\u016bs\u0173 namus.\" \/>\n<meta name=\"robots\" content=\"index, follow, max-snippet:-1, max-image-preview:large, max-video-preview:-1\" \/>\n<link rel=\"canonical\" href=\"https:\/\/espanola.lt\/en\/product\/kimbos-gordal-alyvuoges-idarytos-agurkeliu-1400g-800g\/\" \/>\n<meta property=\"og:locale\" content=\"en_US\" \/>\n<meta property=\"og:type\" content=\"article\" \/>\n<meta property=\"og:title\" content=\"KIMBOS, gordal alyvuog\u0117s \u012fdarytos agurk\u0117liu 1400g\/800g | Espanola.lt\" \/>\n<meta property=\"og:description\" content=\"Atraskite auk\u0161tos kokyb\u0117s ispani\u0161kus delikatesus \u2013 s\u016brius, kumpius, alyvuoges ir \u017euv\u012f. Tikras Ispanijos skonis tiesiai \u012f j\u016bs\u0173 namus.\" \/>\n<meta property=\"og:url\" content=\"https:\/\/espanola.lt\/en\/product\/kimbos-gordal-alyvuoges-idarytos-agurkeliu-1400g-800g\/\" \/>\n<meta property=\"og:site_name\" content=\"Espanola\" \/>\n<meta property=\"article:publisher\" content=\"https:\/\/www.facebook.com\/espanola.lt\" \/>\n<meta property=\"article:modified_time\" content=\"2024-06-11T11:25:14+00:00\" \/>\n<meta property=\"og:image\" content=\"https:\/\/espanola.lt\/wp-content\/uploads\/2024\/06\/Bernal_Kimbos_I.jpg\" \/>\n\t<meta property=\"og:image:width\" content=\"1190\" \/>\n\t<meta property=\"og:image:height\" content=\"1600\" \/>\n\t<meta property=\"og:image:type\" content=\"image\/jpeg\" \/>\n<meta name=\"twitter:card\" content=\"summary_large_image\" \/>\n<meta name=\"twitter:label1\" content=\"Est. reading time\" \/>\n\t<meta name=\"twitter:data1\" content=\"1 minute\" \/>\n<script type=\"application\/ld+json\" class=\"yoast-schema-graph\">{\"@context\":\"https:\/\/schema.org\",\"@graph\":[{\"@type\":\"WebPage\",\"@id\":\"https:\/\/espanola.lt\/en\/product\/kimbos-gordal-alyvuoges-idarytos-agurkeliu-1400g-800g\/\",\"url\":\"https:\/\/espanola.lt\/en\/product\/kimbos-gordal-alyvuoges-idarytos-agurkeliu-1400g-800g\/\",\"name\":\"KIMBOS, gordal alyvuog\u0117s \u012fdarytos agurk\u0117liu 1400g\/800g | Espanola.lt\",\"isPartOf\":{\"@id\":\"https:\/\/espanola.lt\/#website\"},\"primaryImageOfPage\":{\"@id\":\"https:\/\/espanola.lt\/en\/product\/kimbos-gordal-alyvuoges-idarytos-agurkeliu-1400g-800g\/#primaryimage\"},\"image\":{\"@id\":\"https:\/\/espanola.lt\/en\/product\/kimbos-gordal-alyvuoges-idarytos-agurkeliu-1400g-800g\/#primaryimage\"},\"thumbnailUrl\":\"https:\/\/espanola.lt\/wp-content\/uploads\/2024\/06\/Bernal_Kimbos_I.jpg\",\"datePublished\":\"2024-06-11T11:16:20+00:00\",\"dateModified\":\"2024-06-11T11:25:14+00:00\",\"description\":\"Atraskite auk\u0161tos kokyb\u0117s ispani\u0161kus delikatesus \u2013 s\u016brius, kumpius, alyvuoges ir \u017euv\u012f. Tikras Ispanijos skonis tiesiai \u012f j\u016bs\u0173 namus.\",\"breadcrumb\":{\"@id\":\"https:\/\/espanola.lt\/en\/product\/kimbos-gordal-alyvuoges-idarytos-agurkeliu-1400g-800g\/#breadcrumb\"},\"inLanguage\":\"en-US\",\"potentialAction\":[{\"@type\":\"ReadAction\",\"target\":[\"https:\/\/espanola.lt\/en\/product\/kimbos-gordal-alyvuoges-idarytos-agurkeliu-1400g-800g\/\"]}]},{\"@type\":\"ImageObject\",\"inLanguage\":\"en-US\",\"@id\":\"https:\/\/espanola.lt\/en\/product\/kimbos-gordal-alyvuoges-idarytos-agurkeliu-1400g-800g\/#primaryimage\",\"url\":\"https:\/\/espanola.lt\/wp-content\/uploads\/2024\/06\/Bernal_Kimbos_I.jpg\",\"contentUrl\":\"https:\/\/espanola.lt\/wp-content\/uploads\/2024\/06\/Bernal_Kimbos_I.jpg\",\"width\":1190,\"height\":1600},{\"@type\":\"BreadcrumbList\",\"@id\":\"https:\/\/espanola.lt\/en\/product\/kimbos-gordal-alyvuoges-idarytos-agurkeliu-1400g-800g\/#breadcrumb\",\"itemListElement\":[{\"@type\":\"ListItem\",\"position\":1,\"name\":\"Home\",\"item\":\"https:\/\/espanola.lt\/en\/homepage\/\"},{\"@type\":\"ListItem\",\"position\":2,\"name\":\"Shop\",\"item\":\"https:\/\/espanola.lt\/en\/shop\/\"},{\"@type\":\"ListItem\",\"position\":3,\"name\":\"KIMBOS, gordal alyvuog\u0117s \u012fdarytos agurk\u0117liu 1400g\/800g\"}]},{\"@type\":\"WebSite\",\"@id\":\"https:\/\/espanola.lt\/#website\",\"url\":\"https:\/\/espanola.lt\/\",\"name\":\"Espanola.lt | Tikras Ispanijos skonis \u2013 J\u016bs\u0173 namuose!\",\"description\":\"\",\"publisher\":{\"@id\":\"https:\/\/espanola.lt\/#organization\"},\"potentialAction\":[{\"@type\":\"SearchAction\",\"target\":{\"@type\":\"EntryPoint\",\"urlTemplate\":\"https:\/\/espanola.lt\/?s={search_term_string}\"},\"query-input\":{\"@type\":\"PropertyValueSpecification\",\"valueRequired\":true,\"valueName\":\"search_term_string\"}}],\"inLanguage\":\"en-US\"},{\"@type\":\"Organization\",\"@id\":\"https:\/\/espanola.lt\/#organization\",\"name\":\"Espanola.lt\",\"url\":\"https:\/\/espanola.lt\/\",\"logo\":{\"@type\":\"ImageObject\",\"inLanguage\":\"en-US\",\"@id\":\"https:\/\/espanola.lt\/#\/schema\/logo\/image\/\",\"url\":\"https:\/\/espanola.lt\/wp-content\/uploads\/2023\/03\/notext_color.png\",\"contentUrl\":\"https:\/\/espanola.lt\/wp-content\/uploads\/2023\/03\/notext_color.png\",\"width\":916,\"height\":204,\"caption\":\"Espanola.lt\"},\"image\":{\"@id\":\"https:\/\/espanola.lt\/#\/schema\/logo\/image\/\"},\"sameAs\":[\"https:\/\/www.facebook.com\/espanola.lt\",\"https:\/\/www.instagram.com\/espanola.lt\/\"]}]}<\/script>\n<!-- \/ Yoast SEO plugin. -->","yoast_head_json":{"title":"KIMBOS, gordal alyvuog\u0117s \u012fdarytos agurk\u0117liu 1400g\/800g | Espanola.lt","description":"Atraskite auk\u0161tos kokyb\u0117s ispani\u0161kus delikatesus \u2013 s\u016brius, kumpius, alyvuoges ir \u017euv\u012f. Tikras Ispanijos skonis tiesiai \u012f j\u016bs\u0173 namus.","robots":{"index":"index","follow":"follow","max-snippet":"max-snippet:-1","max-image-preview":"max-image-preview:large","max-video-preview":"max-video-preview:-1"},"canonical":"https:\/\/espanola.lt\/en\/product\/kimbos-gordal-alyvuoges-idarytos-agurkeliu-1400g-800g\/","og_locale":"en_US","og_type":"article","og_title":"KIMBOS, gordal alyvuog\u0117s \u012fdarytos agurk\u0117liu 1400g\/800g | Espanola.lt","og_description":"Atraskite auk\u0161tos kokyb\u0117s ispani\u0161kus delikatesus \u2013 s\u016brius, kumpius, alyvuoges ir \u017euv\u012f. Tikras Ispanijos skonis tiesiai \u012f j\u016bs\u0173 namus.","og_url":"https:\/\/espanola.lt\/en\/product\/kimbos-gordal-alyvuoges-idarytos-agurkeliu-1400g-800g\/","og_site_name":"Espanola","article_publisher":"https:\/\/www.facebook.com\/espanola.lt","article_modified_time":"2024-06-11T11:25:14+00:00","og_image":[{"width":1190,"height":1600,"url":"https:\/\/espanola.lt\/wp-content\/uploads\/2024\/06\/Bernal_Kimbos_I.jpg","type":"image\/jpeg"}],"twitter_card":"summary_large_image","twitter_misc":{"Est. reading time":"1 minute"},"schema":{"@context":"https:\/\/schema.org","@graph":[{"@type":"WebPage","@id":"https:\/\/espanola.lt\/en\/product\/kimbos-gordal-alyvuoges-idarytos-agurkeliu-1400g-800g\/","url":"https:\/\/espanola.lt\/en\/product\/kimbos-gordal-alyvuoges-idarytos-agurkeliu-1400g-800g\/","name":"KIMBOS, gordal alyvuog\u0117s \u012fdarytos agurk\u0117liu 1400g\/800g | Espanola.lt","isPartOf":{"@id":"https:\/\/espanola.lt\/#website"},"primaryImageOfPage":{"@id":"https:\/\/espanola.lt\/en\/product\/kimbos-gordal-alyvuoges-idarytos-agurkeliu-1400g-800g\/#primaryimage"},"image":{"@id":"https:\/\/espanola.lt\/en\/product\/kimbos-gordal-alyvuoges-idarytos-agurkeliu-1400g-800g\/#primaryimage"},"thumbnailUrl":"https:\/\/espanola.lt\/wp-content\/uploads\/2024\/06\/Bernal_Kimbos_I.jpg","datePublished":"2024-06-11T11:16:20+00:00","dateModified":"2024-06-11T11:25:14+00:00","description":"Atraskite auk\u0161tos kokyb\u0117s ispani\u0161kus delikatesus \u2013 s\u016brius, kumpius, alyvuoges ir \u017euv\u012f. Tikras Ispanijos skonis tiesiai \u012f j\u016bs\u0173 namus.","breadcrumb":{"@id":"https:\/\/espanola.lt\/en\/product\/kimbos-gordal-alyvuoges-idarytos-agurkeliu-1400g-800g\/#breadcrumb"},"inLanguage":"en-US","potentialAction":[{"@type":"ReadAction","target":["https:\/\/espanola.lt\/en\/product\/kimbos-gordal-alyvuoges-idarytos-agurkeliu-1400g-800g\/"]}]},{"@type":"ImageObject","inLanguage":"en-US","@id":"https:\/\/espanola.lt\/en\/product\/kimbos-gordal-alyvuoges-idarytos-agurkeliu-1400g-800g\/#primaryimage","url":"https:\/\/espanola.lt\/wp-content\/uploads\/2024\/06\/Bernal_Kimbos_I.jpg","contentUrl":"https:\/\/espanola.lt\/wp-content\/uploads\/2024\/06\/Bernal_Kimbos_I.jpg","width":1190,"height":1600},{"@type":"BreadcrumbList","@id":"https:\/\/espanola.lt\/en\/product\/kimbos-gordal-alyvuoges-idarytos-agurkeliu-1400g-800g\/#breadcrumb","itemListElement":[{"@type":"ListItem","position":1,"name":"Home","item":"https:\/\/espanola.lt\/en\/homepage\/"},{"@type":"ListItem","position":2,"name":"Shop","item":"https:\/\/espanola.lt\/en\/shop\/"},{"@type":"ListItem","position":3,"name":"KIMBOS, gordal alyvuog\u0117s \u012fdarytos agurk\u0117liu 1400g\/800g"}]},{"@type":"WebSite","@id":"https:\/\/espanola.lt\/#website","url":"https:\/\/espanola.lt\/","name":"Espanola.lt | Tikras Ispanijos skonis \u2013 J\u016bs\u0173 namuose!","description":"","publisher":{"@id":"https:\/\/espanola.lt\/#organization"},"potentialAction":[{"@type":"SearchAction","target":{"@type":"EntryPoint","urlTemplate":"https:\/\/espanola.lt\/?s={search_term_string}"},"query-input":{"@type":"PropertyValueSpecification","valueRequired":true,"valueName":"search_term_string"}}],"inLanguage":"en-US"},{"@type":"Organization","@id":"https:\/\/espanola.lt\/#organization","name":"Espanola.lt","url":"https:\/\/espanola.lt\/","logo":{"@type":"ImageObject","inLanguage":"en-US","@id":"https:\/\/espanola.lt\/#\/schema\/logo\/image\/","url":"https:\/\/espanola.lt\/wp-content\/uploads\/2023\/03\/notext_color.png","contentUrl":"https:\/\/espanola.lt\/wp-content\/uploads\/2023\/03\/notext_color.png","width":916,"height":204,"caption":"Espanola.lt"},"image":{"@id":"https:\/\/espanola.lt\/#\/schema\/logo\/image\/"},"sameAs":["https:\/\/www.facebook.com\/espanola.lt","https:\/\/www.instagram.com\/espanola.lt\/"]}]}},"_links":{"self":[{"href":"https:\/\/espanola.lt\/en\/wp-json\/wp\/v2\/product\/25293"}],"collection":[{"href":"https:\/\/espanola.lt\/en\/wp-json\/wp\/v2\/product"}],"about":[{"href":"https:\/\/espanola.lt\/en\/wp-json\/wp\/v2\/types\/product"}],"version-history":[{"count":1,"href":"https:\/\/espanola.lt\/en\/wp-json\/wp\/v2\/product\/25293\/revisions"}],"predecessor-version":[{"id":25301,"href":"https:\/\/espanola.lt\/en\/wp-json\/wp\/v2\/product\/25293\/revisions\/25301"}],"wp:featuredmedia":[{"embeddable":true,"href":"https:\/\/espanola.lt\/en\/wp-json\/wp\/v2\/media\/25295"}],"wp:attachment":[{"href":"https:\/\/espanola.lt\/en\/wp-json\/wp\/v2\/media?parent=25293"}],"wp:term":[{"taxonomy":"product_brand","embeddable":true,"href":"https:\/\/espanola.lt\/en\/wp-json\/wp\/v2\/product_brand?post=25293"},{"taxonomy":"product_cat","embeddable":true,"href":"https:\/\/espanola.lt\/en\/wp-json\/wp\/v2\/product_cat?post=25293"},{"taxonomy":"product_tag","embeddable":true,"href":"https:\/\/espanola.lt\/en\/wp-json\/wp\/v2\/product_tag?post=25293"}],"curies":[{"name":"wp","href":"https:\/\/api.w.org\/{rel}","templated":true}]}}