{"id":25157,"date":"2024-05-16T12:22:33","date_gmt":"2024-05-16T12:22:33","guid":{"rendered":"https:\/\/espanola.lt\/?post_type=product&#038;p=25157"},"modified":"2026-02-09T10:48:06","modified_gmt":"2026-02-09T10:48:06","slug":"alyvuoges-idarytos-juodaisiais-trumais-300g","status":"publish","type":"product","link":"https:\/\/espanola.lt\/en\/produktas\/alyvuoges-idarytos-juodaisiais-trumais-300g\/","title":{"rendered":"Alyvuog\u0117s \u012fdarytos juodaisiais trumais, 300g."},"content":{"rendered":"<p>Ar kadanors teko regauti alyvuoges su juodaisiais trumais?<\/p>\n<p>Tai TOP\u0173 TOPas!<\/p>\n<p>\u0160ios alyvuog\u0117s b\u016btinas akcentas tavo gurmani\u0161kam vakar\u0117liui!<\/p>\n<p>Sudedamosios dalys: Manzanilla alyvuog\u0117s, trum\u0173 pasta 9,5% (vanduo, juod\u0173j\u0173 trum\u0173 laukiniai gumbai (95%), juod\u0173j\u0173 trum\u0173 gumb\u0173 sultys (5%), juod\u0173j\u0173 trum\u0173 aromatas) ir stabilizatorius: natrio alginatas), vanduo, druska, E-621, E635, r\u016bg\u0161tiklis: citrinos r\u016bg\u0161tis ir antioksidantas: askorbo r\u016bg\u0161tis. (PASTERIZUOTA) Maistin\u0117 vert\u0117: Vert\u0117s 100 g produkto Energin\u0117 vert\u0117 606 kj (147 kcal) Riebalai 13,1 g (i\u0161 kuri\u0173 so\u010di\u0173j\u0173 riebal\u0173 r\u016bg\u0161\u010di\u0173 5,7 g.), Angliavandeniai 3,9 g., i\u0161 kuri\u0173 Cukr\u016bs 0 g, Skaidulin\u0117s med\u017eiagos 3,9, Baltymai 1,4 g, Druska 2,5 g. Laikyti v\u0117sioje vietoje. Atidarius pakuot\u0119 laikyti \u0161aldytuve ir suvartoti per 7 dienas. Partijos Nr.\/Geriausia suvartoti iki: \u017er. pakuot\u0119. Grynasis svoris 180g. Gamintojas Bernal Alimentacion, S.L. . Kilm\u0117s \u0161alis: Ispanija<\/p>\n","protected":false},"excerpt":{"rendered":"<p>Ar kadanors teko regauti alyvuoges su juodaisiais trumais? Tai TOP\u0173 TOPas! \u0160ios alyvuog\u0117s b\u016btinas akcentas tavo gurmani\u0161kam vakar\u0117liui! Sudedamosios dalys: Manzanilla alyvuog\u0117s, trum\u0173 pasta 9,5% (vanduo, juod\u0173j\u0173 trum\u0173 laukiniai gumbai (95%), juod\u0173j\u0173 trum\u0173 gumb\u0173 sultys (5%), juod\u0173j\u0173 trum\u0173 aromatas) ir stabilizatorius: natrio alginatas), vanduo, druska, E-621, E635, r\u016bg\u0161tiklis: citrinos r\u016bg\u0161tis ir antioksidantas: askorbo r\u016bg\u0161tis. (PASTERIZUOTA) Maistin\u0117 vert\u0117: Vert\u0117s 100 g produkto Energin\u0117 vert\u0117 606 kj (147 kcal) Riebalai 13,1 g (i\u0161 kuri\u0173 so\u010di\u0173j\u0173 riebal\u0173 r\u016bg\u0161\u010di\u0173 5,7 g.), Angliavandeniai 3,9 g., i\u0161 kuri\u0173 Cukr\u016bs 0 g, Skaidulin\u0117s med\u017eiagos 3,9, Baltymai 1,4 g, Druska 2,5 g. Laikyti v\u0117sioje vietoje. Atidarius pakuot\u0119 laikyti \u0161aldytuve ir suvartoti per 7 dienas. Partijos Nr.\/Geriausia suvartoti iki: \u017er. pakuot\u0119. Grynasis svoris 180g. Gamintojas Bernal Alimentacion, S.L. . Kilm\u0117s \u0161alis: Ispanija<\/p>\n","protected":false},"featured_media":26565,"template":"","meta":[],"product_brand":[],"product_cat":[112,113],"product_tag":[],"class_list":{"0":"post-25157","1":"product","2":"type-product","3":"status-publish","4":"has-post-thumbnail","6":"product_cat-alyvuoges","7":"product_cat-alyvuoges-3","9":"first","10":"instock","11":"shipping-taxable","12":"purchasable","13":"product-type-simple"},"yoast_head":"<!-- This site is optimized with the Yoast SEO plugin v23.7 - https:\/\/yoast.com\/wordpress\/plugins\/seo\/ -->\n<title>Alyvuog\u0117s \u012fdarytos juodaisiais trumais, 300g. | Espanola.lt<\/title>\n<meta name=\"description\" content=\"Atraskite auk\u0161tos kokyb\u0117s ispani\u0161kus delikatesus \u2013 s\u016brius, kumpius, alyvuoges ir \u017euv\u012f. Tikras Ispanijos skonis tiesiai \u012f j\u016bs\u0173 namus.\" \/>\n<meta name=\"robots\" content=\"index, follow, max-snippet:-1, max-image-preview:large, max-video-preview:-1\" \/>\n<link rel=\"canonical\" href=\"https:\/\/espanola.lt\/produktas\/alyvuoges-idarytos-juodaisiais-trumais-300g\/\" \/>\n<meta property=\"og:locale\" content=\"en_US\" \/>\n<meta property=\"og:type\" content=\"article\" \/>\n<meta property=\"og:title\" content=\"Alyvuog\u0117s \u012fdarytos juodaisiais trumais, 300g. | Espanola.lt\" \/>\n<meta property=\"og:description\" content=\"Atraskite auk\u0161tos kokyb\u0117s ispani\u0161kus delikatesus \u2013 s\u016brius, kumpius, alyvuoges ir \u017euv\u012f. Tikras Ispanijos skonis tiesiai \u012f j\u016bs\u0173 namus.\" \/>\n<meta property=\"og:url\" content=\"https:\/\/espanola.lt\/produktas\/alyvuoges-idarytos-juodaisiais-trumais-300g\/\" \/>\n<meta property=\"og:site_name\" content=\"Espanola\" \/>\n<meta property=\"article:publisher\" content=\"https:\/\/www.facebook.com\/espanola.lt\" \/>\n<meta property=\"article:modified_time\" content=\"2026-02-09T10:48:06+00:00\" \/>\n<meta property=\"og:image\" content=\"https:\/\/espanola.lt\/wp-content\/uploads\/2024\/05\/image_processing20241211-70-7uhsr4.webp\" \/>\n\t<meta property=\"og:image:width\" content=\"512\" \/>\n\t<meta property=\"og:image:height\" content=\"512\" \/>\n\t<meta property=\"og:image:type\" content=\"image\/webp\" \/>\n<meta name=\"twitter:card\" content=\"summary_large_image\" \/>\n<meta name=\"twitter:label1\" content=\"Est. reading time\" \/>\n\t<meta name=\"twitter:data1\" content=\"1 minute\" \/>\n<script type=\"application\/ld+json\" class=\"yoast-schema-graph\">{\"@context\":\"https:\/\/schema.org\",\"@graph\":[{\"@type\":\"WebPage\",\"@id\":\"https:\/\/espanola.lt\/produktas\/alyvuoges-idarytos-juodaisiais-trumais-300g\/\",\"url\":\"https:\/\/espanola.lt\/produktas\/alyvuoges-idarytos-juodaisiais-trumais-300g\/\",\"name\":\"Alyvuog\u0117s \u012fdarytos juodaisiais trumais, 300g. | Espanola.lt\",\"isPartOf\":{\"@id\":\"https:\/\/espanola.lt\/#website\"},\"primaryImageOfPage\":{\"@id\":\"https:\/\/espanola.lt\/produktas\/alyvuoges-idarytos-juodaisiais-trumais-300g\/#primaryimage\"},\"image\":{\"@id\":\"https:\/\/espanola.lt\/produktas\/alyvuoges-idarytos-juodaisiais-trumais-300g\/#primaryimage\"},\"thumbnailUrl\":\"https:\/\/espanola.lt\/wp-content\/uploads\/2024\/05\/image_processing20241211-70-7uhsr4.webp\",\"datePublished\":\"2024-05-16T12:22:33+00:00\",\"dateModified\":\"2026-02-09T10:48:06+00:00\",\"description\":\"Atraskite auk\u0161tos kokyb\u0117s ispani\u0161kus delikatesus \u2013 s\u016brius, kumpius, alyvuoges ir \u017euv\u012f. Tikras Ispanijos skonis tiesiai \u012f j\u016bs\u0173 namus.\",\"breadcrumb\":{\"@id\":\"https:\/\/espanola.lt\/produktas\/alyvuoges-idarytos-juodaisiais-trumais-300g\/#breadcrumb\"},\"inLanguage\":\"en-US\",\"potentialAction\":[{\"@type\":\"ReadAction\",\"target\":[\"https:\/\/espanola.lt\/produktas\/alyvuoges-idarytos-juodaisiais-trumais-300g\/\"]}]},{\"@type\":\"ImageObject\",\"inLanguage\":\"en-US\",\"@id\":\"https:\/\/espanola.lt\/produktas\/alyvuoges-idarytos-juodaisiais-trumais-300g\/#primaryimage\",\"url\":\"https:\/\/espanola.lt\/wp-content\/uploads\/2024\/05\/image_processing20241211-70-7uhsr4.webp\",\"contentUrl\":\"https:\/\/espanola.lt\/wp-content\/uploads\/2024\/05\/image_processing20241211-70-7uhsr4.webp\",\"width\":512,\"height\":512},{\"@type\":\"BreadcrumbList\",\"@id\":\"https:\/\/espanola.lt\/produktas\/alyvuoges-idarytos-juodaisiais-trumais-300g\/#breadcrumb\",\"itemListElement\":[{\"@type\":\"ListItem\",\"position\":1,\"name\":\"Home\",\"item\":\"https:\/\/espanola.lt\/en\/homepage\/\"},{\"@type\":\"ListItem\",\"position\":2,\"name\":\"Shop\",\"item\":\"https:\/\/espanola.lt\/en\/shop\/\"},{\"@type\":\"ListItem\",\"position\":3,\"name\":\"Alyvuog\u0117s \u012fdarytos juodaisiais trumais, 300g.\"}]},{\"@type\":\"WebSite\",\"@id\":\"https:\/\/espanola.lt\/#website\",\"url\":\"https:\/\/espanola.lt\/\",\"name\":\"Espanola.lt | Tikras Ispanijos skonis \u2013 J\u016bs\u0173 namuose!\",\"description\":\"\",\"publisher\":{\"@id\":\"https:\/\/espanola.lt\/#organization\"},\"potentialAction\":[{\"@type\":\"SearchAction\",\"target\":{\"@type\":\"EntryPoint\",\"urlTemplate\":\"https:\/\/espanola.lt\/?s={search_term_string}\"},\"query-input\":{\"@type\":\"PropertyValueSpecification\",\"valueRequired\":true,\"valueName\":\"search_term_string\"}}],\"inLanguage\":\"en-US\"},{\"@type\":\"Organization\",\"@id\":\"https:\/\/espanola.lt\/#organization\",\"name\":\"Espanola.lt\",\"url\":\"https:\/\/espanola.lt\/\",\"logo\":{\"@type\":\"ImageObject\",\"inLanguage\":\"en-US\",\"@id\":\"https:\/\/espanola.lt\/#\/schema\/logo\/image\/\",\"url\":\"https:\/\/espanola.lt\/wp-content\/uploads\/2023\/03\/notext_color.png\",\"contentUrl\":\"https:\/\/espanola.lt\/wp-content\/uploads\/2023\/03\/notext_color.png\",\"width\":916,\"height\":204,\"caption\":\"Espanola.lt\"},\"image\":{\"@id\":\"https:\/\/espanola.lt\/#\/schema\/logo\/image\/\"},\"sameAs\":[\"https:\/\/www.facebook.com\/espanola.lt\",\"https:\/\/www.instagram.com\/espanola.lt\/\"]}]}<\/script>\n<!-- \/ Yoast SEO plugin. -->","yoast_head_json":{"title":"Alyvuog\u0117s \u012fdarytos juodaisiais trumais, 300g. | Espanola.lt","description":"Atraskite auk\u0161tos kokyb\u0117s ispani\u0161kus delikatesus \u2013 s\u016brius, kumpius, alyvuoges ir \u017euv\u012f. Tikras Ispanijos skonis tiesiai \u012f j\u016bs\u0173 namus.","robots":{"index":"index","follow":"follow","max-snippet":"max-snippet:-1","max-image-preview":"max-image-preview:large","max-video-preview":"max-video-preview:-1"},"canonical":"https:\/\/espanola.lt\/produktas\/alyvuoges-idarytos-juodaisiais-trumais-300g\/","og_locale":"en_US","og_type":"article","og_title":"Alyvuog\u0117s \u012fdarytos juodaisiais trumais, 300g. | Espanola.lt","og_description":"Atraskite auk\u0161tos kokyb\u0117s ispani\u0161kus delikatesus \u2013 s\u016brius, kumpius, alyvuoges ir \u017euv\u012f. Tikras Ispanijos skonis tiesiai \u012f j\u016bs\u0173 namus.","og_url":"https:\/\/espanola.lt\/produktas\/alyvuoges-idarytos-juodaisiais-trumais-300g\/","og_site_name":"Espanola","article_publisher":"https:\/\/www.facebook.com\/espanola.lt","article_modified_time":"2026-02-09T10:48:06+00:00","og_image":[{"width":512,"height":512,"url":"https:\/\/espanola.lt\/wp-content\/uploads\/2024\/05\/image_processing20241211-70-7uhsr4.webp","type":"image\/webp"}],"twitter_card":"summary_large_image","twitter_misc":{"Est. reading time":"1 minute"},"schema":{"@context":"https:\/\/schema.org","@graph":[{"@type":"WebPage","@id":"https:\/\/espanola.lt\/produktas\/alyvuoges-idarytos-juodaisiais-trumais-300g\/","url":"https:\/\/espanola.lt\/produktas\/alyvuoges-idarytos-juodaisiais-trumais-300g\/","name":"Alyvuog\u0117s \u012fdarytos juodaisiais trumais, 300g. | Espanola.lt","isPartOf":{"@id":"https:\/\/espanola.lt\/#website"},"primaryImageOfPage":{"@id":"https:\/\/espanola.lt\/produktas\/alyvuoges-idarytos-juodaisiais-trumais-300g\/#primaryimage"},"image":{"@id":"https:\/\/espanola.lt\/produktas\/alyvuoges-idarytos-juodaisiais-trumais-300g\/#primaryimage"},"thumbnailUrl":"https:\/\/espanola.lt\/wp-content\/uploads\/2024\/05\/image_processing20241211-70-7uhsr4.webp","datePublished":"2024-05-16T12:22:33+00:00","dateModified":"2026-02-09T10:48:06+00:00","description":"Atraskite auk\u0161tos kokyb\u0117s ispani\u0161kus delikatesus \u2013 s\u016brius, kumpius, alyvuoges ir \u017euv\u012f. Tikras Ispanijos skonis tiesiai \u012f j\u016bs\u0173 namus.","breadcrumb":{"@id":"https:\/\/espanola.lt\/produktas\/alyvuoges-idarytos-juodaisiais-trumais-300g\/#breadcrumb"},"inLanguage":"en-US","potentialAction":[{"@type":"ReadAction","target":["https:\/\/espanola.lt\/produktas\/alyvuoges-idarytos-juodaisiais-trumais-300g\/"]}]},{"@type":"ImageObject","inLanguage":"en-US","@id":"https:\/\/espanola.lt\/produktas\/alyvuoges-idarytos-juodaisiais-trumais-300g\/#primaryimage","url":"https:\/\/espanola.lt\/wp-content\/uploads\/2024\/05\/image_processing20241211-70-7uhsr4.webp","contentUrl":"https:\/\/espanola.lt\/wp-content\/uploads\/2024\/05\/image_processing20241211-70-7uhsr4.webp","width":512,"height":512},{"@type":"BreadcrumbList","@id":"https:\/\/espanola.lt\/produktas\/alyvuoges-idarytos-juodaisiais-trumais-300g\/#breadcrumb","itemListElement":[{"@type":"ListItem","position":1,"name":"Home","item":"https:\/\/espanola.lt\/en\/homepage\/"},{"@type":"ListItem","position":2,"name":"Shop","item":"https:\/\/espanola.lt\/en\/shop\/"},{"@type":"ListItem","position":3,"name":"Alyvuog\u0117s \u012fdarytos juodaisiais trumais, 300g."}]},{"@type":"WebSite","@id":"https:\/\/espanola.lt\/#website","url":"https:\/\/espanola.lt\/","name":"Espanola.lt | Tikras Ispanijos skonis \u2013 J\u016bs\u0173 namuose!","description":"","publisher":{"@id":"https:\/\/espanola.lt\/#organization"},"potentialAction":[{"@type":"SearchAction","target":{"@type":"EntryPoint","urlTemplate":"https:\/\/espanola.lt\/?s={search_term_string}"},"query-input":{"@type":"PropertyValueSpecification","valueRequired":true,"valueName":"search_term_string"}}],"inLanguage":"en-US"},{"@type":"Organization","@id":"https:\/\/espanola.lt\/#organization","name":"Espanola.lt","url":"https:\/\/espanola.lt\/","logo":{"@type":"ImageObject","inLanguage":"en-US","@id":"https:\/\/espanola.lt\/#\/schema\/logo\/image\/","url":"https:\/\/espanola.lt\/wp-content\/uploads\/2023\/03\/notext_color.png","contentUrl":"https:\/\/espanola.lt\/wp-content\/uploads\/2023\/03\/notext_color.png","width":916,"height":204,"caption":"Espanola.lt"},"image":{"@id":"https:\/\/espanola.lt\/#\/schema\/logo\/image\/"},"sameAs":["https:\/\/www.facebook.com\/espanola.lt","https:\/\/www.instagram.com\/espanola.lt\/"]}]}},"_links":{"self":[{"href":"https:\/\/espanola.lt\/en\/wp-json\/wp\/v2\/product\/25157"}],"collection":[{"href":"https:\/\/espanola.lt\/en\/wp-json\/wp\/v2\/product"}],"about":[{"href":"https:\/\/espanola.lt\/en\/wp-json\/wp\/v2\/types\/product"}],"version-history":[{"count":3,"href":"https:\/\/espanola.lt\/en\/wp-json\/wp\/v2\/product\/25157\/revisions"}],"predecessor-version":[{"id":25478,"href":"https:\/\/espanola.lt\/en\/wp-json\/wp\/v2\/product\/25157\/revisions\/25478"}],"wp:featuredmedia":[{"embeddable":true,"href":"https:\/\/espanola.lt\/en\/wp-json\/wp\/v2\/media\/26565"}],"wp:attachment":[{"href":"https:\/\/espanola.lt\/en\/wp-json\/wp\/v2\/media?parent=25157"}],"wp:term":[{"taxonomy":"product_brand","embeddable":true,"href":"https:\/\/espanola.lt\/en\/wp-json\/wp\/v2\/product_brand?post=25157"},{"taxonomy":"product_cat","embeddable":true,"href":"https:\/\/espanola.lt\/en\/wp-json\/wp\/v2\/product_cat?post=25157"},{"taxonomy":"product_tag","embeddable":true,"href":"https:\/\/espanola.lt\/en\/wp-json\/wp\/v2\/product_tag?post=25157"}],"curies":[{"name":"wp","href":"https:\/\/api.w.org\/{rel}","templated":true}]}}