{"id":24964,"date":"2024-02-22T12:14:39","date_gmt":"2024-02-22T12:14:39","guid":{"rendered":"https:\/\/espanola.lt\/?post_type=product&#038;p=24964"},"modified":"2024-09-16T17:46:26","modified_gmt":"2024-09-16T17:46:26","slug":"alyvuoges-gordal-dideles-be-kauliuku-su-cesnako-marinatu-300g-150g","status":"publish","type":"product","link":"https:\/\/espanola.lt\/en\/produktas\/alyvuoges-gordal-dideles-be-kauliuku-su-cesnako-marinatu-300g-150g\/","title":{"rendered":"Alyvuog\u0117s Gordal, didel\u0117s be kauliuk\u0173, su \u010desnako marinatu, 300g.\/150g."},"content":{"rendered":"<p>Alyvuog\u0117s\u00a0 Gordal be kauliuk\u0173, m\u0117singos, pagardintos \u010desnaku. Marinatas pary\u0161kinantis alyvuogi\u0173 skon\u012f ir suteikiantis ypatingo \u010desnako atspalvio.<\/p>\n<p>Sudedamosios dalys: Gordal alyvuog\u0117s, \u010desnakas <strong>(gali b\u016bti sulfit\u0173), <\/strong>vanduo, druska, E-621, E635, r\u016bg\u0161tiklis: citrinos r\u016bg\u0161tis ir antioksidantas: askorbo r\u016bg\u0161tis. (PASTERIZUOTA) (gali b\u016bti \u017euvies, migdol\u0173, laktoz\u0117s, garsty\u010di\u0173 liku\u010di\u0173).\u00a0 Maistin\u0117 vert\u0117: Vert\u0117s 100 g produkto Energin\u0117 vert\u0117 513kj (125 kcal) Riebalai 12,2 g (i\u0161 kuri\u0173 so\u010di\u0173j\u0173 riebal\u0173 r\u016bg\u0161\u010di\u0173 2,8 g.), Angliavandeniai 7,8g., i\u0161 kuri\u0173 Cukr\u016bs 0,3 g, Skaidulin\u0117s med\u017eiagos 3,6 Baltymai 1,6 g, Druska 2,33 g. Laikyti v\u0117sioje vietoje. Atidarius pakuot\u0119 laikyti \u0161aldytuve ir suvartoti per 7 dienas. Partijos Nr.\/Geriausia suvartoti iki: \u017er. pakuot\u0119. Grynasis svoris 150g. Gamintojas Aceitunas Callosa, S.L. . Kilm\u0117s \u0161alis: Ispanija<\/p>\n","protected":false},"excerpt":{"rendered":"<p>Alyvuog\u0117s\u00a0 Gordal be kauliuk\u0173, m\u0117singos, pagardintos \u010desnaku. Marinatas pary\u0161kinantis alyvuogi\u0173 skon\u012f ir suteikiantis ypatingo \u010desnako atspalvio. Sudedamosios dalys: Gordal alyvuog\u0117s, \u010desnakas (gali b\u016bti sulfit\u0173), vanduo, druska, E-621, E635, r\u016bg\u0161tiklis: citrinos r\u016bg\u0161tis ir antioksidantas: askorbo r\u016bg\u0161tis. (PASTERIZUOTA) (gali b\u016bti \u017euvies, migdol\u0173, laktoz\u0117s, garsty\u010di\u0173 liku\u010di\u0173).\u00a0 Maistin\u0117 vert\u0117: Vert\u0117s 100 g produkto Energin\u0117 vert\u0117 513kj (125 kcal) Riebalai 12,2 g (i\u0161 kuri\u0173 so\u010di\u0173j\u0173 riebal\u0173 r\u016bg\u0161\u010di\u0173 2,8 g.), Angliavandeniai 7,8g., i\u0161 kuri\u0173 Cukr\u016bs 0,3 g, Skaidulin\u0117s med\u017eiagos 3,6 Baltymai 1,6 g, Druska 2,33 g. Laikyti v\u0117sioje vietoje. Atidarius pakuot\u0119 laikyti \u0161aldytuve ir suvartoti per 7 dienas. Partijos Nr.\/Geriausia suvartoti iki: \u017er. pakuot\u0119. Grynasis svoris 150g. Gamintojas Aceitunas Callosa, S.L. . Kilm\u0117s \u0161alis: Ispanija<\/p>\n","protected":false},"featured_media":24966,"template":"","meta":[],"product_brand":[],"product_cat":[112,113,110,116],"product_tag":[],"class_list":{"0":"post-24964","1":"product","2":"type-product","3":"status-publish","4":"has-post-thumbnail","6":"product_cat-alyvuoges","7":"product_cat-alyvuoges-3","8":"product_cat-horeca-2","9":"product_cat-mazmenine-2","11":"first","12":"outofstock","13":"shipping-taxable","14":"purchasable","15":"product-type-simple"},"yoast_head":"<!-- This site is optimized with the Yoast SEO plugin v23.7 - https:\/\/yoast.com\/wordpress\/plugins\/seo\/ -->\n<title>Alyvuog\u0117s Gordal, didel\u0117s be kauliuk\u0173, su \u010desnako marinatu, 300g.\/150g. | Espanola.lt<\/title>\n<meta name=\"description\" content=\"Atraskite auk\u0161tos kokyb\u0117s ispani\u0161kus delikatesus \u2013 s\u016brius, kumpius, alyvuoges ir \u017euv\u012f. Tikras Ispanijos skonis tiesiai \u012f j\u016bs\u0173 namus.\" \/>\n<meta name=\"robots\" content=\"index, follow, max-snippet:-1, max-image-preview:large, max-video-preview:-1\" \/>\n<link rel=\"canonical\" href=\"https:\/\/espanola.lt\/produktas\/alyvuoges-gordal-dideles-be-kauliuku-su-cesnako-marinatu-300g-150g\/\" \/>\n<meta property=\"og:locale\" content=\"en_US\" \/>\n<meta property=\"og:type\" content=\"article\" \/>\n<meta property=\"og:title\" content=\"Alyvuog\u0117s Gordal, didel\u0117s be kauliuk\u0173, su \u010desnako marinatu, 300g.\/150g. | Espanola.lt\" \/>\n<meta property=\"og:description\" content=\"Atraskite auk\u0161tos kokyb\u0117s ispani\u0161kus delikatesus \u2013 s\u016brius, kumpius, alyvuoges ir \u017euv\u012f. Tikras Ispanijos skonis tiesiai \u012f j\u016bs\u0173 namus.\" \/>\n<meta property=\"og:url\" content=\"https:\/\/espanola.lt\/produktas\/alyvuoges-gordal-dideles-be-kauliuku-su-cesnako-marinatu-300g-150g\/\" \/>\n<meta property=\"og:site_name\" content=\"Espanola\" \/>\n<meta property=\"article:publisher\" content=\"https:\/\/www.facebook.com\/espanola.lt\" \/>\n<meta property=\"article:modified_time\" content=\"2024-09-16T17:46:26+00:00\" \/>\n<meta property=\"og:image\" content=\"https:\/\/espanola.lt\/wp-content\/uploads\/2024\/02\/Al-Aglio-Envase-01.jpg\" \/>\n\t<meta property=\"og:image:width\" content=\"800\" \/>\n\t<meta property=\"og:image:height\" content=\"800\" \/>\n\t<meta property=\"og:image:type\" content=\"image\/jpeg\" \/>\n<meta name=\"twitter:card\" content=\"summary_large_image\" \/>\n<meta name=\"twitter:label1\" content=\"Est. reading time\" \/>\n\t<meta name=\"twitter:data1\" content=\"1 minute\" \/>\n<script type=\"application\/ld+json\" class=\"yoast-schema-graph\">{\"@context\":\"https:\/\/schema.org\",\"@graph\":[{\"@type\":\"WebPage\",\"@id\":\"https:\/\/espanola.lt\/produktas\/alyvuoges-gordal-dideles-be-kauliuku-su-cesnako-marinatu-300g-150g\/\",\"url\":\"https:\/\/espanola.lt\/produktas\/alyvuoges-gordal-dideles-be-kauliuku-su-cesnako-marinatu-300g-150g\/\",\"name\":\"Alyvuog\u0117s Gordal, didel\u0117s be kauliuk\u0173, su \u010desnako marinatu, 300g.\/150g. | Espanola.lt\",\"isPartOf\":{\"@id\":\"https:\/\/espanola.lt\/#website\"},\"primaryImageOfPage\":{\"@id\":\"https:\/\/espanola.lt\/produktas\/alyvuoges-gordal-dideles-be-kauliuku-su-cesnako-marinatu-300g-150g\/#primaryimage\"},\"image\":{\"@id\":\"https:\/\/espanola.lt\/produktas\/alyvuoges-gordal-dideles-be-kauliuku-su-cesnako-marinatu-300g-150g\/#primaryimage\"},\"thumbnailUrl\":\"https:\/\/espanola.lt\/wp-content\/uploads\/2024\/02\/Al-Aglio-Envase-01.jpg\",\"datePublished\":\"2024-02-22T12:14:39+00:00\",\"dateModified\":\"2024-09-16T17:46:26+00:00\",\"description\":\"Atraskite auk\u0161tos kokyb\u0117s ispani\u0161kus delikatesus \u2013 s\u016brius, kumpius, alyvuoges ir \u017euv\u012f. Tikras Ispanijos skonis tiesiai \u012f j\u016bs\u0173 namus.\",\"breadcrumb\":{\"@id\":\"https:\/\/espanola.lt\/produktas\/alyvuoges-gordal-dideles-be-kauliuku-su-cesnako-marinatu-300g-150g\/#breadcrumb\"},\"inLanguage\":\"en-US\",\"potentialAction\":[{\"@type\":\"ReadAction\",\"target\":[\"https:\/\/espanola.lt\/produktas\/alyvuoges-gordal-dideles-be-kauliuku-su-cesnako-marinatu-300g-150g\/\"]}]},{\"@type\":\"ImageObject\",\"inLanguage\":\"en-US\",\"@id\":\"https:\/\/espanola.lt\/produktas\/alyvuoges-gordal-dideles-be-kauliuku-su-cesnako-marinatu-300g-150g\/#primaryimage\",\"url\":\"https:\/\/espanola.lt\/wp-content\/uploads\/2024\/02\/Al-Aglio-Envase-01.jpg\",\"contentUrl\":\"https:\/\/espanola.lt\/wp-content\/uploads\/2024\/02\/Al-Aglio-Envase-01.jpg\",\"width\":800,\"height\":800},{\"@type\":\"BreadcrumbList\",\"@id\":\"https:\/\/espanola.lt\/produktas\/alyvuoges-gordal-dideles-be-kauliuku-su-cesnako-marinatu-300g-150g\/#breadcrumb\",\"itemListElement\":[{\"@type\":\"ListItem\",\"position\":1,\"name\":\"Home\",\"item\":\"https:\/\/espanola.lt\/en\/homepage\/\"},{\"@type\":\"ListItem\",\"position\":2,\"name\":\"Shop\",\"item\":\"https:\/\/espanola.lt\/en\/shop\/\"},{\"@type\":\"ListItem\",\"position\":3,\"name\":\"Alyvuog\u0117s Gordal, didel\u0117s be kauliuk\u0173, su \u010desnako marinatu, 300g.\/150g.\"}]},{\"@type\":\"WebSite\",\"@id\":\"https:\/\/espanola.lt\/#website\",\"url\":\"https:\/\/espanola.lt\/\",\"name\":\"Espanola.lt | Tikras Ispanijos skonis \u2013 J\u016bs\u0173 namuose!\",\"description\":\"\",\"publisher\":{\"@id\":\"https:\/\/espanola.lt\/#organization\"},\"potentialAction\":[{\"@type\":\"SearchAction\",\"target\":{\"@type\":\"EntryPoint\",\"urlTemplate\":\"https:\/\/espanola.lt\/?s={search_term_string}\"},\"query-input\":{\"@type\":\"PropertyValueSpecification\",\"valueRequired\":true,\"valueName\":\"search_term_string\"}}],\"inLanguage\":\"en-US\"},{\"@type\":\"Organization\",\"@id\":\"https:\/\/espanola.lt\/#organization\",\"name\":\"Espanola.lt\",\"url\":\"https:\/\/espanola.lt\/\",\"logo\":{\"@type\":\"ImageObject\",\"inLanguage\":\"en-US\",\"@id\":\"https:\/\/espanola.lt\/#\/schema\/logo\/image\/\",\"url\":\"https:\/\/espanola.lt\/wp-content\/uploads\/2023\/03\/notext_color.png\",\"contentUrl\":\"https:\/\/espanola.lt\/wp-content\/uploads\/2023\/03\/notext_color.png\",\"width\":916,\"height\":204,\"caption\":\"Espanola.lt\"},\"image\":{\"@id\":\"https:\/\/espanola.lt\/#\/schema\/logo\/image\/\"},\"sameAs\":[\"https:\/\/www.facebook.com\/espanola.lt\",\"https:\/\/www.instagram.com\/espanola.lt\/\"]}]}<\/script>\n<!-- \/ Yoast SEO plugin. -->","yoast_head_json":{"title":"Alyvuog\u0117s Gordal, didel\u0117s be kauliuk\u0173, su \u010desnako marinatu, 300g.\/150g. | Espanola.lt","description":"Atraskite auk\u0161tos kokyb\u0117s ispani\u0161kus delikatesus \u2013 s\u016brius, kumpius, alyvuoges ir \u017euv\u012f. Tikras Ispanijos skonis tiesiai \u012f j\u016bs\u0173 namus.","robots":{"index":"index","follow":"follow","max-snippet":"max-snippet:-1","max-image-preview":"max-image-preview:large","max-video-preview":"max-video-preview:-1"},"canonical":"https:\/\/espanola.lt\/produktas\/alyvuoges-gordal-dideles-be-kauliuku-su-cesnako-marinatu-300g-150g\/","og_locale":"en_US","og_type":"article","og_title":"Alyvuog\u0117s Gordal, didel\u0117s be kauliuk\u0173, su \u010desnako marinatu, 300g.\/150g. | Espanola.lt","og_description":"Atraskite auk\u0161tos kokyb\u0117s ispani\u0161kus delikatesus \u2013 s\u016brius, kumpius, alyvuoges ir \u017euv\u012f. Tikras Ispanijos skonis tiesiai \u012f j\u016bs\u0173 namus.","og_url":"https:\/\/espanola.lt\/produktas\/alyvuoges-gordal-dideles-be-kauliuku-su-cesnako-marinatu-300g-150g\/","og_site_name":"Espanola","article_publisher":"https:\/\/www.facebook.com\/espanola.lt","article_modified_time":"2024-09-16T17:46:26+00:00","og_image":[{"width":800,"height":800,"url":"https:\/\/espanola.lt\/wp-content\/uploads\/2024\/02\/Al-Aglio-Envase-01.jpg","type":"image\/jpeg"}],"twitter_card":"summary_large_image","twitter_misc":{"Est. reading time":"1 minute"},"schema":{"@context":"https:\/\/schema.org","@graph":[{"@type":"WebPage","@id":"https:\/\/espanola.lt\/produktas\/alyvuoges-gordal-dideles-be-kauliuku-su-cesnako-marinatu-300g-150g\/","url":"https:\/\/espanola.lt\/produktas\/alyvuoges-gordal-dideles-be-kauliuku-su-cesnako-marinatu-300g-150g\/","name":"Alyvuog\u0117s Gordal, didel\u0117s be kauliuk\u0173, su \u010desnako marinatu, 300g.\/150g. | Espanola.lt","isPartOf":{"@id":"https:\/\/espanola.lt\/#website"},"primaryImageOfPage":{"@id":"https:\/\/espanola.lt\/produktas\/alyvuoges-gordal-dideles-be-kauliuku-su-cesnako-marinatu-300g-150g\/#primaryimage"},"image":{"@id":"https:\/\/espanola.lt\/produktas\/alyvuoges-gordal-dideles-be-kauliuku-su-cesnako-marinatu-300g-150g\/#primaryimage"},"thumbnailUrl":"https:\/\/espanola.lt\/wp-content\/uploads\/2024\/02\/Al-Aglio-Envase-01.jpg","datePublished":"2024-02-22T12:14:39+00:00","dateModified":"2024-09-16T17:46:26+00:00","description":"Atraskite auk\u0161tos kokyb\u0117s ispani\u0161kus delikatesus \u2013 s\u016brius, kumpius, alyvuoges ir \u017euv\u012f. Tikras Ispanijos skonis tiesiai \u012f j\u016bs\u0173 namus.","breadcrumb":{"@id":"https:\/\/espanola.lt\/produktas\/alyvuoges-gordal-dideles-be-kauliuku-su-cesnako-marinatu-300g-150g\/#breadcrumb"},"inLanguage":"en-US","potentialAction":[{"@type":"ReadAction","target":["https:\/\/espanola.lt\/produktas\/alyvuoges-gordal-dideles-be-kauliuku-su-cesnako-marinatu-300g-150g\/"]}]},{"@type":"ImageObject","inLanguage":"en-US","@id":"https:\/\/espanola.lt\/produktas\/alyvuoges-gordal-dideles-be-kauliuku-su-cesnako-marinatu-300g-150g\/#primaryimage","url":"https:\/\/espanola.lt\/wp-content\/uploads\/2024\/02\/Al-Aglio-Envase-01.jpg","contentUrl":"https:\/\/espanola.lt\/wp-content\/uploads\/2024\/02\/Al-Aglio-Envase-01.jpg","width":800,"height":800},{"@type":"BreadcrumbList","@id":"https:\/\/espanola.lt\/produktas\/alyvuoges-gordal-dideles-be-kauliuku-su-cesnako-marinatu-300g-150g\/#breadcrumb","itemListElement":[{"@type":"ListItem","position":1,"name":"Home","item":"https:\/\/espanola.lt\/en\/homepage\/"},{"@type":"ListItem","position":2,"name":"Shop","item":"https:\/\/espanola.lt\/en\/shop\/"},{"@type":"ListItem","position":3,"name":"Alyvuog\u0117s Gordal, didel\u0117s be kauliuk\u0173, su \u010desnako marinatu, 300g.\/150g."}]},{"@type":"WebSite","@id":"https:\/\/espanola.lt\/#website","url":"https:\/\/espanola.lt\/","name":"Espanola.lt | Tikras Ispanijos skonis \u2013 J\u016bs\u0173 namuose!","description":"","publisher":{"@id":"https:\/\/espanola.lt\/#organization"},"potentialAction":[{"@type":"SearchAction","target":{"@type":"EntryPoint","urlTemplate":"https:\/\/espanola.lt\/?s={search_term_string}"},"query-input":{"@type":"PropertyValueSpecification","valueRequired":true,"valueName":"search_term_string"}}],"inLanguage":"en-US"},{"@type":"Organization","@id":"https:\/\/espanola.lt\/#organization","name":"Espanola.lt","url":"https:\/\/espanola.lt\/","logo":{"@type":"ImageObject","inLanguage":"en-US","@id":"https:\/\/espanola.lt\/#\/schema\/logo\/image\/","url":"https:\/\/espanola.lt\/wp-content\/uploads\/2023\/03\/notext_color.png","contentUrl":"https:\/\/espanola.lt\/wp-content\/uploads\/2023\/03\/notext_color.png","width":916,"height":204,"caption":"Espanola.lt"},"image":{"@id":"https:\/\/espanola.lt\/#\/schema\/logo\/image\/"},"sameAs":["https:\/\/www.facebook.com\/espanola.lt","https:\/\/www.instagram.com\/espanola.lt\/"]}]}},"_links":{"self":[{"href":"https:\/\/espanola.lt\/en\/wp-json\/wp\/v2\/product\/24964"}],"collection":[{"href":"https:\/\/espanola.lt\/en\/wp-json\/wp\/v2\/product"}],"about":[{"href":"https:\/\/espanola.lt\/en\/wp-json\/wp\/v2\/types\/product"}],"version-history":[{"count":1,"href":"https:\/\/espanola.lt\/en\/wp-json\/wp\/v2\/product\/24964\/revisions"}],"predecessor-version":[{"id":24968,"href":"https:\/\/espanola.lt\/en\/wp-json\/wp\/v2\/product\/24964\/revisions\/24968"}],"wp:featuredmedia":[{"embeddable":true,"href":"https:\/\/espanola.lt\/en\/wp-json\/wp\/v2\/media\/24966"}],"wp:attachment":[{"href":"https:\/\/espanola.lt\/en\/wp-json\/wp\/v2\/media?parent=24964"}],"wp:term":[{"taxonomy":"product_brand","embeddable":true,"href":"https:\/\/espanola.lt\/en\/wp-json\/wp\/v2\/product_brand?post=24964"},{"taxonomy":"product_cat","embeddable":true,"href":"https:\/\/espanola.lt\/en\/wp-json\/wp\/v2\/product_cat?post=24964"},{"taxonomy":"product_tag","embeddable":true,"href":"https:\/\/espanola.lt\/en\/wp-json\/wp\/v2\/product_tag?post=24964"}],"curies":[{"name":"wp","href":"https:\/\/api.w.org\/{rel}","templated":true}]}}