{"id":24848,"date":"2024-01-22T09:13:45","date_gmt":"2024-01-22T09:13:45","guid":{"rendered":"https:\/\/espanola.lt\/?post_type=product&#038;p=24848"},"modified":"2025-11-04T09:16:54","modified_gmt":"2025-11-04T09:16:54","slug":"tunas-saulegrazu-aliejuje-claramar-370g-352g","status":"publish","type":"product","link":"https:\/\/espanola.lt\/en\/product\/tunas-saulegrazu-aliejuje-claramar-370g-352g\/","title":{"rendered":"Tunas saul\u0117gr\u0105\u017e\u0173 aliejuje, Claramar 3*70g.\/3*52g"},"content":{"rendered":"","protected":false},"excerpt":{"rendered":"<p>Tunas saul\u0117gr\u0105\u017e\u0173 aliejuje, Claramar, pakuot\u0117je 3vnt. po 70g.<br \/>\nSudedamosios dalys: <strong>Tunas (\u017euvis)<\/strong>, saul\u0117gr\u0105\u017e\u0173 aliejus ir druska. Maistin\u0117 vert\u0117: Vert\u0117s 100 g produkto Energin\u0117 vert\u0117 1806 kj (437 kcal) Riebalai 41g (i\u0161 kuri\u0173 so\u010di\u0173j\u0173 riebal\u0173 r\u016bg\u0161\u010di\u0173 5,5g), Angliavandeniai 0 g, Cukr\u016bs 0 g, Baltymai 17g, Druska1,3g. Laikyti v\u0117sioje vietoje. Atidarius pakuot\u0119 laikyti \u0161aldytuve ir suvartoti per 48h. Partijos Nr.\/Geriausia suvartoti iki: \u017er. pakuot\u0119. Grynasis svoris 3*52g. Gamintojas DUNIA FOOD S.L. Kilm\u0117s \u0161alis: Ispanija.<\/p>\n","protected":false},"featured_media":24857,"template":"","meta":[],"product_brand":[],"product_cat":[88,86,90,91,99],"product_tag":[],"class_list":{"0":"post-24848","1":"product","2":"type-product","3":"status-publish","4":"has-post-thumbnail","6":"product_cat-horeca","7":"product_cat-mazmenine","8":"product_cat-zuvis","9":"product_cat-zuvis-mazmenine","10":"product_cat-zuvis-horeca","12":"first","13":"outofstock","14":"shipping-taxable","15":"purchasable","16":"product-type-simple"},"yoast_head":"<!-- This site is optimized with the Yoast SEO plugin v23.7 - https:\/\/yoast.com\/wordpress\/plugins\/seo\/ -->\n<title>Tunas saul\u0117gr\u0105\u017e\u0173 aliejuje, Claramar 3*70g.\/3*52g | Espanola.lt<\/title>\n<meta name=\"description\" content=\"Atraskite auk\u0161tos kokyb\u0117s ispani\u0161kus delikatesus \u2013 s\u016brius, kumpius, alyvuoges ir \u017euv\u012f. Tikras Ispanijos skonis tiesiai \u012f j\u016bs\u0173 namus.\" \/>\n<meta name=\"robots\" content=\"index, follow, max-snippet:-1, max-image-preview:large, max-video-preview:-1\" \/>\n<link rel=\"canonical\" href=\"https:\/\/espanola.lt\/en\/product\/tunas-saulegrazu-aliejuje-claramar-370g-352g\/\" \/>\n<meta property=\"og:locale\" content=\"en_US\" \/>\n<meta property=\"og:type\" content=\"article\" \/>\n<meta property=\"og:title\" content=\"Tunas saul\u0117gr\u0105\u017e\u0173 aliejuje, Claramar 3*70g.\/3*52g | Espanola.lt\" \/>\n<meta property=\"og:description\" content=\"Atraskite auk\u0161tos kokyb\u0117s ispani\u0161kus delikatesus \u2013 s\u016brius, kumpius, alyvuoges ir \u017euv\u012f. Tikras Ispanijos skonis tiesiai \u012f j\u016bs\u0173 namus.\" \/>\n<meta property=\"og:url\" content=\"https:\/\/espanola.lt\/en\/product\/tunas-saulegrazu-aliejuje-claramar-370g-352g\/\" \/>\n<meta property=\"og:site_name\" content=\"Espanola\" \/>\n<meta property=\"article:publisher\" content=\"https:\/\/www.facebook.com\/espanola.lt\" \/>\n<meta property=\"article:modified_time\" content=\"2025-11-04T09:16:54+00:00\" \/>\n<meta property=\"og:image\" content=\"https:\/\/espanola.lt\/wp-content\/uploads\/2024\/01\/3D_TRIPACK-MIGAS-ATUN-CLARA-MAR-2-768x42239-1.webp\" \/>\n\t<meta property=\"og:image:width\" content=\"1000\" \/>\n\t<meta property=\"og:image:height\" content=\"1000\" \/>\n\t<meta property=\"og:image:type\" content=\"image\/webp\" \/>\n<meta name=\"twitter:card\" content=\"summary_large_image\" \/>\n<meta name=\"twitter:label1\" content=\"Est. reading time\" \/>\n\t<meta name=\"twitter:data1\" content=\"1 minute\" \/>\n<script type=\"application\/ld+json\" class=\"yoast-schema-graph\">{\"@context\":\"https:\/\/schema.org\",\"@graph\":[{\"@type\":\"WebPage\",\"@id\":\"https:\/\/espanola.lt\/en\/product\/tunas-saulegrazu-aliejuje-claramar-370g-352g\/\",\"url\":\"https:\/\/espanola.lt\/en\/product\/tunas-saulegrazu-aliejuje-claramar-370g-352g\/\",\"name\":\"Tunas saul\u0117gr\u0105\u017e\u0173 aliejuje, Claramar 3*70g.\/3*52g | Espanola.lt\",\"isPartOf\":{\"@id\":\"https:\/\/espanola.lt\/#website\"},\"primaryImageOfPage\":{\"@id\":\"https:\/\/espanola.lt\/en\/product\/tunas-saulegrazu-aliejuje-claramar-370g-352g\/#primaryimage\"},\"image\":{\"@id\":\"https:\/\/espanola.lt\/en\/product\/tunas-saulegrazu-aliejuje-claramar-370g-352g\/#primaryimage\"},\"thumbnailUrl\":\"https:\/\/espanola.lt\/wp-content\/uploads\/2024\/01\/3D_TRIPACK-MIGAS-ATUN-CLARA-MAR-2-768x42239-1.webp\",\"datePublished\":\"2024-01-22T09:13:45+00:00\",\"dateModified\":\"2025-11-04T09:16:54+00:00\",\"description\":\"Atraskite auk\u0161tos kokyb\u0117s ispani\u0161kus delikatesus \u2013 s\u016brius, kumpius, alyvuoges ir \u017euv\u012f. Tikras Ispanijos skonis tiesiai \u012f j\u016bs\u0173 namus.\",\"breadcrumb\":{\"@id\":\"https:\/\/espanola.lt\/en\/product\/tunas-saulegrazu-aliejuje-claramar-370g-352g\/#breadcrumb\"},\"inLanguage\":\"en-US\",\"potentialAction\":[{\"@type\":\"ReadAction\",\"target\":[\"https:\/\/espanola.lt\/en\/product\/tunas-saulegrazu-aliejuje-claramar-370g-352g\/\"]}]},{\"@type\":\"ImageObject\",\"inLanguage\":\"en-US\",\"@id\":\"https:\/\/espanola.lt\/en\/product\/tunas-saulegrazu-aliejuje-claramar-370g-352g\/#primaryimage\",\"url\":\"https:\/\/espanola.lt\/wp-content\/uploads\/2024\/01\/3D_TRIPACK-MIGAS-ATUN-CLARA-MAR-2-768x42239-1.webp\",\"contentUrl\":\"https:\/\/espanola.lt\/wp-content\/uploads\/2024\/01\/3D_TRIPACK-MIGAS-ATUN-CLARA-MAR-2-768x42239-1.webp\",\"width\":1000,\"height\":1000},{\"@type\":\"BreadcrumbList\",\"@id\":\"https:\/\/espanola.lt\/en\/product\/tunas-saulegrazu-aliejuje-claramar-370g-352g\/#breadcrumb\",\"itemListElement\":[{\"@type\":\"ListItem\",\"position\":1,\"name\":\"Home\",\"item\":\"https:\/\/espanola.lt\/en\/homepage\/\"},{\"@type\":\"ListItem\",\"position\":2,\"name\":\"Shop\",\"item\":\"https:\/\/espanola.lt\/en\/shop\/\"},{\"@type\":\"ListItem\",\"position\":3,\"name\":\"Tunas saul\u0117gr\u0105\u017e\u0173 aliejuje, Claramar 3*70g.\/3*52g\"}]},{\"@type\":\"WebSite\",\"@id\":\"https:\/\/espanola.lt\/#website\",\"url\":\"https:\/\/espanola.lt\/\",\"name\":\"Espanola.lt | Tikras Ispanijos skonis \u2013 J\u016bs\u0173 namuose!\",\"description\":\"\",\"publisher\":{\"@id\":\"https:\/\/espanola.lt\/#organization\"},\"potentialAction\":[{\"@type\":\"SearchAction\",\"target\":{\"@type\":\"EntryPoint\",\"urlTemplate\":\"https:\/\/espanola.lt\/?s={search_term_string}\"},\"query-input\":{\"@type\":\"PropertyValueSpecification\",\"valueRequired\":true,\"valueName\":\"search_term_string\"}}],\"inLanguage\":\"en-US\"},{\"@type\":\"Organization\",\"@id\":\"https:\/\/espanola.lt\/#organization\",\"name\":\"Espanola.lt\",\"url\":\"https:\/\/espanola.lt\/\",\"logo\":{\"@type\":\"ImageObject\",\"inLanguage\":\"en-US\",\"@id\":\"https:\/\/espanola.lt\/#\/schema\/logo\/image\/\",\"url\":\"https:\/\/espanola.lt\/wp-content\/uploads\/2023\/03\/notext_color.png\",\"contentUrl\":\"https:\/\/espanola.lt\/wp-content\/uploads\/2023\/03\/notext_color.png\",\"width\":916,\"height\":204,\"caption\":\"Espanola.lt\"},\"image\":{\"@id\":\"https:\/\/espanola.lt\/#\/schema\/logo\/image\/\"},\"sameAs\":[\"https:\/\/www.facebook.com\/espanola.lt\",\"https:\/\/www.instagram.com\/espanola.lt\/\"]}]}<\/script>\n<!-- \/ Yoast SEO plugin. -->","yoast_head_json":{"title":"Tunas saul\u0117gr\u0105\u017e\u0173 aliejuje, Claramar 3*70g.\/3*52g | Espanola.lt","description":"Atraskite auk\u0161tos kokyb\u0117s ispani\u0161kus delikatesus \u2013 s\u016brius, kumpius, alyvuoges ir \u017euv\u012f. Tikras Ispanijos skonis tiesiai \u012f j\u016bs\u0173 namus.","robots":{"index":"index","follow":"follow","max-snippet":"max-snippet:-1","max-image-preview":"max-image-preview:large","max-video-preview":"max-video-preview:-1"},"canonical":"https:\/\/espanola.lt\/en\/product\/tunas-saulegrazu-aliejuje-claramar-370g-352g\/","og_locale":"en_US","og_type":"article","og_title":"Tunas saul\u0117gr\u0105\u017e\u0173 aliejuje, Claramar 3*70g.\/3*52g | Espanola.lt","og_description":"Atraskite auk\u0161tos kokyb\u0117s ispani\u0161kus delikatesus \u2013 s\u016brius, kumpius, alyvuoges ir \u017euv\u012f. Tikras Ispanijos skonis tiesiai \u012f j\u016bs\u0173 namus.","og_url":"https:\/\/espanola.lt\/en\/product\/tunas-saulegrazu-aliejuje-claramar-370g-352g\/","og_site_name":"Espanola","article_publisher":"https:\/\/www.facebook.com\/espanola.lt","article_modified_time":"2025-11-04T09:16:54+00:00","og_image":[{"width":1000,"height":1000,"url":"https:\/\/espanola.lt\/wp-content\/uploads\/2024\/01\/3D_TRIPACK-MIGAS-ATUN-CLARA-MAR-2-768x42239-1.webp","type":"image\/webp"}],"twitter_card":"summary_large_image","twitter_misc":{"Est. reading time":"1 minute"},"schema":{"@context":"https:\/\/schema.org","@graph":[{"@type":"WebPage","@id":"https:\/\/espanola.lt\/en\/product\/tunas-saulegrazu-aliejuje-claramar-370g-352g\/","url":"https:\/\/espanola.lt\/en\/product\/tunas-saulegrazu-aliejuje-claramar-370g-352g\/","name":"Tunas saul\u0117gr\u0105\u017e\u0173 aliejuje, Claramar 3*70g.\/3*52g | Espanola.lt","isPartOf":{"@id":"https:\/\/espanola.lt\/#website"},"primaryImageOfPage":{"@id":"https:\/\/espanola.lt\/en\/product\/tunas-saulegrazu-aliejuje-claramar-370g-352g\/#primaryimage"},"image":{"@id":"https:\/\/espanola.lt\/en\/product\/tunas-saulegrazu-aliejuje-claramar-370g-352g\/#primaryimage"},"thumbnailUrl":"https:\/\/espanola.lt\/wp-content\/uploads\/2024\/01\/3D_TRIPACK-MIGAS-ATUN-CLARA-MAR-2-768x42239-1.webp","datePublished":"2024-01-22T09:13:45+00:00","dateModified":"2025-11-04T09:16:54+00:00","description":"Atraskite auk\u0161tos kokyb\u0117s ispani\u0161kus delikatesus \u2013 s\u016brius, kumpius, alyvuoges ir \u017euv\u012f. Tikras Ispanijos skonis tiesiai \u012f j\u016bs\u0173 namus.","breadcrumb":{"@id":"https:\/\/espanola.lt\/en\/product\/tunas-saulegrazu-aliejuje-claramar-370g-352g\/#breadcrumb"},"inLanguage":"en-US","potentialAction":[{"@type":"ReadAction","target":["https:\/\/espanola.lt\/en\/product\/tunas-saulegrazu-aliejuje-claramar-370g-352g\/"]}]},{"@type":"ImageObject","inLanguage":"en-US","@id":"https:\/\/espanola.lt\/en\/product\/tunas-saulegrazu-aliejuje-claramar-370g-352g\/#primaryimage","url":"https:\/\/espanola.lt\/wp-content\/uploads\/2024\/01\/3D_TRIPACK-MIGAS-ATUN-CLARA-MAR-2-768x42239-1.webp","contentUrl":"https:\/\/espanola.lt\/wp-content\/uploads\/2024\/01\/3D_TRIPACK-MIGAS-ATUN-CLARA-MAR-2-768x42239-1.webp","width":1000,"height":1000},{"@type":"BreadcrumbList","@id":"https:\/\/espanola.lt\/en\/product\/tunas-saulegrazu-aliejuje-claramar-370g-352g\/#breadcrumb","itemListElement":[{"@type":"ListItem","position":1,"name":"Home","item":"https:\/\/espanola.lt\/en\/homepage\/"},{"@type":"ListItem","position":2,"name":"Shop","item":"https:\/\/espanola.lt\/en\/shop\/"},{"@type":"ListItem","position":3,"name":"Tunas saul\u0117gr\u0105\u017e\u0173 aliejuje, Claramar 3*70g.\/3*52g"}]},{"@type":"WebSite","@id":"https:\/\/espanola.lt\/#website","url":"https:\/\/espanola.lt\/","name":"Espanola.lt | Tikras Ispanijos skonis \u2013 J\u016bs\u0173 namuose!","description":"","publisher":{"@id":"https:\/\/espanola.lt\/#organization"},"potentialAction":[{"@type":"SearchAction","target":{"@type":"EntryPoint","urlTemplate":"https:\/\/espanola.lt\/?s={search_term_string}"},"query-input":{"@type":"PropertyValueSpecification","valueRequired":true,"valueName":"search_term_string"}}],"inLanguage":"en-US"},{"@type":"Organization","@id":"https:\/\/espanola.lt\/#organization","name":"Espanola.lt","url":"https:\/\/espanola.lt\/","logo":{"@type":"ImageObject","inLanguage":"en-US","@id":"https:\/\/espanola.lt\/#\/schema\/logo\/image\/","url":"https:\/\/espanola.lt\/wp-content\/uploads\/2023\/03\/notext_color.png","contentUrl":"https:\/\/espanola.lt\/wp-content\/uploads\/2023\/03\/notext_color.png","width":916,"height":204,"caption":"Espanola.lt"},"image":{"@id":"https:\/\/espanola.lt\/#\/schema\/logo\/image\/"},"sameAs":["https:\/\/www.facebook.com\/espanola.lt","https:\/\/www.instagram.com\/espanola.lt\/"]}]}},"_links":{"self":[{"href":"https:\/\/espanola.lt\/en\/wp-json\/wp\/v2\/product\/24848"}],"collection":[{"href":"https:\/\/espanola.lt\/en\/wp-json\/wp\/v2\/product"}],"about":[{"href":"https:\/\/espanola.lt\/en\/wp-json\/wp\/v2\/types\/product"}],"version-history":[{"count":2,"href":"https:\/\/espanola.lt\/en\/wp-json\/wp\/v2\/product\/24848\/revisions"}],"predecessor-version":[{"id":25220,"href":"https:\/\/espanola.lt\/en\/wp-json\/wp\/v2\/product\/24848\/revisions\/25220"}],"wp:featuredmedia":[{"embeddable":true,"href":"https:\/\/espanola.lt\/en\/wp-json\/wp\/v2\/media\/24857"}],"wp:attachment":[{"href":"https:\/\/espanola.lt\/en\/wp-json\/wp\/v2\/media?parent=24848"}],"wp:term":[{"taxonomy":"product_brand","embeddable":true,"href":"https:\/\/espanola.lt\/en\/wp-json\/wp\/v2\/product_brand?post=24848"},{"taxonomy":"product_cat","embeddable":true,"href":"https:\/\/espanola.lt\/en\/wp-json\/wp\/v2\/product_cat?post=24848"},{"taxonomy":"product_tag","embeddable":true,"href":"https:\/\/espanola.lt\/en\/wp-json\/wp\/v2\/product_tag?post=24848"}],"curies":[{"name":"wp","href":"https:\/\/api.w.org\/{rel}","templated":true}]}}