{"id":24586,"date":"2023-12-04T17:39:34","date_gmt":"2023-12-04T17:39:34","guid":{"rendered":"https:\/\/espanola.lt\/?post_type=product&#038;p=24586"},"modified":"2024-04-12T09:50:00","modified_gmt":"2024-04-12T09:50:00","slug":"kumpio-skonio-ispaniski-kiauliu-odeliu-traskuciai-iberico-150gr","status":"publish","type":"product","link":"https:\/\/espanola.lt\/en\/produktas\/kumpio-skonio-ispaniski-kiauliu-odeliu-traskuciai-iberico-150gr\/","title":{"rendered":"Kumpio skonio ispani\u0161ki kiauli\u0173 odeli\u0173 tra\u0161ku\u010diai IBERICO 150gr."},"content":{"rendered":"<p><strong>Kumpio skonio kiauli\u0173 odeli\u0173 tra\u0161ku\u010diai 150gr.<\/strong><\/p>\n<p><strong>Tradiciniai Ispani\u0161ki kiauli\u0173 odeli\u0173 grie\u017ein\u0117liai (tra\u0161ku\u010diai), kepti savo riebaluose su Iberijos prieskoniu, itin tra\u0161kus produktas, puikiai tinkantis kaip nuostabus u\u017ekandis.\u00a0 Turintis labai daug baltym\u0173.<\/strong><\/p>\n<p>Sudedamosios dalys: riebalai nuo kiaulienos nugarin\u0117s, druska, antioksidantai (E-320, E-321), kumpio aromatas (gliukoz4s sirupas, druska, (E-621, E-635), hidrolizuoti augaliniai baltymai, aromatas ir d\u016bm\u0173 aromatas.<\/p>\n<p>Maistin\u0117 vert\u0117: Vert\u0117s 100 g produkto Energin\u0117 vert\u0117 2860kj (691kcal) Riebalai 61.8g (i\u0161 kuri\u0173 so\u010di\u0173j\u0173 riebal\u0173 r\u016bg\u0161\u010di\u0173 23.5g.), Angliavandeniai 0.5 g., i\u0161 kuri\u0173 Cukr\u016bs 0,5g, Skaidulin\u0117s med\u017eiagos 0g. Baltymai 33.7g., Druska 2.4 g. Laikyti v\u0117sioje sausoje vietoje.\u00a0 Partijos Nr.\/Geriausia suvartoti iki: \u017er. pakuot\u0119. Grynasis svoris 150g.<\/p>\n<p>Kilm\u0117s \u0161alis: Ispanija.<\/p>\n","protected":false},"excerpt":{"rendered":"<p>Kumpio skonio kiauli\u0173 odeli\u0173 tra\u0161ku\u010diai 150gr. Tradiciniai Ispani\u0161ki kiauli\u0173 odeli\u0173 grie\u017ein\u0117liai (tra\u0161ku\u010diai), kepti savo riebaluose su Iberijos prieskoniu, itin tra\u0161kus produktas, puikiai tinkantis kaip nuostabus u\u017ekandis.\u00a0 Turintis labai daug baltym\u0173. Sudedamosios dalys: riebalai nuo kiaulienos nugarin\u0117s, druska, antioksidantai (E-320, E-321), kumpio aromatas (gliukoz4s sirupas, druska, (E-621, E-635), hidrolizuoti augaliniai baltymai, aromatas ir d\u016bm\u0173 aromatas. Maistin\u0117 vert\u0117: Vert\u0117s 100 g produkto Energin\u0117 vert\u0117 2860kj (691kcal) Riebalai 61.8g (i\u0161 kuri\u0173 so\u010di\u0173j\u0173 riebal\u0173 r\u016bg\u0161\u010di\u0173 23.5g.), Angliavandeniai 0.5 g., i\u0161 kuri\u0173 Cukr\u016bs 0,5g, Skaidulin\u0117s med\u017eiagos 0g. Baltymai 33.7g., Druska 2.4 g. Laikyti v\u0117sioje sausoje vietoje.\u00a0 Partijos Nr.\/Geriausia suvartoti iki: \u017er. pakuot\u0119. Grynasis svoris 150g. Kilm\u0117s \u0161alis: Ispanija.<\/p>\n","protected":false},"featured_media":24587,"template":"","meta":[],"product_brand":[],"product_cat":[116,114,136],"product_tag":[],"class_list":{"0":"post-24586","1":"product","2":"type-product","3":"status-publish","4":"has-post-thumbnail","6":"product_cat-mazmenine-2","7":"product_cat-mesos-gaminiai-2","8":"product_cat-snacks","10":"first","11":"outofstock","12":"shipping-taxable","13":"purchasable","14":"product-type-simple"},"yoast_head":"<!-- This site is optimized with the Yoast SEO plugin v23.7 - https:\/\/yoast.com\/wordpress\/plugins\/seo\/ -->\n<title>Kumpio skonio ispani\u0161ki kiauli\u0173 odeli\u0173 tra\u0161ku\u010diai IBERICO 150gr. | Espanola.lt<\/title>\n<meta name=\"description\" content=\"Atraskite auk\u0161tos kokyb\u0117s ispani\u0161kus delikatesus \u2013 s\u016brius, kumpius, alyvuoges ir \u017euv\u012f. Tikras Ispanijos skonis tiesiai \u012f j\u016bs\u0173 namus.\" \/>\n<meta name=\"robots\" content=\"index, follow, max-snippet:-1, max-image-preview:large, max-video-preview:-1\" \/>\n<link rel=\"canonical\" href=\"https:\/\/espanola.lt\/produktas\/kumpio-skonio-ispaniski-kiauliu-odeliu-traskuciai-iberico-150gr\/\" \/>\n<meta property=\"og:locale\" content=\"en_US\" \/>\n<meta property=\"og:type\" content=\"article\" \/>\n<meta property=\"og:title\" content=\"Kumpio skonio ispani\u0161ki kiauli\u0173 odeli\u0173 tra\u0161ku\u010diai IBERICO 150gr. | Espanola.lt\" \/>\n<meta property=\"og:description\" content=\"Atraskite auk\u0161tos kokyb\u0117s ispani\u0161kus delikatesus \u2013 s\u016brius, kumpius, alyvuoges ir \u017euv\u012f. Tikras Ispanijos skonis tiesiai \u012f j\u016bs\u0173 namus.\" \/>\n<meta property=\"og:url\" content=\"https:\/\/espanola.lt\/produktas\/kumpio-skonio-ispaniski-kiauliu-odeliu-traskuciai-iberico-150gr\/\" \/>\n<meta property=\"og:site_name\" content=\"Espanola\" \/>\n<meta property=\"article:publisher\" content=\"https:\/\/www.facebook.com\/espanola.lt\" \/>\n<meta property=\"article:modified_time\" content=\"2024-04-12T09:50:00+00:00\" \/>\n<meta property=\"og:image\" content=\"https:\/\/espanola.lt\/wp-content\/uploads\/2023\/12\/Kumpio-skonio-ispaniski-kiauliu-odeliu-traskuciai-IBERICO-150gr.webp\" \/>\n\t<meta property=\"og:image:width\" content=\"1100\" \/>\n\t<meta property=\"og:image:height\" content=\"1422\" \/>\n\t<meta property=\"og:image:type\" content=\"image\/webp\" \/>\n<meta name=\"twitter:card\" content=\"summary_large_image\" \/>\n<meta name=\"twitter:label1\" content=\"Est. reading time\" \/>\n\t<meta name=\"twitter:data1\" content=\"1 minute\" \/>\n<script type=\"application\/ld+json\" class=\"yoast-schema-graph\">{\"@context\":\"https:\/\/schema.org\",\"@graph\":[{\"@type\":\"WebPage\",\"@id\":\"https:\/\/espanola.lt\/produktas\/kumpio-skonio-ispaniski-kiauliu-odeliu-traskuciai-iberico-150gr\/\",\"url\":\"https:\/\/espanola.lt\/produktas\/kumpio-skonio-ispaniski-kiauliu-odeliu-traskuciai-iberico-150gr\/\",\"name\":\"Kumpio skonio ispani\u0161ki kiauli\u0173 odeli\u0173 tra\u0161ku\u010diai IBERICO 150gr. | Espanola.lt\",\"isPartOf\":{\"@id\":\"https:\/\/espanola.lt\/#website\"},\"primaryImageOfPage\":{\"@id\":\"https:\/\/espanola.lt\/produktas\/kumpio-skonio-ispaniski-kiauliu-odeliu-traskuciai-iberico-150gr\/#primaryimage\"},\"image\":{\"@id\":\"https:\/\/espanola.lt\/produktas\/kumpio-skonio-ispaniski-kiauliu-odeliu-traskuciai-iberico-150gr\/#primaryimage\"},\"thumbnailUrl\":\"https:\/\/espanola.lt\/wp-content\/uploads\/2023\/12\/Kumpio-skonio-ispaniski-kiauliu-odeliu-traskuciai-IBERICO-150gr.webp\",\"datePublished\":\"2023-12-04T17:39:34+00:00\",\"dateModified\":\"2024-04-12T09:50:00+00:00\",\"description\":\"Atraskite auk\u0161tos kokyb\u0117s ispani\u0161kus delikatesus \u2013 s\u016brius, kumpius, alyvuoges ir \u017euv\u012f. Tikras Ispanijos skonis tiesiai \u012f j\u016bs\u0173 namus.\",\"breadcrumb\":{\"@id\":\"https:\/\/espanola.lt\/produktas\/kumpio-skonio-ispaniski-kiauliu-odeliu-traskuciai-iberico-150gr\/#breadcrumb\"},\"inLanguage\":\"en-US\",\"potentialAction\":[{\"@type\":\"ReadAction\",\"target\":[\"https:\/\/espanola.lt\/produktas\/kumpio-skonio-ispaniski-kiauliu-odeliu-traskuciai-iberico-150gr\/\"]}]},{\"@type\":\"ImageObject\",\"inLanguage\":\"en-US\",\"@id\":\"https:\/\/espanola.lt\/produktas\/kumpio-skonio-ispaniski-kiauliu-odeliu-traskuciai-iberico-150gr\/#primaryimage\",\"url\":\"https:\/\/espanola.lt\/wp-content\/uploads\/2023\/12\/Kumpio-skonio-ispaniski-kiauliu-odeliu-traskuciai-IBERICO-150gr.webp\",\"contentUrl\":\"https:\/\/espanola.lt\/wp-content\/uploads\/2023\/12\/Kumpio-skonio-ispaniski-kiauliu-odeliu-traskuciai-IBERICO-150gr.webp\",\"width\":1100,\"height\":1422},{\"@type\":\"BreadcrumbList\",\"@id\":\"https:\/\/espanola.lt\/produktas\/kumpio-skonio-ispaniski-kiauliu-odeliu-traskuciai-iberico-150gr\/#breadcrumb\",\"itemListElement\":[{\"@type\":\"ListItem\",\"position\":1,\"name\":\"Home\",\"item\":\"https:\/\/espanola.lt\/en\/homepage\/\"},{\"@type\":\"ListItem\",\"position\":2,\"name\":\"Shop\",\"item\":\"https:\/\/espanola.lt\/en\/shop\/\"},{\"@type\":\"ListItem\",\"position\":3,\"name\":\"Kumpio skonio ispani\u0161ki kiauli\u0173 odeli\u0173 tra\u0161ku\u010diai IBERICO 150gr.\"}]},{\"@type\":\"WebSite\",\"@id\":\"https:\/\/espanola.lt\/#website\",\"url\":\"https:\/\/espanola.lt\/\",\"name\":\"Espanola.lt | Tikras Ispanijos skonis \u2013 J\u016bs\u0173 namuose!\",\"description\":\"\",\"publisher\":{\"@id\":\"https:\/\/espanola.lt\/#organization\"},\"potentialAction\":[{\"@type\":\"SearchAction\",\"target\":{\"@type\":\"EntryPoint\",\"urlTemplate\":\"https:\/\/espanola.lt\/?s={search_term_string}\"},\"query-input\":{\"@type\":\"PropertyValueSpecification\",\"valueRequired\":true,\"valueName\":\"search_term_string\"}}],\"inLanguage\":\"en-US\"},{\"@type\":\"Organization\",\"@id\":\"https:\/\/espanola.lt\/#organization\",\"name\":\"Espanola.lt\",\"url\":\"https:\/\/espanola.lt\/\",\"logo\":{\"@type\":\"ImageObject\",\"inLanguage\":\"en-US\",\"@id\":\"https:\/\/espanola.lt\/#\/schema\/logo\/image\/\",\"url\":\"https:\/\/espanola.lt\/wp-content\/uploads\/2023\/03\/notext_color.png\",\"contentUrl\":\"https:\/\/espanola.lt\/wp-content\/uploads\/2023\/03\/notext_color.png\",\"width\":916,\"height\":204,\"caption\":\"Espanola.lt\"},\"image\":{\"@id\":\"https:\/\/espanola.lt\/#\/schema\/logo\/image\/\"},\"sameAs\":[\"https:\/\/www.facebook.com\/espanola.lt\",\"https:\/\/www.instagram.com\/espanola.lt\/\"]}]}<\/script>\n<!-- \/ Yoast SEO plugin. -->","yoast_head_json":{"title":"Kumpio skonio ispani\u0161ki kiauli\u0173 odeli\u0173 tra\u0161ku\u010diai IBERICO 150gr. | Espanola.lt","description":"Atraskite auk\u0161tos kokyb\u0117s ispani\u0161kus delikatesus \u2013 s\u016brius, kumpius, alyvuoges ir \u017euv\u012f. Tikras Ispanijos skonis tiesiai \u012f j\u016bs\u0173 namus.","robots":{"index":"index","follow":"follow","max-snippet":"max-snippet:-1","max-image-preview":"max-image-preview:large","max-video-preview":"max-video-preview:-1"},"canonical":"https:\/\/espanola.lt\/produktas\/kumpio-skonio-ispaniski-kiauliu-odeliu-traskuciai-iberico-150gr\/","og_locale":"en_US","og_type":"article","og_title":"Kumpio skonio ispani\u0161ki kiauli\u0173 odeli\u0173 tra\u0161ku\u010diai IBERICO 150gr. | Espanola.lt","og_description":"Atraskite auk\u0161tos kokyb\u0117s ispani\u0161kus delikatesus \u2013 s\u016brius, kumpius, alyvuoges ir \u017euv\u012f. Tikras Ispanijos skonis tiesiai \u012f j\u016bs\u0173 namus.","og_url":"https:\/\/espanola.lt\/produktas\/kumpio-skonio-ispaniski-kiauliu-odeliu-traskuciai-iberico-150gr\/","og_site_name":"Espanola","article_publisher":"https:\/\/www.facebook.com\/espanola.lt","article_modified_time":"2024-04-12T09:50:00+00:00","og_image":[{"width":1100,"height":1422,"url":"https:\/\/espanola.lt\/wp-content\/uploads\/2023\/12\/Kumpio-skonio-ispaniski-kiauliu-odeliu-traskuciai-IBERICO-150gr.webp","type":"image\/webp"}],"twitter_card":"summary_large_image","twitter_misc":{"Est. reading time":"1 minute"},"schema":{"@context":"https:\/\/schema.org","@graph":[{"@type":"WebPage","@id":"https:\/\/espanola.lt\/produktas\/kumpio-skonio-ispaniski-kiauliu-odeliu-traskuciai-iberico-150gr\/","url":"https:\/\/espanola.lt\/produktas\/kumpio-skonio-ispaniski-kiauliu-odeliu-traskuciai-iberico-150gr\/","name":"Kumpio skonio ispani\u0161ki kiauli\u0173 odeli\u0173 tra\u0161ku\u010diai IBERICO 150gr. | Espanola.lt","isPartOf":{"@id":"https:\/\/espanola.lt\/#website"},"primaryImageOfPage":{"@id":"https:\/\/espanola.lt\/produktas\/kumpio-skonio-ispaniski-kiauliu-odeliu-traskuciai-iberico-150gr\/#primaryimage"},"image":{"@id":"https:\/\/espanola.lt\/produktas\/kumpio-skonio-ispaniski-kiauliu-odeliu-traskuciai-iberico-150gr\/#primaryimage"},"thumbnailUrl":"https:\/\/espanola.lt\/wp-content\/uploads\/2023\/12\/Kumpio-skonio-ispaniski-kiauliu-odeliu-traskuciai-IBERICO-150gr.webp","datePublished":"2023-12-04T17:39:34+00:00","dateModified":"2024-04-12T09:50:00+00:00","description":"Atraskite auk\u0161tos kokyb\u0117s ispani\u0161kus delikatesus \u2013 s\u016brius, kumpius, alyvuoges ir \u017euv\u012f. Tikras Ispanijos skonis tiesiai \u012f j\u016bs\u0173 namus.","breadcrumb":{"@id":"https:\/\/espanola.lt\/produktas\/kumpio-skonio-ispaniski-kiauliu-odeliu-traskuciai-iberico-150gr\/#breadcrumb"},"inLanguage":"en-US","potentialAction":[{"@type":"ReadAction","target":["https:\/\/espanola.lt\/produktas\/kumpio-skonio-ispaniski-kiauliu-odeliu-traskuciai-iberico-150gr\/"]}]},{"@type":"ImageObject","inLanguage":"en-US","@id":"https:\/\/espanola.lt\/produktas\/kumpio-skonio-ispaniski-kiauliu-odeliu-traskuciai-iberico-150gr\/#primaryimage","url":"https:\/\/espanola.lt\/wp-content\/uploads\/2023\/12\/Kumpio-skonio-ispaniski-kiauliu-odeliu-traskuciai-IBERICO-150gr.webp","contentUrl":"https:\/\/espanola.lt\/wp-content\/uploads\/2023\/12\/Kumpio-skonio-ispaniski-kiauliu-odeliu-traskuciai-IBERICO-150gr.webp","width":1100,"height":1422},{"@type":"BreadcrumbList","@id":"https:\/\/espanola.lt\/produktas\/kumpio-skonio-ispaniski-kiauliu-odeliu-traskuciai-iberico-150gr\/#breadcrumb","itemListElement":[{"@type":"ListItem","position":1,"name":"Home","item":"https:\/\/espanola.lt\/en\/homepage\/"},{"@type":"ListItem","position":2,"name":"Shop","item":"https:\/\/espanola.lt\/en\/shop\/"},{"@type":"ListItem","position":3,"name":"Kumpio skonio ispani\u0161ki kiauli\u0173 odeli\u0173 tra\u0161ku\u010diai IBERICO 150gr."}]},{"@type":"WebSite","@id":"https:\/\/espanola.lt\/#website","url":"https:\/\/espanola.lt\/","name":"Espanola.lt | Tikras Ispanijos skonis \u2013 J\u016bs\u0173 namuose!","description":"","publisher":{"@id":"https:\/\/espanola.lt\/#organization"},"potentialAction":[{"@type":"SearchAction","target":{"@type":"EntryPoint","urlTemplate":"https:\/\/espanola.lt\/?s={search_term_string}"},"query-input":{"@type":"PropertyValueSpecification","valueRequired":true,"valueName":"search_term_string"}}],"inLanguage":"en-US"},{"@type":"Organization","@id":"https:\/\/espanola.lt\/#organization","name":"Espanola.lt","url":"https:\/\/espanola.lt\/","logo":{"@type":"ImageObject","inLanguage":"en-US","@id":"https:\/\/espanola.lt\/#\/schema\/logo\/image\/","url":"https:\/\/espanola.lt\/wp-content\/uploads\/2023\/03\/notext_color.png","contentUrl":"https:\/\/espanola.lt\/wp-content\/uploads\/2023\/03\/notext_color.png","width":916,"height":204,"caption":"Espanola.lt"},"image":{"@id":"https:\/\/espanola.lt\/#\/schema\/logo\/image\/"},"sameAs":["https:\/\/www.facebook.com\/espanola.lt","https:\/\/www.instagram.com\/espanola.lt\/"]}]}},"_links":{"self":[{"href":"https:\/\/espanola.lt\/en\/wp-json\/wp\/v2\/product\/24586"}],"collection":[{"href":"https:\/\/espanola.lt\/en\/wp-json\/wp\/v2\/product"}],"about":[{"href":"https:\/\/espanola.lt\/en\/wp-json\/wp\/v2\/types\/product"}],"version-history":[{"count":1,"href":"https:\/\/espanola.lt\/en\/wp-json\/wp\/v2\/product\/24586\/revisions"}],"predecessor-version":[{"id":24589,"href":"https:\/\/espanola.lt\/en\/wp-json\/wp\/v2\/product\/24586\/revisions\/24589"}],"wp:featuredmedia":[{"embeddable":true,"href":"https:\/\/espanola.lt\/en\/wp-json\/wp\/v2\/media\/24587"}],"wp:attachment":[{"href":"https:\/\/espanola.lt\/en\/wp-json\/wp\/v2\/media?parent=24586"}],"wp:term":[{"taxonomy":"product_brand","embeddable":true,"href":"https:\/\/espanola.lt\/en\/wp-json\/wp\/v2\/product_brand?post=24586"},{"taxonomy":"product_cat","embeddable":true,"href":"https:\/\/espanola.lt\/en\/wp-json\/wp\/v2\/product_cat?post=24586"},{"taxonomy":"product_tag","embeddable":true,"href":"https:\/\/espanola.lt\/en\/wp-json\/wp\/v2\/product_tag?post=24586"}],"curies":[{"name":"wp","href":"https:\/\/api.w.org\/{rel}","templated":true}]}}