{"id":24568,"date":"2023-12-04T17:21:14","date_gmt":"2023-12-04T17:21:14","guid":{"rendered":"https:\/\/espanola.lt\/?post_type=product&#038;p=24568"},"modified":"2026-03-25T09:57:58","modified_gmt":"2026-03-25T09:57:58","slug":"mazos-chorizo-desreles-55g","status":"publish","type":"product","link":"https:\/\/espanola.lt\/en\/produktas\/mazos-chorizo-desreles-55g\/","title":{"rendered":"Ma\u017eos CHORIZO de\u0161rel\u0117s 55g"},"content":{"rendered":"<p><strong>Ma\u017eos CHORIZO de\u0161rel\u0117s 55g. <\/strong><\/p>\n<p>Sudedamosios dalys: kiaulienos m\u0117sa, prieskoniai, druska, kiaulienos baltymai, dektrinas, dekstroz\u0117, \u010desnakai, paprik\u0173 ekstraktas, aromatai, antioksidantai (E-316), konservantai (E-250,E252), \u00a0rozmarin\u0173 ekstraktas, fermentai, valgomas kolageno apvalkalas. <strong>Be gliuteno, be laktoz\u0117s, be sojos, be da\u017eikli\u0173.<\/strong><\/p>\n<p>Maistin\u0117 vert\u0117: Vert\u0117s 100 g produkto Energin\u0117 vert\u0117 2006 kj (484kcal) Riebalai 39,20g (i\u0161 kuri\u0173 so\u010di\u0173j\u0173 riebal\u0173 r\u016bg\u0161\u010di\u0173 15,20g.), Angliavandeniai 1,6 g., i\u0161 kuri\u0173 Cukr\u016bs 0,9g, Skaidulin\u0117s med\u017eiagos 0g. Baltymai 31,10g., Druska 5,42 g. Laikyti v\u0117sioje, sausoje vietoje.\u00a0 Partijos Nr.\/Geriausia suvartoti iki: \u017er. pakuot\u0119. Grynasis svoris 55g.<\/p>\n<p>Kilm\u0117s \u0161alis: Ispanija.<\/p>\n","protected":false},"excerpt":{"rendered":"<p>Ma\u017eos CHORIZO de\u0161rel\u0117s 55g. Sudedamosios dalys: kiaulienos m\u0117sa, prieskoniai, druska, kiaulienos baltymai, dektrinas, dekstroz\u0117, \u010desnakai, paprik\u0173 ekstraktas, aromatai, antioksidantai (E-316), konservantai (E-250,E252), \u00a0rozmarin\u0173 ekstraktas, fermentai, valgomas kolageno apvalkalas. Be gliuteno, be laktoz\u0117s, be sojos, be da\u017eikli\u0173. Maistin\u0117 vert\u0117: Vert\u0117s 100 g produkto Energin\u0117 vert\u0117 2006 kj (484kcal) Riebalai 39,20g (i\u0161 kuri\u0173 so\u010di\u0173j\u0173 riebal\u0173 r\u016bg\u0161\u010di\u0173 15,20g.), Angliavandeniai 1,6 g., i\u0161 kuri\u0173 Cukr\u016bs 0,9g, Skaidulin\u0117s med\u017eiagos 0g. Baltymai 31,10g., Druska 5,42 g. Laikyti v\u0117sioje, sausoje vietoje.\u00a0 Partijos Nr.\/Geriausia suvartoti iki: \u017er. pakuot\u0119. Grynasis svoris 55g. Kilm\u0117s \u0161alis: Ispanija.<\/p>\n","protected":false},"featured_media":24570,"template":"","meta":[],"product_brand":[],"product_cat":[116,114,132,136],"product_tag":[],"class_list":{"0":"post-24568","1":"product","2":"type-product","3":"status-publish","4":"has-post-thumbnail","6":"product_cat-mazmenine-2","7":"product_cat-mesos-gaminiai-2","8":"product_cat-akcijoos","9":"product_cat-snacks","11":"first","12":"instock","13":"sale","14":"shipping-taxable","15":"purchasable","16":"product-type-simple"},"yoast_head":"<!-- This site is optimized with the Yoast SEO plugin v23.7 - https:\/\/yoast.com\/wordpress\/plugins\/seo\/ -->\n<title>Ma\u017eos CHORIZO de\u0161rel\u0117s 55g | Espanola.lt<\/title>\n<meta name=\"description\" content=\"Atraskite auk\u0161tos kokyb\u0117s ispani\u0161kus delikatesus \u2013 s\u016brius, kumpius, alyvuoges ir \u017euv\u012f. Tikras Ispanijos skonis tiesiai \u012f j\u016bs\u0173 namus.\" \/>\n<meta name=\"robots\" content=\"index, follow, max-snippet:-1, max-image-preview:large, max-video-preview:-1\" \/>\n<link rel=\"canonical\" href=\"https:\/\/espanola.lt\/produktas\/mazos-chorizo-desreles-55g\/\" \/>\n<meta property=\"og:locale\" content=\"en_US\" \/>\n<meta property=\"og:type\" content=\"article\" \/>\n<meta property=\"og:title\" content=\"Ma\u017eos CHORIZO de\u0161rel\u0117s 55g | Espanola.lt\" \/>\n<meta property=\"og:description\" content=\"Atraskite auk\u0161tos kokyb\u0117s ispani\u0161kus delikatesus \u2013 s\u016brius, kumpius, alyvuoges ir \u017euv\u012f. Tikras Ispanijos skonis tiesiai \u012f j\u016bs\u0173 namus.\" \/>\n<meta property=\"og:url\" content=\"https:\/\/espanola.lt\/produktas\/mazos-chorizo-desreles-55g\/\" \/>\n<meta property=\"og:site_name\" content=\"Espanola\" \/>\n<meta property=\"article:publisher\" content=\"https:\/\/www.facebook.com\/espanola.lt\" \/>\n<meta property=\"article:modified_time\" content=\"2026-03-25T09:57:58+00:00\" \/>\n<meta property=\"og:image\" content=\"https:\/\/espanola.lt\/wp-content\/uploads\/2023\/12\/Mazos-CHORIZO-desreles-55g.webp\" \/>\n\t<meta property=\"og:image:width\" content=\"1100\" \/>\n\t<meta property=\"og:image:height\" content=\"1422\" \/>\n\t<meta property=\"og:image:type\" content=\"image\/webp\" \/>\n<meta name=\"twitter:card\" content=\"summary_large_image\" \/>\n<meta name=\"twitter:label1\" content=\"Est. reading time\" \/>\n\t<meta name=\"twitter:data1\" content=\"1 minute\" \/>\n<script type=\"application\/ld+json\" class=\"yoast-schema-graph\">{\"@context\":\"https:\/\/schema.org\",\"@graph\":[{\"@type\":\"WebPage\",\"@id\":\"https:\/\/espanola.lt\/produktas\/mazos-chorizo-desreles-55g\/\",\"url\":\"https:\/\/espanola.lt\/produktas\/mazos-chorizo-desreles-55g\/\",\"name\":\"Ma\u017eos CHORIZO de\u0161rel\u0117s 55g | Espanola.lt\",\"isPartOf\":{\"@id\":\"https:\/\/espanola.lt\/#website\"},\"primaryImageOfPage\":{\"@id\":\"https:\/\/espanola.lt\/produktas\/mazos-chorizo-desreles-55g\/#primaryimage\"},\"image\":{\"@id\":\"https:\/\/espanola.lt\/produktas\/mazos-chorizo-desreles-55g\/#primaryimage\"},\"thumbnailUrl\":\"https:\/\/espanola.lt\/wp-content\/uploads\/2023\/12\/Mazos-CHORIZO-desreles-55g.webp\",\"datePublished\":\"2023-12-04T17:21:14+00:00\",\"dateModified\":\"2026-03-25T09:57:58+00:00\",\"description\":\"Atraskite auk\u0161tos kokyb\u0117s ispani\u0161kus delikatesus \u2013 s\u016brius, kumpius, alyvuoges ir \u017euv\u012f. Tikras Ispanijos skonis tiesiai \u012f j\u016bs\u0173 namus.\",\"breadcrumb\":{\"@id\":\"https:\/\/espanola.lt\/produktas\/mazos-chorizo-desreles-55g\/#breadcrumb\"},\"inLanguage\":\"en-US\",\"potentialAction\":[{\"@type\":\"ReadAction\",\"target\":[\"https:\/\/espanola.lt\/produktas\/mazos-chorizo-desreles-55g\/\"]}]},{\"@type\":\"ImageObject\",\"inLanguage\":\"en-US\",\"@id\":\"https:\/\/espanola.lt\/produktas\/mazos-chorizo-desreles-55g\/#primaryimage\",\"url\":\"https:\/\/espanola.lt\/wp-content\/uploads\/2023\/12\/Mazos-CHORIZO-desreles-55g.webp\",\"contentUrl\":\"https:\/\/espanola.lt\/wp-content\/uploads\/2023\/12\/Mazos-CHORIZO-desreles-55g.webp\",\"width\":1100,\"height\":1422},{\"@type\":\"BreadcrumbList\",\"@id\":\"https:\/\/espanola.lt\/produktas\/mazos-chorizo-desreles-55g\/#breadcrumb\",\"itemListElement\":[{\"@type\":\"ListItem\",\"position\":1,\"name\":\"Home\",\"item\":\"https:\/\/espanola.lt\/en\/homepage\/\"},{\"@type\":\"ListItem\",\"position\":2,\"name\":\"Shop\",\"item\":\"https:\/\/espanola.lt\/en\/shop\/\"},{\"@type\":\"ListItem\",\"position\":3,\"name\":\"Ma\u017eos CHORIZO de\u0161rel\u0117s 55g\"}]},{\"@type\":\"WebSite\",\"@id\":\"https:\/\/espanola.lt\/#website\",\"url\":\"https:\/\/espanola.lt\/\",\"name\":\"Espanola.lt | Tikras Ispanijos skonis \u2013 J\u016bs\u0173 namuose!\",\"description\":\"\",\"publisher\":{\"@id\":\"https:\/\/espanola.lt\/#organization\"},\"potentialAction\":[{\"@type\":\"SearchAction\",\"target\":{\"@type\":\"EntryPoint\",\"urlTemplate\":\"https:\/\/espanola.lt\/?s={search_term_string}\"},\"query-input\":{\"@type\":\"PropertyValueSpecification\",\"valueRequired\":true,\"valueName\":\"search_term_string\"}}],\"inLanguage\":\"en-US\"},{\"@type\":\"Organization\",\"@id\":\"https:\/\/espanola.lt\/#organization\",\"name\":\"Espanola.lt\",\"url\":\"https:\/\/espanola.lt\/\",\"logo\":{\"@type\":\"ImageObject\",\"inLanguage\":\"en-US\",\"@id\":\"https:\/\/espanola.lt\/#\/schema\/logo\/image\/\",\"url\":\"https:\/\/espanola.lt\/wp-content\/uploads\/2023\/03\/notext_color.png\",\"contentUrl\":\"https:\/\/espanola.lt\/wp-content\/uploads\/2023\/03\/notext_color.png\",\"width\":916,\"height\":204,\"caption\":\"Espanola.lt\"},\"image\":{\"@id\":\"https:\/\/espanola.lt\/#\/schema\/logo\/image\/\"},\"sameAs\":[\"https:\/\/www.facebook.com\/espanola.lt\",\"https:\/\/www.instagram.com\/espanola.lt\/\"]}]}<\/script>\n<!-- \/ Yoast SEO plugin. -->","yoast_head_json":{"title":"Ma\u017eos CHORIZO de\u0161rel\u0117s 55g | Espanola.lt","description":"Atraskite auk\u0161tos kokyb\u0117s ispani\u0161kus delikatesus \u2013 s\u016brius, kumpius, alyvuoges ir \u017euv\u012f. Tikras Ispanijos skonis tiesiai \u012f j\u016bs\u0173 namus.","robots":{"index":"index","follow":"follow","max-snippet":"max-snippet:-1","max-image-preview":"max-image-preview:large","max-video-preview":"max-video-preview:-1"},"canonical":"https:\/\/espanola.lt\/produktas\/mazos-chorizo-desreles-55g\/","og_locale":"en_US","og_type":"article","og_title":"Ma\u017eos CHORIZO de\u0161rel\u0117s 55g | Espanola.lt","og_description":"Atraskite auk\u0161tos kokyb\u0117s ispani\u0161kus delikatesus \u2013 s\u016brius, kumpius, alyvuoges ir \u017euv\u012f. Tikras Ispanijos skonis tiesiai \u012f j\u016bs\u0173 namus.","og_url":"https:\/\/espanola.lt\/produktas\/mazos-chorizo-desreles-55g\/","og_site_name":"Espanola","article_publisher":"https:\/\/www.facebook.com\/espanola.lt","article_modified_time":"2026-03-25T09:57:58+00:00","og_image":[{"width":1100,"height":1422,"url":"https:\/\/espanola.lt\/wp-content\/uploads\/2023\/12\/Mazos-CHORIZO-desreles-55g.webp","type":"image\/webp"}],"twitter_card":"summary_large_image","twitter_misc":{"Est. reading time":"1 minute"},"schema":{"@context":"https:\/\/schema.org","@graph":[{"@type":"WebPage","@id":"https:\/\/espanola.lt\/produktas\/mazos-chorizo-desreles-55g\/","url":"https:\/\/espanola.lt\/produktas\/mazos-chorizo-desreles-55g\/","name":"Ma\u017eos CHORIZO de\u0161rel\u0117s 55g | Espanola.lt","isPartOf":{"@id":"https:\/\/espanola.lt\/#website"},"primaryImageOfPage":{"@id":"https:\/\/espanola.lt\/produktas\/mazos-chorizo-desreles-55g\/#primaryimage"},"image":{"@id":"https:\/\/espanola.lt\/produktas\/mazos-chorizo-desreles-55g\/#primaryimage"},"thumbnailUrl":"https:\/\/espanola.lt\/wp-content\/uploads\/2023\/12\/Mazos-CHORIZO-desreles-55g.webp","datePublished":"2023-12-04T17:21:14+00:00","dateModified":"2026-03-25T09:57:58+00:00","description":"Atraskite auk\u0161tos kokyb\u0117s ispani\u0161kus delikatesus \u2013 s\u016brius, kumpius, alyvuoges ir \u017euv\u012f. Tikras Ispanijos skonis tiesiai \u012f j\u016bs\u0173 namus.","breadcrumb":{"@id":"https:\/\/espanola.lt\/produktas\/mazos-chorizo-desreles-55g\/#breadcrumb"},"inLanguage":"en-US","potentialAction":[{"@type":"ReadAction","target":["https:\/\/espanola.lt\/produktas\/mazos-chorizo-desreles-55g\/"]}]},{"@type":"ImageObject","inLanguage":"en-US","@id":"https:\/\/espanola.lt\/produktas\/mazos-chorizo-desreles-55g\/#primaryimage","url":"https:\/\/espanola.lt\/wp-content\/uploads\/2023\/12\/Mazos-CHORIZO-desreles-55g.webp","contentUrl":"https:\/\/espanola.lt\/wp-content\/uploads\/2023\/12\/Mazos-CHORIZO-desreles-55g.webp","width":1100,"height":1422},{"@type":"BreadcrumbList","@id":"https:\/\/espanola.lt\/produktas\/mazos-chorizo-desreles-55g\/#breadcrumb","itemListElement":[{"@type":"ListItem","position":1,"name":"Home","item":"https:\/\/espanola.lt\/en\/homepage\/"},{"@type":"ListItem","position":2,"name":"Shop","item":"https:\/\/espanola.lt\/en\/shop\/"},{"@type":"ListItem","position":3,"name":"Ma\u017eos CHORIZO de\u0161rel\u0117s 55g"}]},{"@type":"WebSite","@id":"https:\/\/espanola.lt\/#website","url":"https:\/\/espanola.lt\/","name":"Espanola.lt | Tikras Ispanijos skonis \u2013 J\u016bs\u0173 namuose!","description":"","publisher":{"@id":"https:\/\/espanola.lt\/#organization"},"potentialAction":[{"@type":"SearchAction","target":{"@type":"EntryPoint","urlTemplate":"https:\/\/espanola.lt\/?s={search_term_string}"},"query-input":{"@type":"PropertyValueSpecification","valueRequired":true,"valueName":"search_term_string"}}],"inLanguage":"en-US"},{"@type":"Organization","@id":"https:\/\/espanola.lt\/#organization","name":"Espanola.lt","url":"https:\/\/espanola.lt\/","logo":{"@type":"ImageObject","inLanguage":"en-US","@id":"https:\/\/espanola.lt\/#\/schema\/logo\/image\/","url":"https:\/\/espanola.lt\/wp-content\/uploads\/2023\/03\/notext_color.png","contentUrl":"https:\/\/espanola.lt\/wp-content\/uploads\/2023\/03\/notext_color.png","width":916,"height":204,"caption":"Espanola.lt"},"image":{"@id":"https:\/\/espanola.lt\/#\/schema\/logo\/image\/"},"sameAs":["https:\/\/www.facebook.com\/espanola.lt","https:\/\/www.instagram.com\/espanola.lt\/"]}]}},"_links":{"self":[{"href":"https:\/\/espanola.lt\/en\/wp-json\/wp\/v2\/product\/24568"}],"collection":[{"href":"https:\/\/espanola.lt\/en\/wp-json\/wp\/v2\/product"}],"about":[{"href":"https:\/\/espanola.lt\/en\/wp-json\/wp\/v2\/types\/product"}],"version-history":[{"count":4,"href":"https:\/\/espanola.lt\/en\/wp-json\/wp\/v2\/product\/24568\/revisions"}],"predecessor-version":[{"id":27081,"href":"https:\/\/espanola.lt\/en\/wp-json\/wp\/v2\/product\/24568\/revisions\/27081"}],"wp:featuredmedia":[{"embeddable":true,"href":"https:\/\/espanola.lt\/en\/wp-json\/wp\/v2\/media\/24570"}],"wp:attachment":[{"href":"https:\/\/espanola.lt\/en\/wp-json\/wp\/v2\/media?parent=24568"}],"wp:term":[{"taxonomy":"product_brand","embeddable":true,"href":"https:\/\/espanola.lt\/en\/wp-json\/wp\/v2\/product_brand?post=24568"},{"taxonomy":"product_cat","embeddable":true,"href":"https:\/\/espanola.lt\/en\/wp-json\/wp\/v2\/product_cat?post=24568"},{"taxonomy":"product_tag","embeddable":true,"href":"https:\/\/espanola.lt\/en\/wp-json\/wp\/v2\/product_tag?post=24568"}],"curies":[{"name":"wp","href":"https:\/\/api.w.org\/{rel}","templated":true}]}}