{"id":24552,"date":"2023-12-04T17:01:55","date_gmt":"2023-12-04T17:01:55","guid":{"rendered":"https:\/\/espanola.lt\/?post_type=product&#038;p=24552"},"modified":"2026-03-25T11:37:18","modified_gmt":"2026-03-25T11:37:18","slug":"vytinta-desra-fuet-extra-papriku-apvalkale-180g","status":"publish","type":"product","link":"https:\/\/espanola.lt\/en\/produktas\/vytinta-desra-fuet-extra-papriku-apvalkale-180g\/","title":{"rendered":"Vytinta de\u0161ra FUET Extra, paprik\u0173 apvalkale, 180g."},"content":{"rendered":"<p><strong>Vytinta de\u0161ra FUET Extra, paprik\u0173 apvalkale, 180g.<\/strong><\/p>\n<p>Sudedamosios dalys: kiaulienos m\u0117sa, druska, kiaulienos baltymai, dektrinas, dekstroz\u0117, prieskoniai, antioksidantai (E-331, E-316), kvapioji med\u017eiaga konservantai (E-250,E252), \u00a0nat\u016brali kvapioji med\u017eiaga, kiaulienos apvalkalas. Graz\u016bravimo priemon\u0117s (E414, E415) ir paprika. \u00a0Be gliuteno, be laktoz\u0117s, be sojos, be da\u017eikli\u0173.<\/p>\n<p>Maistin\u0117 vert\u0117: Vert\u0117s 100 g produkto Energin\u0117 vert\u0117 1861 kj (449kcal) Riebalai 37,2g (i\u0161 kuri\u0173 so\u010di\u0173j\u0173 riebal\u0173 r\u016bg\u0161\u010di\u0173 15,2g.), Angliavandeniai 0.5 g., i\u0161 kuri\u0173 Cukr\u016bs 0,5g, Skaidulin\u0117s med\u017eiagos 0g. Baltymai 28,5g., Druska 3,29 g. Laikyti v\u0117sioje sausoje vietoje. Supakuota \u012f apsaugin\u0119 atmosfer\u0105.\u00a0 Partijos Nr.\/Geriausia suvartoti iki: \u017er. pakuot\u0119. Grynasis svoris 180g.<\/p>\n<p>Kilm\u0117s \u0161alis: Ispanija.<\/p>\n","protected":false},"excerpt":{"rendered":"<p>Vytinta de\u0161ra FUET Extra, paprik\u0173 apvalkale, 180g. Sudedamosios dalys: kiaulienos m\u0117sa, druska, kiaulienos baltymai, dektrinas, dekstroz\u0117, prieskoniai, antioksidantai (E-331, E-316), kvapioji med\u017eiaga konservantai (E-250,E252), \u00a0nat\u016brali kvapioji med\u017eiaga, kiaulienos apvalkalas. Graz\u016bravimo priemon\u0117s (E414, E415) ir paprika. \u00a0Be gliuteno, be laktoz\u0117s, be sojos, be da\u017eikli\u0173. Maistin\u0117 vert\u0117: Vert\u0117s 100 g produkto Energin\u0117 vert\u0117 1861 kj (449kcal) Riebalai 37,2g (i\u0161 kuri\u0173 so\u010di\u0173j\u0173 riebal\u0173 r\u016bg\u0161\u010di\u0173 15,2g.), Angliavandeniai 0.5 g., i\u0161 kuri\u0173 Cukr\u016bs 0,5g, Skaidulin\u0117s med\u017eiagos 0g. Baltymai 28,5g., Druska 3,29 g. Laikyti v\u0117sioje sausoje vietoje. Supakuota \u012f apsaugin\u0119 atmosfer\u0105.\u00a0 Partijos Nr.\/Geriausia suvartoti iki: \u017er. pakuot\u0119. Grynasis svoris 180g. Kilm\u0117s \u0161alis: Ispanija.<\/p>\n","protected":false},"featured_media":27077,"template":"","meta":[],"product_brand":[],"product_cat":[116,114],"product_tag":[],"class_list":{"0":"post-24552","1":"product","2":"type-product","3":"status-publish","4":"has-post-thumbnail","6":"product_cat-mazmenine-2","7":"product_cat-mesos-gaminiai-2","9":"first","10":"instock","11":"sale","12":"shipping-taxable","13":"purchasable","14":"product-type-simple"},"yoast_head":"<!-- This site is optimized with the Yoast SEO plugin v23.7 - https:\/\/yoast.com\/wordpress\/plugins\/seo\/ -->\n<title>Vytinta de\u0161ra FUET Extra, paprik\u0173 apvalkale, 180g. | Espanola.lt<\/title>\n<meta name=\"description\" content=\"Atraskite auk\u0161tos kokyb\u0117s ispani\u0161kus delikatesus \u2013 s\u016brius, kumpius, alyvuoges ir \u017euv\u012f. Tikras Ispanijos skonis tiesiai \u012f j\u016bs\u0173 namus.\" \/>\n<meta name=\"robots\" content=\"index, follow, max-snippet:-1, max-image-preview:large, max-video-preview:-1\" \/>\n<link rel=\"canonical\" href=\"https:\/\/espanola.lt\/produktas\/vytinta-desra-fuet-extra-papriku-apvalkale-180g\/\" \/>\n<meta property=\"og:locale\" content=\"en_US\" \/>\n<meta property=\"og:type\" content=\"article\" \/>\n<meta property=\"og:title\" content=\"Vytinta de\u0161ra FUET Extra, paprik\u0173 apvalkale, 180g. | Espanola.lt\" \/>\n<meta property=\"og:description\" content=\"Atraskite auk\u0161tos kokyb\u0117s ispani\u0161kus delikatesus \u2013 s\u016brius, kumpius, alyvuoges ir \u017euv\u012f. Tikras Ispanijos skonis tiesiai \u012f j\u016bs\u0173 namus.\" \/>\n<meta property=\"og:url\" content=\"https:\/\/espanola.lt\/produktas\/vytinta-desra-fuet-extra-papriku-apvalkale-180g\/\" \/>\n<meta property=\"og:site_name\" content=\"Espanola\" \/>\n<meta property=\"article:publisher\" content=\"https:\/\/www.facebook.com\/espanola.lt\" \/>\n<meta property=\"article:modified_time\" content=\"2026-03-25T11:37:18+00:00\" \/>\n<meta property=\"og:image\" content=\"https:\/\/espanola.lt\/wp-content\/uploads\/2023\/12\/fuet-extra-mediterraneo-al-pimiento.jpg\" \/>\n\t<meta property=\"og:image:width\" content=\"381\" \/>\n\t<meta property=\"og:image:height\" content=\"492\" \/>\n\t<meta property=\"og:image:type\" content=\"image\/jpeg\" \/>\n<meta name=\"twitter:card\" content=\"summary_large_image\" \/>\n<meta name=\"twitter:label1\" content=\"Est. reading time\" \/>\n\t<meta name=\"twitter:data1\" content=\"1 minute\" \/>\n<script type=\"application\/ld+json\" class=\"yoast-schema-graph\">{\"@context\":\"https:\/\/schema.org\",\"@graph\":[{\"@type\":\"WebPage\",\"@id\":\"https:\/\/espanola.lt\/produktas\/vytinta-desra-fuet-extra-papriku-apvalkale-180g\/\",\"url\":\"https:\/\/espanola.lt\/produktas\/vytinta-desra-fuet-extra-papriku-apvalkale-180g\/\",\"name\":\"Vytinta de\u0161ra FUET Extra, paprik\u0173 apvalkale, 180g. | Espanola.lt\",\"isPartOf\":{\"@id\":\"https:\/\/espanola.lt\/#website\"},\"primaryImageOfPage\":{\"@id\":\"https:\/\/espanola.lt\/produktas\/vytinta-desra-fuet-extra-papriku-apvalkale-180g\/#primaryimage\"},\"image\":{\"@id\":\"https:\/\/espanola.lt\/produktas\/vytinta-desra-fuet-extra-papriku-apvalkale-180g\/#primaryimage\"},\"thumbnailUrl\":\"https:\/\/espanola.lt\/wp-content\/uploads\/2023\/12\/fuet-extra-mediterraneo-al-pimiento.jpg\",\"datePublished\":\"2023-12-04T17:01:55+00:00\",\"dateModified\":\"2026-03-25T11:37:18+00:00\",\"description\":\"Atraskite auk\u0161tos kokyb\u0117s ispani\u0161kus delikatesus \u2013 s\u016brius, kumpius, alyvuoges ir \u017euv\u012f. Tikras Ispanijos skonis tiesiai \u012f j\u016bs\u0173 namus.\",\"breadcrumb\":{\"@id\":\"https:\/\/espanola.lt\/produktas\/vytinta-desra-fuet-extra-papriku-apvalkale-180g\/#breadcrumb\"},\"inLanguage\":\"en-US\",\"potentialAction\":[{\"@type\":\"ReadAction\",\"target\":[\"https:\/\/espanola.lt\/produktas\/vytinta-desra-fuet-extra-papriku-apvalkale-180g\/\"]}]},{\"@type\":\"ImageObject\",\"inLanguage\":\"en-US\",\"@id\":\"https:\/\/espanola.lt\/produktas\/vytinta-desra-fuet-extra-papriku-apvalkale-180g\/#primaryimage\",\"url\":\"https:\/\/espanola.lt\/wp-content\/uploads\/2023\/12\/fuet-extra-mediterraneo-al-pimiento.jpg\",\"contentUrl\":\"https:\/\/espanola.lt\/wp-content\/uploads\/2023\/12\/fuet-extra-mediterraneo-al-pimiento.jpg\",\"width\":381,\"height\":492},{\"@type\":\"BreadcrumbList\",\"@id\":\"https:\/\/espanola.lt\/produktas\/vytinta-desra-fuet-extra-papriku-apvalkale-180g\/#breadcrumb\",\"itemListElement\":[{\"@type\":\"ListItem\",\"position\":1,\"name\":\"Home\",\"item\":\"https:\/\/espanola.lt\/en\/homepage\/\"},{\"@type\":\"ListItem\",\"position\":2,\"name\":\"Shop\",\"item\":\"https:\/\/espanola.lt\/en\/shop\/\"},{\"@type\":\"ListItem\",\"position\":3,\"name\":\"Vytinta de\u0161ra FUET Extra, paprik\u0173 apvalkale, 180g.\"}]},{\"@type\":\"WebSite\",\"@id\":\"https:\/\/espanola.lt\/#website\",\"url\":\"https:\/\/espanola.lt\/\",\"name\":\"Espanola.lt | Tikras Ispanijos skonis \u2013 J\u016bs\u0173 namuose!\",\"description\":\"\",\"publisher\":{\"@id\":\"https:\/\/espanola.lt\/#organization\"},\"potentialAction\":[{\"@type\":\"SearchAction\",\"target\":{\"@type\":\"EntryPoint\",\"urlTemplate\":\"https:\/\/espanola.lt\/?s={search_term_string}\"},\"query-input\":{\"@type\":\"PropertyValueSpecification\",\"valueRequired\":true,\"valueName\":\"search_term_string\"}}],\"inLanguage\":\"en-US\"},{\"@type\":\"Organization\",\"@id\":\"https:\/\/espanola.lt\/#organization\",\"name\":\"Espanola.lt\",\"url\":\"https:\/\/espanola.lt\/\",\"logo\":{\"@type\":\"ImageObject\",\"inLanguage\":\"en-US\",\"@id\":\"https:\/\/espanola.lt\/#\/schema\/logo\/image\/\",\"url\":\"https:\/\/espanola.lt\/wp-content\/uploads\/2023\/03\/notext_color.png\",\"contentUrl\":\"https:\/\/espanola.lt\/wp-content\/uploads\/2023\/03\/notext_color.png\",\"width\":916,\"height\":204,\"caption\":\"Espanola.lt\"},\"image\":{\"@id\":\"https:\/\/espanola.lt\/#\/schema\/logo\/image\/\"},\"sameAs\":[\"https:\/\/www.facebook.com\/espanola.lt\",\"https:\/\/www.instagram.com\/espanola.lt\/\"]}]}<\/script>\n<!-- \/ Yoast SEO plugin. -->","yoast_head_json":{"title":"Vytinta de\u0161ra FUET Extra, paprik\u0173 apvalkale, 180g. | Espanola.lt","description":"Atraskite auk\u0161tos kokyb\u0117s ispani\u0161kus delikatesus \u2013 s\u016brius, kumpius, alyvuoges ir \u017euv\u012f. Tikras Ispanijos skonis tiesiai \u012f j\u016bs\u0173 namus.","robots":{"index":"index","follow":"follow","max-snippet":"max-snippet:-1","max-image-preview":"max-image-preview:large","max-video-preview":"max-video-preview:-1"},"canonical":"https:\/\/espanola.lt\/produktas\/vytinta-desra-fuet-extra-papriku-apvalkale-180g\/","og_locale":"en_US","og_type":"article","og_title":"Vytinta de\u0161ra FUET Extra, paprik\u0173 apvalkale, 180g. | Espanola.lt","og_description":"Atraskite auk\u0161tos kokyb\u0117s ispani\u0161kus delikatesus \u2013 s\u016brius, kumpius, alyvuoges ir \u017euv\u012f. Tikras Ispanijos skonis tiesiai \u012f j\u016bs\u0173 namus.","og_url":"https:\/\/espanola.lt\/produktas\/vytinta-desra-fuet-extra-papriku-apvalkale-180g\/","og_site_name":"Espanola","article_publisher":"https:\/\/www.facebook.com\/espanola.lt","article_modified_time":"2026-03-25T11:37:18+00:00","og_image":[{"width":381,"height":492,"url":"https:\/\/espanola.lt\/wp-content\/uploads\/2023\/12\/fuet-extra-mediterraneo-al-pimiento.jpg","type":"image\/jpeg"}],"twitter_card":"summary_large_image","twitter_misc":{"Est. reading time":"1 minute"},"schema":{"@context":"https:\/\/schema.org","@graph":[{"@type":"WebPage","@id":"https:\/\/espanola.lt\/produktas\/vytinta-desra-fuet-extra-papriku-apvalkale-180g\/","url":"https:\/\/espanola.lt\/produktas\/vytinta-desra-fuet-extra-papriku-apvalkale-180g\/","name":"Vytinta de\u0161ra FUET Extra, paprik\u0173 apvalkale, 180g. | Espanola.lt","isPartOf":{"@id":"https:\/\/espanola.lt\/#website"},"primaryImageOfPage":{"@id":"https:\/\/espanola.lt\/produktas\/vytinta-desra-fuet-extra-papriku-apvalkale-180g\/#primaryimage"},"image":{"@id":"https:\/\/espanola.lt\/produktas\/vytinta-desra-fuet-extra-papriku-apvalkale-180g\/#primaryimage"},"thumbnailUrl":"https:\/\/espanola.lt\/wp-content\/uploads\/2023\/12\/fuet-extra-mediterraneo-al-pimiento.jpg","datePublished":"2023-12-04T17:01:55+00:00","dateModified":"2026-03-25T11:37:18+00:00","description":"Atraskite auk\u0161tos kokyb\u0117s ispani\u0161kus delikatesus \u2013 s\u016brius, kumpius, alyvuoges ir \u017euv\u012f. Tikras Ispanijos skonis tiesiai \u012f j\u016bs\u0173 namus.","breadcrumb":{"@id":"https:\/\/espanola.lt\/produktas\/vytinta-desra-fuet-extra-papriku-apvalkale-180g\/#breadcrumb"},"inLanguage":"en-US","potentialAction":[{"@type":"ReadAction","target":["https:\/\/espanola.lt\/produktas\/vytinta-desra-fuet-extra-papriku-apvalkale-180g\/"]}]},{"@type":"ImageObject","inLanguage":"en-US","@id":"https:\/\/espanola.lt\/produktas\/vytinta-desra-fuet-extra-papriku-apvalkale-180g\/#primaryimage","url":"https:\/\/espanola.lt\/wp-content\/uploads\/2023\/12\/fuet-extra-mediterraneo-al-pimiento.jpg","contentUrl":"https:\/\/espanola.lt\/wp-content\/uploads\/2023\/12\/fuet-extra-mediterraneo-al-pimiento.jpg","width":381,"height":492},{"@type":"BreadcrumbList","@id":"https:\/\/espanola.lt\/produktas\/vytinta-desra-fuet-extra-papriku-apvalkale-180g\/#breadcrumb","itemListElement":[{"@type":"ListItem","position":1,"name":"Home","item":"https:\/\/espanola.lt\/en\/homepage\/"},{"@type":"ListItem","position":2,"name":"Shop","item":"https:\/\/espanola.lt\/en\/shop\/"},{"@type":"ListItem","position":3,"name":"Vytinta de\u0161ra FUET Extra, paprik\u0173 apvalkale, 180g."}]},{"@type":"WebSite","@id":"https:\/\/espanola.lt\/#website","url":"https:\/\/espanola.lt\/","name":"Espanola.lt | Tikras Ispanijos skonis \u2013 J\u016bs\u0173 namuose!","description":"","publisher":{"@id":"https:\/\/espanola.lt\/#organization"},"potentialAction":[{"@type":"SearchAction","target":{"@type":"EntryPoint","urlTemplate":"https:\/\/espanola.lt\/?s={search_term_string}"},"query-input":{"@type":"PropertyValueSpecification","valueRequired":true,"valueName":"search_term_string"}}],"inLanguage":"en-US"},{"@type":"Organization","@id":"https:\/\/espanola.lt\/#organization","name":"Espanola.lt","url":"https:\/\/espanola.lt\/","logo":{"@type":"ImageObject","inLanguage":"en-US","@id":"https:\/\/espanola.lt\/#\/schema\/logo\/image\/","url":"https:\/\/espanola.lt\/wp-content\/uploads\/2023\/03\/notext_color.png","contentUrl":"https:\/\/espanola.lt\/wp-content\/uploads\/2023\/03\/notext_color.png","width":916,"height":204,"caption":"Espanola.lt"},"image":{"@id":"https:\/\/espanola.lt\/#\/schema\/logo\/image\/"},"sameAs":["https:\/\/www.facebook.com\/espanola.lt","https:\/\/www.instagram.com\/espanola.lt\/"]}]}},"_links":{"self":[{"href":"https:\/\/espanola.lt\/en\/wp-json\/wp\/v2\/product\/24552"}],"collection":[{"href":"https:\/\/espanola.lt\/en\/wp-json\/wp\/v2\/product"}],"about":[{"href":"https:\/\/espanola.lt\/en\/wp-json\/wp\/v2\/types\/product"}],"version-history":[{"count":1,"href":"https:\/\/espanola.lt\/en\/wp-json\/wp\/v2\/product\/24552\/revisions"}],"predecessor-version":[{"id":24555,"href":"https:\/\/espanola.lt\/en\/wp-json\/wp\/v2\/product\/24552\/revisions\/24555"}],"wp:featuredmedia":[{"embeddable":true,"href":"https:\/\/espanola.lt\/en\/wp-json\/wp\/v2\/media\/27077"}],"wp:attachment":[{"href":"https:\/\/espanola.lt\/en\/wp-json\/wp\/v2\/media?parent=24552"}],"wp:term":[{"taxonomy":"product_brand","embeddable":true,"href":"https:\/\/espanola.lt\/en\/wp-json\/wp\/v2\/product_brand?post=24552"},{"taxonomy":"product_cat","embeddable":true,"href":"https:\/\/espanola.lt\/en\/wp-json\/wp\/v2\/product_cat?post=24552"},{"taxonomy":"product_tag","embeddable":true,"href":"https:\/\/espanola.lt\/en\/wp-json\/wp\/v2\/product_tag?post=24552"}],"curies":[{"name":"wp","href":"https:\/\/api.w.org\/{rel}","templated":true}]}}