{"id":24542,"date":"2023-12-04T16:41:51","date_gmt":"2023-12-04T16:41:51","guid":{"rendered":"https:\/\/espanola.lt\/?post_type=product&#038;p=24542"},"modified":"2025-04-22T06:30:09","modified_gmt":"2025-04-22T06:30:09","slug":"le-pti-astri-chorizo-desra-150g","status":"publish","type":"product","link":"https:\/\/espanola.lt\/en\/produktas\/le-pti-astri-chorizo-desra-150g\/","title":{"rendered":"le P&#8217;ti a\u0161tri CHORIZO de\u0161ra 150g."},"content":{"rendered":"<p><strong>LeP&#8217;ti\u00a0 a\u0161tri CHORIZO de\u0161ra 150g.<\/strong><\/p>\n<p>Sudedamosios dalys: kiauliena, prieskoniai, druska, kiaulienos baltymai, dekstrinas, dekstroz\u0117, \u010desnakas, stabilizatoriai (E-451, E450), abtioksidantai (E316, E392), konservantai E250, E252), da\u017eiklis E160c, kiaulienos apvalkalas. Pavir\u0161iaus apdorojimas: konservantai (E202, E235).<\/p>\n<p>Maistin\u0117 vert\u0117: Vert\u0117s 100 g produkto Energin\u0117 vert\u0117 1997 kj (482kcal) Riebalai 42,4g (i\u0161 kuri\u0173 so\u010di\u0173j\u0173 riebal\u0173 r\u016bg\u0161\u010di\u0173 16,9g.), Angliavandeniai 2,1 g., i\u0161 kuri\u0173 Cukr\u016bs 0,5g, Skaidulin\u0117s med\u017eiagos 0g. Baltymai 13,1g., Druska 3,13 g. Laikyti v\u0117sioje sausoje vietoje.\u00a0 Partijos Nr.\/Geriausia suvartoti iki: \u017er. pakuot\u0119. Grynasis svoris 160g.<\/p>\n<p>Kilm\u0117s \u0161alis: Ispanija.<\/p>\n","protected":false},"excerpt":{"rendered":"<p>LeP&#8217;ti\u00a0 a\u0161tri CHORIZO de\u0161ra 150g. Sudedamosios dalys: kiauliena, prieskoniai, druska, kiaulienos baltymai, dekstrinas, dekstroz\u0117, \u010desnakas, stabilizatoriai (E-451, E450), abtioksidantai (E316, E392), konservantai E250, E252), da\u017eiklis E160c, kiaulienos apvalkalas. Pavir\u0161iaus apdorojimas: konservantai (E202, E235). Maistin\u0117 vert\u0117: Vert\u0117s 100 g produkto Energin\u0117 vert\u0117 1997 kj (482kcal) Riebalai 42,4g (i\u0161 kuri\u0173 so\u010di\u0173j\u0173 riebal\u0173 r\u016bg\u0161\u010di\u0173 16,9g.), Angliavandeniai 2,1 g., i\u0161 kuri\u0173 Cukr\u016bs 0,5g, Skaidulin\u0117s med\u017eiagos 0g. Baltymai 13,1g., Druska 3,13 g. Laikyti v\u0117sioje sausoje vietoje.\u00a0 Partijos Nr.\/Geriausia suvartoti iki: \u017er. pakuot\u0119. Grynasis svoris 160g. Kilm\u0117s \u0161alis: Ispanija.<\/p>\n","protected":false},"featured_media":24543,"template":"","meta":[],"product_brand":[],"product_cat":[116,114],"product_tag":[],"class_list":{"0":"post-24542","1":"product","2":"type-product","3":"status-publish","4":"has-post-thumbnail","6":"product_cat-mazmenine-2","7":"product_cat-mesos-gaminiai-2","9":"first","10":"outofstock","11":"shipping-taxable","12":"purchasable","13":"product-type-simple"},"yoast_head":"<!-- This site is optimized with the Yoast SEO plugin v23.7 - https:\/\/yoast.com\/wordpress\/plugins\/seo\/ -->\n<title>le P&#039;ti a\u0161tri CHORIZO de\u0161ra 150g. | Espanola.lt<\/title>\n<meta name=\"description\" content=\"Atraskite auk\u0161tos kokyb\u0117s ispani\u0161kus delikatesus \u2013 s\u016brius, kumpius, alyvuoges ir \u017euv\u012f. Tikras Ispanijos skonis tiesiai \u012f j\u016bs\u0173 namus.\" \/>\n<meta name=\"robots\" content=\"index, follow, max-snippet:-1, max-image-preview:large, max-video-preview:-1\" \/>\n<link rel=\"canonical\" href=\"https:\/\/espanola.lt\/produktas\/le-pti-astri-chorizo-desra-150g\/\" \/>\n<meta property=\"og:locale\" content=\"en_US\" \/>\n<meta property=\"og:type\" content=\"article\" \/>\n<meta property=\"og:title\" content=\"le P&#039;ti a\u0161tri CHORIZO de\u0161ra 150g. | Espanola.lt\" \/>\n<meta property=\"og:description\" content=\"Atraskite auk\u0161tos kokyb\u0117s ispani\u0161kus delikatesus \u2013 s\u016brius, kumpius, alyvuoges ir \u017euv\u012f. Tikras Ispanijos skonis tiesiai \u012f j\u016bs\u0173 namus.\" \/>\n<meta property=\"og:url\" content=\"https:\/\/espanola.lt\/produktas\/le-pti-astri-chorizo-desra-150g\/\" \/>\n<meta property=\"og:site_name\" content=\"Espanola\" \/>\n<meta property=\"article:publisher\" content=\"https:\/\/www.facebook.com\/espanola.lt\" \/>\n<meta property=\"article:modified_time\" content=\"2025-04-22T06:30:09+00:00\" \/>\n<meta property=\"og:image\" content=\"https:\/\/espanola.lt\/wp-content\/uploads\/2023\/12\/le-Pti-astri-CHORIZO-desra-150g.webp\" \/>\n\t<meta property=\"og:image:width\" content=\"1200\" \/>\n\t<meta property=\"og:image:height\" content=\"1618\" \/>\n\t<meta property=\"og:image:type\" content=\"image\/webp\" \/>\n<meta name=\"twitter:card\" content=\"summary_large_image\" \/>\n<meta name=\"twitter:label1\" content=\"Est. reading time\" \/>\n\t<meta name=\"twitter:data1\" content=\"1 minute\" \/>\n<script type=\"application\/ld+json\" class=\"yoast-schema-graph\">{\"@context\":\"https:\/\/schema.org\",\"@graph\":[{\"@type\":\"WebPage\",\"@id\":\"https:\/\/espanola.lt\/produktas\/le-pti-astri-chorizo-desra-150g\/\",\"url\":\"https:\/\/espanola.lt\/produktas\/le-pti-astri-chorizo-desra-150g\/\",\"name\":\"le P'ti a\u0161tri CHORIZO de\u0161ra 150g. | Espanola.lt\",\"isPartOf\":{\"@id\":\"https:\/\/espanola.lt\/#website\"},\"primaryImageOfPage\":{\"@id\":\"https:\/\/espanola.lt\/produktas\/le-pti-astri-chorizo-desra-150g\/#primaryimage\"},\"image\":{\"@id\":\"https:\/\/espanola.lt\/produktas\/le-pti-astri-chorizo-desra-150g\/#primaryimage\"},\"thumbnailUrl\":\"https:\/\/espanola.lt\/wp-content\/uploads\/2023\/12\/le-Pti-astri-CHORIZO-desra-150g.webp\",\"datePublished\":\"2023-12-04T16:41:51+00:00\",\"dateModified\":\"2025-04-22T06:30:09+00:00\",\"description\":\"Atraskite auk\u0161tos kokyb\u0117s ispani\u0161kus delikatesus \u2013 s\u016brius, kumpius, alyvuoges ir \u017euv\u012f. Tikras Ispanijos skonis tiesiai \u012f j\u016bs\u0173 namus.\",\"breadcrumb\":{\"@id\":\"https:\/\/espanola.lt\/produktas\/le-pti-astri-chorizo-desra-150g\/#breadcrumb\"},\"inLanguage\":\"en-US\",\"potentialAction\":[{\"@type\":\"ReadAction\",\"target\":[\"https:\/\/espanola.lt\/produktas\/le-pti-astri-chorizo-desra-150g\/\"]}]},{\"@type\":\"ImageObject\",\"inLanguage\":\"en-US\",\"@id\":\"https:\/\/espanola.lt\/produktas\/le-pti-astri-chorizo-desra-150g\/#primaryimage\",\"url\":\"https:\/\/espanola.lt\/wp-content\/uploads\/2023\/12\/le-Pti-astri-CHORIZO-desra-150g.webp\",\"contentUrl\":\"https:\/\/espanola.lt\/wp-content\/uploads\/2023\/12\/le-Pti-astri-CHORIZO-desra-150g.webp\",\"width\":1200,\"height\":1618},{\"@type\":\"BreadcrumbList\",\"@id\":\"https:\/\/espanola.lt\/produktas\/le-pti-astri-chorizo-desra-150g\/#breadcrumb\",\"itemListElement\":[{\"@type\":\"ListItem\",\"position\":1,\"name\":\"Home\",\"item\":\"https:\/\/espanola.lt\/en\/homepage\/\"},{\"@type\":\"ListItem\",\"position\":2,\"name\":\"Shop\",\"item\":\"https:\/\/espanola.lt\/en\/shop\/\"},{\"@type\":\"ListItem\",\"position\":3,\"name\":\"le P&#8217;ti a\u0161tri CHORIZO de\u0161ra 150g.\"}]},{\"@type\":\"WebSite\",\"@id\":\"https:\/\/espanola.lt\/#website\",\"url\":\"https:\/\/espanola.lt\/\",\"name\":\"Espanola.lt | Tikras Ispanijos skonis \u2013 J\u016bs\u0173 namuose!\",\"description\":\"\",\"publisher\":{\"@id\":\"https:\/\/espanola.lt\/#organization\"},\"potentialAction\":[{\"@type\":\"SearchAction\",\"target\":{\"@type\":\"EntryPoint\",\"urlTemplate\":\"https:\/\/espanola.lt\/?s={search_term_string}\"},\"query-input\":{\"@type\":\"PropertyValueSpecification\",\"valueRequired\":true,\"valueName\":\"search_term_string\"}}],\"inLanguage\":\"en-US\"},{\"@type\":\"Organization\",\"@id\":\"https:\/\/espanola.lt\/#organization\",\"name\":\"Espanola.lt\",\"url\":\"https:\/\/espanola.lt\/\",\"logo\":{\"@type\":\"ImageObject\",\"inLanguage\":\"en-US\",\"@id\":\"https:\/\/espanola.lt\/#\/schema\/logo\/image\/\",\"url\":\"https:\/\/espanola.lt\/wp-content\/uploads\/2023\/03\/notext_color.png\",\"contentUrl\":\"https:\/\/espanola.lt\/wp-content\/uploads\/2023\/03\/notext_color.png\",\"width\":916,\"height\":204,\"caption\":\"Espanola.lt\"},\"image\":{\"@id\":\"https:\/\/espanola.lt\/#\/schema\/logo\/image\/\"},\"sameAs\":[\"https:\/\/www.facebook.com\/espanola.lt\",\"https:\/\/www.instagram.com\/espanola.lt\/\"]}]}<\/script>\n<!-- \/ Yoast SEO plugin. -->","yoast_head_json":{"title":"le P'ti a\u0161tri CHORIZO de\u0161ra 150g. | Espanola.lt","description":"Atraskite auk\u0161tos kokyb\u0117s ispani\u0161kus delikatesus \u2013 s\u016brius, kumpius, alyvuoges ir \u017euv\u012f. Tikras Ispanijos skonis tiesiai \u012f j\u016bs\u0173 namus.","robots":{"index":"index","follow":"follow","max-snippet":"max-snippet:-1","max-image-preview":"max-image-preview:large","max-video-preview":"max-video-preview:-1"},"canonical":"https:\/\/espanola.lt\/produktas\/le-pti-astri-chorizo-desra-150g\/","og_locale":"en_US","og_type":"article","og_title":"le P'ti a\u0161tri CHORIZO de\u0161ra 150g. | Espanola.lt","og_description":"Atraskite auk\u0161tos kokyb\u0117s ispani\u0161kus delikatesus \u2013 s\u016brius, kumpius, alyvuoges ir \u017euv\u012f. Tikras Ispanijos skonis tiesiai \u012f j\u016bs\u0173 namus.","og_url":"https:\/\/espanola.lt\/produktas\/le-pti-astri-chorizo-desra-150g\/","og_site_name":"Espanola","article_publisher":"https:\/\/www.facebook.com\/espanola.lt","article_modified_time":"2025-04-22T06:30:09+00:00","og_image":[{"width":1200,"height":1618,"url":"https:\/\/espanola.lt\/wp-content\/uploads\/2023\/12\/le-Pti-astri-CHORIZO-desra-150g.webp","type":"image\/webp"}],"twitter_card":"summary_large_image","twitter_misc":{"Est. reading time":"1 minute"},"schema":{"@context":"https:\/\/schema.org","@graph":[{"@type":"WebPage","@id":"https:\/\/espanola.lt\/produktas\/le-pti-astri-chorizo-desra-150g\/","url":"https:\/\/espanola.lt\/produktas\/le-pti-astri-chorizo-desra-150g\/","name":"le P'ti a\u0161tri CHORIZO de\u0161ra 150g. | Espanola.lt","isPartOf":{"@id":"https:\/\/espanola.lt\/#website"},"primaryImageOfPage":{"@id":"https:\/\/espanola.lt\/produktas\/le-pti-astri-chorizo-desra-150g\/#primaryimage"},"image":{"@id":"https:\/\/espanola.lt\/produktas\/le-pti-astri-chorizo-desra-150g\/#primaryimage"},"thumbnailUrl":"https:\/\/espanola.lt\/wp-content\/uploads\/2023\/12\/le-Pti-astri-CHORIZO-desra-150g.webp","datePublished":"2023-12-04T16:41:51+00:00","dateModified":"2025-04-22T06:30:09+00:00","description":"Atraskite auk\u0161tos kokyb\u0117s ispani\u0161kus delikatesus \u2013 s\u016brius, kumpius, alyvuoges ir \u017euv\u012f. Tikras Ispanijos skonis tiesiai \u012f j\u016bs\u0173 namus.","breadcrumb":{"@id":"https:\/\/espanola.lt\/produktas\/le-pti-astri-chorizo-desra-150g\/#breadcrumb"},"inLanguage":"en-US","potentialAction":[{"@type":"ReadAction","target":["https:\/\/espanola.lt\/produktas\/le-pti-astri-chorizo-desra-150g\/"]}]},{"@type":"ImageObject","inLanguage":"en-US","@id":"https:\/\/espanola.lt\/produktas\/le-pti-astri-chorizo-desra-150g\/#primaryimage","url":"https:\/\/espanola.lt\/wp-content\/uploads\/2023\/12\/le-Pti-astri-CHORIZO-desra-150g.webp","contentUrl":"https:\/\/espanola.lt\/wp-content\/uploads\/2023\/12\/le-Pti-astri-CHORIZO-desra-150g.webp","width":1200,"height":1618},{"@type":"BreadcrumbList","@id":"https:\/\/espanola.lt\/produktas\/le-pti-astri-chorizo-desra-150g\/#breadcrumb","itemListElement":[{"@type":"ListItem","position":1,"name":"Home","item":"https:\/\/espanola.lt\/en\/homepage\/"},{"@type":"ListItem","position":2,"name":"Shop","item":"https:\/\/espanola.lt\/en\/shop\/"},{"@type":"ListItem","position":3,"name":"le P&#8217;ti a\u0161tri CHORIZO de\u0161ra 150g."}]},{"@type":"WebSite","@id":"https:\/\/espanola.lt\/#website","url":"https:\/\/espanola.lt\/","name":"Espanola.lt | Tikras Ispanijos skonis \u2013 J\u016bs\u0173 namuose!","description":"","publisher":{"@id":"https:\/\/espanola.lt\/#organization"},"potentialAction":[{"@type":"SearchAction","target":{"@type":"EntryPoint","urlTemplate":"https:\/\/espanola.lt\/?s={search_term_string}"},"query-input":{"@type":"PropertyValueSpecification","valueRequired":true,"valueName":"search_term_string"}}],"inLanguage":"en-US"},{"@type":"Organization","@id":"https:\/\/espanola.lt\/#organization","name":"Espanola.lt","url":"https:\/\/espanola.lt\/","logo":{"@type":"ImageObject","inLanguage":"en-US","@id":"https:\/\/espanola.lt\/#\/schema\/logo\/image\/","url":"https:\/\/espanola.lt\/wp-content\/uploads\/2023\/03\/notext_color.png","contentUrl":"https:\/\/espanola.lt\/wp-content\/uploads\/2023\/03\/notext_color.png","width":916,"height":204,"caption":"Espanola.lt"},"image":{"@id":"https:\/\/espanola.lt\/#\/schema\/logo\/image\/"},"sameAs":["https:\/\/www.facebook.com\/espanola.lt","https:\/\/www.instagram.com\/espanola.lt\/"]}]}},"_links":{"self":[{"href":"https:\/\/espanola.lt\/en\/wp-json\/wp\/v2\/product\/24542"}],"collection":[{"href":"https:\/\/espanola.lt\/en\/wp-json\/wp\/v2\/product"}],"about":[{"href":"https:\/\/espanola.lt\/en\/wp-json\/wp\/v2\/types\/product"}],"version-history":[{"count":1,"href":"https:\/\/espanola.lt\/en\/wp-json\/wp\/v2\/product\/24542\/revisions"}],"predecessor-version":[{"id":24545,"href":"https:\/\/espanola.lt\/en\/wp-json\/wp\/v2\/product\/24542\/revisions\/24545"}],"wp:featuredmedia":[{"embeddable":true,"href":"https:\/\/espanola.lt\/en\/wp-json\/wp\/v2\/media\/24543"}],"wp:attachment":[{"href":"https:\/\/espanola.lt\/en\/wp-json\/wp\/v2\/media?parent=24542"}],"wp:term":[{"taxonomy":"product_brand","embeddable":true,"href":"https:\/\/espanola.lt\/en\/wp-json\/wp\/v2\/product_brand?post=24542"},{"taxonomy":"product_cat","embeddable":true,"href":"https:\/\/espanola.lt\/en\/wp-json\/wp\/v2\/product_cat?post=24542"},{"taxonomy":"product_tag","embeddable":true,"href":"https:\/\/espanola.lt\/en\/wp-json\/wp\/v2\/product_tag?post=24542"}],"curies":[{"name":"wp","href":"https:\/\/api.w.org\/{rel}","templated":true}]}}