{"id":24520,"date":"2023-12-04T16:04:41","date_gmt":"2023-12-04T16:04:41","guid":{"rendered":"https:\/\/espanola.lt\/?post_type=product&#038;p=24520"},"modified":"2026-04-21T14:40:48","modified_gmt":"2026-04-21T14:40:48","slug":"duroc-veisles-kiaules-vytinta-salchichon-desra-200g","status":"publish","type":"product","link":"https:\/\/espanola.lt\/en\/produktas\/duroc-veisles-kiaules-vytinta-salchichon-desra-200g\/","title":{"rendered":"Duroc veisl\u0117s kiaul\u0117s vytinta &#8220;SALCHICHON&#8221; de\u0161ra, 200g."},"content":{"rendered":"<p><strong>Duroc veisl\u0117s kiaul\u0117s vytinta &#8220;SALCHICHON&#8221; de\u0161ra, 200g.<\/strong>.<\/p>\n<p><strong>Geriausia tradicin\u0117 Ispani\u0161ka Salchich\u00f3n de\u0161ra, pagaminta i\u0161 auk\u0161tos kokyb\u0117s prieskoni\u0173, be dirbtini\u0173 pried\u0173.<\/strong><\/p>\n<p>Sudedamosios dalys: kiaul\u0117s m\u0117sa, druska, dar\u017eovi\u0173 baltymai, dekstrinas, prieskoniai, dekstroz\u0117, \u010desnakas. Kiaulienos baltymai. Nevalgomas kolageno apvalkalas. Begliuteno, be laktoz\u0117s, be sojos, be da\u017eikli\u0173.<\/p>\n<p>Maistin\u0117 vert\u0117: Vert\u0117s 100 g produkto Energin\u0117 vert\u0117 1947 kj (470kcal) Riebalai 41,6g (i\u0161 kuri\u0173 so\u010di\u0173j\u0173 riebal\u0173 r\u016bg\u0161\u010di\u0173 15,7g.), Angliavandeniai 2,9 g., i\u0161 kuri\u0173 Cukr\u016bs 0,5g, Skaidulin\u0117s med\u017eiagos 0g. Baltymai 21,1 g., Druska 3,22 g. Laikyti v\u0117sioje sausoje vietoje. \u00a0Partijos Nr.\/Geriausia suvartoti iki: \u017er. pakuot\u0119. Grynasis svoris 100g.<\/p>\n<p>Kilm\u0117s \u0161alis: Ispanija.<\/p>\n","protected":false},"excerpt":{"rendered":"<p>Duroc veisl\u0117s kiaul\u0117s vytinta &#8220;SALCHICHON&#8221; de\u0161ra, 200g.. Geriausia tradicin\u0117 Ispani\u0161ka Salchich\u00f3n de\u0161ra, pagaminta i\u0161 auk\u0161tos kokyb\u0117s prieskoni\u0173, be dirbtini\u0173 pried\u0173. Sudedamosios dalys: kiaul\u0117s m\u0117sa, druska, dar\u017eovi\u0173 baltymai, dekstrinas, prieskoniai, dekstroz\u0117, \u010desnakas. Kiaulienos baltymai. Nevalgomas kolageno apvalkalas. Begliuteno, be laktoz\u0117s, be sojos, be da\u017eikli\u0173. Maistin\u0117 vert\u0117: Vert\u0117s 100 g produkto Energin\u0117 vert\u0117 1947 kj (470kcal) Riebalai 41,6g (i\u0161 kuri\u0173 so\u010di\u0173j\u0173 riebal\u0173 r\u016bg\u0161\u010di\u0173 15,7g.), Angliavandeniai 2,9 g., i\u0161 kuri\u0173 Cukr\u016bs 0,5g, Skaidulin\u0117s med\u017eiagos 0g. Baltymai 21,1 g., Druska 3,22 g. Laikyti v\u0117sioje sausoje vietoje. \u00a0Partijos Nr.\/Geriausia suvartoti iki: \u017er. pakuot\u0119. Grynasis svoris 100g. Kilm\u0117s \u0161alis: Ispanija.<\/p>\n","protected":false},"featured_media":24523,"template":"","meta":[],"product_brand":[],"product_cat":[116,114,132],"product_tag":[],"class_list":{"0":"post-24520","1":"product","2":"type-product","3":"status-publish","4":"has-post-thumbnail","6":"product_cat-mazmenine-2","7":"product_cat-mesos-gaminiai-2","8":"product_cat-akcijoos","10":"first","11":"instock","12":"sale","13":"shipping-taxable","14":"purchasable","15":"product-type-simple"},"yoast_head":"<!-- This site is optimized with the Yoast SEO plugin v23.7 - https:\/\/yoast.com\/wordpress\/plugins\/seo\/ -->\n<title>Duroc veisl\u0117s kiaul\u0117s vytinta &quot;SALCHICHON&quot; de\u0161ra, 200g. | Espanola.lt<\/title>\n<meta name=\"description\" content=\"Atraskite auk\u0161tos kokyb\u0117s ispani\u0161kus delikatesus \u2013 s\u016brius, kumpius, alyvuoges ir \u017euv\u012f. Tikras Ispanijos skonis tiesiai \u012f j\u016bs\u0173 namus.\" \/>\n<meta name=\"robots\" content=\"index, follow, max-snippet:-1, max-image-preview:large, max-video-preview:-1\" \/>\n<link rel=\"canonical\" href=\"https:\/\/espanola.lt\/produktas\/duroc-veisles-kiaules-vytinta-salchichon-desra-200g\/\" \/>\n<meta property=\"og:locale\" content=\"en_US\" \/>\n<meta property=\"og:type\" content=\"article\" \/>\n<meta property=\"og:title\" content=\"Duroc veisl\u0117s kiaul\u0117s vytinta &quot;SALCHICHON&quot; de\u0161ra, 200g. | Espanola.lt\" \/>\n<meta property=\"og:description\" content=\"Atraskite auk\u0161tos kokyb\u0117s ispani\u0161kus delikatesus \u2013 s\u016brius, kumpius, alyvuoges ir \u017euv\u012f. Tikras Ispanijos skonis tiesiai \u012f j\u016bs\u0173 namus.\" \/>\n<meta property=\"og:url\" content=\"https:\/\/espanola.lt\/produktas\/duroc-veisles-kiaules-vytinta-salchichon-desra-200g\/\" \/>\n<meta property=\"og:site_name\" content=\"Espanola\" \/>\n<meta property=\"article:publisher\" content=\"https:\/\/www.facebook.com\/espanola.lt\" \/>\n<meta property=\"article:modified_time\" content=\"2026-04-21T14:40:48+00:00\" \/>\n<meta property=\"og:image\" content=\"https:\/\/espanola.lt\/wp-content\/uploads\/2023\/12\/Duroc-veisles-kiaules-vytinta-SALCHICHON-desra-200g.webp\" \/>\n\t<meta property=\"og:image:width\" content=\"1100\" \/>\n\t<meta property=\"og:image:height\" content=\"1422\" \/>\n\t<meta property=\"og:image:type\" content=\"image\/webp\" \/>\n<meta name=\"twitter:card\" content=\"summary_large_image\" \/>\n<meta name=\"twitter:label1\" content=\"Est. reading time\" \/>\n\t<meta name=\"twitter:data1\" content=\"1 minute\" \/>\n<script type=\"application\/ld+json\" class=\"yoast-schema-graph\">{\"@context\":\"https:\/\/schema.org\",\"@graph\":[{\"@type\":\"WebPage\",\"@id\":\"https:\/\/espanola.lt\/produktas\/duroc-veisles-kiaules-vytinta-salchichon-desra-200g\/\",\"url\":\"https:\/\/espanola.lt\/produktas\/duroc-veisles-kiaules-vytinta-salchichon-desra-200g\/\",\"name\":\"Duroc veisl\u0117s kiaul\u0117s vytinta \\\"SALCHICHON\\\" de\u0161ra, 200g. | Espanola.lt\",\"isPartOf\":{\"@id\":\"https:\/\/espanola.lt\/#website\"},\"primaryImageOfPage\":{\"@id\":\"https:\/\/espanola.lt\/produktas\/duroc-veisles-kiaules-vytinta-salchichon-desra-200g\/#primaryimage\"},\"image\":{\"@id\":\"https:\/\/espanola.lt\/produktas\/duroc-veisles-kiaules-vytinta-salchichon-desra-200g\/#primaryimage\"},\"thumbnailUrl\":\"https:\/\/espanola.lt\/wp-content\/uploads\/2023\/12\/Duroc-veisles-kiaules-vytinta-SALCHICHON-desra-200g.webp\",\"datePublished\":\"2023-12-04T16:04:41+00:00\",\"dateModified\":\"2026-04-21T14:40:48+00:00\",\"description\":\"Atraskite auk\u0161tos kokyb\u0117s ispani\u0161kus delikatesus \u2013 s\u016brius, kumpius, alyvuoges ir \u017euv\u012f. Tikras Ispanijos skonis tiesiai \u012f j\u016bs\u0173 namus.\",\"breadcrumb\":{\"@id\":\"https:\/\/espanola.lt\/produktas\/duroc-veisles-kiaules-vytinta-salchichon-desra-200g\/#breadcrumb\"},\"inLanguage\":\"en-US\",\"potentialAction\":[{\"@type\":\"ReadAction\",\"target\":[\"https:\/\/espanola.lt\/produktas\/duroc-veisles-kiaules-vytinta-salchichon-desra-200g\/\"]}]},{\"@type\":\"ImageObject\",\"inLanguage\":\"en-US\",\"@id\":\"https:\/\/espanola.lt\/produktas\/duroc-veisles-kiaules-vytinta-salchichon-desra-200g\/#primaryimage\",\"url\":\"https:\/\/espanola.lt\/wp-content\/uploads\/2023\/12\/Duroc-veisles-kiaules-vytinta-SALCHICHON-desra-200g.webp\",\"contentUrl\":\"https:\/\/espanola.lt\/wp-content\/uploads\/2023\/12\/Duroc-veisles-kiaules-vytinta-SALCHICHON-desra-200g.webp\",\"width\":1100,\"height\":1422},{\"@type\":\"BreadcrumbList\",\"@id\":\"https:\/\/espanola.lt\/produktas\/duroc-veisles-kiaules-vytinta-salchichon-desra-200g\/#breadcrumb\",\"itemListElement\":[{\"@type\":\"ListItem\",\"position\":1,\"name\":\"Home\",\"item\":\"https:\/\/espanola.lt\/en\/homepage\/\"},{\"@type\":\"ListItem\",\"position\":2,\"name\":\"Shop\",\"item\":\"https:\/\/espanola.lt\/en\/shop\/\"},{\"@type\":\"ListItem\",\"position\":3,\"name\":\"Duroc veisl\u0117s kiaul\u0117s vytinta &#8222;SALCHICHON&#8221; de\u0161ra, 200g.\"}]},{\"@type\":\"WebSite\",\"@id\":\"https:\/\/espanola.lt\/#website\",\"url\":\"https:\/\/espanola.lt\/\",\"name\":\"Espanola.lt | Tikras Ispanijos skonis \u2013 J\u016bs\u0173 namuose!\",\"description\":\"\",\"publisher\":{\"@id\":\"https:\/\/espanola.lt\/#organization\"},\"potentialAction\":[{\"@type\":\"SearchAction\",\"target\":{\"@type\":\"EntryPoint\",\"urlTemplate\":\"https:\/\/espanola.lt\/?s={search_term_string}\"},\"query-input\":{\"@type\":\"PropertyValueSpecification\",\"valueRequired\":true,\"valueName\":\"search_term_string\"}}],\"inLanguage\":\"en-US\"},{\"@type\":\"Organization\",\"@id\":\"https:\/\/espanola.lt\/#organization\",\"name\":\"Espanola.lt\",\"url\":\"https:\/\/espanola.lt\/\",\"logo\":{\"@type\":\"ImageObject\",\"inLanguage\":\"en-US\",\"@id\":\"https:\/\/espanola.lt\/#\/schema\/logo\/image\/\",\"url\":\"https:\/\/espanola.lt\/wp-content\/uploads\/2023\/03\/notext_color.png\",\"contentUrl\":\"https:\/\/espanola.lt\/wp-content\/uploads\/2023\/03\/notext_color.png\",\"width\":916,\"height\":204,\"caption\":\"Espanola.lt\"},\"image\":{\"@id\":\"https:\/\/espanola.lt\/#\/schema\/logo\/image\/\"},\"sameAs\":[\"https:\/\/www.facebook.com\/espanola.lt\",\"https:\/\/www.instagram.com\/espanola.lt\/\"]}]}<\/script>\n<!-- \/ Yoast SEO plugin. -->","yoast_head_json":{"title":"Duroc veisl\u0117s kiaul\u0117s vytinta \"SALCHICHON\" de\u0161ra, 200g. | Espanola.lt","description":"Atraskite auk\u0161tos kokyb\u0117s ispani\u0161kus delikatesus \u2013 s\u016brius, kumpius, alyvuoges ir \u017euv\u012f. Tikras Ispanijos skonis tiesiai \u012f j\u016bs\u0173 namus.","robots":{"index":"index","follow":"follow","max-snippet":"max-snippet:-1","max-image-preview":"max-image-preview:large","max-video-preview":"max-video-preview:-1"},"canonical":"https:\/\/espanola.lt\/produktas\/duroc-veisles-kiaules-vytinta-salchichon-desra-200g\/","og_locale":"en_US","og_type":"article","og_title":"Duroc veisl\u0117s kiaul\u0117s vytinta \"SALCHICHON\" de\u0161ra, 200g. | Espanola.lt","og_description":"Atraskite auk\u0161tos kokyb\u0117s ispani\u0161kus delikatesus \u2013 s\u016brius, kumpius, alyvuoges ir \u017euv\u012f. Tikras Ispanijos skonis tiesiai \u012f j\u016bs\u0173 namus.","og_url":"https:\/\/espanola.lt\/produktas\/duroc-veisles-kiaules-vytinta-salchichon-desra-200g\/","og_site_name":"Espanola","article_publisher":"https:\/\/www.facebook.com\/espanola.lt","article_modified_time":"2026-04-21T14:40:48+00:00","og_image":[{"width":1100,"height":1422,"url":"https:\/\/espanola.lt\/wp-content\/uploads\/2023\/12\/Duroc-veisles-kiaules-vytinta-SALCHICHON-desra-200g.webp","type":"image\/webp"}],"twitter_card":"summary_large_image","twitter_misc":{"Est. reading time":"1 minute"},"schema":{"@context":"https:\/\/schema.org","@graph":[{"@type":"WebPage","@id":"https:\/\/espanola.lt\/produktas\/duroc-veisles-kiaules-vytinta-salchichon-desra-200g\/","url":"https:\/\/espanola.lt\/produktas\/duroc-veisles-kiaules-vytinta-salchichon-desra-200g\/","name":"Duroc veisl\u0117s kiaul\u0117s vytinta \"SALCHICHON\" de\u0161ra, 200g. | Espanola.lt","isPartOf":{"@id":"https:\/\/espanola.lt\/#website"},"primaryImageOfPage":{"@id":"https:\/\/espanola.lt\/produktas\/duroc-veisles-kiaules-vytinta-salchichon-desra-200g\/#primaryimage"},"image":{"@id":"https:\/\/espanola.lt\/produktas\/duroc-veisles-kiaules-vytinta-salchichon-desra-200g\/#primaryimage"},"thumbnailUrl":"https:\/\/espanola.lt\/wp-content\/uploads\/2023\/12\/Duroc-veisles-kiaules-vytinta-SALCHICHON-desra-200g.webp","datePublished":"2023-12-04T16:04:41+00:00","dateModified":"2026-04-21T14:40:48+00:00","description":"Atraskite auk\u0161tos kokyb\u0117s ispani\u0161kus delikatesus \u2013 s\u016brius, kumpius, alyvuoges ir \u017euv\u012f. Tikras Ispanijos skonis tiesiai \u012f j\u016bs\u0173 namus.","breadcrumb":{"@id":"https:\/\/espanola.lt\/produktas\/duroc-veisles-kiaules-vytinta-salchichon-desra-200g\/#breadcrumb"},"inLanguage":"en-US","potentialAction":[{"@type":"ReadAction","target":["https:\/\/espanola.lt\/produktas\/duroc-veisles-kiaules-vytinta-salchichon-desra-200g\/"]}]},{"@type":"ImageObject","inLanguage":"en-US","@id":"https:\/\/espanola.lt\/produktas\/duroc-veisles-kiaules-vytinta-salchichon-desra-200g\/#primaryimage","url":"https:\/\/espanola.lt\/wp-content\/uploads\/2023\/12\/Duroc-veisles-kiaules-vytinta-SALCHICHON-desra-200g.webp","contentUrl":"https:\/\/espanola.lt\/wp-content\/uploads\/2023\/12\/Duroc-veisles-kiaules-vytinta-SALCHICHON-desra-200g.webp","width":1100,"height":1422},{"@type":"BreadcrumbList","@id":"https:\/\/espanola.lt\/produktas\/duroc-veisles-kiaules-vytinta-salchichon-desra-200g\/#breadcrumb","itemListElement":[{"@type":"ListItem","position":1,"name":"Home","item":"https:\/\/espanola.lt\/en\/homepage\/"},{"@type":"ListItem","position":2,"name":"Shop","item":"https:\/\/espanola.lt\/en\/shop\/"},{"@type":"ListItem","position":3,"name":"Duroc veisl\u0117s kiaul\u0117s vytinta &#8222;SALCHICHON&#8221; de\u0161ra, 200g."}]},{"@type":"WebSite","@id":"https:\/\/espanola.lt\/#website","url":"https:\/\/espanola.lt\/","name":"Espanola.lt | Tikras Ispanijos skonis \u2013 J\u016bs\u0173 namuose!","description":"","publisher":{"@id":"https:\/\/espanola.lt\/#organization"},"potentialAction":[{"@type":"SearchAction","target":{"@type":"EntryPoint","urlTemplate":"https:\/\/espanola.lt\/?s={search_term_string}"},"query-input":{"@type":"PropertyValueSpecification","valueRequired":true,"valueName":"search_term_string"}}],"inLanguage":"en-US"},{"@type":"Organization","@id":"https:\/\/espanola.lt\/#organization","name":"Espanola.lt","url":"https:\/\/espanola.lt\/","logo":{"@type":"ImageObject","inLanguage":"en-US","@id":"https:\/\/espanola.lt\/#\/schema\/logo\/image\/","url":"https:\/\/espanola.lt\/wp-content\/uploads\/2023\/03\/notext_color.png","contentUrl":"https:\/\/espanola.lt\/wp-content\/uploads\/2023\/03\/notext_color.png","width":916,"height":204,"caption":"Espanola.lt"},"image":{"@id":"https:\/\/espanola.lt\/#\/schema\/logo\/image\/"},"sameAs":["https:\/\/www.facebook.com\/espanola.lt","https:\/\/www.instagram.com\/espanola.lt\/"]}]}},"_links":{"self":[{"href":"https:\/\/espanola.lt\/en\/wp-json\/wp\/v2\/product\/24520"}],"collection":[{"href":"https:\/\/espanola.lt\/en\/wp-json\/wp\/v2\/product"}],"about":[{"href":"https:\/\/espanola.lt\/en\/wp-json\/wp\/v2\/types\/product"}],"version-history":[{"count":3,"href":"https:\/\/espanola.lt\/en\/wp-json\/wp\/v2\/product\/24520\/revisions"}],"predecessor-version":[{"id":24526,"href":"https:\/\/espanola.lt\/en\/wp-json\/wp\/v2\/product\/24520\/revisions\/24526"}],"wp:featuredmedia":[{"embeddable":true,"href":"https:\/\/espanola.lt\/en\/wp-json\/wp\/v2\/media\/24523"}],"wp:attachment":[{"href":"https:\/\/espanola.lt\/en\/wp-json\/wp\/v2\/media?parent=24520"}],"wp:term":[{"taxonomy":"product_brand","embeddable":true,"href":"https:\/\/espanola.lt\/en\/wp-json\/wp\/v2\/product_brand?post=24520"},{"taxonomy":"product_cat","embeddable":true,"href":"https:\/\/espanola.lt\/en\/wp-json\/wp\/v2\/product_cat?post=24520"},{"taxonomy":"product_tag","embeddable":true,"href":"https:\/\/espanola.lt\/en\/wp-json\/wp\/v2\/product_tag?post=24520"}],"curies":[{"name":"wp","href":"https:\/\/api.w.org\/{rel}","templated":true}]}}