{"id":24289,"date":"2023-12-03T12:15:50","date_gmt":"2023-12-03T12:15:50","guid":{"rendered":"https:\/\/espanola.lt\/?post_type=product&#038;p=24289"},"modified":"2025-04-07T08:51:43","modified_gmt":"2025-04-07T08:51:43","slug":"vytintas-avies-pieno-suris-su-jalapenais-vega-mancha-brandintas-5-6-men-200g","status":"publish","type":"product","link":"https:\/\/espanola.lt\/en\/produktas\/vytintas-avies-pieno-suris-su-jalapenais-vega-mancha-brandintas-5-6-men-200g\/","title":{"rendered":"Vytintas avies pieno s\u016bris su jalapenais &#8220;VEGA MANCHA&#8221;, brandintas 5-6 m\u0117n., 200g."},"content":{"rendered":"<p><strong>Vytintas avies pieno s\u016bris su jalapenais, brandintas 5-6 m\u0117n, 200g. gabal\u0117lis.<\/strong><\/p>\n<p>Sudedamosios dalys: pasterizuotas avies <strong>PIENAS<\/strong>, 3% <strong>jalapen\u0173 pasta<\/strong> (61% Jalapeno pipirai, alyvuogi\u0173 aliejus, svog\u016bnas, r\u016bg\u0161tingum\u0105 reguliuojan\u010dios med\u017eiagos: citrin\u0173 r\u016bg\u0161tis, druska, \u010desnakas, 1,27% krien7 milteli\u0173, dr\u0117gm\u0119 i\u0161laikanti med\u017eiaga: sorbitolis, saul\u0117gr\u0105\u017e\u0173 aliejus, vanduo, &lt;1% krien\u0173: <em>Eutrema japonicum, <\/em>\u00a0<strong>Kiau\u0161inio ekstraktas, <\/strong>ciber\u017eol\u0117, spalva: Briliantin\u0117 m\u0117lyna FCF), druska, kietinamoji med\u017eiaga: kalcio chloridas, s\u016brio fermentas, pieno fermentas, konservantas: lizocimas (i\u0161 <strong>KIAU\u0160INIO<\/strong>). Apvalkale, konservantas: natamicinas. <strong>Apvalkalas nevalgomas<\/strong>.<\/p>\n<p>Maistin\u0117 vert\u0117: Vert\u0117s 100 g produkto Energin\u0117 vert\u0117 1809 kj (437 kcal) Riebalai 37,0 g (i\u0161 kuri\u0173 so\u010di\u0173j\u0173 riebal\u0173 r\u016bg\u0161\u010di\u0173 25,5g.), Angliavandeniai 2,8 g.( i\u0161 kuri\u0173 Cukr\u016bs &lt;0,5 g.), Skaidulin\u0117s med\u017eiagos 0 g. Baltymai 23,1g., Druska 1,625 g. Laikyti \u0161aldytuve nuo +2\u00b0C iki +8\u00b0C. Geriausias iki: \u017er. etiket\u0119). Grynasis svoris 200 g.<\/p>\n<p>Kilm\u0117s \u0161alis: Ispanija.<\/p>\n","protected":false},"excerpt":{"rendered":"<p>Vytintas avies pieno s\u016bris su jalapenais, brandintas 5-6 m\u0117n, 200g. gabal\u0117lis. Sudedamosios dalys: pasterizuotas avies PIENAS, 3% jalapen\u0173 pasta (61% Jalapeno pipirai, alyvuogi\u0173 aliejus, svog\u016bnas, r\u016bg\u0161tingum\u0105 reguliuojan\u010dios med\u017eiagos: citrin\u0173 r\u016bg\u0161tis, druska, \u010desnakas, 1,27% krien7 milteli\u0173, dr\u0117gm\u0119 i\u0161laikanti med\u017eiaga: sorbitolis, saul\u0117gr\u0105\u017e\u0173 aliejus, vanduo, &lt;1% krien\u0173: Eutrema japonicum, \u00a0Kiau\u0161inio ekstraktas, ciber\u017eol\u0117, spalva: Briliantin\u0117 m\u0117lyna FCF), druska, kietinamoji med\u017eiaga: kalcio chloridas, s\u016brio fermentas, pieno fermentas, konservantas: lizocimas (i\u0161 KIAU\u0160INIO). Apvalkale, konservantas: natamicinas. Apvalkalas nevalgomas. Maistin\u0117 vert\u0117: Vert\u0117s 100 g produkto Energin\u0117 vert\u0117 1809 kj (437 kcal) Riebalai 37,0 g (i\u0161 kuri\u0173 so\u010di\u0173j\u0173 riebal\u0173 r\u016bg\u0161\u010di\u0173 25,5g.), Angliavandeniai 2,8 g.( i\u0161 kuri\u0173 Cukr\u016bs &lt;0,5 g.), Skaidulin\u0117s med\u017eiagos 0 g. Baltymai 23,1g., Druska 1,625 g. Laikyti \u0161aldytuve nuo +2\u00b0C iki +8\u00b0C. Geriausias iki: \u017er. etiket\u0119). Grynasis svoris 200 g. Kilm\u0117s \u0161alis: Ispanija.<\/p>\n","protected":false},"featured_media":24291,"template":"","meta":[],"product_brand":[],"product_cat":[116,135],"product_tag":[],"class_list":{"0":"post-24289","1":"product","2":"type-product","3":"status-publish","4":"has-post-thumbnail","6":"product_cat-mazmenine-2","7":"product_cat-suriai","9":"first","10":"outofstock","11":"shipping-taxable","12":"purchasable","13":"product-type-simple"},"yoast_head":"<!-- This site is optimized with the Yoast SEO plugin v23.7 - https:\/\/yoast.com\/wordpress\/plugins\/seo\/ -->\n<title>Vytintas avies pieno s\u016bris su jalapenais &quot;VEGA MANCHA&quot;, brandintas 5-6 m\u0117n., 200g. | Espanola.lt<\/title>\n<meta name=\"description\" content=\"Atraskite auk\u0161tos kokyb\u0117s ispani\u0161kus delikatesus \u2013 s\u016brius, kumpius, alyvuoges ir \u017euv\u012f. Tikras Ispanijos skonis tiesiai \u012f j\u016bs\u0173 namus.\" \/>\n<meta name=\"robots\" content=\"index, follow, max-snippet:-1, max-image-preview:large, max-video-preview:-1\" \/>\n<link rel=\"canonical\" href=\"https:\/\/espanola.lt\/produktas\/vytintas-avies-pieno-suris-su-jalapenais-vega-mancha-brandintas-5-6-men-200g\/\" \/>\n<meta property=\"og:locale\" content=\"en_US\" \/>\n<meta property=\"og:type\" content=\"article\" \/>\n<meta property=\"og:title\" content=\"Vytintas avies pieno s\u016bris su jalapenais &quot;VEGA MANCHA&quot;, brandintas 5-6 m\u0117n., 200g. | Espanola.lt\" \/>\n<meta property=\"og:description\" content=\"Atraskite auk\u0161tos kokyb\u0117s ispani\u0161kus delikatesus \u2013 s\u016brius, kumpius, alyvuoges ir \u017euv\u012f. Tikras Ispanijos skonis tiesiai \u012f j\u016bs\u0173 namus.\" \/>\n<meta property=\"og:url\" content=\"https:\/\/espanola.lt\/produktas\/vytintas-avies-pieno-suris-su-jalapenais-vega-mancha-brandintas-5-6-men-200g\/\" \/>\n<meta property=\"og:site_name\" content=\"Espanola\" \/>\n<meta property=\"article:publisher\" content=\"https:\/\/www.facebook.com\/espanola.lt\" \/>\n<meta property=\"article:modified_time\" content=\"2025-04-07T08:51:43+00:00\" \/>\n<meta property=\"og:image\" content=\"https:\/\/espanola.lt\/wp-content\/uploads\/2023\/12\/Vytintas-avies-pieno-suris-su-jalapenais-brandintas-5-6-men-200g.webp\" \/>\n\t<meta property=\"og:image:width\" content=\"1041\" \/>\n\t<meta property=\"og:image:height\" content=\"1200\" \/>\n\t<meta property=\"og:image:type\" content=\"image\/webp\" \/>\n<meta name=\"twitter:card\" content=\"summary_large_image\" \/>\n<meta name=\"twitter:label1\" content=\"Est. reading time\" \/>\n\t<meta name=\"twitter:data1\" content=\"1 minute\" \/>\n<script type=\"application\/ld+json\" class=\"yoast-schema-graph\">{\"@context\":\"https:\/\/schema.org\",\"@graph\":[{\"@type\":\"WebPage\",\"@id\":\"https:\/\/espanola.lt\/produktas\/vytintas-avies-pieno-suris-su-jalapenais-vega-mancha-brandintas-5-6-men-200g\/\",\"url\":\"https:\/\/espanola.lt\/produktas\/vytintas-avies-pieno-suris-su-jalapenais-vega-mancha-brandintas-5-6-men-200g\/\",\"name\":\"Vytintas avies pieno s\u016bris su jalapenais \\\"VEGA MANCHA\\\", brandintas 5-6 m\u0117n., 200g. | Espanola.lt\",\"isPartOf\":{\"@id\":\"https:\/\/espanola.lt\/#website\"},\"primaryImageOfPage\":{\"@id\":\"https:\/\/espanola.lt\/produktas\/vytintas-avies-pieno-suris-su-jalapenais-vega-mancha-brandintas-5-6-men-200g\/#primaryimage\"},\"image\":{\"@id\":\"https:\/\/espanola.lt\/produktas\/vytintas-avies-pieno-suris-su-jalapenais-vega-mancha-brandintas-5-6-men-200g\/#primaryimage\"},\"thumbnailUrl\":\"https:\/\/espanola.lt\/wp-content\/uploads\/2023\/12\/Vytintas-avies-pieno-suris-su-jalapenais-brandintas-5-6-men-200g.webp\",\"datePublished\":\"2023-12-03T12:15:50+00:00\",\"dateModified\":\"2025-04-07T08:51:43+00:00\",\"description\":\"Atraskite auk\u0161tos kokyb\u0117s ispani\u0161kus delikatesus \u2013 s\u016brius, kumpius, alyvuoges ir \u017euv\u012f. Tikras Ispanijos skonis tiesiai \u012f j\u016bs\u0173 namus.\",\"breadcrumb\":{\"@id\":\"https:\/\/espanola.lt\/produktas\/vytintas-avies-pieno-suris-su-jalapenais-vega-mancha-brandintas-5-6-men-200g\/#breadcrumb\"},\"inLanguage\":\"en-US\",\"potentialAction\":[{\"@type\":\"ReadAction\",\"target\":[\"https:\/\/espanola.lt\/produktas\/vytintas-avies-pieno-suris-su-jalapenais-vega-mancha-brandintas-5-6-men-200g\/\"]}]},{\"@type\":\"ImageObject\",\"inLanguage\":\"en-US\",\"@id\":\"https:\/\/espanola.lt\/produktas\/vytintas-avies-pieno-suris-su-jalapenais-vega-mancha-brandintas-5-6-men-200g\/#primaryimage\",\"url\":\"https:\/\/espanola.lt\/wp-content\/uploads\/2023\/12\/Vytintas-avies-pieno-suris-su-jalapenais-brandintas-5-6-men-200g.webp\",\"contentUrl\":\"https:\/\/espanola.lt\/wp-content\/uploads\/2023\/12\/Vytintas-avies-pieno-suris-su-jalapenais-brandintas-5-6-men-200g.webp\",\"width\":1041,\"height\":1200},{\"@type\":\"BreadcrumbList\",\"@id\":\"https:\/\/espanola.lt\/produktas\/vytintas-avies-pieno-suris-su-jalapenais-vega-mancha-brandintas-5-6-men-200g\/#breadcrumb\",\"itemListElement\":[{\"@type\":\"ListItem\",\"position\":1,\"name\":\"Home\",\"item\":\"https:\/\/espanola.lt\/en\/homepage\/\"},{\"@type\":\"ListItem\",\"position\":2,\"name\":\"Shop\",\"item\":\"https:\/\/espanola.lt\/en\/shop\/\"},{\"@type\":\"ListItem\",\"position\":3,\"name\":\"Vytintas avies pieno s\u016bris su jalapenais &#8220;VEGA MANCHA&#8221;, brandintas 5-6 m\u0117n., 200g.\"}]},{\"@type\":\"WebSite\",\"@id\":\"https:\/\/espanola.lt\/#website\",\"url\":\"https:\/\/espanola.lt\/\",\"name\":\"Espanola.lt | Tikras Ispanijos skonis \u2013 J\u016bs\u0173 namuose!\",\"description\":\"\",\"publisher\":{\"@id\":\"https:\/\/espanola.lt\/#organization\"},\"potentialAction\":[{\"@type\":\"SearchAction\",\"target\":{\"@type\":\"EntryPoint\",\"urlTemplate\":\"https:\/\/espanola.lt\/?s={search_term_string}\"},\"query-input\":{\"@type\":\"PropertyValueSpecification\",\"valueRequired\":true,\"valueName\":\"search_term_string\"}}],\"inLanguage\":\"en-US\"},{\"@type\":\"Organization\",\"@id\":\"https:\/\/espanola.lt\/#organization\",\"name\":\"Espanola.lt\",\"url\":\"https:\/\/espanola.lt\/\",\"logo\":{\"@type\":\"ImageObject\",\"inLanguage\":\"en-US\",\"@id\":\"https:\/\/espanola.lt\/#\/schema\/logo\/image\/\",\"url\":\"https:\/\/espanola.lt\/wp-content\/uploads\/2023\/03\/notext_color.png\",\"contentUrl\":\"https:\/\/espanola.lt\/wp-content\/uploads\/2023\/03\/notext_color.png\",\"width\":916,\"height\":204,\"caption\":\"Espanola.lt\"},\"image\":{\"@id\":\"https:\/\/espanola.lt\/#\/schema\/logo\/image\/\"},\"sameAs\":[\"https:\/\/www.facebook.com\/espanola.lt\",\"https:\/\/www.instagram.com\/espanola.lt\/\"]}]}<\/script>\n<!-- \/ Yoast SEO plugin. -->","yoast_head_json":{"title":"Vytintas avies pieno s\u016bris su jalapenais \"VEGA MANCHA\", brandintas 5-6 m\u0117n., 200g. | Espanola.lt","description":"Atraskite auk\u0161tos kokyb\u0117s ispani\u0161kus delikatesus \u2013 s\u016brius, kumpius, alyvuoges ir \u017euv\u012f. Tikras Ispanijos skonis tiesiai \u012f j\u016bs\u0173 namus.","robots":{"index":"index","follow":"follow","max-snippet":"max-snippet:-1","max-image-preview":"max-image-preview:large","max-video-preview":"max-video-preview:-1"},"canonical":"https:\/\/espanola.lt\/produktas\/vytintas-avies-pieno-suris-su-jalapenais-vega-mancha-brandintas-5-6-men-200g\/","og_locale":"en_US","og_type":"article","og_title":"Vytintas avies pieno s\u016bris su jalapenais \"VEGA MANCHA\", brandintas 5-6 m\u0117n., 200g. | Espanola.lt","og_description":"Atraskite auk\u0161tos kokyb\u0117s ispani\u0161kus delikatesus \u2013 s\u016brius, kumpius, alyvuoges ir \u017euv\u012f. Tikras Ispanijos skonis tiesiai \u012f j\u016bs\u0173 namus.","og_url":"https:\/\/espanola.lt\/produktas\/vytintas-avies-pieno-suris-su-jalapenais-vega-mancha-brandintas-5-6-men-200g\/","og_site_name":"Espanola","article_publisher":"https:\/\/www.facebook.com\/espanola.lt","article_modified_time":"2025-04-07T08:51:43+00:00","og_image":[{"width":1041,"height":1200,"url":"https:\/\/espanola.lt\/wp-content\/uploads\/2023\/12\/Vytintas-avies-pieno-suris-su-jalapenais-brandintas-5-6-men-200g.webp","type":"image\/webp"}],"twitter_card":"summary_large_image","twitter_misc":{"Est. reading time":"1 minute"},"schema":{"@context":"https:\/\/schema.org","@graph":[{"@type":"WebPage","@id":"https:\/\/espanola.lt\/produktas\/vytintas-avies-pieno-suris-su-jalapenais-vega-mancha-brandintas-5-6-men-200g\/","url":"https:\/\/espanola.lt\/produktas\/vytintas-avies-pieno-suris-su-jalapenais-vega-mancha-brandintas-5-6-men-200g\/","name":"Vytintas avies pieno s\u016bris su jalapenais \"VEGA MANCHA\", brandintas 5-6 m\u0117n., 200g. | Espanola.lt","isPartOf":{"@id":"https:\/\/espanola.lt\/#website"},"primaryImageOfPage":{"@id":"https:\/\/espanola.lt\/produktas\/vytintas-avies-pieno-suris-su-jalapenais-vega-mancha-brandintas-5-6-men-200g\/#primaryimage"},"image":{"@id":"https:\/\/espanola.lt\/produktas\/vytintas-avies-pieno-suris-su-jalapenais-vega-mancha-brandintas-5-6-men-200g\/#primaryimage"},"thumbnailUrl":"https:\/\/espanola.lt\/wp-content\/uploads\/2023\/12\/Vytintas-avies-pieno-suris-su-jalapenais-brandintas-5-6-men-200g.webp","datePublished":"2023-12-03T12:15:50+00:00","dateModified":"2025-04-07T08:51:43+00:00","description":"Atraskite auk\u0161tos kokyb\u0117s ispani\u0161kus delikatesus \u2013 s\u016brius, kumpius, alyvuoges ir \u017euv\u012f. Tikras Ispanijos skonis tiesiai \u012f j\u016bs\u0173 namus.","breadcrumb":{"@id":"https:\/\/espanola.lt\/produktas\/vytintas-avies-pieno-suris-su-jalapenais-vega-mancha-brandintas-5-6-men-200g\/#breadcrumb"},"inLanguage":"en-US","potentialAction":[{"@type":"ReadAction","target":["https:\/\/espanola.lt\/produktas\/vytintas-avies-pieno-suris-su-jalapenais-vega-mancha-brandintas-5-6-men-200g\/"]}]},{"@type":"ImageObject","inLanguage":"en-US","@id":"https:\/\/espanola.lt\/produktas\/vytintas-avies-pieno-suris-su-jalapenais-vega-mancha-brandintas-5-6-men-200g\/#primaryimage","url":"https:\/\/espanola.lt\/wp-content\/uploads\/2023\/12\/Vytintas-avies-pieno-suris-su-jalapenais-brandintas-5-6-men-200g.webp","contentUrl":"https:\/\/espanola.lt\/wp-content\/uploads\/2023\/12\/Vytintas-avies-pieno-suris-su-jalapenais-brandintas-5-6-men-200g.webp","width":1041,"height":1200},{"@type":"BreadcrumbList","@id":"https:\/\/espanola.lt\/produktas\/vytintas-avies-pieno-suris-su-jalapenais-vega-mancha-brandintas-5-6-men-200g\/#breadcrumb","itemListElement":[{"@type":"ListItem","position":1,"name":"Home","item":"https:\/\/espanola.lt\/en\/homepage\/"},{"@type":"ListItem","position":2,"name":"Shop","item":"https:\/\/espanola.lt\/en\/shop\/"},{"@type":"ListItem","position":3,"name":"Vytintas avies pieno s\u016bris su jalapenais &#8220;VEGA MANCHA&#8221;, brandintas 5-6 m\u0117n., 200g."}]},{"@type":"WebSite","@id":"https:\/\/espanola.lt\/#website","url":"https:\/\/espanola.lt\/","name":"Espanola.lt | Tikras Ispanijos skonis \u2013 J\u016bs\u0173 namuose!","description":"","publisher":{"@id":"https:\/\/espanola.lt\/#organization"},"potentialAction":[{"@type":"SearchAction","target":{"@type":"EntryPoint","urlTemplate":"https:\/\/espanola.lt\/?s={search_term_string}"},"query-input":{"@type":"PropertyValueSpecification","valueRequired":true,"valueName":"search_term_string"}}],"inLanguage":"en-US"},{"@type":"Organization","@id":"https:\/\/espanola.lt\/#organization","name":"Espanola.lt","url":"https:\/\/espanola.lt\/","logo":{"@type":"ImageObject","inLanguage":"en-US","@id":"https:\/\/espanola.lt\/#\/schema\/logo\/image\/","url":"https:\/\/espanola.lt\/wp-content\/uploads\/2023\/03\/notext_color.png","contentUrl":"https:\/\/espanola.lt\/wp-content\/uploads\/2023\/03\/notext_color.png","width":916,"height":204,"caption":"Espanola.lt"},"image":{"@id":"https:\/\/espanola.lt\/#\/schema\/logo\/image\/"},"sameAs":["https:\/\/www.facebook.com\/espanola.lt","https:\/\/www.instagram.com\/espanola.lt\/"]}]}},"_links":{"self":[{"href":"https:\/\/espanola.lt\/en\/wp-json\/wp\/v2\/product\/24289"}],"collection":[{"href":"https:\/\/espanola.lt\/en\/wp-json\/wp\/v2\/product"}],"about":[{"href":"https:\/\/espanola.lt\/en\/wp-json\/wp\/v2\/types\/product"}],"version-history":[{"count":2,"href":"https:\/\/espanola.lt\/en\/wp-json\/wp\/v2\/product\/24289\/revisions"}],"predecessor-version":[{"id":24815,"href":"https:\/\/espanola.lt\/en\/wp-json\/wp\/v2\/product\/24289\/revisions\/24815"}],"wp:featuredmedia":[{"embeddable":true,"href":"https:\/\/espanola.lt\/en\/wp-json\/wp\/v2\/media\/24291"}],"wp:attachment":[{"href":"https:\/\/espanola.lt\/en\/wp-json\/wp\/v2\/media?parent=24289"}],"wp:term":[{"taxonomy":"product_brand","embeddable":true,"href":"https:\/\/espanola.lt\/en\/wp-json\/wp\/v2\/product_brand?post=24289"},{"taxonomy":"product_cat","embeddable":true,"href":"https:\/\/espanola.lt\/en\/wp-json\/wp\/v2\/product_cat?post=24289"},{"taxonomy":"product_tag","embeddable":true,"href":"https:\/\/espanola.lt\/en\/wp-json\/wp\/v2\/product_tag?post=24289"}],"curies":[{"name":"wp","href":"https:\/\/api.w.org\/{rel}","templated":true}]}}