{"id":24256,"date":"2023-12-03T11:37:12","date_gmt":"2023-12-03T11:37:12","guid":{"rendered":"https:\/\/espanola.lt\/?post_type=product&#038;p=24256"},"modified":"2025-12-22T21:00:54","modified_gmt":"2025-12-22T21:00:54","slug":"vytintas-avies-pieno-suris-su-baravykais-vega-mancha-brandintas-5-6-men-200g","status":"publish","type":"product","link":"https:\/\/espanola.lt\/en\/produktas\/vytintas-avies-pieno-suris-su-baravykais-vega-mancha-brandintas-5-6-men-200g\/","title":{"rendered":"Vytintas avies pieno s\u016bris su baravykais &#8220;VEGA MANCHA&#8221;, brandintas 5-6 m\u0117n, 200g."},"content":{"rendered":"<p><strong>Vytintas avies pieno s\u016bris su\u00a0 baravykais, brandintas 5-6 m\u0117n, 200g. gabal\u0117lis.<\/strong><\/p>\n<p>Sudedamosios dalys: pasterizuotas avies <strong>PIENAS<\/strong>, 3% <strong>baravyk\u0173 grietin\u0117l\u0117<\/strong> (66% baravyk\u0173 aliejus, ypa\u010d tyras alyvuogi\u0173 aliejus, druska, r\u016bg\u0161tingum\u0105 reguliuojan\u010dios med\u017eaigos: citrin\u0173 r\u016bg\u0161tis, baravyk\u0173 miltai ir kukur\u016bz\u0173 krakmolas), druska, s\u016brio fermentas, pieno fermentas, konservantas: lizocimas (i\u0161 <strong>KIAU\u0160INIO<\/strong>). Apvalkale, konservantas: natamicinas. <strong>Apvalkalas nevalgomas<\/strong>.<\/p>\n<p>Maistin\u0117 vert\u0117: Vert\u0117s 100 g produkto Energin\u0117 vert\u0117 1891 kj (456 kcal) Riebalai 38,6 g (i\u0161 kuri\u0173 so\u010di\u0173j\u0173 riebal\u0173 r\u016bg\u0161\u010di\u0173 27,7g.), Angliavandeniai 2,9 g.( i\u0161 kuri\u0173 Cukr\u016bs 1,2 g.), Skaidulin\u0117s med\u017eiagos 0 g. Baltymai 24,3g., Druska 1,71 g. Laikyti \u0161aldytuve nuo +2\u00b0C iki +8\u00b0C. Geriausias iki.\u017er. etiket\u0119). Grynasis svoris 200 g.<\/p>\n<p>Kilm\u0117s \u0161alis: Ispanija.<\/p>\n","protected":false},"excerpt":{"rendered":"<p>Vytintas avies pieno s\u016bris su\u00a0 baravykais, brandintas 5-6 m\u0117n, 200g. gabal\u0117lis. Sudedamosios dalys: pasterizuotas avies PIENAS, 3% baravyk\u0173 grietin\u0117l\u0117 (66% baravyk\u0173 aliejus, ypa\u010d tyras alyvuogi\u0173 aliejus, druska, r\u016bg\u0161tingum\u0105 reguliuojan\u010dios med\u017eaigos: citrin\u0173 r\u016bg\u0161tis, baravyk\u0173 miltai ir kukur\u016bz\u0173 krakmolas), druska, s\u016brio fermentas, pieno fermentas, konservantas: lizocimas (i\u0161 KIAU\u0160INIO). Apvalkale, konservantas: natamicinas. Apvalkalas nevalgomas. Maistin\u0117 vert\u0117: Vert\u0117s 100 g produkto Energin\u0117 vert\u0117 1891 kj (456 kcal) Riebalai 38,6 g (i\u0161 kuri\u0173 so\u010di\u0173j\u0173 riebal\u0173 r\u016bg\u0161\u010di\u0173 27,7g.), Angliavandeniai 2,9 g.( i\u0161 kuri\u0173 Cukr\u016bs 1,2 g.), Skaidulin\u0117s med\u017eiagos 0 g. Baltymai 24,3g., Druska 1,71 g. Laikyti \u0161aldytuve nuo +2\u00b0C iki +8\u00b0C. Geriausias iki.\u017er. etiket\u0119). Grynasis svoris 200 g. Kilm\u0117s \u0161alis: Ispanija.<\/p>\n","protected":false},"featured_media":24258,"template":"","meta":[],"product_brand":[],"product_cat":[116,135],"product_tag":[],"class_list":{"0":"post-24256","1":"product","2":"type-product","3":"status-publish","4":"has-post-thumbnail","6":"product_cat-mazmenine-2","7":"product_cat-suriai","9":"first","10":"outofstock","11":"shipping-taxable","12":"purchasable","13":"product-type-simple"},"yoast_head":"<!-- This site is optimized with the Yoast SEO plugin v23.7 - https:\/\/yoast.com\/wordpress\/plugins\/seo\/ -->\n<title>Vytintas avies pieno s\u016bris su baravykais &quot;VEGA MANCHA&quot;, brandintas 5-6 m\u0117n, 200g. | Espanola.lt<\/title>\n<meta name=\"description\" content=\"Atraskite auk\u0161tos kokyb\u0117s ispani\u0161kus delikatesus \u2013 s\u016brius, kumpius, alyvuoges ir \u017euv\u012f. Tikras Ispanijos skonis tiesiai \u012f j\u016bs\u0173 namus.\" \/>\n<meta name=\"robots\" content=\"index, follow, max-snippet:-1, max-image-preview:large, max-video-preview:-1\" \/>\n<link rel=\"canonical\" href=\"https:\/\/espanola.lt\/produktas\/vytintas-avies-pieno-suris-su-baravykais-vega-mancha-brandintas-5-6-men-200g\/\" \/>\n<meta property=\"og:locale\" content=\"en_US\" \/>\n<meta property=\"og:type\" content=\"article\" \/>\n<meta property=\"og:title\" content=\"Vytintas avies pieno s\u016bris su baravykais &quot;VEGA MANCHA&quot;, brandintas 5-6 m\u0117n, 200g. | Espanola.lt\" \/>\n<meta property=\"og:description\" content=\"Atraskite auk\u0161tos kokyb\u0117s ispani\u0161kus delikatesus \u2013 s\u016brius, kumpius, alyvuoges ir \u017euv\u012f. Tikras Ispanijos skonis tiesiai \u012f j\u016bs\u0173 namus.\" \/>\n<meta property=\"og:url\" content=\"https:\/\/espanola.lt\/produktas\/vytintas-avies-pieno-suris-su-baravykais-vega-mancha-brandintas-5-6-men-200g\/\" \/>\n<meta property=\"og:site_name\" content=\"Espanola\" \/>\n<meta property=\"article:publisher\" content=\"https:\/\/www.facebook.com\/espanola.lt\" \/>\n<meta property=\"article:modified_time\" content=\"2025-12-22T21:00:54+00:00\" \/>\n<meta property=\"og:image\" content=\"https:\/\/espanola.lt\/wp-content\/uploads\/2023\/12\/Vytintas-avies-pieno-suris-su-baravykais-brandintas-5-6-men-200g.-webp.webp\" \/>\n\t<meta property=\"og:image:width\" content=\"1041\" \/>\n\t<meta property=\"og:image:height\" content=\"1200\" \/>\n\t<meta property=\"og:image:type\" content=\"image\/webp\" \/>\n<meta name=\"twitter:card\" content=\"summary_large_image\" \/>\n<meta name=\"twitter:label1\" content=\"Est. reading time\" \/>\n\t<meta name=\"twitter:data1\" content=\"1 minute\" \/>\n<script type=\"application\/ld+json\" class=\"yoast-schema-graph\">{\"@context\":\"https:\/\/schema.org\",\"@graph\":[{\"@type\":\"WebPage\",\"@id\":\"https:\/\/espanola.lt\/produktas\/vytintas-avies-pieno-suris-su-baravykais-vega-mancha-brandintas-5-6-men-200g\/\",\"url\":\"https:\/\/espanola.lt\/produktas\/vytintas-avies-pieno-suris-su-baravykais-vega-mancha-brandintas-5-6-men-200g\/\",\"name\":\"Vytintas avies pieno s\u016bris su baravykais \\\"VEGA MANCHA\\\", brandintas 5-6 m\u0117n, 200g. | Espanola.lt\",\"isPartOf\":{\"@id\":\"https:\/\/espanola.lt\/#website\"},\"primaryImageOfPage\":{\"@id\":\"https:\/\/espanola.lt\/produktas\/vytintas-avies-pieno-suris-su-baravykais-vega-mancha-brandintas-5-6-men-200g\/#primaryimage\"},\"image\":{\"@id\":\"https:\/\/espanola.lt\/produktas\/vytintas-avies-pieno-suris-su-baravykais-vega-mancha-brandintas-5-6-men-200g\/#primaryimage\"},\"thumbnailUrl\":\"https:\/\/espanola.lt\/wp-content\/uploads\/2023\/12\/Vytintas-avies-pieno-suris-su-baravykais-brandintas-5-6-men-200g.-webp.webp\",\"datePublished\":\"2023-12-03T11:37:12+00:00\",\"dateModified\":\"2025-12-22T21:00:54+00:00\",\"description\":\"Atraskite auk\u0161tos kokyb\u0117s ispani\u0161kus delikatesus \u2013 s\u016brius, kumpius, alyvuoges ir \u017euv\u012f. Tikras Ispanijos skonis tiesiai \u012f j\u016bs\u0173 namus.\",\"breadcrumb\":{\"@id\":\"https:\/\/espanola.lt\/produktas\/vytintas-avies-pieno-suris-su-baravykais-vega-mancha-brandintas-5-6-men-200g\/#breadcrumb\"},\"inLanguage\":\"en-US\",\"potentialAction\":[{\"@type\":\"ReadAction\",\"target\":[\"https:\/\/espanola.lt\/produktas\/vytintas-avies-pieno-suris-su-baravykais-vega-mancha-brandintas-5-6-men-200g\/\"]}]},{\"@type\":\"ImageObject\",\"inLanguage\":\"en-US\",\"@id\":\"https:\/\/espanola.lt\/produktas\/vytintas-avies-pieno-suris-su-baravykais-vega-mancha-brandintas-5-6-men-200g\/#primaryimage\",\"url\":\"https:\/\/espanola.lt\/wp-content\/uploads\/2023\/12\/Vytintas-avies-pieno-suris-su-baravykais-brandintas-5-6-men-200g.-webp.webp\",\"contentUrl\":\"https:\/\/espanola.lt\/wp-content\/uploads\/2023\/12\/Vytintas-avies-pieno-suris-su-baravykais-brandintas-5-6-men-200g.-webp.webp\",\"width\":1041,\"height\":1200},{\"@type\":\"BreadcrumbList\",\"@id\":\"https:\/\/espanola.lt\/produktas\/vytintas-avies-pieno-suris-su-baravykais-vega-mancha-brandintas-5-6-men-200g\/#breadcrumb\",\"itemListElement\":[{\"@type\":\"ListItem\",\"position\":1,\"name\":\"Home\",\"item\":\"https:\/\/espanola.lt\/en\/homepage\/\"},{\"@type\":\"ListItem\",\"position\":2,\"name\":\"Shop\",\"item\":\"https:\/\/espanola.lt\/en\/shop\/\"},{\"@type\":\"ListItem\",\"position\":3,\"name\":\"Vytintas avies pieno s\u016bris su baravykais &#8222;VEGA MANCHA&#8221;, brandintas 5-6 m\u0117n, 200g.\"}]},{\"@type\":\"WebSite\",\"@id\":\"https:\/\/espanola.lt\/#website\",\"url\":\"https:\/\/espanola.lt\/\",\"name\":\"Espanola.lt | Tikras Ispanijos skonis \u2013 J\u016bs\u0173 namuose!\",\"description\":\"\",\"publisher\":{\"@id\":\"https:\/\/espanola.lt\/#organization\"},\"potentialAction\":[{\"@type\":\"SearchAction\",\"target\":{\"@type\":\"EntryPoint\",\"urlTemplate\":\"https:\/\/espanola.lt\/?s={search_term_string}\"},\"query-input\":{\"@type\":\"PropertyValueSpecification\",\"valueRequired\":true,\"valueName\":\"search_term_string\"}}],\"inLanguage\":\"en-US\"},{\"@type\":\"Organization\",\"@id\":\"https:\/\/espanola.lt\/#organization\",\"name\":\"Espanola.lt\",\"url\":\"https:\/\/espanola.lt\/\",\"logo\":{\"@type\":\"ImageObject\",\"inLanguage\":\"en-US\",\"@id\":\"https:\/\/espanola.lt\/#\/schema\/logo\/image\/\",\"url\":\"https:\/\/espanola.lt\/wp-content\/uploads\/2023\/03\/notext_color.png\",\"contentUrl\":\"https:\/\/espanola.lt\/wp-content\/uploads\/2023\/03\/notext_color.png\",\"width\":916,\"height\":204,\"caption\":\"Espanola.lt\"},\"image\":{\"@id\":\"https:\/\/espanola.lt\/#\/schema\/logo\/image\/\"},\"sameAs\":[\"https:\/\/www.facebook.com\/espanola.lt\",\"https:\/\/www.instagram.com\/espanola.lt\/\"]}]}<\/script>\n<!-- \/ Yoast SEO plugin. -->","yoast_head_json":{"title":"Vytintas avies pieno s\u016bris su baravykais \"VEGA MANCHA\", brandintas 5-6 m\u0117n, 200g. | Espanola.lt","description":"Atraskite auk\u0161tos kokyb\u0117s ispani\u0161kus delikatesus \u2013 s\u016brius, kumpius, alyvuoges ir \u017euv\u012f. Tikras Ispanijos skonis tiesiai \u012f j\u016bs\u0173 namus.","robots":{"index":"index","follow":"follow","max-snippet":"max-snippet:-1","max-image-preview":"max-image-preview:large","max-video-preview":"max-video-preview:-1"},"canonical":"https:\/\/espanola.lt\/produktas\/vytintas-avies-pieno-suris-su-baravykais-vega-mancha-brandintas-5-6-men-200g\/","og_locale":"en_US","og_type":"article","og_title":"Vytintas avies pieno s\u016bris su baravykais \"VEGA MANCHA\", brandintas 5-6 m\u0117n, 200g. | Espanola.lt","og_description":"Atraskite auk\u0161tos kokyb\u0117s ispani\u0161kus delikatesus \u2013 s\u016brius, kumpius, alyvuoges ir \u017euv\u012f. Tikras Ispanijos skonis tiesiai \u012f j\u016bs\u0173 namus.","og_url":"https:\/\/espanola.lt\/produktas\/vytintas-avies-pieno-suris-su-baravykais-vega-mancha-brandintas-5-6-men-200g\/","og_site_name":"Espanola","article_publisher":"https:\/\/www.facebook.com\/espanola.lt","article_modified_time":"2025-12-22T21:00:54+00:00","og_image":[{"width":1041,"height":1200,"url":"https:\/\/espanola.lt\/wp-content\/uploads\/2023\/12\/Vytintas-avies-pieno-suris-su-baravykais-brandintas-5-6-men-200g.-webp.webp","type":"image\/webp"}],"twitter_card":"summary_large_image","twitter_misc":{"Est. reading time":"1 minute"},"schema":{"@context":"https:\/\/schema.org","@graph":[{"@type":"WebPage","@id":"https:\/\/espanola.lt\/produktas\/vytintas-avies-pieno-suris-su-baravykais-vega-mancha-brandintas-5-6-men-200g\/","url":"https:\/\/espanola.lt\/produktas\/vytintas-avies-pieno-suris-su-baravykais-vega-mancha-brandintas-5-6-men-200g\/","name":"Vytintas avies pieno s\u016bris su baravykais \"VEGA MANCHA\", brandintas 5-6 m\u0117n, 200g. | Espanola.lt","isPartOf":{"@id":"https:\/\/espanola.lt\/#website"},"primaryImageOfPage":{"@id":"https:\/\/espanola.lt\/produktas\/vytintas-avies-pieno-suris-su-baravykais-vega-mancha-brandintas-5-6-men-200g\/#primaryimage"},"image":{"@id":"https:\/\/espanola.lt\/produktas\/vytintas-avies-pieno-suris-su-baravykais-vega-mancha-brandintas-5-6-men-200g\/#primaryimage"},"thumbnailUrl":"https:\/\/espanola.lt\/wp-content\/uploads\/2023\/12\/Vytintas-avies-pieno-suris-su-baravykais-brandintas-5-6-men-200g.-webp.webp","datePublished":"2023-12-03T11:37:12+00:00","dateModified":"2025-12-22T21:00:54+00:00","description":"Atraskite auk\u0161tos kokyb\u0117s ispani\u0161kus delikatesus \u2013 s\u016brius, kumpius, alyvuoges ir \u017euv\u012f. Tikras Ispanijos skonis tiesiai \u012f j\u016bs\u0173 namus.","breadcrumb":{"@id":"https:\/\/espanola.lt\/produktas\/vytintas-avies-pieno-suris-su-baravykais-vega-mancha-brandintas-5-6-men-200g\/#breadcrumb"},"inLanguage":"en-US","potentialAction":[{"@type":"ReadAction","target":["https:\/\/espanola.lt\/produktas\/vytintas-avies-pieno-suris-su-baravykais-vega-mancha-brandintas-5-6-men-200g\/"]}]},{"@type":"ImageObject","inLanguage":"en-US","@id":"https:\/\/espanola.lt\/produktas\/vytintas-avies-pieno-suris-su-baravykais-vega-mancha-brandintas-5-6-men-200g\/#primaryimage","url":"https:\/\/espanola.lt\/wp-content\/uploads\/2023\/12\/Vytintas-avies-pieno-suris-su-baravykais-brandintas-5-6-men-200g.-webp.webp","contentUrl":"https:\/\/espanola.lt\/wp-content\/uploads\/2023\/12\/Vytintas-avies-pieno-suris-su-baravykais-brandintas-5-6-men-200g.-webp.webp","width":1041,"height":1200},{"@type":"BreadcrumbList","@id":"https:\/\/espanola.lt\/produktas\/vytintas-avies-pieno-suris-su-baravykais-vega-mancha-brandintas-5-6-men-200g\/#breadcrumb","itemListElement":[{"@type":"ListItem","position":1,"name":"Home","item":"https:\/\/espanola.lt\/en\/homepage\/"},{"@type":"ListItem","position":2,"name":"Shop","item":"https:\/\/espanola.lt\/en\/shop\/"},{"@type":"ListItem","position":3,"name":"Vytintas avies pieno s\u016bris su baravykais &#8222;VEGA MANCHA&#8221;, brandintas 5-6 m\u0117n, 200g."}]},{"@type":"WebSite","@id":"https:\/\/espanola.lt\/#website","url":"https:\/\/espanola.lt\/","name":"Espanola.lt | Tikras Ispanijos skonis \u2013 J\u016bs\u0173 namuose!","description":"","publisher":{"@id":"https:\/\/espanola.lt\/#organization"},"potentialAction":[{"@type":"SearchAction","target":{"@type":"EntryPoint","urlTemplate":"https:\/\/espanola.lt\/?s={search_term_string}"},"query-input":{"@type":"PropertyValueSpecification","valueRequired":true,"valueName":"search_term_string"}}],"inLanguage":"en-US"},{"@type":"Organization","@id":"https:\/\/espanola.lt\/#organization","name":"Espanola.lt","url":"https:\/\/espanola.lt\/","logo":{"@type":"ImageObject","inLanguage":"en-US","@id":"https:\/\/espanola.lt\/#\/schema\/logo\/image\/","url":"https:\/\/espanola.lt\/wp-content\/uploads\/2023\/03\/notext_color.png","contentUrl":"https:\/\/espanola.lt\/wp-content\/uploads\/2023\/03\/notext_color.png","width":916,"height":204,"caption":"Espanola.lt"},"image":{"@id":"https:\/\/espanola.lt\/#\/schema\/logo\/image\/"},"sameAs":["https:\/\/www.facebook.com\/espanola.lt","https:\/\/www.instagram.com\/espanola.lt\/"]}]}},"_links":{"self":[{"href":"https:\/\/espanola.lt\/en\/wp-json\/wp\/v2\/product\/24256"}],"collection":[{"href":"https:\/\/espanola.lt\/en\/wp-json\/wp\/v2\/product"}],"about":[{"href":"https:\/\/espanola.lt\/en\/wp-json\/wp\/v2\/types\/product"}],"version-history":[{"count":2,"href":"https:\/\/espanola.lt\/en\/wp-json\/wp\/v2\/product\/24256\/revisions"}],"predecessor-version":[{"id":24261,"href":"https:\/\/espanola.lt\/en\/wp-json\/wp\/v2\/product\/24256\/revisions\/24261"}],"wp:featuredmedia":[{"embeddable":true,"href":"https:\/\/espanola.lt\/en\/wp-json\/wp\/v2\/media\/24258"}],"wp:attachment":[{"href":"https:\/\/espanola.lt\/en\/wp-json\/wp\/v2\/media?parent=24256"}],"wp:term":[{"taxonomy":"product_brand","embeddable":true,"href":"https:\/\/espanola.lt\/en\/wp-json\/wp\/v2\/product_brand?post=24256"},{"taxonomy":"product_cat","embeddable":true,"href":"https:\/\/espanola.lt\/en\/wp-json\/wp\/v2\/product_cat?post=24256"},{"taxonomy":"product_tag","embeddable":true,"href":"https:\/\/espanola.lt\/en\/wp-json\/wp\/v2\/product_tag?post=24256"}],"curies":[{"name":"wp","href":"https:\/\/api.w.org\/{rel}","templated":true}]}}