{"id":23938,"date":"2023-11-16T13:50:49","date_gmt":"2023-11-16T13:50:49","guid":{"rendered":"https:\/\/espanola.lt\/?post_type=product&#038;p=23938"},"modified":"2024-10-02T13:40:51","modified_gmt":"2024-10-02T13:40:51","slug":"air-nuts-zemes-riesutai-su-pipirais-ir-druska-30g","status":"publish","type":"product","link":"https:\/\/espanola.lt\/en\/produktas\/air-nuts-zemes-riesutai-su-pipirais-ir-druska-30g\/","title":{"rendered":"Air Nuts \u017dem\u0117s rie\u0161ut\u0173 u\u017ekandis su pipirais ir druska, be glitimo, aliejaus, prid\u0117tinio cukraus ir riebal\u0173, (vegani\u0161kas), 30g."},"content":{"rendered":"<p>Air Nuts yra sveikas u\u017ekandis, daugiausia gaminamas i\u0161 rie\u0161ut\u0173: 83 proc. Likusi dalis \u2013 ry\u017ei\u0173 miltai ir tik truputis druskos, tad tai 100% nat\u016bralus produktas. Joki\u0173 pried\u0173 ar konservant\u0173.<\/p>\n<ul>\n<li>Air Nuts yra be glitimo, be palmi\u0173 aliejaus, juose n\u0117ra prid\u0117tinio cukraus ar riebal\u0173 (jie n\u0117ra kepti), jie yra vegani\u0161ki ir augalin\u0117s kilm\u0117s, juose gausu skaidul\u0173 ir baltym\u0173.<\/li>\n<\/ul>\n<p>Sudedamosios dalys: \u017dem\u0117s rie\u0161utai (83%), ry\u017ei\u0173 miltai, druska, kvapiosios med\u017eiagos . Vert\u0117s 100 g produkto Energin\u0117 vert\u0117 2319 kj (553 kcal) Riebalai 39,3 g (i\u0161 kuri\u0173 so\u010di\u0173j\u0173 riebal\u0173 r\u016bg\u0161\u010di\u0173 6,9 g.), Angliavandeniai 19,4 g., i\u0161 kuri\u0173 Cukr\u016bs 3.9 g, Skaidulin\u0117s med\u017eiagos 10,4, Baltymai 24.8 g, Druska 2,69 g. Laikyti v\u0117sioje, sausoje vietoje.<\/p>\n","protected":false},"excerpt":{"rendered":"<p>Air Nuts yra sveikas u\u017ekandis, daugiausia gaminamas i\u0161 rie\u0161ut\u0173: 83 proc. Likusi dalis \u2013 ry\u017ei\u0173 miltai ir tik truputis druskos, tad tai 100% nat\u016bralus produktas. Joki\u0173 pried\u0173 ar konservant\u0173. Air Nuts yra be glitimo, be palmi\u0173 aliejaus, juose n\u0117ra prid\u0117tinio cukraus ar riebal\u0173 (jie n\u0117ra kepti), jie yra vegani\u0161ki ir augalin\u0117s kilm\u0117s, juose gausu skaidul\u0173 ir baltym\u0173. Sudedamosios dalys: \u017dem\u0117s rie\u0161utai (83%), ry\u017ei\u0173 miltai, druska, kvapiosios med\u017eiagos . Vert\u0117s 100 g produkto Energin\u0117 vert\u0117 2319 kj (553 kcal) Riebalai 39,3 g (i\u0161 kuri\u0173 so\u010di\u0173j\u0173 riebal\u0173 r\u016bg\u0161\u010di\u0173 6,9 g.), Angliavandeniai 19,4 g., i\u0161 kuri\u0173 Cukr\u016bs 3.9 g, Skaidulin\u0117s med\u017eiagos 10,4, Baltymai 24.8 g, Druska 2,69 g. Laikyti v\u0117sioje, sausoje vietoje.<\/p>\n","protected":false},"featured_media":24225,"template":"","meta":[],"product_brand":[],"product_cat":[134,136],"product_tag":[],"class_list":{"0":"post-23938","1":"product","2":"type-product","3":"status-publish","4":"has-post-thumbnail","6":"product_cat-riesutai","7":"product_cat-snacks","9":"first","10":"instock","11":"sale","12":"shipping-taxable","13":"purchasable","14":"product-type-simple"},"yoast_head":"<!-- This site is optimized with the Yoast SEO plugin v23.7 - https:\/\/yoast.com\/wordpress\/plugins\/seo\/ -->\n<title>Air Nuts \u017dem\u0117s rie\u0161ut\u0173 u\u017ekandis su pipirais ir druska, be glitimo, aliejaus, prid\u0117tinio cukraus ir riebal\u0173, (vegani\u0161kas), 30g. | Espanola.lt<\/title>\n<meta name=\"description\" content=\"Atraskite auk\u0161tos kokyb\u0117s ispani\u0161kus delikatesus \u2013 s\u016brius, kumpius, alyvuoges ir \u017euv\u012f. Tikras Ispanijos skonis tiesiai \u012f j\u016bs\u0173 namus.\" \/>\n<meta name=\"robots\" content=\"index, follow, max-snippet:-1, max-image-preview:large, max-video-preview:-1\" \/>\n<link rel=\"canonical\" href=\"https:\/\/espanola.lt\/produktas\/air-nuts-zemes-riesutai-su-pipirais-ir-druska-30g\/\" \/>\n<meta property=\"og:locale\" content=\"en_US\" \/>\n<meta property=\"og:type\" content=\"article\" \/>\n<meta property=\"og:title\" content=\"Air Nuts \u017dem\u0117s rie\u0161ut\u0173 u\u017ekandis su pipirais ir druska, be glitimo, aliejaus, prid\u0117tinio cukraus ir riebal\u0173, (vegani\u0161kas), 30g. | Espanola.lt\" \/>\n<meta property=\"og:description\" content=\"Atraskite auk\u0161tos kokyb\u0117s ispani\u0161kus delikatesus \u2013 s\u016brius, kumpius, alyvuoges ir \u017euv\u012f. Tikras Ispanijos skonis tiesiai \u012f j\u016bs\u0173 namus.\" \/>\n<meta property=\"og:url\" content=\"https:\/\/espanola.lt\/produktas\/air-nuts-zemes-riesutai-su-pipirais-ir-druska-30g\/\" \/>\n<meta property=\"og:site_name\" content=\"Espanola\" \/>\n<meta property=\"article:publisher\" content=\"https:\/\/www.facebook.com\/espanola.lt\" \/>\n<meta property=\"article:modified_time\" content=\"2024-10-02T13:40:51+00:00\" \/>\n<meta property=\"og:image\" content=\"https:\/\/espanola.lt\/wp-content\/uploads\/2023\/11\/Air-Nuts-Zemes-riesutai-su-pipirais-ir-druska-30g_.webp\" \/>\n\t<meta property=\"og:image:width\" content=\"489\" \/>\n\t<meta property=\"og:image:height\" content=\"611\" \/>\n\t<meta property=\"og:image:type\" content=\"image\/webp\" \/>\n<meta name=\"twitter:card\" content=\"summary_large_image\" \/>\n<meta name=\"twitter:label1\" content=\"Est. reading time\" \/>\n\t<meta name=\"twitter:data1\" content=\"1 minute\" \/>\n<script type=\"application\/ld+json\" class=\"yoast-schema-graph\">{\"@context\":\"https:\/\/schema.org\",\"@graph\":[{\"@type\":\"WebPage\",\"@id\":\"https:\/\/espanola.lt\/produktas\/air-nuts-zemes-riesutai-su-pipirais-ir-druska-30g\/\",\"url\":\"https:\/\/espanola.lt\/produktas\/air-nuts-zemes-riesutai-su-pipirais-ir-druska-30g\/\",\"name\":\"Air Nuts \u017dem\u0117s rie\u0161ut\u0173 u\u017ekandis su pipirais ir druska, be glitimo, aliejaus, prid\u0117tinio cukraus ir riebal\u0173, (vegani\u0161kas), 30g. | Espanola.lt\",\"isPartOf\":{\"@id\":\"https:\/\/espanola.lt\/#website\"},\"primaryImageOfPage\":{\"@id\":\"https:\/\/espanola.lt\/produktas\/air-nuts-zemes-riesutai-su-pipirais-ir-druska-30g\/#primaryimage\"},\"image\":{\"@id\":\"https:\/\/espanola.lt\/produktas\/air-nuts-zemes-riesutai-su-pipirais-ir-druska-30g\/#primaryimage\"},\"thumbnailUrl\":\"https:\/\/espanola.lt\/wp-content\/uploads\/2023\/11\/Air-Nuts-Zemes-riesutai-su-pipirais-ir-druska-30g_.webp\",\"datePublished\":\"2023-11-16T13:50:49+00:00\",\"dateModified\":\"2024-10-02T13:40:51+00:00\",\"description\":\"Atraskite auk\u0161tos kokyb\u0117s ispani\u0161kus delikatesus \u2013 s\u016brius, kumpius, alyvuoges ir \u017euv\u012f. Tikras Ispanijos skonis tiesiai \u012f j\u016bs\u0173 namus.\",\"breadcrumb\":{\"@id\":\"https:\/\/espanola.lt\/produktas\/air-nuts-zemes-riesutai-su-pipirais-ir-druska-30g\/#breadcrumb\"},\"inLanguage\":\"en-US\",\"potentialAction\":[{\"@type\":\"ReadAction\",\"target\":[\"https:\/\/espanola.lt\/produktas\/air-nuts-zemes-riesutai-su-pipirais-ir-druska-30g\/\"]}]},{\"@type\":\"ImageObject\",\"inLanguage\":\"en-US\",\"@id\":\"https:\/\/espanola.lt\/produktas\/air-nuts-zemes-riesutai-su-pipirais-ir-druska-30g\/#primaryimage\",\"url\":\"https:\/\/espanola.lt\/wp-content\/uploads\/2023\/11\/Air-Nuts-Zemes-riesutai-su-pipirais-ir-druska-30g_.webp\",\"contentUrl\":\"https:\/\/espanola.lt\/wp-content\/uploads\/2023\/11\/Air-Nuts-Zemes-riesutai-su-pipirais-ir-druska-30g_.webp\",\"width\":489,\"height\":611},{\"@type\":\"BreadcrumbList\",\"@id\":\"https:\/\/espanola.lt\/produktas\/air-nuts-zemes-riesutai-su-pipirais-ir-druska-30g\/#breadcrumb\",\"itemListElement\":[{\"@type\":\"ListItem\",\"position\":1,\"name\":\"Home\",\"item\":\"https:\/\/espanola.lt\/en\/homepage\/\"},{\"@type\":\"ListItem\",\"position\":2,\"name\":\"Shop\",\"item\":\"https:\/\/espanola.lt\/en\/shop\/\"},{\"@type\":\"ListItem\",\"position\":3,\"name\":\"Air Nuts \u017dem\u0117s rie\u0161ut\u0173 u\u017ekandis su pipirais ir druska, be glitimo, aliejaus, prid\u0117tinio cukraus ir riebal\u0173, (vegani\u0161kas), 30g.\"}]},{\"@type\":\"WebSite\",\"@id\":\"https:\/\/espanola.lt\/#website\",\"url\":\"https:\/\/espanola.lt\/\",\"name\":\"Espanola.lt | Tikras Ispanijos skonis \u2013 J\u016bs\u0173 namuose!\",\"description\":\"\",\"publisher\":{\"@id\":\"https:\/\/espanola.lt\/#organization\"},\"potentialAction\":[{\"@type\":\"SearchAction\",\"target\":{\"@type\":\"EntryPoint\",\"urlTemplate\":\"https:\/\/espanola.lt\/?s={search_term_string}\"},\"query-input\":{\"@type\":\"PropertyValueSpecification\",\"valueRequired\":true,\"valueName\":\"search_term_string\"}}],\"inLanguage\":\"en-US\"},{\"@type\":\"Organization\",\"@id\":\"https:\/\/espanola.lt\/#organization\",\"name\":\"Espanola.lt\",\"url\":\"https:\/\/espanola.lt\/\",\"logo\":{\"@type\":\"ImageObject\",\"inLanguage\":\"en-US\",\"@id\":\"https:\/\/espanola.lt\/#\/schema\/logo\/image\/\",\"url\":\"https:\/\/espanola.lt\/wp-content\/uploads\/2023\/03\/notext_color.png\",\"contentUrl\":\"https:\/\/espanola.lt\/wp-content\/uploads\/2023\/03\/notext_color.png\",\"width\":916,\"height\":204,\"caption\":\"Espanola.lt\"},\"image\":{\"@id\":\"https:\/\/espanola.lt\/#\/schema\/logo\/image\/\"},\"sameAs\":[\"https:\/\/www.facebook.com\/espanola.lt\",\"https:\/\/www.instagram.com\/espanola.lt\/\"]}]}<\/script>\n<!-- \/ Yoast SEO plugin. -->","yoast_head_json":{"title":"Air Nuts \u017dem\u0117s rie\u0161ut\u0173 u\u017ekandis su pipirais ir druska, be glitimo, aliejaus, prid\u0117tinio cukraus ir riebal\u0173, (vegani\u0161kas), 30g. | Espanola.lt","description":"Atraskite auk\u0161tos kokyb\u0117s ispani\u0161kus delikatesus \u2013 s\u016brius, kumpius, alyvuoges ir \u017euv\u012f. Tikras Ispanijos skonis tiesiai \u012f j\u016bs\u0173 namus.","robots":{"index":"index","follow":"follow","max-snippet":"max-snippet:-1","max-image-preview":"max-image-preview:large","max-video-preview":"max-video-preview:-1"},"canonical":"https:\/\/espanola.lt\/produktas\/air-nuts-zemes-riesutai-su-pipirais-ir-druska-30g\/","og_locale":"en_US","og_type":"article","og_title":"Air Nuts \u017dem\u0117s rie\u0161ut\u0173 u\u017ekandis su pipirais ir druska, be glitimo, aliejaus, prid\u0117tinio cukraus ir riebal\u0173, (vegani\u0161kas), 30g. | Espanola.lt","og_description":"Atraskite auk\u0161tos kokyb\u0117s ispani\u0161kus delikatesus \u2013 s\u016brius, kumpius, alyvuoges ir \u017euv\u012f. Tikras Ispanijos skonis tiesiai \u012f j\u016bs\u0173 namus.","og_url":"https:\/\/espanola.lt\/produktas\/air-nuts-zemes-riesutai-su-pipirais-ir-druska-30g\/","og_site_name":"Espanola","article_publisher":"https:\/\/www.facebook.com\/espanola.lt","article_modified_time":"2024-10-02T13:40:51+00:00","og_image":[{"width":489,"height":611,"url":"https:\/\/espanola.lt\/wp-content\/uploads\/2023\/11\/Air-Nuts-Zemes-riesutai-su-pipirais-ir-druska-30g_.webp","type":"image\/webp"}],"twitter_card":"summary_large_image","twitter_misc":{"Est. reading time":"1 minute"},"schema":{"@context":"https:\/\/schema.org","@graph":[{"@type":"WebPage","@id":"https:\/\/espanola.lt\/produktas\/air-nuts-zemes-riesutai-su-pipirais-ir-druska-30g\/","url":"https:\/\/espanola.lt\/produktas\/air-nuts-zemes-riesutai-su-pipirais-ir-druska-30g\/","name":"Air Nuts \u017dem\u0117s rie\u0161ut\u0173 u\u017ekandis su pipirais ir druska, be glitimo, aliejaus, prid\u0117tinio cukraus ir riebal\u0173, (vegani\u0161kas), 30g. | Espanola.lt","isPartOf":{"@id":"https:\/\/espanola.lt\/#website"},"primaryImageOfPage":{"@id":"https:\/\/espanola.lt\/produktas\/air-nuts-zemes-riesutai-su-pipirais-ir-druska-30g\/#primaryimage"},"image":{"@id":"https:\/\/espanola.lt\/produktas\/air-nuts-zemes-riesutai-su-pipirais-ir-druska-30g\/#primaryimage"},"thumbnailUrl":"https:\/\/espanola.lt\/wp-content\/uploads\/2023\/11\/Air-Nuts-Zemes-riesutai-su-pipirais-ir-druska-30g_.webp","datePublished":"2023-11-16T13:50:49+00:00","dateModified":"2024-10-02T13:40:51+00:00","description":"Atraskite auk\u0161tos kokyb\u0117s ispani\u0161kus delikatesus \u2013 s\u016brius, kumpius, alyvuoges ir \u017euv\u012f. Tikras Ispanijos skonis tiesiai \u012f j\u016bs\u0173 namus.","breadcrumb":{"@id":"https:\/\/espanola.lt\/produktas\/air-nuts-zemes-riesutai-su-pipirais-ir-druska-30g\/#breadcrumb"},"inLanguage":"en-US","potentialAction":[{"@type":"ReadAction","target":["https:\/\/espanola.lt\/produktas\/air-nuts-zemes-riesutai-su-pipirais-ir-druska-30g\/"]}]},{"@type":"ImageObject","inLanguage":"en-US","@id":"https:\/\/espanola.lt\/produktas\/air-nuts-zemes-riesutai-su-pipirais-ir-druska-30g\/#primaryimage","url":"https:\/\/espanola.lt\/wp-content\/uploads\/2023\/11\/Air-Nuts-Zemes-riesutai-su-pipirais-ir-druska-30g_.webp","contentUrl":"https:\/\/espanola.lt\/wp-content\/uploads\/2023\/11\/Air-Nuts-Zemes-riesutai-su-pipirais-ir-druska-30g_.webp","width":489,"height":611},{"@type":"BreadcrumbList","@id":"https:\/\/espanola.lt\/produktas\/air-nuts-zemes-riesutai-su-pipirais-ir-druska-30g\/#breadcrumb","itemListElement":[{"@type":"ListItem","position":1,"name":"Home","item":"https:\/\/espanola.lt\/en\/homepage\/"},{"@type":"ListItem","position":2,"name":"Shop","item":"https:\/\/espanola.lt\/en\/shop\/"},{"@type":"ListItem","position":3,"name":"Air Nuts \u017dem\u0117s rie\u0161ut\u0173 u\u017ekandis su pipirais ir druska, be glitimo, aliejaus, prid\u0117tinio cukraus ir riebal\u0173, (vegani\u0161kas), 30g."}]},{"@type":"WebSite","@id":"https:\/\/espanola.lt\/#website","url":"https:\/\/espanola.lt\/","name":"Espanola.lt | Tikras Ispanijos skonis \u2013 J\u016bs\u0173 namuose!","description":"","publisher":{"@id":"https:\/\/espanola.lt\/#organization"},"potentialAction":[{"@type":"SearchAction","target":{"@type":"EntryPoint","urlTemplate":"https:\/\/espanola.lt\/?s={search_term_string}"},"query-input":{"@type":"PropertyValueSpecification","valueRequired":true,"valueName":"search_term_string"}}],"inLanguage":"en-US"},{"@type":"Organization","@id":"https:\/\/espanola.lt\/#organization","name":"Espanola.lt","url":"https:\/\/espanola.lt\/","logo":{"@type":"ImageObject","inLanguage":"en-US","@id":"https:\/\/espanola.lt\/#\/schema\/logo\/image\/","url":"https:\/\/espanola.lt\/wp-content\/uploads\/2023\/03\/notext_color.png","contentUrl":"https:\/\/espanola.lt\/wp-content\/uploads\/2023\/03\/notext_color.png","width":916,"height":204,"caption":"Espanola.lt"},"image":{"@id":"https:\/\/espanola.lt\/#\/schema\/logo\/image\/"},"sameAs":["https:\/\/www.facebook.com\/espanola.lt","https:\/\/www.instagram.com\/espanola.lt\/"]}]}},"_links":{"self":[{"href":"https:\/\/espanola.lt\/en\/wp-json\/wp\/v2\/product\/23938"}],"collection":[{"href":"https:\/\/espanola.lt\/en\/wp-json\/wp\/v2\/product"}],"about":[{"href":"https:\/\/espanola.lt\/en\/wp-json\/wp\/v2\/types\/product"}],"version-history":[{"count":2,"href":"https:\/\/espanola.lt\/en\/wp-json\/wp\/v2\/product\/23938\/revisions"}],"predecessor-version":[{"id":25216,"href":"https:\/\/espanola.lt\/en\/wp-json\/wp\/v2\/product\/23938\/revisions\/25216"}],"wp:featuredmedia":[{"embeddable":true,"href":"https:\/\/espanola.lt\/en\/wp-json\/wp\/v2\/media\/24225"}],"wp:attachment":[{"href":"https:\/\/espanola.lt\/en\/wp-json\/wp\/v2\/media?parent=23938"}],"wp:term":[{"taxonomy":"product_brand","embeddable":true,"href":"https:\/\/espanola.lt\/en\/wp-json\/wp\/v2\/product_brand?post=23938"},{"taxonomy":"product_cat","embeddable":true,"href":"https:\/\/espanola.lt\/en\/wp-json\/wp\/v2\/product_cat?post=23938"},{"taxonomy":"product_tag","embeddable":true,"href":"https:\/\/espanola.lt\/en\/wp-json\/wp\/v2\/product_tag?post=23938"}],"curies":[{"name":"wp","href":"https:\/\/api.w.org\/{rel}","templated":true}]}}