{"id":23858,"date":"2023-11-14T08:32:01","date_gmt":"2023-11-14T08:32:01","guid":{"rendered":"https:\/\/espanola.lt\/?post_type=product&#038;p=23858"},"modified":"2025-08-11T13:14:48","modified_gmt":"2025-08-11T13:14:48","slug":"io-natural-antioxidant-ypac-tyras-alyvuogiu-aliejus-su-juodu-cesnaku-ir-licopenu","status":"publish","type":"product","link":"https:\/\/espanola.lt\/en\/produktas\/io-natural-antioxidant-ypac-tyras-alyvuogiu-aliejus-su-juodu-cesnaku-ir-licopenu\/","title":{"rendered":"\u201eIO NATURAL ANTIOXIDANT\u201d: YPA\u010c TYRAS ALYVUOGI\u0172 ALIEJUS SU JUODU \u010cESNAKU IR LICOPENU"},"content":{"rendered":"<p>Atidar\u0119 ypa\u010d tyro alyvuogi\u0173 aliejaus buteliuk\u0105 su likopenu ir juoduoju \u010desnaku, pajausite \u0161veln\u0173 jo skleid\u017eiam\u0105 kvap\u0105.<\/p>\n<p>I\u0161 pirmo \u017evilgsnio pasteb\u0117site jo rausv\u0105 spalv\u0105, tai labai ry\u0161kus alyvuogi\u0173 aliejus.<\/p>\n<p>Ir jei paragav\u0119 u\u017esimerkiate, b\u016bsite nugabenti \u012f tradicines Vidur\u017eemio j\u016bros virtuves, pripildytas krep\u0161eli\u0173 sodo dar\u017eovi\u0173, pomidor\u0173, \u010desnako ir duonos.<\/p>\n<p>Be to, \u0161is aliejus turi ka\u017ek\u0105 labai ypatingo. Tad privalote paragauti.<\/p>\n<p>Aliejaus derinys su pomidor\u0173 likopenu suteikia jums visus antioksidantus!<\/p>\n<p>O nor\u0117dami suteikti jam kitok\u012f atspalv\u012f nei m\u016bs\u0173 turimas ypa\u010d tyras alyvuogi\u0173 aliejus su likopenu ir suteikti daugiau naudos j\u016bs\u0173 sveikatai, sujung\u0117me j\u012f su juoduoju \u010desnaku.<\/p>\n","protected":false},"excerpt":{"rendered":"<p>Atidar\u0119 ypa\u010d tyro alyvuogi\u0173 aliejaus buteliuk\u0105 su likopenu ir juoduoju \u010desnaku, pajausite \u0161veln\u0173 jo skleid\u017eiam\u0105 kvap\u0105. I\u0161 pirmo \u017evilgsnio pasteb\u0117site jo rausv\u0105 spalv\u0105, tai labai ry\u0161kus alyvuogi\u0173 aliejus. Ir jei paragav\u0119 u\u017esimerkiate, b\u016bsite nugabenti \u012f tradicines Vidur\u017eemio j\u016bros virtuves, pripildytas krep\u0161eli\u0173 sodo dar\u017eovi\u0173, pomidor\u0173, \u010desnako ir duonos. Be to, \u0161is aliejus turi ka\u017ek\u0105 labai ypatingo. Tad privalote paragauti. Aliejaus derinys su pomidor\u0173 likopenu suteikia jums visus antioksidantus! O nor\u0117dami suteikti jam kitok\u012f atspalv\u012f nei m\u016bs\u0173 turimas ypa\u010d tyras alyvuogi\u0173 aliejus su likopenu ir suteikti daugiau naudos j\u016bs\u0173 sveikatai, sujung\u0117me j\u012f su juoduoju \u010desnaku.<\/p>\n","protected":false},"featured_media":23860,"template":"","meta":[],"product_brand":[],"product_cat":[115,132],"product_tag":[],"class_list":{"0":"post-23858","1":"product","2":"type-product","3":"status-publish","4":"has-post-thumbnail","6":"product_cat-aliejus","7":"product_cat-akcijoos","9":"first","10":"instock","11":"sale","12":"shipping-taxable","13":"purchasable","14":"product-type-simple"},"yoast_head":"<!-- This site is optimized with the Yoast SEO plugin v23.7 - https:\/\/yoast.com\/wordpress\/plugins\/seo\/ -->\n<title>\u201eIO NATURAL ANTIOXIDANT\u201d: YPA\u010c TYRAS ALYVUOGI\u0172 ALIEJUS SU JUODU \u010cESNAKU IR LICOPENU | Espanola.lt<\/title>\n<meta name=\"description\" content=\"Atraskite auk\u0161tos kokyb\u0117s ispani\u0161kus delikatesus \u2013 s\u016brius, kumpius, alyvuoges ir \u017euv\u012f. Tikras Ispanijos skonis tiesiai \u012f j\u016bs\u0173 namus.\" \/>\n<meta name=\"robots\" content=\"index, follow, max-snippet:-1, max-image-preview:large, max-video-preview:-1\" \/>\n<link rel=\"canonical\" href=\"https:\/\/espanola.lt\/produktas\/io-natural-antioxidant-ypac-tyras-alyvuogiu-aliejus-su-juodu-cesnaku-ir-licopenu\/\" \/>\n<meta property=\"og:locale\" content=\"en_US\" \/>\n<meta property=\"og:type\" content=\"article\" \/>\n<meta property=\"og:title\" content=\"\u201eIO NATURAL ANTIOXIDANT\u201d: YPA\u010c TYRAS ALYVUOGI\u0172 ALIEJUS SU JUODU \u010cESNAKU IR LICOPENU | Espanola.lt\" \/>\n<meta property=\"og:description\" content=\"Atraskite auk\u0161tos kokyb\u0117s ispani\u0161kus delikatesus \u2013 s\u016brius, kumpius, alyvuoges ir \u017euv\u012f. Tikras Ispanijos skonis tiesiai \u012f j\u016bs\u0173 namus.\" \/>\n<meta property=\"og:url\" content=\"https:\/\/espanola.lt\/produktas\/io-natural-antioxidant-ypac-tyras-alyvuogiu-aliejus-su-juodu-cesnaku-ir-licopenu\/\" \/>\n<meta property=\"og:site_name\" content=\"Espanola\" \/>\n<meta property=\"article:publisher\" content=\"https:\/\/www.facebook.com\/espanola.lt\" \/>\n<meta property=\"article:modified_time\" content=\"2025-08-11T13:14:48+00:00\" \/>\n<meta property=\"og:image\" content=\"https:\/\/espanola.lt\/wp-content\/uploads\/2023\/11\/licopeno-.png\" \/>\n\t<meta property=\"og:image:width\" content=\"542\" \/>\n\t<meta property=\"og:image:height\" content=\"692\" \/>\n\t<meta property=\"og:image:type\" content=\"image\/png\" \/>\n<meta name=\"twitter:card\" content=\"summary_large_image\" \/>\n<meta name=\"twitter:label1\" content=\"Est. reading time\" \/>\n\t<meta name=\"twitter:data1\" content=\"1 minute\" \/>\n<script type=\"application\/ld+json\" class=\"yoast-schema-graph\">{\"@context\":\"https:\/\/schema.org\",\"@graph\":[{\"@type\":\"WebPage\",\"@id\":\"https:\/\/espanola.lt\/produktas\/io-natural-antioxidant-ypac-tyras-alyvuogiu-aliejus-su-juodu-cesnaku-ir-licopenu\/\",\"url\":\"https:\/\/espanola.lt\/produktas\/io-natural-antioxidant-ypac-tyras-alyvuogiu-aliejus-su-juodu-cesnaku-ir-licopenu\/\",\"name\":\"\u201eIO NATURAL ANTIOXIDANT\u201d: YPA\u010c TYRAS ALYVUOGI\u0172 ALIEJUS SU JUODU \u010cESNAKU IR LICOPENU | Espanola.lt\",\"isPartOf\":{\"@id\":\"https:\/\/espanola.lt\/#website\"},\"primaryImageOfPage\":{\"@id\":\"https:\/\/espanola.lt\/produktas\/io-natural-antioxidant-ypac-tyras-alyvuogiu-aliejus-su-juodu-cesnaku-ir-licopenu\/#primaryimage\"},\"image\":{\"@id\":\"https:\/\/espanola.lt\/produktas\/io-natural-antioxidant-ypac-tyras-alyvuogiu-aliejus-su-juodu-cesnaku-ir-licopenu\/#primaryimage\"},\"thumbnailUrl\":\"https:\/\/espanola.lt\/wp-content\/uploads\/2023\/11\/licopeno-.png\",\"datePublished\":\"2023-11-14T08:32:01+00:00\",\"dateModified\":\"2025-08-11T13:14:48+00:00\",\"description\":\"Atraskite auk\u0161tos kokyb\u0117s ispani\u0161kus delikatesus \u2013 s\u016brius, kumpius, alyvuoges ir \u017euv\u012f. Tikras Ispanijos skonis tiesiai \u012f j\u016bs\u0173 namus.\",\"breadcrumb\":{\"@id\":\"https:\/\/espanola.lt\/produktas\/io-natural-antioxidant-ypac-tyras-alyvuogiu-aliejus-su-juodu-cesnaku-ir-licopenu\/#breadcrumb\"},\"inLanguage\":\"en-US\",\"potentialAction\":[{\"@type\":\"ReadAction\",\"target\":[\"https:\/\/espanola.lt\/produktas\/io-natural-antioxidant-ypac-tyras-alyvuogiu-aliejus-su-juodu-cesnaku-ir-licopenu\/\"]}]},{\"@type\":\"ImageObject\",\"inLanguage\":\"en-US\",\"@id\":\"https:\/\/espanola.lt\/produktas\/io-natural-antioxidant-ypac-tyras-alyvuogiu-aliejus-su-juodu-cesnaku-ir-licopenu\/#primaryimage\",\"url\":\"https:\/\/espanola.lt\/wp-content\/uploads\/2023\/11\/licopeno-.png\",\"contentUrl\":\"https:\/\/espanola.lt\/wp-content\/uploads\/2023\/11\/licopeno-.png\",\"width\":542,\"height\":692},{\"@type\":\"BreadcrumbList\",\"@id\":\"https:\/\/espanola.lt\/produktas\/io-natural-antioxidant-ypac-tyras-alyvuogiu-aliejus-su-juodu-cesnaku-ir-licopenu\/#breadcrumb\",\"itemListElement\":[{\"@type\":\"ListItem\",\"position\":1,\"name\":\"Home\",\"item\":\"https:\/\/espanola.lt\/en\/homepage\/\"},{\"@type\":\"ListItem\",\"position\":2,\"name\":\"Shop\",\"item\":\"https:\/\/espanola.lt\/en\/shop\/\"},{\"@type\":\"ListItem\",\"position\":3,\"name\":\"\u201eIO NATURAL ANTIOXIDANT\u201d: YPA\u010c TYRAS ALYVUOGI\u0172 ALIEJUS SU JUODU \u010cESNAKU IR LICOPENU\"}]},{\"@type\":\"WebSite\",\"@id\":\"https:\/\/espanola.lt\/#website\",\"url\":\"https:\/\/espanola.lt\/\",\"name\":\"Espanola.lt | Tikras Ispanijos skonis \u2013 J\u016bs\u0173 namuose!\",\"description\":\"\",\"publisher\":{\"@id\":\"https:\/\/espanola.lt\/#organization\"},\"potentialAction\":[{\"@type\":\"SearchAction\",\"target\":{\"@type\":\"EntryPoint\",\"urlTemplate\":\"https:\/\/espanola.lt\/?s={search_term_string}\"},\"query-input\":{\"@type\":\"PropertyValueSpecification\",\"valueRequired\":true,\"valueName\":\"search_term_string\"}}],\"inLanguage\":\"en-US\"},{\"@type\":\"Organization\",\"@id\":\"https:\/\/espanola.lt\/#organization\",\"name\":\"Espanola.lt\",\"url\":\"https:\/\/espanola.lt\/\",\"logo\":{\"@type\":\"ImageObject\",\"inLanguage\":\"en-US\",\"@id\":\"https:\/\/espanola.lt\/#\/schema\/logo\/image\/\",\"url\":\"https:\/\/espanola.lt\/wp-content\/uploads\/2023\/03\/notext_color.png\",\"contentUrl\":\"https:\/\/espanola.lt\/wp-content\/uploads\/2023\/03\/notext_color.png\",\"width\":916,\"height\":204,\"caption\":\"Espanola.lt\"},\"image\":{\"@id\":\"https:\/\/espanola.lt\/#\/schema\/logo\/image\/\"},\"sameAs\":[\"https:\/\/www.facebook.com\/espanola.lt\",\"https:\/\/www.instagram.com\/espanola.lt\/\"]}]}<\/script>\n<!-- \/ Yoast SEO plugin. -->","yoast_head_json":{"title":"\u201eIO NATURAL ANTIOXIDANT\u201d: YPA\u010c TYRAS ALYVUOGI\u0172 ALIEJUS SU JUODU \u010cESNAKU IR LICOPENU | Espanola.lt","description":"Atraskite auk\u0161tos kokyb\u0117s ispani\u0161kus delikatesus \u2013 s\u016brius, kumpius, alyvuoges ir \u017euv\u012f. Tikras Ispanijos skonis tiesiai \u012f j\u016bs\u0173 namus.","robots":{"index":"index","follow":"follow","max-snippet":"max-snippet:-1","max-image-preview":"max-image-preview:large","max-video-preview":"max-video-preview:-1"},"canonical":"https:\/\/espanola.lt\/produktas\/io-natural-antioxidant-ypac-tyras-alyvuogiu-aliejus-su-juodu-cesnaku-ir-licopenu\/","og_locale":"en_US","og_type":"article","og_title":"\u201eIO NATURAL ANTIOXIDANT\u201d: YPA\u010c TYRAS ALYVUOGI\u0172 ALIEJUS SU JUODU \u010cESNAKU IR LICOPENU | Espanola.lt","og_description":"Atraskite auk\u0161tos kokyb\u0117s ispani\u0161kus delikatesus \u2013 s\u016brius, kumpius, alyvuoges ir \u017euv\u012f. Tikras Ispanijos skonis tiesiai \u012f j\u016bs\u0173 namus.","og_url":"https:\/\/espanola.lt\/produktas\/io-natural-antioxidant-ypac-tyras-alyvuogiu-aliejus-su-juodu-cesnaku-ir-licopenu\/","og_site_name":"Espanola","article_publisher":"https:\/\/www.facebook.com\/espanola.lt","article_modified_time":"2025-08-11T13:14:48+00:00","og_image":[{"width":542,"height":692,"url":"https:\/\/espanola.lt\/wp-content\/uploads\/2023\/11\/licopeno-.png","type":"image\/png"}],"twitter_card":"summary_large_image","twitter_misc":{"Est. reading time":"1 minute"},"schema":{"@context":"https:\/\/schema.org","@graph":[{"@type":"WebPage","@id":"https:\/\/espanola.lt\/produktas\/io-natural-antioxidant-ypac-tyras-alyvuogiu-aliejus-su-juodu-cesnaku-ir-licopenu\/","url":"https:\/\/espanola.lt\/produktas\/io-natural-antioxidant-ypac-tyras-alyvuogiu-aliejus-su-juodu-cesnaku-ir-licopenu\/","name":"\u201eIO NATURAL ANTIOXIDANT\u201d: YPA\u010c TYRAS ALYVUOGI\u0172 ALIEJUS SU JUODU \u010cESNAKU IR LICOPENU | Espanola.lt","isPartOf":{"@id":"https:\/\/espanola.lt\/#website"},"primaryImageOfPage":{"@id":"https:\/\/espanola.lt\/produktas\/io-natural-antioxidant-ypac-tyras-alyvuogiu-aliejus-su-juodu-cesnaku-ir-licopenu\/#primaryimage"},"image":{"@id":"https:\/\/espanola.lt\/produktas\/io-natural-antioxidant-ypac-tyras-alyvuogiu-aliejus-su-juodu-cesnaku-ir-licopenu\/#primaryimage"},"thumbnailUrl":"https:\/\/espanola.lt\/wp-content\/uploads\/2023\/11\/licopeno-.png","datePublished":"2023-11-14T08:32:01+00:00","dateModified":"2025-08-11T13:14:48+00:00","description":"Atraskite auk\u0161tos kokyb\u0117s ispani\u0161kus delikatesus \u2013 s\u016brius, kumpius, alyvuoges ir \u017euv\u012f. Tikras Ispanijos skonis tiesiai \u012f j\u016bs\u0173 namus.","breadcrumb":{"@id":"https:\/\/espanola.lt\/produktas\/io-natural-antioxidant-ypac-tyras-alyvuogiu-aliejus-su-juodu-cesnaku-ir-licopenu\/#breadcrumb"},"inLanguage":"en-US","potentialAction":[{"@type":"ReadAction","target":["https:\/\/espanola.lt\/produktas\/io-natural-antioxidant-ypac-tyras-alyvuogiu-aliejus-su-juodu-cesnaku-ir-licopenu\/"]}]},{"@type":"ImageObject","inLanguage":"en-US","@id":"https:\/\/espanola.lt\/produktas\/io-natural-antioxidant-ypac-tyras-alyvuogiu-aliejus-su-juodu-cesnaku-ir-licopenu\/#primaryimage","url":"https:\/\/espanola.lt\/wp-content\/uploads\/2023\/11\/licopeno-.png","contentUrl":"https:\/\/espanola.lt\/wp-content\/uploads\/2023\/11\/licopeno-.png","width":542,"height":692},{"@type":"BreadcrumbList","@id":"https:\/\/espanola.lt\/produktas\/io-natural-antioxidant-ypac-tyras-alyvuogiu-aliejus-su-juodu-cesnaku-ir-licopenu\/#breadcrumb","itemListElement":[{"@type":"ListItem","position":1,"name":"Home","item":"https:\/\/espanola.lt\/en\/homepage\/"},{"@type":"ListItem","position":2,"name":"Shop","item":"https:\/\/espanola.lt\/en\/shop\/"},{"@type":"ListItem","position":3,"name":"\u201eIO NATURAL ANTIOXIDANT\u201d: YPA\u010c TYRAS ALYVUOGI\u0172 ALIEJUS SU JUODU \u010cESNAKU IR LICOPENU"}]},{"@type":"WebSite","@id":"https:\/\/espanola.lt\/#website","url":"https:\/\/espanola.lt\/","name":"Espanola.lt | Tikras Ispanijos skonis \u2013 J\u016bs\u0173 namuose!","description":"","publisher":{"@id":"https:\/\/espanola.lt\/#organization"},"potentialAction":[{"@type":"SearchAction","target":{"@type":"EntryPoint","urlTemplate":"https:\/\/espanola.lt\/?s={search_term_string}"},"query-input":{"@type":"PropertyValueSpecification","valueRequired":true,"valueName":"search_term_string"}}],"inLanguage":"en-US"},{"@type":"Organization","@id":"https:\/\/espanola.lt\/#organization","name":"Espanola.lt","url":"https:\/\/espanola.lt\/","logo":{"@type":"ImageObject","inLanguage":"en-US","@id":"https:\/\/espanola.lt\/#\/schema\/logo\/image\/","url":"https:\/\/espanola.lt\/wp-content\/uploads\/2023\/03\/notext_color.png","contentUrl":"https:\/\/espanola.lt\/wp-content\/uploads\/2023\/03\/notext_color.png","width":916,"height":204,"caption":"Espanola.lt"},"image":{"@id":"https:\/\/espanola.lt\/#\/schema\/logo\/image\/"},"sameAs":["https:\/\/www.facebook.com\/espanola.lt","https:\/\/www.instagram.com\/espanola.lt\/"]}]}},"_links":{"self":[{"href":"https:\/\/espanola.lt\/en\/wp-json\/wp\/v2\/product\/23858"}],"collection":[{"href":"https:\/\/espanola.lt\/en\/wp-json\/wp\/v2\/product"}],"about":[{"href":"https:\/\/espanola.lt\/en\/wp-json\/wp\/v2\/types\/product"}],"version-history":[{"count":1,"href":"https:\/\/espanola.lt\/en\/wp-json\/wp\/v2\/product\/23858\/revisions"}],"predecessor-version":[{"id":23866,"href":"https:\/\/espanola.lt\/en\/wp-json\/wp\/v2\/product\/23858\/revisions\/23866"}],"wp:featuredmedia":[{"embeddable":true,"href":"https:\/\/espanola.lt\/en\/wp-json\/wp\/v2\/media\/23860"}],"wp:attachment":[{"href":"https:\/\/espanola.lt\/en\/wp-json\/wp\/v2\/media?parent=23858"}],"wp:term":[{"taxonomy":"product_brand","embeddable":true,"href":"https:\/\/espanola.lt\/en\/wp-json\/wp\/v2\/product_brand?post=23858"},{"taxonomy":"product_cat","embeddable":true,"href":"https:\/\/espanola.lt\/en\/wp-json\/wp\/v2\/product_cat?post=23858"},{"taxonomy":"product_tag","embeddable":true,"href":"https:\/\/espanola.lt\/en\/wp-json\/wp\/v2\/product_tag?post=23858"}],"curies":[{"name":"wp","href":"https:\/\/api.w.org\/{rel}","templated":true}]}}